{"id":265,"date":"2016-05-01T06:12:45","date_gmt":"2016-05-01T06:12:45","guid":{"rendered":"http:\/\/moverdb.com\/?page_id=265"},"modified":"2026-01-08T14:47:55","modified_gmt":"2026-01-08T14:47:55","slug":"cadogan-tate","status":"publish","type":"page","link":"https:\/\/moverdb.com\/sk\/cadogan-tate\/","title":{"rendered":"Cadogan Tate: Medzin\u00e1rodn\u00e9 s\u0165ahovanie a preprava Recenzie"},"content":{"rendered":"<p>Spolo\u010dnos\u0165 Cadogan Tate pon\u00faka svojim klientom pri s\u0165ahovan\u00ed do zahrani\u010dia. Po t\u00fdchto inform\u00e1ci\u00e1ch nasleduje profil spolo\u010dnosti a recenzie od r\u00f4znych klientov.<\/p>\n<p><strong>Osobn\u00e9 a firemn\u00e9 s\u0165ahovanie<\/strong><\/p>\n<p>Slu\u017eby riadenia s\u0165ahovania<\/p>\n<ul>\n<li> Pl\u00e1n riadenia presunu<\/li>\n<li> Balenie a vyba\u013eovanie<\/li>\n<li> Doprava a preprava<\/li>\n<li> Coln\u00e9 konanie <\/li>\n<li> Ukladanie - glob\u00e1lne pokrytie<\/li>\n<\/ul>\n<p><strong>Umeleck\u00e9 slu\u017eby a ve\u013etr\u017en\u00e9 slu\u017eby<\/strong><\/p>\n<ul>\n<li> Skladovanie, preprava a s\u0165ahovanie v\u00fdtvarn\u00e9ho umenia<\/li>\n<li> Presun v\u00fdstavn\u00fdch a ve\u013etr\u017en\u00fdch predmetov po celom svete<\/li>\n<\/ul>\n<p><strong>\u0160pecializovan\u00e9 \u00falohy<\/strong><\/p>\n<ul>\n<li> Presun kvalitn\u00fdch v\u00edn <\/li>\n<li> <a href=\"https:\/\/moverdb.com\/sk\/automobilova-doprava-a-preprava\/\">Preprava automobilov<\/a>, lode a lietadl\u00e1<\/li>\n<li> Premiest\u0148ovanie dom\u00e1cich zvierat<\/li>\n<\/ul>\n<p><strong>Slu\u017eby interi\u00e9rov\u00e9ho dizajn\u00e9ra<\/strong><\/p>\n<ul>\n<li> Celosvetov\u00fd zber a presun ak\u00e9hoko\u013evek dizajn\u00e9rskeho tovaru<\/li>\n<li> Odborne zabalen\u00e9\/obalen\u00e9 a premiestnen\u00e9 vysoko kvalifikovan\u00fdm person\u00e1lom<\/li>\n<li> Preprava a clo <\/li>\n<li> \u00dalo\u017eisko <\/li>\n<\/ul>\n<h2>Profil spolo\u010dnosti Cadogan Tate<\/h2>\n<p>Spolo\u010dnos\u0165 Cadogan Tate bola zalo\u017een\u00e1 v roku 1977 a v s\u00fa\u010dasnosti m\u00e1 kancel\u00e1rie v <a href=\"https:\/\/moverdb.com\/sk\/moving-to-london\/\">Lond\u00fdn<\/a>, <a href=\"https:\/\/moverdb.com\/sk\/moving-to-france\/moving-to-paris\/\" data-internallinksmanager029f6b8e52c=\"407\" title=\"S\u0165ahujete sa do Par\u00ed\u017ea? 2026 N\u00e1klady na b\u00fdvanie a tipy na pres\u0165ahovanie\">Par\u00ed\u017e<\/a>, Az\u00farov\u00e9 pobre\u017eie, <a href=\"https:\/\/moverdb.com\/sk\/stahovanie-do-nc\/\">New York<\/a> a <a href=\"https:\/\/moverdb.com\/sk\/stahovanie-do-los-angeles\/\">Los Angeles<\/a> S\u0165ahuj\u00fa nielen firmy a jednotlivcov po celom svete, ale s\u00fa aj odborn\u00edkmi na s\u0165ahovanie umeleck\u00fdch diel, n\u00e1bytku a dekorat\u00edvnych predmetov navrhnut\u00fdch popredn\u00fdmi svetov\u00fdmi dizajn\u00e9rmi. <\/p>\n<p>Cadogan Tate sa p\u00fd\u0161i svojimi odborn\u00fdmi znalos\u0165ami pri organizovan\u00ed ve\u013etrhov umenia, pri\u010dom berie do \u00favahy potreby organiz\u00e1torov ve\u013etrhov, n\u00e1kupcov a vystavovate\u013eov. P\u00edsan\u00fdm logom spolo\u010dnosti Cadogan Tate je \"v\u0161etko, s \u010d\u00edm sa zaobch\u00e1dza opatrne\".<br \/>\nSpolo\u010dnos\u0165 m\u00e1 dlh\u00fd zoznam afili\u00e1ci\u00ed a akredit\u00e1ci\u00ed:<\/p>\n<ul>\n<li> <a href=\"https:\/\/moverdb.com\/sk\/britska-asociacia-vyrobcov\/\">Britsk\u00e1 asoci\u00e1cia s\u0165ahova\u010dov (BAR)<\/a><\/li>\n<li> <a href=\"https:\/\/moverdb.com\/sk\/mtc\/\">Obchodn\u00fd klub Movers<\/a> (<a href=\"https:\/\/moverdb.com\/sk\/mtc\/\" data-internallinksmanager029f6b8e52c=\"30\" title=\"Vysvetlenie Movers Trading Club (MTC)\">MTC<\/a>)<\/li>\n<li> Zdru\u017eenie m\u00faze\u00ed<\/li>\n<li> Ministerstvo vn\u00fatra - <a href=\"https:\/\/moverdb.com\/sk\/moving-to-the-uk\/\" data-internallinksmanager029f6b8e52c=\"93\" title=\"S\u0165ahujete sa do Spojen\u00e9ho kr\u00e1\u013eovstva? 2022 \u017divotn\u00e9 n\u00e1klady a tipy na pres\u0165ahovanie\">UK<\/a> Hrani\u010dn\u00e1 agent\u00fara<\/li>\n<li> <a href=\"https:\/\/moverdb.com\/sk\/harmony-relocation-network\/\">Harmony Relocation Network<\/a><\/li>\n<li> <a href=\"https:\/\/moverdb.com\/sk\/som\/\">Medzin\u00e1rodn\u00e1 asoci\u00e1cia s\u0165ahovate\u013eov (IAM)<\/a><\/li>\n<li> <a href=\"https:\/\/moverdb.com\/sk\/fidi-faim\/\">FAIM<\/a><\/li>\n<li> Skupina registr\u00e1torov Spojen\u00e9ho kr\u00e1\u013eovstva<\/li>\n<li> <a href=\"https:\/\/moverdb.com\/sk\/fidi-faim\/\">Glob\u00e1lna aliancia FIDI<\/a><\/li>\n<li> Asoci\u00e1cia obchodn\u00edkov s umen\u00edm a staro\u017eitnos\u0165ami (LAPADA)<\/li>\n<li> \u0160tandard slu\u017eieb Quality Assured - komer\u010dn\u00e9 s\u0165ahovanie<\/li>\n<li> \u0160tandard kvality zabezpe\u010den\u00fdch slu\u017eieb - syst\u00e9my environment\u00e1lneho mana\u017e\u00e9rstva<\/li>\n<li> \u0160tandard slu\u017eieb Quality Assured - komer\u010dn\u00e9 s\u0165ahovanie<\/li>\n<li> \u0160tandard slu\u017eieb so z\u00e1rukou kvality - s\u0165ahovanie n\u00e1bytku do dom\u00e1cnosti<\/li>\n<li> \u0160tandard slu\u017eby Quality Assured - Zdravie pri pr\u00e1ci a syst\u00e9my riadenia<\/li>\n<li> \u0160tandard slu\u017eby Quality Assured - Syst\u00e9my riadenia kvality<\/li>\n<\/ul>\n<h2>Cadogan Tate Recenzie<\/h2>\n<p><strong>Pozit\u00edvne<\/strong><\/p>\n<ul>\n<li> \"<em>Cadogan Tate n\u00e1s nadchol. Nebola to lacn\u00e1 vo\u013eba, ale po spolupr\u00e1ci s nimi sme us\u00fadili, \u017ee st\u00e1li za ka\u017ed\u00fd cent.\" <\/em> E. Perry prostredn\u00edctvom <a href=\"http:\/\/www.reviewcentre.com\/Removal-Companies\/Cadogan-Tate-www-cadogantate-com-review_3591881\" target=\"_blank\" rel=\"noopener\">Recenzn\u00e9 centrum<\/a>\n<\/li>\n<li> \"<em>Ned\u00e1vno som si objednal z\u00e1sielku cez Cadogan Tate na s\u0165ahovanie z ju\u017enej <a href=\"https:\/\/moverdb.com\/sk\/moving-to-france\/\" data-internallinksmanager029f6b8e52c=\"315\" title=\"S\u0165ahovanie do Franc\u00fazska? 2026 N\u00e1klady na \u017eivot a tipy na pres\u0165ahovanie\">Franc\u00fazsko<\/a> do Lond\u00fdna. Bolo to perfektne zvl\u00e1dnut\u00e9.\" <\/em>Rivsalov prostredn\u00edctvom <a href=\"http:\/\/www.removalreviews.co.uk\/movingreviews\/smooth-and-efficient-with-a-professional-approach-5733\" target=\"_blank\" rel=\"noopener\">Recenzie o s\u0165ahovan\u00ed<\/a>\n<\/li>\n<\/ul>\n<p><strong>Negat\u00edvne<\/strong><\/p>\n<ul>\n<li> \"<em>Znechuten\u00fd mno\u017estvom odpadu, ktor\u00e9 t\u00e1to spolo\u010dnos\u0165 produkuje. Krabice s nekrehk\u00fdmi predmetmi, ako s\u00fa vank\u00fa\u0161e a poste\u013en\u00e1 bielize\u0148, naplnen\u00e9 po okraj \u00faplne nov\u00fdmi papierov\u00fdmi obalmi.\" <\/em>Carl Lyon prostredn\u00edctvom <a href=\"http:\/\/www.reviewcentre.com\/Removal-Companies\/Cadogan-Tate-www-cadogantate-com-review_3349791\" target=\"_blank\" rel=\"noopener\">Recenzn\u00e9 centrum<\/a>\n<\/li>\n<li> \"<em>Spolo\u010dnos\u0165 Cadogan Tate sme vyu\u017eili pri s\u0165ahovan\u00ed z Lond\u00fdna sp\u00e4\u0165 do <a href=\"https:\/\/moverdb.com\/sk\/moving-to-the-united-states\/\" data-internallinksmanager029f6b8e52c=\"94\" title=\"S\u0165ahujete sa do Spojen\u00fdch \u0161t\u00e1tov? 2022 \u017divotn\u00e9 n\u00e1klady a tipy na pres\u0165ahovanie\">US<\/a>. S\u0165ahov\u00e1ci boli ve\u013emi profesion\u00e1lni a priate\u013esk\u00ed. Av\u0161ak, zadn\u00e1 kancel\u00e1ria m\u00e1 v\u00e1\u017ene probl\u00e9my.\" <\/em> D J Skillman prostredn\u00edctvom <a href=\"http:\/\/www.removalreviews.co.uk\/movers\/cadogan-tate-311\" target=\"_blank\" rel=\"noopener\">Recenzie o s\u0165ahovan\u00ed<\/a>\n<\/li>\n<\/ul>\n<div itemprop=\"review\" itemscope itemtype=\"http:\/\/schema.org\/Review\">\n<span itemprop=\"author\" itemscope=\"\" itemtype=\"http:\/\/schema.org\/Organization\"><span itemprop=\"name\">MoverDB.com<\/span><\/span> Online preh\u013ead webov\u00fdch str\u00e1nok pre <span itemprop=\"itemreviewed\" itemscope=\"\" itemtype=\"http:\/\/schema.org\/Brand\"><span itemprop=\"name\">Cadogan Tate<\/span><\/span>:<\/p>\n<ol>\n<li> Jasn\u00e9 kontaktn\u00e9 \u00fadaje na webovej str\u00e1nke (vr\u00e1tane telef\u00f3nneho \u010d\u00edsla): <strong>\u00c1no<\/strong><\/li>\n<li> Jednoduch\u00e9 z\u00edskanie <a href=\"https:\/\/moverdb.com\/sk\/citaty\/\">cit\u00e1cie medzin\u00e1rodn\u00fdch s\u0165ahovan\u00ed<\/a>? (Online formul\u00e1r \u017eiadosti o odhad): <strong>\u00c1no<\/strong><\/li>\n<li> Jasn\u00e9 inform\u00e1cie na webovej str\u00e1nke: <strong>\u010ciasto\u010dn\u00e9.<\/strong> Webov\u00e1 str\u00e1nka neobsahuje ve\u013ea podrobn\u00fdch inform\u00e1ci\u00ed. Tie sa dod\u00e1vaj\u00fa vo f\u00e1ze pl\u00e1novania.<\/li>\n<li> \u010dlenstvo v medzin\u00e1rodn\u00fdch uzn\u00e1van\u00fdch organiz\u00e1ci\u00e1ch pohybliv\u00fdch zvierat: <strong>\u00c1no<\/strong>, pozri vy\u0161\u0161ie.<\/li>\n<li> Zoznam klientov a\/alebo referencie predch\u00e1dzaj\u00facich z\u00e1kazn\u00edkov: <strong>\u010ciasto\u010dn\u00e9.<\/strong> Na str\u00e1nke s\u00fa uveden\u00e9 pr\u00edpadov\u00e9 \u0161t\u00fadie, ktor\u00e9 opisuj\u00fa r\u00f4zne pohyby, na ktor\u00fdch nie s\u00fa \u017eiadne men\u00e1 klientov ani referencie z\u00e1kazn\u00edkov.<\/li>\n<\/ol>\n<div itemprop=\"reviewRating\" itemscope itemtype=\"http:\/\/schema.org\/Rating\"><meta itemprop=\"worstRating\" content = \"0\" \/><meta itemprop=\"bestRating\" content=\"5\" \/><meta itemprop=\"ratingValue\" content=\"4\"><\/div>\n<p><strong>Celkov\u00e9 hodnotenie: 4\/5<\/strong><br \/>\n<strong>D\u00e1tum recenzie:<\/strong> <span itemprop=\"datePublished\" content=\"2016-05-01\">01\/05\/2016<\/span>\n<\/div>\n<p>Viac o <a href=\"https:\/\/moverdb.com\/sk\/medzinarodne-stahovanie\/\">S\u0165ahovacie spolo\u010dnosti v Spojenom kr\u00e1\u013eovstve<\/a> a na\u0161e <a href=\"https:\/\/moverdb.com\/sk\/recenzie\/\">vysvetlen\u00fd proces presk\u00famania<\/a>.<\/p>\n<p><strong>Webov\u00e1 lokalita:<\/strong> <a href=\"https:\/\/www.cadogantate.com\/en\" target=\"_blank\" rel=\"noopener\">https:\/\/www.cadogantate.com\/en<\/a><\/p>","protected":false},"excerpt":{"rendered":"<p>Cadogan Tate offer their clients the following for their move abroad. This information is followed by a company profile and reviews from various clients. Personal and Corporate Moves Move Management Services Move management plan Packing and unpacking Transportation and shipping Customs clearance Storage &#8211; Global coverage Art Services and Fair Services Fine art storage, shipping [&hellip;]<\/p>\n","protected":false},"author":1,"featured_media":0,"parent":0,"menu_order":0,"comment_status":"closed","ping_status":"closed","template":"","meta":{"_genesis_hide_title":false,"_genesis_hide_breadcrumbs":false,"_genesis_hide_singular_image":false,"_genesis_hide_footer_widgets":false,"_genesis_custom_body_class":"","_genesis_custom_post_class":"","_genesis_layout":"","footnotes":""},"class_list":{"0":"post-265","1":"page","2":"type-page","3":"status-publish","5":"entry"},"_links":{"self":[{"href":"https:\/\/moverdb.com\/sk\/wp-json\/wp\/v2\/pages\/265","targetHints":{"allow":["GET"]}}],"collection":[{"href":"https:\/\/moverdb.com\/sk\/wp-json\/wp\/v2\/pages"}],"about":[{"href":"https:\/\/moverdb.com\/sk\/wp-json\/wp\/v2\/types\/page"}],"author":[{"embeddable":true,"href":"https:\/\/moverdb.com\/sk\/wp-json\/wp\/v2\/users\/1"}],"replies":[{"embeddable":true,"href":"https:\/\/moverdb.com\/sk\/wp-json\/wp\/v2\/comments?post=265"}],"version-history":[{"count":17,"href":"https:\/\/moverdb.com\/sk\/wp-json\/wp\/v2\/pages\/265\/revisions"}],"predecessor-version":[{"id":6190,"href":"https:\/\/moverdb.com\/sk\/wp-json\/wp\/v2\/pages\/265\/revisions\/6190"}],"wp:attachment":[{"href":"https:\/\/moverdb.com\/sk\/wp-json\/wp\/v2\/media?parent=265"}],"curies":[{"name":"wp","href":"https:\/\/api.w.org\/{rel}","templated":true}]}}