{"id":225,"date":"2016-03-28T16:58:52","date_gmt":"2016-03-28T16:58:52","guid":{"rendered":"http:\/\/moverdb.com\/?page_id=225"},"modified":"2026-01-08T14:47:25","modified_gmt":"2026-01-08T14:47:25","slug":"o","status":"publish","type":"page","link":"https:\/\/moverdb.com\/sk\/about\/","title":{"rendered":"O str\u00e1nke"},"content":{"rendered":"<p>MoverDB.com bol vytvoren\u00fd s cie\u013eom poskytn\u00fa\u0165 v\u00e1m objekt\u00edvne inform\u00e1cie o <a href=\"https:\/\/moverdb.com\/sk\/moving-companies\/\" data-internallinksmanager029f6b8e52c=\"79\" title=\"Top 25 medzin\u00e1rodn\u00fdch s\u0165ahovac\u00edch spolo\u010dnost\u00ed online\">medzin\u00e1rodn\u00e9 s\u0165ahovacie spolo\u010dnosti<\/a> a n\u00e1klady spojen\u00e9 so s\u0165ahovan\u00edm do zahrani\u010dia. <\/p>\n<p>Aby sme v\u00e1m pomohli, vytvorili sme nieko\u013eko praktick\u00fdch pr\u00edru\u010diek, ktor\u00e9 v\u00e1m pom\u00f4\u017eu za\u010da\u0165. M\u00f4\u017eete sa dozvedie\u0165 o:<\/p>\n<ul>\n<li> <a href=\"https:\/\/moverdb.com\/sk\/kontajnerova-preprava\/\">Sadzby medzin\u00e1rodnej kontajnerovej prepravy<\/a><\/li>\n<li> <a href=\"https:\/\/moverdb.com\/sk\/stahovacie-spolocnosti\/\">Top 25 medzin\u00e1rodn\u00fdch s\u0165ahovac\u00edch spolo\u010dnost\u00ed online<\/a><\/li>\n<li> <a href=\"https:\/\/moverdb.com\/sk\/prepravne-spolocnosti\/\">20 najlep\u0161\u00edch medzin\u00e1rodn\u00fdch prepravn\u00fdch spolo\u010dnost\u00ed<\/a><\/li>\n<li> <a href=\"https:\/\/moverdb.com\/sk\/medzinarodne-stahovanie\/\">Medzin\u00e1rodn\u00e9 s\u0165ahovanie: 12 najlep\u0161\u00edch spolo\u010dnost\u00ed v Spojenom kr\u00e1\u013eovstve<\/a><\/li>\n<li> <a href=\"https:\/\/moverdb.com\/sk\/naklady-na-stahovanie\/\">N\u00e1klady na medzin\u00e1rodn\u00e9 s\u0165ahovanie: 9 vec\u00ed, ktor\u00e9 nem\u00f4\u017eete ignorova\u0165<\/a><\/li>\n<li> <a href=\"https:\/\/moverdb.com\/sk\/zasielatelstvo\/\">Sprievodca medzin\u00e1rodn\u00fdmi n\u00e1kladmi a spolo\u010dnos\u0165ami zasielate\u013estva a NVOCC<\/a><\/li>\n<li> <a href=\"https:\/\/moverdb.com\/sk\/citaty\/\">Medzin\u00e1rodn\u00e9 s\u0165ahovanie cit\u00e1cie: 12 sp\u00f4sobov, ako porovna\u0165 prepravcu<\/a><\/li>\n<\/ul>\n<p>Za zmienku stoj\u00ed aj to, \u017ee pomocou formul\u00e1ra v hornej \u010dasti str\u00e1nky m\u00f4\u017eete po\u017eiada\u0165 o cenov\u00fa ponuku a\u017e od 6 medzin\u00e1rodn\u00fdch s\u0165ahovac\u00edch spolo\u010dnost\u00ed. Spolupracovali sme so <a href=\"https:\/\/moverdb.com\/sk\/international-removals\/\" data-internallinksmanager029f6b8e52c=\"27\" title=\"36 najlep\u0161\u00edch medzin\u00e1rodn\u00fdch s\u0165ahovac\u00edch spolo\u010dnost\u00ed v Spojenom kr\u00e1\u013eovstve\">Medzin\u00e1rodn\u00e9 s\u0165ahovanie<\/a> Direct, aby sme v\u00e1m pomohli n\u00e1js\u0165 tie najlep\u0161ie spolo\u010dnosti na svete. <\/p>\n<p>Ak by ste na na\u0161ej str\u00e1nke chceli nie\u010do vidie\u0165, nev\u00e1hajte a <a href=\"https:\/\/moverdb.com\/sk\/kontakt-us\/\">kontaktujte n\u00e1s<\/a>.<\/p>","protected":false},"excerpt":{"rendered":"<p>MoverDB.com was set-up to give you unbiased information about international moving companies and the costs associated with moving overseas. To help you we&#8217;ve created some handy guides to get you started. You can find out about: International Container Shipping Rates Top 25 International Moving Companies Online Top 20 International Shipping Companies International Removals: Top 12 [&hellip;]<\/p>\n","protected":false},"author":1,"featured_media":0,"parent":0,"menu_order":0,"comment_status":"closed","ping_status":"closed","template":"","meta":{"_genesis_hide_title":false,"_genesis_hide_breadcrumbs":false,"_genesis_hide_singular_image":false,"_genesis_hide_footer_widgets":false,"_genesis_custom_body_class":"","_genesis_custom_post_class":"","_genesis_layout":"","footnotes":""},"class_list":{"0":"post-225","1":"page","2":"type-page","3":"status-publish","5":"entry"},"_links":{"self":[{"href":"https:\/\/moverdb.com\/sk\/wp-json\/wp\/v2\/pages\/225","targetHints":{"allow":["GET"]}}],"collection":[{"href":"https:\/\/moverdb.com\/sk\/wp-json\/wp\/v2\/pages"}],"about":[{"href":"https:\/\/moverdb.com\/sk\/wp-json\/wp\/v2\/types\/page"}],"author":[{"embeddable":true,"href":"https:\/\/moverdb.com\/sk\/wp-json\/wp\/v2\/users\/1"}],"replies":[{"embeddable":true,"href":"https:\/\/moverdb.com\/sk\/wp-json\/wp\/v2\/comments?post=225"}],"version-history":[{"count":4,"href":"https:\/\/moverdb.com\/sk\/wp-json\/wp\/v2\/pages\/225\/revisions"}],"predecessor-version":[{"id":5337,"href":"https:\/\/moverdb.com\/sk\/wp-json\/wp\/v2\/pages\/225\/revisions\/5337"}],"wp:attachment":[{"href":"https:\/\/moverdb.com\/sk\/wp-json\/wp\/v2\/media?parent=225"}],"curies":[{"name":"wp","href":"https:\/\/api.w.org\/{rel}","templated":true}]}}