{"id":1684,"date":"2017-02-23T19:16:05","date_gmt":"2017-02-23T19:16:05","guid":{"rendered":"http:\/\/moverdb.com\/?page_id=1684"},"modified":"2026-01-08T14:45:54","modified_gmt":"2026-01-08T14:45:54","slug":"1-800-pack-rat","status":"publish","type":"page","link":"https:\/\/moverdb.com\/sk\/1-800-pack-rat\/","title":{"rendered":"1-800-Pack-Rat - Medzin\u00e1rodn\u00e9 s\u0165ahovanie"},"content":{"rendered":"<p>Spolo\u010dnos\u0165 1-800-Pack-Rat pon\u00faka svojim z\u00e1kazn\u00edkom jednoduch\u00fa mo\u017enos\u0165 s\u0165ahovania. Podrobnosti s\u00fa uveden\u00e9 ni\u017e\u0161ie spolu s profilom spolo\u010dnosti a recenziami.<\/p>\n<p><strong>S\u0165ahovanie na dlh\u00e9 vzdialenosti a miestne s\u0165ahovanie<\/strong><\/p>\n<ul>\n<li> Dodanie kontajnera aspo\u0148 30 dn\u00ed pred s\u0165ahovan\u00edm<\/li>\n<li> Vlastn\u00e9 balenie kontajnera alebo zamestnanie profesion\u00e1lnych bali\u010dov<\/li>\n<li> Bezplatn\u00fd z\u00e1mok kontajnera bez rezu<\/li>\n<li> Bezplatn\u00e1 ochrana obsahu $10 000<\/li>\n<li> Mo\u017enos\u0165 dlh\u00e9ho a kr\u00e1tkeho skladovania<\/li>\n<li> Zber kontajnerov a ich doru\u010denie na miesto ur\u010denia<\/li>\n<\/ul>\n<p><strong>Vojensk\u00e9 pohyby<\/strong><\/p>\n<ul>\n<li> Vojensk\u00fd person\u00e1l si m\u00f4\u017ee vybra\u0165 osobne obstaran\u00fd presun (PPM)<\/li>\n<li> Vl\u00e1da uhrad\u00ed 95% odborn\u00fdch <a href=\"https:\/\/moverdb.com\/sk\/naklady-na-stahovanie\/\">n\u00e1klady na s\u0165ahovanie<\/a><\/li>\n<li> Kontajner doru\u010den\u00fd a\u017e ku dver\u00e1m<\/li>\n<li> 30 alebo viac dn\u00ed na zabalenie<\/li>\n<li> <a href=\"https:\/\/moverdb.com\/sk\/kontajnerova-preprava\/\">Kontajnerov\u00e1 doprava<\/a> na nov\u00e9 miesto<\/li>\n<\/ul>\n<p><strong>\u00dalo\u017eisko<\/strong><\/p>\n<ul>\n<li> nepretr\u017eit\u00fd video doh\u013ead<\/li>\n<li> Automatick\u00e9 postrekova\u010de<\/li>\n<li> Riaden\u00e1 kl\u00edma<\/li>\n<li> Jednoduch\u00fd pr\u00edstup na miesto<\/li>\n<li> \u017diadne probl\u00e9my s doru\u010den\u00edm<\/li>\n<\/ul>\n<p><strong>Pou\u017e\u00edvanie kontajnera<\/strong><\/p>\n<ul>\n<li> Obnova a san\u00e1cia<\/li>\n<li> Slu\u017eby dod\u00e1vate\u013ea<\/li>\n<li> Sez\u00f3nne skladovanie<\/li>\n<li> Realitn\u00e9 slu\u017eby<\/li>\n<li> Pomoc pri katastrof\u00e1ch<\/li>\n<li> Ukladanie udalost\u00ed<\/li>\n<li> Maloobchodn\u00e9 a komer\u010dn\u00e9 skladovanie<\/li>\n<li> Pois\u0165ovne<\/li>\n<li> Pres\u0165ahovanie spolo\u010dnosti alebo arm\u00e1dy<\/li>\n<li> Rie\u0161enia pre n\u00e1kladn\u00fa dopravu a logistiku<\/li>\n<\/ul>\n<h2>Profil spolo\u010dnosti 1-800-Pack-Rat<\/h2>\n<p>Spolo\u010dnos\u0165 1-800-Pack-Rat m\u00e1 mno\u017estvo prev\u00e1dzok v <a href=\"https:\/\/moverdb.com\/sk\/moving-to-the-united-states\/\" data-internallinksmanager029f6b8e52c=\"94\" title=\"S\u0165ahujete sa do Spojen\u00fdch \u0161t\u00e1tov? 2022 \u017divotn\u00e9 n\u00e1klady a tipy na pres\u0165ahovanie\">Spojen\u00e9 \u0161t\u00e1ty americk\u00e9<\/a> a <a href=\"https:\/\/moverdb.com\/sk\/moving-to-canada\/\" data-internallinksmanager029f6b8e52c=\"265\" title=\"S\u0165ahovanie do Kanady? 2026 N\u00e1klady na b\u00fdvanie a tipy na pres\u0165ahovanie\">Kanada<\/a>. Spolo\u010dnos\u0165 m\u00e1 viac ako 10 rokov sk\u00fasenost\u00ed so skladovan\u00edm a s\u0165ahovan\u00edm \u013eud\u00ed a firiem na lok\u00e1lnej i dia\u013ekovej \u00farovni.<\/p>\n<p>Spolo\u010dnos\u0165 1-800-Pack-Rat m\u00e1 tieto akredit\u00e1cie a pridru\u017eenia:<\/p>\n<ul>\n<li> Na webovej str\u00e1nke nie s\u00fa uveden\u00e9 \u017eiadne, hoci <a href=\"https:\/\/moverdb.com\/sk\/som\/\" target=\"_blank\" rel=\"noopener\">Medzin\u00e1rodn\u00e1 asoci\u00e1cia s\u0165ahovate\u013eov<\/a> ich uv\u00e1dza vo svojom adres\u00e1ri \u010dlenov.<\/li>\n<\/ul>\n<h2>1-800-Pack-Rat Recenzie<\/h2>\n<p><strong>Pozit\u00edvne:<\/strong><\/p>\n<ul>\n<li> <em>\"Bolo \u00fa\u017easn\u00e9, \u017ee sme sa nemuseli stara\u0165 o tento aspekt n\u00e1\u0161ho pres\u0165ahovania. Cel\u00e1 sk\u00fasenos\u0165 od m\u00f4jho prv\u00e9ho telefon\u00e1tu, cez z\u00edskanie konkuren\u010dn\u00fdch pon\u00fak, online pl\u00e1novanie, automatick\u00fa platbu a\u017e po jednanie s kompetentn\u00fdm a priate\u013esk\u00fdm person\u00e1lom, ke\u010f som mal ot\u00e1zky, bola bez stresu. E\u0161te som nedokon\u010dil vyba\u013eovanie, ale zatia\u013e je v\u0161etko v poriadku, ke\u010f moje veci dorazia v poriadku.\"<\/em> - Heather prostredn\u00edctvom <a href=\"https:\/\/www.1800packrat.com\/reviews\" target=\"_blank\" rel=\"noopener\">svedectvo z\u00e1kazn\u00edka<\/a><\/li>\n<li> <em>\"V\u0161etky na\u0161e veci sme s\u0165ahovali so spolo\u010dnos\u0165ou 1-800-PACK-RAT a sk\u00fasenosti boli skvel\u00e9. Boli n\u00e1m k dispoz\u00edcii v pr\u00edpade ot\u00e1zok, dokonca aj v noci, a boli zdvoril\u00ed a priate\u013esk\u00ed. Dodr\u017eali v\u0161etky term\u00edny, umo\u017enili n\u00e1m, aby sme si veci zbalili sami v priebehu nieko\u013ek\u00fdch dn\u00ed, a potom ich do 10 dn\u00ed odviezli na na\u0161e nov\u00e9 miesto.\"<\/em> - prostredn\u00edctvom <a href=\"https:\/\/uk.trustpilot.com\/reviews\/58acb46d883cc60a283ce37e\" target=\"_blank\" rel=\"noopener\">TrustPilot<\/a><\/li>\n<li> <em>\"Ned\u00e1vno som sa pres\u0165ahoval na dlh\u00fa vzdialenos\u0165 z <a href=\"https:\/\/moverdb.com\/sk\/moving-to-the-united-states\/moving-to-california\/\" data-internallinksmanager029f6b8e52c=\"330\" title=\"S\u0165ahovanie do Kalifornie? 2026 N\u00e1klady na b\u00fdvanie a tipy na pres\u0165ahovanie\">Kalifornia<\/a> na <a href=\"https:\/\/moverdb.com\/sk\/moving-to-the-united-states\/moving-to-florida\/\" data-internallinksmanager029f6b8e52c=\"331\" title=\"S\u0165ahovanie na Floridu? 2026 N\u00e1klady na b\u00fdvanie a tipy na pres\u0165ahovanie\">Florida<\/a> pomocou \u00falo\u017eiska Pack Rat. A pou\u017eijem ich znova, boli na\u010das od vylo\u017eenia po doru\u010denie a Pack Rat boli lacnej\u0161\u00ed ako PODS.\"<\/em> - Paul prostredn\u00edctvom <a href=\"https:\/\/www.yelp.co.uk\/biz\/1-800-pack-rat-tampa?hrid=sQKUV3MPkChipe8OJiZIcQ&#038;utm_campaign=www_review_share_popup&#038;utm_medium=copy_link&#038;utm_source=(direct)\" target=\"_blank\" rel=\"noopener\">Yelp<\/a><\/li>\n<\/ul>\n<p><strong>Negat\u00edvne:<\/strong><\/p>\n<ul>\n<li> <em>\"S\u00fa no\u010dnou morou. Nikto tam nevie, \u010do rob\u00ed ten druh\u00fd.\"<\/em> - Mia prostredn\u00edctvom <a href=\"https:\/\/www.yelp.com\/biz\/1-800-pack-rat-fremont?hrid=YhOaE8BWuhGeu6UpKuLVVQ&#038;utm_campaign=www_review_share_popup&#038;utm_medium=copy_link&#038;utm_source=(direct)\" target=\"_blank\" rel=\"noopener\">Yelp<\/a><\/li>\n<li> <em>\"Neboli schopn\u00ed, alebo sk\u00f4r ochotn\u00ed, doru\u010di\u0165 modul a\u017e ku mne domov. Vodi\u010d ni\u010d nezmeral. Bol tam 2 min\u00faty a odi\u0161iel. Ke\u010f som zavolal na z\u00e1kazn\u00edcky servis, boli tak neuverite\u013ene drz\u00ed!\"<\/em> - Leila prostredn\u00edctvom <a href=\"https:\/\/www.bbb.org\/boston\/business-reviews\/storage-units-household-and-commercial\/1-800-pack-rat-in-foxboro-ma-116673\/reviews-and-complaints\" target=\"_blank\" rel=\"noopener\">BBB.org<\/a><\/li>\n<li> <em>\"Tak nahnevan\u00fd s 1-800-PackRat\"<\/em> - prostredn\u00edctvom <a href=\"https:\/\/www.pissedconsumer.com\/company\/1800-pack-rat\/so-angry-with-1-800-packrat-20161024942159.html\" target=\"_blank\" rel=\"noopener\">Na\u0161tvan\u00fd spotrebite\u013e<\/a><\/li>\n<\/ul>\n<div itemprop=\"review\" itemscope itemtype=\"http:\/\/schema.org\/Review\">\n<span itemprop=\"author\" itemscope=\"\" itemtype=\"http:\/\/schema.org\/Organization\"><span itemprop=\"name\">MoverDB.com<\/span><\/span> Online preh\u013ead webov\u00fdch str\u00e1nok pre <span itemprop=\"itemreviewed\" itemscope=\"\" itemtype=\"http:\/\/schema.org\/Brand\"><span itemprop=\"name\">1-800-Pack-Rat<\/span><\/span>:<\/p>\n<ol>\n<li> Jasn\u00e9 kontaktn\u00e9 \u00fadaje na webovej str\u00e1nke (vr\u00e1tane telef\u00f3nneho \u010d\u00edsla): <strong>\u00c1no<\/strong><\/li>\n<li> Jednoduch\u00e9 z\u00edskanie <a href=\"https:\/\/moverdb.com\/sk\/citaty\/\">s\u0165ahovanie cit\u00e1cie<\/a>? (Online formul\u00e1r \u017eiadosti o odhad): <strong>\u00c1no<\/strong><\/li>\n<li> Jasn\u00e9 inform\u00e1cie na webovej str\u00e1nke: <strong>\u00c1no,<\/strong> Na webovej str\u00e1nke s\u00fa jasne uveden\u00e9 v\u0161etky slu\u017eby, ktor\u00e9 spolo\u010dnos\u0165 pon\u00faka.<\/li>\n<li> \u010dlenstvo v medzin\u00e1rodn\u00fdch uzn\u00e1van\u00fdch organiz\u00e1ci\u00e1ch pohybliv\u00fdch zvierat: <strong>\u00c1no<\/strong>, ale nie s\u00fa uveden\u00e9 na webovej str\u00e1nke.<\/li>\n<li> Zoznam klientov a\/alebo referencie predch\u00e1dzaj\u00facich z\u00e1kazn\u00edkov: <strong>\u00c1no,<\/strong> ale recenzie zo zvy\u0161ku internetu s\u00fa ve\u013emi zmie\u0161an\u00e9.<\/li>\n<\/ol>\n<div itemprop=\"reviewRating\" itemscope itemtype=\"http:\/\/schema.org\/Rating\"><meta itemprop=\"worstRating\" content = \"0\" \/><meta itemprop=\"bestRating\" content=\"5\" \/><meta itemprop=\"ratingValue\" content=\"4\"><\/div>\n<p><strong>Celkov\u00e9 hodnotenie: 4\/5<\/strong><br \/>\n<strong>D\u00e1tum recenzie:<\/strong> <span itemprop=\"datePublished\" content=\"2017-02-23\">23\/02\/2017<\/span>\n<\/div>\n<p>Pre\u010d\u00edtajte si viac o <a href=\"https:\/\/moverdb.com\/sk\/stahovacie-spolocnosti\/\">medzin\u00e1rodn\u00ed s\u0165ahov\u00e1ci<\/a> a na\u0161e <a href=\"https:\/\/moverdb.com\/sk\/recenzie\/\">proces presk\u00famania<\/a>.<\/p>\n<p><strong>Webov\u00e1 lokalita:<\/strong> <a href=\"https:\/\/www.1800packrat.com\/\" target=\"_blank\" rel=\"noopener\">https:\/\/www.1800packrat.com\/<\/a><\/p>","protected":false},"excerpt":{"rendered":"<p>1-800-Pack-Rat offers its customers an easy option when it comes to moving. The details are listed below, together with a company profile and reviews. Long Distance and Local Moves Deliver container at least 30 days prior to moving Self-pack container or employ professional packers Complimentary no-cut container lock Complimentary $10,000 contents protection Long and short [&hellip;]<\/p>\n","protected":false},"author":1,"featured_media":0,"parent":0,"menu_order":0,"comment_status":"closed","ping_status":"closed","template":"","meta":{"_genesis_hide_title":false,"_genesis_hide_breadcrumbs":false,"_genesis_hide_singular_image":false,"_genesis_hide_footer_widgets":false,"_genesis_custom_body_class":"","_genesis_custom_post_class":"","_genesis_layout":"","footnotes":""},"class_list":{"0":"post-1684","1":"page","2":"type-page","3":"status-publish","5":"entry"},"_links":{"self":[{"href":"https:\/\/moverdb.com\/sk\/wp-json\/wp\/v2\/pages\/1684","targetHints":{"allow":["GET"]}}],"collection":[{"href":"https:\/\/moverdb.com\/sk\/wp-json\/wp\/v2\/pages"}],"about":[{"href":"https:\/\/moverdb.com\/sk\/wp-json\/wp\/v2\/types\/page"}],"author":[{"embeddable":true,"href":"https:\/\/moverdb.com\/sk\/wp-json\/wp\/v2\/users\/1"}],"replies":[{"embeddable":true,"href":"https:\/\/moverdb.com\/sk\/wp-json\/wp\/v2\/comments?post=1684"}],"version-history":[{"count":3,"href":"https:\/\/moverdb.com\/sk\/wp-json\/wp\/v2\/pages\/1684\/revisions"}],"predecessor-version":[{"id":6165,"href":"https:\/\/moverdb.com\/sk\/wp-json\/wp\/v2\/pages\/1684\/revisions\/6165"}],"wp:attachment":[{"href":"https:\/\/moverdb.com\/sk\/wp-json\/wp\/v2\/media?parent=1684"}],"curies":[{"name":"wp","href":"https:\/\/api.w.org\/{rel}","templated":true}]}}