{"id":1680,"date":"2017-01-25T11:25:11","date_gmt":"2017-01-25T11:25:11","guid":{"rendered":"http:\/\/moverdb.com\/?page_id=1680"},"modified":"2026-01-08T14:47:26","modified_gmt":"2026-01-08T14:47:26","slug":"agility","status":"publish","type":"page","link":"https:\/\/moverdb.com\/sk\/agility\/","title":{"rendered":"Agility - Medzin\u00e1rodn\u00e9 s\u0165ahovanie a preprava Recenzie"},"content":{"rendered":"<p>Agility je najv\u00e4\u010d\u0161ia logistick\u00e1 a <a href=\"https:\/\/moverdb.com\/sk\/moving-companies\/\" data-internallinksmanager029f6b8e52c=\"79\" title=\"Top 25 medzin\u00e1rodn\u00fdch s\u0165ahovac\u00edch spolo\u010dnost\u00ed online\">s\u0165ahovacia spolo\u010dnos\u0165<\/a> na Bl\u00edzkom v\u00fdchode. Svojim z\u00e1kazn\u00edkom pon\u00faka \u0161irok\u00fa \u0161k\u00e1lu slu\u017eieb, ktor\u00e9 s\u00fa uveden\u00e9 ni\u017e\u0161ie spolu s profilom spolo\u010dnosti a recenziami. <strong>Upozor\u0148ujeme, \u017ee spolo\u010dnos\u0165 Agility neprepravuje tovar pre dom\u00e1cnos\u0165 ani osobn\u00e9 veci pre jednotlivcov.<\/strong>.<\/p>\n<p><strong>Medzin\u00e1rodn\u00e9 s\u0165ahovanie<\/strong><\/p>\n<ul>\n<li> Slu\u017eba od dver\u00ed k dver\u00e1m<\/li>\n<li> N\u00e1morn\u00e1 alebo leteck\u00e1 preprava<\/li>\n<li> Odborn\u00e9 baliace slu\u017eby<\/li>\n<li> Odborn\u00e1 slu\u017eba vyba\u013eovania<\/li>\n<li> Odstra\u0148ovanie sut\u00edn<\/li>\n<li> Rie\u0161enie ot\u00e1zok t\u00fdkaj\u00facich sa coln\u00e9ho sprostredkovania a coln\u00e9ho konania<\/li>\n<li> Doh\u013ead nad nakladan\u00edm \u0161peci\u00e1lnych kontajnerov na mieste<\/li>\n<li> Dlhodob\u00e9 a kr\u00e1tkodob\u00e9 skladovanie<\/li>\n<li> Poistenie<\/li>\n<li> \u0160pecializovan\u00e9 prepravky<\/li>\n<li> Servis spotrebi\u010dov<\/li>\n<li> Slu\u017eba \u00fadr\u017eb\u00e1ra<\/li>\n<li> Elektrik\u00e1r<\/li>\n<li> Demont\u00e1\u017e a op\u00e4tovn\u00e1 mont\u00e1\u017e n\u00e1bytku a tovaru<\/li>\n<li> \u0160peci\u00e1lna manipul\u00e1cia s ve\u013ek\u00fdmi a\/alebo krehk\u00fdmi predmetmi<\/li>\n<\/ul>\n<p><strong>Skladovanie a distrib\u00facia<\/strong><\/p>\n<ul>\n<li> Komplexn\u00fd mana\u017ement<\/li>\n<li> Cestn\u00e1, leteck\u00e1 a n\u00e1morn\u00e1 n\u00e1kladn\u00e1 doprava<\/li>\n<li> Flexibilita ve\u013ekosti a typu zariadenia<\/li>\n<li> Riadenie komplexn\u00e9ho pl\u00e1novania a dop\u013a\u0148ania z\u00e1sob<\/li>\n<\/ul>\n<p><strong>Priemyseln\u00e9 rie\u0161enia<\/strong><\/p>\n<ul>\n<li> Pohyby v automobilovom priemysle<\/li>\n<li> Bezpe\u010dn\u00e9 a spo\u013eahliv\u00e9 chemick\u00e9 pohyby<\/li>\n<li> Spotrebn\u00fd tovar<\/li>\n<li> Presun medzin\u00e1rodn\u00fdch organiz\u00e1ci\u00ed, vl\u00e1d, humanit\u00e1rnych skup\u00edn a arm\u00e1dy<\/li>\n<li> Priemyseln\u00e9 presuny<\/li>\n<li> Ropn\u00e9 a plynov\u00e9 logistick\u00e9 rie\u0161enia<\/li>\n<li> Dod\u00e1vate\u013esk\u00fd re\u0165azec v oblasti farmaceutick\u00fdch a biologick\u00fdch vied<\/li>\n<li> Technol\u00f3gia<\/li>\n<li> Pohyby na ve\u013etrhoch a podujatiach<\/li>\n<\/ul>\n<h2>Profil spolo\u010dnosti Agility<\/h2>\n<p>Agility je glob\u00e1lna logistick\u00e1 spolo\u010dnos\u0165 so s\u00eddlom v Sulajbii, <a href=\"https:\/\/moverdb.com\/sk\/moving-to-kuwait\/\" data-internallinksmanager029f6b8e52c=\"354\" title=\"S\u0165ahovanie do Kuvajtu? 2026 N\u00e1klady na b\u00fdvanie a tipy na pres\u0165ahovanie\">Kuvajt<\/a>. Spolo\u010dnos\u0165 Agility poskytuje slu\u017eby spolo\u010dnostiam, vl\u00e1dam, humanit\u00e1rnym agent\u00faram, arm\u00e1de a medzin\u00e1rodn\u00fdm organiz\u00e1ci\u00e1m t\u00fdm, \u017ee zabezpe\u010duje prepravu, skladovanie, <a href=\"https:\/\/moverdb.com\/sk\/zasielatelstvo\/\">zasielate\u013estvo<\/a> a logistick\u00e9 rie\u0161enia. Spolo\u010dnos\u0165 zamestn\u00e1va viac ako 22 000 \u013eud\u00ed a m\u00e1 viac ako 500 pobo\u010diek rozmiestnen\u00fdch v 100 krajin\u00e1ch.<\/p>\n<p>Spolo\u010dnos\u0165 Agility za\u010dala svoju \u010dinnos\u0165 v roku 1979 ako kuvajtsk\u00e1 \u0161t\u00e1tna spolo\u010dnos\u0165 Public Warehousing Co. V roku 1997 bola spolo\u010dnos\u0165 sprivatizovan\u00e1 a jej predsedom sa stal Tarek Sultan Al Essa. Spolo\u010dnos\u0165 Agility sa rozhodla prenikn\u00fa\u0165 na nevyu\u017eit\u00e9 trhy, ako s\u00fa Afrika, \u00c1zia, Bl\u00edzky v\u00fdchod a Latinsk\u00e1 Amerika. Spolo\u010dnos\u0165 r\u00fdchlo expandovala a k\u00fapila viac ako 40 logistick\u00fdch spolo\u010dnost\u00ed a akt\u00edv po celom svete. <\/p>\n<p>Do roku 2004 bola spolo\u010dnos\u0165 Agility najv\u00e4\u010d\u0161\u00edm poskytovate\u013eom logistick\u00fdch slu\u017eieb na Bl\u00edzkom v\u00fdchode. A\u017e v roku 2006 sa spolo\u010dnos\u0165 PWC stala zn\u00e1mou ako Agility s nov\u00fdm sloganom \"Nov\u00fd logistick\u00fd l\u00edder\".<\/p>\n<p>Spolo\u010dnos\u0165 Agility m\u00e1 dve obchodn\u00e9 odvetvia - Agility Global Integrated Logistics a Agility Infrastructure. Prv\u00e1 z nich poskytuje svojim klientom rie\u0161enia dod\u00e1vate\u013esk\u00e9ho re\u0165azca. Spolo\u010dnos\u0165 Agility uskuto\u010dnila 2,14 mili\u00f3na z\u00e1sielok a poskytuje slu\u017eby 60 500 klientom. Spolo\u010dnos\u0165 prepravila 372 700 ton leteck\u00e9ho n\u00e1kladu a 513 100 TEU leteck\u00e9ho n\u00e1kladu. Agility Infrastructure pom\u00e1ha rozv\u00edjaj\u00facim sa trhom s probl\u00e9mami s\u00favisiacimi s logistikou.<\/p>\n<p>Spolo\u010dnos\u0165 Agility poskytuje pro bono logistick\u00fa podporu v pr\u00edpade humanit\u00e1rnych katastrof. Jej zamestnanci tie\u017e podporuj\u00fa miestne komunity<br \/>\n.<br \/>\nSpolo\u010dnos\u0165 Agility m\u00e1 tieto afili\u00e1cie a akredit\u00e1cie:<\/p>\n<ul>\n<li> Nie je uveden\u00e9 na webovej str\u00e1nke<\/li>\n<\/ul>\n<h2>Agility Moving Recenzie<\/h2>\n<p><em>Upozor\u0148ujeme, \u017ee v \u010dase p\u00edsania tohto \u010dl\u00e1nku sme na internete nena\u0161li \u017eiadne recenzie na s\u0165ahovacie slu\u017eby spolo\u010dnosti Agility.<\/em> <\/p>\n<div itemprop=\"review\" itemscope itemtype=\"http:\/\/schema.org\/Review\">\n<span itemprop=\"author\" itemscope=\"\" itemtype=\"http:\/\/schema.org\/Organization\"><span itemprop=\"name\">MoverDB.com<\/span><\/span> Online preh\u013ead webov\u00fdch str\u00e1nok pre <span itemprop=\"itemreviewed\" itemscope=\"\" itemtype=\"http:\/\/schema.org\/Brand\"><span itemprop=\"name\">Agility Moving<\/span><\/span>:<\/p>\n<ol>\n<li> Jasn\u00e9 kontaktn\u00e9 \u00fadaje na webovej str\u00e1nke (vr\u00e1tane telef\u00f3nneho \u010d\u00edsla): <strong>\u00c1no<\/strong><\/li>\n<li> Jednoduch\u00e9 z\u00edskanie <a href=\"https:\/\/moverdb.com\/sk\/citaty\/\">medzin\u00e1rodn\u00e9 s\u0165ahovanie cit\u00e1cie<\/a>? (Online formul\u00e1r \u017eiadosti o odhad): <strong>\u00c1no<\/strong><\/li>\n<li> Jasn\u00e9 inform\u00e1cie na webovej str\u00e1nke: <strong>\u00c1no,<\/strong> Zoznam slu\u017eieb, ktor\u00e9 pon\u00fakaj\u00fa.<\/li>\n<li> \u010dlenstvo v medzin\u00e1rodn\u00fdch uzn\u00e1van\u00fdch organiz\u00e1ci\u00e1ch pohybliv\u00fdch zvierat: <strong>Nie je uveden\u00e9 na webovej str\u00e1nke<\/strong><\/li>\n<li> Zoznam klientov a\/alebo referencie predch\u00e1dzaj\u00facich z\u00e1kazn\u00edkov. <strong>\u00c1no,<\/strong> Na webovej str\u00e1nke n\u00e1jdete podrobn\u00e9 opisy r\u00f4znych \u0161pecializovan\u00fdch pohybov.<\/li>\n<\/ol>\n<div itemprop=\"reviewRating\" itemscope itemtype=\"http:\/\/schema.org\/Rating\"><meta itemprop=\"worstRating\" content = \"0\" \/><meta itemprop=\"bestRating\" content=\"5\" \/><meta itemprop=\"ratingValue\" content=\"4\"><\/div>\n<p><strong>Celkov\u00e9 hodnotenie: 4\/5<\/strong><br \/>\n<strong>D\u00e1tum recenzie:<\/strong> <span itemprop=\"datePublished\" content=\"2017-01-25\">25\/01\/2017<\/span>\n<\/div>\n<p>Pre\u010d\u00edtajte si viac o <a href=\"https:\/\/moverdb.com\/sk\/stahovacie-spolocnosti\/\">najlep\u0161\u00ed medzin\u00e1rodn\u00ed s\u0165ahov\u00e1ci<\/a> a na\u0161e <a href=\"https:\/\/moverdb.com\/sk\/recenzie\/\">proces presk\u00famania<\/a>.<\/p>\n<p><strong>Webov\u00e9 str\u00e1nky:<\/strong> <a href=\"http:\/\/www.agility.com\/EN\/products-and-services\/Pages\/Household-Goods-Movement.aspx\" target=\"_blank\" rel=\"noopener\">Agility Pohyb tovaru pre dom\u00e1cnos\u0165<\/a><\/p>","protected":false},"excerpt":{"rendered":"<p>Agility is the largest logistics and moving company in the Middle East. It offers its customers a wide range of services which are listed below, together with a company profile and reviews. Note that Agility does not move household goods or personal effects for individuals. International Moves Door to door service Sea freight or airfreight [&hellip;]<\/p>\n","protected":false},"author":1,"featured_media":0,"parent":0,"menu_order":0,"comment_status":"closed","ping_status":"closed","template":"","meta":{"_genesis_hide_title":false,"_genesis_hide_breadcrumbs":false,"_genesis_hide_singular_image":false,"_genesis_hide_footer_widgets":false,"_genesis_custom_body_class":"","_genesis_custom_post_class":"","_genesis_layout":"","footnotes":""},"class_list":{"0":"post-1680","1":"page","2":"type-page","3":"status-publish","5":"entry"},"_links":{"self":[{"href":"https:\/\/moverdb.com\/sk\/wp-json\/wp\/v2\/pages\/1680","targetHints":{"allow":["GET"]}}],"collection":[{"href":"https:\/\/moverdb.com\/sk\/wp-json\/wp\/v2\/pages"}],"about":[{"href":"https:\/\/moverdb.com\/sk\/wp-json\/wp\/v2\/types\/page"}],"author":[{"embeddable":true,"href":"https:\/\/moverdb.com\/sk\/wp-json\/wp\/v2\/users\/1"}],"replies":[{"embeddable":true,"href":"https:\/\/moverdb.com\/sk\/wp-json\/wp\/v2\/comments?post=1680"}],"version-history":[{"count":3,"href":"https:\/\/moverdb.com\/sk\/wp-json\/wp\/v2\/pages\/1680\/revisions"}],"predecessor-version":[{"id":6167,"href":"https:\/\/moverdb.com\/sk\/wp-json\/wp\/v2\/pages\/1680\/revisions\/6167"}],"wp:attachment":[{"href":"https:\/\/moverdb.com\/sk\/wp-json\/wp\/v2\/media?parent=1680"}],"curies":[{"name":"wp","href":"https:\/\/api.w.org\/{rel}","templated":true}]}}