{"id":1678,"date":"2017-01-25T12:00:23","date_gmt":"2017-01-25T12:00:23","guid":{"rendered":"http:\/\/moverdb.com\/?page_id=1678"},"modified":"2026-01-08T14:47:27","modified_gmt":"2026-01-08T14:47:27","slug":"aires","status":"publish","type":"page","link":"https:\/\/moverdb.com\/sk\/aires\/","title":{"rendered":"Aires - Medzin\u00e1rodn\u00e9 premiest\u0148ovanie a s\u0165ahovanie"},"content":{"rendered":"<p>Spolo\u010dnos\u0165 Aires pon\u00faka svojim klientom, individu\u00e1lnym aj firemn\u00fdm, r\u00f4zne s\u0165ahovacie slu\u017eby. Tieto slu\u017eby s\u00fa uveden\u00e9 ni\u017e\u0161ie spolu s profilom spolo\u010dnosti a recenziami.<\/p>\n<p><strong>Medzin\u00e1rodn\u00e9 s\u0165ahovanie<\/strong><\/p>\n<ul>\n<li> Kompletn\u00e9 balenie a balenie v\u0161etk\u00e9ho tovaru pre dom\u00e1cnos\u0165 a osobn\u00fdch vec\u00ed<\/li>\n<li> Od dver\u00ed k dver\u00e1m<\/li>\n<li> Priame nakladanie tovaru pre dom\u00e1cnos\u0165 do vhodn\u00e9ho kontajnera alebo dod\u00e1vky<\/li>\n<li> Pr\u00edprava v\u0161etkej dokument\u00e1cie<\/li>\n<li> Be\u017en\u00e9, priame doru\u010dovanie pobytu a odstra\u0148ovanie trosiek<\/li>\n<li> Vr\u00e1tenie pr\u00e1zdnych kontajnerov v medzin\u00e1rodnom mieste ur\u010denia<\/li>\n<li> Kompletn\u00e9 sledovanie a komunik\u00e1cia o stave z\u00e1sielky<\/li>\n<li> Automobily<\/li>\n<li> Dlhodob\u00e9 a kr\u00e1tkodob\u00e9 skladovanie<\/li>\n<li> Premiestnenie dom\u00e1ceho zviera\u0165a<\/li>\n<\/ul>\n<p><strong>Cie\u013eov\u00e9 a usadzovacie slu\u017eby<\/strong><\/p>\n<ul>\n<li> Stretnutie a priv\u00edtanie<\/li>\n<li> Orient\u00e1cia na oblas\u0165<\/li>\n<li> Vyh\u013ead\u00e1vanie a registr\u00e1cia \u0161k\u00f4l<\/li>\n<li> Pomoc pri h\u013eadan\u00ed prenajat\u00e9ho domova<\/li>\n<li> Pomoc pri vyjedn\u00e1van\u00ed o pren\u00e1jme<\/li>\n<li> Zara\u010fovacie slu\u017eby<\/li>\n<li> Pomoc man\u017eelovi\/partnerovi<\/li>\n<li> Slu\u017eba do\u010dasn\u00e9ho ubytovania<\/li>\n<li> Pomoc pri vyd\u00e1van\u00ed v\u00edz, pasov a pris\u0165ahovalectva<\/li>\n<li> Slu\u017eby kult\u00farnej a jazykovej pr\u00edpravy<\/li>\n<li> Pomoc pri repatri\u00e1cii<\/li>\n<\/ul>\n<p><strong>Firemn\u00e9 slu\u017eby<\/strong><\/p>\n<ul>\n<li> Slu\u017eby riadenia s\u0165ahovania<\/li>\n<li> Riadenie programu premiestnenia<\/li>\n<li> Webov\u00e9 slu\u017eby spolo\u010dnosti ReloNet - Firemn\u00e9 n\u00e1stroje<\/li>\n<li> Rev\u00edzia a rozvoj politiky<\/li>\n<li> Realitn\u00e9 slu\u017eby<\/li>\n<li> Spr\u00e1va nehnute\u013enost\u00ed a n\u00e1jomn\u00fdch zml\u00fav<\/li>\n<li> In\u0161pek\u010dn\u00e9 slu\u017eby<\/li>\n<li> Progn\u00f3zy \u017eivotn\u00fdch n\u00e1kladov<\/li>\n<li> Spr\u00e1va v\u00fddavkov<\/li>\n<li> Poistenie a riadenie riz\u00edk<\/li>\n<li> Skupinov\u00e9 s\u0165ahovacie slu\u017eby<\/li>\n<li> Medzin\u00e1rodn\u00e9 slu\u017eby v oblasti kompenz\u00e1ci\u00ed a zberu \u00fadajov<\/li>\n<li> Riadenie dod\u00e1vate\u013esk\u00e9ho re\u0165azca<\/li>\n<\/ul>\n<h2>Profil spolo\u010dnosti Aires<\/h2>\n<p>Spolo\u010dnos\u0165 Aires, alebo American International Relocation Solutions LLC, zalo\u017eil v roku 1981 Jim Putt. Spolo\u010dnos\u0165 sa zameriavala na medzin\u00e1rodn\u00e9 s\u0165ahovanie a skladovanie pre spolo\u010dnosti a ich zamestnancov. V s\u00fa\u010dasnosti sa t\u00e1to \u010dinnos\u0165 rozr\u00e1stla na kompletn\u00e9 slu\u017eby v oblasti s\u0165ahovania, ktor\u00e9 pom\u00e1haj\u00fa zamestnancom r\u00fdchlo sa usadi\u0165 v novom prostred\u00ed. Spolo\u010dnos\u0165 Aires je st\u00e1le rodinnou s\u00fakromnou spolo\u010dnos\u0165ou.<\/p>\n<p>Spolo\u010dnos\u0165 Aires berie svoju zodpovednos\u0165 za \u017eivotn\u00e9 prostredie ve\u013emi v\u00e1\u017ene a \"rie\u0161i ekologick\u00e9 ot\u00e1zky z ka\u017ed\u00e9ho uhla poh\u013eadu\". Ich plne automatizovan\u00e9 syst\u00e9my v\u00fdrazne zni\u017euj\u00fa potrebu papierovania a v\u0161etky ich kancel\u00e1rie a pobo\u010dky s\u00fa energeticky \u00fasporn\u00e9 a ekologick\u00e9.<\/p>\n<p>Aires m\u00e1 tieto akredit\u00e1cie a afili\u00e1cie:<\/p>\n<ul>\n<li> <a href=\"https:\/\/moverdb.com\/sk\/rada-pre-premiestnovanie-zamestnancov\/\">Celosvetov\u00e1 ERC<\/a><\/li>\n<li> CERC (Kanadsk\u00e1 rada pre relok\u00e1ciu zamestnancov)<\/li>\n<li> SHRM (Spolo\u010dnos\u0165 pre riadenie \u013eudsk\u00fdch zdrojov)<\/li>\n<li> <a href=\"https:\/\/moverdb.com\/sk\/som\/\">IAM<\/a> (<a href=\"https:\/\/moverdb.com\/sk\/iam\/\" data-internallinksmanager029f6b8e52c=\"23\" title=\"Vysvetlenie Medzin\u00e1rodnej asoci\u00e1cie s\u0165ahovate\u013eov (IAM)\">Medzin\u00e1rodn\u00e1 asoci\u00e1cia s\u0165ahovate\u013eov<\/a>)<\/li>\n<li> OSA (Asoci\u00e1cia z\u00e1morsk\u00fdch prepravcov)<\/li>\n<li> <a href=\"https:\/\/moverdb.com\/sk\/fidi-faim\/\">FIDI<\/a> (Feder\u00e1cia medzin\u00e1rodn\u00fdch s\u0165ahov\u00e1kov n\u00e1bytku)<\/li>\n<li> <a href=\"https:\/\/moverdb.com\/sk\/eura\/\">EuRA<\/a> (<a href=\"https:\/\/moverdb.com\/sk\/eura\/\" data-internallinksmanager029f6b8e52c=\"13\" title=\"Vysvetlenie Eur\u00f3pskej asoci\u00e1cie pre relok\u00e1ciu (EuRA)\">EuRA<\/a> Premiestnenie)<\/li>\n<li> PAIMA (Panamerick\u00e1 asoci\u00e1cia medzin\u00e1rodn\u00fdch prepravcov)<\/li>\n<li> <a href=\"https:\/\/moverdb.com\/sk\/lacma\/\">LACMA<\/a> (Zdru\u017eenie pre s\u0165ahovanie v Latinskej Amerike a Karibiku)<\/li>\n<li> OMNI (Overseas Moving Network International)<\/li>\n<\/ul>\n<h2>Recenzie Aires<\/h2>\n<p><em>V \u010dase p\u00edsania tohto \u010dl\u00e1nku sa n\u00e1m nepodarilo n\u00e1js\u0165 \u017eiadne recenzie pre Aires online.<\/em><\/p>\n<div itemprop=\"review\" itemscope itemtype=\"http:\/\/schema.org\/Review\">\n<span itemprop=\"author\" itemscope=\"\" itemtype=\"http:\/\/schema.org\/Organization\"><span itemprop=\"name\">MoverDB.com<\/span><\/span> Online preh\u013ead webov\u00fdch str\u00e1nok pre <span itemprop=\"itemreviewed\" itemscope=\"\" itemtype=\"http:\/\/schema.org\/Brand\"><span itemprop=\"name\">Aires<\/span><\/span>:<\/p>\n<ol>\n<li> Jasn\u00e9 kontaktn\u00e9 \u00fadaje na webovej str\u00e1nke (vr\u00e1tane telef\u00f3nneho \u010d\u00edsla): <strong>\u00c1no<\/strong><\/li>\n<li> Jednoduch\u00e9 z\u00edskanie <a href=\"https:\/\/moverdb.com\/sk\/citaty\/\">medzin\u00e1rodn\u00e9 s\u0165ahovanie cit\u00e1cie<\/a>? (Online formul\u00e1r \u017eiadosti o odhad): <strong>\u00c1no<\/strong><\/li>\n<li> Jasn\u00e9 inform\u00e1cie na webovej str\u00e1nke: <strong>\u00c1no,<\/strong> obsahuje mno\u017estvo ve\u013emi podrobn\u00fdch inform\u00e1ci\u00ed o slu\u017eb\u00e1ch, ktor\u00e9 spolo\u010dnos\u0165 pon\u00faka.<\/li>\n<li> \u010dlenstvo v medzin\u00e1rodn\u00fdch uzn\u00e1van\u00fdch organiz\u00e1ci\u00e1ch pohybliv\u00fdch zvierat: <strong>\u00c1no<\/strong>, (pozri vy\u0161\u0161ie)<\/li>\n<li> Zoznam klientov a\/alebo referencie predch\u00e1dzaj\u00facich z\u00e1kazn\u00edkov. <strong>Nie,<\/strong> hoci maj\u00fa sekciu ocenen\u00ed.<\/li>\n<\/ol>\n<div itemprop=\"reviewRating\" itemscope itemtype=\"http:\/\/schema.org\/Rating\"><meta itemprop=\"worstRating\" content = \"0\" \/><meta itemprop=\"bestRating\" content=\"5\" \/><meta itemprop=\"ratingValue\" content=\"4\"><\/div>\n<p><strong>Celkov\u00e9 hodnotenie: 4\/5<\/strong><br \/>\n<strong>D\u00e1tum recenzie:<\/strong> <span itemprop=\"datePublished\" content=\"2017-01-25\">25\/01\/2017<\/span>\n<\/div>\n<p>Pre\u010d\u00edtajte si viac o <a href=\"https:\/\/moverdb.com\/sk\/stahovacie-spolocnosti\/\">medzin\u00e1rodn\u00e9 s\u0165ahovacie spolo\u010dnosti<\/a> a na\u0161e <a href=\"https:\/\/moverdb.com\/sk\/recenzie\/\">proces presk\u00famania<\/a>.<\/p>\n<p><strong>Webov\u00e9 str\u00e1nky:<\/strong> <a href=\"https:\/\/www.aires.com\/\" target=\"_blank\" rel=\"noopener\">https:\/\/www.aires.com\/<\/a><\/p>","protected":false},"excerpt":{"rendered":"<p>Aires offers its clients, both individual and corporate, a variety of moving services. These are listed below together with a company profile and reviews. International Moves Complete packing and wrapping of all household goods and personal effects Door to door Direct loading of household goods into appropriate container or van Preparation of all documentation Normal, [&hellip;]<\/p>\n","protected":false},"author":1,"featured_media":0,"parent":0,"menu_order":0,"comment_status":"closed","ping_status":"closed","template":"","meta":{"_genesis_hide_title":false,"_genesis_hide_breadcrumbs":false,"_genesis_hide_singular_image":false,"_genesis_hide_footer_widgets":false,"_genesis_custom_body_class":"","_genesis_custom_post_class":"","_genesis_layout":"","footnotes":""},"class_list":{"0":"post-1678","1":"page","2":"type-page","3":"status-publish","5":"entry"},"_links":{"self":[{"href":"https:\/\/moverdb.com\/sk\/wp-json\/wp\/v2\/pages\/1678","targetHints":{"allow":["GET"]}}],"collection":[{"href":"https:\/\/moverdb.com\/sk\/wp-json\/wp\/v2\/pages"}],"about":[{"href":"https:\/\/moverdb.com\/sk\/wp-json\/wp\/v2\/types\/page"}],"author":[{"embeddable":true,"href":"https:\/\/moverdb.com\/sk\/wp-json\/wp\/v2\/users\/1"}],"replies":[{"embeddable":true,"href":"https:\/\/moverdb.com\/sk\/wp-json\/wp\/v2\/comments?post=1678"}],"version-history":[{"count":3,"href":"https:\/\/moverdb.com\/sk\/wp-json\/wp\/v2\/pages\/1678\/revisions"}],"predecessor-version":[{"id":6168,"href":"https:\/\/moverdb.com\/sk\/wp-json\/wp\/v2\/pages\/1678\/revisions\/6168"}],"wp:attachment":[{"href":"https:\/\/moverdb.com\/sk\/wp-json\/wp\/v2\/media?parent=1678"}],"curies":[{"name":"wp","href":"https:\/\/api.w.org\/{rel}","templated":true}]}}