{"id":1662,"date":"2017-02-23T10:26:07","date_gmt":"2017-02-23T10:26:07","guid":{"rendered":"http:\/\/moverdb.com\/?page_id=1662"},"modified":"2026-01-08T14:47:48","modified_gmt":"2026-01-08T14:47:48","slug":"bolliger","status":"publish","type":"page","link":"https:\/\/moverdb.com\/sk\/bolliger\/","title":{"rendered":"Bolliger - Medzin\u00e1rodn\u00e9 s\u0165ahovanie a s\u0165ahovanie Recenzie"},"content":{"rendered":"<p>Spolo\u010dnos\u0165 Bolliger pon\u00faka svojim z\u00e1kazn\u00edkom \u0161irok\u00fa \u0161k\u00e1lu s\u0165ahovac\u00edch slu\u017eieb. Tieto slu\u017eby s\u00fa uveden\u00e9 ni\u017e\u0161ie spolu s profilom spolo\u010dnosti a recenziami.<\/p>\n<p><strong>Medzin\u00e1rodn\u00e9 s\u0165ahovanie<\/strong><\/p>\n<ul>\n<li> Celosvetov\u00e1 sie\u0165 pohybliv\u00fdch zdrojov<\/li>\n<li> Od dver\u00ed k dver\u00e1m<\/li>\n<li> Move Manager s minim\u00e1lne 5-ro\u010dnou praxou<\/li>\n<li> Sledovanie z\u00e1sielky 24\/7<\/li>\n<li> Prieskum domu s cie\u013eom zisti\u0165 po\u017eiadavky na balenie at\u010f.<\/li>\n<li> Zriaden\u00e9 poistenie<\/li>\n<li> Osobn\u00fd koordin\u00e1tor v\u00e1m pom\u00f4\u017ee s po\u017eadovanou dokument\u00e1ciou<\/li>\n<li> Balenie a nakladanie<\/li>\n<li> Coln\u00e9 konanie<\/li>\n<li> Dodanie a vybalenie<\/li>\n<li> V\u0161etky predmety bud\u00fa starostlivo vylo\u017een\u00e9 a skontrolovan\u00e9 s va\u0161\u00edm invent\u00e1rnym zoznamom a bud\u00fa umiestnen\u00e9 do spr\u00e1vnych miestnost\u00ed.<\/li>\n<li> Krehk\u00e9 predmety, ako je sklo a <a href=\"https:\/\/moverdb.com\/sk\/moving-to-china\/\" data-internallinksmanager029f6b8e52c=\"357\" title=\"S\u0165ahovanie do \u010c\u00edny? 2026 N\u00e1klady na \u017eivot a tipy na pres\u0165ahovanie\">\u010c\u00edna<\/a>, sa rozbal\u00ed na rovnom povrchu<\/li>\n<li> Z v\u00e1\u0161ho domu r\u00fdchlo odstr\u00e1nime v\u0161etok baliaci materi\u00e1l a odpad.<\/li>\n<\/ul>\n<p><strong>Slu\u017eby premiest\u0148ovania firiem<\/strong><\/p>\n<ul>\n<li> Usadzovanie v slu\u017eb\u00e1ch<\/li>\n<li> Vyh\u013ead\u00e1vanie \u0161k\u00f4l a domov<\/li>\n<li> Kult\u00farne inform\u00e1cie<\/li>\n<li> Pomoc partnera\/man\u017eela<\/li>\n<li> Kr\u00e1tkodob\u00e9 ubytovanie<\/li>\n<li> Pren\u00e1jom n\u00e1bytku<\/li>\n<\/ul>\n<p><strong>S\u0165ahovacie slu\u017eby<\/strong><\/p>\n<ul>\n<li> Poskytovanie baliacich materi\u00e1lov<\/li>\n<li> Kompletn\u00e9 baliace slu\u017eby<\/li>\n<li> \u0160pecializovan\u00e9 balenie<\/li>\n<li> Debny na mieru<\/li>\n<li> Manipul\u00e1cia s klav\u00edrmi a trezormi<\/li>\n<li> Motorov\u00e9 rebr\u00edky<\/li>\n<li> Cestn\u00e1, leteck\u00e1 a n\u00e1morn\u00e1 preprava<\/li>\n<li> Coln\u00e9 oper\u00e1cie<\/li>\n<li> z\u00e1stupcovia na celom svete.<\/li>\n<\/ul>\n<p><strong>S\u0165ahovanie kancel\u00e1ri\u00ed<\/strong><\/p>\n<ul>\n<li> Navrhovanie a pl\u00e1novanie presunov<\/li>\n<li> \u0160pecializovan\u00fd person\u00e1l a vybavenie<\/li>\n<li> Motorov\u00e9 rebr\u00edky a \u017eeriavy<\/li>\n<li> Zria\u010fovanie kancel\u00e1ri\u00ed<\/li>\n<li> Recykl\u00e1cia a likvid\u00e1cia odpadu<\/li>\n<li> Denn\u00e1 a no\u010dn\u00e1 prev\u00e1dzka<\/li>\n<\/ul>\n<p><strong>V\u00fdtvarn\u00e9 umenie<\/strong><\/p>\n<ul>\n<li> N\u00e1vrh a kon\u0161trukcia debien a prepraviek na mieru<\/li>\n<li> Formality v oblasti v\u00fdtvarn\u00e9ho umenia pri dovoze\/v\u00fdvoze modern\u00fdch a staro\u017eitn\u00fdch umeleck\u00fdch diel<\/li>\n<li> Cestn\u00e1 \/ n\u00e1morn\u00e1 \/ leteck\u00e1 preprava<\/li>\n<li> \u0160pecializovan\u00ed agenti po celom svete<\/li>\n<li> Zria\u010fovanie v\u00fdstavn\u00fdch priestorov<\/li>\n<\/ul>\n<p><strong>\u00dalo\u017eisko<\/strong><\/p>\n<ul>\n<li> Kr\u00e1tkodob\u00e9 a dlhodob\u00e9 skladovanie<\/li>\n<li> Kovov\u00e9 kontajnery, prepravky alebo palety<\/li>\n<li> Zabezpe\u010denie 24 hod\u00edn denne, 7 dn\u00ed v t\u00fd\u017edni<\/li>\n<li> Dymov\u00e9 alarmy<\/li>\n<li> Kontrolovan\u00e1 teplota a vlhkos\u0165<\/li>\n<li> Arch\u00edvy dokumentov<\/li>\n<\/ul>\n<h2>Profil spolo\u010dnosti Bolliger<\/h2>\n<p>Arthur Bolliger otvoril prv\u00fa kancel\u00e1riu Bolliger v R\u00edme v roku 1909. V s\u00fa\u010dasnosti spolo\u010dnos\u0165 vedie \u0161tvrt\u00e1 gener\u00e1cia Bolligerovcov a m\u00e1 kancel\u00e1rie v Mil\u00e1ne, Lugane a Florencii, ako aj v <a href=\"https:\/\/moverdb.com\/sk\/moving-to-switzerland\/\" data-internallinksmanager029f6b8e52c=\"327\" title=\"S\u0165ahovanie do \u0160vaj\u010diarska? 2026 N\u00e1klady na b\u00fdvanie a tipy na pres\u0165ahovanie\">\u0160vaj\u010diarsko<\/a>,. <a href=\"https:\/\/moverdb.com\/sk\/moving-to-the-uk\/\" data-internallinksmanager029f6b8e52c=\"93\" title=\"S\u0165ahujete sa do Spojen\u00e9ho kr\u00e1\u013eovstva? 2022 \u017divotn\u00e9 n\u00e1klady a tipy na pres\u0165ahovanie\">UK<\/a>,. <a href=\"https:\/\/moverdb.com\/sk\/moving-to-the-united-states\/\" data-internallinksmanager029f6b8e52c=\"94\" title=\"S\u0165ahujete sa do Spojen\u00fdch \u0161t\u00e1tov? 2022 \u017divotn\u00e9 n\u00e1klady a tipy na pres\u0165ahovanie\">USA<\/a> a <a href=\"https:\/\/moverdb.com\/sk\/moving-to-spain\/\" data-internallinksmanager029f6b8e52c=\"266\" title=\"S\u0165ahovanie do \u0160panielska? 2026 N\u00e1klady na b\u00fdvanie a tipy na pres\u0165ahovanie\">\u0160panielsko<\/a>.<\/p>\n<p>Prv\u00e9 n\u00e1kladn\u00e9 vozidl\u00e1 spolo\u010dnosti boli zak\u00fapen\u00e9 v roku 1919 a boli pou\u017eit\u00e9 v prvej svetovej vojne.V s\u00fa\u010dasnosti m\u00e1 spolo\u010dnos\u0165 flotilu viac ako 200 s\u0165ahovac\u00edch vozidiel a prepravuje tovar pre jednotlivcov a spolo\u010dnosti po celom svete. Bolliger bol jedn\u00fdm zo zakladaj\u00facich \u010dlenov <a href=\"https:\/\/moverdb.com\/sk\/fidi-faim\/\" data-internallinksmanager029f6b8e52c=\"16\" title=\"Vysvetlenie FIDI a FAIM (FIDI akreditovan\u00fd medzin\u00e1rodn\u00fd prepravca)\">FIDI<\/a>. V s\u00fa\u010dasnosti je FIDI najv\u00e4\u010d\u0161\u00edm zdru\u017een\u00edm svojho druhu na svete so 600 z\u00e1stupcami v 100 krajin\u00e1ch. <\/p>\n<p>V roku 1982 sa Bolliger stal jedin\u00fdm talianskym z\u00e1stupcom spolo\u010dnosti Allied International.<\/p>\n<p>V roku 1985 sa Bolliger stal jedn\u00fdm zo zakladaj\u00facich \u010dlenov Overseas Moving Network International (OMNI). V roku 2002 boli odborn\u00e9 znalosti spolo\u010dnosti ocenen\u00e9 certifik\u00e1tom ISO 9001 - prv\u00fdm <a href=\"https:\/\/moverdb.com\/sk\/moving-companies\/\" data-internallinksmanager029f6b8e52c=\"79\" title=\"Top 25 medzin\u00e1rodn\u00fdch s\u0165ahovac\u00edch spolo\u010dnost\u00ed online\">s\u0165ahovacia spolo\u010dnos\u0165<\/a> na str\u00e1nke <a href=\"https:\/\/moverdb.com\/sk\/moving-to-italy\/\" data-internallinksmanager029f6b8e52c=\"346\" title=\"S\u0165ahovanie do Talianska? 2026 N\u00e1klady na b\u00fdvanie a tipy na pres\u0165ahovanie\">Taliansko<\/a> na jeho dosiahnutie.<\/p>\n<p>Spolo\u010dnos\u0165 Bollinger sa d\u00f4sledne sna\u017e\u00ed zn\u00ed\u017ei\u0165 vplyv spolo\u010dnosti na \u017eivotn\u00e9 prostredie t\u00fdm, \u017ee venuje osobitn\u00fa pozornos\u0165 obalov\u00fdm materi\u00e1lom, ktor\u00e9 pou\u017e\u00edva, vozidl\u00e1m, ktor\u00e9 prev\u00e1dzkuje, a sna\u017e\u00ed sa \u010do najviac recyklova\u0165. Okrem toho realizuje charitat\u00edvne programy v m\u00e1lo rozvinut\u00fdch krajin\u00e1ch Ju\u017enej Ameriky a Afriky.<\/p>\n<p>Spolo\u010dnos\u0165 Bolliger m\u00e1 tieto akredit\u00e1cie a afili\u00e1cie:<\/p>\n<ul>\n<li> <a href=\"https:\/\/moverdb.com\/sk\/allied-van-lines\/\">Allied International<\/a><\/li>\n<li> ISO 9001<\/li>\n<li> <a href=\"https:\/\/moverdb.com\/sk\/fidi-faim\/\">Feder\u00e1cia medzin\u00e1rodn\u00fdch s\u0165ahovate\u013eov<\/a> (FIDI)<\/li>\n<li> Overseas Moving Network International (OMNI)<\/li>\n<li> <a href=\"https:\/\/moverdb.com\/sk\/fidi-faim\/\">Akreditovan\u00fd medzin\u00e1rodn\u00fd prepravca FIDI<\/a> (FAIM)<\/li>\n<li> <a href=\"https:\/\/moverdb.com\/sk\/som\/\">Medzin\u00e1rodn\u00e1 asoci\u00e1cia s\u0165ahovate\u013eov<\/a> (<a href=\"https:\/\/moverdb.com\/sk\/iam\/\" data-internallinksmanager029f6b8e52c=\"23\" title=\"Vysvetlenie Medzin\u00e1rodnej asoci\u00e1cie s\u0165ahovate\u013eov (IAM)\">IAM<\/a>)<\/li>\n<li> <a href=\"https:\/\/moverdb.com\/sk\/iata\/\">Medzin\u00e1rodn\u00e9 zdru\u017eenie leteckej dopravy<\/a> (<a href=\"https:\/\/moverdb.com\/sk\/iata\/\" data-internallinksmanager029f6b8e52c=\"22\" title=\"Vysvetlenie Medzin\u00e1rodnej asoci\u00e1cie leteck\u00fdch dopravcov (IATA)\">IATA<\/a>)<\/li>\n<li> <a href=\"https:\/\/moverdb.com\/sk\/fedemac\/\">Feder\u00e1cia eur\u00f3pskych s\u0165ahovate\u013eov<\/a> (<a href=\"https:\/\/moverdb.com\/sk\/fedemac\/\" data-internallinksmanager029f6b8e52c=\"15\" title=\"Vysvetlenie Feder\u00e1cie eur\u00f3pskych s\u0165ahovate\u013eov (FEDEMAC)\">FEDEMAC<\/a>)<\/li>\n<\/ul>\n<h2>Recenzie spolo\u010dnosti Bolliger<\/h2>\n<p><strong>Pozit\u00edvne:<\/strong><\/p>\n<ul>\n<li> \"N\u00e1\u0161 koordin\u00e1tor bol mimoriadne profesion\u00e1lny a n\u00e1pomocn\u00fd. Odpovedala na v\u0161etky na\u0161e ot\u00e1zky a zabezpe\u010dila, aby sa na\u0161e s\u0165ahovanie z R\u00edma do <a href=\"https:\/\/moverdb.com\/sk\/moving-to-london\/\">Lond\u00fdn<\/a> c\u00edti\u0165 sa \u013eahko a bezpe\u010dne. Postarala sa \u00faplne o v\u0161etko. Pri \u010fal\u0161om s\u0165ahovan\u00ed ur\u010dite op\u00e4\u0165 vyu\u017eijeme spolo\u010dnos\u0165 Bolliger a m\u00f4\u017eeme ju odporu\u010di\u0165 v\u0161etk\u00fdm.\" - Z\u00e1kazn\u00edk spolo\u010dnosti Bolliger <a href=\"http:\/\/www.bolliger.co.uk\/testimonials.html\" target=\"_blank\" rel=\"noopener\">Svedectvo<\/a><\/li>\n<li> <em>\"Celkovo som s t\u00fdmto s\u0165ahovan\u00edm ve\u013emi spokojn\u00fd. Boli to bicie a \u010dinely, tak\u017ee dos\u0165 ch\u00falostiv\u00e9 veci. V\u0161etko pri\u0161lo v poriadku a na\u010das. Kontakty a komunik\u00e1cia boli bezchybn\u00e9 a v\u010dasn\u00e9.\"<\/em> - Andrea prostredn\u00edctvom <a href=\"http:\/\/www.removalreviews.co.uk\/movers\/bolliger-352#2761  Read more: http:\/\/www.removalreviews.co.uk\/movers\/bolliger-352\" target=\"_blank\" rel=\"noopener\">Recenzie o s\u0165ahovan\u00ed<\/a><\/li>\n<li> <em>\"Nep\u00ed\u0161em \u010dasto tak\u00e9to odpor\u00fa\u010dania alebo recenzie, ale musel som si n\u00e1js\u0165 p\u00e1r min\u00fat, aby som sa po\u010fakoval spolo\u010dnosti Bolliger za skvel\u00fa pr\u00e1cu pri mojom ned\u00e1vnom presune z Lond\u00fdna do Berl\u00edna.\"<\/em> - davelucas prostredn\u00edctvom <a href=\"https:\/\/www.yell.com\/biz\/bolliger-uk-ltd-west-drayton-7150125\/\" target=\"_blank\" rel=\"noopener\">Krik<\/a><\/li>\n<\/ul>\n<p><strong>Negat\u00edvne:<\/strong><\/p>\n<ul>\n<li> <em>\"Nenechajte sa oklama\u0165 predajnou ponukou spolo\u010dnosti Bolliger a tvrdeniami o dokonalosti...\"<\/em> - P\u00e1n D Bruce prostredn\u00edctvom <a href=\"http:\/\/www.removalreviews.co.uk\/movers\/bolliger-352#10617  Read more: http:\/\/www.removalreviews.co.uk\/movers\/bolliger-352\" target=\"_blank\" rel=\"noopener\">Recenzie o s\u0165ahovan\u00ed<\/a><\/li>\n<li> <em>\"Bolliger UK boli absol\u00fatne stra\u0161n\u00ed...... Nesk\u00fasen\u00e1 pos\u00e1dka agent\u00fary pri\u0161la neskoro a nemala \u017eiadne vybavenie na s\u0165ahovanie, aj ke\u010f n\u00e1\u0161 rezervovan\u00fd pohyb zah\u0155\u0148al n\u00e1\u0161 klav\u00edr.\"<\/em> - Don.Br prostredn\u00edctvom <a href=\"http:\/\/www.reviewcentre.com\/Removal-Companies\/Bolliger-www-bolliger-co-uk-reviews_2387554\" target=\"_blank\" rel=\"noopener\">Recenzn\u00e9 centrum<\/a><\/li>\n<\/ul>\n<div itemprop=\"review\" itemscope itemtype=\"http:\/\/schema.org\/Review\">\n<span itemprop=\"author\" itemscope=\"\" itemtype=\"http:\/\/schema.org\/Organization\"><span itemprop=\"name\">MoverDB.com<\/span><\/span> Online preh\u013ead webov\u00fdch str\u00e1nok pre <span itemprop=\"itemreviewed\" itemscope=\"\" itemtype=\"http:\/\/schema.org\/Brand\"><span itemprop=\"name\">Bolliger<\/span><\/span>:<\/p>\n<ol>\n<li> Jasn\u00e9 kontaktn\u00e9 \u00fadaje na webovej str\u00e1nke (vr\u00e1tane telef\u00f3nneho \u010d\u00edsla): <strong>\u00c1no<\/strong><\/li>\n<li> Jednoduch\u00e9 z\u00edskanie <a href=\"https:\/\/moverdb.com\/sk\/citaty\/\">medzin\u00e1rodn\u00e9 s\u0165ahovanie cit\u00e1cie<\/a>? (Online formul\u00e1r \u017eiadosti o odhad): <strong>\u00c1no<\/strong><\/li>\n<li> Jasn\u00e9 inform\u00e1cie na webovej str\u00e1nke: <strong>\u00c1no,<\/strong> ale nie v\u017edy ve\u013emi podrobne.<\/li>\n<li> \u010dlenstvo v medzin\u00e1rodn\u00fdch uzn\u00e1van\u00fdch organiz\u00e1ci\u00e1ch pohybliv\u00fdch zvierat: <strong>\u00c1no<\/strong>, (pozri vy\u0161\u0161ie)<\/li>\n<li> Zoznam klientov a\/alebo referencie predch\u00e1dzaj\u00facich z\u00e1kazn\u00edkov: <strong>\u00c1no,<\/strong> mnoho pozit\u00edvnych z\u00e1kazn\u00edckych recenzi\u00ed a v\u0161eobecne dobr\u00e9 recenzie zo zvy\u0161ku webu.<\/li>\n<\/ol>\n<div itemprop=\"reviewRating\" itemscope itemtype=\"http:\/\/schema.org\/Rating\"><meta itemprop=\"worstRating\" content = \"0\" \/><meta itemprop=\"bestRating\" content=\"5\" \/><meta itemprop=\"ratingValue\" content=\"4.5\"><\/div>\n<p><strong>Celkov\u00e9 hodnotenie: 4,5\/5<\/strong><br \/>\n<strong>D\u00e1tum recenzie:<\/strong> <span itemprop=\"datePublished\" content=\"2017-02-23\">23\/02\/2017<\/span>\n<\/div>\n<p>Pre\u010d\u00edtajte si viac o <a href=\"https:\/\/moverdb.com\/sk\/stahovacie-spolocnosti\/\">medzin\u00e1rodn\u00e9 s\u0165ahovacie spolo\u010dnosti<\/a> a na\u0161e <a href=\"https:\/\/moverdb.com\/sk\/recenzie\/\">proces presk\u00famania<\/a>.<\/p>\n<p><strong>Webov\u00e9 str\u00e1nky:<\/strong> IT: <a href=\"http:\/\/www.bolliger.it\/\" target=\"_blank\" rel=\"noopener\">http:\/\/www.bolliger.it\/<\/a> SPOJEN\u00c9 KR\u00c1\u013dOVSTVO: <a href=\"http:\/\/www.bolliger.co.uk\/\" target=\"_blank\" rel=\"noopener\">http:\/\/www.bolliger.co.uk\/<\/a><\/p>","protected":false},"excerpt":{"rendered":"<p>Bolliger offers its customers a wide variety of moving services. These are listed below together with a company profile and reviews. International Moving Worldwide network of moving resources Door to door Move Manager with at least 5 years&#8217; experience Track your shipment 24\/7 House survey to ascertain packing requirements etc Insurance arranged Personal coordinator will [&hellip;]<\/p>\n","protected":false},"author":1,"featured_media":0,"parent":0,"menu_order":0,"comment_status":"closed","ping_status":"closed","template":"","meta":{"_genesis_hide_title":false,"_genesis_hide_breadcrumbs":false,"_genesis_hide_singular_image":false,"_genesis_hide_footer_widgets":false,"_genesis_custom_body_class":"","_genesis_custom_post_class":"","_genesis_layout":"","footnotes":""},"class_list":{"0":"post-1662","1":"page","2":"type-page","3":"status-publish","5":"entry"},"_links":{"self":[{"href":"https:\/\/moverdb.com\/sk\/wp-json\/wp\/v2\/pages\/1662","targetHints":{"allow":["GET"]}}],"collection":[{"href":"https:\/\/moverdb.com\/sk\/wp-json\/wp\/v2\/pages"}],"about":[{"href":"https:\/\/moverdb.com\/sk\/wp-json\/wp\/v2\/types\/page"}],"author":[{"embeddable":true,"href":"https:\/\/moverdb.com\/sk\/wp-json\/wp\/v2\/users\/1"}],"replies":[{"embeddable":true,"href":"https:\/\/moverdb.com\/sk\/wp-json\/wp\/v2\/comments?post=1662"}],"version-history":[{"count":5,"href":"https:\/\/moverdb.com\/sk\/wp-json\/wp\/v2\/pages\/1662\/revisions"}],"predecessor-version":[{"id":6184,"href":"https:\/\/moverdb.com\/sk\/wp-json\/wp\/v2\/pages\/1662\/revisions\/6184"}],"wp:attachment":[{"href":"https:\/\/moverdb.com\/sk\/wp-json\/wp\/v2\/media?parent=1662"}],"curies":[{"name":"wp","href":"https:\/\/api.w.org\/{rel}","templated":true}]}}