{"id":1656,"date":"2017-01-25T11:08:16","date_gmt":"2017-01-25T11:08:16","guid":{"rendered":"http:\/\/moverdb.com\/?page_id=1656"},"modified":"2026-01-08T14:48:11","modified_gmt":"2026-01-08T14:48:11","slug":"db-schenker","status":"publish","type":"page","link":"https:\/\/moverdb.com\/sk\/db-schenker\/","title":{"rendered":"DB Schenker - Medzin\u00e1rodn\u00e9 premiest\u0148ovanie a s\u0165ahovanie"},"content":{"rendered":"<p>DB Schenker je celosvetov\u00e1 logistick\u00e1 spolo\u010dnos\u0165 so s\u00eddlom v <a href=\"https:\/\/moverdb.com\/sk\/moving-to-germany\/\" data-internallinksmanager029f6b8e52c=\"321\" title=\"S\u0165ahovanie do Nemecka? 2026 N\u00e1klady na b\u00fdvanie a tipy na pres\u0165ahovanie\">Nemecko<\/a>. Svojim z\u00e1kazn\u00edkom pon\u00faka \u0161irok\u00fa \u0161k\u00e1lu s\u0165ahovac\u00edch a premiest\u0148ovac\u00edch slu\u017eieb, ktor\u00e9 s\u00fa uveden\u00e9 ni\u017e\u0161ie spolu s profilom spolo\u010dnosti.<\/p>\n<p><strong>Medzin\u00e1rodn\u00e9 s\u0165ahovanie<\/strong><\/p>\n<ul>\n<li> Osobn\u00fd konzultant<\/li>\n<li> Slu\u017eba od dver\u00ed k dver\u00e1m<\/li>\n<li> Profesion\u00e1lne balenie a vyba\u013eovanie<\/li>\n<li> Balenie na mieru<\/li>\n<li> Ekologick\u00fd baliaci materi\u00e1l<\/li>\n<li> N\u00e1morn\u00e1 a leteck\u00e1 preprava<\/li>\n<li> Dlhodob\u00e9 a kr\u00e1tkodob\u00e9 skladovanie<\/li>\n<li> Coln\u00e9 konanie<\/li>\n<li> Rozsiahla ponuka zariaden\u00ed<\/li>\n<li> Vonkaj\u0161ie v\u00fd\u0165ahy<\/li>\n<li> Vlastn\u00fd vozov\u00fd park<\/li>\n<\/ul>\n<p><strong>Miestne a eur\u00f3pske s\u0165ahovanie<\/strong><\/p>\n<ul>\n<li> Osobn\u00fd konzultant<\/li>\n<li> Od dver\u00ed k dver\u00e1m<\/li>\n<li> Ponuka kompletn\u00fdch baliacich slu\u017eieb<\/li>\n<li> Dlhodob\u00e9 a kr\u00e1tkodob\u00e9 skladovanie<\/li>\n<li> Slu\u017eba vyba\u013eovania<\/li>\n<\/ul>\n<p><strong>Premiestnenie spolo\u010dnosti<\/strong><\/p>\n<ul>\n<li> Pos\u00fadenie s\u00fa\u010dasnej situ\u00e1cie<\/li>\n<li> Anal\u00fdza nov\u00e9ho miesta<\/li>\n<li> Sk\u00fasen\u00e9 riadenie projektov<\/li>\n<li> Celkov\u00fd pl\u00e1n prisp\u00f4soben\u00fd \u0161pecifick\u00fdm potreb\u00e1m z\u00e1kazn\u00edka<\/li>\n<li> Demont\u00e1\u017e a op\u00e4tovn\u00e1 mont\u00e1\u017e<\/li>\n<li> Individu\u00e1lne balenie<\/li>\n<li> \u00dalo\u017eisko<\/li>\n<li> Minim\u00e1lne naru\u0161enie pracovn\u00e9ho prostredia<\/li>\n<\/ul>\n<p><strong>\u0160pecializovan\u00e9 pohyby<\/strong><\/p>\n<ul>\n<li> Logistika v\u00fdstav na mieru pre ve\u013etrhy<\/li>\n<li> Vysoko v\u00fdkonn\u00e1 logistika<\/li>\n<li> \u0164a\u017ek\u00e1 a \u0161peci\u00e1lna doprava<\/li>\n<li> Skladovanie \u0165a\u017ek\u00e9ho tovaru<\/li>\n<li> \u0160portov\u00e1 logistika a logistika podujat\u00ed<\/li>\n<li> Preprava umenia a staro\u017eitnost\u00ed<\/li>\n<li> M\u00faze\u00e1<\/li>\n<\/ul>\n<h2>Profil spolo\u010dnosti DB Schenker<\/h2>\n<p>DB Schenker je glob\u00e1lny poskytovate\u013e integrovan\u00fdch logistick\u00fdch slu\u017eieb, ktor\u00fd prepravuje \u013eud\u00ed a tovar po celom svete prostredn\u00edctvom lod\u00ed, leteckej a \u017eelezni\u010dnej dopravy.<\/p>\n<p>Spolo\u010dnos\u0165 DB Schenker za\u010dala svoju \u010dinnos\u0165 vo Viedni v roku 1872. Spolo\u010dnos\u0165 zalo\u017eil Gottfried Schenker a prv\u00e1 \u017eelezni\u010dn\u00e1 z\u00e1sielka bola z <a href=\"https:\/\/moverdb.com\/sk\/moving-to-france\/moving-to-paris\/\" data-internallinksmanager029f6b8e52c=\"407\" title=\"S\u0165ahujete sa do Par\u00ed\u017ea? 2026 N\u00e1klady na b\u00fdvanie a tipy na pres\u0165ahovanie\">Par\u00ed\u017e<\/a> do Viedne v roku 1873. Spolo\u010dnos\u0165 r\u00fdchlo expandovala a otvorila pobo\u010dky v Bukure\u0161ti, Budape\u0161ti a Prahe.<\/p>\n<p>V roku 1895 Schenker zalo\u017eil spolok Austro-Americana <a href=\"https:\/\/moverdb.com\/sk\/shipping-companies\/\" data-internallinksmanager029f6b8e52c=\"4\" title=\"10 najlep\u0161\u00edch medzin\u00e1rodn\u00fdch kontajnerov\u00fdch prepravn\u00fdch spolo\u010dnost\u00ed\">Prepravn\u00e1 spolo\u010dnos\u0165<\/a>. V roku 1922 spolo\u010dnos\u0165 Schenker uskuto\u010dnila prv\u00e9 leteck\u00e9 prepravy tovaru v Nemecku. Deutsche Bahn AG (Nemeck\u00e9 \u017eeleznice) k\u00fapila spolo\u010dnos\u0165 Schenker v roku 1931 a zaviedla prv\u00fa n\u00e1morn\u00fa n\u00e1kladn\u00fa dopravu. <a href=\"https:\/\/moverdb.com\/sk\/kontajnerova-preprava\/\">kontajnerov\u00e9 z\u00e1sielky<\/a>. V priebehu desa\u0165ro\u010d\u00ed sa spolo\u010dnos\u0165 prudko rozr\u00e1stla a v roku 1991 Stinnes AG odk\u00fapila v\u00e4\u010d\u0161inov\u00fd podiel od Nemeck\u00fdch \u017eelezn\u00edc a rozdelila spolo\u010dnos\u0165 na dve \u010dasti - Schenker International a Schenker Eurocargo.<\/p>\n<p>V roku 1997 sa spolo\u010dnos\u0165 Schenker zbavila svojej \u010dinnosti v oblasti hromadn\u00e9ho n\u00e1kladu a s\u00fastredila sa na logistiku a prepravu. Od decembra 2007 je DB Schenker logistickou dc\u00e9rskou spolo\u010dnos\u0165ou Deutsche Bahn. Spolo\u010dnos\u0165 zamestn\u00e1va viac ako 66 600 \u013eud\u00ed na 2 000 miestach po celom svete.<\/p>\n<p>Spolo\u010dnos\u0165 DB Schenker m\u00e1 nasleduj\u00face afili\u00e1cie a akredit\u00e1cie:<\/p>\n<ul>\n<li> DIN EN ISO 9001:2008<\/li>\n<\/ul>\n<h2>DB Schenker Moving Recenzie<\/h2>\n<p><em>V \u010dase p\u00edsania tohto \u010dl\u00e1nku sme na internete nena\u0161li \u017eiadne recenzie konkr\u00e9tne na s\u0165ahovacie, premiest\u0148ovacie alebo s\u0165ahovacie slu\u017eby spolo\u010dnosti DB Schenker.<\/em> <\/p>\n<div itemprop=\"review\" itemscope itemtype=\"http:\/\/schema.org\/Review\">\n<span itemprop=\"author\" itemscope=\"\" itemtype=\"http:\/\/schema.org\/Organization\"><span itemprop=\"name\">MoverDB.com<\/span><\/span> Online preh\u013ead webov\u00fdch str\u00e1nok pre <span itemprop=\"itemreviewed\" itemscope=\"\" itemtype=\"http:\/\/schema.org\/Brand\"><span itemprop=\"name\">DB Schenker<\/span><\/span>:<\/p>\n<ol>\n<li> Jasn\u00e9 kontaktn\u00e9 \u00fadaje na webovej str\u00e1nke (vr\u00e1tane telef\u00f3nneho \u010d\u00edsla): <strong>\u00c1no<\/strong><\/li>\n<li> Jednoduch\u00e9 z\u00edskanie <a href=\"https:\/\/moverdb.com\/sk\/citaty\/\">medzin\u00e1rodn\u00e9 s\u0165ahovanie cit\u00e1cie<\/a>? (Online formul\u00e1r \u017eiadosti o odhad): <strong>\u00c1no<\/strong><\/li>\n<li> Jasn\u00e9 inform\u00e1cie na webovej str\u00e1nke: <strong>\u00c1no,<\/strong> Na webovej str\u00e1nke s\u00fa jasne uveden\u00e9 v\u0161etky slu\u017eby, ktor\u00e9 spolo\u010dnos\u0165 pon\u00faka<\/li>\n<li> \u010dlenstvo v medzin\u00e1rodn\u00fdch uzn\u00e1van\u00fdch organiz\u00e1ci\u00e1ch pohybliv\u00fdch zvierat: <strong>\u00c1no<\/strong>, ale na ich webovej str\u00e1nke ich nie je ve\u013ea.<\/li>\n<li> Zoznam klientov a\/alebo referencie predch\u00e1dzaj\u00facich z\u00e1kazn\u00edkov. <strong>Nie,<\/strong> na ich webovej str\u00e1nke nie s\u00fa uveden\u00e9 \u017eiadne.<\/li>\n<\/ol>\n<div itemprop=\"reviewRating\" itemscope itemtype=\"http:\/\/schema.org\/Rating\"><meta itemprop=\"worstRating\" content = \"0\" \/><meta itemprop=\"bestRating\" content=\"5\" \/><meta itemprop=\"ratingValue\" content=\"4\"><\/div>\n<p><strong>Celkov\u00e9 hodnotenie: 4\/5<\/strong><br \/>\n<strong>D\u00e1tum recenzie:<\/strong> <span itemprop=\"datePublished\" content=\"2017-01-25\">25\/01\/2017<\/span>\n<\/div>\n<p>Pre\u010d\u00edtajte si viac o <a href=\"https:\/\/moverdb.com\/sk\/stahovacie-spolocnosti\/\">medzin\u00e1rodn\u00e9 s\u0165ahovacie spolo\u010dnosti<\/a> a na\u0161e <a href=\"https:\/\/moverdb.com\/sk\/recenzie\/\">proces presk\u00famania<\/a>.<\/p>\n<p><strong>Webov\u00e9 str\u00e1nky:<\/strong> <a href=\"http:\/\/www.dbschenker.com\/ho-en\/products_services\/special_products\/removals\/\" target=\"_blank\" rel=\"noopener\">http:\/\/www.dbschenker.com\/ho-en\/products_services\/special_products\/removals\/ <\/a><\/p>","protected":false},"excerpt":{"rendered":"<p>DB Schenker is a worldwide logistics company with its head office in Germany. It offers its customers a wide range of moving and relocation services which are listed below together with a company profile. International Moves Personal consultant Door to door service Professional packing and unpacking Tailor made packaging Eco friendly packing material Sea freight [&hellip;]<\/p>\n","protected":false},"author":1,"featured_media":0,"parent":0,"menu_order":0,"comment_status":"closed","ping_status":"closed","template":"","meta":{"_genesis_hide_title":false,"_genesis_hide_breadcrumbs":false,"_genesis_hide_singular_image":false,"_genesis_hide_footer_widgets":false,"_genesis_custom_body_class":"","_genesis_custom_post_class":"","_genesis_layout":"","footnotes":""},"class_list":{"0":"post-1656","1":"page","2":"type-page","3":"status-publish","5":"entry"},"_links":{"self":[{"href":"https:\/\/moverdb.com\/sk\/wp-json\/wp\/v2\/pages\/1656","targetHints":{"allow":["GET"]}}],"collection":[{"href":"https:\/\/moverdb.com\/sk\/wp-json\/wp\/v2\/pages"}],"about":[{"href":"https:\/\/moverdb.com\/sk\/wp-json\/wp\/v2\/types\/page"}],"author":[{"embeddable":true,"href":"https:\/\/moverdb.com\/sk\/wp-json\/wp\/v2\/users\/1"}],"replies":[{"embeddable":true,"href":"https:\/\/moverdb.com\/sk\/wp-json\/wp\/v2\/comments?post=1656"}],"version-history":[{"count":4,"href":"https:\/\/moverdb.com\/sk\/wp-json\/wp\/v2\/pages\/1656\/revisions"}],"predecessor-version":[{"id":6200,"href":"https:\/\/moverdb.com\/sk\/wp-json\/wp\/v2\/pages\/1656\/revisions\/6200"}],"wp:attachment":[{"href":"https:\/\/moverdb.com\/sk\/wp-json\/wp\/v2\/media?parent=1656"}],"curies":[{"name":"wp","href":"https:\/\/api.w.org\/{rel}","templated":true}]}}