{"id":1650,"date":"2017-04-24T10:40:56","date_gmt":"2017-04-24T10:40:56","guid":{"rendered":"http:\/\/moverdb.com\/?page_id=1650"},"modified":"2026-01-08T14:48:05","modified_gmt":"2026-01-08T14:48:05","slug":"cosco-shipping","status":"publish","type":"page","link":"https:\/\/moverdb.com\/sk\/cosco-shipping\/","title":{"rendered":"COSCO Shipping Lines - Medzin\u00e1rodn\u00e9 slu\u017eby a recenzie"},"content":{"rendered":"<p>COSCO Shipping Lines (<a href=\"https:\/\/moverdb.com\/sk\/moving-to-china\/\" data-internallinksmanager029f6b8e52c=\"357\" title=\"S\u0165ahovanie do \u010c\u00edny? 2026 N\u00e1klady na \u017eivot a tipy na pres\u0165ahovanie\">\u010c\u00edna<\/a> Spolo\u010dnos\u0165 Ocean Shipping (Group) Company) pon\u00faka svojim klientom \u0161irok\u00fa \u0161k\u00e1lu slu\u017eieb. Tieto slu\u017eby s\u00fa uveden\u00e9 ni\u017e\u0161ie spolu s profilom spolo\u010dnosti a recenziami.<\/p>\n<p><strong><a href=\"https:\/\/moverdb.com\/sk\/container-shipping\/\" data-internallinksmanager029f6b8e52c=\"3\" title=\"Graf sadzieb medzin\u00e1rodnej kontajnerovej prepravy: Apr\u00edl 2026\">Kontajnerov\u00e1 doprava<\/a><\/strong><\/p>\n<ul>\n<li> Flotila plavidiel - 170 modern\u00fdch kontajnerov\u00fdch lod\u00ed<\/li>\n<li> Servisn\u00e9 trasy - 84 medzin\u00e1rodn\u00fdch a 23 vn\u00fatro\u0161t\u00e1tnych prepravn\u00fdch tr\u00e1s<\/li>\n<li> Glob\u00e1lna sie\u0165<\/li>\n<li> 22 000 chladiacich kontajnerov<\/li>\n<\/ul>\n<p><strong>Doprava such\u00e9ho hromadn\u00e9ho n\u00e1kladu<\/strong><\/p>\n<ul>\n<li> Flotila plavidiel - 380 plavidiel, nosnos\u0165 34 mili\u00f3nov DWT<\/li>\n<li> \u017delezn\u00e1 ruda<\/li>\n<li> Uhlie<\/li>\n<li> Obilie<\/li>\n<li> Oce\u013e<\/li>\n<li> Ostatn\u00e9 vo\u013ene lo\u017een\u00e9 n\u00e1klady<\/li>\n<li> 1,000 <a href=\"https:\/\/moverdb.com\/sk\/top-49-container-ports\/\" data-internallinksmanager029f6b8e52c=\"80\" title=\"49 najv\u00e4\u010d\u0161\u00edch a najvy\u0165a\u017eenej\u0161\u00edch kontajnerov\u00fdch pr\u00edstavov v roku 2025\">porty<\/a> vo viac ako 100 krajin\u00e1ch<\/li>\n<li> Synchroniza\u010dn\u00fd syst\u00e9m lo\u010f-bre\u017eie<\/li>\n<\/ul>\n<p><strong>Preprava ropy a zemn\u00e9ho plynu<\/strong><\/p>\n<ul>\n<li> Odosielanie do viac ako 300 pr\u00edstavov na celom svete<\/li>\n<li> Surov\u00e1 ropa<\/li>\n<li> Produktov\u00fd olej<\/li>\n<li> LPG a LNG<\/li>\n<\/ul>\n<p><strong>\u0160pecializovan\u00e1 a v\u0161eobecn\u00e1 n\u00e1kladn\u00e1 doprava<\/strong><\/p>\n<ul>\n<li> Viac\u00fa\u010delov\u00e9 \u0165a\u017ek\u00e9 zdv\u00edhacie plavidl\u00e1<\/li>\n<li> Poloponorn\u00e9 lode<\/li>\n<li> Asfaltov\u00e9 lode<\/li>\n<li> Nosi\u010de dreva<\/li>\n<li> Nosi\u010de \u00e1ut<\/li>\n<\/ul>\n<p><strong>Sektor financovania lodnej dopravy<\/strong><\/p>\n<ul>\n<li> Pren\u00e1jom lod\u00ed<\/li>\n<li> Pren\u00e1jom kontajnerov<\/li>\n<li> Skladovacie zariadenia na termin\u00e1li<\/li>\n<li> Poistenie prepravy<\/li>\n<\/ul>\n<p><strong>Slu\u017eby osobnej lodnej dopravy<\/strong><\/p>\n<ul>\n<li> \u010c\u00ednske dom\u00e1ce pobre\u017eie<\/li>\n<li> \u010c\u00edna - <a href=\"https:\/\/moverdb.com\/sk\/moving-to-japan\/\" data-internallinksmanager029f6b8e52c=\"342\" title=\"S\u0165ahovanie do Japonska? 2026 N\u00e1klady na \u017eivot a tipy na pres\u0165ahovanie\">Japonsko<\/a><\/li>\n<li> \u010c\u00edna - K\u00f3rea<\/li>\n<li> Pevninsk\u00e1 \u010das\u0165 Taiwanu<\/li>\n<\/ul>\n<h2>Profil spolo\u010dnosti COSCO Shipping Lines<\/h2>\n<p>Spolo\u010dnos\u0165 China Ocean Shipping (Group) Company je vo vlastn\u00edctve \u010d\u00ednskej vl\u00e1dy a jej \u00fastredie sa nach\u00e1dza v \u0160anghaji. COSCO je najv\u00e4\u010d\u0161\u00edm prepravcom such\u00e9ho hromadn\u00e9ho n\u00e1kladu v \u010c\u00edne a patr\u00ed medzi najv\u00e4\u010d\u0161ie na svete. M\u00e1 celkovo 1 114 plavidiel s kapacitou 85,32 mili\u00f3na DWT. Vlastn\u00ed tie\u017e 46 kontajnerov\u00fdch termin\u00e1lov po celom svete so 190 kotviskami.<\/p>\n<p>Vo febru\u00e1ri 2016 sa skupina COSCO zl\u00fa\u010dila so skupinou China Shipping Group, \u010d\u00edm vznikla spolo\u010dnos\u0165 China COSCO Shipping Corporation. Ide o r\u00f4znorod\u00fa spolo\u010dnos\u0165, ktor\u00e1 poskytuje slu\u017eby v oblasti lodnej dopravy, stavby a opravy lod\u00ed, prev\u00e1dzky termin\u00e1lov a v\u00fdroby kontajnerov, a to je len nieko\u013eko z ich z\u00e1ujmov.<\/p>\n<p>Spolo\u010dnos\u0165 China COSCO Shipping Corporation Ltd m\u00e1 tieto akredit\u00e1cie a afili\u00e1cie:<\/p>\n<ul>\n<li> Medzin\u00e1rodn\u00e9 lodn\u00e9 bezpe\u010dnostn\u00e9 osved\u010denie<\/li>\n<li> Certifik\u00e1t bezpe\u010dnostn\u00e9ho mana\u017ementu<\/li>\n<li> Certifik\u00e1t o akredit\u00e1cii syst\u00e9mu riadenia<\/li>\n<li> Akredit\u00e1cia syst\u00e9mu environment\u00e1lneho mana\u017e\u00e9rstva<\/li>\n<li> Akredit\u00e1cia syst\u00e9mu riadenia bezpe\u010dnosti a ochrany zdravia pri pr\u00e1ci<\/li>\n<li> Certifik\u00e1t riadenia energetickej efekt\u00edvnosti spolo\u010dnosti<\/li>\n<\/ul>\n<h2>COSCO Shipping Lines Recenzie<\/h2>\n<p>V \u010dase zverejnenia sa n\u00e1m nepodarilo n\u00e1js\u0165 \u017eiadne pozit\u00edvne ani negat\u00edvne recenzie slu\u017eieb spolo\u010dnosti COSCO Shipping Lines.<\/p>\n<div itemprop=\"review\" itemscope itemtype=\"http:\/\/schema.org\/Review\">\n<strong><span itemprop=\"author\" itemscope=\"\" itemtype=\"http:\/\/schema.org\/Organization\"><span itemprop=\"name\">MoverDB.com<\/span><\/span> Online preh\u013ead webov\u00fdch str\u00e1nok pre <span itemprop=\"itemreviewed\" itemscope=\"\" itemtype=\"http:\/\/schema.org\/Brand\"><span itemprop=\"name\">COSCO Shipping Lines<\/span><\/span>:<\/strong><\/p>\n<ol>\n<li> Jasn\u00e9 kontaktn\u00e9 \u00fadaje na webovej str\u00e1nke (vr\u00e1tane telef\u00f3nneho \u010d\u00edsla): <strong>\u00c1no<\/strong><\/li>\n<li> \u013dahko z\u00edska\u0165 ponuky medzin\u00e1rodnej prepravy? (Online formul\u00e1r \u017eiadosti o odhad): <strong>\u00c1no<\/strong>, pon\u00fakaj\u00fa online cenov\u00fa ponuku a tie\u017e slu\u017ebu e-business na sledovanie z\u00e1sielok.<\/li>\n<li> Jasn\u00e9 inform\u00e1cie na webovej str\u00e1nke: <strong>\u010ciasto\u010dn\u00e9,<\/strong> webov\u00e1 str\u00e1nka m\u00e1 ve\u013ea inform\u00e1ci\u00ed, ale nie je u\u017e\u00edvate\u013esky najpr\u00edvetivej\u0161ia.<\/li>\n<li> \u010dlenstvo v medzin\u00e1rodn\u00fdch uzn\u00e1van\u00fdch lodn\u00fdch organiz\u00e1ci\u00e1ch: <strong>\u00c1no<\/strong><\/li>\n<li> Zoznam klientov a\/alebo referencie predch\u00e1dzaj\u00facich z\u00e1kazn\u00edkov. <strong>Nie,<\/strong> v \u010dase uverejnenia sme ich nena\u0161li.<\/li>\n<\/ol>\n<div itemprop=\"reviewRating\" itemscope itemtype=\"http:\/\/schema.org\/Rating\"><meta itemprop=\"worstRating\" content = \"0\" \/><meta itemprop=\"bestRating\" content=\"5\" \/><meta itemprop=\"ratingValue\" content=\"3.5\"><\/div>\n<p><strong>Celkov\u00e9 hodnotenie: 3,5\/5<\/strong><br \/>\n<strong>D\u00e1tum recenzie:<\/strong> <span itemprop=\"datePublished\" content=\"2017-04-24\">24\/04\/2017<\/span>\n<\/div>\n<p>Viac inform\u00e1ci\u00ed o in\u00fdch <a href=\"https:\/\/moverdb.com\/sk\/prepravne-spolocnosti\/\">medzin\u00e1rodn\u00e9 prepravn\u00e9 spolo\u010dnosti<\/a>, <a href=\"https:\/\/moverdb.com\/sk\/kontajnerova-preprava\/\">sadzby za prepravu kontajnerov<\/a> a na\u0161e <a href=\"https:\/\/moverdb.com\/sk\/recenzie\/\">proces presk\u00famania<\/a>.<\/p>\n<p><strong>Webov\u00e1 lokalita:<\/strong> <a href=\"http:\/\/lines.coscoshipping.com\/home.do\" target=\"_blank\" rel=\"noopener\">http:\/\/lines.coscoshipping.com\/home.do<\/a><\/p>","protected":false},"excerpt":{"rendered":"<p>COSCO Shipping Lines (China Ocean Shipping (Group) Company) offers its clients a wide array of services. These are listed below together with a company profile and reviews. Container Shipping Vessel fleet &#8211; 170 modern container vessels Service routes &#8211; 84 international shipping routes and 23 domestic Global network 22,000 refrigerated containers Dry Bulk Cargo Shipping [&hellip;]<\/p>\n","protected":false},"author":1,"featured_media":0,"parent":0,"menu_order":0,"comment_status":"closed","ping_status":"closed","template":"","meta":{"_genesis_hide_title":false,"_genesis_hide_breadcrumbs":false,"_genesis_hide_singular_image":false,"_genesis_hide_footer_widgets":false,"_genesis_custom_body_class":"","_genesis_custom_post_class":"","_genesis_layout":"","footnotes":""},"class_list":{"0":"post-1650","1":"page","2":"type-page","3":"status-publish","5":"entry"},"_links":{"self":[{"href":"https:\/\/moverdb.com\/sk\/wp-json\/wp\/v2\/pages\/1650","targetHints":{"allow":["GET"]}}],"collection":[{"href":"https:\/\/moverdb.com\/sk\/wp-json\/wp\/v2\/pages"}],"about":[{"href":"https:\/\/moverdb.com\/sk\/wp-json\/wp\/v2\/types\/page"}],"author":[{"embeddable":true,"href":"https:\/\/moverdb.com\/sk\/wp-json\/wp\/v2\/users\/1"}],"replies":[{"embeddable":true,"href":"https:\/\/moverdb.com\/sk\/wp-json\/wp\/v2\/comments?post=1650"}],"version-history":[{"count":3,"href":"https:\/\/moverdb.com\/sk\/wp-json\/wp\/v2\/pages\/1650\/revisions"}],"predecessor-version":[{"id":6196,"href":"https:\/\/moverdb.com\/sk\/wp-json\/wp\/v2\/pages\/1650\/revisions\/6196"}],"wp:attachment":[{"href":"https:\/\/moverdb.com\/sk\/wp-json\/wp\/v2\/media?parent=1650"}],"curies":[{"name":"wp","href":"https:\/\/api.w.org\/{rel}","templated":true}]}}