{"id":1644,"date":"2017-02-23T09:28:26","date_gmt":"2017-02-23T09:28:26","guid":{"rendered":"http:\/\/moverdb.com\/?page_id=1644"},"modified":"2026-01-08T14:48:02","modified_gmt":"2026-01-08T14:48:02","slug":"conroy-removals","status":"publish","type":"page","link":"https:\/\/moverdb.com\/sk\/conroy-removals\/","title":{"rendered":"Conroy Removals - Medzin\u00e1rodn\u00e9 s\u0165ahovanie Recenzie"},"content":{"rendered":"<p>Spolo\u010dnos\u0165 Conroy Removals pon\u00faka svojim z\u00e1kazn\u00edkom \u0161irok\u00fa \u0161k\u00e1lu s\u0165ahovac\u00edch slu\u017eieb v oboch <a href=\"https:\/\/moverdb.com\/sk\/moving-to-australia\/living-in-australia\/\" data-internallinksmanager029f6b8e52c=\"240\" title=\"21 tajomstiev o \u017eivote v Austr\u00e1lii, ktor\u00e9 by ste mali vedie\u0165 pred pres\u0165ahovan\u00edm\">Austr\u00e1lia<\/a> a <a href=\"https:\/\/moverdb.com\/sk\/moving-to-new-zealand\/\" data-internallinksmanager029f6b8e52c=\"324\" title=\"S\u0165ahujete sa na Nov\u00fd Z\u00e9land? 2026 N\u00e1klady na \u017eivot a tipy na pres\u0165ahovanie\">Nov\u00fd Z\u00e9land<\/a>. Ich zoznam je uveden\u00fd ni\u017e\u0161ie spolu s profilom spolo\u010dnosti a recenziami.<\/p>\n<p><strong><a href=\"https:\/\/moverdb.com\/sk\/international-removals\/\" data-internallinksmanager029f6b8e52c=\"27\" title=\"36 najlep\u0161\u00edch medzin\u00e1rodn\u00fdch s\u0165ahovac\u00edch spolo\u010dnost\u00ed v Spojenom kr\u00e1\u013eovstve\">Medzin\u00e1rodn\u00e9 s\u0165ahovanie<\/a><\/strong><\/p>\n<ul>\n<li> Osobn\u00fd koordin\u00e1tor s\u0165ahovania<\/li>\n<li> Od dver\u00ed k dver\u00e1m<\/li>\n<li> Komplexn\u00e9 balenie, \u010diasto\u010dn\u00e9 balenie a balenie pre dom\u00e1cich majstrov<\/li>\n<li> Demont\u00e1\u017e a op\u00e4tovn\u00e1 mont\u00e1\u017e n\u00e1bytku<\/li>\n<li> <a href=\"https:\/\/moverdb.com\/sk\/automobilova-doprava-a-preprava\/\">Preprava automobilov<\/a>, motocykle, \u010dlny a pr\u00edvesy<\/li>\n<li> N\u00e1morn\u00e1 preprava - <a href=\"https:\/\/moverdb.com\/sk\/kontajnerova-preprava\/\">Preprava kontajnerov FCL\/LCL<\/a><\/li>\n<li> Leteck\u00e1 n\u00e1kladn\u00e1 doprava<\/li>\n<li> K dispoz\u00edcii je dlhodob\u00e9 a kr\u00e1tkodob\u00e9 skladovanie<\/li>\n<li> K dispoz\u00edcii je kompletn\u00e1 slu\u017eba vybalenia<\/li>\n<li> Odstra\u0148ovanie sut\u00edn<\/li>\n<li> Coln\u00e9 odbavenie a pomoc s potrebnou dokument\u00e1ciou<\/li>\n<li> Organizovan\u00e9 poistenie<\/li>\n<li> Dev\u00edzov\u00e9 slu\u017eby<\/li>\n<\/ul>\n<p><strong>Medzi\u0161t\u00e1tne, dia\u013ekov\u00e9 a miestne presuny<\/strong><\/p>\n<ul>\n<li> \u0160pecializovan\u00fd odborn\u00edk na s\u0165ahovanie<\/li>\n<li> Od dver\u00ed k dver\u00e1m<\/li>\n<li> K dispoz\u00edcii s\u00fa r\u00f4zne bal\u00edky<\/li>\n<li> Kompletn\u00e9 baliace slu\u017eby, balenie krehk\u00fdch predmetov alebo balenie \"urob si s\u00e1m<\/li>\n<li> Demont\u00e1\u017e a op\u00e4tovn\u00e1 mont\u00e1\u017e n\u00e1bytku<\/li>\n<li> K dispoz\u00edcii je dlhodob\u00e9 a kr\u00e1tkodob\u00e9 skladovanie<\/li>\n<li> K dispoz\u00edcii je slu\u017eba vyba\u013eovania<\/li>\n<li> Zriaden\u00e9 poistenie<\/li>\n<\/ul>\n<p><strong>Premiest\u0148ovanie firiem<\/strong><\/p>\n<ul>\n<li> S\u0165ahovanie tovaru pre dom\u00e1cnos\u0165<\/li>\n<li> Vyh\u013ead\u00e1vanie na domovskej str\u00e1nke<\/li>\n<li> Vyh\u013ead\u00e1vanie v \u0161kol\u00e1ch<\/li>\n<li> Orient\u00e1cia<\/li>\n<li> Jazykov\u00e1 pr\u00edprava<\/li>\n<li> Kr\u00e1tkodob\u00e9 ubytovanie<\/li>\n<li> <a href=\"https:\/\/moverdb.com\/sk\/automobilova-doprava-a-preprava\/\">Preprava a preprava motorov\u00fdch vozidiel<\/a><\/li>\n<li> Preprava dom\u00e1cich zvierat<\/li>\n<li> Upratovanie domu<\/li>\n<li> Valet vybalenie<\/li>\n<li> Dev\u00edzov\u00e9 kurzy<\/li>\n<\/ul>\n<h2>Profil spolo\u010dnosti Conroy Removals<\/h2>\n<p>Spolo\u010dnos\u0165 Conroy Removals of Australia and New Zealand za\u010dala svoju \u010dinnos\u0165 v roku 1972. M\u00e1 pobo\u010dky po celej Austr\u00e1lii aj na Novom Z\u00e9lande a pova\u017euje sa za najlep\u0161iu s\u0165ahovaciu spolo\u010dnos\u0165 v regi\u00f3ne. Spolo\u010dnos\u0165 Conroy m\u00e1 rozsiahlu sie\u0165 n\u00e1rodn\u00fdch a medzin\u00e1rodn\u00fdch partnerov a pobo\u010diek, v\u010faka \u010domu m\u00e1 pr\u00edstup len k viac ako 350 medzin\u00e1rodn\u00fdm partnerom.<\/p>\n<p>Spolo\u010dnos\u0165 sa sna\u017e\u00ed zni\u017eova\u0165 svoju uhl\u00edkov\u00fa stopu zni\u017eovan\u00edm, op\u00e4tovn\u00fdm pou\u017e\u00edvan\u00edm a recykl\u00e1ciou. Je tie\u017e presved\u010den\u00e1, \u017ee jej zamestnanci s\u00fa dobre vy\u0161kolen\u00ed a presved\u010den\u00ed o svojej schopnosti poskytova\u0165 vynikaj\u00face slu\u017eby vo v\u0161etkom, \u010do robia.<\/p>\n<p>Spolo\u010dnos\u0165 Conroy Removals (Austr\u00e1lia a Nov\u00fd Z\u00e9land) m\u00e1 tieto akredit\u00e1cie a pr\u00edslu\u0161nos\u0165:<\/p>\n<ul>\n<li> <a href=\"https:\/\/moverdb.com\/sk\/som\/\">Medzin\u00e1rodn\u00e1 asoci\u00e1cia s\u0165ahovate\u013eov<\/a> (<a href=\"https:\/\/moverdb.com\/sk\/iam\/\" data-internallinksmanager029f6b8e52c=\"23\" title=\"Vysvetlenie Medzin\u00e1rodnej asoci\u00e1cie s\u0165ahovate\u013eov (IAM)\">IAM<\/a>)<\/li>\n<li> <a href=\"https:\/\/moverdb.com\/sk\/britska-asociacia-vyrobcov\/\">Britsk\u00e1 asoci\u00e1cia s\u0165ahova\u010dov<\/a> (<a href=\"https:\/\/moverdb.com\/sk\/british-association-of-removers\/\" data-internallinksmanager029f6b8e52c=\"9\" title=\"Vysvetlenie Britskej asoci\u00e1cie s\u0165ahovate\u013eov (BAR)\">BAR<\/a>)<\/li>\n<li> <a href=\"https:\/\/moverdb.com\/sk\/afra\/\">Austr\u00e1lska asoci\u00e1cia s\u0165ahova\u010dov n\u00e1bytku<\/a> (<a href=\"https:\/\/moverdb.com\/sk\/afra\/\" data-internallinksmanager029f6b8e52c=\"7\" title=\"Vysvetlenie Austr\u00e1lskej asoci\u00e1cie s\u0165ahova\u010dov n\u00e1bytku (AFRA)\">AFRA<\/a>)<\/li>\n<li> <a href=\"https:\/\/moverdb.com\/sk\/aima\/\">Austr\u00e1lska asoci\u00e1cia medzin\u00e1rodn\u00fdch s\u0165ahovate\u013eov<\/a> (<a href=\"https:\/\/moverdb.com\/sk\/aima\/\" data-internallinksmanager029f6b8e52c=\"8\" title=\"Vysvetlenie Austr\u00e1lskej asoci\u00e1cie medzin\u00e1rodn\u00fdch s\u0165ahovate\u013eov (AIMA)\">AIMA<\/a>)<\/li>\n<li> Juhoafrick\u00e1 asoci\u00e1cia medzin\u00e1rodn\u00fdch prepravcov (SAIMA)<\/li>\n<li> Panamerick\u00e1 asoci\u00e1cia medzin\u00e1rodn\u00fdch s\u0165ahovate\u013eov (PAIMA)<\/li>\n<li> Novoz\u00e9landsk\u00e1 asoci\u00e1cia pre s\u0165ahovanie v z\u00e1mor\u00ed (NZOMA)<\/li>\n<li> <a href=\"https:\/\/moverdb.com\/sk\/fidi-faim\/\">Glob\u00e1lna aliancia FIDI<\/a><\/li>\n<\/ul>\n<p>Maj\u00fa austr\u00e1lske pobo\u010dky v:<\/p>\n<ul>\n<li> <a href=\"https:\/\/moverdb.com\/sk\/moving-to-brisbane\/\" data-internallinksmanager029f6b8e52c=\"255\" title=\"S\u0165ahujete sa do Brisbane? 2026 N\u00e1klady na b\u00fdvanie a tipy na pres\u0165ahovanie\">Brisbane<\/a><\/li>\n<li> <a href=\"https:\/\/moverdb.com\/sk\/stahovanie-do-sydney\/\">Sydney<\/a><\/li>\n<li> Melbourne<\/li>\n<li> Perth<\/li>\n<li> Townsville<\/li>\n<\/ul>\n<p>Kancel\u00e1rie na Novom Z\u00e9lande:<\/p>\n<ul>\n<li> Napier<\/li>\n<li> Auckland<\/li>\n<li> Tauranga<\/li>\n<li> Wellington<\/li>\n<li> Christchurch<\/li>\n<li> Nelson<\/li>\n<\/ul>\n<h2>Conroy Removals Recenzie<\/h2>\n<p><strong>Pozit\u00edvne:<\/strong><\/p>\n<ul>\n<li> <em>\"Balenie m\u00f4jho domu bolo vykonan\u00e9 vynikaj\u00faco, s ve\u013ekou starostlivos\u0165ou o v\u0161etky moje veci vo ve\u013emi efekt\u00edvnom \u010dasovom r\u00e1mci. V\u0161etko bolo preh\u013eadne zinventarizovan\u00e9 a vyba\u013eovanie bolo jednoduch\u00e9, v\u0161etky predmety sa dali \u013eahko n\u00e1js\u0165 a \u0161katule boli dobre pomenovan\u00e9 pre ka\u017ed\u00fa miestnos\u0165. V\u0161etky odpadky boli odstr\u00e1nen\u00e9 a dokonca mi boli odvezen\u00e9 aj niektor\u00e9 star\u00e9 krabice, \u010do mi ve\u013emi pomohlo pri upratovan\u00ed pr\u00e1zdneho domu.\"<\/em> - Svedectvo z\u00e1kazn\u00edka <a href=\"https:\/\/www.conroy.co.nz\/customer-reviews\/nz-to-overseas\" target=\"_blank\" rel=\"noopener\">prostredn\u00edctvom webovej str\u00e1nky NZ<\/a><\/li>\n<li> <em>\"Vynikaj\u00faca komunik\u00e1cia pred doru\u010den\u00edm a dvaja mu\u017ei, ktor\u00ed doru\u010dili n\u00e1\u0161 tovar, boli zdvoril\u00ed, priate\u013esk\u00ed, r\u00fdchli a ve\u013emi efekt\u00edvni.\"<\/em> - Recenzia z\u00e1kazn\u00edka prostredn\u00edctvom <a href=\"https:\/\/www.conroyremovals.com.au\/customer-reviews\/overseas-to-australia\" target=\"_blank\" rel=\"noopener\">Webov\u00e1 str\u00e1nka AU<\/a><\/li>\n<li> <em>\"S\u0165ahoval som sa u\u017e 25-kr\u00e1t a toto bola jednozna\u010dne najlep\u0161ia sk\u00fasenos\u0165 so s\u0165ahovan\u00edm. \u010eakujem Conroys!\"<\/em> - Jackie prostredn\u00edctvom <a href=\"http:\/\/www.productreview.com.au\/p\/conroy-removals.html?rating=5#reviews\" target=\"_blank\" rel=\"noopener\">Recenzia produktu<\/a><\/li>\n<li> <em>\"Pres\u00favanie ve\u013ek\u00fdch predmetov po Nz a do Austr\u00e1lie m\u00f4\u017ee by\u0165 \u0165a\u017ek\u00e9, ale t\u00edto chlapci to naozaj u\u013eah\u010dili.\"<\/em> - Dave prostredn\u00edctvom <a href=\"https:\/\/yellow.co.nz\/y\/conroy-removals-airpark-drive#detailsRatingsReviews\" target=\"_blank\" rel=\"noopener\">\u017dlt\u00e1<\/a><\/li>\n<\/ul>\n<p><strong>Negat\u00edvne:<\/strong><\/p>\n<ul>\n<li> <em>\"Napriek viacer\u00fdm telefon\u00e1tom (v\u0161etky i\u0161li do hlasovej schr\u00e1nky) a e-mailom som dva t\u00fd\u017edne od preclenia tovaru do telefon\u00e1tu doru\u010dovate\u013eov ni\u010d nepo\u010dul.\"<\/em> - Recenzia z\u00e1kazn\u00edka prostredn\u00edctvom <a href=\"https:\/\/www.conroy.co.nz\/customer-reviews\/overseas-to-nz\" target=\"_blank\" rel=\"noopener\">Webov\u00e1 str\u00e1nka NZ<\/a><\/li>\n<li> <em>\"Tovar bol preclen\u00fd pred 2 t\u00fd\u017ed\u0148ami. Okrem po\u017eiadavky na zaplatenie GST + cla (\u010do som urobil na druh\u00fd de\u0148) som sa nedozvedel ni\u010d o tom, kedy mi bude tovar doru\u010den\u00fd. Nechal som hlasov\u00fa schr\u00e1nku, e-maily a st\u00e1le ni\u010d. V podstate som sa zmierila s t\u00fdm, \u017ee svoj tovar u\u017e neuvid\u00edm.\"<\/em> - hodnotenie z\u00e1kazn\u00edka prostredn\u00edctvom <a href=\"https:\/\/www.conroyremovals.com.au\/customer-reviews\/australia-to-overseas\" target=\"_blank\" rel=\"noopener\">Webov\u00e1 str\u00e1nka AU<\/a><\/li>\n<li> <em>\"Bohu\u017eia\u013e sme nemali \u0161\u0165astie pri s\u0165ahovan\u00ed, tovar bol po\u0161koden\u00fd kv\u00f4li nespr\u00e1vnemu baleniu a spolo\u010dnos\u0165 Conroy nechce prevzia\u0165 \u017eiadnu zodpovednos\u0165.\"<\/em> - Karen prostredn\u00edctvom <a href=\"https:\/\/www.mymovingreviews.com\/movers\/conroy-removals-1807#58945\" target=\"_blank\" rel=\"noopener\">Moje s\u0165ahovanie Recenzie<\/a><\/li>\n<li> <em>\"Ve\u013emi neskoro, bol som z toho sklaman\u00fd, ale zostali v kontakte, tak\u017ee za to im patr\u00ed uznanie. Tie\u017e za rozumn\u00fa cenu.\"<\/em> - Jon prostredn\u00edctvom <a href=\"https:\/\/www.nocowboys.co.nz\/businesses\/conroy-removals-\" target=\"_blank\" rel=\"noopener\">NoCowboys<\/a><\/li>\n<\/ul>\n<div itemprop=\"review\" itemscope itemtype=\"http:\/\/schema.org\/Review\">\n<span itemprop=\"author\" itemscope=\"\" itemtype=\"http:\/\/schema.org\/Organization\"><span itemprop=\"name\">MoverDB.com<\/span><\/span> Online preh\u013ead webov\u00fdch str\u00e1nok pre <span itemprop=\"itemreviewed\" itemscope=\"\" itemtype=\"http:\/\/schema.org\/Brand\"><span itemprop=\"name\">Conroy Removals<\/span><\/span>:<\/p>\n<ol>\n<li> Jasn\u00e9 kontaktn\u00e9 \u00fadaje na webovej str\u00e1nke (vr\u00e1tane telef\u00f3nneho \u010d\u00edsla): <strong>\u00c1no<\/strong><\/li>\n<li> Jednoduch\u00e9 z\u00edskanie <a href=\"https:\/\/moverdb.com\/sk\/citaty\/\">medzin\u00e1rodn\u00e9 s\u0165ahovanie cit\u00e1cie<\/a>? (Online formul\u00e1r \u017eiadosti o odhad): <strong>\u00c1no<\/strong><\/li>\n<li> Jasn\u00e9 inform\u00e1cie na webovej str\u00e1nke: <strong>\u00c1no,<\/strong> na webovej str\u00e1nke n\u00e1jdete mno\u017estvo ve\u013emi podrobn\u00fdch inform\u00e1ci\u00ed.<\/li>\n<li> \u010dlenstvo v medzin\u00e1rodn\u00fdch uzn\u00e1van\u00fdch organiz\u00e1ci\u00e1ch pohybliv\u00fdch zvierat: <strong>\u00c1no<\/strong>, (mnoh\u00e9, pozri vy\u0161\u0161ie)<\/li>\n<li> Zoznam klientov a\/alebo referencie predch\u00e1dzaj\u00facich z\u00e1kazn\u00edkov: <strong>\u00c1no,<\/strong> Na webovej lokalite spolo\u010dnosti s\u00fa k dispoz\u00edcii pozit\u00edvne aj negat\u00edvne referencie z\u00e1kazn\u00edkov, ktor\u00e9 m\u00f4\u017eete triedi\u0165 pod\u013ea po\u010dtu hviezdi\u010diek a typu pohybu.<\/li>\n<\/ol>\n<div itemprop=\"reviewRating\" itemscope itemtype=\"http:\/\/schema.org\/Rating\"><meta itemprop=\"worstRating\" content = \"0\" \/><meta itemprop=\"bestRating\" content=\"5\" \/><meta itemprop=\"ratingValue\" content=\"5\"><\/div>\n<p><strong>Celkov\u00e9 hodnotenie: 5\/5<\/strong><br \/>\n<strong>D\u00e1tum recenzie:<\/strong> <span itemprop=\"datePublished\" content=\"2017-02-23\">23\/02\/2017<\/span>\n<\/div>\n<p>Pre\u010d\u00edtajte si viac o <a href=\"https:\/\/moverdb.com\/sk\/stahovacie-spolocnosti\/\">medzin\u00e1rodn\u00e9 s\u0165ahovacie spolo\u010dnosti<\/a> a na\u0161e <a href=\"https:\/\/moverdb.com\/sk\/recenzie\/\">proces presk\u00famania<\/a>.<\/p>\n<p><strong>Webov\u00e9 str\u00e1nky:<\/strong> AU: <a href=\"https:\/\/www.conroyremovals.com.au\/\" target=\"_blank\" rel=\"noopener\">https:\/\/www.conroyremovals.com.au\/<\/a>, NZ: <a href=\"https:\/\/www.conroy.co.nz\/\" target=\"_blank\" rel=\"noopener\">https:\/\/www.conroy.co.nz\/<\/a><\/p>","protected":false},"excerpt":{"rendered":"<p>Conroy Removals offers its customers a wide variety of removal services in both Australia and New Zealand. These are listed below, together with a company profile and reviews. International Removals Personal moving coordinator Door to door Full service packing, partial packing and DIY packing Dismantling and reassembly of furniture Shipping of cars, motorbikes, boats and [&hellip;]<\/p>\n","protected":false},"author":1,"featured_media":0,"parent":0,"menu_order":0,"comment_status":"closed","ping_status":"closed","template":"","meta":{"_genesis_hide_title":false,"_genesis_hide_breadcrumbs":false,"_genesis_hide_singular_image":false,"_genesis_hide_footer_widgets":false,"_genesis_custom_body_class":"","_genesis_custom_post_class":"","_genesis_layout":"","footnotes":""},"class_list":{"0":"post-1644","1":"page","2":"type-page","3":"status-publish","5":"entry"},"_links":{"self":[{"href":"https:\/\/moverdb.com\/sk\/wp-json\/wp\/v2\/pages\/1644","targetHints":{"allow":["GET"]}}],"collection":[{"href":"https:\/\/moverdb.com\/sk\/wp-json\/wp\/v2\/pages"}],"about":[{"href":"https:\/\/moverdb.com\/sk\/wp-json\/wp\/v2\/types\/page"}],"author":[{"embeddable":true,"href":"https:\/\/moverdb.com\/sk\/wp-json\/wp\/v2\/users\/1"}],"replies":[{"embeddable":true,"href":"https:\/\/moverdb.com\/sk\/wp-json\/wp\/v2\/comments?post=1644"}],"version-history":[{"count":10,"href":"https:\/\/moverdb.com\/sk\/wp-json\/wp\/v2\/pages\/1644\/revisions"}],"predecessor-version":[{"id":6194,"href":"https:\/\/moverdb.com\/sk\/wp-json\/wp\/v2\/pages\/1644\/revisions\/6194"}],"wp:attachment":[{"href":"https:\/\/moverdb.com\/sk\/wp-json\/wp\/v2\/media?parent=1644"}],"curies":[{"name":"wp","href":"https:\/\/api.w.org\/{rel}","templated":true}]}}