{"id":1642,"date":"2017-07-04T10:17:22","date_gmt":"2017-07-04T10:17:22","guid":{"rendered":"http:\/\/moverdb.com\/?page_id=1642"},"modified":"2026-01-08T14:48:07","modified_gmt":"2026-01-08T14:48:07","slug":"presuvanie-koruny","status":"publish","type":"page","link":"https:\/\/moverdb.com\/sk\/crown-moving\/","title":{"rendered":"Crown Moving Co Inc - Medzin\u00e1rodn\u00e9 s\u0165ahovanie Recenzie"},"content":{"rendered":"<p>Spolo\u010dnos\u0165 Crown Moving Co Inc bola zalo\u017een\u00e1 v <a href=\"https:\/\/moverdb.com\/sk\/stahovanie-do-seattlu\/\">Seattle<\/a> a pon\u00fakla svojim z\u00e1kazn\u00edkom r\u00f4zne slu\u017eby. Tie s\u00fa uveden\u00e9 ni\u017e\u0161ie spolu s profilom spolo\u010dnosti a recenziami.<\/p>\n<p><strong>Medzin\u00e1rodn\u00e9 s\u0165ahovanie<\/strong><\/p>\n<p>Slu\u017eby pred pridelen\u00edm<\/p>\n<ul>\n<li> V\u00edzov\u00e9 a imigra\u010dn\u00e9 slu\u017eby<\/li>\n<li> Prehliadka v\u00fdletu a orient\u00e1cia v oblasti<\/li>\n<li> Inform\u00e1cie o krajine a kult\u00fare<\/li>\n<\/ul>\n<p>S\u0165ahovacie slu\u017eby<\/p>\n<ul>\n<li> Pl\u00e1novanie pred s\u0165ahovan\u00edm<\/li>\n<li> Preprava vec\u00ed<\/li>\n<li> Riadenie presunu<\/li>\n<li> Sledovanie z\u00e1sielok<\/li>\n<\/ul>\n<p>Medzin\u00e1rodn\u00e9 destina\u010dn\u00e9 slu\u017eby<\/p>\n<ul>\n<li> Kult\u00farna a jazykov\u00e1 pr\u00edprava<\/li>\n<li> Pomoc \u0161kole<\/li>\n<li> Podpora partnera\/man\u017eela<\/li>\n<li> Usadenie sa v slu\u017ebe<\/li>\n<li> Pomoc pri odchode<\/li>\n<\/ul>\n<p>Ochrann\u00e9 slu\u017eby<\/p>\n<ul>\n<li> N\u00e1sobite\u013e hmotnosti<\/li>\n<li> Z\u00e1soby vysokej hodnoty<\/li>\n<li> Inventariz\u00e1cia s uveden\u00edm hodnoty v polo\u017ek\u00e1ch<\/li>\n<\/ul>\n<p>Pomoc pri b\u00fdvan\u00ed<\/p>\n<ul>\n<li> Slu\u017eby vyh\u013ead\u00e1vania domov<\/li>\n<li> Do\u010dasn\u00e9 ubytovanie<\/li>\n<li> Spr\u00e1va nehnute\u013enost\u00ed a n\u00e1jomn\u00fdch zml\u00fav<\/li>\n<\/ul>\n<p><strong>Miestne a dia\u013ekov\u00e9 presuny<\/strong><\/p>\n<ul>\n<li> Mana\u017e\u00e9r osobn\u00e9ho presunu<\/li>\n<li> Slu\u017eba od dver\u00ed k dver\u00e1m<\/li>\n<li> Komplexn\u00e9 balenie, balenie krehk\u00fdch predmetov alebo balenie vo vlastnej r\u00e9\u017eii<\/li>\n<li> Demont\u00e1\u017e a op\u00e4tovn\u00e1 mont\u00e1\u017e n\u00e1bytku<\/li>\n<li> Slu\u017eba vyba\u013eovania<\/li>\n<li> Zriaden\u00e9 poistenie<\/li>\n<li> Kr\u00e1tkodob\u00e9 a dlhodob\u00e9 skladovanie<\/li>\n<\/ul>\n<p><strong>Kancel\u00e1rske, priemyseln\u00e9 a obchodn\u00e9 v\u00fdstavy<\/strong><\/p>\n<ul>\n<li> Osobn\u00fd poradca pre s\u0165ahovanie<\/li>\n<li> Presn\u00e9 pl\u00e1novanie<\/li>\n<li> Od dver\u00ed k dver\u00e1m<\/li>\n<li> Balenie<\/li>\n<li> S\u0165ahovanie po pracovnej dobe a cez v\u00edkend<\/li>\n<li> Demont\u00e1\u017e a op\u00e4tovn\u00e1 mont\u00e1\u017e n\u00e1bytku<\/li>\n<li> Rozba\u013eovanie<\/li>\n<li> Demont\u00e1\u017e a in\u0161tal\u00e1cia IT<\/li>\n<li> Dlhodob\u00e9 a kr\u00e1tkodob\u00e9 skladovanie<\/li>\n<\/ul>\n<p><strong>\u00dalo\u017eisko<\/strong><\/p>\n<ul>\n<li> Dlhodob\u00e9 a kr\u00e1tkodob\u00e9<\/li>\n<li> Skladovanie z\u00e1znamov s riadenou teplotou<\/li>\n<li> NEPRETR\u017dIT\u00dd KAMEROV\u00dd SYST\u00c9M<\/li>\n<li> Protipo\u017eiarna ochrana<\/li>\n<\/ul>\n<h2>Crown Moving Co Inc Profil spolo\u010dnosti<\/h2>\n<p><em><strong>Upozor\u0148ujeme<\/strong>: Spolo\u010dnos\u0165 Crown Moving Co Inc je teraz zatvoren\u00e1. Svojim z\u00e1kazn\u00edkom odpor\u00fa\u010daj\u00fa pou\u017e\u00edva\u0165: <a href=\"https:\/\/moverdb.com\/sk\/bekins-van-lines\/\">Spolo\u010dnos\u0165 Bekins Northwest<\/a> namiesto toho.<\/em><\/p>\n<p>Spolo\u010dnos\u0165 Crown Moving Co Inc bola zalo\u017een\u00e1 v roku 1967 a s\u00eddlila v <a href=\"https:\/\/moverdb.com\/sk\/moving-to-seattle\/\" data-internallinksmanager029f6b8e52c=\"65\" title=\"S\u0165ahujete sa do Seattlu? 2022 N\u00e1klady na b\u00fdvanie a tipy na pres\u0165ahovanie\">Seattle<\/a>, Washington. V roku 1978 bola spolo\u010dnos\u0165 odk\u00fapen\u00e1 a boli otvoren\u00e9 nov\u00e9 kancel\u00e1rie v Moses Lake a Spokane. <\/p>\n<p>Spolo\u010dnos\u0165 Crown Moving sa stala agentom pre <a href=\"https:\/\/moverdb.com\/sk\/mayflower-transit\/\">Mayflower<\/a> v roku 1982, a preto maj\u00fa k dispoz\u00edcii v\u0161etky odborn\u00e9 znalosti spolo\u010dnosti Mayflower, ako aj svoje vlastn\u00e9. Spolo\u010dnos\u0165 bola najv\u00e4\u010d\u0161\u00edm z\u00e1stupcom spolo\u010dnosti Mayflower vo Washingtone.<\/p>\n<p>Spolo\u010dnos\u0165 Crown Moving Co Inc m\u00e1 tieto akredit\u00e1cie a afili\u00e1cie:<\/p>\n<ul>\n<li> <a href=\"https:\/\/moverdb.com\/sk\/amsa\/\">Americk\u00e1 asoci\u00e1cia s\u0165ahovate\u013eov<\/a> (<a href=\"https:\/\/moverdb.com\/sk\/amsa\/\" data-internallinksmanager029f6b8e52c=\"5\" title=\"Vysvetlenie Americkej asoci\u00e1cie pre s\u0165ahovanie a skladovanie (AMSA)\">AMSA<\/a>)<\/li>\n<li> Better Business Bureau (BBB)<\/li>\n<\/ul>\n<p><strong>Crown Moving Co Inc Recenzie<\/strong><\/p>\n<p><strong>Pozit\u00edvne:<\/strong><\/p>\n<ul>\n<li> <em>\"Pri\u0161iel v\u010das, s \u00fa\u017easn\u00fdmi osobnos\u0165ami a hne\u010f sme sa za\u010dali rozpr\u00e1va\u0165 o kritick\u00fdch veciach, ktor\u00e9 som potreboval pres\u0165ahova\u0165 s mimoriadnou starostlivos\u0165ou.\"<\/em> Jackie R prostredn\u00edctvom <a href=\"https:\/\/www.yelp.com\/biz\/crown-moving-co-seattle-2?hrid=jSdhPA7gxsSt8Syf1zSn4w&#038;utm_campaign=www_review_share_popup&#038;utm_medium=copy_link&#038;utm_source=(direct)\" target=\"_blank\" rel=\"noopener\">Yelp<\/a><\/li>\n<li> <em>\"Koruna dokon\u010dila moju vojensk\u00fa zmenu stanice.\" <\/em> Timothy M prostredn\u00edctvom <a href=\"https:\/\/www.bbb.org\/\" target=\"_blank\" rel=\"noopener\">BBB<\/a><\/li>\n<\/ul>\n<p><strong>Negat\u00edvne:<\/strong><\/p>\n<ul>\n<li> <em>\"Moja sk\u00fasenos\u0165 so spolo\u010dnos\u0165ou Crown Moving bola jedna z t\u00fdch, na ktor\u00e9 d\u00fafam \u010doskoro zabudnem.\"<\/em> - Rob D. prostredn\u00edctvom <a href=\"https:\/\/www.yelp.com\/biz\/crown-moving-co-seattle-2?hrid=i13sBXhBe0pzOXO2FJYCQQ&#038;utm_campaign=www_review_share_popup&#038;utm_medium=copy_link&#038;utm_source=(direct)\" target=\"_blank\" rel=\"noopener\">Yelp<\/a><\/li>\n<\/ul>\n<div itemprop=\"review\" itemscope itemtype=\"http:\/\/schema.org\/Review\">\n<span itemprop=\"author\" itemscope=\"\" itemtype=\"http:\/\/schema.org\/Organization\"><span itemprop=\"name\">MoverDB.com<\/span><\/span> Online preh\u013ead webov\u00fdch str\u00e1nok pre <span itemprop=\"itemreviewed\" itemscope=\"\" itemtype=\"http:\/\/schema.org\/Brand\"><span itemprop=\"name\">Crown Moving Co Inc<\/span><\/span>:<\/p>\n<ol>\n<li> Jasn\u00e9 kontaktn\u00e9 \u00fadaje na webovej str\u00e1nke (vr\u00e1tane telef\u00f3nneho \u010d\u00edsla): <strong>\u00c1no<\/strong><\/li>\n<li> Jednoduch\u00e9 z\u00edskanie <a href=\"https:\/\/moverdb.com\/sk\/citaty\/\">medzin\u00e1rodn\u00e9 s\u0165ahovanie cit\u00e1cie<\/a>? (Online formul\u00e1r \u017eiadosti o odhad): <strong>\u00c1no<\/strong><\/li>\n<li> Jasn\u00e9 inform\u00e1cie na webovej str\u00e1nke: <strong>Nie<\/strong><\/li>\n<li> \u010dlenstvo v medzin\u00e1rodn\u00fdch uzn\u00e1van\u00fdch organiz\u00e1ci\u00e1ch pohybliv\u00fdch zvierat: <strong>\u00c1no<\/strong>, (pozri vy\u0161\u0161ie)<\/li>\n<li> Zoznam klientov a\/alebo referencie predch\u00e1dzaj\u00facich z\u00e1kazn\u00edkov. <strong>Nie je relevantn\u00e9,<\/strong> ke\u010f\u017ee spolo\u010dnos\u0165 prestala podnika\u0165.<\/li>\n<\/ol>\n<div itemprop=\"reviewRating\" itemscope itemtype=\"http:\/\/schema.org\/Rating\"><meta itemprop=\"worstRating\" content = \"0\" \/><meta itemprop=\"bestRating\" content=\"5\" \/><meta itemprop=\"ratingValue\" content=\"4\"><\/div>\n<p><strong>Celkov\u00e9 hodnotenie: 4\/5<\/strong><br \/>\n<strong>D\u00e1tum recenzie:<\/strong> <span itemprop=\"datePublished\" content=\"2017-07-04\">04\/07\/2017<\/span>\n<\/div>\n<p>Pre\u010d\u00edtajte si viac o <a href=\"https:\/\/moverdb.com\/sk\/stahovacie-spolocnosti\/\">medzin\u00e1rodn\u00e9 s\u0165ahovacie spolo\u010dnosti<\/a>, <a href=\"https:\/\/moverdb.com\/sk\/us-kanada-stehovaci\/\">dom\u00e1ce s\u0165ahovacie spolo\u010dnosti<\/a> a na\u0161e <a href=\"https:\/\/moverdb.com\/sk\/recenzie\/\">vysvetlen\u00fd proces presk\u00famania<\/a>.<\/p>\n<p><strong>Webov\u00e1 lokalita:<\/strong> <a href=\"http:\/\/www.crownmoving.com\/\" target=\"_blank\" rel=\"noopener\">http:\/\/www.crownmoving.com\/<\/a><\/p>","protected":false},"excerpt":{"rendered":"<p>Crown Moving Co Inc was based in Seattle and offered its customers a variety of services. These are listed below together with a company profile and reviews. International Moves Pre-assignment Services Visa and immigration services Preview trip and area orientation Country and culture information Moving Services Pre-move planning Transportation of belongings Managing the move Shipment [&hellip;]<\/p>\n","protected":false},"author":1,"featured_media":0,"parent":0,"menu_order":0,"comment_status":"closed","ping_status":"closed","template":"","meta":{"_genesis_hide_title":false,"_genesis_hide_breadcrumbs":false,"_genesis_hide_singular_image":false,"_genesis_hide_footer_widgets":false,"_genesis_custom_body_class":"","_genesis_custom_post_class":"","_genesis_layout":"","footnotes":""},"class_list":{"0":"post-1642","1":"page","2":"type-page","3":"status-publish","5":"entry"},"_links":{"self":[{"href":"https:\/\/moverdb.com\/sk\/wp-json\/wp\/v2\/pages\/1642","targetHints":{"allow":["GET"]}}],"collection":[{"href":"https:\/\/moverdb.com\/sk\/wp-json\/wp\/v2\/pages"}],"about":[{"href":"https:\/\/moverdb.com\/sk\/wp-json\/wp\/v2\/types\/page"}],"author":[{"embeddable":true,"href":"https:\/\/moverdb.com\/sk\/wp-json\/wp\/v2\/users\/1"}],"replies":[{"embeddable":true,"href":"https:\/\/moverdb.com\/sk\/wp-json\/wp\/v2\/comments?post=1642"}],"version-history":[{"count":5,"href":"https:\/\/moverdb.com\/sk\/wp-json\/wp\/v2\/pages\/1642\/revisions"}],"predecessor-version":[{"id":6198,"href":"https:\/\/moverdb.com\/sk\/wp-json\/wp\/v2\/pages\/1642\/revisions\/6198"}],"wp:attachment":[{"href":"https:\/\/moverdb.com\/sk\/wp-json\/wp\/v2\/media?parent=1642"}],"curies":[{"name":"wp","href":"https:\/\/api.w.org\/{rel}","templated":true}]}}