{"id":1640,"date":"2017-02-01T15:26:12","date_gmt":"2017-02-01T15:26:12","guid":{"rendered":"http:\/\/moverdb.com\/?page_id=1640"},"modified":"2026-01-08T14:48:08","modified_gmt":"2026-01-08T14:48:08","slug":"premiestnenie-koruny","status":"publish","type":"page","link":"https:\/\/moverdb.com\/sk\/crown-relocations\/","title":{"rendered":"Crown Relocations - Medzin\u00e1rodn\u00e9 s\u0165ahovanie Recenzie"},"content":{"rendered":"<p>Spolo\u010dnos\u0165 Crown Relocations m\u00e1 s\u00eddlo v <a href=\"https:\/\/moverdb.com\/sk\/moving-to-hong-kong\/\" data-internallinksmanager029f6b8e52c=\"350\" title=\"S\u0165ahujete sa do Hongkongu? 2026 N\u00e1klady na b\u00fdvanie a tipy na pres\u0165ahovanie\">Hongkong<\/a>. Svojim z\u00e1kazn\u00edkom pon\u00faka \u0161irok\u00fa \u0161k\u00e1lu s\u0165ahovac\u00edch slu\u017eieb, ktor\u00e9 s\u00fa uveden\u00e9 ni\u017e\u0161ie spolu s profilom spolo\u010dnosti a recenziami.<\/p>\n<p><strong>Medzin\u00e1rodn\u00e9 premiestnenie<\/strong><\/p>\n<ul>\n<li> Personalizovan\u00e9 slu\u017eby<\/li>\n<li> Slu\u017eba od dver\u00ed k dver\u00e1m<\/li>\n<li> Balenie - urobte si to sami, vybran\u00e9 polo\u017eky alebo kompletn\u00fd servis<\/li>\n<li> Skladovanie - kr\u00e1tkodob\u00e9 a dlhodob\u00e9<\/li>\n<li> Online n\u00e1stroje na sledovanie<\/li>\n<li> Premiestnenie dom\u00e1ceho zviera\u0165a<\/li>\n<li> Imigra\u010dn\u00e9 slu\u017eby<\/li>\n<li> Medzikult\u00farna odborn\u00e1 pr\u00edprava<\/li>\n<li> Jazykov\u00e1 pr\u00edprava<\/li>\n<li> Slu\u017eby predaja domov<\/li>\n<li> Spr\u00e1va nehnute\u013enost\u00ed<\/li>\n<li> Uk\u00e1\u017eka slu\u017eieb v\u00fdletu<\/li>\n<li> Pomoc pri h\u013eadan\u00ed domova<\/li>\n<li> Vyh\u013ead\u00e1vanie v \u0161kol\u00e1ch<\/li>\n<li> Orient\u00e1cia po pr\u00edchode<\/li>\n<li> Podpora kari\u00e9ry partnerov<\/li>\n<li> Slu\u017eby \u00fadr\u017eb\u00e1rov a pomocn\u00edkov v dom\u00e1cnosti<\/li>\n<li> Pren\u00e1jom n\u00e1bytku<\/li>\n<li> Podpora pri pridelen\u00ed<\/li>\n<\/ul>\n<p><strong>Miestne a dia\u013ekov\u00e9 premiestnenie<\/strong><\/p>\n<ul>\n<li> Personalizovan\u00e9 slu\u017eby<\/li>\n<li> Slu\u017eba od dver\u00ed k dver\u00e1m<\/li>\n<li> Komplexn\u00e9 balenie, balenie krehk\u00fdch predmetov alebo balenie pre dom\u00e1cich majstrov<\/li>\n<li> Slu\u017eba vyba\u013eovania<\/li>\n<li> Likvid\u00e1cia odpadu<\/li>\n<li> Premiestnenie dom\u00e1ceho zviera\u0165a<\/li>\n<li> Zabezpe\u010denie dlhodob\u00e9ho a kr\u00e1tkodob\u00e9ho skladovania<\/li>\n<li> Poistenie<\/li>\n<\/ul>\n<h2>Profil spolo\u010dnosti Crown Relocations<\/h2>\n<p>Spolo\u010dnos\u0165 Crown Relocations je s\u00fa\u010das\u0165ou skupiny Crown Worldwide Group so s\u00eddlom v Hongkongu. James E. Thompson zalo\u017eil skupinu v roku 1965, ke\u010f \u017eil v Jokohame, <a href=\"https:\/\/moverdb.com\/sk\/moving-to-japan\/\" data-internallinksmanager029f6b8e52c=\"342\" title=\"S\u0165ahovanie do Japonska? 2026 N\u00e1klady na \u017eivot a tipy na pres\u0165ahovanie\">Japonsko<\/a>. Za\u010dal s $1,000 a dostal zmluvu s <a href=\"https:\/\/moverdb.com\/sk\/moving-to-the-united-states\/\" data-internallinksmanager029f6b8e52c=\"94\" title=\"S\u0165ahujete sa do Spojen\u00fdch \u0161t\u00e1tov? 2022 \u017divotn\u00e9 n\u00e1klady a tipy na pres\u0165ahovanie\">US<\/a> arm\u00e1dy na presun person\u00e1lu do Japonska a z Japonska. <\/p>\n<p>Thompson je st\u00e1le gener\u00e1lnym riadite\u013eom skupiny a v roku 1978 pres\u0165ahoval seba a \u00fastredie spolo\u010dnosti do Hongkongu. V s\u00fa\u010dasnosti m\u00e1 spolo\u010dnos\u0165 viac ako 265 pobo\u010diek v 58 krajin\u00e1ch sveta a zamestn\u00e1va viac ako 3 100 \u013eud\u00ed 70 r\u00f4znych n\u00e1rodnost\u00ed. Spolo\u010dnos\u0165 Crown Relocations ro\u010dne uskuto\u010dn\u00ed v priemere 120 000 premiestnen\u00ed a disponuje pribli\u017ene 3,4 mili\u00f3nmi \u0161tvorcov\u00fdch st\u00f4p skladov\u00fdch priestorov.<\/p>\n<p>Spolo\u010dnos\u0165 Crown Relocations vyu\u017e\u00edva bohat\u00e9 sk\u00fasenosti skupiny Crown, s\u0165ahuje \u013eud\u00ed po celom svete a pom\u00e1ha im na ka\u017edom kroku. Cie\u013eom je minimalizova\u0165 otrasy a umo\u017eni\u0165 tak zamestnancom spolo\u010dnosti a jednotlivcom r\u00fdchlo sa prisp\u00f4sobi\u0165 nov\u00e9mu \u017eivotu.<\/p>\n<p>Spolo\u010dnos\u0165 Crown Relocation Services m\u00e1 tieto akredit\u00e1cie a pridru\u017eenia: -<\/p>\n<ul>\n<li> ISO 9001:2008<\/li>\n<li> <a href=\"https:\/\/moverdb.com\/sk\/som\/\">Medzin\u00e1rodn\u00e1 asoci\u00e1cia s\u0165ahovate\u013eov<\/a> (<a href=\"https:\/\/moverdb.com\/sk\/iam\/\" data-internallinksmanager029f6b8e52c=\"23\" title=\"Vysvetlenie Medzin\u00e1rodnej asoci\u00e1cie s\u0165ahovate\u013eov (IAM)\">IAM<\/a>)<\/li>\n<\/ul>\n<h2>Recenzie spolo\u010dnosti Crown Relocations<\/h2>\n<p><strong>Pozit\u00edvne:<\/strong><\/p>\n<ul>\n<li> <em>\"Boli sme \u00faplne ohromen\u00ed profesion\u00e1lnym, priate\u013esk\u00fdm a kompetentn\u00fdm sp\u00f4sobom cel\u00e9ho procesu, ktor\u00fd bol pre n\u00e1s absol\u00fatne vynikaj\u00faci od za\u010diatku a\u017e do konca!\"<\/em> - P\u00e1n G. a pani J. Webb prostredn\u00edctvom <a href=\"https:\/\/www.crownrelo.com\/intl\/en-gb\/page\/testimonials\" target=\"_blank\" rel=\"noopener\">str\u00e1nka s referenciami spolo\u010dnosti<\/a><\/li>\n<li> <em>\"So slu\u017ebami spolo\u010dnosti Crown sme ve\u013emi spokojn\u00ed a odpor\u00fa\u010dame ju ka\u017ed\u00e9mu.\"<\/em> - Phuc Do prostredn\u00edctvom <a href=\"http:\/\/www.productreview.com.au\/p\/crown-relocations-australia.html?rating=5#reviews\" target=\"_blank\" rel=\"noopener\">ProductReview.com.au<\/a><\/li>\n<li> <em>\"Priate\u013e odporu\u010dil Crown pre na\u0161e s\u0165ahovanie z Dohy, slu\u017eby boli vynikaj\u00face.\"<\/em> - Hilary prostredn\u00edctvom <a href=\"https:\/\/www.facebook.com\/pg\/CrownRelocations\/reviews\/\" target=\"_blank\" rel=\"noopener\">Str\u00e1nka na Facebooku<\/a><\/li>\n<li> <em>\"T\u00edto chlapci boli skvel\u00ed. Pri\u0161li na\u010das a bol som prekvapen\u00fd, ako boli r\u00fdchli.\"<\/em> - Yana prostredn\u00edctvom <a href=\"https:\/\/www.yelp.com\/biz\/crown-relocations-mililani?hrid=gPhaBuTV20YimRwN7q4Wyw&#038;utm_campaign=www_review_share_popup&#038;utm_medium=copy_link&#038;utm_source=(direct)\" target=\"_blank\" rel=\"noopener\">Yelp<\/a><\/li>\n<\/ul>\n<p><strong>Negat\u00edvne:<\/strong><\/p>\n<ul>\n<li> <em>\"Najhor\u0161ia spolo\u010dnos\u0165, s ktorou som kedy obchodoval. Nemaj\u00fa \u017eiadnu integritu a neber\u00fa na seba zodpovednos\u0165 za \u0161kody, ktor\u00e9 sp\u00f4sobili na mojom dome.\"<\/em> - Benjamin prostredn\u00edctvom <a href=\"https:\/\/www.yelp.com\/biz\/crown-relocations-mililani?hrid=R9s-xC375R-HSBYSZZI_ag&#038;utm_campaign=www_review_share_popup&#038;utm_medium=copy_link&#038;utm_source=(direct)\" target=\"_blank\" rel=\"noopener\">Yelp<\/a><\/li>\n<li> <em>\"Mali sme obrovsk\u00e9 mno\u017estvo \u0161k\u00f4d, ktor\u00e9 vznikli v\u00fdlu\u010dne z nedbal\u00e9ho balenia. Trvalo nieko\u013eko t\u00fd\u017ed\u0148ov, k\u00fdm odpovedali na na\u0161e po\u010detn\u00e9 e-maily a priznali, \u017ee to sp\u00f4sobilo nedbal\u00e9 balenie.\"<\/em> - Elizabeth prostredn\u00edctvom <a href=\"https:\/\/www.facebook.com\/pg\/CrownRelocations\/reviews\/\" target=\"_blank\" rel=\"noopener\">Str\u00e1nka na Facebooku<\/a><\/li>\n<li> \"Hrozn\u00e9. Drah\u00e9 a nedbal\u00e9. Person\u00e1l nereaguje okam\u017eite na ot\u00e1zky\" - LillithQ via <a href=\"http:\/\/www.productreview.com.au\/p\/crown-relocations-australia.html?rating=1#reviews\" target=\"_blank\" rel=\"noopener\">ProductReview.com.au<\/a><\/li>\n<\/ul>\n<div itemprop=\"review\" itemscope itemtype=\"http:\/\/schema.org\/Review\">\n<span itemprop=\"author\" itemscope=\"\" itemtype=\"http:\/\/schema.org\/Organization\"><span itemprop=\"name\">MoverDB.com<\/span><\/span> Online preh\u013ead webov\u00fdch str\u00e1nok pre <span itemprop=\"itemreviewed\" itemscope=\"\" itemtype=\"http:\/\/schema.org\/Brand\"><span itemprop=\"name\">Premiest\u0148ovanie kor\u00fan<\/span><\/span>:<\/p>\n<ol>\n<li> Jasn\u00e9 kontaktn\u00e9 \u00fadaje na webovej str\u00e1nke (vr\u00e1tane telef\u00f3nneho \u010d\u00edsla): <strong>\u00c1no<\/strong><\/li>\n<li> Jednoduch\u00e9 z\u00edskanie <a href=\"https:\/\/moverdb.com\/sk\/citaty\/\">medzin\u00e1rodn\u00e9 s\u0165ahovanie cit\u00e1cie<\/a>? (Online formul\u00e1r \u017eiadosti o odhad): <strong>\u00c1no<\/strong><\/li>\n<li> Jasn\u00e9 inform\u00e1cie na webovej str\u00e1nke: <strong>\u00c1no.<\/strong> Na webovej str\u00e1nke s\u00fa preh\u013eadne uveden\u00e9 v\u0161etky pon\u00fakan\u00e9 slu\u017eby a sprievodcovia destin\u00e1ciami.<\/li>\n<li> \u010dlenstvo v medzin\u00e1rodn\u00fdch uzn\u00e1van\u00fdch organiz\u00e1ci\u00e1ch pohybliv\u00fdch zvierat: <strong>\u00c1no<\/strong>, (pozri vy\u0161\u0161ie)<\/li>\n<li> Zoznam klientov a\/alebo referencie predch\u00e1dzaj\u00facich z\u00e1kazn\u00edkov. <strong>\u00c1no,<\/strong> Maj\u00fa str\u00e1nku s posudkami a recenzie z cel\u00e9ho webu sa zdaj\u00fa by\u0165 vo v\u0161eobecnosti pozit\u00edvne.<\/li>\n<\/ol>\n<div itemprop=\"reviewRating\" itemscope itemtype=\"http:\/\/schema.org\/Rating\"><meta itemprop=\"worstRating\" content = \"0\" \/><meta itemprop=\"bestRating\" content=\"5\" \/><meta itemprop=\"ratingValue\" content=\"5\"><\/div>\n<p><strong>Celkov\u00e9 hodnotenie: 5\/5<\/strong><br \/>\n<strong>D\u00e1tum recenzie:<\/strong> <span itemprop=\"datePublished\" content=\"2017-02-01\">01\/02\/2017<\/span>\n<\/div>\n<p>Pre\u010d\u00edtajte si viac o <a href=\"https:\/\/moverdb.com\/sk\/stahovacie-spolocnosti\/\">medzin\u00e1rodn\u00e9 s\u0165ahovacie spolo\u010dnosti<\/a> a na\u0161e <a href=\"https:\/\/moverdb.com\/sk\/recenzie\/\">proces presk\u00famania<\/a>.<\/p>\n<p><strong>Webov\u00e9 str\u00e1nky:<\/strong> <a href=\"https:\/\/www.crownrelo.com\/\" target=\"_blank\" rel=\"noopener\">https:\/\/www.crownrelo.com\/<\/a>; USA: <a href=\"https:\/\/www.crownworldwide.com\/en-us\" rel=\"noopener\" target=\"_blank\">https:\/\/www.crownworldwide.com\/en-us<\/a><\/p>","protected":false},"excerpt":{"rendered":"<p>Crown Relocations has its headquarters in Hong Kong. It offers its customers a range of relocation and moving services and these are listed below, together with a company profile and reviews. International Relocation Personalised service Door to door service Packing &#8211; do it yourself, selected items or full service Storage &#8211; short and long term [&hellip;]<\/p>\n","protected":false},"author":1,"featured_media":0,"parent":0,"menu_order":0,"comment_status":"closed","ping_status":"closed","template":"","meta":{"_genesis_hide_title":false,"_genesis_hide_breadcrumbs":false,"_genesis_hide_singular_image":false,"_genesis_hide_footer_widgets":false,"_genesis_custom_body_class":"","_genesis_custom_post_class":"","_genesis_layout":"","footnotes":""},"class_list":{"0":"post-1640","1":"page","2":"type-page","3":"status-publish","5":"entry"},"_links":{"self":[{"href":"https:\/\/moverdb.com\/sk\/wp-json\/wp\/v2\/pages\/1640","targetHints":{"allow":["GET"]}}],"collection":[{"href":"https:\/\/moverdb.com\/sk\/wp-json\/wp\/v2\/pages"}],"about":[{"href":"https:\/\/moverdb.com\/sk\/wp-json\/wp\/v2\/types\/page"}],"author":[{"embeddable":true,"href":"https:\/\/moverdb.com\/sk\/wp-json\/wp\/v2\/users\/1"}],"replies":[{"embeddable":true,"href":"https:\/\/moverdb.com\/sk\/wp-json\/wp\/v2\/comments?post=1640"}],"version-history":[{"count":6,"href":"https:\/\/moverdb.com\/sk\/wp-json\/wp\/v2\/pages\/1640\/revisions"}],"predecessor-version":[{"id":6199,"href":"https:\/\/moverdb.com\/sk\/wp-json\/wp\/v2\/pages\/1640\/revisions\/6199"}],"wp:attachment":[{"href":"https:\/\/moverdb.com\/sk\/wp-json\/wp\/v2\/media?parent=1640"}],"curies":[{"name":"wp","href":"https:\/\/api.w.org\/{rel}","templated":true}]}}