{"id":1628,"date":"2017-04-24T11:01:52","date_gmt":"2017-04-24T11:01:52","guid":{"rendered":"http:\/\/moverdb.com\/?page_id=1628"},"modified":"2026-01-08T14:48:18","modified_gmt":"2026-01-08T14:48:18","slug":"evergreen-marine","status":"publish","type":"page","link":"https:\/\/moverdb.com\/sk\/evergreen-marine\/","title":{"rendered":"Evergreen Marine (Linka) - Medzin\u00e1rodn\u00e9 prepravn\u00e9 slu\u017eby a recenzie"},"content":{"rendered":"<p>Evergreen Marine, zn\u00e1ma aj ako Evergreen Line, je taiwansk\u00e1 spolo\u010dnos\u0165 zaoberaj\u00faca sa kontajnerovou prepravou a <a href=\"https:\/\/moverdb.com\/sk\/shipping-companies\/\" data-internallinksmanager029f6b8e52c=\"4\" title=\"10 najlep\u0161\u00edch medzin\u00e1rodn\u00fdch kontajnerov\u00fdch prepravn\u00fdch spolo\u010dnost\u00ed\">prepravn\u00e1 spolo\u010dnos\u0165<\/a>. Svojim klientom pon\u00faka \u0161irok\u00fa \u0161k\u00e1lu slu\u017eieb. Tie s\u00fa uveden\u00e9 ni\u017e\u0161ie spolu s profilom spolo\u010dnosti a recenziami.<\/p>\n<h3>Medzin\u00e1rodn\u00e1 preprava<\/h3>\n<p><strong>Slu\u017eba \"v\u0161etko v jednom<\/strong><\/p>\n<ul>\n<li> Preh\u013ead z\u00e1sielok<\/li>\n<li> Rezerv\u00e1cia<\/li>\n<li> Pokyn B\/L<\/li>\n<li> Korekt\u00fary B\/L<\/li>\n<li> <a href=\"https:\/\/moverdb.com\/sk\/moving-to-the-united-states\/\" data-internallinksmanager029f6b8e52c=\"94\" title=\"S\u0165ahujete sa do Spojen\u00fdch \u0161t\u00e1tov? 2022 \u017divotn\u00e9 n\u00e1klady a tipy na pres\u0165ahovanie\">US<\/a> podanie bezpe\u010dnostnej dokument\u00e1cie dovozcu (ISF)<\/li>\n<\/ul>\n<p><strong>Intermod\u00e1lne slu\u017eby<\/strong><\/p>\n<ul>\n<li> Doru\u010denie od dver\u00ed k dver\u00e1m<\/li>\n<li> More, rieka, cesta a \u017eeleznica<\/li>\n<\/ul>\n<p><strong>Kontajnery na such\u00fd n\u00e1klad<\/strong><\/p>\n<ul>\n<li> \u0160peci\u00e1lne pridelen\u00e1 osoba na predaj<\/li>\n<li> 20\u2032 oce\u013eov\u00fd kontajner na such\u00fd n\u00e1klad<\/li>\n<li> 40\u2032 oce\u013eov\u00fd kontajner na such\u00fd n\u00e1klad<\/li>\n<li> 40\u2032 kontajner Hi-Cube na such\u00fd n\u00e1klad<\/li>\n<li> 45\u2032 kontajner Hi-Cube na such\u00fd n\u00e1klad<\/li>\n<\/ul>\n<p><strong>Chladiaci kontajner<\/strong><\/p>\n<ul>\n<li> 20\u2032 chladiaci kontajner MGSS<\/li>\n<li> 20\u2032 hlin\u00edkov\u00fd chladiaci kontajner<\/li>\n<li> 40\u2032 chladiaci kontajner Hi-Cube<\/li>\n<li> 40\u2032 hlin\u00edkov\u00fd chladiaci kontajner Hi-Cube<\/li>\n<\/ul>\n<p><strong>\u0160peci\u00e1lny kontajner<\/strong><\/p>\n<ul>\n<li> 20' otvoren\u00fd kontajner s plnou v\u00fd\u0161kou<\/li>\n<li> 20' ploch\u00fd kontajner so \u0161tyrmi vo\u013ene stojacimi st\u013apikmi<\/li>\n<li> 20\u2032 ploch\u00fd kontajner so skladac\u00edm koncom<\/li>\n<li> 40' ploch\u00fd kontajner so \u0161tyrmi vo\u013ene stojacimi st\u013apikmi<\/li>\n<li> 40\u2032 ploch\u00fd kontajner so skladac\u00edm koncom<\/li>\n<li> Kontajner s otvorenou hornou \u010das\u0165ou s plnou v\u00fd\u0161kou 40'<\/li>\n<li> 40' hang\u00e1rov\u00fd kontajner Hi-cube<\/li>\n<\/ul>\n<h2>Profil spolo\u010dnosti Evergreen Marine<\/h2>\n<p>Prv\u00e1 spolo\u010dnos\u0165 skupiny Evergreen, Evergreen Marine Corporation, bola zalo\u017een\u00e1 na Taiwane 1.<sup>st<\/sup> september 1968 Dr. Yung-Fa Chang s jednou n\u00e1kladnou lo\u010fou z druhej ruky. Spolo\u010dnos\u0165 Evergreen za\u010dala <a href=\"https:\/\/moverdb.com\/sk\/container-shipping\/\" data-internallinksmanager029f6b8e52c=\"3\" title=\"Graf sadzieb medzin\u00e1rodnej kontajnerovej prepravy: Apr\u00edl 2026\">kontajnerov\u00e1 preprava<\/a> v roku 1975 a do roku 1985 sa spolo\u010dnos\u0165 stala najv\u00e4\u010d\u0161ou na svete v kontajnerovej preprave.<\/p>\n<p>V s\u00fa\u010dasnosti p\u00f4sob\u00ed pod zna\u010dkou \"Evergreen Line\" spolu so spolo\u010dnos\u0165ami Evergreen Marine Corp. (Taiwan) Ltd., Evergreen Marine (<a href=\"https:\/\/moverdb.com\/sk\/moving-to-the-uk\/\" data-internallinksmanager029f6b8e52c=\"93\" title=\"S\u0165ahujete sa do Spojen\u00e9ho kr\u00e1\u013eovstva? 2022 \u017divotn\u00e9 n\u00e1klady a tipy na pres\u0165ahovanie\">UK<\/a>) Ltd., Evergreen Marine (<a href=\"https:\/\/moverdb.com\/sk\/moving-to-hong-kong\/\" data-internallinksmanager029f6b8e52c=\"350\" title=\"S\u0165ahujete sa do Hongkongu? 2026 N\u00e1klady na b\u00fdvanie a tipy na pres\u0165ahovanie\">Hongkong<\/a>) Ltd., Italia Marittima S.p.A. a Evergreen Marine (<a href=\"https:\/\/moverdb.com\/sk\/moving-to-singapore\/\" data-internallinksmanager029f6b8e52c=\"68\" title=\"S\u0165ahovanie do Singapuru? 2022 \u017divotn\u00e9 n\u00e1klady a tipy na pres\u0165ahovanie\">Singapur<\/a>) Pte Ltd.<\/p>\n<p>Spolo\u010dnos\u0165 Evergreen si zasl\u00fa\u017ei svoje meno a jej najv\u00e4\u010d\u0161ie lode s\u00fa lode s\u00e9rie S s kapacitou 7024 TEU, ktor\u00e9 s\u00fa \u0161peci\u00e1lne navrhnut\u00e9 tak, aby mali \u010do najmen\u0161\u00ed vplyv na \u017eivotn\u00e9 prostredie.<\/p>\n<p>Spolo\u010dnos\u0165 Evergreen Marine m\u00e1 tieto akredit\u00e1cie a pridru\u017eenia:<\/p>\n<ul>\n<li> ISO 9001 2000<\/li>\n<li> ISO 9002<\/li>\n<li> Medzin\u00e1rodn\u00e9 riadenie bezpe\u010dnosti (ISM)<\/li>\n<li> SOLAS<\/li>\n<li> OPA90<\/li>\n<li> IMDG<\/li>\n<li> <a href=\"https:\/\/moverdb.com\/sk\/world-shipping-council\/\">Svetov\u00e1 rada pre n\u00e1morn\u00fa dopravu<\/a> (<a href=\"https:\/\/moverdb.com\/sk\/world-shipping-council\/\" data-internallinksmanager029f6b8e52c=\"82\" title=\"Vysvetlenie Svetovej n\u00e1mornej rady (WSC)\">MS<\/a>)<\/li>\n<li> Meranie sklen\u00edkov\u00fdch plynov v Tichomor\u00ed (PGGM)<\/li>\n<\/ul>\n<h2>Evergreen Marine Recenzie<\/h2>\n<p>V \u010dase publik\u00e1cie sa n\u00e1m nepodarilo n\u00e1js\u0165 \u017eiadne pozit\u00edvne ani negat\u00edvne recenzie pre Evergreen Marine alebo Evergreen lines online.<\/p>\n<div itemprop=\"review\" itemscope itemtype=\"http:\/\/schema.org\/Review\">\n<strong><span itemprop=\"author\" itemscope=\"\" itemtype=\"http:\/\/schema.org\/Organization\"><span itemprop=\"name\">MoverDB.com<\/span><\/span> Online preh\u013ead webov\u00fdch str\u00e1nok pre <span itemprop=\"itemreviewed\" itemscope=\"\" itemtype=\"http:\/\/schema.org\/Brand\"><span itemprop=\"name\">Spolo\u010dnos\u0165 Evergreen Marine<\/span><\/span>:<\/strong><\/p>\n<ol>\n<li> Jasn\u00e9 kontaktn\u00e9 \u00fadaje na webovej str\u00e1nke (vr\u00e1tane telef\u00f3nneho \u010d\u00edsla): <strong>\u00c1no<\/strong><\/li>\n<li> \u013dahko z\u00edska\u0165 ponuky medzin\u00e1rodnej prepravy? (Online formul\u00e1r \u017eiadosti o odhad): <strong>\u00c1no<\/strong>, m\u00f4\u017eete po\u017eiada\u0165 prostredn\u00edctvom kontaktn\u00e9ho formul\u00e1ra.<\/li>\n<li> Jasn\u00e9 inform\u00e1cie na webovej str\u00e1nke: <strong>\u00c1no,<\/strong> na webovej str\u00e1nke n\u00e1jdete podrobn\u00e9 inform\u00e1cie o v\u0161etk\u00fdch ich slu\u017eb\u00e1ch.<\/li>\n<li> \u010dlenstvo v medzin\u00e1rodn\u00fdch uzn\u00e1van\u00fdch lodn\u00fdch organiz\u00e1ci\u00e1ch: <strong>\u00c1no<\/strong><\/li>\n<li> Zoznam klientov a\/alebo referencie predch\u00e1dzaj\u00facich z\u00e1kazn\u00edkov. <strong>Nie,<\/strong> na ich webovej str\u00e1nke nie s\u00fa uveden\u00e9 \u017eiadne.<\/li>\n<\/ol>\n<div itemprop=\"reviewRating\" itemscope itemtype=\"http:\/\/schema.org\/Rating\"><meta itemprop=\"worstRating\" content = \"0\" \/><meta itemprop=\"bestRating\" content=\"5\" \/><meta itemprop=\"ratingValue\" content=\"4\"><\/div>\n<p><strong>Celkov\u00e9 hodnotenie: 4\/5<\/strong><br \/>\n<strong>D\u00e1tum recenzie:<\/strong> <span itemprop=\"datePublished\" content=\"2017-04-24\">24\/04\/2017<\/span>\n<\/div>\n<p>Viac inform\u00e1ci\u00ed o in\u00fdch <a href=\"https:\/\/moverdb.com\/sk\/prepravne-spolocnosti\/\">kontajnerov\u00e9 prepravn\u00e9 spolo\u010dnosti<\/a>, <a href=\"https:\/\/moverdb.com\/sk\/kontajnerova-preprava\/\">n\u00e1klady na medzin\u00e1rodn\u00fa kontajnerov\u00fa dopravu<\/a> a na\u0161e <a href=\"https:\/\/moverdb.com\/sk\/recenzie\/\">proces presk\u00famania<\/a>.<\/p>\n<p><strong>Webov\u00e9 str\u00e1nky:<\/strong> <\/p>\n<ul>\n<li> <a href=\"http:\/\/www.evergreen-line.com\/\" target=\"_blank\" rel=\"noopener\">http:\/\/www.evergreen-line.com\/<\/a><\/li>\n<li> <a href=\"http:\/\/www.evergreen-marine.co.uk\/\" target=\"_blank\" rel=\"noopener\">http:\/\/www.evergreen-marine.co.uk\/<\/a><\/li>\n<li> <a href=\"http:\/\/www.evergreen-marine.com\/\" target=\"_blank\" rel=\"noopener\">http:\/\/www.evergreen-marine.com\/<\/a><\/li>\n<li> <a href=\"http:\/\/www.evergreen-marine.com.hk\/\" target=\"_blank\" rel=\"noopener\">http:\/\/www.evergreen-marine.com.hk\/<\/a><\/li>\n<li> <a href=\"http:\/\/www.evergreen-marine.com.sg\/\" target=\"_blank\" rel=\"noopener\">http:\/\/www.evergreen-marine.com.sg\/<\/a><\/li>\n<li> <a href=\"http:\/\/www.italiamarittima.it\/\" target=\"_blank\" rel=\"noopener\">http:\/\/www.italiamarittima.it\/<\/a><\/li>\n<\/ul>","protected":false},"excerpt":{"rendered":"<p>Evergreen Marine, also known as Evergreen Line, is a Taiwanese container transportation and shipping company. It offers its clients a wide array of services. These are listed below together with a company profile and reviews. International Shipping All-in-one Service Shipment overview Booking B\/L instruction B\/L proofreading US importer security filing (ISF) Intermodal Services Door to [&hellip;]<\/p>\n","protected":false},"author":1,"featured_media":0,"parent":0,"menu_order":0,"comment_status":"closed","ping_status":"closed","template":"","meta":{"_genesis_hide_title":false,"_genesis_hide_breadcrumbs":false,"_genesis_hide_singular_image":false,"_genesis_hide_footer_widgets":false,"_genesis_custom_body_class":"","_genesis_custom_post_class":"","_genesis_layout":"","footnotes":""},"class_list":{"0":"post-1628","1":"page","2":"type-page","3":"status-publish","5":"entry"},"_links":{"self":[{"href":"https:\/\/moverdb.com\/sk\/wp-json\/wp\/v2\/pages\/1628","targetHints":{"allow":["GET"]}}],"collection":[{"href":"https:\/\/moverdb.com\/sk\/wp-json\/wp\/v2\/pages"}],"about":[{"href":"https:\/\/moverdb.com\/sk\/wp-json\/wp\/v2\/types\/page"}],"author":[{"embeddable":true,"href":"https:\/\/moverdb.com\/sk\/wp-json\/wp\/v2\/users\/1"}],"replies":[{"embeddable":true,"href":"https:\/\/moverdb.com\/sk\/wp-json\/wp\/v2\/comments?post=1628"}],"version-history":[{"count":3,"href":"https:\/\/moverdb.com\/sk\/wp-json\/wp\/v2\/pages\/1628\/revisions"}],"predecessor-version":[{"id":6206,"href":"https:\/\/moverdb.com\/sk\/wp-json\/wp\/v2\/pages\/1628\/revisions\/6206"}],"wp:attachment":[{"href":"https:\/\/moverdb.com\/sk\/wp-json\/wp\/v2\/media?parent=1628"}],"curies":[{"name":"wp","href":"https:\/\/api.w.org\/{rel}","templated":true}]}}