{"id":1624,"date":"2017-02-24T09:47:42","date_gmt":"2017-02-24T09:47:42","guid":{"rendered":"http:\/\/moverdb.com\/?page_id=1624"},"modified":"2026-01-08T13:18:22","modified_gmt":"2026-01-08T13:18:22","slug":"gil-stauffer","status":"publish","type":"page","link":"https:\/\/moverdb.com\/sk\/gil-stauffer\/","title":{"rendered":"Gil Stauffer - Medzin\u00e1rodn\u00e9 s\u0165ahovanie a s\u0165ahovanie Recenzie"},"content":{"rendered":"<p>Gil Stauffer je \u0161panielsky <a href=\"https:\/\/moverdb.com\/sk\/international-removals\/\" data-internallinksmanager029f6b8e52c=\"27\" title=\"36 najlep\u0161\u00edch medzin\u00e1rodn\u00fdch s\u0165ahovac\u00edch spolo\u010dnost\u00ed v Spojenom kr\u00e1\u013eovstve\">s\u0165ahovacia spolo\u010dnos\u0165<\/a> so s\u00eddlom v <a href=\"https:\/\/moverdb.com\/sk\/moving-to-spain\/moving-to-madrid\/\" data-internallinksmanager029f6b8e52c=\"413\" title=\"S\u0165ahujete sa do Madridu? 2026 N\u00e1klady na b\u00fdvanie a tipy na pres\u0165ahovanie\">Madrid<\/a>. Spolo\u010dnos\u0165 pon\u00faka svojim z\u00e1kazn\u00edkom mnoho slu\u017eieb, ktor\u00e9 s\u00fa uveden\u00e9 ni\u017e\u0161ie spolu s profilom spolo\u010dnosti a recenziami.<\/p>\n<p><strong>Medzin\u00e1rodn\u00e9 s\u0165ahovanie<\/strong><\/p>\n<ul>\n<li> Individu\u00e1lny pl\u00e1n s\u0165ahovania<\/li>\n<li> Od dver\u00ed k dver\u00e1m<\/li>\n<li> N\u00e1morn\u00e1 alebo leteck\u00e1 preprava<\/li>\n<li> Kompletn\u00e9 balenie, \u010diasto\u010dn\u00e9 balenie alebo vlastn\u00e9 balenie<\/li>\n<li> Demont\u00e1\u017e a op\u00e4tovn\u00e1 mont\u00e1\u017e n\u00e1bytku<\/li>\n<li> K dispoz\u00edcii je slu\u017eba vyba\u013eovania<\/li>\n<li> Coln\u00e9 odbavenie a pomoc s dokument\u00e1ciou<\/li>\n<li> Zriaden\u00e9 poistenie<\/li>\n<li> K dispoz\u00edcii je kr\u00e1tkodob\u00e9 a dlhodob\u00e9 skladovanie<\/li>\n<\/ul>\n<p><strong>N\u00e1rodn\u00e9 a miestne s\u0165ahovanie<\/strong><\/p>\n<ul>\n<li> Individu\u00e1lny pl\u00e1n s\u0165ahovania<\/li>\n<li> Od dver\u00ed k dver\u00e1m<\/li>\n<li> Kompletn\u00e9 balenie, \u010diasto\u010dn\u00e9 balenie alebo vlastn\u00e9 balenie<\/li>\n<li> K dispoz\u00edcii je slu\u017eba vyba\u013eovania<\/li>\n<li> Demont\u00e1\u017e a op\u00e4tovn\u00e1 mont\u00e1\u017e n\u00e1bytku<\/li>\n<li> Odstra\u0148ovanie trosiek<\/li>\n<li> Zriaden\u00e9 poistenie<\/li>\n<li> K dispoz\u00edcii je kr\u00e1tkodob\u00e9 a dlhodob\u00e9 skladovanie<\/li>\n<\/ul>\n<p><strong>Komer\u010dn\u00e9 s\u0165ahovanie<\/strong><\/p>\n<ul>\n<li> Logistick\u00fd pl\u00e1n<\/li>\n<li> Po hodin\u00e1ch sa pohybuje<\/li>\n<li> Od dver\u00ed k dver\u00e1m<\/li>\n<li> Demont\u00e1\u017e a op\u00e4tovn\u00e1 mont\u00e1\u017e v\u0161etk\u00e9ho n\u00e1bytku<\/li>\n<li> Odstr\u00e1nenie a op\u00e4tovn\u00e1 in\u0161tal\u00e1cia po\u010d\u00edta\u010da<\/li>\n<li> Odstra\u0148ovanie trosiek<\/li>\n<li> Premiestnenie person\u00e1lu<\/li>\n<\/ul>\n<p><strong>Premiestnenie zamestnancov<\/strong><\/p>\n<ul>\n<li> Pracovn\u00e9 povolenia<\/li>\n<li> H\u013eadanie domu<\/li>\n<li> V\u00fdu\u010dba jazykov<\/li>\n<li> Do\u010dasn\u00e9 ubytovanie<\/li>\n<li> Pren\u00e1jom n\u00e1bytku<\/li>\n<li> Vyh\u013ead\u00e1vanie v \u0161kol\u00e1ch<\/li>\n<li> Rezerv\u00e1cie hotelov<\/li>\n<li> Bankov\u00e9 \u00fa\u010dty<\/li>\n<li> Zmluvy o l\u00edzingu a pren\u00e1jme<\/li>\n<li> Dohody o z\u00e1kladn\u00fdch slu\u017eb\u00e1ch<\/li>\n<li> Kurzy kult\u00fary a zvykov<\/li>\n<\/ul>\n<p><strong>Kontajnery a skladovanie<\/strong><\/p>\n<ul>\n<li> Tovar skladovan\u00fd v hermeticky uzavret\u00fdch dreven\u00fdch n\u00e1dob\u00e1ch<\/li>\n<li> Zabezpe\u010denie 24 hod\u00edn denne, 7 dn\u00ed v t\u00fd\u017edni<\/li>\n<li> Riaden\u00e1 kl\u00edma<\/li>\n<li> Kontajnery o\u0161etren\u00e9 na ochranu proti \u0161kodcom<\/li>\n<li> Prijat\u00e9 protipo\u017eiarne opatrenia<\/li>\n<\/ul>\n<p><strong>Oddelenie dokumentov<\/strong><\/p>\n<ul>\n<li> Arch\u00edvy dokumentov<\/li>\n<li> Skladovanie d\u00f4vernej dokument\u00e1cie<\/li>\n<li> K dispoz\u00edcii je elektronick\u00e9 ukladanie arch\u00edvov<\/li>\n<li> Vysok\u00e1 \u00farove\u0148 zabezpe\u010denia<\/li>\n<li> Riaden\u00e1 kl\u00edma<\/li>\n<\/ul>\n<p><strong>Preprava umeleck\u00fdch diel<\/strong><\/p>\n<ul>\n<li> Pohybliv\u00e9 v\u00fdstavy<\/li>\n<li> Vysok\u00e1 \u00farove\u0148 technick\u00fdch znalost\u00ed<\/li>\n<li> \u0160peci\u00e1lne manipula\u010dn\u00e9 techniky<\/li>\n<li> Vozidl\u00e1 na s\u0165ahovanie s\u00fa klimatizovan\u00e9<\/li>\n<\/ul>\n<p><strong>Kuri\u00e9rska slu\u017eba<\/strong><\/p>\n<ul>\n<li> Miestne a medzin\u00e1rodn\u00e9<\/li>\n<li> Bal\u00edky alebo dokumenty<\/li>\n<li> Sledovanie online<\/li>\n<li> \u017diadny hmotnostn\u00fd limit<\/li>\n<li> Leteck\u00e1, n\u00e1morn\u00e1 alebo pozemn\u00e1 preprava<\/li>\n<\/ul>\n<h2>Gil Stauffer Profil spolo\u010dnosti<\/h2>\n<p>Gil Stauffer je \u0161panielska s\u0165ahovacia spolo\u010dnos\u0165, ktor\u00e1 bola zalo\u017een\u00e1 v roku 1905. Jej \u00fastredie sa nach\u00e1dza v Madride a 33 pobo\u010diek je rozmiestnen\u00fdch po celom svete. <a href=\"https:\/\/moverdb.com\/sk\/moving-to-spain\/\" data-internallinksmanager029f6b8e52c=\"266\" title=\"S\u0165ahovanie do \u0160panielska? 2026 N\u00e1klady na b\u00fdvanie a tipy na pres\u0165ahovanie\">\u0160panielsko<\/a> a na Bale\u00e1roch. Chv\u00e1li sa t\u00fdm, \u017ee preprav\u00ed klientov kamko\u013evek a v ktor\u00fdko\u013evek de\u0148 v roku. M\u00e1 kancel\u00e1rie v Eur\u00f3pe, na <a href=\"https:\/\/moverdb.com\/sk\/moving-to-the-united-states\/\" data-internallinksmanager029f6b8e52c=\"94\" title=\"S\u0165ahujete sa do Spojen\u00fdch \u0161t\u00e1tov? 2022 \u017divotn\u00e9 n\u00e1klady a tipy na pres\u0165ahovanie\">Spojen\u00e9 \u0161t\u00e1ty americk\u00e9<\/a>, Oce\u00e1nia, \u00c1zia a Afrika.<\/p>\n<p>Gil Stauffer je hrd\u00fd na svojho priekopn\u00edckeho ducha. V 50. rokoch 20. storo\u010dia skon\u0161truovala jedin\u00e9 n\u00e1kladn\u00e9 vozidlo v \u0160panielsku, ktor\u00e9 mohlo prepravova\u0165 jednotliv\u00e9 n\u00e1klady s hmotnos\u0165ou a\u017e 200 ton. Bola tie\u017e jednou z prv\u00fdch, ktor\u00e1 pred viac ako 70 rokmi za\u010dala pou\u017e\u00edva\u0165 syst\u00e9m kontajnerov\u00fdch expresn\u00fdch vlakov (TECO).<\/p>\n<p>Spolo\u010dnos\u0165 m\u00e1 \u0161pecializovan\u00e9 vzdel\u00e1vacie programy a trv\u00e1 na tom, aby zamestnanci jej medzin\u00e1rodnej div\u00edzie ovl\u00e1dali v\u00fdborne angli\u010dtinu, ako aj in\u00e9 jazyky. M\u00e1 ve\u013emi p\u00f4sobiv\u00fd vozov\u00fd park, ktor\u00fd pokr\u00fdva v\u0161etky mo\u017en\u00e9 potreby z\u00e1kazn\u00edkov.<\/p>\n<p>Spolo\u010dnos\u0165 poskytuje svojim klientom medzin\u00e1rodn\u00e9 a vn\u00fatro\u0161t\u00e1tne s\u0165ahovanie, ako aj s\u0165ahovanie firiem a kancel\u00e1ri\u00ed a s\u0165ahovanie zamestnancov.<br \/>\nGil Stauffer m\u00e1 tieto akredit\u00e1cie a afili\u00e1cie:<\/p>\n<ul>\n<li> <a href=\"https:\/\/moverdb.com\/sk\/fidi-faim\/\">FIDI<\/a><\/li>\n<li> <a href=\"https:\/\/moverdb.com\/sk\/som\/\">IAM<\/a><\/li>\n<li> <a href=\"https:\/\/moverdb.com\/sk\/amsa\/\">AMSA<\/a><\/li>\n<li> <a href=\"https:\/\/moverdb.com\/sk\/fedemac\/\">FEDEMAC<\/a><\/li>\n<li> <a href=\"https:\/\/moverdb.com\/sk\/lacma\/\">LACMA<\/a><\/li>\n<li> PAIMA<\/li>\n<\/ul>\n<h2>Gil Stauffer Company Recenzie<\/h2>\n<p><strong>Pozit\u00edvne:<\/strong><\/p>\n<ul>\n<li> \u017diadne nie s\u00fa k dispoz\u00edcii a na mieste sa nena\u0161li \u017eiadne posudky<\/li>\n<\/ul>\n<p><strong>Negat\u00edvne:<\/strong><\/p>\n<ul>\n<li> <em>\"Nevyu\u017e\u00edvajte Gil Stauffer na s\u0165ahovanie svojich vec\u00ed. Budete to \u013eutova\u0165.\"<\/em> - Craig Bugden prostredn\u00edctvom <a href=\"https:\/\/uk.trustpilot.com\/reviews\/56ec28640000ff00094734c0\" target=\"_blank\" rel=\"noopener\">Trustpilot<\/a><\/li>\n<\/ul>\n<div itemprop=\"review\" itemscope itemtype=\"http:\/\/schema.org\/Review\">\n<span itemprop=\"author\" itemscope=\"\" itemtype=\"http:\/\/schema.org\/Organization\"><span itemprop=\"name\">MoverDB.com<\/span><\/span> Online preh\u013ead webov\u00fdch str\u00e1nok pre <span itemprop=\"itemreviewed\" itemscope=\"\" itemtype=\"http:\/\/schema.org\/Brand\"><span itemprop=\"name\">Gil Stauffer<\/span><\/span>:<\/p>\n<ol>\n<li> Jasn\u00e9 kontaktn\u00e9 \u00fadaje na webovej str\u00e1nke (vr\u00e1tane telef\u00f3nneho \u010d\u00edsla): <strong>\u00c1no<\/strong><\/li>\n<li> Jednoduch\u00e9 z\u00edskanie <a href=\"https:\/\/moverdb.com\/sk\/citaty\/\">medzin\u00e1rodn\u00e9 s\u0165ahovanie cit\u00e1cie<\/a>? (Online formul\u00e1r \u017eiadosti o odhad): <strong>\u00c1no<\/strong>, ale len prostredn\u00edctvom e-mailu (bez formul\u00e1ra)<\/li>\n<li> Jasn\u00e9 inform\u00e1cie na webovej str\u00e1nke: <strong>Niektor\u00e9,<\/strong> Webov\u00e1 str\u00e1nka obsahuje slu\u0161n\u00e9 mno\u017estvo inform\u00e1ci\u00ed o ich slu\u017eb\u00e1ch, ale nezach\u00e1dza do ve\u013ek\u00fdch podrobnost\u00ed.<\/li>\n<li> \u010dlenstvo v medzin\u00e1rodn\u00fdch uzn\u00e1van\u00fdch organiz\u00e1ci\u00e1ch pohybliv\u00fdch zvierat: <strong>\u00c1no<\/strong>, ktor\u00e9 v\u0161ak nie s\u00fa uveden\u00e9 na ich webovej str\u00e1nke<\/li>\n<li> Zoznam klientov a\/alebo referencie predch\u00e1dzaj\u00facich z\u00e1kazn\u00edkov: <strong>Nie,<\/strong> a jedin\u00e1 recenzia, ktor\u00fa sme o nich na\u0161li v angli\u010dtine, bola negat\u00edvna.<\/li>\n<\/ol>\n<div itemprop=\"reviewRating\" itemscope itemtype=\"http:\/\/schema.org\/Rating\"><meta itemprop=\"worstRating\" content = \"0\" \/><meta itemprop=\"bestRating\" content=\"5\" \/><meta itemprop=\"ratingValue\" content=\"3.5\"><\/div>\n<p><strong>Celkov\u00e9 hodnotenie: 3,5\/5<\/strong><br \/>\n<strong>D\u00e1tum recenzie:<\/strong> <span itemprop=\"datePublished\" content=\"2017-02-24\">24\/02\/2017<\/span>\n<\/div>\n<p>Pre\u010d\u00edtajte si viac o <a href=\"https:\/\/moverdb.com\/sk\/stahovacie-spolocnosti\/\">medzin\u00e1rodn\u00e9 s\u0165ahovacie spolo\u010dnosti<\/a> a na\u0161e <a href=\"https:\/\/moverdb.com\/sk\/recenzie\/\">proces presk\u00famania<\/a>.<\/p>\n<p><strong>Webov\u00e1 lokalita:<\/strong> <a href=\"http:\/\/www.gil-stauffer.com\/?lang=en\" target=\"_blank\" rel=\"noopener\">http:\/\/www.gil-stauffer.com\/<\/a><\/p>","protected":false},"excerpt":{"rendered":"<p>Gil Stauffer is a Spanish removal company with its headquarters in Madrid. The company has many services to offer its customers and these are listed below together with a company profile and reviews. International Moves Personalised moving plan Door to door Sea freight or air freight Full packing service, partial packing or self-packing Disassembly and [&hellip;]<\/p>\n","protected":false},"author":1,"featured_media":0,"parent":0,"menu_order":0,"comment_status":"closed","ping_status":"closed","template":"","meta":{"_genesis_hide_title":false,"_genesis_hide_breadcrumbs":false,"_genesis_hide_singular_image":false,"_genesis_hide_footer_widgets":false,"_genesis_custom_body_class":"","_genesis_custom_post_class":"","_genesis_layout":"","footnotes":""},"class_list":{"0":"post-1624","1":"page","2":"type-page","3":"status-publish","5":"entry"},"_links":{"self":[{"href":"https:\/\/moverdb.com\/sk\/wp-json\/wp\/v2\/pages\/1624","targetHints":{"allow":["GET"]}}],"collection":[{"href":"https:\/\/moverdb.com\/sk\/wp-json\/wp\/v2\/pages"}],"about":[{"href":"https:\/\/moverdb.com\/sk\/wp-json\/wp\/v2\/types\/page"}],"author":[{"embeddable":true,"href":"https:\/\/moverdb.com\/sk\/wp-json\/wp\/v2\/users\/1"}],"replies":[{"embeddable":true,"href":"https:\/\/moverdb.com\/sk\/wp-json\/wp\/v2\/comments?post=1624"}],"version-history":[{"count":3,"href":"https:\/\/moverdb.com\/sk\/wp-json\/wp\/v2\/pages\/1624\/revisions"}],"predecessor-version":[{"id":6215,"href":"https:\/\/moverdb.com\/sk\/wp-json\/wp\/v2\/pages\/1624\/revisions\/6215"}],"wp:attachment":[{"href":"https:\/\/moverdb.com\/sk\/wp-json\/wp\/v2\/media?parent=1624"}],"curies":[{"name":"wp","href":"https:\/\/api.w.org\/{rel}","templated":true}]}}