{"id":1614,"date":"2017-04-27T14:28:26","date_gmt":"2017-04-27T14:28:26","guid":{"rendered":"http:\/\/moverdb.com\/?page_id=1614"},"modified":"2026-01-08T13:18:27","modified_gmt":"2026-01-08T13:18:27","slug":"hamburg-sud","status":"publish","type":"page","link":"https:\/\/moverdb.com\/sk\/hamburg-sud\/","title":{"rendered":"Hamburg S\u00fcd Group - Medzin\u00e1rodn\u00e9 prepravn\u00e9 slu\u017eby a recenzie"},"content":{"rendered":"<p>Hamburg S\u00fcd je nemeck\u00e9 letisko <a href=\"https:\/\/moverdb.com\/sk\/shipping-companies\/\" data-internallinksmanager029f6b8e52c=\"4\" title=\"10 najlep\u0161\u00edch medzin\u00e1rodn\u00fdch kontajnerov\u00fdch prepravn\u00fdch spolo\u010dnost\u00ed\">prepravn\u00e1 spolo\u010dnos\u0165<\/a> ktor\u00e1 pon\u00faka svojim z\u00e1kazn\u00edkom cel\u00fd rad slu\u017eieb. Tieto slu\u017eby s\u00fa uveden\u00e9 ni\u017e\u0161ie spolu s profilom spolo\u010dnosti a recenziami. (<em><strong>Pozn\u00e1mka:<\/strong> <a href=\"https:\/\/moverdb.com\/sk\/maersk\/\" target=\"_blank\" rel=\"noopener\">Spolo\u010dnos\u0165 Maersk Line<\/a> je v procese k\u00fapy spolo\u010dnosti<\/em>).<\/p>\n<h3>Medzin\u00e1rodn\u00e1 kontajnerov\u00e1 doprava<\/h3>\n<ul>\n<li> Pl\u00e1novanie odborn\u00edkmi<\/li>\n<li> Od dver\u00ed k dver\u00e1m<\/li>\n<li> K dispoz\u00edcii s\u00fa intermod\u00e1lne slu\u017eby<\/li>\n<\/ul>\n<p><strong>Such\u00fd n\u00e1klad<\/strong><\/p>\n<p><strong>Nebezpe\u010dn\u00fd n\u00e1klad<\/strong><\/p>\n<ul>\n<li> Ka\u017ed\u00fa \u017eiados\u0165 sk\u00famaj\u00fa odborn\u00edci<\/li>\n<li> Mus\u00ed by\u0165 v s\u00falade so z\u00e1konn\u00fdmi predpismi<\/li>\n<li> Certifikovan\u00fd poradca pre bezpe\u010dnos\u0165 nebezpe\u010dn\u00e9ho tovaru (DGSA) poskytuje poradenstvo pri v\u0161etk\u00fdch preprav\u00e1ch<\/li>\n<li> Modern\u00e9 lode na prepravu nebezpe\u010dn\u00e9ho n\u00e1kladu<\/li>\n<li> Pr\u00edsna pozornos\u0165 dodr\u017eiavaniu predpisov pri ukladan\u00ed<\/li>\n<\/ul>\n<p><strong>Prepravca n\u00e1kladu<\/strong><\/p>\n<ul>\n<li> Ovocie, zelenina, kvety, rastliny<\/li>\n<li> M\u00e4so, ryby a morsk\u00e9 plody<\/li>\n<li> Farmaceutick\u00e9 v\u00fdrobky, fotografick\u00fd materi\u00e1l a chemik\u00e1lie<\/li>\n<li> Mlie\u010dne v\u00fdrobky a d\u017e\u00fasy<\/li>\n<li> <a href=\"https:\/\/moverdb.com\/sk\/kontajnerova-preprava\/\">20' a 40' kontajnery<\/a><\/li>\n<li> Nepretrhnut\u00fd chladiarensk\u00fd re\u0165azec<\/li>\n<li> Riadenie atmosf\u00e9ry pri zbere ovocia a zeleniny<\/li>\n<li> Re\u017eim viacer\u00fdch tepl\u00f4t<\/li>\n<li> Re\u017eim \u017eiarovky<\/li>\n<\/ul>\n<p><strong>\u0160peci\u00e1lny n\u00e1klad<\/strong><\/p>\n<ul>\n<li> Prest\u00e1vka na prepravu ve\u013ek\u00e9ho mno\u017estva<\/li>\n<li> Mimorozmern\u00e9<\/li>\n<li> Vysok\u00e1 hustota<\/li>\n<\/ul>\n<p><strong>Ostatn\u00e9 prepravn\u00e9 slu\u017eby<\/strong><\/p>\n<ul>\n<li> Spracovanie v\u0161etk\u00fdch pr\u00edslu\u0161n\u00fdch dovozn\u00fdch a v\u00fdvozn\u00fdch dokumentov<\/li>\n<li> Do\u010dasn\u00e9 skladovanie<\/li>\n<li> Rozdelenie v\u00e4\u010d\u0161\u00edch z\u00e1sielok na jednotliv\u00e9 z\u00e1sielky<\/li>\n<li> Ozna\u010dovanie<\/li>\n<li> Coln\u00e9 konanie pri dovoze a v\u00fdvoze<\/li>\n<\/ul>\n<p><strong>N\u00e1doby<\/strong><\/p>\n<ul>\n<li> Modern\u00e1 flotila<\/li>\n<li> <a href=\"https:\/\/moverdb.com\/sk\/prepravne-spolocnosti\/\">Kontajnerov\u00e9 lode<\/a><\/li>\n<li> Dopravcovia hromadn\u00e9ho n\u00e1kladu<\/li>\n<li> Cisternov\u00e9 lode na prepravu produktov<\/li>\n<\/ul>\n<p><strong>Predaj pou\u017eit\u00fdch kontajnerov<\/strong><\/p>\n<ul>\n<li> \u0160irok\u00e1 \u0161k\u00e1la r\u00f4znych typov kontajnerov<\/li>\n<li> Pr\u00edstup k pou\u017eit\u00fdm kontajnerom na celom svete<\/li>\n<li> Vysokokvalitn\u00e9 kontajnery<\/li>\n<li> Sk\u00fasen\u00fd person\u00e1l<\/li>\n<li> Podpora miestneho jazyka<\/li>\n<\/ul>\n<p><strong>Elektronick\u00e9 obchodovanie<\/strong><\/p>\n<ul>\n<li> Harmonogramy s presnos\u0165ou na min\u00fatu<\/li>\n<li> Sledovanie a sledovanie (sledovanie kontajnerov)<\/li>\n<li> Preh\u013eady rezerv\u00e1ci\u00ed<\/li>\n<li> Rekon\u0161trukcia rezerv\u00e1ci\u00ed<\/li>\n<li> Preh\u013ead pokynov na prepravu<\/li>\n<li> Predlo\u017eenie nov\u00fdch pokynov na prepravu<\/li>\n<li> Kontrola n\u00e1vrhov B\/L<\/li>\n<li> Vytv\u00e1ranie \u0161tandardizovan\u00fdch spr\u00e1v pre z\u00e1sielku<\/li>\n<li> Sledovanie n\u00e1kladu<\/li>\n<\/ul>\n<h2>Profil spolo\u010dnosti Hamburg S\u00fcd<\/h2>\n<p>Spolo\u010dnos\u0165 Hamburg S\u00fcd zalo\u017eili v roku 1871 z\u00e1stupcovia jeden\u00e1stich hambursk\u00fdch obchodn\u00fdch domov pod n\u00e1zvom Hamburg S\u00fcdamerikanische Dampfschifffahrts-Gesellschaft. Do roku 1914 mala spolo\u010dnos\u0165 50 parn\u00fdch lod\u00ed, z ktor\u00fdch v\u0161etky boli zni\u010den\u00e9 po\u010das prvej svetovej vojny. <\/p>\n<p>V roku 1920 sa spolo\u010dnos\u0165 za\u010dala prestavova\u0165 a zaklad\u00e1 v\u00fdletn\u00fa spolo\u010dnos\u0165. V roku 1939 m\u00e1 Hamburg S\u00fcd najv\u00e4\u010d\u0161iu flotilu na svete, celkovo 52 lod\u00ed.<\/p>\n<p>Druh\u00e1 svetov\u00e1 vojna op\u00e4\u0165 priniesla \u00fapln\u00fa stratu flotily spolo\u010dnosti. Hamburg S\u00fcd pomaly obnovil plavby a diverzifikoval svoju \u010dinnos\u0165 do oblasti trampov\u00fdch lod\u00ed. Za\u010dala prev\u00e1dzkova\u0165 tankerov\u00fa a chladiarensk\u00fa dopravu a v roku 1971 za\u010dala <a href=\"https:\/\/moverdb.com\/sk\/container-shipping\/\" data-internallinksmanager029f6b8e52c=\"3\" title=\"Graf sadzieb medzin\u00e1rodnej kontajnerovej prepravy: Apr\u00edl 2026\">kontajnerov\u00e1 preprava<\/a>.<\/p>\n<p>Spolo\u010dnos\u0165 sa v s\u00fa\u010dasnosti nach\u00e1dza v prvej desiatke spolo\u010dnost\u00ed zaoberaj\u00facich sa kontajnerovou prepravou na celom svete. M\u00e1 127 <a href=\"https:\/\/moverdb.com\/sk\/top-10-largest-container-ships-in-2022\/\" data-internallinksmanager029f6b8e52c=\"84\" title=\"10 najv\u00e4\u010d\u0161\u00edch kontajnerov\u00fdch lod\u00ed v roku 2026\">kontajnerov\u00e9 lode<\/a> s kapacitou viac ako 600 000 TEU a 50 linkov\u00fdmi slu\u017ebami. Hamburg S\u00fcd zamestn\u00e1va viac ako 6 000 \u013eud\u00ed v 250 pobo\u010dk\u00e1ch po celom svete.<\/p>\n<p>Spolo\u010dnos\u0165 Hamburg S\u00fcd m\u00e1 tieto akredit\u00e1cie a afili\u00e1cie:<\/p>\n<ul>\n<li> <a href=\"https:\/\/moverdb.com\/sk\/world-shipping-council\/\">Svetov\u00e1 rada pre n\u00e1morn\u00fa dopravu<\/a> (<a href=\"https:\/\/moverdb.com\/sk\/world-shipping-council\/\" data-internallinksmanager029f6b8e52c=\"82\" title=\"Vysvetlenie Svetovej n\u00e1mornej rady (WSC)\">MS<\/a>)<\/li>\n<li> Pracovn\u00e1 skupina pre \u010dist\u00fd n\u00e1klad (CCWG)<\/li>\n<li> <a href=\"https:\/\/moverdb.com\/sk\/moving-to-the-united-states\/\" data-internallinksmanager029f6b8e52c=\"94\" title=\"S\u0165ahujete sa do Spojen\u00fdch \u0161t\u00e1tov? 2022 \u017divotn\u00e9 n\u00e1klady a tipy na pres\u0165ahovanie\">US<\/a> Agent\u00fara na ochranu \u017eivotn\u00e9ho prostredia (EPA)<\/li>\n<li> Verband Deutsche Reeder (VDR)<\/li>\n<li> Medzin\u00e1rodn\u00e9 osved\u010denie o bezpe\u010dnosti prepravy (ISSC)<\/li>\n<li> Poradn\u00fd v\u00fdbor pre normy EIPP<\/li>\n<\/ul>\n<p><strong>Hamburg S\u00fcd Group Recenzie<\/strong><\/p>\n<p><em>V \u010dase p\u00edsania tohto \u010dl\u00e1nku sme na internete nena\u0161li \u017eiadne pozit\u00edvne ani negat\u00edvne recenzie na prepravn\u00e9 slu\u017eby spolo\u010dnosti Hamburg S\u00fcd.<\/em><\/p>\n<p><strong><\/p>\n<div itemprop=\"review\" itemscope itemtype=\"http:\/\/schema.org\/Review\">\n<span itemprop=\"author\" itemscope=\"\" itemtype=\"http:\/\/schema.org\/Organization\"><span itemprop=\"name\">MoverDB.com<\/span><\/span> Online preh\u013ead webov\u00fdch str\u00e1nok pre <span itemprop=\"itemreviewed\" itemscope=\"\" itemtype=\"http:\/\/schema.org\/Brand\"><span itemprop=\"name\">Hamburg S\u00fcd<\/span><\/span>:<\/strong><\/p>\n<ol>\n<li> Jasn\u00e9 kontaktn\u00e9 \u00fadaje na webovej str\u00e1nke (vr\u00e1tane telef\u00f3nneho \u010d\u00edsla): <strong>\u00c1no<\/strong><\/li>\n<li> \u013dahko z\u00edska\u0165 ponuky medzin\u00e1rodnej prepravy? (Online formul\u00e1r \u017eiadosti o odhad): <strong>Tak trochu<\/strong>, ak chcete vykona\u0165 nov\u00fa rezerv\u00e1ciu, mus\u00edte sa zaregistrova\u0165.<\/li>\n<li> Jasn\u00e9 inform\u00e1cie na webovej str\u00e1nke: <strong>\u00c1no,<\/strong> Na webovej str\u00e1nke s\u00fa jasne uveden\u00e9 v\u0161etky slu\u017eby, ktor\u00e9 spolo\u010dnos\u0165 pon\u00faka.<\/li>\n<li> \u010dlenstvo v medzin\u00e1rodn\u00fdch uzn\u00e1van\u00fdch lodn\u00fdch organiz\u00e1ci\u00e1ch: <strong>\u00c1no<\/strong>, pozri vy\u0161\u0161ie.<\/li>\n<li> Zoznam klientov a\/alebo referencie predch\u00e1dzaj\u00facich z\u00e1kazn\u00edkov. <strong>Nie,<\/strong> ale uv\u00e1dzaj\u00fa mnoh\u00e9 ocenenia, ktor\u00e9 z\u00edskali.<\/li>\n<\/ol>\n<div itemprop=\"reviewRating\" itemscope itemtype=\"http:\/\/schema.org\/Rating\"><meta itemprop=\"worstRating\" content = \"0\" \/><meta itemprop=\"bestRating\" content=\"5\" \/><meta itemprop=\"ratingValue\" content=\"4\"><\/div>\n<p><strong>Celkov\u00e9 hodnotenie: 4\/5<\/strong><br \/>\n<strong>D\u00e1tum recenzie:<\/strong> <span itemprop=\"datePublished\" content=\"2017-04-27\">27\/04\/2017<\/span>\n<\/div>\n<p>Viac inform\u00e1ci\u00ed o in\u00fdch <a href=\"https:\/\/moverdb.com\/sk\/prepravne-spolocnosti\/\">medzin\u00e1rodn\u00e9 prepravn\u00e9 spolo\u010dnosti<\/a>, <a href=\"https:\/\/moverdb.com\/sk\/kontajnerova-preprava\/\">sadzby za prepravu kontajnerov<\/a> a na\u0161e <a href=\"https:\/\/moverdb.com\/sk\/recenzie\/\">proces presk\u00famania<\/a>.<\/p>\n<p><strong>Webov\u00e1 lokalita:<\/strong> <a href=\"http:\/\/www.hamburgsud.com\" target=\"_blank\" rel=\"noopener\">http:\/\/www.hamburgsud.com<\/a><\/p>","protected":false},"excerpt":{"rendered":"<p>Hamburg S\u00fcd is a German shipping company which offers its customers a range of services. These are listed below together with a company profile and reviews. (Note: Maersk Line is in the process of buying the company). International Container Shipping Planning by experts Door to door Intermodal services available Dry Cargo Hazardous Cargo Each request [&hellip;]<\/p>\n","protected":false},"author":1,"featured_media":0,"parent":0,"menu_order":0,"comment_status":"closed","ping_status":"closed","template":"","meta":{"_genesis_hide_title":false,"_genesis_hide_breadcrumbs":false,"_genesis_hide_singular_image":false,"_genesis_hide_footer_widgets":false,"_genesis_custom_body_class":"","_genesis_custom_post_class":"","_genesis_layout":"","footnotes":""},"class_list":{"0":"post-1614","1":"page","2":"type-page","3":"status-publish","5":"entry"},"_links":{"self":[{"href":"https:\/\/moverdb.com\/sk\/wp-json\/wp\/v2\/pages\/1614","targetHints":{"allow":["GET"]}}],"collection":[{"href":"https:\/\/moverdb.com\/sk\/wp-json\/wp\/v2\/pages"}],"about":[{"href":"https:\/\/moverdb.com\/sk\/wp-json\/wp\/v2\/types\/page"}],"author":[{"embeddable":true,"href":"https:\/\/moverdb.com\/sk\/wp-json\/wp\/v2\/users\/1"}],"replies":[{"embeddable":true,"href":"https:\/\/moverdb.com\/sk\/wp-json\/wp\/v2\/comments?post=1614"}],"version-history":[{"count":4,"href":"https:\/\/moverdb.com\/sk\/wp-json\/wp\/v2\/pages\/1614\/revisions"}],"predecessor-version":[{"id":6217,"href":"https:\/\/moverdb.com\/sk\/wp-json\/wp\/v2\/pages\/1614\/revisions\/6217"}],"wp:attachment":[{"href":"https:\/\/moverdb.com\/sk\/wp-json\/wp\/v2\/media?parent=1614"}],"curies":[{"name":"wp","href":"https:\/\/api.w.org\/{rel}","templated":true}]}}