{"id":1610,"date":"2017-04-24T11:17:52","date_gmt":"2017-04-24T11:17:52","guid":{"rendered":"http:\/\/moverdb.com\/?page_id=1610"},"modified":"2026-01-08T13:18:28","modified_gmt":"2026-01-08T13:18:28","slug":"hapag-lloyd","status":"publish","type":"page","link":"https:\/\/moverdb.com\/sk\/hapag-lloyd\/","title":{"rendered":"Hapag-Lloyd - Medzin\u00e1rodn\u00e9 prepravn\u00e9 slu\u017eby a recenzie"},"content":{"rendered":"<p>Hapag-Lloyd je glob\u00e1lna <a href=\"https:\/\/moverdb.com\/sk\/shipping-companies\/\" data-internallinksmanager029f6b8e52c=\"4\" title=\"10 najlep\u0161\u00edch medzin\u00e1rodn\u00fdch kontajnerov\u00fdch prepravn\u00fdch spolo\u010dnost\u00ed\">prepravn\u00e1 spolo\u010dnos\u0165<\/a> so s\u00eddlom v Hamburgu, <a href=\"https:\/\/moverdb.com\/sk\/moving-to-germany\/\" data-internallinksmanager029f6b8e52c=\"321\" title=\"S\u0165ahovanie do Nemecka? 2026 N\u00e1klady na b\u00fdvanie a tipy na pres\u0165ahovanie\">Nemecko<\/a>. Svojim klientom pon\u00faka \u0161irok\u00fa \u0161k\u00e1lu prepravn\u00fdch a logistick\u00fdch rie\u0161en\u00ed. Tie s\u00fa uveden\u00e9 ni\u017e\u0161ie spolu s profilom spolo\u010dnosti a recenziami.<\/p>\n<h3>Medzin\u00e1rodn\u00e1 preprava<\/h3>\n<p><strong>Such\u00fd n\u00e1klad<\/strong><\/p>\n<ul>\n<li> \u0160irok\u00e1 \u0161k\u00e1la kontajnerov\u00fdch rie\u0161en\u00ed<\/li>\n<li> R\u00fdchly \u010das prepravy<\/li>\n<li> Spo\u013eahlivos\u0165 pl\u00e1nu na mieste<\/li>\n<li> Ponuka slu\u017eieb od dver\u00ed k dver\u00e1m<\/li>\n<li> Dod\u00e1vky chemik\u00e1li\u00ed, dodr\u017eiavanie predpisov<\/li>\n<\/ul>\n<p><strong>Prepravca n\u00e1kladu<\/strong><\/p>\n<ul>\n<li> Ovocie, zelenina, m\u00e4so, ryby, kvety<\/li>\n<li> Farmaceutick\u00e9 v\u00fdrobky s vysokou hodnotou<\/li>\n<li> Kontrolovan\u00e1 atmosf\u00e9ra<\/li>\n<li> Technol\u00f3gia ExtraFresh a EverFresh sa pou\u017e\u00edva na zn\u00ed\u017eenie kondenz\u00e1cie<\/li>\n<li> Profesion\u00e1lni spracovatelia<\/li>\n<\/ul>\n<p><strong>Nebezpe\u010dn\u00fd tovar<\/strong><\/p>\n<ul>\n<li> Individu\u00e1lne rie\u0161enia pre ka\u017ed\u00fa zlo\u017eit\u00fa prepravu nebezpe\u010dn\u00e9ho tovaru<\/li>\n<li> nepretr\u017eit\u00e1 podpora odborn\u00edkov na nebezpe\u010dn\u00fd tovar vo v\u0161etk\u00fdch region\u00e1lnych centr\u00e1lach (Hamburg, Valparaiso, Piscataway a <a href=\"https:\/\/moverdb.com\/sk\/moving-to-singapore\/\" data-internallinksmanager029f6b8e52c=\"68\" title=\"S\u0165ahovanie do Singapuru? 2022 \u017divotn\u00e9 n\u00e1klady a tipy na pres\u0165ahovanie\">Singapur<\/a>)<\/li>\n<li> Nieko\u013eko odborn\u00edkov na nebezpe\u010dn\u00fd tovar na telef\u00f3ne po\u010das v\u00edkendov<\/li>\n<li> R\u00fdchla a spo\u013eahliv\u00e1 kontrola rezerv\u00e1cie na zabezpe\u010denie medzin\u00e1rodn\u00fdch pr\u00e1vnych po\u017eiadaviek a bezprobl\u00e9movej prepravy tovaru<\/li>\n<li> Spr\u00e1vne ulo\u017eenie a rozdelenie n\u00e1kladu na palube s cie\u013eom zabezpe\u010di\u0165 bezpe\u010dn\u00fa plavbu v\u0161etk\u00e9ho n\u00e1kladu<\/li>\n<li> V pr\u00edpade potreby pou\u017eite opatrenia na bezpe\u010dn\u00fa prepravu aj nad r\u00e1mec po\u017eiadaviek k\u00f3dexu IMDG.<\/li>\n<\/ul>\n<p><strong>\u0160peci\u00e1lny n\u00e1klad<\/strong><\/p>\n<ul>\n<li> \u0160pecializovan\u00fd t\u00edm<\/li>\n<li> Breakbulk - odborn\u00edci pl\u00e1nuj\u00fa nadrozmern\u00e9 projekty<\/li>\n<\/ul>\n<p><strong>Kontajnery<\/strong><\/p>\n<ul>\n<li> Splnenie po\u017eiadaviek ISO<\/li>\n<li> Such\u00fd n\u00e1klad - \u0161tandardn\u00fd, \u0161tandardn\u00fd s vysok\u00fdm r\u00e1mom, \u0161tandardn\u00fd s pevnou strechou, \u0161tandardn\u00fd s vysok\u00fdm r\u00e1mom s pevnou strechou<\/li>\n<li> Chladiarensk\u00fd n\u00e1klad - udr\u017eiavanie teploty od -35 \u00b0C do +30 \u00b0C<\/li>\n<li> N\u00edzka vlastn\u00e1 hmotnos\u0165 = kon\u0161trukcia s vysok\u00fdm u\u017eito\u010dn\u00fdm za\u0165a\u017een\u00edm<\/li>\n<li> \u0160peci\u00e1lny n\u00e1klad - Flatrack\/Platform, Flatrack High Cube, Open Top\/Hard Top, Open Top High Cube, Hardtop High Cube.<\/li>\n<\/ul>\n<p><strong>Plavby<\/strong><\/p>\n<ul>\n<li> 125 rokov sk\u00fasenost\u00ed<\/li>\n<li> Plavby po svete<\/li>\n<\/ul>\n<h2>Profil spolo\u010dnosti Hapag-Lloyd<\/h2>\n<p>Spolo\u010dnos\u0165 Hapag-Lloyd vznikla v roku 1970 zl\u00fa\u010den\u00edm spolo\u010dnost\u00ed Hamburg-Amerikanische Packetfahrt-Actien-Gesellschaft (Hapag) a Norddeutscher Lloyd. Obe tieto spolo\u010dnosti za\u010dali svoju \u010dinnos\u0165 v polovici 19. storo\u010dia, ke\u010f sa z Eur\u00f3py do <a href=\"https:\/\/moverdb.com\/sk\/moving-to-the-united-states\/\" data-internallinksmanager029f6b8e52c=\"94\" title=\"S\u0165ahujete sa do Spojen\u00fdch \u0161t\u00e1tov? 2022 \u017divotn\u00e9 n\u00e1klady a tipy na pres\u0165ahovanie\">Spojen\u00e9 \u0161t\u00e1ty americk\u00e9<\/a> sa za\u010dalo v\u00e1\u017ene.<\/p>\n<p>V s\u00fa\u010dasnosti spolo\u010dnos\u0165 Hapag-Lloyd obsluhuje trhy a z\u00e1kazn\u00edkov na celom svete a m\u00e1 rozsiahlu sie\u0165 linkovej dopravy, ktor\u00e1 sp\u00e1ja svet. M\u00e1 viac ako 190 lod\u00ed, ktor\u00e9 ro\u010dne prepravia v priemere 7,4 TEU. Spolo\u010dnos\u0165 zamestn\u00e1va pribli\u017ene 9 300 \u013eud\u00ed a m\u00e1 viac ako 600 pobo\u010diek v 120 krajin\u00e1ch sveta. <\/p>\n<p>Flotila spolo\u010dnosti Hapag-Lloyd m\u00e1 celkov\u00fa kapacitu 955 000 TEU a z\u00e1soby kontajnerov 1,5 mili\u00f3na TEU. M\u00e1 jednu z najv\u00e4\u010d\u0161\u00edch a najmodernej\u0161\u00edch kontajnerov\u00fdch flot\u00edl na svete.<\/p>\n<p>Spolo\u010dnos\u0165 Hapag-Lloyd m\u00e1 tieto akredit\u00e1cie a pridru\u017eenia:<\/p>\n<ul>\n<li> Medzin\u00e1rodn\u00e9 lodn\u00e9 bezpe\u010dnostn\u00e9 osved\u010denie (ISSC)<\/li>\n<li> Certifik\u00e1t bezpe\u010dnostn\u00e9ho mana\u017ementu (SMC)<\/li>\n<li> Dohovor o pracovn\u00fdch norm\u00e1ch v n\u00e1mornej doprave (MLC)<\/li>\n<li> <a href=\"https:\/\/moverdb.com\/sk\/world-shipping-council\/\">Svetov\u00e1 rada pre n\u00e1morn\u00fa dopravu<\/a> (<a href=\"https:\/\/moverdb.com\/sk\/world-shipping-council\/\" data-internallinksmanager029f6b8e52c=\"82\" title=\"Vysvetlenie Svetovej n\u00e1mornej rady (WSC)\">MS<\/a>)<\/li>\n<\/ul>\n<h2>Hapag-Lloyd Shipping Recenzie<\/h2>\n<p><em>V \u010dase p\u00edsania tohto \u010dl\u00e1nku sme na internete nena\u0161li \u017eiadne recenzie na lodn\u00e9 slu\u017eby spolo\u010dnosti Hapag-Lloyd.<\/em>  <\/p>\n<p><strong><\/p>\n<div itemprop=\"review\" itemscope itemtype=\"http:\/\/schema.org\/Review\">\n<span itemprop=\"author\" itemscope=\"\" itemtype=\"http:\/\/schema.org\/Organization\"><span itemprop=\"name\">MoverDB.com<\/span><\/span> Online preh\u013ead webov\u00fdch str\u00e1nok pre <span itemprop=\"itemreviewed\" itemscope=\"\" itemtype=\"http:\/\/schema.org\/Brand\"><span itemprop=\"name\">Hapag-Lloyd<\/span><\/span>:<\/strong><\/p>\n<ol>\n<li> Jasn\u00e9 kontaktn\u00e9 \u00fadaje na webovej str\u00e1nke (vr\u00e1tane telef\u00f3nneho \u010d\u00edsla): <strong>\u00c1no<\/strong><\/li>\n<li> Jednoduch\u00e9 z\u00edskanie <a href=\"https:\/\/moverdb.com\/sk\/container-shipping\/\" data-internallinksmanager029f6b8e52c=\"3\" title=\"Graf sadzieb medzin\u00e1rodnej kontajnerovej prepravy: Apr\u00edl 2026\">medzin\u00e1rodn\u00e1 preprava<\/a> cit\u00e1ty? (Online formul\u00e1r \u017eiadosti o odhad): <strong>\u00c1no<\/strong><\/li>\n<li> Jasn\u00e9 inform\u00e1cie na webovej str\u00e1nke: <strong>\u00c1no,<\/strong> Webov\u00e1 str\u00e1nka je ve\u013emi podrobn\u00e1 a dobre navrhnut\u00e1.<\/li>\n<li> \u010dlenstvo v medzin\u00e1rodn\u00fdch uzn\u00e1van\u00fdch lodn\u00fdch organiz\u00e1ci\u00e1ch: <strong>\u00c1no<\/strong>(pozri vy\u0161\u0161ie).<\/li>\n<li> Zoznam klientov a\/alebo referencie predch\u00e1dzaj\u00facich z\u00e1kazn\u00edkov. <strong>Nie,<\/strong> ale uv\u00e1dzaj\u00fa ocenenia a certifik\u00e1cie.<\/li>\n<\/ol>\n<div itemprop=\"reviewRating\" itemscope itemtype=\"http:\/\/schema.org\/Rating\"><meta itemprop=\"worstRating\" content = \"0\" \/><meta itemprop=\"bestRating\" content=\"5\" \/><meta itemprop=\"ratingValue\" content=\"4.5\"><\/div>\n<p><strong>Celkov\u00e9 hodnotenie: 4,5\/5<\/strong><br \/>\n<strong>D\u00e1tum recenzie:<\/strong> <span itemprop=\"datePublished\" content=\"2017-04-24\">24\/04\/2017<\/span>\n<\/div>\n<p>Viac inform\u00e1ci\u00ed o in\u00fdch <a href=\"https:\/\/moverdb.com\/sk\/prepravne-spolocnosti\/\">medzin\u00e1rodn\u00e9 prepravn\u00e9 spolo\u010dnosti<\/a>, <a href=\"https:\/\/moverdb.com\/sk\/kontajnerova-preprava\/\">n\u00e1klady na kontajnerov\u00fa prepravu<\/a> a na\u0161e <a href=\"https:\/\/moverdb.com\/sk\/recenzie\/\">proces presk\u00famania<\/a>.<\/p>\n<p><strong>Webov\u00e1 lokalita:<\/strong> <a href=\"https:\/\/www.hapag-lloyd.com\/en\/home.html\" target=\"_blank\" rel=\"noopener\">https:\/\/www.hapag-lloyd.com\/en\/home.html<\/a><\/p>","protected":false},"excerpt":{"rendered":"<p>Hapag-Lloyd is a global shipping company with its head office in Hamburg, Germany. It offers its clients a wide range of shipping and logistics solutions. These are listed below together with a company profile and reviews. International Shipping Dry Cargo Broad range of container solutions Fast transit times On point schedule reliability Door to door [&hellip;]<\/p>\n","protected":false},"author":1,"featured_media":0,"parent":0,"menu_order":0,"comment_status":"closed","ping_status":"closed","template":"","meta":{"_genesis_hide_title":false,"_genesis_hide_breadcrumbs":false,"_genesis_hide_singular_image":false,"_genesis_hide_footer_widgets":false,"_genesis_custom_body_class":"","_genesis_custom_post_class":"","_genesis_layout":"","footnotes":""},"class_list":{"0":"post-1610","1":"page","2":"type-page","3":"status-publish","5":"entry"},"_links":{"self":[{"href":"https:\/\/moverdb.com\/sk\/wp-json\/wp\/v2\/pages\/1610","targetHints":{"allow":["GET"]}}],"collection":[{"href":"https:\/\/moverdb.com\/sk\/wp-json\/wp\/v2\/pages"}],"about":[{"href":"https:\/\/moverdb.com\/sk\/wp-json\/wp\/v2\/types\/page"}],"author":[{"embeddable":true,"href":"https:\/\/moverdb.com\/sk\/wp-json\/wp\/v2\/users\/1"}],"replies":[{"embeddable":true,"href":"https:\/\/moverdb.com\/sk\/wp-json\/wp\/v2\/comments?post=1610"}],"version-history":[{"count":3,"href":"https:\/\/moverdb.com\/sk\/wp-json\/wp\/v2\/pages\/1610\/revisions"}],"predecessor-version":[{"id":6218,"href":"https:\/\/moverdb.com\/sk\/wp-json\/wp\/v2\/pages\/1610\/revisions\/6218"}],"wp:attachment":[{"href":"https:\/\/moverdb.com\/sk\/wp-json\/wp\/v2\/media?parent=1610"}],"curies":[{"name":"wp","href":"https:\/\/api.w.org\/{rel}","templated":true}]}}