{"id":1578,"date":"2017-04-21T14:09:10","date_gmt":"2017-04-21T14:09:10","guid":{"rendered":"http:\/\/moverdb.com\/?page_id=1578"},"modified":"2026-01-08T14:40:13","modified_gmt":"2026-01-08T14:40:13","slug":"stredomorska-lodna-spolocnost","status":"publish","type":"page","link":"https:\/\/moverdb.com\/sk\/mediterranean-shipping-company\/","title":{"rendered":"Stredomorsk\u00e1 lodn\u00e1 spolo\u010dnos\u0165 - Medzin\u00e1rodn\u00e9 slu\u017eby a recenzie"},"content":{"rendered":"<p>Stredomorie <a href=\"https:\/\/moverdb.com\/sk\/shipping-companies\/\" data-internallinksmanager029f6b8e52c=\"4\" title=\"10 najlep\u0161\u00edch medzin\u00e1rodn\u00fdch kontajnerov\u00fdch prepravn\u00fdch spolo\u010dnost\u00ed\">Prepravn\u00e1 spolo\u010dnos\u0165<\/a> (MSC) pon\u00faka svojim z\u00e1kazn\u00edkom \u0161irok\u00fa \u0161k\u00e1lu prepravn\u00fdch a in\u00fdch slu\u017eieb. Tieto slu\u017eby s\u00fa uveden\u00e9 ni\u017e\u0161ie spolu s profilom spolo\u010dnosti a recenziami.<\/p>\n<h3>Medzin\u00e1rodn\u00e1 preprava<\/h3>\n<p><strong>Such\u00fd n\u00e1klad<\/strong><\/p>\n<ul>\n<li> \u0160tandardn\u00e9 20ft, 40ft alebo 40ft vysok\u00e9 kocky<\/li>\n<li> Nadrozmern\u00fd a kusov\u00fd n\u00e1klad<\/li>\n<li> T\u00fd\u017edenn\u00e9 a pravideln\u00e9 prepravn\u00e9 slu\u017eby do svetov\u00fdch destin\u00e1ci\u00ed<\/li>\n<li> Coln\u00e9 odbavenie a dokument\u00e1cia<\/li>\n<\/ul>\n<p><strong>Prepravca n\u00e1kladu<\/strong><\/p>\n<ul>\n<li> Na mieru \u0161it\u00e9 komplexn\u00e9 dopravn\u00e9 rie\u0161enia<\/li>\n<li> T\u00fd\u017edenn\u00e9 a pravideln\u00e9 prepravn\u00e9 slu\u017eby do svetov\u00fdch destin\u00e1ci\u00ed<\/li>\n<li> Odborn\u00e9 znalosti v oblasti prepravy chladen\u00e9ho a mrazen\u00e9ho tovaru<\/li>\n<li> Kontrola pred jazdou: <\/li>\n<li> Uistite sa, \u017ee je n\u00e1doba vy\u010disten\u00e1, aby sa odstr\u00e1nili ne\u010distoty a z\u00e1pach<\/li>\n<li> Kontroluje, \u010di vn\u00fatro n\u00e1doby zodpoved\u00e1 \u0161pecifik\u00e1cii pre potraviny.<\/li>\n<li> Kontrola, \u010di strojn\u00e9 zariadenia funguj\u00fa pod\u013ea priemyseln\u00fdch noriem.<\/li>\n<li> Uistite sa, \u017ee teplota n\u00e1doby je zn\u00ed\u017een\u00e1 na spr\u00e1vny zvolen\u00fd bod<\/li>\n<li> Coln\u00e9 odbavenie a dokument\u00e1cia<\/li>\n<\/ul>\n<p><strong>Mimorozmern\u00e9 slu\u017eby a slu\u017eby Breakbulk<\/strong><\/p>\n<ul>\n<li> Odborn\u00fd t\u00edm pre logistiku n\u00e1kladu v r\u00e1mci projektu<\/li>\n<li> Nalo\u017ete, upevnite a zaistite n\u00e1klad v mieste p\u00f4vodu. <a href=\"https:\/\/moverdb.com\/sk\/top-49-container-ports\/\" data-internallinksmanager029f6b8e52c=\"80\" title=\"49 najv\u00e4\u010d\u0161\u00edch a najvy\u0165a\u017eenej\u0161\u00edch kontajnerov\u00fdch pr\u00edstavov v roku 2025\">pr\u00edstav<\/a> alebo bl\u00edzke depo<\/li>\n<li> Vn\u00fatrozemsk\u00fd zber a dod\u00e1vky pomocou r\u00f4znych zariaden\u00ed<\/li>\n<li> Zabezpe\u010denie ozn\u00e1men\u00ed pol\u00edcie\/vn\u00fatrozemskej dopravy, ak je to potrebn\u00e9<\/li>\n<li> Stevardovanie, pr\u00edstavn\u00e9 viazanie a pr\u00edstavn\u00e9 skladovacie zariadenia<\/li>\n<li> \u0160pecializovan\u00e9 vybavenie<\/li>\n<li> Konkuren\u010dn\u00e9 sadzby<\/li>\n<li> Coln\u00e9 odbavenie a dokument\u00e1cia<\/li>\n<\/ul>\n<p><strong>Intermod\u00e1lna preprava<\/strong><\/p>\n<ul>\n<li> Od dver\u00ed k dver\u00e1m<\/li>\n<li> Tov\u00e1re\u0148 spotrebite\u013eovi<\/li>\n<li> Kombin\u00e1cia dopravn\u00fdch prostriedkov, ktor\u00e9 s\u00fa k dispoz\u00edcii na splnenie povinnost\u00ed pri dod\u00e1vkach<\/li>\n<\/ul>\n<p><strong>Skladovanie kontajnerov a n\u00e1kladu<\/strong><\/p>\n<ul>\n<li> Glob\u00e1lna sie\u0165 a skladovanie a uskladnenie<\/li>\n<li> Pomoc pri vytv\u00e1ran\u00ed distribu\u010dn\u00fdch siet\u00ed<\/li>\n<li> Komplexn\u00e9 slu\u017eby a zariadenia na kompletiz\u00e1ciu\/balenie, odstra\u0148ovanie tovaru\/paletovanie a skladovanie vo\u013ene lo\u017een\u00e9ho tovaru<\/li>\n<\/ul>\n<p><strong>Kr\u00ed\u017eov\u00e9 obchodovanie<\/strong><\/p>\n<ul>\n<li> Odoslanie z \u013eubovo\u013en\u00e9ho miesta p\u00f4vodu do \u013eubovo\u013en\u00e9ho miesta ur\u010denia<\/li>\n<li> Such\u00fd n\u00e1klad<\/li>\n<li> Prepravn\u00fd n\u00e1klad<\/li>\n<li> Mimorozmern\u00e9<\/li>\n<li> Vz\u00e1cny a nebezpe\u010dn\u00fd n\u00e1klad<\/li>\n<li> Spracovanie dokument\u00e1cie<\/li>\n<li> Sledovanie<\/li>\n<li> Coln\u00e9 konanie<\/li>\n<\/ul>\n<p><strong>N\u00e1kladn\u00e9 pr\u00edvesy<\/strong><\/p>\n<ul>\n<li> Pevn\u00e9<\/li>\n<li> Plo\u0161inov\u00fd nosi\u010d<\/li>\n<li> Skl\u00e1pa\u010d<\/li>\n<li> N\u00edzky naklada\u010d<\/li>\n<li> Pr\u00edves na zdv\u00edhanie kontajnerov<\/li>\n<li> Pr\u00edves za elektrocentr\u00e1lu<\/li>\n<\/ul>\n<p><strong>Vybavenie kontajnerov<\/strong><\/p>\n<ul>\n<li> 20ft \/ 40ft \u0161tandardn\u00e9 a vysok\u00e9 kocky<\/li>\n<li> 20ft \/ 40ft kontajnery s otvorenou strechou<\/li>\n<li> 20ft \/ 40ft a vysokokapacitn\u00e9 chladiarensk\u00e9 kontajnery<\/li>\n<li> 20ft \/ 40ft ploch\u00e9 reg\u00e1ly<\/li>\n<li> 20ft \/ 40ft plo\u0161iny<\/li>\n<li> 20ft \/ 40ft kontajnery s otvorenou strechou<\/li>\n<\/ul>\n<h2>Stredomorsk\u00e1 lodn\u00e1 spolo\u010dnos\u0165 (MSC)<\/h2>\n<p>Mediterranean Shipping Company je s\u00fakromn\u00e1 glob\u00e1lna spolo\u010dnos\u0165 <a href=\"https:\/\/moverdb.com\/sk\/prepravne-spolocnosti\/\">medzin\u00e1rodn\u00e1 prepravn\u00e1 spolo\u010dnos\u0165<\/a> ktor\u00e1 funguje u\u017e viac ako 40 rokov. Zalo\u017eil ju v Neapole Gianluigi Aponte a st\u00e1le ju vedie rodina Aponte. Jej celosvetov\u00e9 s\u00eddlo sa nach\u00e1dza v <a href=\"https:\/\/moverdb.com\/sk\/moving-to-switzerland\/moving-to-geneva\/\" data-internallinksmanager029f6b8e52c=\"416\" title=\"S\u0165ahovanie do \u017denevy? 2026 N\u00e1klady na b\u00fdvanie a tipy na pres\u0165ahovanie\">\u017deneva<\/a> a m\u00e1 480 pobo\u010diek v 150 krajin\u00e1ch a zamestn\u00e1va viac ako 60 000 \u013eud\u00ed po celom svete.<\/p>\n<p>Flotila MSC pozost\u00e1va z 500 kontajnerov\u00fdch lod\u00ed s kapacitou pribli\u017ene 3,0 mili\u00f3na TEU. Spolo\u010dnos\u0165 ka\u017edoro\u010dne zastavuje v 315 pr\u00edstavoch po celom svete a dod\u00e1va n\u00e1klad ka\u017ed\u00e9ho druhu.<\/p>\n<p>Spolo\u010dnos\u0165 Mediterranean Shipping Company m\u00e1 tieto akredit\u00e1cie a pridru\u017eenia:<\/p>\n<ul>\n<li> Bezpe\u010dnos\u0165 \u017eivota na mori (SOLAS)<\/li>\n<li> Medzin\u00e1rodn\u00e9 zdru\u017eenie pre leteck\u00fa a lodn\u00fa dopravu (IASA)<\/li>\n<li> <a href=\"https:\/\/moverdb.com\/sk\/medzinarodna-lodna-komora\/\">Medzin\u00e1rodn\u00e1 n\u00e1morn\u00e1 komora<\/a> (<a href=\"https:\/\/moverdb.com\/sk\/international-chamber-shipping\/\" data-internallinksmanager029f6b8e52c=\"78\" title=\"Vysvetlenie Medzin\u00e1rodnej n\u00e1mornej komory (ICS)\">ICS<\/a>)<\/li>\n<li> Feder\u00e1cia n\u00e1rodn\u00fdch zdru\u017een\u00ed lodn\u00fdch makl\u00e9rov a agentov (FONASBA)<\/li>\n<\/ul>\n<p><strong>Stredomorsk\u00e1 lodn\u00e1 spolo\u010dnos\u0165 Recenzie<\/strong><\/p>\n<p><em>V \u010dase p\u00edsania tohto \u010dl\u00e1nku sa n\u00e1m nepodarilo n\u00e1js\u0165 \u017eiadne recenzie na prepravn\u00e9 slu\u017eby spolo\u010dnosti Mediterranean Shipping Company online.<\/em> <\/p>\n<div itemprop=\"review\" itemscope itemtype=\"http:\/\/schema.org\/Review\">\n<strong><span itemprop=\"author\" itemscope=\"\" itemtype=\"http:\/\/schema.org\/Organization\"><span itemprop=\"name\">MoverDB.com<\/span><\/span> Online preh\u013ead webov\u00fdch str\u00e1nok pre <span itemprop=\"itemreviewed\" itemscope=\"\" itemtype=\"http:\/\/schema.org\/Brand\"><span itemprop=\"name\">Stredomorsk\u00e1 lodn\u00e1 spolo\u010dnos\u0165<\/span><\/span>:<\/strong><\/p>\n<ol>\n<li> Jasn\u00e9 kontaktn\u00e9 \u00fadaje na webovej str\u00e1nke (vr\u00e1tane telef\u00f3nneho \u010d\u00edsla): <strong>\u00c1no<\/strong><\/li>\n<li> Jednoduch\u00e9 z\u00edskanie <a href=\"https:\/\/moverdb.com\/sk\/container-shipping\/\" data-internallinksmanager029f6b8e52c=\"3\" title=\"Graf sadzieb medzin\u00e1rodnej kontajnerovej prepravy: M\u00e1j 2026\">medzin\u00e1rodn\u00e1 preprava<\/a> cit\u00e1ty? (Online formul\u00e1r \u017eiadosti o odhad): <strong>\u00c1no<\/strong><\/li>\n<li> Jasn\u00e9 inform\u00e1cie na webovej str\u00e1nke: <strong>\u00c1no,<\/strong> Na webovej str\u00e1nke n\u00e1jdete mno\u017estvo inform\u00e1ci\u00ed o medzin\u00e1rodnej preprave.<\/li>\n<li> \u010dlenstvo v medzin\u00e1rodn\u00fdch uzn\u00e1van\u00fdch lodn\u00fdch organiz\u00e1ci\u00e1ch: <strong>\u00c1no<\/strong>.<\/li>\n<li> Zoznam klientov a\/alebo referencie predch\u00e1dzaj\u00facich z\u00e1kazn\u00edkov. <strong>\u00c1no,<\/strong> na svojej webovej str\u00e1nke maj\u00fa obmedzen\u00fd po\u010det pr\u00edpadov\u00fdch \u0161t\u00fadi\u00ed.<\/li>\n<\/ol>\n<div itemprop=\"reviewRating\" itemscope itemtype=\"http:\/\/schema.org\/Rating\"><meta itemprop=\"worstRating\" content = \"0\" \/><meta itemprop=\"bestRating\" content=\"5\" \/><meta itemprop=\"ratingValue\" content=\"5\"><\/div>\n<p><strong>Celkov\u00e9 hodnotenie: 5\/5<\/strong><br \/>\n<strong>D\u00e1tum recenzie:<\/strong> <span itemprop=\"datePublished\" content=\"2017-04-21\">21\/04\/2017<\/span>\n<\/div>\n<p>Viac inform\u00e1ci\u00ed o in\u00fdch <a href=\"https:\/\/moverdb.com\/sk\/prepravne-spolocnosti\/\">medzin\u00e1rodn\u00e9 prepravn\u00e9 spolo\u010dnosti<\/a>, <a href=\"https:\/\/moverdb.com\/sk\/kontajnerova-preprava\/\">sadzby za prepravu kontajnerov<\/a> a na\u0161e <a href=\"https:\/\/moverdb.com\/sk\/recenzie\/\">proces presk\u00famania<\/a>.<\/p>\n<p><strong>Webov\u00e1 lokalita:<\/strong> <a href=\"https:\/\/www.msc.com\/\" target=\"_blank\" rel=\"noopener\">https:\/\/www.msc.com\/<\/a><\/p>","protected":false},"excerpt":{"rendered":"<p>Mediterranean Shipping Company (MSC) offers its customers a wide range of shipping and other services. These are listed below, together with a company profile and reviews. International Shipping Dry Cargo Standard 20ft, 40ft or 40ft high cube containers Oversized and breakbulk cargo Weekly and regular shipping services to global destinations Customs clearance and documentation Reefer [&hellip;]<\/p>\n","protected":false},"author":1,"featured_media":0,"parent":0,"menu_order":0,"comment_status":"closed","ping_status":"closed","template":"","meta":{"_genesis_hide_title":false,"_genesis_hide_breadcrumbs":false,"_genesis_hide_singular_image":false,"_genesis_hide_footer_widgets":false,"_genesis_custom_body_class":"","_genesis_custom_post_class":"","_genesis_layout":"","footnotes":""},"class_list":{"0":"post-1578","1":"page","2":"type-page","3":"status-publish","5":"entry"},"_links":{"self":[{"href":"https:\/\/moverdb.com\/sk\/wp-json\/wp\/v2\/pages\/1578","targetHints":{"allow":["GET"]}}],"collection":[{"href":"https:\/\/moverdb.com\/sk\/wp-json\/wp\/v2\/pages"}],"about":[{"href":"https:\/\/moverdb.com\/sk\/wp-json\/wp\/v2\/types\/page"}],"author":[{"embeddable":true,"href":"https:\/\/moverdb.com\/sk\/wp-json\/wp\/v2\/users\/1"}],"replies":[{"embeddable":true,"href":"https:\/\/moverdb.com\/sk\/wp-json\/wp\/v2\/comments?post=1578"}],"version-history":[{"count":6,"href":"https:\/\/moverdb.com\/sk\/wp-json\/wp\/v2\/pages\/1578\/revisions"}],"predecessor-version":[{"id":13177,"href":"https:\/\/moverdb.com\/sk\/wp-json\/wp\/v2\/pages\/1578\/revisions\/13177"}],"wp:attachment":[{"href":"https:\/\/moverdb.com\/sk\/wp-json\/wp\/v2\/media?parent=1578"}],"curies":[{"name":"wp","href":"https:\/\/api.w.org\/{rel}","templated":true}]}}