{"id":1570,"date":"2017-02-24T09:05:40","date_gmt":"2017-02-24T09:05:40","guid":{"rendered":"http:\/\/moverdb.com\/?page_id=1570"},"modified":"2026-05-15T15:00:42","modified_gmt":"2026-05-15T15:00:42","slug":"mudanzas-gou","status":"publish","type":"page","link":"https:\/\/moverdb.com\/sk\/mudanzas-gou\/","title":{"rendered":"Mudanzas Gou - Medzin\u00e1rodn\u00e9 s\u0165ahovanie"},"content":{"rendered":"<p>Mudanzas Gou je mexick\u00e1 <a href=\"https:\/\/moverdb.com\/sk\/moving-companies\/\" data-internallinksmanager029f6b8e52c=\"79\" title=\"Top 25 medzin\u00e1rodn\u00fdch s\u0165ahovac\u00edch spolo\u010dnost\u00ed online\">s\u0165ahovacia spolo\u010dnos\u0165<\/a> ktor\u00e1 pon\u00faka svojim klientom \u0161irok\u00fa \u0161k\u00e1lu slu\u017eieb, ktor\u00e9 s\u00fa uveden\u00e9 ni\u017e\u0161ie spolu s profilom spolo\u010dnosti a recenziami.<\/p>\n<p><strong>Medzin\u00e1rodn\u00e9 s\u0165ahovanie<\/strong><\/p>\n<ul>\n<li> Od dver\u00ed k dver\u00e1m<\/li>\n<li> Kompletn\u00e9 balenie, balenie krehk\u00fdch predmetov alebo balenie pre dom\u00e1cich majstrov<\/li>\n<li> Demont\u00e1\u017e a op\u00e4tovn\u00e1 mont\u00e1\u017e n\u00e1bytku<\/li>\n<li> Coln\u00e9 odbavenie a pomoc s dokument\u00e1ciou<\/li>\n<li> Zriaden\u00e9 poistenie<\/li>\n<li> K dispoz\u00edcii je slu\u017eba vyba\u013eovania<\/li>\n<li> K dispoz\u00edcii je kr\u00e1tkodob\u00e9 a dlhodob\u00e9 skladovanie<\/li>\n<\/ul>\n<p><strong>Vn\u00fatro\u0161t\u00e1tne a dia\u013ekov\u00e9 s\u0165ahovanie<\/strong><\/p>\n<ul>\n<li> Od dver\u00ed k dver\u00e1m<\/li>\n<li> Kompletn\u00e9 balenie, balenie krehk\u00fdch predmetov alebo balenie pre dom\u00e1cich majstrov<\/li>\n<li> Demont\u00e1\u017e a op\u00e4tovn\u00e1 mont\u00e1\u017e n\u00e1bytku<\/li>\n<li> Zriaden\u00e9 poistenie<\/li>\n<li> K dispoz\u00edcii je slu\u017eba vyba\u013eovania<\/li>\n<li> K dispoz\u00edcii je dlhodob\u00e9 a kr\u00e1tkodob\u00e9 skladovanie<\/li>\n<\/ul>\n<p><strong>Komer\u010dn\u00e9 s\u0165ahovanie<\/strong><\/p>\n<ul>\n<li> Po hodin\u00e1ch sa pohybuje<\/li>\n<li> Pl\u00e1n logistiky<\/li>\n<li> IT s\u0165ahovanie<\/li>\n<li> Demont\u00e1\u017e a op\u00e4tovn\u00e1 mont\u00e1\u017e v\u0161etk\u00e9ho n\u00e1bytku<\/li>\n<\/ul>\n<p><strong>\u0160peci\u00e1lna doprava a preprava<\/strong><\/p>\n<ul>\n<li> <a href=\"https:\/\/moverdb.com\/sk\/automobilova-doprava-a-preprava\/\">Automobily<\/a><\/li>\n<li> Vans<\/li>\n<li> Motocykle<\/li>\n<li> Obrnen\u00e9 vozidl\u00e1<\/li>\n<li> Zbern\u00e9 vozidl\u00e1<\/li>\n<li> R\u00f4zne strojov\u00e9 zariadenia<\/li>\n<li> Motorov\u00e9 \u010dlny<\/li>\n<li> Plachetnice<\/li>\n<li> Zdravotn\u00edcky materi\u00e1l a nemocnice<\/li>\n<li> Vzdel\u00e1vacie in\u0161tit\u00facie<\/li>\n<li> Umenie a staro\u017eitnosti<\/li>\n<li> \u0160pecializovan\u00e9 vybavenie<\/li>\n<\/ul>\n<p><strong>\u00dalo\u017eisko<\/strong><\/p>\n<ul>\n<li> Dlhodob\u00e9 a kr\u00e1tkodob\u00e9<\/li>\n<li> Zabezpe\u010denie 24 hod\u00edn denne, 7 dn\u00ed v t\u00fd\u017edni<\/li>\n<li> Inventariza\u010dn\u00fd syst\u00e9m<\/li>\n<li> K dispoz\u00edcii je klimatiz\u00e1cia<\/li>\n<li> Kontrola \u0161kodcov<\/li>\n<li> Po\u017eiarny syst\u00e9m<\/li>\n<li> Arch\u00edvne \u00falo\u017eisko<\/li>\n<\/ul>\n<h2>Profil spolo\u010dnosti Mudanzas Gou<\/h2>\n<p>Mudanzas Gou je jedn\u00fdm z najstar\u0161\u00edch <a href=\"https:\/\/moverdb.com\/sk\/moving-companies\/moving-companies-mexico\/\" data-internallinksmanager029f6b8e52c=\"288\" title=\"18 najlep\u0161\u00edch medzin\u00e1rodn\u00fdch s\u0165ahovac\u00edch spolo\u010dnost\u00ed v Mexiku\">s\u0165ahovacie spolo\u010dnosti v Mexiku<\/a>, kde sa za\u010dala v roku 1900. V s\u00fa\u010dasnosti m\u00e1 10 kancel\u00e1ri\u00ed v Mexiku a kontakty so z\u00e1stupcami po celom svete. Gou bol zakladaj\u00facim \u010dlenom <a href=\"https:\/\/moverdb.com\/sk\/fidi-faim\/\" data-internallinksmanager029f6b8e52c=\"16\" title=\"Vysvetlenie FIDI a FAIM (FIDI akreditovan\u00fd medzin\u00e1rodn\u00fd prepravca)\">FIDI<\/a>, OMNI, <a href=\"https:\/\/moverdb.com\/sk\/lacma\/\" data-internallinksmanager029f6b8e52c=\"28\" title=\"Zdru\u017eenie medzin\u00e1rodn\u00fdch prepravcov z Latinskej Ameriky a Karibiku (LACMA)\">LACMA<\/a>, AMI a <a href=\"https:\/\/moverdb.com\/sk\/amsa\/\" data-internallinksmanager029f6b8e52c=\"5\" title=\"Vysvetlenie Americkej asoci\u00e1cie pre s\u0165ahovanie a skladovanie (AMSA)\">AMSA<\/a>.<\/p>\n<p>Spolo\u010dnos\u0165 Gou je hrd\u00e1 na svoje osobn\u00e9 slu\u017eby a trv\u00e1 na tom, aby sa s ka\u017ed\u00fdm z\u00e1kazn\u00edkom porozpr\u00e1vala osobne, aby mu poskytla \u010do najlep\u0161ie slu\u017eby. V\u0161etky jej vozidl\u00e1 maj\u00fa satelitn\u00e9 sledovanie a s\u00fa nakladan\u00e9 a riaden\u00e9 vlastn\u00fdm person\u00e1lom.<\/p>\n<p>Mudanzas Gou m\u00e1 tieto akredit\u00e1cie a afili\u00e1cie:<\/p>\n<ul>\n<li> <a href=\"https:\/\/moverdb.com\/sk\/fidi-faim\/\">F\u00e9d\u00e9ration Internationale des D\u00e9m\u00e9nageurs Internationaux<\/a> (FIDI)<\/li>\n<li> Overseas Moving Network International (OMNI)<\/li>\n<li> <a href=\"https:\/\/moverdb.com\/sk\/lacma\/\">Zdru\u017eenie medzin\u00e1rodn\u00fdch prepravcov z Latinskej Ameriky a Karibiku<\/a> (LACMA)<\/li>\n<li> <a href=\"https:\/\/moverdb.com\/sk\/hgfaa\/\">Asoci\u00e1cia americk\u00fdch zasielate\u013eov tovaru pre dom\u00e1cnos\u0165<\/a> (HHGFA)<\/li>\n<li> <a href=\"https:\/\/moverdb.com\/sk\/amsa\/\" target=\"_blank\" rel=\"noopener\">Americk\u00e1 asoci\u00e1cia pre s\u0165ahovanie a skladovanie<\/a> (AMSA)<\/li>\n<li> Panamerick\u00e1 asoci\u00e1cia medzin\u00e1rodn\u00fdch s\u0165ahovate\u013eov (PAIMA)<\/li>\n<li> <a href=\"https:\/\/moverdb.com\/sk\/fidi-faim\/\">FAIM<\/a><\/li>\n<li> Coln\u00e9 a obchodn\u00e9 partnerstvo proti terorizmu (C-PAT)<\/li>\n<\/ul>\n<h2>Mudanzas Gou Recenzie<\/h2>\n<p>Nepodarilo sa n\u00e1m n\u00e1js\u0165 \u017eiadne recenzie v anglickom jazyku pre Mudanzas Gou online, ani sa nezd\u00e1, \u017ee by na str\u00e1nke mali referencie z\u00e1kazn\u00edkov.<\/p>\n<div itemprop=\"review\" itemscope itemtype=\"http:\/\/schema.org\/Review\">\n<span itemprop=\"author\" itemscope=\"\" itemtype=\"http:\/\/schema.org\/Organization\"><span itemprop=\"name\">MoverDB.com<\/span><\/span> Online preh\u013ead webov\u00fdch str\u00e1nok pre <span itemprop=\"itemreviewed\" itemscope=\"\" itemtype=\"http:\/\/schema.org\/Brand\"><span itemprop=\"name\">Mudanzas Gou<\/span><\/span>:<\/p>\n<ol>\n<li> Jasn\u00e9 kontaktn\u00e9 \u00fadaje na webovej str\u00e1nke (vr\u00e1tane telef\u00f3nneho \u010d\u00edsla): <strong>\u00c1no<\/strong><\/li>\n<li> Jednoduch\u00e9 z\u00edskanie <a href=\"https:\/\/moverdb.com\/sk\/citaty\/\">s\u0165ahovanie cit\u00e1cie<\/a>? (Online formul\u00e1r \u017eiadosti o odhad): <strong>\u00c1no<\/strong><\/li>\n<li> Jasn\u00e9 inform\u00e1cie na webovej str\u00e1nke: <strong>\u00c1no,<\/strong> je s\u00edce z\u00e1kladn\u00fd, ale ich slu\u017eby s\u00fa uveden\u00e9 v angli\u010dtine a \u0161paniel\u010dine.<\/li>\n<li> \u010dlenstvo v medzin\u00e1rodn\u00fdch uzn\u00e1van\u00fdch organiz\u00e1ci\u00e1ch pohybliv\u00fdch zvierat: <strong>\u00c1no<\/strong>, (mnoh\u00e9 pozri vy\u0161\u0161ie)<\/li>\n<li> Zoznam klientov a\/alebo referencie predch\u00e1dzaj\u00facich z\u00e1kazn\u00edkov: <strong>Nie,<\/strong> nena\u0161li sme \u017eiadne recenzie alebo posudky z\u00e1kazn\u00edkov.<\/li>\n<\/ol>\n<div itemprop=\"reviewRating\" itemscope itemtype=\"http:\/\/schema.org\/Rating\"><meta itemprop=\"worstRating\" content = \"0\" \/><meta itemprop=\"bestRating\" content=\"5\" \/><meta itemprop=\"ratingValue\" content=\"4\"><\/div>\n<p><strong>Celkov\u00e9 hodnotenie: 4\/5<\/strong><br \/>\n<strong>D\u00e1tum recenzie:<\/strong> <span itemprop=\"datePublished\" content=\"2017-02-24\">24\/02\/2017<\/span>\n<\/div>\n<p>Pre\u010d\u00edtajte si viac o <a href=\"https:\/\/moverdb.com\/sk\/stahovacie-spolocnosti\/\">medzin\u00e1rodn\u00e9 s\u0165ahovacie spolo\u010dnosti<\/a> a na\u0161e <a href=\"https:\/\/moverdb.com\/sk\/recenzie\/\">proces presk\u00famania<\/a>.<\/p>\n<p><strong>Webov\u00e9 str\u00e1nky:<\/strong> \u0160paniel\u010dina: <a href=\"http:\/\/www.mudanzasgou.com.mx\/\" target=\"_blank\" rel=\"noopener\">http:\/\/www.mudanzasgou.com.mx\/<\/a> Angli\u010dtina: <a href=\"http:\/\/www.mudanzasgou.com\/\" target=\"_blank\" rel=\"noopener\">http:\/\/www.mudanzasgou.com\/<\/a><\/p>","protected":false},"excerpt":{"rendered":"<p>Mudanzas Gou is a Mexican moving company which offers its clients a wide range of services which are listed below, together with a company profile and reviews. International Moves Door to door Full packing service, fragile packing or DIY packing Disassembly and reassembly of furniture Customs clearance and assistance with documentation Insurance arranged Unpacking service [&hellip;]<\/p>\n","protected":false},"author":1,"featured_media":0,"parent":0,"menu_order":0,"comment_status":"closed","ping_status":"closed","template":"","meta":{"_genesis_hide_title":false,"_genesis_hide_breadcrumbs":false,"_genesis_hide_singular_image":false,"_genesis_hide_footer_widgets":false,"_genesis_custom_body_class":"","_genesis_custom_post_class":"","_genesis_layout":"","footnotes":""},"class_list":{"0":"post-1570","1":"page","2":"type-page","3":"status-publish","5":"entry"},"_links":{"self":[{"href":"https:\/\/moverdb.com\/sk\/wp-json\/wp\/v2\/pages\/1570","targetHints":{"allow":["GET"]}}],"collection":[{"href":"https:\/\/moverdb.com\/sk\/wp-json\/wp\/v2\/pages"}],"about":[{"href":"https:\/\/moverdb.com\/sk\/wp-json\/wp\/v2\/types\/page"}],"author":[{"embeddable":true,"href":"https:\/\/moverdb.com\/sk\/wp-json\/wp\/v2\/users\/1"}],"replies":[{"embeddable":true,"href":"https:\/\/moverdb.com\/sk\/wp-json\/wp\/v2\/comments?post=1570"}],"version-history":[{"count":4,"href":"https:\/\/moverdb.com\/sk\/wp-json\/wp\/v2\/pages\/1570\/revisions"}],"predecessor-version":[{"id":6222,"href":"https:\/\/moverdb.com\/sk\/wp-json\/wp\/v2\/pages\/1570\/revisions\/6222"}],"wp:attachment":[{"href":"https:\/\/moverdb.com\/sk\/wp-json\/wp\/v2\/media?parent=1570"}],"curies":[{"name":"wp","href":"https:\/\/api.w.org\/{rel}","templated":true}]}}