{"id":1568,"date":"2017-02-01T16:22:03","date_gmt":"2017-02-01T16:22:03","guid":{"rendered":"http:\/\/moverdb.com\/?page_id=1568"},"modified":"2026-01-08T14:40:03","modified_gmt":"2026-01-08T14:40:03","slug":"leo-packers-movers","status":"publish","type":"page","link":"https:\/\/moverdb.com\/sk\/leo-packers-movers\/","title":{"rendered":"Leo Packers and Movers - Medzin\u00e1rodn\u00e9 s\u0165ahovanie Recenzie"},"content":{"rendered":"<p>Spolo\u010dnos\u0165 Leo Packers and Movers s\u00eddli v Bangal\u00fare, <a href=\"https:\/\/moverdb.com\/sk\/moving-to-india\/\" data-internallinksmanager029f6b8e52c=\"356\" title=\"S\u0165ahovanie do Indie? 2026 N\u00e1klady na \u017eivot a tipy na pres\u0165ahovanie\">India<\/a>. Spolo\u010dnos\u0165 pon\u00faka svojim z\u00e1kazn\u00edkom \u0161irok\u00fa \u0161k\u00e1lu slu\u017eieb, ktor\u00e9 s\u00fa uveden\u00e9 ni\u017e\u0161ie spolu s profilom spolo\u010dnosti a recenziami.<\/p>\n<p><strong>Medzin\u00e1rodn\u00e9 s\u0165ahovanie<\/strong><\/p>\n<ul>\n<li> Od dver\u00ed k dver\u00e1m<\/li>\n<li> Dvere k termin\u00e1lu<\/li>\n<li> Kompletn\u00e9 baliace slu\u017eby, balenie krehk\u00fdch predmetov alebo balenie \"urob si s\u00e1m<\/li>\n<li> Demont\u00e1\u017e a op\u00e4tovn\u00e1 mont\u00e1\u017e n\u00e1bytku<\/li>\n<li> K dispoz\u00edcii je kompletn\u00e1 slu\u017eba vybalenia<\/li>\n<li> Odstra\u0148ovanie sut\u00edn<\/li>\n<li> K dispoz\u00edcii je dlhodob\u00e9 a kr\u00e1tkodob\u00e9 skladovanie<\/li>\n<li> Coln\u00e9 odbavenie a pomoc s dokument\u00e1ciou<\/li>\n<li> Leteck\u00e1 n\u00e1kladn\u00e1 doprava<\/li>\n<li> N\u00e1kladn\u00e1 n\u00e1morn\u00e1 doprava<\/li>\n<li> Zriaden\u00e9 poistenie<\/li>\n<\/ul>\n<p><strong>S\u0165ahovanie do obytn\u00fdch priestorov<\/strong><\/p>\n<ul>\n<li> Od dver\u00ed k dver\u00e1m<\/li>\n<li> K dispoz\u00edcii s\u00fa kompletn\u00e9 baliace slu\u017eby<\/li>\n<li> Demont\u00e1\u017e a op\u00e4tovn\u00e1 mont\u00e1\u017e n\u00e1bytku<\/li>\n<li> K dispoz\u00edcii je slu\u017eba vyba\u013eovania<\/li>\n<li> Odstra\u0148ovanie sut\u00edn<\/li>\n<li> Kontajnerov\u00e9 vozidl\u00e1 na z\u00e1kazku<\/li>\n<li> Dlhodob\u00e9 a kr\u00e1tkodob\u00e9 skladovanie<\/li>\n<li> Zriaden\u00e9 poistenie<\/li>\n<\/ul>\n<p><strong>Premiestnenie spolo\u010dnosti<\/strong><\/p>\n<ul>\n<li> Slu\u017eba od dver\u00ed k dver\u00e1m<\/li>\n<li> Demont\u00e1\u017e a op\u00e4tovn\u00e1 mont\u00e1\u017e n\u00e1bytku<\/li>\n<li> Komplexn\u00e9 balenie<\/li>\n<li> Spr\u00e1vne ozna\u010dovanie<\/li>\n<li> Zriadenie pracovn\u00fdch stan\u00edc<\/li>\n<li> S\u0165ahovanie po pracovnej dobe a cez v\u00edkend<\/li>\n<li> Odstra\u0148ovanie sut\u00edn<\/li>\n<\/ul>\n<p><strong>\u00dalo\u017eisko<\/strong><\/p>\n<ul>\n<li> Individu\u00e1lne kab\u00edny na mieru<\/li>\n<li> Bez prachu, bez termitov, bez z\u00e1pachu (kontrola \u0161kodcov)<\/li>\n<li> Budova RCC s vybaven\u00edm na prvom poschod\u00ed<\/li>\n<li> Vlastn\u00e9 sklady<\/li>\n<li> Nepretr\u017eit\u00e1 bezpe\u010dnos\u0165<\/li>\n<li> Doh\u013ead<\/li>\n<\/ul>\n<h2>Leo Packers and Movers Profil spolo\u010dnosti<\/h2>\n<p>Spolo\u010dnos\u0165 Leo Packers and Movers otvorila svoje br\u00e1ny v roku 1975 v Bangal\u00fare v Indii. Spolo\u010dnos\u0165 st\u00e1le vedie zakladate\u013esk\u00e1 rodina Shahovcov a v s\u00fa\u010dasnosti v nej pracuj\u00fa u\u017e tri gener\u00e1cie. Spolo\u010dnos\u0165 je nez\u00e1visl\u00e1 spolo\u010dnos\u0165 na s\u0165ahovanie a v Indii je zn\u00e1ma ako jedna z najlep\u0161\u00edch spolo\u010dnost\u00ed na s\u0165ahovanie dom\u00e1cnost\u00ed a firiem, a to na miestnej, region\u00e1lnej aj medzin\u00e1rodnej \u00farovni.<\/p>\n<p>Spolo\u010dnos\u0165 ver\u00ed, \u017ee podporuje a udr\u017eiava dobr\u00e9 vz\u0165ahy so svojimi z\u00e1kazn\u00edkmi. Vedia, \u017ee n\u00e1klady s\u00fa d\u00f4le\u017eit\u00fdm faktorom, a sna\u017eia sa udr\u017eiava\u0165 n\u00edzke ceny pri zachovan\u00ed vynikaj\u00facich slu\u017eieb. Spolo\u010dnos\u0165 Leo Packers and Movers tvrd\u00ed, \u017ee ka\u017ed\u00e9 s\u0165ahovanie je in\u00e9, a preto sa ka\u017ed\u00e9 s\u0165ahovanie prisp\u00f4sobuje klientovi.<\/p>\n<p>Spolo\u010dnos\u0165 Leo Packers and Movers m\u00e1 tieto akredit\u00e1cie a pr\u00edslu\u0161nos\u0165: -<\/p>\n<ul>\n<li> Nie je uveden\u00e9 na webovej str\u00e1nke spolo\u010dnosti<\/li>\n<\/ul>\n<h2>Leo Packers and Movers Recenzie<\/h2>\n<p><strong>Pozit\u00edvne:<\/strong><\/p>\n<ul>\n<li> <em>\"\u010clenovia t\u00edmu sa nielen dobre spr\u00e1vali, ale tie\u017e sa dr\u017eali svojej \u00falohy, boli s\u00fastreden\u00ed a trpezlivo vykon\u00e1vali svoju pr\u00e1cu.\"<\/em> rarami20000 prostredn\u00edctvom <a href=\"http:\/\/www.mouthshut.com\/review\/Leo-Packers-and-Movers-Hyderabad-review-mmqtqrslsnm\" target=\"_blank\" rel=\"noopener\">MouthShut.com<\/a>\n<\/ul>\n<p><strong>Negat\u00edvne:<\/strong><\/p>\n<ul>\n<li> <em>\"T\u00edto \u013eudia s\u00fa najhor\u0161\u00ed, najprv v\u00e1s ober\u00fa o peniaze a potom v\u00e1s u\u017e nikdy nepo\u010d\u00favaj\u00fa.\"<\/em> subbu2001978 prostredn\u00edctvom <a href=\"http:\/\/www.mouthshut.com\/review\/Leo-Packers-and-Movers-Hyderabad-review-sqtrrrmoqqm\" target=\"_blank\" rel=\"noopener\">MouthShut.com<\/a><\/li>\n<\/ul>\n<div itemprop=\"review\" itemscope itemtype=\"http:\/\/schema.org\/Review\">\n<span itemprop=\"author\" itemscope=\"\" itemtype=\"http:\/\/schema.org\/Organization\"><span itemprop=\"name\">MoverDB.com<\/span><\/span> Online preh\u013ead webov\u00fdch str\u00e1nok pre <span itemprop=\"itemreviewed\" itemscope=\"\" itemtype=\"http:\/\/schema.org\/Brand\"><span itemprop=\"name\">Leo Packers a Movers<\/span><\/span>:<\/p>\n<ol>\n<li> Jasn\u00e9 kontaktn\u00e9 \u00fadaje na webovej str\u00e1nke (vr\u00e1tane telef\u00f3nneho \u010d\u00edsla): <strong>\u00c1no<\/strong><\/li>\n<li> Jednoduch\u00e9 z\u00edskanie <a href=\"https:\/\/moverdb.com\/sk\/citaty\/\">medzin\u00e1rodn\u00e9 s\u0165ahovanie cit\u00e1cie<\/a>? (Online formul\u00e1r \u017eiadosti o odhad): <strong>\u00c1no<\/strong><\/li>\n<li> Jasn\u00e9 inform\u00e1cie na webovej str\u00e1nke: <strong>Obmedzen\u00e9<\/strong> webov\u00e1 str\u00e1nka pon\u00faka len obmedzen\u00e9 inform\u00e1cie o ich slu\u017eb\u00e1ch.<\/li>\n<li> \u010dlenstvo v medzin\u00e1rodn\u00fdch uzn\u00e1van\u00fdch organiz\u00e1ci\u00e1ch pohybliv\u00fdch zvierat: <strong>Nie je uveden\u00e9<\/strong><\/li>\n<li> Zoznam klientov a\/alebo referencie predch\u00e1dzaj\u00facich z\u00e1kazn\u00edkov. <strong>Nie,<\/strong> ale maj\u00fa gal\u00e9riu fotografi\u00ed.<\/li>\n<\/ol>\n<div itemprop=\"reviewRating\" itemscope itemtype=\"http:\/\/schema.org\/Rating\"><meta itemprop=\"worstRating\" content = \"0\" \/><meta itemprop=\"bestRating\" content=\"5\" \/><meta itemprop=\"ratingValue\" content=\"3\"><\/div>\n<p><strong>Celkov\u00e9 hodnotenie: 3\/5<\/strong><br \/>\n<strong>D\u00e1tum recenzie:<\/strong> <span itemprop=\"datePublished\" content=\"2017-02-01\">01\/02\/2017<\/span>\n<\/div>\n<p>Pre\u010d\u00edtajte si viac o <a href=\"https:\/\/moverdb.com\/sk\/stahovacie-spolocnosti\/\">medzin\u00e1rodn\u00e9 s\u0165ahovacie spolo\u010dnosti<\/a> a na\u0161e <a href=\"https:\/\/moverdb.com\/sk\/recenzie\/\">proces presk\u00famania<\/a>.<\/p>\n<p><strong>Webov\u00e1 lokalita:<\/strong> <a href=\"http:\/\/www.leopackersindia.com\/\" target=\"_blank\" rel=\"noopener\">http:\/\/www.leopackersindia.com\/<\/a><\/p>","protected":false},"excerpt":{"rendered":"<p>Leo Packers and Movers is based in Bangalore, India. The company offers its customers a wide range of services which are listed below, together with a company profile and reviews. International Moves Door to door Door to terminal Full packing service, fragile items or DIY packing Dismantling and reassembly of furniture Full unpacking service available [&hellip;]<\/p>\n","protected":false},"author":1,"featured_media":0,"parent":0,"menu_order":0,"comment_status":"closed","ping_status":"closed","template":"","meta":{"_genesis_hide_title":false,"_genesis_hide_breadcrumbs":false,"_genesis_hide_singular_image":false,"_genesis_hide_footer_widgets":false,"_genesis_custom_body_class":"","_genesis_custom_post_class":"","_genesis_layout":"","footnotes":""},"class_list":{"0":"post-1568","1":"page","2":"type-page","3":"status-publish","5":"entry"},"_links":{"self":[{"href":"https:\/\/moverdb.com\/sk\/wp-json\/wp\/v2\/pages\/1568","targetHints":{"allow":["GET"]}}],"collection":[{"href":"https:\/\/moverdb.com\/sk\/wp-json\/wp\/v2\/pages"}],"about":[{"href":"https:\/\/moverdb.com\/sk\/wp-json\/wp\/v2\/types\/page"}],"author":[{"embeddable":true,"href":"https:\/\/moverdb.com\/sk\/wp-json\/wp\/v2\/users\/1"}],"replies":[{"embeddable":true,"href":"https:\/\/moverdb.com\/sk\/wp-json\/wp\/v2\/comments?post=1568"}],"version-history":[{"count":3,"href":"https:\/\/moverdb.com\/sk\/wp-json\/wp\/v2\/pages\/1568\/revisions"}],"predecessor-version":[{"id":13170,"href":"https:\/\/moverdb.com\/sk\/wp-json\/wp\/v2\/pages\/1568\/revisions\/13170"}],"wp:attachment":[{"href":"https:\/\/moverdb.com\/sk\/wp-json\/wp\/v2\/media?parent=1568"}],"curies":[{"name":"wp","href":"https:\/\/api.w.org\/{rel}","templated":true}]}}