{"id":1558,"date":"2017-07-10T10:38:01","date_gmt":"2017-07-10T10:38:01","guid":{"rendered":"http:\/\/moverdb.com\/?page_id=1558"},"modified":"2026-01-08T15:20:30","modified_gmt":"2026-01-08T15:20:30","slug":"packimpex","status":"publish","type":"page","link":"https:\/\/moverdb.com\/sk\/packimpex\/","title":{"rendered":"Packimpex - Medzin\u00e1rodn\u00e9 premiest\u0148ovanie a s\u0165ahovanie"},"content":{"rendered":"<p>Packimpex je spolo\u010dnos\u0165 zaoberaj\u00faca sa premiest\u0148ovan\u00edm a <a href=\"https:\/\/moverdb.com\/sk\/international-removals\/\" data-internallinksmanager029f6b8e52c=\"27\" title=\"36 najlep\u0161\u00edch medzin\u00e1rodn\u00fdch s\u0165ahovac\u00edch spolo\u010dnost\u00ed v Spojenom kr\u00e1\u013eovstve\">s\u0165ahovacia spolo\u010dnos\u0165<\/a> so s\u00eddlom v <a href=\"https:\/\/moverdb.com\/sk\/moving-to-bern\/\" data-internallinksmanager029f6b8e52c=\"262\" title=\"S\u0165ahovanie do Bernu? 2026 N\u00e1klady na b\u00fdvanie a tipy na pres\u0165ahovanie\">Bern<\/a>, <a href=\"https:\/\/moverdb.com\/sk\/moving-to-switzerland\/\" data-internallinksmanager029f6b8e52c=\"327\" title=\"S\u0165ahovanie do \u0160vaj\u010diarska? 2026 N\u00e1klady na b\u00fdvanie a tipy na pres\u0165ahovanie\">\u0160vaj\u010diarsko<\/a>. Svojim klientom pon\u00faka cel\u00fd rad slu\u017eieb, ktor\u00e9 s\u00fa uveden\u00e9 ni\u017e\u0161ie spolu s profilom spolo\u010dnosti a recenziami.<\/p>\n<p><strong>Medzin\u00e1rodn\u00e9 s\u0165ahovanie<\/strong><\/p>\n<ul>\n<li> \u0160pecializovan\u00fd mana\u017e\u00e9r s\u0165ahovania<\/li>\n<li> Kompletn\u00e9 balenie, \u010diasto\u010dn\u00e9 balenie alebo balenie \"urob si s\u00e1m<\/li>\n<li> Viacjazy\u010dn\u00e9 baliarne<\/li>\n<li> Opakovane pou\u017eite\u013en\u00e9 a recyklovate\u013en\u00e9 obaly, ak je to mo\u017en\u00e9<\/li>\n<li> Leteck\u00e1, cestn\u00e1 alebo n\u00e1morn\u00e1 doprava<\/li>\n<li> Premiestnenie dom\u00e1ceho zviera\u0165a<\/li>\n<li> <a href=\"https:\/\/moverdb.com\/sk\/automobilova-doprava-a-preprava\/\">Aut\u00e1<\/a><\/li>\n<li> Dlhodob\u00e9 a kr\u00e1tkodob\u00e9 skladovanie<\/li>\n<li> Pomoc pri colnom odbaven\u00ed a dokument\u00e1cii<\/li>\n<li> K dispoz\u00edcii je kompletn\u00e1 slu\u017eba vybalenia<\/li>\n<li> Zriaden\u00e9 poistenie<\/li>\n<\/ul>\n<p><strong>Destina\u010dn\u00e9 slu\u017eby - \u0160vaj\u010diarsko<\/strong><\/p>\n<ul>\n<li> Poradenstvo<\/li>\n<li> Imigra\u010dn\u00e9 slu\u017eby<\/li>\n<li> Orienta\u010dn\u00e1 prehliadka<\/li>\n<li> Slu\u017eba pr\u00edchodu<\/li>\n<li> Zabezpe\u010denie do\u010dasn\u00e9ho ubytovania<\/li>\n<li> Vyh\u013ead\u00e1vanie na domovskej str\u00e1nke<\/li>\n<li> Pomoc pri vzdel\u00e1van\u00ed a starostlivosti o deti<\/li>\n<li> Usadzovanie v slu\u017eb\u00e1ch<\/li>\n<li> Program podpory integr\u00e1cie<\/li>\n<li> Aut\u00e1 - dovoz alebo k\u00fapa<\/li>\n<li> Presuny skupiny<\/li>\n<li> Odletov\u00e9 slu\u017eby<\/li>\n<\/ul>\n<p><strong>Slu\u017eby firemn\u00e9ho b\u00fdvania<\/strong><\/p>\n<ul>\n<li> Spr\u00e1va rezerv\u00e1ci\u00ed<\/li>\n<li> Spr\u00e1va bytov<\/li>\n<li> Spr\u00e1va v\u00fddavkov<\/li>\n<li> Podpora pri zmene n\u00e1jomcu<\/li>\n<li> Zdru\u017eovanie firemn\u00fdch apartm\u00e1nov<\/li>\n<li> Pren\u00e1jom n\u00e1bytku<\/li>\n<li> Spr\u00e1va n\u00e1bytku<\/li>\n<li> Zariaden\u00e9 apartm\u00e1ny od Packimpex<\/li>\n<\/ul>\n<p><strong>Miestne s\u0165ahovanie<\/strong><\/p>\n<ul>\n<li> Od dver\u00ed k dver\u00e1m<\/li>\n<li> Kompletn\u00fd servis pri s\u0165ahovan\u00ed<\/li>\n<li> Obmedzen\u00fd pohyb slu\u017eieb<\/li>\n<li> Dlhodob\u00e9 a kr\u00e1tkodob\u00e9 skladovanie<\/li>\n<li> K dispoz\u00edcii je slu\u017eba vyba\u013eovania<\/li>\n<li> Poskytnut\u00e9 poistenie<\/li>\n<li> Odstra\u0148ovanie sut\u00edn<\/li>\n<\/ul>\n<h2>Profil spolo\u010dnosti Packimpex<\/h2>\n<p>Spolo\u010dnos\u0165 Packimpex sa za\u010dala s\u00fastre\u010fova\u0165 na medzin\u00e1rodn\u00e9 s\u0165ahovanie v roku 1977 a v s\u00fa\u010dasnosti je priekopn\u00edkom v oblasti medzin\u00e1rodn\u00e9ho s\u0165ahovania a premiest\u0148ovania vo \u0160vaj\u010diarsku. Spolo\u010dnos\u0165 m\u00e1 desa\u0165 pobo\u010diek na r\u00f4znych miestach vo \u0160vaj\u010diarsku a jednu v <a href=\"https:\/\/moverdb.com\/sk\/moving-to-germany\/\" data-internallinksmanager029f6b8e52c=\"321\" title=\"S\u0165ahovanie do Nemecka? 2026 N\u00e1klady na b\u00fdvanie a tipy na pres\u0165ahovanie\">Nemecko<\/a>. Packimpex zamestn\u00e1va viac ako 300 zamestnancov, ktor\u00ed s\u00fa pod\u013ea ich slov odborn\u00edkmi vo svojom odbore. Spolo\u010dnos\u0165 m\u00e1 vlastn\u00fa akad\u00e9miu \u0161kolen\u00ed, aby bola na vrchole najnov\u0161\u00edch inov\u00e1ci\u00ed v oblasti s\u0165ahovania a premiest\u0148ovania.<\/p>\n<p>Viac ako 60% zo 100 najv\u00e4\u010d\u0161\u00edch \u0161vaj\u010diarskych spolo\u010dnost\u00ed vyu\u017e\u00edva Packimpex na miestne s\u0165ahovanie a premiest\u0148ovanie zamestnancov. Spolo\u010dnos\u0165 Packimpex je s\u00fa\u010das\u0165ou siete UniGroup Relocation Network, ktor\u00e1 jej poskytuje pr\u00edstup k s\u0165ahovac\u00edm firm\u00e1m v 63 krajin\u00e1ch a 1200 lokalit\u00e1ch. Spolo\u010dnos\u0165 tie\u017e vlastn\u00ed 40 zariaden\u00fdch bytov vo ve\u013ek\u00fdch mest\u00e1ch vo \u0160vaj\u010diarsku, ktor\u00e9 prenaj\u00edma spolo\u010dnostiam a ich zahrani\u010dn\u00fdm zamestnancom.<\/p>\n<p>Spolo\u010dnos\u0165 Packimpex je hrd\u00e1 na svoj obchodn\u00fd model \u0161etrn\u00fd k \u017eivotn\u00e9mu prostrediu a recykluje svoje obaly, kde je to mo\u017en\u00e9. Neust\u00e1le realizuje r\u00f4zne projekty kompenz\u00e1cie emisi\u00ed oxidu uhli\u010dit\u00e9ho s cie\u013eom zn\u00ed\u017ei\u0165 uhl\u00edkov\u00fa stopu spolo\u010dnosti.<\/p>\n<p>Spolo\u010dnos\u0165 Packimpex m\u00e1 tieto akredit\u00e1cie a pridru\u017eenia:<\/p>\n<ul>\n<li> <a href=\"https:\/\/moverdb.com\/sk\/fidi-faim\/\">FIDI<\/a><\/li>\n<li> <a href=\"https:\/\/moverdb.com\/sk\/fidi-faim\/\" data-internallinksmanager029f6b8e52c=\"16\" title=\"Vysvetlenie FIDI a FAIM (FIDI akreditovan\u00fd medzin\u00e1rodn\u00fd prepravca)\">FAIM<\/a>-ISO<\/li>\n<li> Sie\u0165 premiest\u0148ovania UniGroup<\/li>\n<li> OMNI<\/li>\n<li> <a href=\"https:\/\/moverdb.com\/sk\/rada-pre-premiestnovanie-zamestnancov\/\">Rada pre pres\u0165ahovanie za pr\u00e1cou<\/a> (<a href=\"https:\/\/moverdb.com\/sk\/employee-relocation-council\/\" data-internallinksmanager029f6b8e52c=\"83\" title=\"Vysvetlenie celosvetovej Rady pre pres\u00edd\u013eovanie zamestnancov (ERC)\">ERC<\/a>)<\/li>\n<li> <a href=\"https:\/\/moverdb.com\/sk\/eura\/\">Eur\u00f3pska asoci\u00e1cia pre relok\u00e1ciu<\/a> (<a href=\"https:\/\/moverdb.com\/sk\/eura\/\" data-internallinksmanager029f6b8e52c=\"13\" title=\"Vysvetlenie Eur\u00f3pskej asoci\u00e1cie pre relok\u00e1ciu (EuRA)\">EURA<\/a>)<\/li>\n<li> ISO 9001<\/li>\n<li> ISO 14001<\/li>\n<li> ISO 27001<\/li>\n<\/ul>\n<h2>Recenzie Packimpex<\/h2>\n<p><strong>Pozit\u00edvne:<\/strong><\/p>\n<p><em>\"T\u00edto chlapci boli skvel\u00ed. Nem\u00e1m predstavu o <a href=\"https:\/\/moverdb.com\/sk\/naklady-na-stahovanie\/\" target=\"_blank\" rel=\"noopener\">n\u00e1klady<\/a> ako sa o to postarala spolo\u010dnos\u0165, ale starostlivos\u0165, ktor\u00fa venovali pri balen\u00ed m\u00f4jho domu v <a href=\"https:\/\/moverdb.com\/sk\/moving-to-london\/\" target=\"_blank\" rel=\"noopener\">Lond\u00fdn<\/a> a starostlivos\u0165, s akou v\u0161etko na tejto strane zmontovali, bola skvel\u00e1.\"<\/em> - prostredn\u00edctvom <a href=\"https:\/\/www.englishforum.ch\/housing-general\/131431-packimpex-review.html\" target=\"_blank\" rel=\"noopener\">Anglick\u00e9 f\u00f3rum \u0160vaj\u010diarsko<\/a><\/p>\n<p><strong>Negat\u00edvne: <\/strong><\/p>\n<p><em>\"Extr\u00e9mne zl\u00e9 rie\u0161enie odchodu\"<\/em> - Anu prostredn\u00edctvom <a href=\"https:\/\/www.facebook.com\/pg\/packimpex\/reviews\/?ref=page_internal\" target=\"_blank\" rel=\"noopener\">Facebook<\/a><\/p>\n<div itemprop=\"review\" itemscope itemtype=\"http:\/\/schema.org\/Review\">\n<span itemprop=\"author\" itemscope=\"\" itemtype=\"http:\/\/schema.org\/Organization\"><span itemprop=\"name\">MoverDB.com<\/span><\/span> Online preh\u013ead webov\u00fdch str\u00e1nok pre <span itemprop=\"itemreviewed\" itemscope=\"\" itemtype=\"http:\/\/schema.org\/Brand\"><span itemprop=\"name\">Packimpex<\/span><\/span>:<\/p>\n<ol>\n<li> Jasn\u00e9 kontaktn\u00e9 \u00fadaje na webovej str\u00e1nke (vr\u00e1tane telef\u00f3nneho \u010d\u00edsla): <strong>\u00c1no<\/strong><\/li>\n<li> Jednoduch\u00e9 z\u00edskanie <a href=\"https:\/\/moverdb.com\/sk\/citaty\/\">medzin\u00e1rodn\u00e9 s\u0165ahovanie cit\u00e1cie<\/a>? (Online formul\u00e1r \u017eiadosti o odhad): <strong>\u00c1no<\/strong><\/li>\n<li> Jasn\u00e9 inform\u00e1cie na webovej str\u00e1nke: <strong>\u00c1no,<\/strong> Na webovej str\u00e1nke s\u00fa jasne uveden\u00e9 v\u0161etky slu\u017eby, ktor\u00e9 pon\u00fakaj\u00fa.<\/li>\n<li> \u010dlenstvo v medzin\u00e1rodn\u00fdch uznan\u00fdch organiz\u00e1ci\u00e1ch pohybliv\u00fdch zvierat: <strong>\u00c1no<\/strong>, (pozri vy\u0161\u0161ie)<\/li>\n<li> Zoznam klientov a\/alebo referencie predch\u00e1dzaj\u00facich z\u00e1kazn\u00edkov. <strong>Nie,<\/strong> ale v\u00e4\u010d\u0161ina online recenzi\u00ed spolo\u010dnosti sa zd\u00e1 by\u0165 pozit\u00edvna.<\/li>\n<\/ol>\n<div itemprop=\"reviewRating\" itemscope itemtype=\"http:\/\/schema.org\/Rating\"><meta itemprop=\"worstRating\" content = \"0\" \/><meta itemprop=\"bestRating\" content=\"5\" \/><meta itemprop=\"ratingValue\" content=\"4.5\"><\/div>\n<p><strong>Celkov\u00e9 hodnotenie: 4,5\/5<\/strong><br \/>\n<strong>D\u00e1tum recenzie:<\/strong> <span itemprop=\"datePublished\" content=\"2017-07-10\">10\/07\/2017<\/span>\n<\/div>\n<p>Pre\u010d\u00edtajte si viac o <a href=\"https:\/\/moverdb.com\/sk\/stahovacie-spolocnosti\/\">medzin\u00e1rodn\u00e9 s\u0165ahovacie spolo\u010dnosti<\/a> a na\u0161e <a href=\"https:\/\/moverdb.com\/sk\/recenzie\/\">vysvetlen\u00fd proces presk\u00famania<\/a>.<\/p>\n<p><strong>Webov\u00e1 lokalita:<\/strong> <a href=\"http:\/\/www.packimpex.ch\/\" target=\"_blank\" rel=\"noopener\">http:\/\/www.packimpex.ch\/<\/a><\/p>","protected":false},"excerpt":{"rendered":"<p>Packimpex is a relocation and removal company based in Bern, Switzerland. It offers its clients a range of services which are listed below, together with a company profile and reviews. International Moves Dedicated move manager Full packing service, partial packing or DIY packing Multilingual packers Reusable and recyclable packing where possible Air, road or sea [&hellip;]<\/p>\n","protected":false},"author":1,"featured_media":0,"parent":0,"menu_order":0,"comment_status":"closed","ping_status":"closed","template":"","meta":{"_genesis_hide_title":false,"_genesis_hide_breadcrumbs":false,"_genesis_hide_singular_image":false,"_genesis_hide_footer_widgets":false,"_genesis_custom_body_class":"","_genesis_custom_post_class":"","_genesis_layout":"","footnotes":""},"class_list":{"0":"post-1558","1":"page","2":"type-page","3":"status-publish","5":"entry"},"_links":{"self":[{"href":"https:\/\/moverdb.com\/sk\/wp-json\/wp\/v2\/pages\/1558","targetHints":{"allow":["GET"]}}],"collection":[{"href":"https:\/\/moverdb.com\/sk\/wp-json\/wp\/v2\/pages"}],"about":[{"href":"https:\/\/moverdb.com\/sk\/wp-json\/wp\/v2\/types\/page"}],"author":[{"embeddable":true,"href":"https:\/\/moverdb.com\/sk\/wp-json\/wp\/v2\/users\/1"}],"replies":[{"embeddable":true,"href":"https:\/\/moverdb.com\/sk\/wp-json\/wp\/v2\/comments?post=1558"}],"version-history":[{"count":4,"href":"https:\/\/moverdb.com\/sk\/wp-json\/wp\/v2\/pages\/1558\/revisions"}],"predecessor-version":[{"id":6228,"href":"https:\/\/moverdb.com\/sk\/wp-json\/wp\/v2\/pages\/1558\/revisions\/6228"}],"wp:attachment":[{"href":"https:\/\/moverdb.com\/sk\/wp-json\/wp\/v2\/media?parent=1558"}],"curies":[{"name":"wp","href":"https:\/\/api.w.org\/{rel}","templated":true}]}}