{"id":1548,"date":"2017-02-01T15:00:53","date_gmt":"2017-02-01T15:00:53","guid":{"rendered":"http:\/\/moverdb.com\/?page_id=1548"},"modified":"2026-01-08T15:20:43","modified_gmt":"2026-01-08T15:20:43","slug":"sirva","status":"publish","type":"page","link":"https:\/\/moverdb.com\/sk\/sirva\/","title":{"rendered":"SIRVA - Medzin\u00e1rodn\u00e9 s\u0165ahovanie a relok\u00e1cia"},"content":{"rendered":"<p>SIRVA je celosvetov\u00e1 spolo\u010dnos\u0165 zaoberaj\u00faca sa premiest\u0148ovan\u00edm so s\u00eddlom v <a href=\"https:\/\/moverdb.com\/sk\/moving-to-the-united-states\/moving-to-illinois\/\" data-internallinksmanager029f6b8e52c=\"401\" title=\"S\u0165ahovanie do Illinois? 2026 N\u00e1klady na b\u00fdvanie a tipy na pres\u0165ahovanie\">Illinois<\/a>. Svojim firemn\u00fdm a individu\u00e1lnym klientom pon\u00faka r\u00f4zne s\u0165ahovacie slu\u017eby. Tieto slu\u017eby s\u00fa uveden\u00e9 ni\u017e\u0161ie spolu s profilom spolo\u010dnosti a recenziami.<\/p>\n<p><strong>Medzin\u00e1rodn\u00e9 s\u0165ahovanie<\/strong><\/p>\n<ul>\n<li> Celosvetov\u00e1 sie\u0165 pohybliv\u00fdch zdrojov<\/li>\n<li> Sledovanie z\u00e1sielky 24\/7<\/li>\n<li> Prieskum domu s cie\u013eom zisti\u0165 po\u017eiadavky na balenie at\u010f.<\/li>\n<li> Zriaden\u00e9 poistenie<\/li>\n<li> Osobn\u00fd koordin\u00e1tor v\u00e1m pom\u00f4\u017ee s po\u017eadovanou dokument\u00e1ciou<\/li>\n<li> Balenie a nakladanie<\/li>\n<li> Coln\u00e9 konanie<\/li>\n<li> Dodanie a vybalenie<\/li>\n<li> Pri doru\u010den\u00ed v\u00e1m bud\u00fa k dispoz\u00edcii anglicky hovoriaci ved\u00faci pos\u00e1dky<\/li>\n<li> V\u0161etky predmety bud\u00fa starostlivo vylo\u017een\u00e9 a skontrolovan\u00e9 s va\u0161\u00edm invent\u00e1rnym zoznamom a bud\u00fa umiestnen\u00e9 do spr\u00e1vnych miestnost\u00ed.<\/li>\n<li> Krehk\u00e9 predmety, ako je sklo a <a href=\"https:\/\/moverdb.com\/sk\/moving-to-china\/\" data-internallinksmanager029f6b8e52c=\"357\" title=\"S\u0165ahovanie do \u010c\u00edny? 2026 N\u00e1klady na \u017eivot a tipy na pres\u0165ahovanie\">\u010c\u00edna<\/a>, sa rozbal\u00ed na rovnom povrchu<\/li>\n<li> Z v\u00e1\u0161ho domu r\u00fdchlo odstr\u00e1nime v\u0161etok baliaci materi\u00e1l a odpad.<\/li>\n<\/ul>\n<p><strong>Slu\u017eby premiest\u0148ovania firiem<\/strong><\/p>\n<ul>\n<li> Usadzovanie v slu\u017eb\u00e1ch<\/li>\n<li> V\u00edza a pracovn\u00e9 povolenia<\/li>\n<li> Vyh\u013ead\u00e1vanie \u0161k\u00f4l a domov<\/li>\n<li> Kult\u00farne inform\u00e1cie<\/li>\n<li> Pomoc partnera\/man\u017eela<\/li>\n<li> \u0160pecializovan\u00e9 balenie<\/li>\n<\/ul>\n<p><strong>S\u0165ahovacie slu\u017eby<\/strong><\/p>\n<ul>\n<li> S\u0165ahovanie dom\u00e1cnosti<\/li>\n<li> Presun spolo\u010dnosti<\/li>\n<li> Miestne s\u0165ahovanie<\/li>\n<li> Medzi\u0161t\u00e1tne s\u0165ahovanie<\/li>\n<li> Medzin\u00e1rodn\u00e9 s\u0165ahovanie<\/li>\n<li> Osobn\u00fd pl\u00e1n s\u0165ahovania<\/li>\n<\/ul>\n<h2>Profil spolo\u010dnosti SIRVA<\/h2>\n<p>Spolo\u010dnos\u0165 Sirva Inc bola zalo\u017een\u00e1 v roku 1997 a poskytuje s\u0165ahovacie a s\u0165ahovacie slu\u017eby pre firmy a jednotlivcov. P\u00f4sob\u00ed vo viac ako 170 krajin\u00e1ch vo viac ako 1 400 mest\u00e1ch a medzi jej severoamerick\u00e9 zna\u010dky patria <a href=\"https:\/\/moverdb.com\/sk\/allied-van-lines\/\">Allied Van Lines<\/a> a <a href=\"https:\/\/moverdb.com\/sk\/north-american-van-lines\/\">Spolo\u010dnos\u0165 North American Van Lines<\/a>.<\/p>\n<p>Spolo\u010dnos\u0165 Sirva ro\u010dne vykon\u00e1 pribli\u017ene 385 000 premiestnen\u00ed v 43 krajin\u00e1ch sveta. Patria medzi ne firemn\u00ed klienti, ako aj vojensk\u00fd a vl\u00e1dny person\u00e1l.<\/p>\n<p>Spolo\u010dnos\u0165 Sirva m\u00e1 tieto akredit\u00e1cie a afili\u00e1cie:<\/p>\n<ul>\n<li> <a href=\"https:\/\/moverdb.com\/sk\/som\/\">Medzin\u00e1rodn\u00e1 asoci\u00e1cia s\u0165ahovate\u013eov<\/a> (<a href=\"https:\/\/moverdb.com\/sk\/iam\/\" data-internallinksmanager029f6b8e52c=\"23\" title=\"Vysvetlenie Medzin\u00e1rodnej asoci\u00e1cie s\u0165ahovate\u013eov (IAM)\">IAM<\/a>)<\/li>\n<\/ul>\n<h2>Recenzie SIRVA<\/h2>\n<p><strong>Pozit\u00edvne:<\/strong><\/p>\n<ul>\n<li> <em>\"S man\u017eelom sme mali skvel\u00fa sk\u00fasenos\u0165 s hypot\u00e9kou Sirva pri na\u0161om ned\u00e1vnom s\u0165ahovan\u00ed.\"<\/em> Karlee prostredn\u00edctvom <a href=\"https:\/\/www.reputada.com\/company\/sirva.com\" target=\"_blank\" rel=\"noopener\">Reput\u00e1cia<\/a>.\n<\/ul>\n<p><strong>Negat\u00edvne:<\/strong><\/p>\n<ul>\n<li> <em>\"Aby moja odpove\u010f nebola vn\u00edman\u00e1 ako ak\u00fdko\u013evek druh \"ohov\u00e1rania\", budem sa sna\u017ei\u0165 \u010do najlep\u0161ie op\u00edsa\u0165 to, \u010do sa stalo, a pok\u00fasim sa pou\u017ei\u0165 \u010do najviac nad\u0161en\u00fdch slov, ktor\u00e9 sa daj\u00fa o\u010dak\u00e1va\u0165.\" <\/em> - Lilaora prostredn\u00edctvom <a href=\"https:\/\/www.trulia.com\/voices\/Home_Selling\/Has_anyone_dealt_with_a_relocation_firm_called_SIR-29232\" target=\"_blank\" rel=\"noopener\">Trulia<\/a>.\n<\/ul>\n<p>Pre zna\u010dky SIRVA by ste si mali pre\u010d\u00edta\u0165 aj <a href=\"https:\/\/moverdb.com\/sk\/allied-van-lines\/\">Recenzie spolo\u010dnosti Allied Van Lines<\/a> a <a href=\"https:\/\/moverdb.com\/sk\/north-american-van-lines\/\">North American Van Lines recenzie<\/a>.<\/p>\n<div itemprop=\"review\" itemscope itemtype=\"http:\/\/schema.org\/Review\">\n<span itemprop=\"author\" itemscope=\"\" itemtype=\"http:\/\/schema.org\/Organization\"><span itemprop=\"name\">MoverDB.com<\/span><\/span> Online preh\u013ead webov\u00fdch str\u00e1nok pre <span itemprop=\"itemreviewed\" itemscope=\"\" itemtype=\"http:\/\/schema.org\/Brand\"><span itemprop=\"name\">SIRVA<\/span><\/span>:<\/p>\n<ol>\n<li> Jasn\u00e9 kontaktn\u00e9 \u00fadaje na webovej str\u00e1nke (vr\u00e1tane telef\u00f3nneho \u010d\u00edsla): <strong>\u00c1no<\/strong><\/li>\n<li> Jednoduch\u00e9 z\u00edskanie <a href=\"https:\/\/moverdb.com\/sk\/citaty\/\">medzin\u00e1rodn\u00e9 s\u0165ahovanie cit\u00e1cie<\/a>? (Online formul\u00e1r \u017eiadosti o odhad): <strong>\u00c1no<\/strong><\/li>\n<li> Jasn\u00e9 inform\u00e1cie na webovej str\u00e1nke: <strong>\u00c1no,<\/strong> Na webovej str\u00e1nke s\u00fa jasne uveden\u00e9 v\u0161etky slu\u017eby, ktor\u00e9 pon\u00fakaj\u00fa.<\/li>\n<li> \u010dlenstvo v medzin\u00e1rodn\u00fdch uzn\u00e1van\u00fdch organiz\u00e1ci\u00e1ch pohybliv\u00fdch zvierat: <strong>\u00c1no<\/strong>, (hoci len IAM)<\/li>\n<li> Zoznam klientov a\/alebo referencie predch\u00e1dzaj\u00facich z\u00e1kazn\u00edkov. <strong>\u00c1no,<\/strong> na svojej webovej str\u00e1nke maj\u00fa sekciu pr\u00edpadov\u00fdch \u0161t\u00fadi\u00ed. Existuje v\u0161ak obmedzen\u00fd po\u010det recenzi\u00ed z cel\u00e9ho webu, pri\u010dom v\u00e4\u010d\u0161ina z nich je neutr\u00e1lna alebo negat\u00edvna.<\/li>\n<\/ol>\n<div itemprop=\"reviewRating\" itemscope itemtype=\"http:\/\/schema.org\/Rating\"><meta itemprop=\"worstRating\" content = \"0\" \/><meta itemprop=\"bestRating\" content=\"5\" \/><meta itemprop=\"ratingValue\" content=\"4.5\"><\/div>\n<p><strong>Celkov\u00e9 hodnotenie: 4,5\/5<\/strong><br \/>\n<strong>D\u00e1tum recenzie:<\/strong> <span itemprop=\"datePublished\" content=\"2016-02-01\">01\/02\/2017<\/span>\n<\/div>\n<p>Pre\u010d\u00edtajte si viac o <a href=\"https:\/\/moverdb.com\/sk\/stahovacie-spolocnosti\/\">medzin\u00e1rodn\u00ed s\u0165ahov\u00e1ci<\/a> a na\u0161e <a href=\"https:\/\/moverdb.com\/sk\/recenzie\/\">proces presk\u00famania<\/a>.<\/p>\n<p><strong>Webov\u00e1 lokalita:<\/strong> <a href=\"https:\/\/www.sirva.com\/\" target=\"_blank\" rel=\"noopener\">https:\/\/www.sirva.com\/<\/a> <\/p>","protected":false},"excerpt":{"rendered":"<p>SIRVA is a global relocation company with its head office in Illinois. It offers its corporate and individual clients a variety of moving services. These are listed below together with a company profile and reviews. International Moving Worldwide network of moving resources Track your shipment 24\/7 House survey to ascertain packing requirements etc Insurance arranged [&hellip;]<\/p>\n","protected":false},"author":1,"featured_media":0,"parent":0,"menu_order":0,"comment_status":"closed","ping_status":"closed","template":"","meta":{"_genesis_hide_title":false,"_genesis_hide_breadcrumbs":false,"_genesis_hide_singular_image":false,"_genesis_hide_footer_widgets":false,"_genesis_custom_body_class":"","_genesis_custom_post_class":"","_genesis_layout":"","footnotes":""},"class_list":{"0":"post-1548","1":"page","2":"type-page","3":"status-publish","5":"entry"},"_links":{"self":[{"href":"https:\/\/moverdb.com\/sk\/wp-json\/wp\/v2\/pages\/1548","targetHints":{"allow":["GET"]}}],"collection":[{"href":"https:\/\/moverdb.com\/sk\/wp-json\/wp\/v2\/pages"}],"about":[{"href":"https:\/\/moverdb.com\/sk\/wp-json\/wp\/v2\/types\/page"}],"author":[{"embeddable":true,"href":"https:\/\/moverdb.com\/sk\/wp-json\/wp\/v2\/users\/1"}],"replies":[{"embeddable":true,"href":"https:\/\/moverdb.com\/sk\/wp-json\/wp\/v2\/comments?post=1548"}],"version-history":[{"count":5,"href":"https:\/\/moverdb.com\/sk\/wp-json\/wp\/v2\/pages\/1548\/revisions"}],"predecessor-version":[{"id":6239,"href":"https:\/\/moverdb.com\/sk\/wp-json\/wp\/v2\/pages\/1548\/revisions\/6239"}],"wp:attachment":[{"href":"https:\/\/moverdb.com\/sk\/wp-json\/wp\/v2\/media?parent=1548"}],"curies":[{"name":"wp","href":"https:\/\/api.w.org\/{rel}","templated":true}]}}