{"id":1542,"date":"2017-02-01T16:45:14","date_gmt":"2017-02-01T16:45:14","guid":{"rendered":"http:\/\/moverdb.com\/?page_id=1542"},"modified":"2026-01-08T15:30:38","modified_gmt":"2026-01-08T15:30:38","slug":"vip-transport","status":"publish","type":"page","link":"https:\/\/moverdb.com\/sk\/vip-transport\/","title":{"rendered":"VIP Transport - Medzin\u00e1rodn\u00e9 s\u0165ahovanie Recenzie"},"content":{"rendered":"<p>S\u00eddlo spolo\u010dnosti VIP Transport sa nach\u00e1dza v meste Corona v Kalifornii. Spolo\u010dnos\u0165 pon\u00faka svojim klientom r\u00f4zne s\u0165ahovacie slu\u017eby, ktor\u00e9 s\u00fa uveden\u00e9 ni\u017e\u0161ie spolu s profilom spolo\u010dnosti a recenziami.<\/p>\n<p><strong>Medzin\u00e1rodn\u00e9 s\u0165ahovanie<\/strong><\/p>\n<p>Slu\u017eby pred pridelen\u00edm<\/p>\n<ul>\n<li>V\u00edzov\u00e9 a imigra\u010dn\u00e9 slu\u017eby<\/li>\n<li>Prehliadka v\u00fdletu a orient\u00e1cia v oblasti<\/li>\n<li>Inform\u00e1cie o krajine a kult\u00fare<\/li>\n<\/ul>\n<p>S\u0165ahovacie slu\u017eby<\/p>\n<ul>\n<li>Pl\u00e1novanie pred s\u0165ahovan\u00edm<\/li>\n<li>Preprava vec\u00ed<\/li>\n<li>Riadenie presunu<\/li>\n<li>Sledovanie z\u00e1sielok<\/li>\n<\/ul>\n<p>Medzin\u00e1rodn\u00e9 destina\u010dn\u00e9 slu\u017eby<\/p>\n<ul>\n<li>Kult\u00farna a jazykov\u00e1 pr\u00edprava<\/li>\n<li>Pomoc \u0161kole<\/li>\n<li>Podpora partnera\/man\u017eela<\/li>\n<li>Usadenie sa v slu\u017ebe<\/li>\n<li>Pomoc pri odchode<\/li>\n<\/ul>\n<p>Ochrann\u00e9 slu\u017eby<\/p>\n<ul>\n<li>N\u00e1sobite\u013e hmotnosti<\/li>\n<li>Z\u00e1soby vysokej hodnoty<\/li>\n<li>Inventariz\u00e1cia s uveden\u00edm hodnoty v polo\u017ek\u00e1ch<\/li>\n<\/ul>\n<p>Pomoc pri b\u00fdvan\u00ed<\/p>\n<ul>\n<li>Slu\u017eby vyh\u013ead\u00e1vania domov<\/li>\n<li>Do\u010dasn\u00e9 ubytovanie<\/li>\n<li>Spr\u00e1va nehnute\u013enost\u00ed a n\u00e1jomn\u00fdch zml\u00fav<\/li>\n<\/ul>\n<p><strong>Premiest\u0148ovanie domov<\/strong><\/p>\n<ul>\n<li>Miestne, dia\u013ekov\u00e9 a medzin\u00e1rodn\u00e9 s\u0165ahovanie<\/li>\n<li>Skladovanie a klimatizovan\u00e9 skladovanie<\/li>\n<li>Vlastn\u00e9 balenie<\/li>\n<li>Baliace a vyba\u013eovacie slu\u017eby<\/li>\n<li>Automobilov\u00e1 preprava<\/li>\n<li>Pripojenie siete, po\u010d\u00edta\u010da a kina<\/li>\n<li>Realitn\u00e9 slu\u017eby<\/li>\n<li>Slu\u017eby v bielych rukavi\u010dk\u00e1ch<\/li>\n<\/ul>\n<p><strong>Premiestnenie spolo\u010dnosti<\/strong><\/p>\n<ul>\n<li>Osobn\u00fd koordin\u00e1tor<\/li>\n<li>Od dver\u00ed k dver\u00e1m<\/li>\n<li>Kompletn\u00fd servis balenia a vyba\u013eovania<\/li>\n<li>Dlhodob\u00e9 a kr\u00e1tkodob\u00e9 skladovanie<\/li>\n<li>Komplexn\u00e9 sledovanie spr\u00e1v a v\u00fddavkov<\/li>\n<li>Viac\u00farov\u0148ov\u00e9 ponuky slu\u017eieb<\/li>\n<li>Flexibiln\u00e9 slu\u017eby pre v\u00fddavky na z\u00e1klade pr\u00edspevkov<\/li>\n<li>Vlastn\u00e9 uv\u00edtacie let\u00e1ky<\/li>\n<li>Online sledovanie<\/li>\n<li>Vyhraden\u00fd mana\u017e\u00e9r \u00fa\u010dtu v\u00fdlu\u010dne pre zamestnancov<\/li>\n<li>Do\u010dasn\u00e9 ubytovanie<\/li>\n<\/ul>\n<p><strong>\u0160pecializovan\u00e9 slu\u017eby<\/strong><\/p>\n<ul>\n<li>S\u0165ahovanie a preprava v\u00edna<\/li>\n<li>Vlastn\u00e9 balenie<\/li>\n<li>Servis v bielych rukaviciach<\/li>\n<li>Zberate\u013esk\u00e9 predmety vysokej hodnoty<\/li>\n<li>Preprava zdravotn\u00edckeho vybavenia<\/li>\n<li>Elektronika a robotika<\/li>\n<li>Pohostinstvo a zdravotn\u00edctvo<\/li>\n<li>Hudba a z\u00e1bava<\/li>\n<li>Leteck\u00e1 a kozmick\u00e1 logistika<\/li>\n<li>Premiest\u0148ovanie \u0161portovcov a \u0161portov\u00fdch t\u00edmov<\/li>\n<li>Slu\u017eby na Havajsk\u00e9 ostrovy<\/li>\n<li>Laborat\u00f3rium sa pres\u00fava<\/li>\n<li>V\u00fdtvarn\u00e9 umenie a staro\u017eitnosti<\/li>\n<li>Arm\u00e1da a GSA<\/li>\n<li>Univerzitn\u00e9 a akademick\u00e9 pres\u0165ahovania<\/li>\n<\/ul>\n<p><strong>Logistika<\/strong><\/p>\n<ul>\n<li>Logistika \/ LTL \/ n\u00e1kladn\u00e1 doprava<\/li>\n<li>Skladovanie a distrib\u00facia<\/li>\n<li>Schopnosti flotily<\/li>\n<li>Ve\u013etr\u017en\u00e9 slu\u017eby<\/li>\n<li>Komer\u010dn\u00e9 premiestnenie<\/li>\n<li>Plo\u0161inov\u00e9 slu\u017eby<\/li>\n<li>Viazacie slu\u017eby<\/li>\n<li><a href=\"https:\/\/moverdb.com\/sk\/container-shipping\/\" data-internallinksmanager029f6b8e52c=\"3\" title=\"Graf sadzieb medzin\u00e1rodnej kontajnerovej prepravy: Apr\u00edl 2026\">Medzin\u00e1rodn\u00e1 preprava<\/a><\/li>\n<\/ul>\n<p><strong>\u00dalo\u017eisko<\/strong><\/p>\n<ul>\n<li>Dlhodob\u00e9 a kr\u00e1tkodob\u00e9<\/li>\n<li>klimatiz\u00e1cia s minim\u00e1lnym UV osvetlen\u00edm<\/li>\n<li>S\u00fakromn\u00e9 skladovanie v\u00edna<\/li>\n<li>24-hodinov\u00e1 ochrana<\/li>\n<li>Pr\u00edsne protipo\u017eiarne, poplachov\u00e9 a bezpe\u010dnostn\u00e9 testy<\/li>\n<li>K dispoz\u00edcii s\u00fa s\u00fakromn\u00e9 klimatizovan\u00e9 izby so zabezpe\u010den\u00fdm k\u00f3dov\u00fdm vstupom<\/li>\n<\/ul>\n<h2>Profil spolo\u010dnosti VIP Transport<\/h2>\n<p>VIP Transport je s\u00fa\u010das\u0165ou skupiny UniGroup, ktor\u00e1 je materskou spolo\u010dnos\u0165ou <a href=\"https:\/\/moverdb.com\/sk\/mayflower-transit\/\">Mayflower Transit<\/a> a <a href=\"https:\/\/moverdb.com\/sk\/united-van-lines\/\">Spolo\u010dnos\u0165 United Van Lines<\/a>. Spolo\u010dnos\u0165, ktor\u00e1 vznikla v roku 1982, prepravuje \u013eud\u00ed a tovar po celom svete, pri\u010dom vyu\u017e\u00edva agent\u00farnu sie\u0165 skupiny UniGroup. <\/p>\n<p>V <a href=\"https:\/\/moverdb.com\/sk\/moving-to-the-united-states\/\" data-internallinksmanager029f6b8e52c=\"94\" title=\"S\u0165ahujete sa do Spojen\u00fdch \u0161t\u00e1tov? 2022 \u017divotn\u00e9 n\u00e1klady a tipy na pres\u0165ahovanie\">Spojen\u00e9 \u0161t\u00e1ty americk\u00e9<\/a> len na Slovensku je k dispoz\u00edcii 1 100 agentov a na medzin\u00e1rodnej \u00farovni je to viac ako 1 350 agentov. VIP Transport m\u00e1 tie\u017e pr\u00edstup k 46 mili\u00f3nom \u0161tvorcov\u00fdch st\u00f4p skladov\u00fdch priestorov, z ktor\u00fdch 7 mili\u00f3nov je klimatizovan\u00fdch.<\/p>\n<p>Spolo\u010dnos\u0165 VIP Transport prev\u00e1dzkuje \u0161pecializovan\u00fd vozov\u00fd park, ktor\u00fd zah\u0155\u0148a klimatizovan\u00e9 pr\u00edvesy, laborat\u00f3rne dod\u00e1vky poh\u00e1\u0148an\u00e9 gener\u00e1torom a plo\u0161inov\u00e9 vozidl\u00e1 so \u0161peci\u00e1lnymi mo\u017enos\u0165ami nakladania. Spolo\u010dnos\u0165 dodr\u017eiava pr\u00edsny ekologick\u00fd program s cie\u013eom minimalizova\u0165 svoju uhl\u00edkov\u00fa stopu.<br \/>\nSpolo\u010dnos\u0165 VIP Transport m\u00e1 tieto akredit\u00e1cie a pridru\u017eenia:<\/p>\n<ul>\n<li> <a href=\"https:\/\/moverdb.com\/sk\/amsa\/\">Americk\u00e1 asoci\u00e1cia pre s\u0165ahovanie a skladovanie<\/a> (<a href=\"https:\/\/moverdb.com\/sk\/amsa\/\" data-internallinksmanager029f6b8e52c=\"5\" title=\"Vysvetlenie Americkej asoci\u00e1cie pre s\u0165ahovanie a skladovanie (AMSA)\">AMSA<\/a>)<\/li>\n<li> <a href=\"https:\/\/moverdb.com\/sk\/obruc-promover\/\">ProMover<\/a><\/li>\n<li> Better Business Bureau (BBB) A+<\/li>\n<li> Certifik\u00e1t WBENC<\/li>\n<li> ISO 9001<\/li>\n<\/ul>\n<h2>VIP Transport Recenzie<\/h2>\n<p><strong>Pozit\u00edvne:<\/strong><\/p>\n<ul>\n<li> <em>\"The <a href=\"https:\/\/moverdb.com\/sk\/stahovanie-do-los-angeles\/\">Los Angeles<\/a> Spolo\u010dnosti Clippers a VIP Transport maj\u00fa u\u017e roky skvel\u00fd vz\u0165ah. V\u017edy n\u00e1m boli pripraven\u00ed pom\u00f4c\u0165 pri s\u0165ahovan\u00ed viacer\u00fdch k\u013e\u00fa\u010dov\u00fdch hr\u00e1\u010dov a urobili to bez toho, aby sa ktoko\u013evek z hr\u00e1\u010dov s\u0165a\u017eoval.\"<\/em> - prostredn\u00edctvom <a href=\"http:\/\/www.viptransport.com\/testimonials\/\" target=\"_blank\" rel=\"noopener\">referencie spolo\u010dnosti<\/a> strana.<\/li>\n<li> <em>\"T\u00edto chlapci dostan\u00fa 10 bodov z 10.  Od prv\u00e9ho kontaktu a\u017e po dokon\u010denie pr\u00e1ce sme dostali \"A-1 Service\".  \"<\/em> - Robert prostredn\u00edctvom <a href=\"https:\/\/www.yelp.com\/biz\/vip-transport-corona-6?hrid=nuC3r_2wy6HRLOm4owqitg&#038;utm_campaign=www_review_share_popup&#038;utm_medium=copy_link&#038;utm_source=(direct)\" target=\"_blank\" rel=\"noopener\">Yelp<\/a><\/li>\n<li> <em>\"S VIP som mal skvel\u00e9 sk\u00fasenosti!\"<\/em> - Michelle prostredn\u00edctvom <a href=\"https:\/\/www.mymovingreviews.com\/movers\/vip-transport-781#53376\" target=\"_blank\" rel=\"noopener\">MyMovingReviews<\/a><\/li>\n<\/ul>\n<p><strong>Negat\u00edvne:<\/strong><\/p>\n<ul>\n<li><em>\"Chcel by som im da\u0165 nula hviezdi\u010diek.\"<\/em> - Nancy T prostredn\u00edctvom <a href=\"https:\/\/www.yelp.com\/biz\/vip-transport-corona-6?hrid=DvJSu2LKWnFvj2WuqZXtoQ&#038;utm_campaign=www_review_share_popup&#038;utm_medium=copy_link&#038;utm_source=(direct)\" target=\"_blank\" rel=\"noopener\">Yelp<\/a><\/li>\n<li> <em>\"Vybral som si spolo\u010dnos\u0165 Mayflower\/VIP Transport v\u010faka z\u00e1stupcovi, ktor\u00fd pri\u0161iel urobi\u0165 odhad na mieste. Jeho vysvetlenia mi d\u00e1vali najv\u00e4\u010d\u0161\u00ed zmysel z ostatn\u00fdch odhadov. Uk\u00e1zalo sa v\u0161ak, \u017ee jeho odhad hmotnosti bol o 6 000 kg vy\u0161\u0161\u00ed, ako sa uk\u00e1zalo, \u017ee moja skuto\u010dn\u00e1 hmotnos\u0165 bola vy\u0161\u0161ia.\"<\/em> - Ruthie prostredn\u00edctvom <a href=\"https:\/\/www.mymovingreviews.com\/movers\/vip-transport-781#50382\" target=\"_blank\" rel=\"noopener\">MyMovingReviews<\/a><\/li>\n<\/ul>\n<div itemprop=\"review\" itemscope itemtype=\"http:\/\/schema.org\/Review\">\n<span itemprop=\"author\" itemscope=\"\" itemtype=\"http:\/\/schema.org\/Organization\"><span itemprop=\"name\">MoverDB.com<\/span><\/span> Online preh\u013ead webov\u00fdch str\u00e1nok pre <span itemprop=\"itemreviewed\" itemscope=\"\" itemtype=\"http:\/\/schema.org\/Brand\"><span itemprop=\"name\">VIP doprava<\/span><\/span>:<\/p>\n<ol>\n<li> Jasn\u00e9 kontaktn\u00e9 \u00fadaje na webovej str\u00e1nke (vr\u00e1tane telef\u00f3nneho \u010d\u00edsla): <strong>\u00c1no<\/strong><\/li>\n<li> Jednoduch\u00e9 z\u00edskanie <a href=\"https:\/\/moverdb.com\/sk\/citaty\/\">medzin\u00e1rodn\u00e9 s\u0165ahovanie cit\u00e1cie<\/a>? (Online formul\u00e1r \u017eiadosti o odhad): <strong>\u00c1no<\/strong><\/li>\n<li> Jasn\u00e9 inform\u00e1cie na webovej str\u00e1nke: <strong>\u00c1no,<\/strong> webov\u00e1 str\u00e1nka obsahuje mno\u017estvo podrobn\u00fdch inform\u00e1ci\u00ed o s\u0165ahovan\u00ed.<\/li>\n<li> \u010dlenstvo v medzin\u00e1rodn\u00fdch uzn\u00e1van\u00fdch organiz\u00e1ci\u00e1ch pohybliv\u00fdch zvierat: <strong>\u00c1no<\/strong>, (pozri vy\u0161\u0161ie)<\/li>\n<li> Zoznam klientov a\/alebo referencie predch\u00e1dzaj\u00facich z\u00e1kazn\u00edkov. <strong>\u00c1no,<\/strong> na ich webov\u00fdch str\u00e1nkach n\u00e1jdete mnoho pozit\u00edvnych z\u00e1kazn\u00edckych recenzi\u00ed a maj\u00fa v\u00e4\u010d\u0161inou pozit\u00edvne recenzie aj inde na webe.<\/li>\n<\/ol>\n<div itemprop=\"reviewRating\" itemscope itemtype=\"http:\/\/schema.org\/Rating\"><meta itemprop=\"worstRating\" content = \"0\" \/><meta itemprop=\"bestRating\" content=\"5\" \/><meta itemprop=\"ratingValue\" content=\"5\"><\/div>\n<p><strong>Celkov\u00e9 hodnotenie: 5\/5<\/strong><br \/>\n<strong>D\u00e1tum recenzie:<\/strong> <span itemprop=\"datePublished\" content=\"2017-02-01\">01\/02\/2017<\/span>\n<\/div>\n<p>Pre\u010d\u00edtajte si viac o <a href=\"https:\/\/moverdb.com\/sk\/stahovacie-spolocnosti\/\">medzin\u00e1rodn\u00e9 s\u0165ahovacie spolo\u010dnosti<\/a> a na\u0161e <a href=\"https:\/\/moverdb.com\/sk\/recenzie\/\">proces presk\u00famania<\/a>.<\/p>\n<p><strong>Webov\u00e9 str\u00e1nky:<\/strong> <a href=\"http:\/\/www.viptransport.com\/\" target=\"_blank\" rel=\"noopener\">http:\/\/www.viptransport.com\/<\/a><\/p>","protected":false},"excerpt":{"rendered":"<p>VIP Transport&#8217;s head office is in Corona, CA. The company offers its clients a variety of moving services which are listed below, together with a company profile and reviews. International Moves Pre-assignment Services Visa and immigration services Preview trip and area orientation Country and culture information Moving Services Pre-move planning Transportation of belongings Managing the [&hellip;]<\/p>\n","protected":false},"author":1,"featured_media":0,"parent":0,"menu_order":0,"comment_status":"closed","ping_status":"closed","template":"","meta":{"_genesis_hide_title":false,"_genesis_hide_breadcrumbs":false,"_genesis_hide_singular_image":false,"_genesis_hide_footer_widgets":false,"_genesis_custom_body_class":"","_genesis_custom_post_class":"","_genesis_layout":"","footnotes":""},"class_list":{"0":"post-1542","1":"page","2":"type-page","3":"status-publish","5":"entry"},"_links":{"self":[{"href":"https:\/\/moverdb.com\/sk\/wp-json\/wp\/v2\/pages\/1542","targetHints":{"allow":["GET"]}}],"collection":[{"href":"https:\/\/moverdb.com\/sk\/wp-json\/wp\/v2\/pages"}],"about":[{"href":"https:\/\/moverdb.com\/sk\/wp-json\/wp\/v2\/types\/page"}],"author":[{"embeddable":true,"href":"https:\/\/moverdb.com\/sk\/wp-json\/wp\/v2\/users\/1"}],"replies":[{"embeddable":true,"href":"https:\/\/moverdb.com\/sk\/wp-json\/wp\/v2\/comments?post=1542"}],"version-history":[{"count":5,"href":"https:\/\/moverdb.com\/sk\/wp-json\/wp\/v2\/pages\/1542\/revisions"}],"predecessor-version":[{"id":6250,"href":"https:\/\/moverdb.com\/sk\/wp-json\/wp\/v2\/pages\/1542\/revisions\/6250"}],"wp:attachment":[{"href":"https:\/\/moverdb.com\/sk\/wp-json\/wp\/v2\/media?parent=1542"}],"curies":[{"name":"wp","href":"https:\/\/api.w.org\/{rel}","templated":true}]}}