{"id":1540,"date":"2017-02-26T17:21:37","date_gmt":"2017-02-26T17:21:37","guid":{"rendered":"http:\/\/moverdb.com\/?page_id=1540"},"modified":"2026-01-08T15:20:37","modified_gmt":"2026-01-08T15:20:37","slug":"royal-hawaiian-movers","status":"publish","type":"page","link":"https:\/\/moverdb.com\/sk\/royal-hawaiian-movers\/","title":{"rendered":"Royal Hawaiian Movers - Medzin\u00e1rodn\u00e9 s\u0165ahovanie Recenzie"},"content":{"rendered":"<p>Spolo\u010dnos\u0165 Royal Hawaiian Movers pon\u00faka svojim z\u00e1kazn\u00edkom r\u00f4zne miestne, medzi ostrovn\u00e9 a pevninsk\u00e9 presuny. Ich slu\u017eby s\u00fa uveden\u00e9 ni\u017e\u0161ie spolu s profilom spolo\u010dnosti a recenziami.<\/p>\n<p><strong>Medzin\u00e1rodn\u00e9 s\u0165ahovanie, s\u0165ahovanie z pevniny a s\u0165ahovanie medzi ostrovmi<\/strong><\/p>\n<ul>\n<li> Od dver\u00ed k dver\u00e1m<\/li>\n<li >Kompletn\u00e9 balenie, balenie len krehk\u00fdch predmetov alebo balenie \"urob si s\u00e1m<\/li>\n<li> Demont\u00e1\u017e a op\u00e4tovn\u00e1 mont\u00e1\u017e n\u00e1bytku<\/li>\n<li> Odstr\u00e1nenie a nastavenie IT<\/li>\n<li> Slu\u017eba vyba\u013eovania<\/li>\n<li> Zabezpe\u010denie dlhodob\u00e9ho a kr\u00e1tkodob\u00e9ho skladovania<\/li>\n<li> Leteck\u00e1 alebo n\u00e1morn\u00e1 preprava<\/li>\n<li> Zriaden\u00e9 poistenie<\/li>\n<\/ul>\n<p><strong>Miestne a vojensk\u00e9 s\u0165ahovanie<\/strong><\/p>\n<ul>\n<li> Od dver\u00ed k dver\u00e1m<\/li>\n<li> Poskytnut\u00e9 baliace materi\u00e1ly<\/li>\n<li> Dlhodob\u00e9 a kr\u00e1tkodob\u00e9 skladovanie<\/li>\n<li> K dispoz\u00edcii je kompletn\u00fd baliaci servis alebo balenie DIY<\/li>\n<li> Demont\u00e1\u017e a op\u00e4tovn\u00e1 mont\u00e1\u017e n\u00e1bytku<\/li>\n<li> Slu\u017eba vyba\u013eovania<\/li>\n<li> Zriaden\u00e9 poistenie<\/li>\n<\/ul>\n<p><strong>\u0160pecializovan\u00e9 s\u0165ahovacie slu\u017eby<\/strong><\/p>\n<ul>\n<li> \u0164a\u017ek\u00e9 stroje<\/li>\n<li> Lek\u00e1rske s\u0165ahovacie slu\u017eby<\/li>\n<li> Nadrozmern\u00e9 vybavenie<\/li>\n<\/ul>\n<p><strong>In\u0161tal\u00e1cia<\/strong><\/p>\n<ul>\n<li> Hotel<\/li>\n<li> FF&amp;E (n\u00e1bytok, pr\u00edslu\u0161enstvo a vybavenie)<\/li>\n<li> Kancel\u00e1ria<\/li>\n<li> \u0160pecialita<\/li>\n<\/ul>\n<h2>Royal Hawaiian Movers Profil spolo\u010dnosti<\/h2>\n<p>Spolo\u010dnos\u0165 Royal Hawaiian Movers zalo\u017eil Richard L DeWitt v roku 1982. Spolo\u010dnos\u0165 za\u010dala s jednou kancel\u00e1riou v Honolulu, ktor\u00e1 sl\u00fa\u017eila arm\u00e1de na ostrove Oahu. Aj dnes s\u00fa vojensk\u00ed pracovn\u00edci jadrom spolo\u010dnosti Royal Hawaiian Movers. Koncom 80. rokov sa spolo\u010dnos\u0165 rozhodla roz\u0161\u00edri\u0165 svoju \u010dinnos\u0165 a pustila sa do n\u00e1kladnej dopravy a prepravy tovaru. V s\u00fa\u010dasnosti m\u00e1 spolo\u010dnos\u0165 flotilu viac ako 60 s\u0165ahovac\u00edch vozidiel.<\/p>\n<p>Spolo\u010dnos\u0165 Royal Hawaiian Movers odvtedy roz\u0161\u00edrila svoje p\u00f4sobenie na obytn\u00e9, komer\u010dn\u00e9 a vojensk\u00e9 presuny na miestnej, medzi ostrovnej a medzin\u00e1rodnej \u00farovni. Skupina spolo\u010dnost\u00ed DeWitt s\u0165ahuje \u013eud\u00ed a spolo\u010dnosti po celom svete u\u017e viac ako 80 rokov a spolo\u010dnos\u0165 Royal Hawaiian Movers si u\u017e\u00edva odovzd\u00e1vanie sk\u00fasenost\u00ed z\u00edskan\u00fdch za desa\u0165ro\u010dia. <\/p>\n<p>Ich \u00e9tosom je rozv\u00edja\u0165 d\u00f4vern\u00e9 vz\u0165ahy so z\u00e1kazn\u00edkmi, aby sa k nim vracali pri ka\u017edom s\u0165ahovan\u00ed.<\/p>\n<p>Spolo\u010dnos\u0165 Royal Hawaiian Movers m\u00e1 tieto akredit\u00e1cie a afili\u00e1cie:<\/p>\n<ul>\n<li> <a href=\"https:\/\/moverdb.com\/sk\/obruc-promover\/\">AMSA Pro Movers<\/a><\/li>\n<li> Certifikovan\u00ed poradcovia pre s\u0165ahovanie<\/li>\n<li> Vodi\u010di s certifik\u00e1tom pre nebezpe\u010dn\u00e9 materi\u00e1ly<\/li>\n<li> Identifika\u010dn\u00e1 karta pracovn\u00edka v doprave<\/li>\n<li> Better Business Bureau (BBB)<\/li>\n<li> DeWitt Move Worldwide - \u010dlen <a href=\"https:\/\/moverdb.com\/sk\/som\/\">IAM<\/a><\/li>\n<li> Licencia DOT #227698<\/li>\n<li> Licencia dopravcu DOT #165352<\/li>\n<li> DOT <a href=\"https:\/\/moverdb.com\/sk\/freight-forwarder\/\" data-internallinksmanager029f6b8e52c=\"17\" title=\"Sprievodca medzin\u00e1rodn\u00fdmi n\u00e1kladmi a spolo\u010dnos\u0165ami zasielate\u013estva a NVOCC\">Zasielate\u013estvo<\/a> Licencia #003549<\/li>\n<\/ul>\n<h2>Royal Hawaiian Movers Recenzie<\/h2>\n<p><strong>Pozit\u00edvne:<\/strong><\/p>\n<ul>\n<li> <em>\"S\u0165ahovanie z Honolulu do <a href=\"https:\/\/moverdb.com\/sk\/moving-to-the-united-states\/moving-to-california\/\" data-internallinksmanager029f6b8e52c=\"330\" title=\"S\u0165ahovanie do Kalifornie? 2026 N\u00e1klady na b\u00fdvanie a tipy na pres\u0165ahovanie\">Kalifornia<\/a>, vojensk\u00fd s\u00fabor <a href=\"https:\/\/moverdb.com\/sk\/moving-to-the-united-states\/\" data-internallinksmanager029f6b8e52c=\"94\" title=\"S\u0165ahujete sa do Spojen\u00fdch \u0161t\u00e1tov? 2022 \u017divotn\u00e9 n\u00e1klady a tipy na pres\u0165ahovanie\">n\u00e1s<\/a> s Royal Hawaiian Movers... ***AMAZING*** z\u00e1kazn\u00edcky servis.... Boli informat\u00edvni, zdvoril\u00ed, \u010dist\u00ed a efekt\u00edvni. Royal Hawaiian Movers je v\u0161etko, \u010do potrebujete pre va\u0161e probl\u00e9my s presunom a prepravou!!! \"<\/em> - Kelly G <a href=\"http:\/\/royalhawaiianmovers.com\/our-difference\/what-customers-say\/\" target=\"_blank\" rel=\"noopener\">svedectvo z\u00e1kazn\u00edka<\/a><\/li>\n<li> <em>\"Profesion\u00e1lne a v\u00fdborne sa postarali o moje veci. Pres\u0165ahovali sa na pevninu... ale u\u013eah\u010dili mi odchod <a href=\"https:\/\/moverdb.com\/sk\/moving-to-the-united-states\/moving-to-hawaii\/\" data-internallinksmanager029f6b8e52c=\"403\" title=\"S\u0165ahujete sa na Havaj? 2026 N\u00e1klady na b\u00fdvanie a tipy na pres\u0165ahovanie\">Havaj<\/a>.\"<\/em> - Robin prostredn\u00edctvom <a href=\"https:\/\/www.facebook.com\/pg\/RoyalHawaiianMV\/reviews\/\" target=\"_blank\" rel=\"noopener\">Facebook<\/a><\/li>\n<li> <em>\"Celkovo by som ich odporu\u010dil na z\u00e1klade ceny a kvality slu\u017eieb.\"<\/em> - Ryan prostredn\u00edctvom <a href=\"https:\/\/www.yelp.com\/biz\/royal-hawaiian-movers-honolulu-2?hrid=ClTUD764MZQoXt6f0DBLoA&#038;utm_campaign=www_review_share_popup&#038;utm_medium=copy_link&#038;utm_source=(direct)\" target=\"_blank\" rel=\"noopener\">Yelp<\/a><\/li>\n<\/ul>\n<p><strong>Negat\u00edvne:<\/strong><\/p>\n<ul>\n<li> <em>\"Je mi \u013e\u00fato, \u017ee mus\u00edm poveda\u0165, \u017ee kr\u00e1\u013eovsk\u00ed havajsk\u00ed s\u0165ahov\u00e1ci s\u00fa pr\u00ed\u0161ern\u00ed s\u0165ahov\u00e1ci! Rozbili n\u00e1m veci, niektor\u00e9 veci mojich star\u00fdch rodi\u010dov sa stratili.\"<\/em> - Sharon prostredn\u00edctvom <a href=\"https:\/\/www.facebook.com\/pg\/RoyalHawaiianMV\/reviews\/\" target=\"_blank\" rel=\"noopener\">Facebook<\/a><\/li>\n<li> <em>\"Pon\u00e1h\u013eali sa s balen\u00edm a odviedli hrozn\u00fa pr\u00e1cu. Ve\u013ea na\u0161ich vec\u00ed bolo rozbit\u00fdch a \u00faplne zni\u010den\u00fdch.\"<\/em> - Meghan prostredn\u00edctvom <a href=\"https:\/\/www.yelp.com\/biz\/royal-hawaiian-movers-honolulu-2?hrid=2GCVIxDDbA41_6OusJ2KIQ&#038;utm_campaign=www_review_share_popup&#038;utm_medium=copy_link&#038;utm_source=(direct)\" target=\"_blank\" rel=\"noopener\">Yelp<\/a><\/li>\n<\/ul>\n<div itemprop=\"review\" itemscope itemtype=\"http:\/\/schema.org\/Review\">\n<span itemprop=\"author\" itemscope=\"\" itemtype=\"http:\/\/schema.org\/Organization\"><span itemprop=\"name\">MoverDB.com<\/span><\/span> Online preh\u013ead webov\u00fdch str\u00e1nok pre <span itemprop=\"itemreviewed\" itemscope=\"\" itemtype=\"http:\/\/schema.org\/Brand\"><span itemprop=\"name\">Kr\u00e1\u013eovsk\u00e9 havajsk\u00e9 s\u0165ahov\u00e1ky<\/span><\/span>:<\/p>\n<ol>\n<li> Jasn\u00e9 kontaktn\u00e9 \u00fadaje na webovej str\u00e1nke (vr\u00e1tane telef\u00f3nneho \u010d\u00edsla): <strong>\u00c1no<\/strong><\/li>\n<li> Jednoduch\u00e9 z\u00edskanie <a href=\"https:\/\/moverdb.com\/sk\/citaty\/\">medzin\u00e1rodn\u00e9 s\u0165ahovanie cit\u00e1cie<\/a>? (Online formul\u00e1r \u017eiadosti o odhad): <strong>\u00c1no<\/strong><\/li>\n<li> Jasn\u00e9 inform\u00e1cie na webovej str\u00e1nke: <strong>\u00c1no,<\/strong> popisuje v\u0161etky slu\u017eby, ale bez toho, aby zach\u00e1dzal do pr\u00edli\u0161n\u00fdch detailov.<\/li>\n<li> \u010dlenstvo v medzin\u00e1rodn\u00fdch uzn\u00e1van\u00fdch organiz\u00e1ci\u00e1ch pohybliv\u00fdch zvierat: <strong>\u00c1no<\/strong>, (pozri vy\u0161\u0161ie)<\/li>\n<li> Zoznam klientov a\/alebo referencie predch\u00e1dzaj\u00facich z\u00e1kazn\u00edkov: <strong>\u00c1no,<\/strong> a hoci na webe existuje nieko\u013eko negat\u00edvnych recenzi\u00ed, najnov\u0161ie recenzie s\u00fa v\u00e4\u010d\u0161inou pozit\u00edvne.<\/li>\n<\/ol>\n<div itemprop=\"reviewRating\" itemscope itemtype=\"http:\/\/schema.org\/Rating\"><meta itemprop=\"worstRating\" content = \"0\" \/><meta itemprop=\"bestRating\" content=\"5\" \/><meta itemprop=\"ratingValue\" content=\"4.5\"><\/div>\n<p><strong>Celkov\u00e9 hodnotenie: 4,5\/5<\/strong><br \/>\n<strong>D\u00e1tum recenzie:<\/strong> <span itemprop=\"datePublished\" content=\"2017-02-26\">26\/02\/2017<\/span>\n<\/div>\n<p>Pre\u010d\u00edtajte si viac o <a href=\"https:\/\/moverdb.com\/sk\/stahovacie-spolocnosti\/\">medzin\u00e1rodn\u00e9 s\u0165ahovacie spolo\u010dnosti<\/a> a na\u0161e <a href=\"https:\/\/moverdb.com\/sk\/recenzie\/\">proces presk\u00famania<\/a>.<\/p>\n<p><strong>Webov\u00e1 lokalita:<\/strong> <a href=\"http:\/\/royalhawaiianmovers.com\/\" target=\"_blank\" rel=\"noopener\">http:\/\/royalhawaiianmovers.com\/<\/a><\/p>","protected":false},"excerpt":{"rendered":"<p>Royal Hawaiian Movers offers its customers various local, inter island and mainland moves. Their services are listed below, together with a company profile and reviews. International, Mainland and Inter Island Moves Door to door Full packing service, fragile items only or DIY packing Disassembly and reassembly of furniture IT removal and set up Unpacking service [&hellip;]<\/p>\n","protected":false},"author":1,"featured_media":0,"parent":0,"menu_order":0,"comment_status":"closed","ping_status":"closed","template":"","meta":{"_genesis_hide_title":false,"_genesis_hide_breadcrumbs":false,"_genesis_hide_singular_image":false,"_genesis_hide_footer_widgets":false,"_genesis_custom_body_class":"","_genesis_custom_post_class":"","_genesis_layout":"","footnotes":""},"class_list":{"0":"post-1540","1":"page","2":"type-page","3":"status-publish","5":"entry"},"_links":{"self":[{"href":"https:\/\/moverdb.com\/sk\/wp-json\/wp\/v2\/pages\/1540","targetHints":{"allow":["GET"]}}],"collection":[{"href":"https:\/\/moverdb.com\/sk\/wp-json\/wp\/v2\/pages"}],"about":[{"href":"https:\/\/moverdb.com\/sk\/wp-json\/wp\/v2\/types\/page"}],"author":[{"embeddable":true,"href":"https:\/\/moverdb.com\/sk\/wp-json\/wp\/v2\/users\/1"}],"replies":[{"embeddable":true,"href":"https:\/\/moverdb.com\/sk\/wp-json\/wp\/v2\/comments?post=1540"}],"version-history":[{"count":7,"href":"https:\/\/moverdb.com\/sk\/wp-json\/wp\/v2\/pages\/1540\/revisions"}],"predecessor-version":[{"id":6234,"href":"https:\/\/moverdb.com\/sk\/wp-json\/wp\/v2\/pages\/1540\/revisions\/6234"}],"wp:attachment":[{"href":"https:\/\/moverdb.com\/sk\/wp-json\/wp\/v2\/media?parent=1540"}],"curies":[{"name":"wp","href":"https:\/\/api.w.org\/{rel}","templated":true}]}}