{"id":1528,"date":"2017-02-01T16:05:53","date_gmt":"2017-02-01T16:05:53","guid":{"rendered":"http:\/\/moverdb.com\/?page_id=1528"},"modified":"2026-01-08T15:20:40","modified_gmt":"2026-01-08T15:20:40","slug":"shipco-transport","status":"publish","type":"page","link":"https:\/\/moverdb.com\/sk\/shipco-transport\/","title":{"rendered":"Shipco Transport - Medzin\u00e1rodn\u00e9 s\u0165ahovanie Recenzie"},"content":{"rendered":"<p>Spolo\u010dnos\u0165 Shipco Transport pon\u00faka slu\u017eby n\u00e1mornej a leteckej prepravy profesion\u00e1lnym prepravcom tovaru pre dom\u00e1cnos\u0165 a spolo\u010dnostiam zaoberaj\u00facim sa s\u0165ahovan\u00edm, nie jednotlivcom. Jej slu\u017eby s\u00fa uveden\u00e9 ni\u017e\u0161ie spolu s profilom spolo\u010dnosti a recenziami.<\/p>\n<p><strong>Medzin\u00e1rodn\u00fd pohyb tovaru pre dom\u00e1cnos\u0165<\/strong><\/p>\n<ul>\n<li> <a href=\"https:\/\/moverdb.com\/sk\/kontajnerova-preprava\/\">Medzin\u00e1rodn\u00e1 kontajnerov\u00e1 doprava<\/a><\/li>\n<li>Prostredn\u00edctvom profesion\u00e1lnych s\u0165ahovate\u013eov tovaru pre dom\u00e1cnos\u0165<\/li>\n<li>Prostredn\u00edctvom profesion\u00e1lnych spolo\u010dnost\u00ed na s\u0165ahovanie<\/li>\n<li>LCL<\/li>\n<li>FCL<\/li>\n<li>Leteck\u00e1 n\u00e1kladn\u00e1 doprava<\/li>\n<li>Mo\u017enos\u0165 odberu zo skladu baliarne<\/li>\n<\/ul>\n<p><strong>N\u00e1kladn\u00e1 n\u00e1morn\u00e1 doprava LCL<\/strong><\/p>\n<ul>\n<li>Zaru\u010den\u00e1 neutr\u00e1lna priama neporu\u0161en\u00e1 konsolid\u00e1cia s minim\u00e1lnou manipul\u00e1ciou s n\u00e1kladom<\/li>\n<li>\u0160pecializovan\u00fd z\u00e1kazn\u00edcky servis poskytuj\u00faci rie\u0161enia na mieru<\/li>\n<li>Pr\u00e9miov\u00ed dopravcovia a konkurencieschopn\u00e9 sadzby prepojen\u00e9 s glob\u00e1lnymi plavebn\u00fdmi poriadkami v re\u00e1lnom \u010dase<\/li>\n<\/ul>\n<p><strong>Oce\u00e1nska n\u00e1kladn\u00e1 doprava FCL<\/strong><\/p>\n<ul>\n<li> R\u00f4znorod\u00e9 slu\u017eby prostredn\u00edctvom viac ako 40 zml\u00fav s n\u00e1morn\u00fdmi dopravcami<\/li>\n<li> \u00dapln\u00e9 pokrytie vn\u00fatrozemskej n\u00e1kladnej dopravy v <a href=\"https:\/\/moverdb.com\/sk\/moving-to-the-united-states\/\" data-internallinksmanager029f6b8e52c=\"94\" title=\"S\u0165ahujete sa do Spojen\u00fdch \u0161t\u00e1tov? 2022 \u017divotn\u00e9 n\u00e1klady a tipy na pres\u0165ahovanie\">US<\/a> z viac ako 44 000 po\u0161tov\u00fdch smerovac\u00edch \u010d\u00edsel<\/li>\n<li> R\u00fdchly obrat pri sadzb\u00e1ch za dvere, rampy a <a href=\"https:\/\/moverdb.com\/sk\/top-49-container-ports\/\" data-internallinksmanager029f6b8e52c=\"80\" title=\"49 najv\u00e4\u010d\u0161\u00edch a najvy\u0165a\u017eenej\u0161\u00edch kontajnerov\u00fdch pr\u00edstavov v roku 2025\">pr\u00edstav<\/a> slu\u017eby. Tis\u00edce smerovan\u00ed v priebehu nieko\u013ek\u00fdch okamihov<\/li>\n<\/ul>\n<p><strong>Oce\u00e1nske projekty a \u0161pecializovan\u00fd n\u00e1klad<\/strong><\/p>\n<ul>\n<li>Slu\u017eby Break Bulk, RoRo, Out of Gauge a Reefer<\/li>\n<li>Celo\u0161t\u00e1tna preprava nadrozmern\u00e9ho n\u00e1kladu, n\u00e1kladu na povolenie a kontajnerov<\/li>\n<li>Nakladanie, balenie a upev\u0148ovanie<\/li>\n<li>Konkuren\u010dn\u00e9 sadzby prostredn\u00edctvom na\u0161ej rozsiahlej siete n\u00e1morn\u00fdch a leteck\u00fdch dopravcov, skladov, prepravn\u00fdch a \u017eeriavnick\u00fdch spolo\u010dnost\u00ed<\/li>\n<li>Split\/Full Air Charters &amp; OAG z\u00e1sielky<\/li>\n<\/ul>\n<p><strong>Leteck\u00e1 n\u00e1kladn\u00e1 doprava<\/strong><\/p>\n<ul>\n<li>Zmluvy s viac ako 100 leteck\u00fdmi spolo\u010dnos\u0165ami<\/li>\n<li>Vyzdvihnutie<\/li>\n<li>Skladovanie<\/li>\n<li>Slu\u017eby ozna\u010dovania a dokument\u00e1cie<\/li>\n<li>Sledovanie n\u00e1kupn\u00fdch objedn\u00e1vok<\/li>\n<\/ul>\n<h2>Profil spolo\u010dnosti Shipco Transport<\/h2>\n<p>Shipco Transport Inc je dc\u00e9rskou spolo\u010dnos\u0165ou Scan Group A\/S, Koda\u0148 a za\u010dala obchodova\u0165 v septembri 1988 v <a href=\"https:\/\/moverdb.com\/sk\/stahovanie-do-nc\/\">New York City<\/a>. Je to popredn\u00fd <a href=\"https:\/\/moverdb.com\/sk\/zasielatelstvo\/\">NVOCC<\/a>. Jeho p\u00f4vodn\u00fdm \u00fa\u010delom bolo prij\u00edma\u0165 n\u00e1klad FCL z \u00c1zie. V s\u00fa\u010dasnosti sa spolo\u010dnos\u0165 zameriava najm\u00e4 na konsolid\u00e1ciu LCL.<\/p>\n<p>V s\u00fa\u010dasnosti m\u00e1 spolo\u010dnos\u0165 Shipco viac ako 75 pobo\u010diek v 30 krajin\u00e1ch sveta a zamestn\u00e1va viac ako 2 200 \u013eud\u00ed. Shipco pon\u00faka svojim klientom slu\u017eby n\u00e1mornej a leteckej prepravy LCL a FCL.<\/p>\n<p>Spolo\u010dnos\u0165 Shipco Transport m\u00e1 tieto akredit\u00e1cie a pridru\u017eenia: -<\/p>\n<ul>\n<li><a href=\"https:\/\/moverdb.com\/sk\/som\/\" target=\"_blank\" rel=\"noopener\">Medzin\u00e1rodn\u00e1 asoci\u00e1cia s\u0165ahovate\u013eov<\/a> (<a href=\"https:\/\/moverdb.com\/sk\/iam\/\" data-internallinksmanager029f6b8e52c=\"23\" title=\"Vysvetlenie Medzin\u00e1rodnej asoci\u00e1cie s\u0165ahovate\u013eov (IAM)\">IAM<\/a>)<\/li>\n<li>Scan-Group<\/li>\n<li>World Wide Alliance (WWA)<\/li>\n<li>Skupina Air Cargo<\/li>\n<\/ul>\n<h2>Recenzie spolo\u010dnosti Shipco Transport<\/h2>\n<p><strong>Pozit\u00edvne:<\/strong><\/p>\n<ul>\n<li><em>\"Prepravoval som v\u0161etko, \u010do som mal, zo San Diega do <a href=\"https:\/\/moverdb.com\/sk\/moving-companies\/moving-companies-honduras\/\" data-internallinksmanager029f6b8e52c=\"233\" title=\"2 Najlep\u0161ie medzin\u00e1rodn\u00e9 s\u0165ahovacie spolo\u010dnosti v Hondurase\">Honduras<\/a>, Shipco bolo skvel\u00e9.\" <\/em>Madison K prostredn\u00edctvom <a href=\"https:\/\/www.yelp.co.uk\/biz\/shipco-transport-long-beach?hrid=hfrOGEwsoHzhivf1ODT9DQ&#038;utm_campaign=www_review_share_popup&#038;utm_medium=copy_link&#038;utm_source=(direct)\" target=\"_blank\" rel=\"noopener\">Yelp<\/a>.\n<li><em>\"Skuto\u010dne dobr\u00e9 slu\u017eby. \u017diadne probl\u00e9my.\"<\/em> - Dawn C prostredn\u00edctvom <a href=\"https:\/\/www.tryfleet.com\/freight-forwarder-profile\/shipco-transport-inc\" target=\"_blank\" rel=\"noopener\">Flotila<\/a><\/li>\n<\/ul>\n<p><strong>Negat\u00edvne:<\/strong><\/p>\n<ul>\n<li><em>\"Najhor\u0161ia spolo\u010dnos\u0165, s akou som kedy obchodoval. Zadr\u017eali mi z\u00e1sielku na 2 t\u00fd\u017edne, hoci bola zaplaten\u00e1 v plnej v\u00fd\u0161ke a nechceli z\u00e1sielku uvo\u013eni\u0165.\" <\/em>Houman M prostredn\u00edctvom <a href=\"https:\/\/www.yelp.co.uk\/biz\/shipco-transport-long-beach?hrid=0lZOxg3aNnePXUGvOv7fxw&#038;utm_campaign=www_review_share_popup&#038;utm_medium=copy_link&#038;utm_source=(direct)\" target=\"_blank\" rel=\"noopener\">Yelp<\/a><\/li>\n<\/ul>\n<div itemprop=\"review\" itemscope itemtype=\"http:\/\/schema.org\/Review\">\n<span itemprop=\"author\" itemscope=\"\" itemtype=\"http:\/\/schema.org\/Organization\"><span itemprop=\"name\">MoverDB.com<\/span><\/span> Online preh\u013ead webov\u00fdch str\u00e1nok pre <span itemprop=\"itemreviewed\" itemscope=\"\" itemtype=\"http:\/\/schema.org\/Brand\"><span itemprop=\"name\">Spolo\u010dnos\u0165 Shipco Transport<\/span><\/span>:<\/p>\n<ol>\n<li> Jasn\u00e9 kontaktn\u00e9 \u00fadaje na webovej str\u00e1nke (vr\u00e1tane telef\u00f3nneho \u010d\u00edsla): <strong>\u00c1no<\/strong><\/li>\n<li> Jednoduch\u00e9 z\u00edskanie <a href=\"https:\/\/moverdb.com\/sk\/citaty\/\">medzin\u00e1rodn\u00e9 s\u0165ahovanie cit\u00e1cie<\/a>? (Online formul\u00e1r \u017eiadosti o odhad): <strong>\u00c1no<\/strong><\/li>\n<li> Jasn\u00e9 inform\u00e1cie na webovej str\u00e1nke: <strong>\u00c1no,<\/strong> na webovej str\u00e1nke s\u00fa uveden\u00e9 v\u0161etky ich prepravn\u00e9 a prepravn\u00e9 slu\u017eby.<\/li>\n<li> \u010dlenstvo v medzin\u00e1rodn\u00fdch uzn\u00e1van\u00fdch organiz\u00e1ci\u00e1ch pohybliv\u00fdch zvierat: <strong>\u00c1no<\/strong>, (pozri vy\u0161\u0161ie)<\/li>\n<li> Zoznam klientov a\/alebo referencie predch\u00e1dzaj\u00facich z\u00e1kazn\u00edkov. <strong>Nie,<\/strong> nie s\u00fa na ich webovej str\u00e1nke, ale v\u0161eobecne maj\u00fa pozit\u00edvne recenzie.<\/li>\n<\/ol>\n<div itemprop=\"reviewRating\" itemscope itemtype=\"http:\/\/schema.org\/Rating\"><meta itemprop=\"worstRating\" content = \"0\" \/><meta itemprop=\"bestRating\" content=\"5\" \/><meta itemprop=\"ratingValue\" content=\"4\"><\/div>\n<p><strong>Celkov\u00e9 hodnotenie: 4\/5<\/strong><br \/>\n<strong>D\u00e1tum recenzie:<\/strong> <span itemprop=\"datePublished\" content=\"2017-02-01\">01\/02\/2017<\/span>\n<\/div>\n<p>Pre\u010d\u00edtajte si viac o <a href=\"https:\/\/moverdb.com\/sk\/stahovacie-spolocnosti\/\">medzin\u00e1rodn\u00e9 s\u0165ahovacie spolo\u010dnosti<\/a>, <a href=\"https:\/\/moverdb.com\/sk\/prepravne-spolocnosti\/\">kontajnerov\u00e9 prepravn\u00e9 spolo\u010dnosti<\/a> a na\u0161e <a href=\"https:\/\/moverdb.com\/sk\/recenzie\/\">proces presk\u00famania<\/a>.<\/p>\n<p><strong>Webov\u00e1 lokalita:<\/strong> <a href=\"https:\/\/www.shipco.com\/\" target=\"_blank\" rel=\"noopener\">https:\/\/www.shipco.com\/<\/a><\/p>","protected":false},"excerpt":{"rendered":"<p>Shipco Transport offers ocean and air freight services to professional household goods movers and relocation companies, not individuals. Its services are listed below, together with a company profile and reviews. International Movement of Household Goods International container shipping Through professional household goods movers Through professional relocation companies LCL FCL Airfreight Collection from packer&#8217;s warehouse available [&hellip;]<\/p>\n","protected":false},"author":1,"featured_media":0,"parent":0,"menu_order":0,"comment_status":"closed","ping_status":"closed","template":"","meta":{"_genesis_hide_title":false,"_genesis_hide_breadcrumbs":false,"_genesis_hide_singular_image":false,"_genesis_hide_footer_widgets":false,"_genesis_custom_body_class":"","_genesis_custom_post_class":"","_genesis_layout":"","footnotes":""},"class_list":{"0":"post-1528","1":"page","2":"type-page","3":"status-publish","5":"entry"},"_links":{"self":[{"href":"https:\/\/moverdb.com\/sk\/wp-json\/wp\/v2\/pages\/1528","targetHints":{"allow":["GET"]}}],"collection":[{"href":"https:\/\/moverdb.com\/sk\/wp-json\/wp\/v2\/pages"}],"about":[{"href":"https:\/\/moverdb.com\/sk\/wp-json\/wp\/v2\/types\/page"}],"author":[{"embeddable":true,"href":"https:\/\/moverdb.com\/sk\/wp-json\/wp\/v2\/users\/1"}],"replies":[{"embeddable":true,"href":"https:\/\/moverdb.com\/sk\/wp-json\/wp\/v2\/comments?post=1528"}],"version-history":[{"count":7,"href":"https:\/\/moverdb.com\/sk\/wp-json\/wp\/v2\/pages\/1528\/revisions"}],"predecessor-version":[{"id":6237,"href":"https:\/\/moverdb.com\/sk\/wp-json\/wp\/v2\/pages\/1528\/revisions\/6237"}],"wp:attachment":[{"href":"https:\/\/moverdb.com\/sk\/wp-json\/wp\/v2\/media?parent=1528"}],"curies":[{"name":"wp","href":"https:\/\/api.w.org\/{rel}","templated":true}]}}