{"id":14448,"date":"2023-11-08T15:57:06","date_gmt":"2023-11-08T15:57:06","guid":{"rendered":"https:\/\/moverdb.com\/freight-forwarder\/freight-forwarding-uk\/accrington-freight-forwarder\/"},"modified":"2026-01-08T14:50:36","modified_gmt":"2026-01-08T14:50:36","slug":"accrington-freight-forwarder","status":"publish","type":"page","link":"https:\/\/moverdb.com\/sk\/freight-forwarder\/freight-forwarding-uk\/accrington-freight-forwarder\/","title":{"rendered":"1 najlep\u0161\u00edch \u0161pedi\u010dn\u00fdch spolo\u010dnost\u00ed v Accringtone (2024)"},"content":{"rendered":"<p>Ni\u017e\u0161ie sa pozrieme na 1 <em>\"najlep\u0161ie\"<\/em> \u0160pedi\u010dn\u00e9 firmy v meste Accrington z 1.<\/p>\n<p>Ak sa chcete dozvedie\u0165 viac o tom, ako sme vybrali t\u00fdch najlep\u0161\u00edch, pozrite si na\u0161u sekciu FAQ na konci.<\/p>\n<p><em>Upozor\u0148ujeme, \u017ee nasleduj\u00face zoznamy nie s\u00fa zoraden\u00e9 pod\u013ea konkr\u00e9tneho poradia a neodpor\u00fa\u010dame \u017eiadnu konkr\u00e9tnu spolo\u010dnos\u0165.<\/em><\/p>\n<h2>DX Freight<\/h2>\n<p><img decoding=\"async\" src=\"https:\/\/moverdb.com\/wp-content\/uploads\/thumbnailpanoidFb0KW2eElKWUim_NyKyutQcb_clientsearch.gws-prod.gpsw408h240yaw9.jpg\" alt='DX Freight' class=\"aligncenter\"><\/p>\n<p><strong>Popis z podniku: <\/strong>Slu\u017eba DX Network Services pom\u00e1ha podnikom ob\u00eds\u0165 po\u0161tov\u00fa schr\u00e1nku kr\u00e1\u013eovskej po\u0161ty a doru\u010di\u0165 dokumenty z bodu A do bodu B.<\/p>\n<p> Spolo\u010dnos\u0165, ktor\u00e1 bola zalo\u017een\u00e1 v roku 1975 a p\u00f4sob\u00ed pod n\u00e1zvom DX Group, pon\u00faka s\u00fakromn\u00e9 po\u0161tov\u00e9 slu\u017eby medzi podnikmi vr\u00e1tane zberu, triedenia a doru\u010dovania na posledn\u00fa m\u00ed\u013eu, pri\u010dom ro\u010dne doru\u010d\u00ed pribli\u017ene 200 mili\u00f3nov z\u00e1sielok na 70 miestach po celom svete. <a href=\"https:\/\/moverdb.com\/sk\/moving-to-the-uk\/\" data-internallinksmanager029f6b8e52c=\"93\" title=\"S\u0165ahujete sa do Spojen\u00e9ho kr\u00e1\u013eovstva? 2022 \u017divotn\u00e9 n\u00e1klady a tipy na pres\u0165ahovanie\">UK<\/a> a <a href=\"https:\/\/moverdb.com\/sk\/moving-to-ireland\/\" data-internallinksmanager029f6b8e52c=\"320\" title=\"S\u0165ahujete sa do \u00cdrska? 2026 N\u00e1klady na b\u00fdvanie a tipy na pres\u0165ahovanie\">\u00cdrsko<\/a>.<\/p>\n<p> Doru\u010duje aj mal\u00e9 bal\u00edky a poskytuje slu\u017eby hromadnej po\u0161ty.<\/p>\n<p> Okrem toho jeho<\/p>\n<p><strong>\u010eal\u0161ie slu\u017eby:<\/strong><\/p>\n<p>\u017diadne uveden\u00e9 v zozname<\/p>\n<p><strong>Adresa:<\/strong> Laneside, Metcalf Drive, Altham Industrial Estate, Accrington BB5 5TU<\/p>\n<p><a href=\"http:\/\/www.dxdelivery.com\/\" target=\"_new\" rel=\"noopener\">Webov\u00e1 str\u00e1nka spolo\u010dnosti DX Freight<\/a><\/p>\n<p><strong>Recenzia Sk\u00f3re: <\/strong>3.4<br \/> <strong>Po\u010det recenzi\u00ed:<\/strong> 14<br \/><a href=\"https:\/\/www.google.co.uk\/maps?cid=1353634177514896610&#038;hl=en&#038;gl=GB\" target=\"_new\" rel=\"noopener\">Pre\u010d\u00edtajte si recenzie<\/a><\/p>\n<h2>Ako sme vybrali najlep\u0161ie \u0161pedi\u010dn\u00e9 spolo\u010dnosti z Accringtonu<\/h2>\n<p>Vych\u00e1dzali sme zo s\u00faboru \u00fadajov 1 \u0161pedi\u010dn\u00fdch firiem z Accringtonu, ktor\u00e9 sme na\u0161li prostredn\u00edctvom Google Maps, a z\u00fa\u017eili sme ho na 1 najlep\u0161iu.<\/p>\n<p>Na tento \u00fa\u010del sme odstr\u00e1nili v\u0161etky spolo\u010dnosti, ktor\u00e9:<\/p>\n<ul>\n<li> Nemal \u017eiadnu webov\u00fa str\u00e1nku<\/li>\n<li> Nemal \u017eiadne recenzie<\/li>\n<li> Priemern\u00e9 hodnotenie pod 2,0<\/li>\n<\/ul>\n<p>Ak sme v tomto okamihu mali 17 alebo menej odosielate\u013eov, uviedli sme ich v\u0161etk\u00fdch.<\/p>\n<p>V mest\u00e1ch, kde n\u00e1m zostalo viac ako 17 odosielate\u013eov, sme vykonali \u010fal\u0161ie rev\u00edzie bu\u010f zv\u00fd\u0161en\u00edm po\u017eadovan\u00e9ho sk\u00f3re hodnotenia (napr. z minim\u00e1lne 2,0 na 4,0) a\/alebo zv\u00fd\u0161en\u00edm minim\u00e1lneho po\u010dtu po\u017eadovan\u00fdch hodnoten\u00ed (napr. z minim\u00e1lne 1 hodnotenia na minim\u00e1lne 10).<\/p>\n<p>V\u0161imnite si, \u017ee sme pou\u017eili iba \u00fadaje z preh\u013eadu Mapy Google a nie z in\u00fdch webov\u00fdch str\u00e1nok tret\u00edch str\u00e1n.<\/p>\n<p>Viac miest:<\/p>\n<p><a href=\"https:\/\/moverdb.com\/sk\/zasielatelstvo\/freight-forwarding-uk\/rickmansworth-freight-forwarder\/\">Zasielate\u013estvo Rickmansworth<\/a><br \/><a href=\"https:\/\/moverdb.com\/sk\/zasielatelstvo\/freight-forwarding-uk\/horsham-freight-forwarder\/\">Zasielate\u013estvo Horsham<\/a><br \/><a href=\"https:\/\/moverdb.com\/sk\/zasielatelstvo\/freight-forwarding-uk\/riverview-freight-forwarder\/\">Zasielate\u013estvo Riverview<\/a><br \/><a href=\"https:\/\/moverdb.com\/sk\/zasielatelstvo\/freight-forwarding-uk\/houghton-le-spring-freight-forwarder\/\">Zasielate\u013estvo Houghton le Spring<\/a><br \/><a href=\"https:\/\/moverdb.com\/sk\/zasielatelstvo\/freight-forwarding-uk\/brentwood-freight-forwarder\/\">Zasielate\u013estvo Brentwood<\/a><\/p>","protected":false},"excerpt":{"rendered":"<p>Below we look at the 1 &#8220;best&#8221; Freight Forwarding companies in Accrington out of 1. To learn more about how we chose the best please consult our FAQ section at the end. Please not the following listings are in no particular order and we are not making any recommendations for any particular company. DX Freight [&hellip;]<\/p>\n","protected":false},"author":1,"featured_media":0,"parent":13427,"menu_order":0,"comment_status":"open","ping_status":"open","template":"","meta":{"_genesis_hide_title":false,"_genesis_hide_breadcrumbs":false,"_genesis_hide_singular_image":false,"_genesis_hide_footer_widgets":false,"_genesis_custom_body_class":"","_genesis_custom_post_class":"","_genesis_layout":"","footnotes":""},"class_list":{"0":"post-14448","1":"page","2":"type-page","3":"status-publish","5":"entry"},"_links":{"self":[{"href":"https:\/\/moverdb.com\/sk\/wp-json\/wp\/v2\/pages\/14448","targetHints":{"allow":["GET"]}}],"collection":[{"href":"https:\/\/moverdb.com\/sk\/wp-json\/wp\/v2\/pages"}],"about":[{"href":"https:\/\/moverdb.com\/sk\/wp-json\/wp\/v2\/types\/page"}],"author":[{"embeddable":true,"href":"https:\/\/moverdb.com\/sk\/wp-json\/wp\/v2\/users\/1"}],"replies":[{"embeddable":true,"href":"https:\/\/moverdb.com\/sk\/wp-json\/wp\/v2\/comments?post=14448"}],"version-history":[{"count":1,"href":"https:\/\/moverdb.com\/sk\/wp-json\/wp\/v2\/pages\/14448\/revisions"}],"predecessor-version":[{"id":15520,"href":"https:\/\/moverdb.com\/sk\/wp-json\/wp\/v2\/pages\/14448\/revisions\/15520"}],"up":[{"embeddable":true,"href":"https:\/\/moverdb.com\/sk\/wp-json\/wp\/v2\/pages\/13427"}],"wp:attachment":[{"href":"https:\/\/moverdb.com\/sk\/wp-json\/wp\/v2\/media?parent=14448"}],"curies":[{"name":"wp","href":"https:\/\/api.w.org\/{rel}","templated":true}]}}