{"id":14314,"date":"2023-11-08T15:55:55","date_gmt":"2023-11-08T15:55:55","guid":{"rendered":"https:\/\/moverdb.com\/freight-forwarder\/freight-forwarding-uk\/westcliff-on-sea-freight-forwarder\/"},"modified":"2026-01-08T14:55:10","modified_gmt":"2026-01-08T14:55:10","slug":"westcliff-on-sea-freight-forwarder","status":"publish","type":"page","link":"https:\/\/moverdb.com\/sk\/freight-forwarder\/freight-forwarding-uk\/westcliff-on-sea-freight-forwarder\/","title":{"rendered":"1 najlep\u0161\u00edch \u0161pedi\u010dn\u00fdch spolo\u010dnost\u00ed Westcliff-on-Sea (2024)"},"content":{"rendered":"<p>Ni\u017e\u0161ie sa pozrieme na 1 <em>\"najlep\u0161ie\"<\/em> \u0160pedi\u010dn\u00e9 spolo\u010dnosti v meste Westcliff-on-Sea z 1.<\/p>\n<p>Ak sa chcete dozvedie\u0165 viac o tom, ako sme vybrali t\u00fdch najlep\u0161\u00edch, pozrite si na\u0161u sekciu FAQ na konci.<\/p>\n<p><em>Upozor\u0148ujeme, \u017ee nasleduj\u00face zoznamy nie s\u00fa zoraden\u00e9 pod\u013ea konkr\u00e9tneho poradia a neodpor\u00fa\u010dame \u017eiadnu konkr\u00e9tnu spolo\u010dnos\u0165.<\/em><\/p>\n<h2>Anglo-Pol European Transport Ltd<\/h2>\n<p><img decoding=\"async\" src=\"https:\/\/moverdb.com\/wp-content\/uploads\/thumbnailpanoid0wTMATtMT6_3ZVl5GeXJJwcb_clientsearch.gws-prod.gpsw408h240yaw70.jpg\" alt='Anglo-Pol European Transport Ltd' class=\"aligncenter\"><\/p>\n<p><strong>Popis z podniku: <\/strong>\u017diadne nie je k dispoz\u00edcii<\/p>\n<p><strong>\u010eal\u0161ie slu\u017eby:<\/strong><\/p>\n<p>Dod\u00e1vkov\u00e1 slu\u017eba<\/p>\n<p>Logistick\u00e9 slu\u017eby<\/p>\n<p>Prepravn\u00e1 slu\u017eba<\/p>\n<p>Dopravn\u00e9 slu\u017eby<\/p>\n<p><strong>Adresa:<\/strong> 48 Cotswold Rd, Westcliff-on-Sea, Southend-on-Sea, Westcliff-on-Sea SS0 8AB<\/p>\n<p><a href=\"http:\/\/www.anglopoltransport.co.uk\/\" target=\"_new\" rel=\"noopener\">Webov\u00e1 str\u00e1nka spolo\u010dnosti Anglo-Pol European Transport Ltd<\/a><\/p>\n<p><strong>Recenzia Sk\u00f3re: <\/strong>3<br \/> <strong>Po\u010det recenzi\u00ed:<\/strong> 2<br \/><a href=\"https:\/\/www.google.co.uk\/maps?cid=7882854286141136885&#038;hl=en&#038;gl=GB\" target=\"_new\" rel=\"noopener\">Pre\u010d\u00edtajte si recenzie<\/a><\/p>\n<h2>Ako sme vybrali najlep\u0161ie \u0161pedi\u010dn\u00e9 spolo\u010dnosti Westcliff-on-Sea<\/h2>\n<p>Vych\u00e1dzali sme zo s\u00faboru \u00fadajov 1 \u0161pedi\u010dn\u00fdch spolo\u010dnost\u00ed Westcliff-on-Sea, ktor\u00e9 sme na\u0161li na Map\u00e1ch Google, a z\u00fa\u017eili sme ho na 1 najlep\u0161iu.<\/p>\n<p>Na tento \u00fa\u010del sme odstr\u00e1nili v\u0161etky spolo\u010dnosti, ktor\u00e9:<\/p>\n<ul>\n<li> Nemal \u017eiadnu webov\u00fa str\u00e1nku<\/li>\n<li> Nemal \u017eiadne recenzie<\/li>\n<li> Priemern\u00e9 hodnotenie pod 2,0<\/li>\n<\/ul>\n<p>Ak sme v tomto okamihu mali 17 alebo menej odosielate\u013eov, uviedli sme ich v\u0161etk\u00fdch.<\/p>\n<p>V mest\u00e1ch, kde n\u00e1m zostalo viac ako 17 odosielate\u013eov, sme vykonali \u010fal\u0161ie rev\u00edzie bu\u010f zv\u00fd\u0161en\u00edm po\u017eadovan\u00e9ho sk\u00f3re hodnotenia (napr. z minim\u00e1lne 2,0 na 4,0) a\/alebo zv\u00fd\u0161en\u00edm minim\u00e1lneho po\u010dtu po\u017eadovan\u00fdch hodnoten\u00ed (napr. z minim\u00e1lne 1 hodnotenia na minim\u00e1lne 10).<\/p>\n<p>V\u0161imnite si, \u017ee sme pou\u017eili iba \u00fadaje z preh\u013eadu Mapy Google a nie z in\u00fdch webov\u00fdch str\u00e1nok tret\u00edch str\u00e1n.<\/p>\n<p>Viac miest:<\/p>\n<p><a href=\"https:\/\/moverdb.com\/sk\/zasielatelstvo\/freight-forwarding-uk\/cullompton-freight-forwarder\/\">\u0160pedit\u00e9rska spolo\u010dnos\u0165 Cullompton<\/a><br \/><a href=\"https:\/\/moverdb.com\/sk\/zasielatelstvo\/freight-forwarding-uk\/willenhall-freight-forwarder\/\">Zasielate\u013estvo Willenhall<\/a><br \/><a href=\"https:\/\/moverdb.com\/sk\/zasielatelstvo\/freight-forwarding-uk\/neath-freight-forwarder\/\">\u0160pedit\u00e9r Neath<\/a><br \/><a href=\"https:\/\/moverdb.com\/sk\/zasielatelstvo\/freight-forwarding-uk\/chester-freight-forwarder\/\">Zasielate\u013estvo Chester<\/a><br \/><a href=\"https:\/\/moverdb.com\/sk\/zasielatelstvo\/freight-forwarding-uk\/neston-freight-forwarder\/\">Zasielate\u013estvo Neston<\/a><\/p>","protected":false},"excerpt":{"rendered":"<p>Below we look at the 1 &#8220;best&#8221; Freight Forwarding companies in Westcliff-on-Sea out of 1. To learn more about how we chose the best please consult our FAQ section at the end. Please not the following listings are in no particular order and we are not making any recommendations for any particular company. Anglo-Pol European [&hellip;]<\/p>\n","protected":false},"author":1,"featured_media":0,"parent":13427,"menu_order":0,"comment_status":"open","ping_status":"open","template":"","meta":{"_genesis_hide_title":false,"_genesis_hide_breadcrumbs":false,"_genesis_hide_singular_image":false,"_genesis_hide_footer_widgets":false,"_genesis_custom_body_class":"","_genesis_custom_post_class":"","_genesis_layout":"","footnotes":""},"class_list":{"0":"post-14314","1":"page","2":"type-page","3":"status-publish","5":"entry"},"_links":{"self":[{"href":"https:\/\/moverdb.com\/sk\/wp-json\/wp\/v2\/pages\/14314","targetHints":{"allow":["GET"]}}],"collection":[{"href":"https:\/\/moverdb.com\/sk\/wp-json\/wp\/v2\/pages"}],"about":[{"href":"https:\/\/moverdb.com\/sk\/wp-json\/wp\/v2\/types\/page"}],"author":[{"embeddable":true,"href":"https:\/\/moverdb.com\/sk\/wp-json\/wp\/v2\/users\/1"}],"replies":[{"embeddable":true,"href":"https:\/\/moverdb.com\/sk\/wp-json\/wp\/v2\/comments?post=14314"}],"version-history":[{"count":1,"href":"https:\/\/moverdb.com\/sk\/wp-json\/wp\/v2\/pages\/14314\/revisions"}],"predecessor-version":[{"id":15666,"href":"https:\/\/moverdb.com\/sk\/wp-json\/wp\/v2\/pages\/14314\/revisions\/15666"}],"up":[{"embeddable":true,"href":"https:\/\/moverdb.com\/sk\/wp-json\/wp\/v2\/pages\/13427"}],"wp:attachment":[{"href":"https:\/\/moverdb.com\/sk\/wp-json\/wp\/v2\/media?parent=14314"}],"curies":[{"name":"wp","href":"https:\/\/api.w.org\/{rel}","templated":true}]}}