{"id":14260,"date":"2023-11-08T15:55:37","date_gmt":"2023-11-08T15:55:37","guid":{"rendered":"https:\/\/moverdb.com\/freight-forwarder\/freight-forwarding-uk\/selby-freight-forwarder\/"},"modified":"2026-01-08T14:54:38","modified_gmt":"2026-01-08T14:54:38","slug":"selby-freight-forwarder","status":"publish","type":"page","link":"https:\/\/moverdb.com\/sk\/freight-forwarder\/freight-forwarding-uk\/selby-freight-forwarder\/","title":{"rendered":"1 najlep\u0161\u00edch \u0161pedi\u010dn\u00fdch spolo\u010dnost\u00ed v Selby (2024)"},"content":{"rendered":"<p>Ni\u017e\u0161ie sa pozrieme na 1 <em>\"najlep\u0161ie\"<\/em> \u0160pedi\u010dn\u00e9 firmy v meste Selby z 2.<\/p>\n<p>Ak sa chcete dozvedie\u0165 viac o tom, ako sme vybrali t\u00fdch najlep\u0161\u00edch, pozrite si na\u0161u sekciu FAQ na konci.<\/p>\n<p><em>Upozor\u0148ujeme, \u017ee nasleduj\u00face zoznamy nie s\u00fa zoraden\u00e9 pod\u013ea konkr\u00e9tneho poradia a neodpor\u00fa\u010dame \u017eiadnu konkr\u00e9tnu spolo\u010dnos\u0165.<\/em><\/p>\n<h2>Viking Shipping Services Ltd<\/h2>\n<p><img decoding=\"async\" src=\"https:\/\/moverdb.com\/wp-content\/uploads\/AF1QipOvQOtrB8FRd503q_NOQf0X8anWwfc8aZVOnZpmw513-h240-k-no.jpg\" alt='Viking Shipping Services Ltd' class=\"aligncenter\"><\/p>\n<p><strong>Popis z podniku: <\/strong>Spolo\u010dnos\u0165 Viking Shipping Services Ltd za\u010dala svoju \u010dinnos\u0165 v 40. rokoch 20. storo\u010dia s osobitn\u00fdm cie\u013eom poskytova\u0165 komplexn\u00e9 slu\u017eby v oblasti zasielate\u013estva a manipul\u00e1cie s n\u00e1kladom.<\/p>\n<p> Spolo\u010dnos\u0165 Viking Shipping so s\u00eddlom v Selby, hne\u010f ved\u013ea dia\u013enice M62 v severnom Yorkshire, m\u00e1 strategick\u00fa polohu, ktor\u00e1 umo\u017e\u0148uje poskytova\u0165 cel\u00fd rad slu\u017eieb pre n\u00e1klad prich\u00e1dzaj\u00faci po ceste aj po mori.<\/p>\n<p> Spolo\u010dnos\u0165 Viking Shipping so skladom s rozlohou 40 000 \u0161tvorcov\u00fdch metrov a t\u00edmom sk\u00fasen\u00fdch skladn\u00edkov vyvinula flexibiln\u00fd pr\u00edstup k manipul\u00e1cii so sypk\u00fdmi, pr\u00e1\u0161kov\u00fdmi, tekut\u00fdmi a konven\u010dn\u00fdmi paletovan\u00fdmi a vo\u013ene ulo\u017een\u00fdmi n\u00e1kladmi a pon\u00faka skladovanie, kontrolu z\u00e1sob a celo\u0161t\u00e1tne distribu\u010dn\u00e9 slu\u017eby.<\/p>\n<p><strong>\u010eal\u0161ie slu\u017eby:<\/strong><\/p>\n<p>Dod\u00e1vate\u013esk\u00e1 spolo\u010dnos\u0165<\/p>\n<p><strong>Adresa:<\/strong> The Goods Yard, Ousegate, Selby YO8 8BL<\/p>\n<p><a href=\"http:\/\/www.vikingshipping.co.uk\/\" target=\"_new\" rel=\"noopener\">Webov\u00e1 str\u00e1nka spolo\u010dnosti Viking Shipping Services Ltd<\/a><\/p>\n<p><strong>Recenzia Sk\u00f3re: <\/strong>4.4<br \/> <strong>Po\u010det recenzi\u00ed:<\/strong> 30<br \/><a href=\"https:\/\/www.google.co.uk\/maps?cid=1529009490495546714&#038;hl=en&#038;gl=GB\" target=\"_new\" rel=\"noopener\">Pre\u010d\u00edtajte si recenzie<\/a><\/p>\n<h2>Ako sme vybrali najlep\u0161ie \u0161pedi\u010dn\u00e9 spolo\u010dnosti v Selby<\/h2>\n<p>Za\u010dali sme so s\u00faborom \u00fadajov o 2 \u0161pedi\u010dn\u00fdch spolo\u010dnostiach Selby, ktor\u00e9 sme mohli n\u00e1js\u0165 prostredn\u00edctvom Google Maps, a z\u00fa\u017eili sme ho na 1 najlep\u0161iu.<\/p>\n<p>Na tento \u00fa\u010del sme odstr\u00e1nili v\u0161etky spolo\u010dnosti, ktor\u00e9:<\/p>\n<ul>\n<li> Nemal \u017eiadnu webov\u00fa str\u00e1nku<\/li>\n<li> Nemal \u017eiadne recenzie<\/li>\n<li> Priemern\u00e9 hodnotenie pod 2,0<\/li>\n<\/ul>\n<p>Ak sme v tomto okamihu mali 17 alebo menej odosielate\u013eov, uviedli sme ich v\u0161etk\u00fdch.<\/p>\n<p>V mest\u00e1ch, kde n\u00e1m zostalo viac ako 17 odosielate\u013eov, sme vykonali \u010fal\u0161ie rev\u00edzie bu\u010f zv\u00fd\u0161en\u00edm po\u017eadovan\u00e9ho sk\u00f3re hodnotenia (napr. z minim\u00e1lne 2,0 na 4,0) a\/alebo zv\u00fd\u0161en\u00edm minim\u00e1lneho po\u010dtu po\u017eadovan\u00fdch hodnoten\u00ed (napr. z minim\u00e1lne 1 hodnotenia na minim\u00e1lne 10).<\/p>\n<p>V\u0161imnite si, \u017ee sme pou\u017eili iba \u00fadaje z preh\u013eadu Mapy Google a nie z in\u00fdch webov\u00fdch str\u00e1nok tret\u00edch str\u00e1n.<\/p>\n<p>Viac miest:<\/p>\n<p><a href=\"https:\/\/moverdb.com\/sk\/zasielatelstvo\/freight-forwarding-uk\/cookstown-freight-forwarder\/\">Zasielate\u013estvo Cookstown<\/a><br \/><a href=\"https:\/\/moverdb.com\/sk\/zasielatelstvo\/freight-forwarding-uk\/goole-freight-forwarder\/\">Zasielate\u013estvo Goole<\/a><br \/><a href=\"https:\/\/moverdb.com\/sk\/zasielatelstvo\/freight-forwarding-uk\/ludlow-freight-forwarder\/\">Zasielate\u013estvo Ludlow<\/a><br \/><a href=\"https:\/\/moverdb.com\/sk\/zasielatelstvo\/freight-forwarding-uk\/skipton-freight-forwarder\/\">Zasielate\u013estvo Skipton<\/a><br \/><a href=\"https:\/\/moverdb.com\/sk\/zasielatelstvo\/freight-forwarding-uk\/corby-freight-forwarder\/\">Zasielate\u013estvo Corby<\/a><\/p>","protected":false},"excerpt":{"rendered":"<p>Below we look at the 1 &#8220;best&#8221; Freight Forwarding companies in Selby out of 2. To learn more about how we chose the best please consult our FAQ section at the end. Please not the following listings are in no particular order and we are not making any recommendations for any particular company. Viking Shipping [&hellip;]<\/p>\n","protected":false},"author":1,"featured_media":0,"parent":13427,"menu_order":0,"comment_status":"open","ping_status":"open","template":"","meta":{"_genesis_hide_title":false,"_genesis_hide_breadcrumbs":false,"_genesis_hide_singular_image":false,"_genesis_hide_footer_widgets":false,"_genesis_custom_body_class":"","_genesis_custom_post_class":"","_genesis_layout":"","footnotes":""},"class_list":{"0":"post-14260","1":"page","2":"type-page","3":"status-publish","5":"entry"},"_links":{"self":[{"href":"https:\/\/moverdb.com\/sk\/wp-json\/wp\/v2\/pages\/14260","targetHints":{"allow":["GET"]}}],"collection":[{"href":"https:\/\/moverdb.com\/sk\/wp-json\/wp\/v2\/pages"}],"about":[{"href":"https:\/\/moverdb.com\/sk\/wp-json\/wp\/v2\/types\/page"}],"author":[{"embeddable":true,"href":"https:\/\/moverdb.com\/sk\/wp-json\/wp\/v2\/users\/1"}],"replies":[{"embeddable":true,"href":"https:\/\/moverdb.com\/sk\/wp-json\/wp\/v2\/comments?post=14260"}],"version-history":[{"count":1,"href":"https:\/\/moverdb.com\/sk\/wp-json\/wp\/v2\/pages\/14260\/revisions"}],"predecessor-version":[{"id":15634,"href":"https:\/\/moverdb.com\/sk\/wp-json\/wp\/v2\/pages\/14260\/revisions\/15634"}],"up":[{"embeddable":true,"href":"https:\/\/moverdb.com\/sk\/wp-json\/wp\/v2\/pages\/13427"}],"wp:attachment":[{"href":"https:\/\/moverdb.com\/sk\/wp-json\/wp\/v2\/media?parent=14260"}],"curies":[{"name":"wp","href":"https:\/\/api.w.org\/{rel}","templated":true}]}}