{"id":14252,"date":"2023-11-08T15:55:37","date_gmt":"2023-11-08T15:55:37","guid":{"rendered":"https:\/\/moverdb.com\/freight-forwarder\/freight-forwarding-uk\/worthing-freight-forwarder\/"},"modified":"2026-01-08T14:55:20","modified_gmt":"2026-01-08T14:55:20","slug":"worthing-freight-forwarder","status":"publish","type":"page","link":"https:\/\/moverdb.com\/sk\/freight-forwarder\/freight-forwarding-uk\/worthing-freight-forwarder\/","title":{"rendered":"1 Najlep\u0161ie \u0161pedi\u010dn\u00e9 spolo\u010dnosti Worthingu (2024)"},"content":{"rendered":"<p>Ni\u017e\u0161ie sa pozrieme na 1 <em>\"najlep\u0161ie\"<\/em> \u0160pedi\u010dn\u00e9 spolo\u010dnosti v meste Worthing z 1.<\/p>\n<p>Ak sa chcete dozvedie\u0165 viac o tom, ako sme vybrali t\u00fdch najlep\u0161\u00edch, pozrite si na\u0161u sekciu FAQ na konci.<\/p>\n<p><em>Upozor\u0148ujeme, \u017ee nasleduj\u00face zoznamy nie s\u00fa zoraden\u00e9 pod\u013ea konkr\u00e9tneho poradia a neodpor\u00fa\u010dame \u017eiadnu konkr\u00e9tnu spolo\u010dnos\u0165.<\/em><\/p>\n<h2>Spicer International Ltd Kuri\u00e9rske slu\u017eby Worthing<\/h2>\n<p><img decoding=\"async\" src=\"https:\/\/moverdb.com\/wp-content\/uploads\/AF1QipOUq_GAzE3wCuLAU_Ci4QSHdFpGBvl9Vneea4ngw426-h240-k-no.jpg\" alt='Spicer International Ltd Kuri\u00e9rske slu\u017eby Worthing' class=\"aligncenter\"><\/p>\n<p><strong>Popis z podniku: <\/strong>Vitajte v spolo\u010dnosti Spicer International, va\u0161om partnerovi v oblasti medzin\u00e1rodn\u00fdch z\u00e1sielok.<\/p>\n<p> V\u010faka viac ako 25 rokom sk\u00fasenost\u00ed s poskytovan\u00edm vysokokvalitn\u00fdch slu\u017eieb v oblasti n\u00e1kladnej dopravy sme si vybudovali z\u00e1videniahodn\u00fa reput\u00e1ciu.<\/p>\n<p> Nielen to! Pon\u00fakame aj najlep\u0161ie skladovacie slu\u017eby v Z\u00e1padnom Sussexe.<\/p>\n<p> Na\u0161im z\u00e1kazn\u00edkom v\u017edy d\u00e1vame prednos\u0165 a db\u00e1me na to, aby na\u0161e doru\u010dovacie a zbern\u00e9 slu\u017eby sp\u013a\u0148ali a prekon\u00e1vali ich o\u010dak\u00e1vania.<\/p>\n<p> \u010ci u\u017e potrebujete skladova\u0165 alebo chcete posla\u0165 bal\u00edk kamko\u013evek v r\u00e1mci krajiny, odborn\u00edci zo spolo\u010dnosti Spicer International v\u00e1m m\u00f4\u017eu pon\u00faknu\u0165 prisp\u00f4sobite\u013en\u00e9 rie\u0161enie skladovania a zabezpe\u010di\u0165 v\u010dasn\u00e9 doru\u010denie v\u00e1\u0161ho bal\u00edka.<\/p>\n<p> Ak chcete po\u017eiada\u0165 o cenov\u00fa ponuku, vypl\u0148te inform\u00e1cie v na\u0161om gener\u00e1tore cenov\u00fdch pon\u00fak.<\/p>\n<p> Zavolajte na <a href=\"https:\/\/moverdb.com\/sk\/moving-to-the-united-states\/\" data-internallinksmanager029f6b8e52c=\"94\" title=\"S\u0165ahujete sa do Spojen\u00fdch \u0161t\u00e1tov? 2022 \u017divotn\u00e9 n\u00e1klady a tipy na pres\u0165ahovanie\">n\u00e1s<\/a> alebo zanechajte spr\u00e1vu.<\/p>\n<p><strong>\u010eal\u0161ie slu\u017eby:<\/strong><\/p>\n<p>Kuri\u00e9rska slu\u017eba<\/p>\n<p>Dod\u00e1vate\u013esk\u00e1 spolo\u010dnos\u0165<\/p>\n<p>Skladovacie zariadenie<\/p>\n<p>Sklad<\/p>\n<p>Z\u013eavov\u00fd obchod<\/p>\n<p><strong>Adresa:<\/strong> Northbrook Business Park, Units 13-14, Northbrook Rd, Worthing BN14 8PQ<\/p>\n<p><a href=\"http:\/\/www.spicerinternational.com\/\" target=\"_new\" rel=\"noopener\">Webov\u00e1 str\u00e1nka spolo\u010dnosti Spicer International Ltd Courier Services Worthing<\/a><\/p>\n<p><strong>Recenzia Sk\u00f3re: <\/strong>4.9<br \/> <strong>Po\u010det recenzi\u00ed:<\/strong> 18<br \/><a href=\"https:\/\/www.google.co.uk\/maps?cid=16544897627600685036&#038;hl=en&#038;gl=GB\" target=\"_new\" rel=\"noopener\">Pre\u010d\u00edtajte si recenzie<\/a><\/p>\n<h2>Ako sme vybrali najlep\u0161ie \u0161pedi\u010dn\u00e9 spolo\u010dnosti Worthingu<\/h2>\n<p>Vych\u00e1dzali sme zo s\u00faboru \u00fadajov 1 \u0161pedi\u010dn\u00fdch firiem Worthing, ktor\u00e9 sme na\u0161li na Map\u00e1ch Google, a z\u00fa\u017eili sme ho na 1 najlep\u0161iu.<\/p>\n<p>Na tento \u00fa\u010del sme odstr\u00e1nili v\u0161etky spolo\u010dnosti, ktor\u00e9:<\/p>\n<ul>\n<li> Nemal \u017eiadnu webov\u00fa str\u00e1nku<\/li>\n<li> Nemal \u017eiadne recenzie<\/li>\n<li> Priemern\u00e9 hodnotenie pod 2,0<\/li>\n<\/ul>\n<p>Ak sme v tomto okamihu mali 17 alebo menej odosielate\u013eov, uviedli sme ich v\u0161etk\u00fdch.<\/p>\n<p>V mest\u00e1ch, kde n\u00e1m zostalo viac ako 17 odosielate\u013eov, sme vykonali \u010fal\u0161ie rev\u00edzie bu\u010f zv\u00fd\u0161en\u00edm po\u017eadovan\u00e9ho sk\u00f3re hodnotenia (napr. z minim\u00e1lne 2,0 na 4,0) a\/alebo zv\u00fd\u0161en\u00edm minim\u00e1lneho po\u010dtu po\u017eadovan\u00fdch hodnoten\u00ed (napr. z minim\u00e1lne 1 hodnotenia na minim\u00e1lne 10).<\/p>\n<p>V\u0161imnite si, \u017ee sme pou\u017eili iba \u00fadaje z preh\u013eadu Mapy Google a nie z in\u00fdch webov\u00fdch str\u00e1nok tret\u00edch str\u00e1n.<\/p>\n<p>Viac miest:<\/p>\n<p><a href=\"https:\/\/moverdb.com\/sk\/zasielatelstvo\/freight-forwarding-uk\/llanfyrnach-freight-forwarder\/\">Zasielate\u013estvo Llanfyrnach<\/a><br \/><a href=\"https:\/\/moverdb.com\/sk\/zasielatelstvo\/freight-forwarding-uk\/bromley-freight-forwarder\/\">Zasielate\u013estvo Bromley<\/a><br \/><a href=\"https:\/\/moverdb.com\/sk\/zasielatelstvo\/freight-forwarding-uk\/colnbrook-slough-freight-forwarder\/\">\u0160pedit\u00e9r Colnbrook Slough<\/a><br \/><a href=\"https:\/\/moverdb.com\/sk\/zasielatelstvo\/freight-forwarding-uk\/selby-freight-forwarder\/\">Zasielate\u013estvo Selby<\/a><br \/><a href=\"https:\/\/moverdb.com\/sk\/zasielatelstvo\/freight-forwarding-uk\/cookstown-freight-forwarder\/\">Zasielate\u013estvo Cookstown<\/a><\/p>","protected":false},"excerpt":{"rendered":"<p>Below we look at the 1 &#8220;best&#8221; Freight Forwarding companies in Worthing out of 1. To learn more about how we chose the best please consult our FAQ section at the end. Please not the following listings are in no particular order and we are not making any recommendations for any particular company. Spicer International [&hellip;]<\/p>\n","protected":false},"author":1,"featured_media":0,"parent":13427,"menu_order":0,"comment_status":"open","ping_status":"open","template":"","meta":{"_genesis_hide_title":false,"_genesis_hide_breadcrumbs":false,"_genesis_hide_singular_image":false,"_genesis_hide_footer_widgets":false,"_genesis_custom_body_class":"","_genesis_custom_post_class":"","_genesis_layout":"","footnotes":""},"class_list":{"0":"post-14252","1":"page","2":"type-page","3":"status-publish","5":"entry"},"_links":{"self":[{"href":"https:\/\/moverdb.com\/sk\/wp-json\/wp\/v2\/pages\/14252","targetHints":{"allow":["GET"]}}],"collection":[{"href":"https:\/\/moverdb.com\/sk\/wp-json\/wp\/v2\/pages"}],"about":[{"href":"https:\/\/moverdb.com\/sk\/wp-json\/wp\/v2\/types\/page"}],"author":[{"embeddable":true,"href":"https:\/\/moverdb.com\/sk\/wp-json\/wp\/v2\/users\/1"}],"replies":[{"embeddable":true,"href":"https:\/\/moverdb.com\/sk\/wp-json\/wp\/v2\/comments?post=14252"}],"version-history":[{"count":1,"href":"https:\/\/moverdb.com\/sk\/wp-json\/wp\/v2\/pages\/14252\/revisions"}],"predecessor-version":[{"id":15675,"href":"https:\/\/moverdb.com\/sk\/wp-json\/wp\/v2\/pages\/14252\/revisions\/15675"}],"up":[{"embeddable":true,"href":"https:\/\/moverdb.com\/sk\/wp-json\/wp\/v2\/pages\/13427"}],"wp:attachment":[{"href":"https:\/\/moverdb.com\/sk\/wp-json\/wp\/v2\/media?parent=14252"}],"curies":[{"name":"wp","href":"https:\/\/api.w.org\/{rel}","templated":true}]}}