{"id":14232,"date":"2023-11-08T15:55:21","date_gmt":"2023-11-08T15:55:21","guid":{"rendered":"https:\/\/moverdb.com\/freight-forwarder\/freight-forwarding-uk\/swadlincote-freight-forwarder\/"},"modified":"2026-01-08T14:54:54","modified_gmt":"2026-01-08T14:54:54","slug":"swadlincote-freight-forwarder","status":"publish","type":"page","link":"https:\/\/moverdb.com\/sk\/freight-forwarder\/freight-forwarding-uk\/swadlincote-freight-forwarder\/","title":{"rendered":"1 Najlep\u0161ie \u0161pedi\u010dn\u00e9 spolo\u010dnosti Swadlincote (2024)"},"content":{"rendered":"<p>Ni\u017e\u0161ie sa pozrieme na 1 <em>\"najlep\u0161ie\"<\/em> \u0160pedi\u010dn\u00e9 firmy v meste Swadlincote z 1.<\/p>\n<p>Ak sa chcete dozvedie\u0165 viac o tom, ako sme vybrali t\u00fdch najlep\u0161\u00edch, pozrite si na\u0161u sekciu FAQ na konci.<\/p>\n<p><em>Upozor\u0148ujeme, \u017ee nasleduj\u00face zoznamy nie s\u00fa zoraden\u00e9 pod\u013ea konkr\u00e9tneho poradia a neodpor\u00fa\u010dame \u017eiadnu konkr\u00e9tnu spolo\u010dnos\u0165.<\/em><\/p>\n<h2>NTG Road UK Ltd.<\/h2>\n<p><img decoding=\"async\" src=\"https:\/\/moverdb.com\/wp-content\/uploads\/AF1QipOehRPim1y4rmjlolgkOEZp4s3tlLJQVoHeje_ew531-h240-k-no.jpg\" alt='NTG Road UK Ltd.' class=\"aligncenter\"><\/p>\n<p><strong>Popis z podniku: <\/strong>Na\u0161\u00edm cie\u013eom je vytv\u00e1ra\u0165 pre v\u00e1s hodnoty pomocou spr\u00e1vnych dopravn\u00fdch rie\u0161en\u00ed, preto pon\u00fakame kompetentn\u00e9 sparingy v\u010faka na\u0161im dlhoro\u010dn\u00fdm sk\u00fasenostiam v odvetv\u00ed.<\/p>\n<p>K\u013e\u00fa\u010dom k n\u00e1\u0161mu \u00faspechu s\u00fa t\u00edmy sk\u00fasen\u00fdch oper\u00e1torov, z ktor\u00fdch ka\u017ed\u00fd m\u00e1 jedine\u010dn\u00e9 znalosti v oblasti zasielate\u013estva a logistiky.<\/p>\n<p> T\u00edmy s\u00fa nad\u0161en\u00e9 a riadia sa pr\u00edstupom \"dok\u00e1\u017eem urobi\u0165\", ktor\u00fd poskytuje vynikaj\u00face a d\u00f4veryhodn\u00e9 slu\u017eby.<\/p>\n<p>Na\u0161e slu\u017eby poskytujeme na z\u00e1klade ve\u013ek\u00e9ho a rozmanit\u00e9ho vozov\u00e9ho parku a d\u00f4veryhodn\u00fdch subdod\u00e1vate\u013eov.<\/p>\n<p> Sna\u017e\u00edme sa udr\u017eiava\u0165 dlhodob\u00e9 partnerstv\u00e1, preto sa star\u00e1me o vz\u0165ahy s dod\u00e1vate\u013emi a spolupracujeme so vz\u00e1jomn\u00fdm re\u0161pektom.<\/p>\n<p>Ako z\u00e1kazn\u00edk spolo\u010dnosti NTG sa budete c\u00edti\u0165 pohodlne, preto\u017ee budete vedie\u0165, \u017ee je o v\u0161etko postaran\u00e9.<\/p>\n<p><strong>\u010eal\u0161ie slu\u017eby:<\/strong><\/p>\n<p>\u017diadne uveden\u00e9 v zozname<\/p>\n<p><strong>Adresa:<\/strong> Oaktree Business Park, Unit 1a &amp; 2a, Cadley Hill Rd, Swadlincote DE11 9DJ<\/p>\n<p><a href=\"http:\/\/ntgroad.co.uk\/\" target=\"_new\" rel=\"noopener\">Webov\u00e1 str\u00e1nka spolo\u010dnosti NTG Road UK Ltd.<\/a><\/p>\n<p><strong>Recenzia Sk\u00f3re: <\/strong>2.3<br \/> <strong>Po\u010det recenzi\u00ed:<\/strong> 3<br \/><a href=\"https:\/\/www.google.co.uk\/maps?cid=15706330275124395423&#038;hl=en&#038;gl=GB\" target=\"_new\" rel=\"noopener\">Pre\u010d\u00edtajte si recenzie<\/a><\/p>\n<h2>Ako sme vybrali najlep\u0161ie \u0161pedi\u010dn\u00e9 spolo\u010dnosti Swadlincote<\/h2>\n<p>Vych\u00e1dzali sme zo s\u00faboru \u00fadajov 1 \u0161pedi\u010dn\u00fdch firiem Swadlincote, ktor\u00e9 sme na\u0161li prostredn\u00edctvom Google Maps, a z\u00fa\u017eili sme ho na 1 najlep\u0161iu.<\/p>\n<p>Na tento \u00fa\u010del sme odstr\u00e1nili v\u0161etky spolo\u010dnosti, ktor\u00e9:<\/p>\n<ul>\n<li> Nemal \u017eiadnu webov\u00fa str\u00e1nku<\/li>\n<li> Nemal \u017eiadne recenzie<\/li>\n<li> Priemern\u00e9 hodnotenie pod 2,0<\/li>\n<\/ul>\n<p>Ak sme v tomto okamihu mali 17 alebo menej odosielate\u013eov, uviedli sme ich v\u0161etk\u00fdch.<\/p>\n<p>V mest\u00e1ch, kde n\u00e1m zostalo viac ako 17 odosielate\u013eov, sme vykonali \u010fal\u0161ie rev\u00edzie bu\u010f zv\u00fd\u0161en\u00edm po\u017eadovan\u00e9ho sk\u00f3re hodnotenia (napr. z minim\u00e1lne 2,0 na 4,0) a\/alebo zv\u00fd\u0161en\u00edm minim\u00e1lneho po\u010dtu po\u017eadovan\u00fdch hodnoten\u00ed (napr. z minim\u00e1lne 1 hodnotenia na minim\u00e1lne 10).<\/p>\n<p>V\u0161imnite si, \u017ee sme pou\u017eili iba \u00fadaje z preh\u013eadu Mapy Google a nie z in\u00fdch webov\u00fdch str\u00e1nok tret\u00edch str\u00e1n.<\/p>\n<p>Viac miest:<\/p>\n<p><a href=\"https:\/\/moverdb.com\/sk\/zasielatelstvo\/freight-forwarding-uk\/coggeshall,-essex-freight-forwarder\/\">Coggeshall, Essex \u0160ped\u00edcia<\/a><br \/><a href=\"https:\/\/moverdb.com\/sk\/zasielatelstvo\/freight-forwarding-uk\/tonbridge-freight-forwarder\/\">Zasielate\u013estvo Tonbridge<\/a><br \/><a href=\"https:\/\/moverdb.com\/sk\/zasielatelstvo\/freight-forwarding-uk\/billingshurst-freight-forwarder\/\">\u0160pedit\u00e9r Billingshurst<\/a><br \/><a href=\"https:\/\/moverdb.com\/sk\/zasielatelstvo\/freight-forwarding-uk\/antrim-freight-forwarder\/\">Zasielate\u013estvo Antrim<\/a><br \/><a href=\"https:\/\/moverdb.com\/sk\/zasielatelstvo\/freight-forwarding-uk\/littlehampton-freight-forwarder\/\">\u0160pedit\u00e9r Littlehampton<\/a><\/p>","protected":false},"excerpt":{"rendered":"<p>Below we look at the 1 &#8220;best&#8221; Freight Forwarding companies in Swadlincote out of 1. To learn more about how we chose the best please consult our FAQ section at the end. Please not the following listings are in no particular order and we are not making any recommendations for any particular company. NTG Road [&hellip;]<\/p>\n","protected":false},"author":1,"featured_media":0,"parent":13427,"menu_order":0,"comment_status":"open","ping_status":"open","template":"","meta":{"_genesis_hide_title":false,"_genesis_hide_breadcrumbs":false,"_genesis_hide_singular_image":false,"_genesis_hide_footer_widgets":false,"_genesis_custom_body_class":"","_genesis_custom_post_class":"","_genesis_layout":"","footnotes":""},"class_list":{"0":"post-14232","1":"page","2":"type-page","3":"status-publish","5":"entry"},"_links":{"self":[{"href":"https:\/\/moverdb.com\/sk\/wp-json\/wp\/v2\/pages\/14232","targetHints":{"allow":["GET"]}}],"collection":[{"href":"https:\/\/moverdb.com\/sk\/wp-json\/wp\/v2\/pages"}],"about":[{"href":"https:\/\/moverdb.com\/sk\/wp-json\/wp\/v2\/types\/page"}],"author":[{"embeddable":true,"href":"https:\/\/moverdb.com\/sk\/wp-json\/wp\/v2\/users\/1"}],"replies":[{"embeddable":true,"href":"https:\/\/moverdb.com\/sk\/wp-json\/wp\/v2\/comments?post=14232"}],"version-history":[{"count":1,"href":"https:\/\/moverdb.com\/sk\/wp-json\/wp\/v2\/pages\/14232\/revisions"}],"predecessor-version":[{"id":15650,"href":"https:\/\/moverdb.com\/sk\/wp-json\/wp\/v2\/pages\/14232\/revisions\/15650"}],"up":[{"embeddable":true,"href":"https:\/\/moverdb.com\/sk\/wp-json\/wp\/v2\/pages\/13427"}],"wp:attachment":[{"href":"https:\/\/moverdb.com\/sk\/wp-json\/wp\/v2\/media?parent=14232"}],"curies":[{"name":"wp","href":"https:\/\/api.w.org\/{rel}","templated":true}]}}