{"id":14162,"date":"2023-11-08T15:55:01","date_gmt":"2023-11-08T15:55:01","guid":{"rendered":"https:\/\/moverdb.com\/freight-forwarder\/freight-forwarding-uk\/brentford-freight-forwarder\/"},"modified":"2026-01-08T14:55:56","modified_gmt":"2026-01-08T14:55:56","slug":"brentford-freight-forwarder","status":"publish","type":"page","link":"https:\/\/moverdb.com\/sk\/freight-forwarder\/freight-forwarding-uk\/brentford-freight-forwarder\/","title":{"rendered":"2 najlep\u0161ie \u0161pedi\u010dn\u00e9 spolo\u010dnosti v Brentforde (2024)"},"content":{"rendered":"<p>Ni\u017e\u0161ie sa pozrieme na 2 <em>\"najlep\u0161ie\"<\/em> \u0160pedi\u010dn\u00e9 spolo\u010dnosti v meste Brentford z celkov\u00e9ho po\u010dtu 4.<\/p>\n<p>Ak sa chcete dozvedie\u0165 viac o tom, ako sme vybrali t\u00fdch najlep\u0161\u00edch, pozrite si na\u0161u sekciu FAQ na konci.<\/p>\n<p><em>Upozor\u0148ujeme, \u017ee nasleduj\u00face zoznamy nie s\u00fa zoraden\u00e9 pod\u013ea konkr\u00e9tneho poradia a neodpor\u00fa\u010dame \u017eiadnu konkr\u00e9tnu spolo\u010dnos\u0165.<\/em><\/p>\n<h2>Eleven International Freight Forwarding Limited<\/h2>\n<p><img decoding=\"async\" src=\"https:\/\/moverdb.com\/wp-content\/uploads\/thumbnailpanoidVmY36SRKjmuDT4ozLKoqXAcb_clientsearch.gws-prod.gpsw408h240yaw321.jpg\" alt='Eleven International Freight Forwarding Limited' class=\"aligncenter\"><\/p>\n<p><strong>Popis z podniku: <\/strong>Eleven International Freight Forwarding Ltd.<\/p>\n<p> v\u00e1\u0161 sk\u00fasen\u00fd partner v oblasti logistiky.<\/p>\n<p>\u00e2\u20ac'<br \/>\nPon\u00fakame prvotriedne \u0161pedi\u010dn\u00e9 slu\u017eby v celej <a href=\"https:\/\/moverdb.com\/sk\/moving-to-the-uk\/\" data-internallinksmanager029f6b8e52c=\"93\" title=\"S\u0165ahujete sa do Spojen\u00e9ho kr\u00e1\u013eovstva? 2022 \u017divotn\u00e9 n\u00e1klady a tipy na pres\u0165ahovanie\">UK<\/a> a Eur\u00f3py.<\/p>\n<p> Ver\u00edme, \u017ee ka\u017ed\u00fd z\u00e1kazn\u00edk si zasl\u00fa\u017ei \u010do najlep\u0161\u00ed z\u00e1\u017eitok.<\/p>\n<p>\u00e2\u20ac'<br \/>\nNa\u0161im klientom pon\u00fakame bezplatn\u00fa cenov\u00fa ponuku vopred.<\/p>\n<p> Preto\u017ee sme si tak ist\u00ed na\u0161imi cenami, ne\u00fa\u010dtujeme si \u017eiadne skryt\u00e9 poplatky ani pr\u00edplatky.<\/p>\n<p>\u00e2\u20ac'<br \/>\nNa\u0161a spolo\u010dnos\u0165 je postaven\u00e1 na z\u00e1kladoch \u010destnosti, tvrdej pr\u00e1ce a odhodlania.<\/p>\n<p> Sme hrd\u00ed na to, \u017ee dok\u00e1\u017eeme zvl\u00e1dnu\u0165 v\u0161etky aspekty vn\u00fatro\u0161t\u00e1tnej a medzin\u00e1rodnej n\u00e1kladnej dopravy.<\/p>\n<p><strong>\u010eal\u0161ie slu\u017eby:<\/strong><\/p>\n<p>S\u0165ahovacie slu\u017eby<\/p>\n<p>Doprovodn\u00e1 slu\u017eba v oblasti dopravy<\/p>\n<p>Sklad<\/p>\n<p><strong>Adresa:<\/strong> 1000 Great West Rd, Brentford TW8 9HH<\/p>\n<p><a href=\"http:\/\/eleven-transport.co.uk\/\" target=\"_new\" rel=\"noopener\">Webov\u00e1 str\u00e1nka spolo\u010dnosti Eleven International Freight Forwarding Limited<\/a><\/p>\n<p><strong>Recenzia Sk\u00f3re: <\/strong>3.6<br \/> <strong>Po\u010det recenzi\u00ed:<\/strong> 14<br \/><a href=\"https:\/\/www.google.co.uk\/maps?cid=9761716854989961092&#038;hl=en&#038;gl=GB\" target=\"_new\" rel=\"noopener\">Pre\u010d\u00edtajte si recenzie<\/a><\/p>\n<h2>Clo a n\u00e1kladn\u00e1 doprava<\/h2>\n<p><img decoding=\"async\" src=\"https:\/\/moverdb.com\/wp-content\/uploads\/AF1QipPWvBCIA2t-qRJkVoRfgvCYtFs36Sg1ht4zKmStw534-h240-k-no.jpg\" alt='Clo a n\u00e1kladn\u00e1 doprava' class=\"aligncenter\"><\/p>\n<p><strong>Popis z podniku: <\/strong>Spolo\u010dnos\u0165 Customs &amp; Freight pon\u00faka profesion\u00e1lne glob\u00e1lne obchodn\u00e9 poradenstvo, coln\u00e9 odbavenie a zasielate\u013esk\u00e9 slu\u017eby pre obchodn\u00edkov, ktor\u00ed dov\u00e1\u017eaj\u00fa a\/alebo vyv\u00e1\u017eaj\u00fa tovar z\/do kraj\u00edn mimo Spojen\u00e9ho kr\u00e1\u013eovstva.<\/p>\n<p>Spolo\u010dnos\u0165 je digit\u00e1lna a \u013eudsk\u00e1 firma, ktor\u00e1 pristupuje k coln\u00e9mu sprostredkovaniu a zasielate\u013estvu s odborn\u00fdm poh\u013eadom a obchodnou perspekt\u00edvou.<\/p>\n<p> Vyu\u017e\u00edva odborn\u00e9 znalosti a nov\u00e9 technol\u00f3gie, aby svojim z\u00e1kazn\u00edkom poskytovala slu\u017eby vynikaj\u00facej kvality.<\/p>\n<p><strong>\u010eal\u0161ie slu\u017eby:<\/strong><\/p>\n<p>Dod\u00e1vate\u013e kontajnerov<\/p>\n<p>Coln\u00fd sprostredkovate\u013e<\/p>\n<p>Pois\u0165ovac\u00ed makl\u00e9r<\/p>\n<p>Poradca pre medzin\u00e1rodn\u00fd obchod<\/p>\n<p><strong>Adresa:<\/strong> 981 Great West Rd, Brentford TW8 9DN<\/p>\n<p><a href=\"http:\/\/www.customsandfreight.com\/\" target=\"_new\" rel=\"noopener\">Webov\u00e1 str\u00e1nka Customs &amp; Freight<\/a><\/p>\n<p><strong>Recenzia Sk\u00f3re: <\/strong>5<br \/> <strong>Po\u010det recenzi\u00ed:<\/strong> 1<br \/><a href=\"https:\/\/www.google.co.uk\/maps?cid=13007949798119682037&#038;hl=en&#038;gl=GB\" target=\"_new\" rel=\"noopener\">Pre\u010d\u00edtajte si recenzie<\/a><\/p>\n<h2>Ako sme vybrali najlep\u0161ie \u0161pedi\u010dn\u00e9 spolo\u010dnosti Brentford<\/h2>\n<p>Vych\u00e1dzali sme zo s\u00faboru \u00fadajov 4 \u0161pedi\u010dn\u00fdch spolo\u010dnost\u00ed Brentford, ktor\u00e9 sme na\u0161li na Map\u00e1ch Google, a z\u00fa\u017eili sme ho na 2 najlep\u0161ie.<\/p>\n<p>Na tento \u00fa\u010del sme odstr\u00e1nili v\u0161etky spolo\u010dnosti, ktor\u00e9:<\/p>\n<ul>\n<li> Nemal \u017eiadnu webov\u00fa str\u00e1nku<\/li>\n<li> Nemal \u017eiadne recenzie<\/li>\n<li> Priemern\u00e9 hodnotenie pod 2,0<\/li>\n<\/ul>\n<p>Ak sme v tomto okamihu mali 17 alebo menej odosielate\u013eov, uviedli sme ich v\u0161etk\u00fdch.<\/p>\n<p>V mest\u00e1ch, kde n\u00e1m zostalo viac ako 17 odosielate\u013eov, sme vykonali \u010fal\u0161ie rev\u00edzie bu\u010f zv\u00fd\u0161en\u00edm po\u017eadovan\u00e9ho sk\u00f3re hodnotenia (napr. z minim\u00e1lne 2,0 na 4,0) a\/alebo zv\u00fd\u0161en\u00edm minim\u00e1lneho po\u010dtu po\u017eadovan\u00fdch hodnoten\u00ed (napr. z minim\u00e1lne 1 hodnotenia na minim\u00e1lne 10).<\/p>\n<p>V\u0161imnite si, \u017ee sme pou\u017eili iba \u00fadaje z preh\u013eadu Mapy Google a nie z in\u00fdch webov\u00fdch str\u00e1nok tret\u00edch str\u00e1n.<\/p>\n<p>Viac miest:<\/p>\n<p><a href=\"https:\/\/moverdb.com\/sk\/zasielatelstvo\/freight-forwarding-uk\/widnes-freight-forwarder\/\">Widnes Freight Forwarder<\/a><br \/><a href=\"https:\/\/moverdb.com\/sk\/zasielatelstvo\/freight-forwarding-uk\/runcorn-freight-forwarder\/\">Zasielate\u013estvo Runcorn<\/a><br \/><a href=\"https:\/\/moverdb.com\/sk\/zasielatelstvo\/freight-forwarding-uk\/manningtree-freight-forwarder\/\">Zasielate\u013estvo Manningtree<\/a><br \/><a href=\"https:\/\/moverdb.com\/sk\/zasielatelstvo\/freight-forwarding-uk\/sale-freight-forwarder\/\">Predaj zasielate\u013estvo<\/a><br \/><a href=\"https:\/\/moverdb.com\/sk\/zasielatelstvo\/freight-forwarding-uk\/salford-freight-forwarder\/\">Zasielate\u013estvo Salford<\/a><\/p>","protected":false},"excerpt":{"rendered":"<p>Below we look at the 2 &#8220;best&#8221; Freight Forwarding companies in Brentford out of 4. To learn more about how we chose the best please consult our FAQ section at the end. Please not the following listings are in no particular order and we are not making any recommendations for any particular company. Eleven International [&hellip;]<\/p>\n","protected":false},"author":1,"featured_media":0,"parent":13427,"menu_order":0,"comment_status":"open","ping_status":"open","template":"","meta":{"_genesis_hide_title":false,"_genesis_hide_breadcrumbs":false,"_genesis_hide_singular_image":false,"_genesis_hide_footer_widgets":false,"_genesis_custom_body_class":"","_genesis_custom_post_class":"","_genesis_layout":"","footnotes":""},"class_list":{"0":"post-14162","1":"page","2":"type-page","3":"status-publish","5":"entry"},"_links":{"self":[{"href":"https:\/\/moverdb.com\/sk\/wp-json\/wp\/v2\/pages\/14162","targetHints":{"allow":["GET"]}}],"collection":[{"href":"https:\/\/moverdb.com\/sk\/wp-json\/wp\/v2\/pages"}],"about":[{"href":"https:\/\/moverdb.com\/sk\/wp-json\/wp\/v2\/types\/page"}],"author":[{"embeddable":true,"href":"https:\/\/moverdb.com\/sk\/wp-json\/wp\/v2\/users\/1"}],"replies":[{"embeddable":true,"href":"https:\/\/moverdb.com\/sk\/wp-json\/wp\/v2\/comments?post=14162"}],"version-history":[{"count":1,"href":"https:\/\/moverdb.com\/sk\/wp-json\/wp\/v2\/pages\/14162\/revisions"}],"predecessor-version":[{"id":15706,"href":"https:\/\/moverdb.com\/sk\/wp-json\/wp\/v2\/pages\/14162\/revisions\/15706"}],"up":[{"embeddable":true,"href":"https:\/\/moverdb.com\/sk\/wp-json\/wp\/v2\/pages\/13427"}],"wp:attachment":[{"href":"https:\/\/moverdb.com\/sk\/wp-json\/wp\/v2\/media?parent=14162"}],"curies":[{"name":"wp","href":"https:\/\/api.w.org\/{rel}","templated":true}]}}