{"id":14151,"date":"2023-11-08T15:54:40","date_gmt":"2023-11-08T15:54:40","guid":{"rendered":"https:\/\/moverdb.com\/freight-forwarder\/freight-forwarding-uk\/rochester-freight-forwarder\/"},"modified":"2026-01-08T14:58:26","modified_gmt":"2026-01-08T14:58:26","slug":"rochester-freight-forwarder","status":"publish","type":"page","link":"https:\/\/moverdb.com\/sk\/freight-forwarder\/freight-forwarding-uk\/rochester-freight-forwarder\/","title":{"rendered":"2 Najlep\u0161ie \u0161pedi\u010dn\u00e9 spolo\u010dnosti v Rochestri (2024)"},"content":{"rendered":"<p>Ni\u017e\u0161ie sa pozrieme na 2 <em>\"najlep\u0161ie\"<\/em> \u0160pedi\u010dn\u00e9 spolo\u010dnosti v meste Rochester z celkov\u00e9ho po\u010dtu 7.<\/p>\n<p>Ak sa chcete dozvedie\u0165 viac o tom, ako sme vybrali t\u00fdch najlep\u0161\u00edch, pozrite si na\u0161u sekciu FAQ na konci.<\/p>\n<p><em>Upozor\u0148ujeme, \u017ee nasleduj\u00face zoznamy nie s\u00fa zoraden\u00e9 pod\u013ea konkr\u00e9tneho poradia a neodpor\u00fa\u010dame \u017eiadnu konkr\u00e9tnu spolo\u010dnos\u0165.<\/em><\/p>\n<h2>UK Import Services Limited<\/h2>\n<p><img decoding=\"async\" src=\"https:\/\/moverdb.com\/wp-content\/uploads\/thumbnailpanoid-UDcNTkFBjN8zpjHUM8_Sgcb_clientsearch.gws-prod.gpsw408h240yaw359.jpg\" alt='UK Import Services Limited' class=\"aligncenter\"><\/p>\n<p><strong>Popis z podniku: <\/strong>\u017diadne nie je k dispoz\u00edcii<\/p>\n<p><strong>\u010eal\u0161ie slu\u017eby:<\/strong><\/p>\n<p>\u017diadne uveden\u00e9 v zozname<\/p>\n<p><strong>Adresa:<\/strong> Reg. Adresa: Suite 7 Cobalt House Centre Court, Rochester ME2 4BQ<\/p>\n<p><a href=\"http:\/\/www.ukimportservices.com\/\" target=\"_new\" rel=\"noopener\">Webov\u00e1 str\u00e1nka spolo\u010dnosti UK Import Services Limited<\/a><\/p>\n<p><strong>Recenzia Sk\u00f3re: <\/strong>3<br \/> <strong>Po\u010det recenzi\u00ed:<\/strong> 2<br \/><a href=\"https:\/\/www.google.co.uk\/maps?cid=10190696061651857157&#038;hl=en&#038;gl=GB\" target=\"_new\" rel=\"noopener\">Pre\u010d\u00edtajte si recenzie<\/a><\/p>\n<h2>CCT Worldwide Ltd<\/h2>\n<p><img decoding=\"async\" src=\"https:\/\/moverdb.com\/wp-content\/uploads\/AF1QipOx-fcZ6F1-QIKnLwynuUO79zAiB2ztxi2aS02Bw720-h240-k-no.jpg\" alt='CCT Worldwide Ltd' class=\"aligncenter\"><\/p>\n<p><strong>Popis z podniku: <\/strong>CCT Worldwide je jednou z najv\u00e4\u010d\u0161\u00edch nez\u00e1visl\u00fdch medzin\u00e1rodn\u00fdch <a href=\"https:\/\/moverdb.com\/sk\/moving-to-the-uk\/\" data-internallinksmanager029f6b8e52c=\"93\" title=\"S\u0165ahujete sa do Spojen\u00e9ho kr\u00e1\u013eovstva? 2022 \u017divotn\u00e9 n\u00e1klady a tipy na pres\u0165ahovanie\">UK<\/a> \u0161pedi\u010dn\u00e9 spolo\u010dnosti.<\/p>\n<p> Zabezpe\u010dujeme medzin\u00e1rodn\u00fa prepravu n\u00e1kladu na\u0161ich z\u00e1kazn\u00edkov z miesta p\u00f4vodu do miesta ur\u010denia po celom svete.<\/p>\n<p> Boli sme zalo\u017een\u00ed v roku 1984 a u\u017e viac ako 30 rokov poskytujeme cel\u00fd rad slu\u017eieb v oblasti glob\u00e1lneho riadenia n\u00e1kladnej dopravy.<\/p>\n<p>Tieto str\u00e1nky <a href=\"https:\/\/moverdb.com\/sk\/freight-forwarder\/\" data-internallinksmanager029f6b8e52c=\"17\" title=\"Sprievodca medzin\u00e1rodn\u00fdmi n\u00e1kladmi a spolo\u010dnos\u0165ami zasielate\u013estva a NVOCC\">zasielate\u013e<\/a> Slu\u017eby zah\u0155\u0148aj\u00fa leteck\u00fa prepravu, n\u00e1morn\u00fa prepravu s pln\u00fdm kontajnerov\u00fdm n\u00e1kladom (FCL) a men\u0161\u00edm ako kontajnerov\u00fdm n\u00e1kladom (LCL), cestn\u00fa prepravu, zmluvn\u00fa logistiku a coln\u00e9 sprostredkovanie.<\/p>\n<p> Bez oh\u013eadu na po\u017eiadavky klienta vytv\u00e1rame a dod\u00e1vame cel\u00fd rad rie\u0161en\u00ed pre n\u00e1kladn\u00fa dopravu na mieru, ktor\u00e9 podporuje n\u00e1\u0161 kompetentn\u00fd t\u00edm a \u0161pi\u010dkov\u00e9 IT slu\u017eby.<\/p>\n<p><strong>\u010eal\u0161ie slu\u017eby:<\/strong><\/p>\n<p>\u017diadne uveden\u00e9 v zozname<\/p>\n<p><strong>Adresa:<\/strong> Ashford House Beaufort Court, Unit 3, Rochester ME2 4FA<\/p>\n<p><a href=\"https:\/\/cctworldwidelogistics.com\/\" target=\"_new\" rel=\"noopener\">Webov\u00e1 str\u00e1nka spolo\u010dnosti CCT Worldwide Ltd<\/a><\/p>\n<p><strong>Recenzia Sk\u00f3re: <\/strong>4.7<br \/> <strong>Po\u010det recenzi\u00ed:<\/strong> 12<br \/><a href=\"https:\/\/www.google.co.uk\/maps?cid=2798323899266473835&#038;hl=en&#038;gl=GB\" target=\"_new\" rel=\"noopener\">Pre\u010d\u00edtajte si recenzie<\/a><\/p>\n<h2>Ako sme vybrali najlep\u0161ie \u0161pedi\u010dn\u00e9 spolo\u010dnosti v Rochestri<\/h2>\n<p>Vych\u00e1dzali sme zo s\u00faboru \u00fadajov 7 rochestersk\u00fdch \u0161pedi\u010dn\u00fdch spolo\u010dnost\u00ed, ktor\u00e9 sme na\u0161li na Map\u00e1ch Google, a z\u00fa\u017eili sme ho na 2 najlep\u0161ie.<\/p>\n<p>Na tento \u00fa\u010del sme odstr\u00e1nili v\u0161etky spolo\u010dnosti, ktor\u00e9:<\/p>\n<ul>\n<li> Nemal \u017eiadnu webov\u00fa str\u00e1nku<\/li>\n<li> Nemal \u017eiadne recenzie<\/li>\n<li> Priemern\u00e9 hodnotenie pod 2,0<\/li>\n<\/ul>\n<p>Ak sme v tomto okamihu mali 17 alebo menej odosielate\u013eov, uviedli sme ich v\u0161etk\u00fdch.<\/p>\n<p>V mest\u00e1ch, kde n\u00e1m zostalo viac ako 17 odosielate\u013eov, sme vykonali \u010fal\u0161ie rev\u00edzie bu\u010f zv\u00fd\u0161en\u00edm po\u017eadovan\u00e9ho sk\u00f3re hodnotenia (napr. z minim\u00e1lne 2,0 na 4,0) a\/alebo zv\u00fd\u0161en\u00edm minim\u00e1lneho po\u010dtu po\u017eadovan\u00fdch hodnoten\u00ed (napr. z minim\u00e1lne 1 hodnotenia na minim\u00e1lne 10).<\/p>\n<p>V\u0161imnite si, \u017ee sme pou\u017eili iba \u00fadaje z preh\u013eadu Mapy Google a nie z in\u00fdch webov\u00fdch str\u00e1nok tret\u00edch str\u00e1n.<\/p>\n<p>Viac miest:<\/p>\n<p><a href=\"https:\/\/moverdb.com\/sk\/zasielatelstvo\/freight-forwarding-uk\/watford-freight-forwarder\/\">Zasielate\u013estvo Watford<\/a><br \/><a href=\"https:\/\/moverdb.com\/sk\/zasielatelstvo\/freight-forwarding-uk\/romford-freight-forwarder\/\">Zasielate\u013estvo Romford<\/a><br \/><a href=\"https:\/\/moverdb.com\/sk\/zasielatelstvo\/freight-forwarding-uk\/chelmsford-freight-forwarder\/\">Zasielate\u013estvo Chelmsford<\/a><br \/><a href=\"https:\/\/moverdb.com\/sk\/zasielatelstvo\/freight-forwarding-uk\/brentford-freight-forwarder\/\">\u0160pedit\u00e9r Brentford<\/a><br \/><a href=\"https:\/\/moverdb.com\/sk\/zasielatelstvo\/freight-forwarding-uk\/widnes-freight-forwarder\/\">Widnes Freight Forwarder<\/a><\/p>","protected":false},"excerpt":{"rendered":"<p>Below we look at the 2 &#8220;best&#8221; Freight Forwarding companies in Rochester out of 7. To learn more about how we chose the best please consult our FAQ section at the end. Please not the following listings are in no particular order and we are not making any recommendations for any particular company. UK Import [&hellip;]<\/p>\n","protected":false},"author":1,"featured_media":0,"parent":13427,"menu_order":0,"comment_status":"open","ping_status":"open","template":"","meta":{"_genesis_hide_title":false,"_genesis_hide_breadcrumbs":false,"_genesis_hide_singular_image":false,"_genesis_hide_footer_widgets":false,"_genesis_custom_body_class":"","_genesis_custom_post_class":"","_genesis_layout":"","footnotes":""},"class_list":{"0":"post-14151","1":"page","2":"type-page","3":"status-publish","5":"entry"},"_links":{"self":[{"href":"https:\/\/moverdb.com\/sk\/wp-json\/wp\/v2\/pages\/14151","targetHints":{"allow":["GET"]}}],"collection":[{"href":"https:\/\/moverdb.com\/sk\/wp-json\/wp\/v2\/pages"}],"about":[{"href":"https:\/\/moverdb.com\/sk\/wp-json\/wp\/v2\/types\/page"}],"author":[{"embeddable":true,"href":"https:\/\/moverdb.com\/sk\/wp-json\/wp\/v2\/users\/1"}],"replies":[{"embeddable":true,"href":"https:\/\/moverdb.com\/sk\/wp-json\/wp\/v2\/comments?post=14151"}],"version-history":[{"count":1,"href":"https:\/\/moverdb.com\/sk\/wp-json\/wp\/v2\/pages\/14151\/revisions"}],"predecessor-version":[{"id":15740,"href":"https:\/\/moverdb.com\/sk\/wp-json\/wp\/v2\/pages\/14151\/revisions\/15740"}],"up":[{"embeddable":true,"href":"https:\/\/moverdb.com\/sk\/wp-json\/wp\/v2\/pages\/13427"}],"wp:attachment":[{"href":"https:\/\/moverdb.com\/sk\/wp-json\/wp\/v2\/media?parent=14151"}],"curies":[{"name":"wp","href":"https:\/\/api.w.org\/{rel}","templated":true}]}}