{"id":14124,"date":"2023-11-08T15:54:40","date_gmt":"2023-11-08T15:54:40","guid":{"rendered":"https:\/\/moverdb.com\/freight-forwarder\/freight-forwarding-uk\/horley-freight-forwarder\/"},"modified":"2026-01-08T14:58:03","modified_gmt":"2026-01-08T14:58:03","slug":"horley-freight-forwarder","status":"publish","type":"page","link":"https:\/\/moverdb.com\/sk\/freight-forwarder\/freight-forwarding-uk\/horley-freight-forwarder\/","title":{"rendered":"2 Najlep\u0161ie \u0161pedi\u010dn\u00e9 spolo\u010dnosti Horley (2024)"},"content":{"rendered":"<p>Ni\u017e\u0161ie sa pozrieme na 2 <em>\"najlep\u0161ie\"<\/em> \u0160pedi\u010dn\u00e9 firmy v meste Horley z 5.<\/p>\n<p>Ak sa chcete dozvedie\u0165 viac o tom, ako sme vybrali t\u00fdch najlep\u0161\u00edch, pozrite si na\u0161u sekciu FAQ na konci.<\/p>\n<p><em>Upozor\u0148ujeme, \u017ee nasleduj\u00face zoznamy nie s\u00fa zoraden\u00e9 pod\u013ea konkr\u00e9tneho poradia a neodpor\u00fa\u010dame \u017eiadnu konkr\u00e9tnu spolo\u010dnos\u0165.<\/em><\/p>\n<h2>DMS International Ltd<\/h2>\n<p><img decoding=\"async\" src=\"https:\/\/moverdb.com\/wp-content\/uploads\/AF1QipPUGYskWBvhLSFrApRfWm5-GRtv3dDiA4EUyQ4_w408-h691-k-no.jpg\" alt='DMS International Ltd' class=\"aligncenter\"><\/p>\n<p><strong>Popis z podniku: <\/strong>Spolo\u010dnos\u0165 DMS International Limited je odborn\u00edkom na medzin\u00e1rodn\u00fa logistiku, ktor\u00fd sa \u0161pecializuje na;<br \/>\n\u010casovo kritick\u00e1 pr\u00e1ca 24\/7 po celom svete<br \/>\nPohyby palubn\u00e9ho kuri\u00e9ra (OBC) 24\/7 po celom svete<br \/>\nExperti na lietadl\u00e1 na zemi (AOG) 24 hod\u00edn denne po celom svete<br \/>\n\u0160pecialisti na Next Flight Out (NFO) 24\/7 po celom svete<br \/>\nSprostredkovatelia plnenia, vyzdvihovania a balenia a distrib\u00facie 3PL a 4PL<br \/>\nVyhraden\u00e1 exped\u00edcia vozidiel (Rush Drives) 24\/7 <a href=\"https:\/\/moverdb.com\/sk\/moving-to-the-uk\/\" data-internallinksmanager029f6b8e52c=\"93\" title=\"S\u0165ahujete sa do Spojen\u00e9ho kr\u00e1\u013eovstva? 2022 \u017divotn\u00e9 n\u00e1klady a tipy na pres\u0165ahovanie\">UK<\/a> a cel\u00e1 Eur\u00f3pa a \u010fal\u0161ie krajiny<br \/>\nNa\u0161a kuri\u00e9rska div\u00edzia pon\u00faka vozidl\u00e1 od mal\u00fdch dod\u00e1vok a\u017e po k\u013abov\u00e9 vozidl\u00e1 Door to Door<br \/>\nPr\u00e1ca na \u0161peci\u00e1lnych podujatiach v hudobnom\/z\u00e1bavnom priemysle po celom svete<br \/>\nVlastn\u00fd informa\u010dn\u00fd syst\u00e9m na sledovanie v\u0161etk\u00fdch pohybov<br \/>\nM\u00e1me tie\u017e div\u00edziu HUMS a sme \u0161pecialisti na glob\u00e1lnu repatri\u00e1ciu \u013eudsk\u00fdch pozostatkov<\/p>\n<p><strong>\u010eal\u0161ie slu\u017eby:<\/strong><\/p>\n<p>Kuri\u00e9rska slu\u017eba<\/p>\n<p>Distribu\u010dn\u00e1 slu\u017eba<\/p>\n<p>Logistick\u00e9 slu\u017eby<\/p>\n<p>Dopravn\u00e9 slu\u017eby<\/p>\n<p>Sklad<\/p>\n<p><strong>Adresa:<\/strong> Jednotky 1 a 11, Bridge Industrial Estate, Balcombe Rd, Horley RH6 9HU<\/p>\n<p><a href=\"https:\/\/dms-intl.com\/\" target=\"_new\" rel=\"noopener\">Webov\u00e1 str\u00e1nka spolo\u010dnosti DMS International Ltd<\/a><\/p>\n<p><strong>Recenzia Sk\u00f3re: <\/strong>4.5<br \/> <strong>Po\u010det recenzi\u00ed:<\/strong> 2<br \/><a href=\"https:\/\/www.google.co.uk\/maps?cid=16688674639725830230&#038;hl=en&#038;gl=GB\" target=\"_new\" rel=\"noopener\">Pre\u010d\u00edtajte si recenzie<\/a><\/p>\n<h2>Medzin\u00e1rodn\u00e9 zasielate\u013estvo Seaspace<\/h2>\n<p><img decoding=\"async\" src=\"https:\/\/moverdb.com\/wp-content\/uploads\/thumbnailpanoidcf9WcnxAC8u-SvFzzOtosgcb_clientsearch.gws-prod.gpsw408h240yaw253.jpg\" alt='Medzin\u00e1rodn\u00e9 zasielate\u013estvo Seaspace' class=\"aligncenter\"><\/p>\n<p><strong>Popis z podniku: <\/strong>\u017diadne nie je k dispoz\u00edcii<\/p>\n<p><strong>\u010eal\u0161ie slu\u017eby:<\/strong><\/p>\n<p>Logistick\u00e9 slu\u017eby<\/p>\n<p>Skladovacie zariadenie<\/p>\n<p><strong>Adresa:<\/strong> Gatwick House, Peeks Brook Ln, Horley RH6 9ST<\/p>\n<p><a href=\"https:\/\/www.seaspace-int.com\/?utm_source=gmblisting&#038;utm_medium=organic&#038;utm_campaign=gmb\" target=\"_new\" rel=\"noopener\">Webov\u00e1 str\u00e1nka spolo\u010dnosti Seaspace International Forwarders<\/a><\/p>\n<p><strong>Recenzia Sk\u00f3re: <\/strong>4.2<br \/> <strong>Po\u010det recenzi\u00ed:<\/strong> 12<br \/><a href=\"https:\/\/www.google.co.uk\/maps?cid=6167122230326718562&#038;hl=en&#038;gl=GB\" target=\"_new\" rel=\"noopener\">Pre\u010d\u00edtajte si recenzie<\/a><\/p>\n<h2>Ako sme vybrali najlep\u0161ie \u0161pedi\u010dn\u00e9 spolo\u010dnosti Horley<\/h2>\n<p>Vych\u00e1dzali sme zo s\u00faboru \u00fadajov 5 \u0161pedi\u010dn\u00fdch spolo\u010dnost\u00ed Horley, ktor\u00e9 sme na\u0161li na Map\u00e1ch Google, a z\u00fa\u017eili sme ho na 2 najlep\u0161ie.<\/p>\n<p>Na tento \u00fa\u010del sme odstr\u00e1nili v\u0161etky spolo\u010dnosti, ktor\u00e9:<\/p>\n<ul>\n<li> Nemal \u017eiadnu webov\u00fa str\u00e1nku<\/li>\n<li> Nemal \u017eiadne recenzie<\/li>\n<li> Priemern\u00e9 hodnotenie pod 2,0<\/li>\n<\/ul>\n<p>Ak sme v tomto okamihu mali 17 alebo menej odosielate\u013eov, uviedli sme ich v\u0161etk\u00fdch.<\/p>\n<p>V mest\u00e1ch, kde n\u00e1m zostalo viac ako 17 odosielate\u013eov, sme vykonali \u010fal\u0161ie rev\u00edzie bu\u010f zv\u00fd\u0161en\u00edm po\u017eadovan\u00e9ho sk\u00f3re hodnotenia (napr. z minim\u00e1lne 2,0 na 4,0) a\/alebo zv\u00fd\u0161en\u00edm minim\u00e1lneho po\u010dtu po\u017eadovan\u00fdch hodnoten\u00ed (napr. z minim\u00e1lne 1 hodnotenia na minim\u00e1lne 10).<\/p>\n<p>V\u0161imnite si, \u017ee sme pou\u017eili iba \u00fadaje z preh\u013eadu Mapy Google a nie z in\u00fdch webov\u00fdch str\u00e1nok tret\u00edch str\u00e1n.<\/p>\n<p>Viac miest:<\/p>\n<p><a href=\"https:\/\/moverdb.com\/sk\/zasielatelstvo\/freight-forwarding-uk\/enfield-freight-forwarder\/\">Zasielate\u013estvo Enfield<\/a><br \/><a href=\"https:\/\/moverdb.com\/sk\/zasielatelstvo\/freight-forwarding-uk\/sutton-coldfield-freight-forwarder\/\">\u0160pedit\u00e9r Sutton Coldfield<\/a><br \/><a href=\"https:\/\/moverdb.com\/sk\/zasielatelstvo\/freight-forwarding-uk\/redditch-freight-forwarder\/\">Zasielate\u013estvo Redditch<\/a><br \/><a href=\"https:\/\/moverdb.com\/sk\/zasielatelstvo\/freight-forwarding-uk\/greenhithe-freight-forwarder\/\">Zasielate\u013estvo Greenhithe<\/a><br \/><a href=\"https:\/\/moverdb.com\/sk\/zasielatelstvo\/freight-forwarding-uk\/loughborough-freight-forwarder\/\">Zasielate\u013estvo Loughborough<\/a><\/p>","protected":false},"excerpt":{"rendered":"<p>Below we look at the 2 &#8220;best&#8221; Freight Forwarding companies in Horley out of 5. To learn more about how we chose the best please consult our FAQ section at the end. Please not the following listings are in no particular order and we are not making any recommendations for any particular company. DMS International [&hellip;]<\/p>\n","protected":false},"author":1,"featured_media":0,"parent":13427,"menu_order":0,"comment_status":"open","ping_status":"open","template":"","meta":{"_genesis_hide_title":false,"_genesis_hide_breadcrumbs":false,"_genesis_hide_singular_image":false,"_genesis_hide_footer_widgets":false,"_genesis_custom_body_class":"","_genesis_custom_post_class":"","_genesis_layout":"","footnotes":""},"class_list":{"0":"post-14124","1":"page","2":"type-page","3":"status-publish","5":"entry"},"_links":{"self":[{"href":"https:\/\/moverdb.com\/sk\/wp-json\/wp\/v2\/pages\/14124","targetHints":{"allow":["GET"]}}],"collection":[{"href":"https:\/\/moverdb.com\/sk\/wp-json\/wp\/v2\/pages"}],"about":[{"href":"https:\/\/moverdb.com\/sk\/wp-json\/wp\/v2\/types\/page"}],"author":[{"embeddable":true,"href":"https:\/\/moverdb.com\/sk\/wp-json\/wp\/v2\/users\/1"}],"replies":[{"embeddable":true,"href":"https:\/\/moverdb.com\/sk\/wp-json\/wp\/v2\/comments?post=14124"}],"version-history":[{"count":1,"href":"https:\/\/moverdb.com\/sk\/wp-json\/wp\/v2\/pages\/14124\/revisions"}],"predecessor-version":[{"id":15721,"href":"https:\/\/moverdb.com\/sk\/wp-json\/wp\/v2\/pages\/14124\/revisions\/15721"}],"up":[{"embeddable":true,"href":"https:\/\/moverdb.com\/sk\/wp-json\/wp\/v2\/pages\/13427"}],"wp:attachment":[{"href":"https:\/\/moverdb.com\/sk\/wp-json\/wp\/v2\/media?parent=14124"}],"curies":[{"name":"wp","href":"https:\/\/api.w.org\/{rel}","templated":true}]}}