{"id":14081,"date":"2023-11-08T15:54:18","date_gmt":"2023-11-08T15:54:18","guid":{"rendered":"https:\/\/moverdb.com\/freight-forwarder\/freight-forwarding-uk\/oldbury-freight-forwarder\/"},"modified":"2026-01-08T14:58:19","modified_gmt":"2026-01-08T14:58:19","slug":"oldbury-freight-forwarder","status":"publish","type":"page","link":"https:\/\/moverdb.com\/sk\/freight-forwarder\/freight-forwarding-uk\/oldbury-freight-forwarder\/","title":{"rendered":"2 najlep\u0161ie \u0161pedi\u010dn\u00e9 spolo\u010dnosti v Oldbury (2024)"},"content":{"rendered":"<p>Ni\u017e\u0161ie sa pozrieme na 2 <em>\"najlep\u0161ie\"<\/em> \u0160pedi\u010dn\u00e9 firmy v meste Oldbury z celkov\u00e9ho po\u010dtu 4.<\/p>\n<p>Ak sa chcete dozvedie\u0165 viac o tom, ako sme vybrali t\u00fdch najlep\u0161\u00edch, pozrite si na\u0161u sekciu FAQ na konci.<\/p>\n<p><em>Upozor\u0148ujeme, \u017ee nasleduj\u00face zoznamy nie s\u00fa zoraden\u00e9 pod\u013ea konkr\u00e9tneho poradia a neodpor\u00fa\u010dame \u017eiadnu konkr\u00e9tnu spolo\u010dnos\u0165.<\/em><\/p>\n<h2>Imperial Shipping Specialist Ltd<\/h2>\n<p><img decoding=\"async\" src=\"https:\/\/moverdb.com\/wp-content\/uploads\/AF1QipNXd_moDYjBykTItdLfNcnWr7lcT1FQDAQikTKXw426-h240-k-no.jpg\" alt='Imperial Shipping Specialist Ltd' class=\"aligncenter\"><\/p>\n<p><strong>Popis z podniku: <\/strong>Prepravn\u00e9 slu\u017eby od dver\u00ed k dver\u00e1m <a href=\"https:\/\/moverdb.com\/sk\/moving-to-the-uk\/\" data-internallinksmanager029f6b8e52c=\"93\" title=\"S\u0165ahujete sa do Spojen\u00e9ho kr\u00e1\u013eovstva? 2022 \u017divotn\u00e9 n\u00e1klady a tipy na pres\u0165ahovanie\">Spojen\u00e9 kr\u00e1\u013eovstvo<\/a> na <a href=\"https:\/\/moverdb.com\/sk\/moving-companies\/moving-companies-ghana\/\" data-internallinksmanager029f6b8e52c=\"228\" title=\"2 Najlep\u0161ie medzin\u00e1rodn\u00e9 s\u0165ahovacie spolo\u010dnosti v Ghane\">Ghana<\/a>.<\/p>\n<p> Va\u0161e online obchodn\u00e9 potreby uspokoj\u00edme v\u00fdberom z dohodnut\u00fdch miest a skladov.<\/p>\n<p> Podobne aj s\u00fakromn\u00e9 a individu\u00e1lne potreby, od rodinn\u00fdch z\u00e1sob a\u017e po charitat\u00edvne dary, zabezpe\u010duj\u00fa na\u0161i spo\u013eahliv\u00ed, oddan\u00ed a v\u00fdkonn\u00ed pracovn\u00edci.<\/p>\n<p> V spolo\u010dnosti Imperial Shipping Specialist Ltd pova\u017eujeme va\u0161e potreby za splnen\u00e9 od okamihu, ke\u010f si urob\u00edte rezerv\u00e1ciu.<\/p>\n<p> Pokia\u013e ide o doru\u010dovacie slu\u017eby od dver\u00ed k dver\u00e1m, neh\u013eadajte ni\u010d in\u00e9 ako Imperial Shipping Specialist Ltd.<\/p>\n<p><strong>\u010eal\u0161ie slu\u017eby:<\/strong><\/p>\n<p>\u017diadne uveden\u00e9 v zozname<\/p>\n<p><strong>Adresa:<\/strong> 4 Bristam Cl, Oldbury B69 2JP<\/p>\n<p><a href=\"http:\/\/www.imperialshippingspecialist.co.uk\/\" target=\"_new\" rel=\"noopener\">Webov\u00e1 str\u00e1nka Imperial Shipping Specialist Ltd<\/a><\/p>\n<p><strong>Recenzia Sk\u00f3re: <\/strong>4<br \/> <strong>Po\u010det recenzi\u00ed:<\/strong> 4<br \/><a href=\"https:\/\/www.google.co.uk\/maps?cid=11418473626803853044&#038;hl=en&#038;gl=GB\" target=\"_new\" rel=\"noopener\">Pre\u010d\u00edtajte si recenzie<\/a><\/p>\n<h2>Central Freight Services Ltd<\/h2>\n<p><img decoding=\"async\" src=\"https:\/\/moverdb.com\/wp-content\/uploads\/thumbnailpanoiddjGDF7C93oaiFqQZI4FQLwcb_clientsearch.gws-prod.gpsw408h240yaw110.jpg\" alt='Central Freight Services Ltd' class=\"aligncenter\"><\/p>\n<p><strong>Popis z podniku: <\/strong>\u017diadne nie je k dispoz\u00edcii<\/p>\n<p><strong>\u010eal\u0161ie slu\u017eby:<\/strong><\/p>\n<p>\u017diadne uveden\u00e9 v zozname<\/p>\n<p><strong>Adresa:<\/strong> Conway Packing Services, Groveland Rd, Tipton, Oldbury DY4 7UD<\/p>\n<p><a href=\"http:\/\/www.conwaypack.co.uk\/\" target=\"_new\" rel=\"noopener\">Webov\u00e1 str\u00e1nka spolo\u010dnosti Central Freight Services Ltd<\/a><\/p>\n<p><strong>Recenzia Sk\u00f3re: <\/strong>5<br \/> <strong>Po\u010det recenzi\u00ed:<\/strong> 1<br \/><a href=\"https:\/\/www.google.co.uk\/maps?cid=16036613099773486130&#038;hl=en&#038;gl=GB\" target=\"_new\" rel=\"noopener\">Pre\u010d\u00edtajte si recenzie<\/a><\/p>\n<h2>Ako sme vybrali najlep\u0161ie \u0161pedi\u010dn\u00e9 spolo\u010dnosti Oldbury<\/h2>\n<p>Vych\u00e1dzali sme zo s\u00faboru \u00fadajov 4 \u0161pedi\u010dn\u00fdch spolo\u010dnost\u00ed Oldbury, ktor\u00e9 sme na\u0161li na Map\u00e1ch Google, a z\u00fa\u017eili sme ho na 2 najlep\u0161ie.<\/p>\n<p>Na tento \u00fa\u010del sme odstr\u00e1nili v\u0161etky spolo\u010dnosti, ktor\u00e9:<\/p>\n<ul>\n<li> Nemal \u017eiadnu webov\u00fa str\u00e1nku<\/li>\n<li> Nemal \u017eiadne recenzie<\/li>\n<li> Priemern\u00e9 hodnotenie pod 2,0<\/li>\n<\/ul>\n<p>Ak sme v tomto okamihu mali 17 alebo menej odosielate\u013eov, uviedli sme ich v\u0161etk\u00fdch.<\/p>\n<p>V mest\u00e1ch, kde n\u00e1m zostalo viac ako 17 odosielate\u013eov, sme vykonali \u010fal\u0161ie rev\u00edzie bu\u010f zv\u00fd\u0161en\u00edm po\u017eadovan\u00e9ho sk\u00f3re hodnotenia (napr. z minim\u00e1lne 2,0 na 4,0) a\/alebo zv\u00fd\u0161en\u00edm minim\u00e1lneho po\u010dtu po\u017eadovan\u00fdch hodnoten\u00ed (napr. z minim\u00e1lne 1 hodnotenia na minim\u00e1lne 10).<\/p>\n<p>V\u0161imnite si, \u017ee sme pou\u017eili iba \u00fadaje z preh\u013eadu Mapy Google a nie z in\u00fdch webov\u00fdch str\u00e1nok tret\u00edch str\u00e1n.<\/p>\n<p>Viac miest:<\/p>\n<p><a href=\"https:\/\/moverdb.com\/sk\/zasielatelstvo\/freight-forwarding-uk\/chertsey-freight-forwarder\/\">Zasielate\u013estvo Chertsey<\/a><br \/><a href=\"https:\/\/moverdb.com\/sk\/zasielatelstvo\/freight-forwarding-uk\/huntingdon-freight-forwarder\/\">\u0160pedit\u00e9r Huntingdon<\/a><br \/><a href=\"https:\/\/moverdb.com\/sk\/zasielatelstvo\/freight-forwarding-uk\/hornchurch-freight-forwarder\/\">Zasielate\u013estvo Hornchurch<\/a><br \/><a href=\"https:\/\/moverdb.com\/sk\/zasielatelstvo\/freight-forwarding-uk\/pontypridd-freight-forwarder\/\">\u0160pedit\u00e9r Pontypridd<\/a><br \/><a href=\"https:\/\/moverdb.com\/sk\/zasielatelstvo\/freight-forwarding-uk\/shipley-freight-forwarder\/\">Zasielate\u013estvo Shipley<\/a><\/p>","protected":false},"excerpt":{"rendered":"<p>Below we look at the 2 &#8220;best&#8221; Freight Forwarding companies in Oldbury out of 4. To learn more about how we chose the best please consult our FAQ section at the end. Please not the following listings are in no particular order and we are not making any recommendations for any particular company. Imperial Shipping [&hellip;]<\/p>\n","protected":false},"author":1,"featured_media":0,"parent":13427,"menu_order":0,"comment_status":"open","ping_status":"open","template":"","meta":{"_genesis_hide_title":false,"_genesis_hide_breadcrumbs":false,"_genesis_hide_singular_image":false,"_genesis_hide_footer_widgets":false,"_genesis_custom_body_class":"","_genesis_custom_post_class":"","_genesis_layout":"","footnotes":""},"class_list":{"0":"post-14081","1":"page","2":"type-page","3":"status-publish","5":"entry"},"_links":{"self":[{"href":"https:\/\/moverdb.com\/sk\/wp-json\/wp\/v2\/pages\/14081","targetHints":{"allow":["GET"]}}],"collection":[{"href":"https:\/\/moverdb.com\/sk\/wp-json\/wp\/v2\/pages"}],"about":[{"href":"https:\/\/moverdb.com\/sk\/wp-json\/wp\/v2\/types\/page"}],"author":[{"embeddable":true,"href":"https:\/\/moverdb.com\/sk\/wp-json\/wp\/v2\/users\/1"}],"replies":[{"embeddable":true,"href":"https:\/\/moverdb.com\/sk\/wp-json\/wp\/v2\/comments?post=14081"}],"version-history":[{"count":1,"href":"https:\/\/moverdb.com\/sk\/wp-json\/wp\/v2\/pages\/14081\/revisions"}],"predecessor-version":[{"id":15733,"href":"https:\/\/moverdb.com\/sk\/wp-json\/wp\/v2\/pages\/14081\/revisions\/15733"}],"up":[{"embeddable":true,"href":"https:\/\/moverdb.com\/sk\/wp-json\/wp\/v2\/pages\/13427"}],"wp:attachment":[{"href":"https:\/\/moverdb.com\/sk\/wp-json\/wp\/v2\/media?parent=14081"}],"curies":[{"name":"wp","href":"https:\/\/api.w.org\/{rel}","templated":true}]}}