{"id":14072,"date":"2023-11-08T15:54:18","date_gmt":"2023-11-08T15:54:18","guid":{"rendered":"https:\/\/moverdb.com\/freight-forwarder\/freight-forwarding-uk\/uxbridge-freight-forwarder\/"},"modified":"2026-01-08T14:58:39","modified_gmt":"2026-01-08T14:58:39","slug":"uxbridge-freight-forwarder","status":"publish","type":"page","link":"https:\/\/moverdb.com\/sk\/freight-forwarder\/freight-forwarding-uk\/uxbridge-freight-forwarder\/","title":{"rendered":"2 najlep\u0161ie \u0161pedi\u010dn\u00e9 spolo\u010dnosti v Uxbridge (2024)"},"content":{"rendered":"<p>Ni\u017e\u0161ie sa pozrieme na 2 <em>\"najlep\u0161ie\"<\/em> \u0160pedi\u010dn\u00e9 firmy v meste Uxbridge z 8.<\/p>\n<p>Ak sa chcete dozvedie\u0165 viac o tom, ako sme vybrali t\u00fdch najlep\u0161\u00edch, pozrite si na\u0161u sekciu FAQ na konci.<\/p>\n<p><em>Upozor\u0148ujeme, \u017ee nasleduj\u00face zoznamy nie s\u00fa zoraden\u00e9 pod\u013ea konkr\u00e9tneho poradia a neodpor\u00fa\u010dame \u017eiadnu konkr\u00e9tnu spolo\u010dnos\u0165.<\/em><\/p>\n<h2>Havi Global Solutions<\/h2>\n<p><img decoding=\"async\" src=\"https:\/\/moverdb.com\/wp-content\/uploads\/thumbnailpanoid96OeTMuMMFlijN9ZOQC7YAcb_clientsearch.gws-prod.gpsw408h240yaw146.jpg\" alt='Havi Global Solutions' class=\"aligncenter\"><\/p>\n<p><strong>Popis z podniku: <\/strong>\u017diadne nie je k dispoz\u00edcii<\/p>\n<p><strong>\u010eal\u0161ie slu\u017eby:<\/strong><\/p>\n<p>\u017diadne uveden\u00e9 v zozname<\/p>\n<p><strong>Adresa:<\/strong> Furzeground Way, Hayes, Uxbridge UB11 1BY<\/p>\n<p><a href=\"http:\/\/www.havigs.com\/\" target=\"_new\" rel=\"noopener\">Webov\u00e1 str\u00e1nka spolo\u010dnosti Havi Global Solutions<\/a><\/p>\n<p><strong>Recenzia Sk\u00f3re: <\/strong>5<br \/> <strong>Po\u010det recenzi\u00ed:<\/strong> 1<br \/><a href=\"https:\/\/www.google.co.uk\/maps?cid=6663446714020542271&#038;hl=en&#038;gl=GB\" target=\"_new\" rel=\"noopener\">Pre\u010d\u00edtajte si recenzie<\/a><\/p>\n<h2>Zba\u013e a cho\u010f UK<\/h2>\n<p><img decoding=\"async\" src=\"https:\/\/moverdb.com\/wp-content\/uploads\/AF1QipPZ_D9lQYK6wBzefMYZXZX7yN2mlnbOP2OhbOzdw408-h306-k-no.jpg\" alt='Zba\u013e a cho\u010f UK' class=\"aligncenter\"><\/p>\n<p><strong>Popis z podniku: <\/strong>Spolo\u010dnos\u0165 Pack &amp; Go poskytuje rie\u0161enia s <a href=\"https:\/\/moverdb.com\/sk\/international-removals\/\" data-internallinksmanager029f6b8e52c=\"27\" title=\"36 najlep\u0161\u00edch medzin\u00e1rodn\u00fdch s\u0165ahovac\u00edch spolo\u010dnost\u00ed v Spojenom kr\u00e1\u013eovstve\">medzin\u00e1rodn\u00e9 s\u0165ahovanie<\/a> a s\u0165ahovacie slu\u017eby po celom svete od roku 1992.<\/p>\n<p>V\u010faka miestnym \u0161pecialistom v Eur\u00f3pe, Amerike a strategicky umiestnenej glob\u00e1lnej sieti je n\u00e1\u0161 \u00faspech v <a href=\"https:\/\/moverdb.com\/sk\/moving-to-the-uk\/\" data-internallinksmanager029f6b8e52c=\"93\" title=\"S\u0165ahujete sa do Spojen\u00e9ho kr\u00e1\u013eovstva? 2022 \u017divotn\u00e9 n\u00e1klady a tipy na pres\u0165ahovanie\">UK<\/a> a medzin\u00e1rodn\u00e9ho s\u0165ahovania v\u010faka na\u0161im rozsiahlym sk\u00fasenostiam a kvalite na\u0161ej ponuky d\u00f4veryhodn\u00fdch slu\u017eieb.<\/p>\n<p>A Pack &amp; Go fornece solu\u00c3\u00a7\u00c3\u00b5es com remo\u00c3\u00a7\u00c3\u00b5es internacionais e servi\u00c3\u00a7os de realoca\u00c3\u00a7\u00c3\u00a3o <a href=\"https:\/\/moverdb.com\/sk\/eurovan-movers\/\" data-internallinksmanager029f6b8e52c=\"14\" title=\"Vysvetlenie siete Eurovan International Movers Network (EM)\">em<\/a> todo o mundo desde 1992.<\/p>\n<p>Com especialistas locais em toda a Europa, Am\u00c3 \u00e9ricas e uma rede global estrategicamente localizada, nosso sucesso em remo\u00c3\u00a7\u00c3\u00b5es no Reino Unido e internacionais se deve \u00c3 nossa ampla experi\u00c3\u00aancia e \u00c3 qualidade de nossa gama de servi\u00c3\u00a7os confi\u00c3'veis.<\/p>\n<p><strong>\u010eal\u0161ie slu\u017eby:<\/strong><\/p>\n<p>S\u0165ahovacia spolo\u010dnos\u0165<\/p>\n<p>Prepravn\u00e1 slu\u017eba<\/p>\n<p>Dopravn\u00e9 slu\u017eby<\/p>\n<p><strong>Adresa:<\/strong> Unit C, Enterprise House Tomo Industrial Estate, Packet Boat Ln, Cowley, Uxbridge UB8 2JP<\/p>\n<p><a href=\"http:\/\/www.packandgo.co.uk\/\" target=\"_new\" rel=\"noopener\">Webov\u00e1 str\u00e1nka Pack and Go UK<\/a><\/p>\n<p><strong>Recenzia Sk\u00f3re: <\/strong>4.6<br \/> <strong>Po\u010det recenzi\u00ed:<\/strong> 150<br \/><a href=\"https:\/\/www.google.co.uk\/maps?cid=9471743115519837085&#038;hl=en&#038;gl=GB\" target=\"_new\" rel=\"noopener\">Pre\u010d\u00edtajte si recenzie<\/a><\/p>\n<h2>Ako sme vybrali najlep\u0161ie \u0161pedi\u010dn\u00e9 spolo\u010dnosti v Uxbridge<\/h2>\n<p>Vych\u00e1dzali sme zo s\u00faboru \u00fadajov 8 \u0161pedi\u010dn\u00fdch spolo\u010dnost\u00ed z Uxbridge, ktor\u00e9 sme na\u0161li na Map\u00e1ch Google, a z\u00fa\u017eili sme ho na 2 najlep\u0161ie.<\/p>\n<p>Na tento \u00fa\u010del sme odstr\u00e1nili v\u0161etky spolo\u010dnosti, ktor\u00e9:<\/p>\n<ul>\n<li> Nemal \u017eiadnu webov\u00fa str\u00e1nku<\/li>\n<li> Nemal \u017eiadne recenzie<\/li>\n<li> Priemern\u00e9 hodnotenie pod 2,0<\/li>\n<\/ul>\n<p>Ak sme v tomto okamihu mali 17 alebo menej odosielate\u013eov, uviedli sme ich v\u0161etk\u00fdch.<\/p>\n<p>V mest\u00e1ch, kde n\u00e1m zostalo viac ako 17 odosielate\u013eov, sme vykonali \u010fal\u0161ie rev\u00edzie bu\u010f zv\u00fd\u0161en\u00edm po\u017eadovan\u00e9ho sk\u00f3re hodnotenia (napr. z minim\u00e1lne 2,0 na 4,0) a\/alebo zv\u00fd\u0161en\u00edm minim\u00e1lneho po\u010dtu po\u017eadovan\u00fdch hodnoten\u00ed (napr. z minim\u00e1lne 1 hodnotenia na minim\u00e1lne 10).<\/p>\n<p>V\u0161imnite si, \u017ee sme pou\u017eili iba \u00fadaje z preh\u013eadu Mapy Google a nie z in\u00fdch webov\u00fdch str\u00e1nok tret\u00edch str\u00e1n.<\/p>\n<p>Viac miest:<\/p>\n<p><a href=\"https:\/\/moverdb.com\/sk\/zasielatelstvo\/freight-forwarding-uk\/leyland-freight-forwarder\/\">Zasielate\u013estvo Leyland<\/a><br \/><a href=\"https:\/\/moverdb.com\/sk\/zasielatelstvo\/freight-forwarding-uk\/cheadle-freight-forwarder\/\">Zasielate\u013estvo Cheadle<\/a><br \/><a href=\"https:\/\/moverdb.com\/sk\/zasielatelstvo\/freight-forwarding-uk\/oldbury-freight-forwarder\/\">Zasielate\u013estvo Oldbury<\/a><br \/><a href=\"https:\/\/moverdb.com\/sk\/zasielatelstvo\/freight-forwarding-uk\/chertsey-freight-forwarder\/\">Zasielate\u013estvo Chertsey<\/a><br \/><a href=\"https:\/\/moverdb.com\/sk\/zasielatelstvo\/freight-forwarding-uk\/huntingdon-freight-forwarder\/\">\u0160pedit\u00e9r Huntingdon<\/a><\/p>","protected":false},"excerpt":{"rendered":"<p>Below we look at the 2 &#8220;best&#8221; Freight Forwarding companies in Uxbridge out of 8. To learn more about how we chose the best please consult our FAQ section at the end. Please not the following listings are in no particular order and we are not making any recommendations for any particular company. Havi Global [&hellip;]<\/p>\n","protected":false},"author":1,"featured_media":0,"parent":13427,"menu_order":0,"comment_status":"open","ping_status":"open","template":"","meta":{"_genesis_hide_title":false,"_genesis_hide_breadcrumbs":false,"_genesis_hide_singular_image":false,"_genesis_hide_footer_widgets":false,"_genesis_custom_body_class":"","_genesis_custom_post_class":"","_genesis_layout":"","footnotes":""},"class_list":{"0":"post-14072","1":"page","2":"type-page","3":"status-publish","5":"entry"},"_links":{"self":[{"href":"https:\/\/moverdb.com\/sk\/wp-json\/wp\/v2\/pages\/14072","targetHints":{"allow":["GET"]}}],"collection":[{"href":"https:\/\/moverdb.com\/sk\/wp-json\/wp\/v2\/pages"}],"about":[{"href":"https:\/\/moverdb.com\/sk\/wp-json\/wp\/v2\/types\/page"}],"author":[{"embeddable":true,"href":"https:\/\/moverdb.com\/sk\/wp-json\/wp\/v2\/users\/1"}],"replies":[{"embeddable":true,"href":"https:\/\/moverdb.com\/sk\/wp-json\/wp\/v2\/comments?post=14072"}],"version-history":[{"count":1,"href":"https:\/\/moverdb.com\/sk\/wp-json\/wp\/v2\/pages\/14072\/revisions"}],"predecessor-version":[{"id":15752,"href":"https:\/\/moverdb.com\/sk\/wp-json\/wp\/v2\/pages\/14072\/revisions\/15752"}],"up":[{"embeddable":true,"href":"https:\/\/moverdb.com\/sk\/wp-json\/wp\/v2\/pages\/13427"}],"wp:attachment":[{"href":"https:\/\/moverdb.com\/sk\/wp-json\/wp\/v2\/media?parent=14072"}],"curies":[{"name":"wp","href":"https:\/\/api.w.org\/{rel}","templated":true}]}}