{"id":14055,"date":"2023-11-08T15:54:18","date_gmt":"2023-11-08T15:54:18","guid":{"rendered":"https:\/\/moverdb.com\/freight-forwarder\/freight-forwarding-uk\/solihull-freight-forwarder\/"},"modified":"2026-01-08T14:58:33","modified_gmt":"2026-01-08T14:58:33","slug":"solihull-freight-forwarder","status":"publish","type":"page","link":"https:\/\/moverdb.com\/sk\/freight-forwarder\/freight-forwarding-uk\/solihull-freight-forwarder\/","title":{"rendered":"2 Najlep\u0161ie \u0161pedi\u010dn\u00e9 spolo\u010dnosti v Solihulle (2024)"},"content":{"rendered":"<p>Ni\u017e\u0161ie sa pozrieme na 2 <em>\"najlep\u0161ie\"<\/em> \u0160pedi\u010dn\u00e9 firmy v meste Solihull z 5.<\/p>\n<p>Ak sa chcete dozvedie\u0165 viac o tom, ako sme vybrali t\u00fdch najlep\u0161\u00edch, pozrite si na\u0161u sekciu FAQ na konci.<\/p>\n<p><em>Upozor\u0148ujeme, \u017ee nasleduj\u00face zoznamy nie s\u00fa zoraden\u00e9 pod\u013ea konkr\u00e9tneho poradia a neodpor\u00fa\u010dame \u017eiadnu konkr\u00e9tnu spolo\u010dnos\u0165.<\/em><\/p>\n<h2>Harborside Logistics Ltd<\/h2>\n<p><img decoding=\"async\" src=\"https:\/\/moverdb.com\/wp-content\/uploads\/thumbnailpanoidAcNIxxa0qEAJmXaL-kbXiAcb_clientsearch.gws-prod.gpsw408h240yaw80.jpg\" alt='Harborside Logistics Ltd' class=\"aligncenter\"><\/p>\n<p><strong>Popis z podniku: <\/strong>\u017diadne nie je k dispoz\u00edcii<\/p>\n<p><strong>\u010eal\u0161ie slu\u017eby:<\/strong><\/p>\n<p>\u017diadne uveden\u00e9 v zozname<\/p>\n<p><strong>Adresa:<\/strong> Hockley Court, 2401 Stratford Road 2, Hockley Heath, Solihull B94 6NW<\/p>\n<p><a href=\"https:\/\/harborsidelogistics.com\/\" target=\"_new\" rel=\"noopener\">Webov\u00e1 str\u00e1nka spolo\u010dnosti Harborside Logistics Ltd<\/a><\/p>\n<p><strong>Recenzia Sk\u00f3re: <\/strong>5<br \/> <strong>Po\u010det recenzi\u00ed:<\/strong> 1<br \/><a href=\"https:\/\/www.google.co.uk\/maps?cid=10590563758056225346&#038;hl=en&#038;gl=GB\" target=\"_new\" rel=\"noopener\">Pre\u010d\u00edtajte si recenzie<\/a><\/p>\n<h2>Rohlig UK Ltd<\/h2>\n<p><img decoding=\"async\" src=\"https:\/\/moverdb.com\/wp-content\/uploads\/AF1QipPta5tI0CEGVo2HkHXS6EtGyY58nQSjP148cKS4w408-h272-k-no.jpg\" alt='Rohlig UK Ltd' class=\"aligncenter\"><\/p>\n<p><strong>Popis z podniku: <\/strong>\u017diadne nie je k dispoz\u00edcii<\/p>\n<p><strong>\u010eal\u0161ie slu\u017eby:<\/strong><\/p>\n<p>Sklad<\/p>\n<p><strong>Adresa:<\/strong> Jednotka 620 Solar Park, Highlands Road, Solihull B90 4SH<\/p>\n<p><a href=\"https:\/\/www.rohlig.com\/\" target=\"_new\" rel=\"noopener\">Webov\u00e1 str\u00e1nka spolo\u010dnosti Rohlig UK Ltd<\/a><\/p>\n<p><strong>Recenzia Sk\u00f3re: <\/strong>4.1<br \/> <strong>Po\u010det recenzi\u00ed:<\/strong> 17<br \/><a href=\"https:\/\/www.google.co.uk\/maps?cid=15861657556003890055&#038;hl=en&#038;gl=GB\" target=\"_new\" rel=\"noopener\">Pre\u010d\u00edtajte si recenzie<\/a><\/p>\n<h2>Ako sme vybrali najlep\u0161ie \u0161pedi\u010dn\u00e9 spolo\u010dnosti v Solihulle<\/h2>\n<p>Vych\u00e1dzali sme zo s\u00faboru \u00fadajov o 5 \u0161pedi\u010dn\u00fdch spolo\u010dnostiach zo Solihullu, ktor\u00e9 sme na\u0161li na Map\u00e1ch Google, a z\u00fa\u017eili sme ho na 2 najlep\u0161ie.<\/p>\n<p>Na tento \u00fa\u010del sme odstr\u00e1nili v\u0161etky spolo\u010dnosti, ktor\u00e9:<\/p>\n<ul>\n<li> Nemal \u017eiadnu webov\u00fa str\u00e1nku<\/li>\n<li> Nemal \u017eiadne recenzie<\/li>\n<li> Priemern\u00e9 hodnotenie pod 2,0<\/li>\n<\/ul>\n<p>Ak sme v tomto okamihu mali 17 alebo menej odosielate\u013eov, uviedli sme ich v\u0161etk\u00fdch.<\/p>\n<p>V mest\u00e1ch, kde n\u00e1m zostalo viac ako 17 odosielate\u013eov, sme vykonali \u010fal\u0161ie rev\u00edzie bu\u010f zv\u00fd\u0161en\u00edm po\u017eadovan\u00e9ho sk\u00f3re hodnotenia (napr. z minim\u00e1lne 2,0 na 4,0) a\/alebo zv\u00fd\u0161en\u00edm minim\u00e1lneho po\u010dtu po\u017eadovan\u00fdch hodnoten\u00ed (napr. z minim\u00e1lne 1 hodnotenia na minim\u00e1lne 10).<\/p>\n<p>V\u0161imnite si, \u017ee sme pou\u017eili iba \u00fadaje z preh\u013eadu Mapy Google a nie z in\u00fdch webov\u00fdch str\u00e1nok tret\u00edch str\u00e1n.<\/p>\n<p>Viac miest:<\/p>\n<p><a href=\"https:\/\/moverdb.com\/sk\/zasielatelstvo\/freight-forwarding-uk\/cleckheaton-freight-forwarder\/\">\u0160pedit\u00e9r Cleckheaton<\/a><br \/><a href=\"https:\/\/moverdb.com\/sk\/zasielatelstvo\/freight-forwarding-uk\/stanford-le-hope-freight-forwarder\/\">Zasielate\u013estvo Stanford-le-Hope<\/a><br \/><a href=\"https:\/\/moverdb.com\/sk\/zasielatelstvo\/freight-forwarding-uk\/norwich-freight-forwarder\/\">\u0160pedit\u00e9r Norwich<\/a><br \/><a href=\"https:\/\/moverdb.com\/sk\/zasielatelstvo\/freight-forwarding-uk\/sunderland-freight-forwarder\/\">Zasielate\u013estvo Sunderland<\/a><br \/><a href=\"https:\/\/moverdb.com\/sk\/zasielatelstvo\/freight-forwarding-uk\/berkshire-freight-forwarder\/\">Zasielate\u013estvo Berkshire<\/a><\/p>","protected":false},"excerpt":{"rendered":"<p>Below we look at the 2 &#8220;best&#8221; Freight Forwarding companies in Solihull out of 5. To learn more about how we chose the best please consult our FAQ section at the end. Please not the following listings are in no particular order and we are not making any recommendations for any particular company. Harborside Logistics [&hellip;]<\/p>\n","protected":false},"author":1,"featured_media":0,"parent":13427,"menu_order":0,"comment_status":"open","ping_status":"open","template":"","meta":{"_genesis_hide_title":false,"_genesis_hide_breadcrumbs":false,"_genesis_hide_singular_image":false,"_genesis_hide_footer_widgets":false,"_genesis_custom_body_class":"","_genesis_custom_post_class":"","_genesis_layout":"","footnotes":""},"class_list":{"0":"post-14055","1":"page","2":"type-page","3":"status-publish","5":"entry"},"_links":{"self":[{"href":"https:\/\/moverdb.com\/sk\/wp-json\/wp\/v2\/pages\/14055","targetHints":{"allow":["GET"]}}],"collection":[{"href":"https:\/\/moverdb.com\/sk\/wp-json\/wp\/v2\/pages"}],"about":[{"href":"https:\/\/moverdb.com\/sk\/wp-json\/wp\/v2\/types\/page"}],"author":[{"embeddable":true,"href":"https:\/\/moverdb.com\/sk\/wp-json\/wp\/v2\/users\/1"}],"replies":[{"embeddable":true,"href":"https:\/\/moverdb.com\/sk\/wp-json\/wp\/v2\/comments?post=14055"}],"version-history":[{"count":1,"href":"https:\/\/moverdb.com\/sk\/wp-json\/wp\/v2\/pages\/14055\/revisions"}],"predecessor-version":[{"id":15747,"href":"https:\/\/moverdb.com\/sk\/wp-json\/wp\/v2\/pages\/14055\/revisions\/15747"}],"up":[{"embeddable":true,"href":"https:\/\/moverdb.com\/sk\/wp-json\/wp\/v2\/pages\/13427"}],"wp:attachment":[{"href":"https:\/\/moverdb.com\/sk\/wp-json\/wp\/v2\/media?parent=14055"}],"curies":[{"name":"wp","href":"https:\/\/api.w.org\/{rel}","templated":true}]}}