{"id":14043,"date":"2023-11-08T15:54:18","date_gmt":"2023-11-08T15:54:18","guid":{"rendered":"https:\/\/moverdb.com\/freight-forwarder\/freight-forwarding-uk\/wembley-freight-forwarder\/"},"modified":"2026-01-08T14:58:43","modified_gmt":"2026-01-08T14:58:43","slug":"wembley-freight-forwarder","status":"publish","type":"page","link":"https:\/\/moverdb.com\/sk\/freight-forwarder\/freight-forwarding-uk\/wembley-freight-forwarder\/","title":{"rendered":"2 najlep\u0161ie \u0161pedi\u010dn\u00e9 spolo\u010dnosti vo Wembley (2024)"},"content":{"rendered":"<p>Ni\u017e\u0161ie sa pozrieme na 2 <em>\"najlep\u0161ie\"<\/em> \u0160pedi\u010dn\u00e9 firmy v meste Wembley z 8.<\/p>\n<p>Ak sa chcete dozvedie\u0165 viac o tom, ako sme vybrali t\u00fdch najlep\u0161\u00edch, pozrite si na\u0161u sekciu FAQ na konci.<\/p>\n<p><em>Upozor\u0148ujeme, \u017ee nasleduj\u00face zoznamy nie s\u00fa zoraden\u00e9 pod\u013ea konkr\u00e9tneho poradia a neodpor\u00fa\u010dame \u017eiadnu konkr\u00e9tnu spolo\u010dnos\u0165.<\/em><\/p>\n<h2>Air Cargo Global Kenya (www.Kenya-AirCargo.com)<\/h2>\n<p><img decoding=\"async\" src=\"https:\/\/moverdb.com\/wp-content\/uploads\/AF1QipOJY_kDodVzmgJtYC-sWixwmPVY3CyvwDW6i-MZw426-h240-k-no.jpg\" alt='Air Cargo Global Kenya (www.Kenya-AirCargo.com)' class=\"aligncenter\"><\/p>\n<p><strong>Popis z podniku: <\/strong>V spolo\u010dnosti Air Cargo Global <a href=\"https:\/\/moverdb.com\/sk\/moving-companies\/moving-companies-kenya\/\" data-internallinksmanager029f6b8e52c=\"305\" title=\"4 Najlep\u0161ie medzin\u00e1rodn\u00e9 s\u0165ahovacie spolo\u010dnosti v Keni\">Ke\u0148a<\/a> poskytujeme \u0161pi\u010dkov\u00e9 slu\u017eby n\u00e1kladnej dopravy do Kene, ktor\u00e9 s\u00fa n\u00e1kladovo efekt\u00edvne a bezpe\u010dn\u00e9.<\/p>\n<p> Sme hrd\u00ed na to, \u017ee poskytujeme prepravu od dver\u00ed k dver\u00e1m do Kene, \u010di u\u017e potrebujete leteck\u00fa alebo n\u00e1morn\u00fa prepravu osobn\u00fdch vec\u00ed, online n\u00e1kupov, nadbyto\u010dnej bato\u017einy alebo komer\u010dn\u00e9ho n\u00e1kladu.<\/p>\n<p>Pon\u00fakame:<\/p>\n<p>N\u00e1klad do Kene<br \/>\nN\u00e1klad do Zimbabwe<br \/>\nN\u00e1klad do Ugandy<br \/>\nN\u00e1klad do Som\u00e1lska<br \/>\nN\u00e1klad do Afriky<br \/>\nN\u00e1klad do Rwandy<br \/>\nN\u00e1kladn\u00e1 leteck\u00e1 doprava do Angoly<br \/>\nN\u00e1kladn\u00e1 leteck\u00e1 doprava do <a href=\"https:\/\/moverdb.com\/sk\/moving-companies\/burkina-faso-moving-companies\/\" data-internallinksmanager029f6b8e52c=\"221\" title=\"Najlep\u0161ie medzin\u00e1rodn\u00e9 s\u0165ahovacie spolo\u010dnosti v Burkina Faso\">Burkina Faso<\/a><br \/>\nN\u00e1kladn\u00e1 leteck\u00e1 doprava do Beninu<br \/>\nN\u00e1kladn\u00e1 leteck\u00e1 doprava do <a href=\"https:\/\/moverdb.com\/sk\/moving-companies\/botswana-moving-companies\/\" data-internallinksmanager029f6b8e52c=\"167\" title=\"Najlep\u0161ie medzin\u00e1rodn\u00e9 s\u0165ahovacie spolo\u010dnosti v Botswane\">Botswana<\/a><br \/>\nN\u00e1kladn\u00e1 leteck\u00e1 doprava do Stredoafrickej republiky<br \/>\nN\u00e1kladn\u00e1 leteck\u00e1 doprava do Pobre\u017eia Slonoviny<br \/>\nN\u00e1kladn\u00e1 leteck\u00e1 doprava do <a href=\"https:\/\/moverdb.com\/sk\/moving-companies\/cameroon-moving-companies\/\" data-internallinksmanager029f6b8e52c=\"222\" title=\"Najlep\u0161ie medzin\u00e1rodn\u00e9 s\u0165ahovacie spolo\u010dnosti v Kamerune\">Kamerun<\/a><br \/>\nN\u00e1kladn\u00e1 leteck\u00e1 doprava do <a href=\"https:\/\/moverdb.com\/sk\/moving-companies\/algeria\/\" data-internallinksmanager029f6b8e52c=\"166\" title=\"3 najlep\u0161ie medzin\u00e1rodn\u00e9 s\u0165ahovacie spolo\u010dnosti v Al\u017e\u00edrsku\">Al\u017e\u00edrsko<\/a><br \/>\nN\u00e1kladn\u00e1 leteck\u00e1 doprava do <a href=\"https:\/\/moverdb.com\/sk\/moving-companies\/egypt-moving-companies\/\" data-internallinksmanager029f6b8e52c=\"200\" title=\"11 najlep\u0161\u00edch medzin\u00e1rodn\u00fdch s\u0165ahovac\u00edch spolo\u010dnost\u00ed v Egypte\">Egypt<\/a><br \/>\nLeteck\u00e1 preprava do Z\u00e1padnej Sahary<br \/>\nN\u00e1kladn\u00e1 leteck\u00e1 doprava do <a href=\"https:\/\/moverdb.com\/sk\/moving-companies\/moving-companies-ethiopia\/\" data-internallinksmanager029f6b8e52c=\"214\" title=\"5 najlep\u0161\u00edch medzin\u00e1rodn\u00fdch s\u0165ahovac\u00edch spolo\u010dnost\u00ed v Eti\u00f3pii\">Eti\u00f3pia<\/a><br \/>\nN\u00e1kladn\u00e1 leteck\u00e1 doprava do Gabonu<br \/>\nN\u00e1kladn\u00e1 leteck\u00e1 doprava do <a href=\"https:\/\/moverdb.com\/sk\/moving-companies\/moving-companies-ghana\/\" data-internallinksmanager029f6b8e52c=\"228\" title=\"2 Najlep\u0161ie medzin\u00e1rodn\u00e9 s\u0165ahovacie spolo\u010dnosti v Ghane\">Ghana<\/a><br \/>\nN\u00e1kladn\u00e1 leteck\u00e1 doprava do Gambie<\/p>\n<p><strong>\u010eal\u0161ie slu\u017eby:<\/strong><\/p>\n<p>Kuri\u00e9rska slu\u017eba<\/p>\n<p><strong>Adresa:<\/strong> Wembley Park Business Centre, Access, First Way, Wembley HA9 0JD<\/p>\n<p><a href=\"http:\/\/www.kenya-aircargo.com\/\" target=\"_new\" rel=\"noopener\">Webov\u00e1 str\u00e1nka spolo\u010dnosti Air Cargo Global Kenya (www.Kenya-AirCargo.com)<\/a><\/p>\n<p><strong>Recenzia Sk\u00f3re: <\/strong>4.3<br \/> <strong>Po\u010det recenzi\u00ed:<\/strong> 11<br \/><a href=\"https:\/\/www.google.co.uk\/maps?cid=18136524815790858633&#038;hl=en&#038;gl=GB\" target=\"_new\" rel=\"noopener\">Pre\u010d\u00edtajte si recenzie<\/a><\/p>\n<h2>Arab Africa Cargo Ltd (DHL Express, n\u00e1klad na Bl\u00edzky v\u00fdchod, Afrika )<\/h2>\n<p><img decoding=\"async\" src=\"https:\/\/moverdb.com\/wp-content\/uploads\/AF1QipMecEC7NKx9s8WtQBwD4kH-jRmke_zzboxdmd5-w648-h240-k-no.jpg\" alt='Arab Africa Cargo Ltd (DHL Express, n\u00e1klad na Bl\u00edzky v\u00fdchod, Afrika )' class=\"aligncenter\"><\/p>\n<p><strong>Popis z podniku: <\/strong>Arab Africa cargo prev\u00e1dzkuje r\u00fdchlu a bezpe\u010dn\u00fa leteck\u00fa prepravu a slu\u017eby DHL Express z <a href=\"https:\/\/moverdb.com\/sk\/moving-to-the-uk\/\" data-internallinksmanager029f6b8e52c=\"93\" title=\"S\u0165ahujete sa do Spojen\u00e9ho kr\u00e1\u013eovstva? 2022 \u017divotn\u00e9 n\u00e1klady a tipy na pres\u0165ahovanie\">UK<\/a> a Eur\u00f3py na Stredn\u00fd v\u00fdchod, do Afriky, \u00c1zie a zvy\u0161ku sveta.<\/p>\n<p> Poskytujeme kompletn\u00fa ponuku slu\u017eieb na v\u0161etk\u00fdch tras\u00e1ch vr\u00e1tane expresnej a priamej dopravy.<\/p>\n<p> Ak to v\u0161ak \u010das neumo\u017e\u0148uje, sme schopn\u00ed poskytn\u00fa\u0165 aj alternat\u00edvne rie\u0161enia, ako s\u00fa odlo\u017een\u00e9 a konsolidovan\u00e9 slu\u017eby, aby sme zos\u00faladili n\u00e1klady s term\u00ednmi.<\/p>\n<p>Na\u0161im klientom pom\u00e1hame prepravova\u0165 osobn\u00fd a komer\u010dn\u00fd n\u00e1klad, \u010di u\u017e ide o nadbyto\u010dn\u00fa bato\u017einu alebo palety, prostredn\u00edctvom leteckej prepravy do cel\u00e9ho sveta.<\/p>\n<p>+442030027757<\/p>\n<p><strong>\u010eal\u0161ie slu\u017eby:<\/strong><\/p>\n<p>Kuri\u00e9rska slu\u017eba<\/p>\n<p><strong>Adresa:<\/strong> Access Business Centre, First Way, Wembley HA9 0JD<\/p>\n<p><a href=\"http:\/\/arabafricacargo.com\/\" target=\"_new\" rel=\"noopener\">Webov\u00e1 str\u00e1nka Arab Africa Cargo Ltd (DHL Express, Cargo to Middle East, Africa )<\/a><\/p>\n<p><strong>Recenzia Sk\u00f3re: <\/strong>4.5<br \/> <strong>Po\u010det recenzi\u00ed:<\/strong> 8<br \/><a href=\"https:\/\/www.google.co.uk\/maps?cid=2013360732440905948&#038;hl=en&#038;gl=GB\" target=\"_new\" rel=\"noopener\">Pre\u010d\u00edtajte si recenzie<\/a><\/p>\n<h2>Ako sme vybrali najlep\u0161ie \u0161pedi\u010dn\u00e9 spolo\u010dnosti vo Wembley<\/h2>\n<p>Vych\u00e1dzali sme zo s\u00faboru \u00fadajov 8 \u0161pedi\u010dn\u00fdch spolo\u010dnost\u00ed z Wembley, ktor\u00e9 sme na\u0161li na Map\u00e1ch Google, a z\u00fa\u017eili sme ho na 2 najlep\u0161ie.<\/p>\n<p>Na tento \u00fa\u010del sme odstr\u00e1nili v\u0161etky spolo\u010dnosti, ktor\u00e9:<\/p>\n<ul>\n<li> Nemal \u017eiadnu webov\u00fa str\u00e1nku<\/li>\n<li> Nemal \u017eiadne recenzie<\/li>\n<li> Priemern\u00e9 hodnotenie pod 2,0<\/li>\n<\/ul>\n<p>Ak sme v tomto okamihu mali 17 alebo menej odosielate\u013eov, uviedli sme ich v\u0161etk\u00fdch.<\/p>\n<p>V mest\u00e1ch, kde n\u00e1m zostalo viac ako 17 odosielate\u013eov, sme vykonali \u010fal\u0161ie rev\u00edzie bu\u010f zv\u00fd\u0161en\u00edm po\u017eadovan\u00e9ho sk\u00f3re hodnotenia (napr. z minim\u00e1lne 2,0 na 4,0) a\/alebo zv\u00fd\u0161en\u00edm minim\u00e1lneho po\u010dtu po\u017eadovan\u00fdch hodnoten\u00ed (napr. z minim\u00e1lne 1 hodnotenia na minim\u00e1lne 10).<\/p>\n<p>V\u0161imnite si, \u017ee sme pou\u017eili iba \u00fadaje z preh\u013eadu Mapy Google a nie z in\u00fdch webov\u00fdch str\u00e1nok tret\u00edch str\u00e1n.<\/p>\n<p>Viac miest:<\/p>\n<p><a href=\"https:\/\/moverdb.com\/sk\/zasielatelstvo\/freight-forwarding-uk\/hockley-freight-forwarder\/\">Zasielate\u013estvo Hockley<\/a><br \/><a href=\"https:\/\/moverdb.com\/sk\/zasielatelstvo\/freight-forwarding-uk\/fareham-freight-forwarder\/\">Zasielate\u013estvo Fareham<\/a><br \/><a href=\"https:\/\/moverdb.com\/sk\/zasielatelstvo\/freight-forwarding-uk\/normanton-freight-forwarder\/\">\u0160pedit\u00e9r Normanton<\/a><br \/><a href=\"https:\/\/moverdb.com\/sk\/zasielatelstvo\/freight-forwarding-uk\/solihull-freight-forwarder\/\">Zasielate\u013estvo Solihull<\/a><br \/><a href=\"https:\/\/moverdb.com\/sk\/zasielatelstvo\/freight-forwarding-uk\/cleckheaton-freight-forwarder\/\">\u0160pedit\u00e9r Cleckheaton<\/a><\/p>","protected":false},"excerpt":{"rendered":"<p>Below we look at the 2 &#8220;best&#8221; Freight Forwarding companies in Wembley out of 8. To learn more about how we chose the best please consult our FAQ section at the end. Please not the following listings are in no particular order and we are not making any recommendations for any particular company. Air Cargo [&hellip;]<\/p>\n","protected":false},"author":1,"featured_media":0,"parent":13427,"menu_order":0,"comment_status":"open","ping_status":"open","template":"","meta":{"_genesis_hide_title":false,"_genesis_hide_breadcrumbs":false,"_genesis_hide_singular_image":false,"_genesis_hide_footer_widgets":false,"_genesis_custom_body_class":"","_genesis_custom_post_class":"","_genesis_layout":"","footnotes":""},"class_list":{"0":"post-14043","1":"page","2":"type-page","3":"status-publish","5":"entry"},"_links":{"self":[{"href":"https:\/\/moverdb.com\/sk\/wp-json\/wp\/v2\/pages\/14043","targetHints":{"allow":["GET"]}}],"collection":[{"href":"https:\/\/moverdb.com\/sk\/wp-json\/wp\/v2\/pages"}],"about":[{"href":"https:\/\/moverdb.com\/sk\/wp-json\/wp\/v2\/types\/page"}],"author":[{"embeddable":true,"href":"https:\/\/moverdb.com\/sk\/wp-json\/wp\/v2\/users\/1"}],"replies":[{"embeddable":true,"href":"https:\/\/moverdb.com\/sk\/wp-json\/wp\/v2\/comments?post=14043"}],"version-history":[{"count":1,"href":"https:\/\/moverdb.com\/sk\/wp-json\/wp\/v2\/pages\/14043\/revisions"}],"predecessor-version":[{"id":15756,"href":"https:\/\/moverdb.com\/sk\/wp-json\/wp\/v2\/pages\/14043\/revisions\/15756"}],"up":[{"embeddable":true,"href":"https:\/\/moverdb.com\/sk\/wp-json\/wp\/v2\/pages\/13427"}],"wp:attachment":[{"href":"https:\/\/moverdb.com\/sk\/wp-json\/wp\/v2\/media?parent=14043"}],"curies":[{"name":"wp","href":"https:\/\/api.w.org\/{rel}","templated":true}]}}