{"id":14023,"date":"2023-11-08T15:53:54","date_gmt":"2023-11-08T15:53:54","guid":{"rendered":"https:\/\/moverdb.com\/freight-forwarder\/freight-forwarding-uk\/middlesex-freight-forwarder\/"},"modified":"2026-01-08T14:58:10","modified_gmt":"2026-01-08T14:58:10","slug":"middlesex-freight-forwarder","status":"publish","type":"page","link":"https:\/\/moverdb.com\/sk\/freight-forwarder\/freight-forwarding-uk\/middlesex-freight-forwarder\/","title":{"rendered":"2 najlep\u0161ie \u0161pedi\u010dn\u00e9 spolo\u010dnosti v Middlesexe (2024)"},"content":{"rendered":"<p>Ni\u017e\u0161ie sa pozrieme na 2 <em>\"najlep\u0161ie\"<\/em> \u0160pedi\u010dn\u00e9 spolo\u010dnosti v meste Middlesex z 5.<\/p>\n<p>Ak sa chcete dozvedie\u0165 viac o tom, ako sme vybrali t\u00fdch najlep\u0161\u00edch, pozrite si na\u0161u sekciu FAQ na konci.<\/p>\n<p><em>Upozor\u0148ujeme, \u017ee nasleduj\u00face zoznamy nie s\u00fa zoraden\u00e9 pod\u013ea konkr\u00e9tneho poradia a neodpor\u00fa\u010dame \u017eiadnu konkr\u00e9tnu spolo\u010dnos\u0165.<\/em><\/p>\n<h2>J J Freight Solutions Ltd<\/h2>\n<p><img decoding=\"async\" src=\"https:\/\/moverdb.com\/wp-content\/uploads\/AF1QipPvOqLphcc66DJrQp8oQRalNsN9f2KZCrDFOcWew494-h240-k-no.jpg\" alt='J J Freight Solutions Ltd' class=\"aligncenter\"><\/p>\n<p><strong>Popis z podniku: <\/strong>JJ Freight je spolo\u010dnos\u0165, ktor\u00e1 sa etablovala ako jeden z popredn\u00fdch konkurentov v oblasti prepravy nadbyto\u010dnej bato\u017einy a medzin\u00e1rodn\u00e9ho s\u0165ahovania.<\/p>\n<p> Na\u0161a spolo\u010dnos\u0165 dok\u00e1\u017ee zabezpe\u010di\u0165 n\u00e1morn\u00fa, leteck\u00fa alebo cestn\u00fa prepravu tovaru zabalen\u00e9ho majite\u013eom od dver\u00ed k dver\u00e1m po celom svete a dodnes je \u0161pecialistom na tomto trhu.<\/p>\n<p>\u0160pecializujeme sa na prepravu v\u0161etk\u00e9ho od osobn\u00fdch vec\u00ed a dom\u00e1cich mil\u00e1\u010dikov a\u017e po aut\u00e1, motorky at\u010f., pri\u010dom zabezpe\u010dujeme, aby boli v\u0161etky predmety bezpe\u010dne zabalen\u00e9 a na miesto ur\u010denia dorazili v\u010das.<\/p>\n<p><strong>\u010eal\u0161ie slu\u017eby:<\/strong><\/p>\n<p>Kuri\u00e9rska slu\u017eba<\/p>\n<p>Spolo\u010dnos\u0165 zaoberaj\u00faca sa dovozom a v\u00fdvozom<\/p>\n<p>Obchod s obalmi<\/p>\n<p>Dod\u00e1vate\u013esk\u00e1 spolo\u010dnos\u0165<\/p>\n<p>Prepravn\u00e1 slu\u017eba<\/p>\n<p>Dopravn\u00e9 slu\u017eby<\/p>\n<p>V\u00fdvozca vozidiel<\/p>\n<p><strong>Adresa:<\/strong> Jednotka 60, <a href=\"https:\/\/moverdb.com\/sk\/moving-to-phoenix\/\" data-internallinksmanager029f6b8e52c=\"62\" title=\"S\u0165ahujete sa do Phoenixu? 2022 N\u00e1klady na b\u00fdvanie a tipy na pres\u0165ahovanie\">Phoenix<\/a> Distribution Park, Phoenix Way, Heston, Middlesex TW5 9NB<\/p>\n<p><a href=\"http:\/\/www.jjfreight.co.uk\/\" target=\"_new\" rel=\"noopener\">Webov\u00e1 str\u00e1nka spolo\u010dnosti J J Freight Solutions Ltd<\/a><\/p>\n<p><strong>Recenzia Sk\u00f3re: <\/strong>4.8<br \/> <strong>Po\u010det recenzi\u00ed:<\/strong> 4<br \/><a href=\"https:\/\/www.google.co.uk\/maps?cid=17068642107029710430&#038;hl=en&#038;gl=GB\" target=\"_new\" rel=\"noopener\">Pre\u010d\u00edtajte si recenzie<\/a><\/p>\n<h2>Slu\u017eby leteckej podpory<\/h2>\n<p><img decoding=\"async\" src=\"\" alt=\"Slu\u017eby leteckej podpory\" class=\"aligncenter\"><\/p>\n<p><strong>Popis z podniku: <\/strong>\u017diadne nie je k dispoz\u00edcii<\/p>\n<p><strong>\u010eal\u0161ie slu\u017eby:<\/strong><\/p>\n<p>N\u00e1borov\u00fd pracovn\u00edk<\/p>\n<p><strong>Adresa:<\/strong> Northumberland Close, 1. poschodie Westpoint, Stanwell, Middlesex TW19 7LN<\/p>\n<p><a href=\"http:\/\/airuk.net\/\" target=\"_new\" rel=\"noopener\">Webov\u00e1 lokalita Air Support Services<\/a><\/p>\n<p><strong>Recenzia Sk\u00f3re: <\/strong>4.5<br \/> <strong>Po\u010det recenzi\u00ed:<\/strong> 8<br \/><a href=\"https:\/\/www.google.co.uk\/maps?cid=501882555168221795&#038;hl=en&#038;gl=GB\" target=\"_new\" rel=\"noopener\">Pre\u010d\u00edtajte si recenzie<\/a><\/p>\n<h2>Ako sme vybrali najlep\u0161ie \u0161pedi\u010dn\u00e9 spolo\u010dnosti Middlesex<\/h2>\n<p>Za\u010dali sme so s\u00faborom \u00fadajov o 5 \u0161pedi\u010dn\u00fdch spolo\u010dnostiach Middlesex, ktor\u00e9 sme mohli n\u00e1js\u0165 prostredn\u00edctvom Google Maps, a z\u00fa\u017eili sme ho na 2 najlep\u0161ie.<\/p>\n<p>Na tento \u00fa\u010del sme odstr\u00e1nili v\u0161etky spolo\u010dnosti, ktor\u00e9:<\/p>\n<ul>\n<li> Nemal \u017eiadnu webov\u00fa str\u00e1nku<\/li>\n<li> Nemal \u017eiadne recenzie<\/li>\n<li> Priemern\u00e9 hodnotenie pod 2,0<\/li>\n<\/ul>\n<p>Ak sme v tomto okamihu mali 17 alebo menej odosielate\u013eov, uviedli sme ich v\u0161etk\u00fdch.<\/p>\n<p>V mest\u00e1ch, kde n\u00e1m zostalo viac ako 17 odosielate\u013eov, sme vykonali \u010fal\u0161ie rev\u00edzie bu\u010f zv\u00fd\u0161en\u00edm po\u017eadovan\u00e9ho sk\u00f3re hodnotenia (napr. z minim\u00e1lne 2,0 na 4,0) a\/alebo zv\u00fd\u0161en\u00edm minim\u00e1lneho po\u010dtu po\u017eadovan\u00fdch hodnoten\u00ed (napr. z minim\u00e1lne 1 hodnotenia na minim\u00e1lne 10).<\/p>\n<p>V\u0161imnite si, \u017ee sme pou\u017eili iba \u00fadaje z preh\u013eadu Mapy Google a nie z in\u00fdch webov\u00fdch str\u00e1nok tret\u00edch str\u00e1n.<\/p>\n<p>Viac miest:<\/p>\n<p><a href=\"https:\/\/moverdb.com\/sk\/zasielatelstvo\/freight-forwarding-uk\/wisbech-freight-forwarder\/\">Zasielate\u013estvo Wisbech<\/a><br \/><a href=\"https:\/\/moverdb.com\/sk\/zasielatelstvo\/freight-forwarding-uk\/east-cowes-freight-forwarder\/\">\u0160pedit\u00e9r East Cowes<\/a><br \/><a href=\"https:\/\/moverdb.com\/sk\/zasielatelstvo\/freight-forwarding-uk\/bury-freight-forwarder\/\">Zasielate\u013estvo Bury<\/a><br \/><a href=\"https:\/\/moverdb.com\/sk\/zasielatelstvo\/freight-forwarding-uk\/newcastle-upon-tyne-freight-forwarder\/\">Zasielate\u013estvo Newcastle upon Tyne<\/a><br \/><a href=\"https:\/\/moverdb.com\/sk\/zasielatelstvo\/freight-forwarding-uk\/great-yarmouth-freight-forwarder\/\">\u0160pedit\u00e9rska spolo\u010dnos\u0165 Great Yarmouth<\/a><\/p>","protected":false},"excerpt":{"rendered":"<p>Below we look at the 2 &#8220;best&#8221; Freight Forwarding companies in Middlesex out of 5. To learn more about how we chose the best please consult our FAQ section at the end. Please not the following listings are in no particular order and we are not making any recommendations for any particular company. J J [&hellip;]<\/p>\n","protected":false},"author":1,"featured_media":0,"parent":13427,"menu_order":0,"comment_status":"open","ping_status":"open","template":"","meta":{"_genesis_hide_title":false,"_genesis_hide_breadcrumbs":false,"_genesis_hide_singular_image":false,"_genesis_hide_footer_widgets":false,"_genesis_custom_body_class":"","_genesis_custom_post_class":"","_genesis_layout":"","footnotes":""},"class_list":{"0":"post-14023","1":"page","2":"type-page","3":"status-publish","5":"entry"},"_links":{"self":[{"href":"https:\/\/moverdb.com\/sk\/wp-json\/wp\/v2\/pages\/14023","targetHints":{"allow":["GET"]}}],"collection":[{"href":"https:\/\/moverdb.com\/sk\/wp-json\/wp\/v2\/pages"}],"about":[{"href":"https:\/\/moverdb.com\/sk\/wp-json\/wp\/v2\/types\/page"}],"author":[{"embeddable":true,"href":"https:\/\/moverdb.com\/sk\/wp-json\/wp\/v2\/users\/1"}],"replies":[{"embeddable":true,"href":"https:\/\/moverdb.com\/sk\/wp-json\/wp\/v2\/comments?post=14023"}],"version-history":[{"count":1,"href":"https:\/\/moverdb.com\/sk\/wp-json\/wp\/v2\/pages\/14023\/revisions"}],"predecessor-version":[{"id":15728,"href":"https:\/\/moverdb.com\/sk\/wp-json\/wp\/v2\/pages\/14023\/revisions\/15728"}],"up":[{"embeddable":true,"href":"https:\/\/moverdb.com\/sk\/wp-json\/wp\/v2\/pages\/13427"}],"wp:attachment":[{"href":"https:\/\/moverdb.com\/sk\/wp-json\/wp\/v2\/media?parent=14023"}],"curies":[{"name":"wp","href":"https:\/\/api.w.org\/{rel}","templated":true}]}}