{"id":14021,"date":"2023-11-08T15:53:54","date_gmt":"2023-11-08T15:53:54","guid":{"rendered":"https:\/\/moverdb.com\/freight-forwarder\/freight-forwarding-uk\/stockton-on-tees-freight-forwarder\/"},"modified":"2026-05-15T14:59:09","modified_gmt":"2026-05-15T14:59:09","slug":"stockton-on-tees-freight-forwarder","status":"publish","type":"page","link":"https:\/\/moverdb.com\/sk\/freight-forwarder\/freight-forwarding-uk\/stockton-on-tees-freight-forwarder\/","title":{"rendered":"2 Najlep\u0161ie \u0161pedi\u010dn\u00e9 spolo\u010dnosti Stockton-on-Tees (2024)"},"content":{"rendered":"<p>Ni\u017e\u0161ie sa pozrieme na 2 <em>\"najlep\u0161ie\"<\/em> \u0160pedi\u010dn\u00e9 firmy v meste Stockton-on-Tees z 3.<\/p>\n<p>Ak sa chcete dozvedie\u0165 viac o tom, ako sme vybrali t\u00fdch najlep\u0161\u00edch, pozrite si na\u0161u sekciu FAQ na konci.<\/p>\n<p><em>Upozor\u0148ujeme, \u017ee nasleduj\u00face zoznamy nie s\u00fa zoraden\u00e9 pod\u013ea konkr\u00e9tneho poradia a neodpor\u00fa\u010dame \u017eiadnu konkr\u00e9tnu spolo\u010dnos\u0165.<\/em><\/p>\n<h2>Angolcsomag<\/h2>\n<p><img decoding=\"async\" src=\"https:\/\/moverdb.com\/wp-content\/uploads\/AF1QipOryNSdITJEMO39398cLDQZD5hyDZ4CQCNdQFI6w458-h240-k-no.jpg\" alt='Angolcsomag' class=\"aligncenter\"><\/p>\n<p><strong>Popis z podniku: <\/strong>Nemzetk\u00ed csomagsz\u00c3ll\u00c3t\u00c3\u00a1s, k\u0102\u00b6lt\u00c3ztet\u00c3\u00a9s \u00c3\u00a9s rakt\u00c3\u00c2roz\u00c3\u00c3\u00a1s kedvez\u00c5' \u00c3\u00a1rakon.<\/p>\n<p> Ha egy olyan c\u00c3\u00a9get keres, aki t\u00c3\u00b6bb \u00c3\u00a9vtizedes tapasztalattal, probl\u00c3\u00a9mamentesen v\u00c3\u00a9gez csomagsz\u00c3ll\u00c3t\u00c3\u00a1st, k\u00c3\u00b6lt\u00c3ztet\u00c3\u00a9st, akkor ne keresg\u00c3\u00a9ljen tov\u00c3\u00a1bb, hiszen vel\u00c3\u00bcnk biztosra megy! K\u00c3\u00a9rjen \u00c3\u00a1raj\u00c3\u00a1nlatot most! C\u00c3\u00a9lunk az egym\u00c3\u2032st\u00c3\u2032l t\u00c3\u2032vol\u00c3\u2032l\u00c5' csal\u00c3\u2032dtagok, ismer\u00c5's\u00c3\u2032k \u00c3\u00b6sszek\u00c3\u2032t\u00c3\u00a9se! Csomagot akar eljuttatni Angli\u00c3\u00a1ba, Ausztri\u00c3\u00a1ba, N\u00c3\u00a9metorsz\u00c3\u00a1gba, Belgiumba, vagy Hollandi\u00c3\u00a1ba? Megtal\u00c3\u00a1lta a megold\u00c3\u00a1st! Rugalmas megold\u00c3\u00a1sainkat az \u00c3-n ig\u00c3\u00a9nyeihez szabtuk.<\/p>\n<p> V\u00c3\u00a1lassza \u00c3-n is Magyarorsz\u00c3\u00a1g Anglia egyik legkedveltebb csomagsz\u00c3ll\u00c3\u00a1t\u00c3j\u00c3\u00a1t \u00c3\u00a9s k\u00c3\u00b6lt\u00c3sztet\u00c5'j\u00c3\u00a9t!<\/p>\n<p><strong>\u010eal\u0161ie slu\u017eby:<\/strong><\/p>\n<p>\u017diadne uveden\u00e9 v zozname<\/p>\n<p><strong>Adresa:<\/strong> 19 Redbrook Ave, Stockton-on-Tees TS19 9HJ<\/p>\n<p><a href=\"https:\/\/angolcsomag.hu\/\" target=\"_new\" rel=\"noopener\">Webov\u00e1 str\u00e1nka Angolcsomag<\/a><\/p>\n<p><strong>Recenzia Sk\u00f3re: <\/strong>4.3<br \/> <strong>Po\u010det recenzi\u00ed:<\/strong> 4<br \/><a href=\"https:\/\/www.google.co.uk\/maps?cid=4596175838503261878&#038;hl=en&#038;gl=GB\" target=\"_new\" rel=\"noopener\">Pre\u010d\u00edtajte si recenzie<\/a><\/p>\n<h2>Kontajnerov\u00e9 lode<\/h2>\n<p><img decoding=\"async\" src=\"https:\/\/moverdb.com\/wp-content\/uploads\/AF1QipMdrVos0_oLG82D58BbnH2sl2pgOv0-e6dvJqXKw408-h544-k-no.jpg\" alt='Kontajnerov\u00e9 lode' class=\"aligncenter\"><\/p>\n<p><strong>Popis z podniku: <\/strong>\u017diadne nie je k dispoz\u00edcii<\/p>\n<p><strong>\u010eal\u0161ie slu\u017eby:<\/strong><\/p>\n<p>\u017diadne uveden\u00e9 v zozname<\/p>\n<p><strong>Adresa:<\/strong> Haverton Hill Rd, Stockton-on-Tees TS23 1PS<\/p>\n<p><a href=\"http:\/\/www.containerships.eu\/\" target=\"_new\" rel=\"noopener\">Webov\u00e1 str\u00e1nka kontajnerov\u00fdch lod\u00ed<\/a><\/p>\n<p><strong>Recenzia Sk\u00f3re: <\/strong>4.3<br \/> <strong>Po\u010det recenzi\u00ed:<\/strong> 35<br \/><a href=\"https:\/\/www.google.co.uk\/maps?cid=21507042716909697&#038;hl=en&#038;gl=GB\" target=\"_new\" rel=\"noopener\">Pre\u010d\u00edtajte si recenzie<\/a><\/p>\n<h2>Ako sme vybrali najlep\u0161ie \u0161pedi\u010dn\u00e9 spolo\u010dnosti Stockton-on-Tees<\/h2>\n<p>Za\u010dali sme so s\u00faborom \u00fadajov o 3 \u0161pedi\u010dn\u00fdch spolo\u010dnostiach Stockton-on-Tees, ktor\u00e9 sme mohli n\u00e1js\u0165 prostredn\u00edctvom Google Maps, a z\u00fa\u017eili sme ho na 2 najlep\u0161ie.<\/p>\n<p>Na tento \u00fa\u010del sme odstr\u00e1nili v\u0161etky spolo\u010dnosti, ktor\u00e9:<\/p>\n<ul>\n<li> Nemal \u017eiadnu webov\u00fa str\u00e1nku<\/li>\n<li> Nemal \u017eiadne recenzie<\/li>\n<li> Priemern\u00e9 hodnotenie pod 2,0<\/li>\n<\/ul>\n<p>Ak sme v tomto okamihu mali 17 alebo menej odosielate\u013eov, uviedli sme ich v\u0161etk\u00fdch.<\/p>\n<p>V mest\u00e1ch, kde n\u00e1m zostalo viac ako 17 odosielate\u013eov, sme vykonali \u010fal\u0161ie rev\u00edzie bu\u010f zv\u00fd\u0161en\u00edm po\u017eadovan\u00e9ho sk\u00f3re hodnotenia (napr. z minim\u00e1lne 2,0 na 4,0) a\/alebo zv\u00fd\u0161en\u00edm minim\u00e1lneho po\u010dtu po\u017eadovan\u00fdch hodnoten\u00ed (napr. z minim\u00e1lne 1 hodnotenia na minim\u00e1lne 10).<\/p>\n<p>V\u0161imnite si, \u017ee sme pou\u017eili iba \u00fadaje z preh\u013eadu Mapy Google a nie z in\u00fdch webov\u00fdch str\u00e1nok tret\u00edch str\u00e1n.<\/p>\n<p>Viac miest:<\/p>\n<p><a href=\"https:\/\/moverdb.com\/sk\/zasielatelstvo\/freight-forwarding-uk\/middlesex-freight-forwarder\/\">Zasielate\u013estvo Middlesex<\/a><br \/><a href=\"https:\/\/moverdb.com\/sk\/zasielatelstvo\/freight-forwarding-uk\/wisbech-freight-forwarder\/\">Zasielate\u013estvo Wisbech<\/a><br \/><a href=\"https:\/\/moverdb.com\/sk\/zasielatelstvo\/freight-forwarding-uk\/east-cowes-freight-forwarder\/\">\u0160pedit\u00e9r East Cowes<\/a><br \/><a href=\"https:\/\/moverdb.com\/sk\/zasielatelstvo\/freight-forwarding-uk\/bury-freight-forwarder\/\">Zasielate\u013estvo Bury<\/a><br \/><a href=\"https:\/\/moverdb.com\/sk\/zasielatelstvo\/freight-forwarding-uk\/newcastle-upon-tyne-freight-forwarder\/\">Zasielate\u013estvo Newcastle upon Tyne<\/a><\/p>","protected":false},"excerpt":{"rendered":"<p>Below we look at the 2 &#8220;best&#8221; Freight Forwarding companies in Stockton-on-Tees out of 3. To learn more about how we chose the best please consult our FAQ section at the end. Please not the following listings are in no particular order and we are not making any recommendations for any particular company. Angolcsomag Description [&hellip;]<\/p>\n","protected":false},"author":1,"featured_media":0,"parent":13427,"menu_order":0,"comment_status":"open","ping_status":"open","template":"","meta":{"_genesis_hide_title":false,"_genesis_hide_breadcrumbs":false,"_genesis_hide_singular_image":false,"_genesis_hide_footer_widgets":false,"_genesis_custom_body_class":"","_genesis_custom_post_class":"","_genesis_layout":"","footnotes":""},"class_list":{"0":"post-14021","1":"page","2":"type-page","3":"status-publish","5":"entry"},"_links":{"self":[{"href":"https:\/\/moverdb.com\/sk\/wp-json\/wp\/v2\/pages\/14021","targetHints":{"allow":["GET"]}}],"collection":[{"href":"https:\/\/moverdb.com\/sk\/wp-json\/wp\/v2\/pages"}],"about":[{"href":"https:\/\/moverdb.com\/sk\/wp-json\/wp\/v2\/types\/page"}],"author":[{"embeddable":true,"href":"https:\/\/moverdb.com\/sk\/wp-json\/wp\/v2\/users\/1"}],"replies":[{"embeddable":true,"href":"https:\/\/moverdb.com\/sk\/wp-json\/wp\/v2\/comments?post=14021"}],"version-history":[{"count":1,"href":"https:\/\/moverdb.com\/sk\/wp-json\/wp\/v2\/pages\/14021\/revisions"}],"predecessor-version":[{"id":15749,"href":"https:\/\/moverdb.com\/sk\/wp-json\/wp\/v2\/pages\/14021\/revisions\/15749"}],"up":[{"embeddable":true,"href":"https:\/\/moverdb.com\/sk\/wp-json\/wp\/v2\/pages\/13427"}],"wp:attachment":[{"href":"https:\/\/moverdb.com\/sk\/wp-json\/wp\/v2\/media?parent=14021"}],"curies":[{"name":"wp","href":"https:\/\/api.w.org\/{rel}","templated":true}]}}