{"id":14016,"date":"2023-11-08T15:53:54","date_gmt":"2023-11-08T15:53:54","guid":{"rendered":"https:\/\/moverdb.com\/freight-forwarder\/freight-forwarding-uk\/skelmersdale-freight-forwarder\/"},"modified":"2026-01-08T14:58:32","modified_gmt":"2026-01-08T14:58:32","slug":"skelmersdale-freight-forwarder","status":"publish","type":"page","link":"https:\/\/moverdb.com\/sk\/freight-forwarder\/freight-forwarding-uk\/skelmersdale-freight-forwarder\/","title":{"rendered":"2 najlep\u0161ie \u0161pedi\u010dn\u00e9 spolo\u010dnosti v Skelmersdale (2024)"},"content":{"rendered":"<p>Ni\u017e\u0161ie sa pozrieme na 2 <em>\"najlep\u0161ie\"<\/em> \u0160pedi\u010dn\u00e9 firmy v meste Skelmersdale z 2.<\/p>\n<p>Ak sa chcete dozvedie\u0165 viac o tom, ako sme vybrali t\u00fdch najlep\u0161\u00edch, pozrite si na\u0161u sekciu FAQ na konci.<\/p>\n<p><em>Upozor\u0148ujeme, \u017ee nasleduj\u00face zoznamy nie s\u00fa zoraden\u00e9 pod\u013ea konkr\u00e9tneho poradia a neodpor\u00fa\u010dame \u017eiadnu konkr\u00e9tnu spolo\u010dnos\u0165.<\/em><\/p>\n<h2>UKI EXPRESS TRANSPORT LTD<\/h2>\n<p><img decoding=\"async\" src=\"https:\/\/moverdb.com\/wp-content\/uploads\/AF1QipPWY8t8P2kBnqz5wmB_CQ201bXI5ljNxIIJM6Rzw408-h271-k-no.jpg\" alt='UKI EXPRESS TRANSPORT LTD' class=\"aligncenter\"><\/p>\n<p><strong>Popis z podniku: <\/strong>\u017diadne nie je k dispoz\u00edcii<\/p>\n<p><strong>\u010eal\u0161ie slu\u017eby:<\/strong><\/p>\n<p>\u017diadne uveden\u00e9 v zozname<\/p>\n<p><strong>Adresa:<\/strong> Distribu\u010dn\u00e9 centrum M58, Gillibrands Rd, Skelmersdale WN8 9TB<\/p>\n<p><a href=\"http:\/\/www.ukiexpress.com\/\" target=\"_new\" rel=\"noopener\">Webov\u00e1 str\u00e1nka spolo\u010dnosti UKI EXPRESS TRANSPORT LTD<\/a><\/p>\n<p><strong>Recenzia Sk\u00f3re: <\/strong>3.4<br \/> <strong>Po\u010det recenzi\u00ed:<\/strong> 54<br \/><a href=\"https:\/\/www.google.co.uk\/maps?cid=10877584415216437073&#038;hl=en&#038;gl=GB\" target=\"_new\" rel=\"noopener\">Pre\u010d\u00edtajte si recenzie<\/a><\/p>\n<h2>Spolo\u010dnos\u0165 Hemisphere Freight Services Ltd (HFS), pobo\u010dka Liverpool<\/h2>\n<p><img decoding=\"async\" src=\"https:\/\/moverdb.com\/wp-content\/uploads\/AF1QipOVPbkeq702JVZ-rp57aKAxSfl-hS4M8n8tnYNXw408-h272-k-no.jpg\" alt='Spolo\u010dnos\u0165 Hemisphere Freight Services Ltd (HFS), pobo\u010dka Liverpool' class=\"aligncenter\"><\/p>\n<p><strong>Popis z podniku: <\/strong>Na\u0161e skladovacie zariadenie v Skelmersdale m\u00e1 strategick\u00fa polohu pre kontajnerov\u00fd alebo nekontajnerov\u00fd n\u00e1klad, ktor\u00fd odch\u00e1dza alebo prich\u00e1dza do <a href=\"\" data-internallinksmanager029f6b8e52c=\"49\" title=\"Liverpool\">Liverpool<\/a> <a href=\"https:\/\/moverdb.com\/sk\/top-49-container-ports\/\" data-internallinksmanager029f6b8e52c=\"80\" title=\"49 najv\u00e4\u010d\u0161\u00edch a najvy\u0165a\u017eenej\u0161\u00edch kontajnerov\u00fdch pr\u00edstavov v roku 2025\">Pr\u00edstav<\/a> a hlbokovodn\u00fd kontajnerov\u00fd termin\u00e1l Liverpool2 (L2).<\/p>\n<p> Okrem cross-dockingu, skladovania paliet a distrib\u00facie m\u00f4\u017eeme z na\u0161ej prev\u00e1dzky v Skelmersdale pon\u00faknu\u0165 aj slu\u017eby pick and pack a slu\u017eby s pridanou hodnotou (VAS).<\/p>\n<p>Pon\u00fakame \u0161irok\u00fa \u0161k\u00e1lu logistick\u00fdch a prepravn\u00fdch slu\u017eieb, okrem in\u00e9ho cestn\u00fa n\u00e1kladn\u00fa dopravu, leteck\u00fa n\u00e1kladn\u00fa dopravu, n\u00e1morn\u00fa n\u00e1kladn\u00fa dopravu a logistiku, projektov\u00fa logistiku, coln\u00e9 odbavenie, kontajnerov\u00fa prepravu, celkov\u00e9 riadenie logistiky, automobilov\u00fa logistiku, prepravu nebezpe\u010dn\u00e9ho tovaru, logistiku elektronick\u00e9ho obchodu, prepravu energi\u00ed, farmaceutick\u00fa prepravu, logistiku recyklovate\u013en\u00fdch materi\u00e1lov, prepravu neobvykl\u00fdch n\u00e1kladov a \u010fal\u0161ie.<\/p>\n<p><strong>\u010eal\u0161ie slu\u017eby:<\/strong><\/p>\n<p>Coln\u00fd sklad<\/p>\n<p>Logistick\u00e9 slu\u017eby<\/p>\n<p>Sklad<\/p>\n<p><strong>Adresa:<\/strong> 5 Paxton Pl, Skelmersdale WN8 9QH<\/p>\n<p><a href=\"https:\/\/www.hemisphere-freight.com\/contact\/liverpool\/?utm_source=Google&#038;utm_medium=Organic&#038;utm_campaign=Google%20My%20Business\" target=\"_new\" rel=\"noopener\">Webov\u00e1 str\u00e1nka spolo\u010dnosti Hemisphere Freight Services Ltd (HFS) Liverpool Branch<\/a><\/p>\n<p><strong>Recenzia Sk\u00f3re: <\/strong>4.8<br \/> <strong>Po\u010det recenzi\u00ed:<\/strong> 9<br \/><a href=\"https:\/\/www.google.co.uk\/maps?cid=14914104947181205588&#038;hl=en&#038;gl=GB\" target=\"_new\" rel=\"noopener\">Pre\u010d\u00edtajte si recenzie<\/a><\/p>\n<h2>Ako sme vybrali najlep\u0161ie \u0161pedi\u010dn\u00e9 spolo\u010dnosti v Skelmersdale<\/h2>\n<p>Za\u010dali sme so s\u00faborom \u00fadajov o 2 \u0161pedi\u010dn\u00fdch spolo\u010dnostiach Skelmersdale, ktor\u00e9 sme mohli n\u00e1js\u0165 prostredn\u00edctvom Google Maps, a z\u00fa\u017eili sme ho na 2 najlep\u0161ie.<\/p>\n<p>Na tento \u00fa\u010del sme odstr\u00e1nili v\u0161etky spolo\u010dnosti, ktor\u00e9:<\/p>\n<ul>\n<li> Nemal \u017eiadnu webov\u00fa str\u00e1nku<\/li>\n<li> Nemal \u017eiadne recenzie<\/li>\n<li> Priemern\u00e9 hodnotenie pod 2,0<\/li>\n<\/ul>\n<p>Ak sme v tomto okamihu mali 17 alebo menej odosielate\u013eov, uviedli sme ich v\u0161etk\u00fdch.<\/p>\n<p>V mest\u00e1ch, kde n\u00e1m zostalo viac ako 17 odosielate\u013eov, sme vykonali \u010fal\u0161ie rev\u00edzie bu\u010f zv\u00fd\u0161en\u00edm po\u017eadovan\u00e9ho sk\u00f3re hodnotenia (napr. z minim\u00e1lne 2,0 na 4,0) a\/alebo zv\u00fd\u0161en\u00edm minim\u00e1lneho po\u010dtu po\u017eadovan\u00fdch hodnoten\u00ed (napr. z minim\u00e1lne 1 hodnotenia na minim\u00e1lne 10).<\/p>\n<p>V\u0161imnite si, \u017ee sme pou\u017eili iba \u00fadaje z preh\u013eadu Mapy Google a nie z in\u00fdch webov\u00fdch str\u00e1nok tret\u00edch str\u00e1n.<\/p>\n<p>Viac miest:<\/p>\n<p><a href=\"https:\/\/moverdb.com\/sk\/zasielatelstvo\/freight-forwarding-uk\/walsall-freight-forwarder\/\">Zasielate\u013estvo Walsall<\/a><br \/><a href=\"https:\/\/moverdb.com\/sk\/zasielatelstvo\/freight-forwarding-uk\/stockton-on-tees-freight-forwarder\/\">Zasielate\u013estvo Stockton-on-Tees<\/a><br \/><a href=\"https:\/\/moverdb.com\/sk\/zasielatelstvo\/freight-forwarding-uk\/middlesex-freight-forwarder\/\">Zasielate\u013estvo Middlesex<\/a><br \/><a href=\"https:\/\/moverdb.com\/sk\/zasielatelstvo\/freight-forwarding-uk\/wisbech-freight-forwarder\/\">Zasielate\u013estvo Wisbech<\/a><br \/><a href=\"https:\/\/moverdb.com\/sk\/zasielatelstvo\/freight-forwarding-uk\/east-cowes-freight-forwarder\/\">\u0160pedit\u00e9r East Cowes<\/a><\/p>","protected":false},"excerpt":{"rendered":"<p>Below we look at the 2 &#8220;best&#8221; Freight Forwarding companies in Skelmersdale out of 2. To learn more about how we chose the best please consult our FAQ section at the end. Please not the following listings are in no particular order and we are not making any recommendations for any particular company. UKI EXPRESS [&hellip;]<\/p>\n","protected":false},"author":1,"featured_media":0,"parent":13427,"menu_order":0,"comment_status":"open","ping_status":"open","template":"","meta":{"_genesis_hide_title":false,"_genesis_hide_breadcrumbs":false,"_genesis_hide_singular_image":false,"_genesis_hide_footer_widgets":false,"_genesis_custom_body_class":"","_genesis_custom_post_class":"","_genesis_layout":"","footnotes":""},"class_list":{"0":"post-14016","1":"page","2":"type-page","3":"status-publish","5":"entry"},"_links":{"self":[{"href":"https:\/\/moverdb.com\/sk\/wp-json\/wp\/v2\/pages\/14016","targetHints":{"allow":["GET"]}}],"collection":[{"href":"https:\/\/moverdb.com\/sk\/wp-json\/wp\/v2\/pages"}],"about":[{"href":"https:\/\/moverdb.com\/sk\/wp-json\/wp\/v2\/types\/page"}],"author":[{"embeddable":true,"href":"https:\/\/moverdb.com\/sk\/wp-json\/wp\/v2\/users\/1"}],"replies":[{"embeddable":true,"href":"https:\/\/moverdb.com\/sk\/wp-json\/wp\/v2\/comments?post=14016"}],"version-history":[{"count":1,"href":"https:\/\/moverdb.com\/sk\/wp-json\/wp\/v2\/pages\/14016\/revisions"}],"predecessor-version":[{"id":15746,"href":"https:\/\/moverdb.com\/sk\/wp-json\/wp\/v2\/pages\/14016\/revisions\/15746"}],"up":[{"embeddable":true,"href":"https:\/\/moverdb.com\/sk\/wp-json\/wp\/v2\/pages\/13427"}],"wp:attachment":[{"href":"https:\/\/moverdb.com\/sk\/wp-json\/wp\/v2\/media?parent=14016"}],"curies":[{"name":"wp","href":"https:\/\/api.w.org\/{rel}","templated":true}]}}