{"id":14005,"date":"2023-11-08T15:53:54","date_gmt":"2023-11-08T15:53:54","guid":{"rendered":"https:\/\/moverdb.com\/freight-forwarder\/freight-forwarding-uk\/hessle-freight-forwarder\/"},"modified":"2026-01-08T13:17:30","modified_gmt":"2026-01-08T13:17:30","slug":"hessle-freight-forwarder","status":"publish","type":"page","link":"https:\/\/moverdb.com\/sk\/freight-forwarder\/freight-forwarding-uk\/hessle-freight-forwarder\/","title":{"rendered":"3 najlep\u0161ie \u0161pedi\u010dn\u00e9 spolo\u010dnosti v Hessle (2024)"},"content":{"rendered":"<p>Ni\u017e\u0161ie sa pozrieme na 3 <em>\"najlep\u0161ie\"<\/em> \u0160pedi\u010dn\u00e9 spolo\u010dnosti v meste Hessle z celkov\u00e9ho po\u010dtu 4.<\/p>\n<p>Ak sa chcete dozvedie\u0165 viac o tom, ako sme vybrali t\u00fdch najlep\u0161\u00edch, pozrite si na\u0161u sekciu FAQ na konci.<\/p>\n<p><em>Upozor\u0148ujeme, \u017ee nasleduj\u00face zoznamy nie s\u00fa zoraden\u00e9 pod\u013ea konkr\u00e9tneho poradia a neodpor\u00fa\u010dame \u017eiadnu konkr\u00e9tnu spolo\u010dnos\u0165.<\/em><\/p>\n<div id=\"ez-toc-container\" class=\"ez-toc-v2_0_82_2 ez-toc-wrap-left counter-hierarchy ez-toc-counter ez-toc-transparent ez-toc-container-direction\">\n<div class=\"ez-toc-title-container\">\n<p class=\"ez-toc-title\" style=\"cursor:inherit\">Sekcie<\/p>\n<span class=\"ez-toc-title-toggle\"><a href=\"#\" class=\"ez-toc-pull-right ez-toc-btn ez-toc-btn-xs ez-toc-btn-default ez-toc-toggle\" aria-label=\"Prep\u00ednanie tabu\u013eky obsahu\"><span class=\"ez-toc-js-icon-con\"><span class=\"\"><span class=\"eztoc-hide\" style=\"display:none;\">Prep\u00edna\u010d<\/span><span class=\"ez-toc-icon-toggle-span\"><svg style=\"fill: #999;color:#999\" xmlns=\"http:\/\/www.w3.org\/2000\/svg\" class=\"list-377408\" width=\"20px\" height=\"20px\" viewbox=\"0 0 24 24\" fill=\"none\"><path d=\"M6 6H4v2h2V6zm14 0H8v2h12V6zM4 11h2v2H4v-2zm16 0H8v2h12v-2zM4 16h2v2H4v-2zm16 0H8v2h12v-2z\" fill=\"currentColor\"><\/path><\/svg><svg style=\"fill: #999;color:#999\" class=\"arrow-unsorted-368013\" xmlns=\"http:\/\/www.w3.org\/2000\/svg\" width=\"10px\" height=\"10px\" viewbox=\"0 0 24 24\" version=\"1.2\" baseprofile=\"tiny\"><path d=\"M18.2 9.3l-6.2-6.3-6.2 6.3c-.2.2-.3.4-.3.7s.1.5.3.7c.2.2.4.3.7.3h11c.3 0 .5-.1.7-.3.2-.2.3-.5.3-.7s-.1-.5-.3-.7zM5.8 14.7l6.2 6.3 6.2-6.3c.2-.2.3-.5.3-.7s-.1-.5-.3-.7c-.2-.2-.4-.3-.7-.3h-11c-.3 0-.5.1-.7.3-.2.2-.3.5-.3.7s.1.5.3.7z\"\/><\/svg><\/span><\/span><\/span><\/a><\/span><\/div>\n<nav><ul class='ez-toc-list ez-toc-list-level-1 eztoc-toggle-hide-by-default' ><li class='ez-toc-page-1 ez-toc-heading-level-2'><a class=\"ez-toc-link ez-toc-heading-1\" href=\"https:\/\/moverdb.com\/sk\/freight-forwarder\/freight-forwarding-uk\/hessle-freight-forwarder\/#Relay_Port_Agency_Ltd\" >\u0160tafetov\u00e1 pr\u00edstavn\u00e1 agent\u00fara Ltd<\/a><\/li><li class='ez-toc-page-1 ez-toc-heading-level-2'><a class=\"ez-toc-link ez-toc-heading-2\" href=\"https:\/\/moverdb.com\/sk\/freight-forwarder\/freight-forwarding-uk\/hessle-freight-forwarder\/#Kingstown_Shipping_Ltd\" >Kingstown Shipping Ltd<\/a><\/li><li class='ez-toc-page-1 ez-toc-heading-level-2'><a class=\"ez-toc-link ez-toc-heading-3\" href=\"https:\/\/moverdb.com\/sk\/freight-forwarder\/freight-forwarding-uk\/hessle-freight-forwarder\/#Good_Logistics\" >Dobr\u00e1 logistika<\/a><\/li><li class='ez-toc-page-1 ez-toc-heading-level-2'><a class=\"ez-toc-link ez-toc-heading-4\" href=\"https:\/\/moverdb.com\/sk\/freight-forwarder\/freight-forwarding-uk\/hessle-freight-forwarder\/#How_we_picked_the_best_Hessle_Freight_Forwarding_Companies\" >Ako sme vybrali najlep\u0161ie \u0161pedi\u010dn\u00e9 spolo\u010dnosti v meste Hessle<\/a><\/li><\/ul><\/nav><\/div>\n<h2><span class=\"ez-toc-section\" id=\"Relay_Port_Agency_Ltd\"><\/span>\u0160tafetov\u00e1 pr\u00edstavn\u00e1 agent\u00fara Ltd<span class=\"ez-toc-section-end\"><\/span><\/h2>\n<p><img decoding=\"async\" src=\"https:\/\/moverdb.com\/wp-content\/uploads\/thumbnailpanoid6tMeNzKCMJqNslBSF-n76Acb_clientsearch.gws-prod.gpsw408h240yaw310.jpg\" alt='\u0160tafetov\u00e1 pr\u00edstavn\u00e1 agent\u00fara Ltd' class=\"aligncenter\"><\/p>\n<p><strong>Popis z podniku: <\/strong>\u017diadne nie je k dispoz\u00edcii<\/p>\n<p><strong>\u010eal\u0161ie slu\u017eby:<\/strong><\/p>\n<p>\u017diadne uveden\u00e9 v zozname<\/p>\n<p><strong>Adresa:<\/strong> 14 Livingstone Rd, Hessle HU13 0EG<\/p>\n<p><a href=\"https:\/\/www.relayportagency.co.uk\/\" target=\"_new\" rel=\"noopener\">Webov\u00e1 str\u00e1nka spolo\u010dnosti Relay Port Agency Ltd<\/a><\/p>\n<p><strong>Recenzia Sk\u00f3re: <\/strong>4.5<br \/> <strong>Po\u010det recenzi\u00ed:<\/strong> 2<br \/><a href=\"https:\/\/www.google.co.uk\/maps?cid=2907098090127497545&#038;hl=en&#038;gl=GB\" target=\"_new\" rel=\"noopener\">Pre\u010d\u00edtajte si recenzie<\/a><\/p>\n<h2><span class=\"ez-toc-section\" id=\"Kingstown_Shipping_Ltd\"><\/span>Kingstown Shipping Ltd<span class=\"ez-toc-section-end\"><\/span><\/h2>\n<p><img decoding=\"async\" src=\"https:\/\/moverdb.com\/wp-content\/uploads\/AF1QipPYw-Jsg_FXvlknQdxKlq3g_QmUkdtKc_f7FkQZw408-h544-k-no.jpg\" alt='Kingstown Shipping Ltd' class=\"aligncenter\"><\/p>\n<p><strong>Popis z podniku: <\/strong>\u017diadne nie je k dispoz\u00edcii<\/p>\n<p><strong>\u010eal\u0161ie slu\u017eby:<\/strong><\/p>\n<p>Prepravn\u00e1 slu\u017eba<\/p>\n<p><strong>Adresa:<\/strong> 7d Priory Tec Pk, Hessle HU13 9PB<\/p>\n<p><a href=\"http:\/\/www.kingstown-shipping.co.uk\/\" target=\"_new\" rel=\"noopener\">Webov\u00e1 str\u00e1nka spolo\u010dnosti Kingstown Shipping Ltd<\/a><\/p>\n<p><strong>Recenzia Sk\u00f3re: <\/strong>4.7<br \/> <strong>Po\u010det recenzi\u00ed:<\/strong> 33<br \/><a href=\"https:\/\/www.google.co.uk\/maps?cid=17023286590926251764&#038;hl=en&#038;gl=GB\" target=\"_new\" rel=\"noopener\">Pre\u010d\u00edtajte si recenzie<\/a><\/p>\n<h2><span class=\"ez-toc-section\" id=\"Good_Logistics\"><\/span>Dobr\u00e1 logistika<span class=\"ez-toc-section-end\"><\/span><\/h2>\n<p><img decoding=\"async\" src=\"https:\/\/moverdb.com\/wp-content\/uploads\/AF1QipMH8pbT6Ph5eKeoGbdh49vVMjLoG5E-N13MM91ew408-h306-k-no.jpg\" alt='Dobr\u00e1 logistika' class=\"aligncenter\"><\/p>\n<p><strong>Popis z podniku: <\/strong>Good Logistics je ocenen\u00fd \u0161pedi\u010dn\u00fd a logistick\u00fd partner, ktor\u00e9mu d\u00f4veruj\u00fa stovky mal\u00fdch, stredn\u00fdch a ve\u013ek\u00fdch podnikov.<\/p>\n<p> V\u010faka na\u0161im efekt\u00edvnym rie\u0161eniam sa va\u0161e produkty dostan\u00fa z bodu A do bodu B v\u010das, \u010di u\u017e po mori, letecky alebo po zemi.<\/p>\n<p> V\u010faka na\u0161im vynikaj\u00facim skladov\u00fdm a distribu\u010dn\u00fdm rie\u0161eniam sa postar\u00e1me aj o bezpe\u010dnos\u0165 va\u0161ich v\u00fdrobkov.<\/p>\n<p> Okrem toho m\u00e1me t\u00edm, ktor\u00fd sa star\u00e1 o r\u00fdchle a \u00faspe\u0161n\u00e9 coln\u00e9 odbavenie v\u00e1\u0161ho tovaru.<\/p>\n<p> Ak potrebujete slu\u017eby dovozu a v\u00fdvozu do E\u00da, na\u0161i \u0161pecializovan\u00ed odborn\u00edci sa postaraj\u00fa o v\u00e1\u0161 tovar, od skladovania, distrib\u00facie a\u017e po coln\u00e9 odbavenie v r\u00e1mci kontinentu.<\/p>\n<p><strong>\u010eal\u0161ie slu\u017eby:<\/strong><\/p>\n<p>Dod\u00e1vkov\u00e1 slu\u017eba<\/p>\n<p>Logistick\u00e9 slu\u017eby<\/p>\n<p>Dod\u00e1vate\u013esk\u00e1 spolo\u010dnos\u0165<\/p>\n<p><strong>Adresa:<\/strong> Matthew Good House, Orchid Rd, Hessle HU13 0DH<\/p>\n<p><a href=\"https:\/\/goodlogisticsgroup.com\/\" target=\"_new\" rel=\"noopener\">Dobr\u00e1 webov\u00e1 str\u00e1nka logistiky<\/a><\/p>\n<p><strong>Recenzia Sk\u00f3re: <\/strong>5<br \/> <strong>Po\u010det recenzi\u00ed:<\/strong> 4<br \/><a href=\"https:\/\/www.google.co.uk\/maps?cid=17729442690011202809&#038;hl=en&#038;gl=GB\" target=\"_new\" rel=\"noopener\">Pre\u010d\u00edtajte si recenzie<\/a><\/p>\n<h2><span class=\"ez-toc-section\" id=\"How_we_picked_the_best_Hessle_Freight_Forwarding_Companies\"><\/span>Ako sme vybrali najlep\u0161ie \u0161pedi\u010dn\u00e9 spolo\u010dnosti v meste Hessle<span class=\"ez-toc-section-end\"><\/span><\/h2>\n<p>Vych\u00e1dzali sme zo s\u00faboru \u00fadajov 4 \u0161pedi\u010dn\u00fdch spolo\u010dnost\u00ed z mesta Hessle, ktor\u00e9 sme na\u0161li na Map\u00e1ch Google, a z\u00fa\u017eili sme ho na 3 najlep\u0161ie.<\/p>\n<p>Na tento \u00fa\u010del sme odstr\u00e1nili v\u0161etky spolo\u010dnosti, ktor\u00e9:<\/p>\n<ul>\n<li> Nemal \u017eiadnu webov\u00fa str\u00e1nku<\/li>\n<li> Nemal \u017eiadne recenzie<\/li>\n<li> Priemern\u00e9 hodnotenie pod 2,0<\/li>\n<\/ul>\n<p>Ak sme v tomto okamihu mali 17 alebo menej odosielate\u013eov, uviedli sme ich v\u0161etk\u00fdch.<\/p>\n<p>V mest\u00e1ch, kde n\u00e1m zostalo viac ako 17 odosielate\u013eov, sme vykonali \u010fal\u0161ie rev\u00edzie bu\u010f zv\u00fd\u0161en\u00edm po\u017eadovan\u00e9ho sk\u00f3re hodnotenia (napr. z minim\u00e1lne 2,0 na 4,0) a\/alebo zv\u00fd\u0161en\u00edm minim\u00e1lneho po\u010dtu po\u017eadovan\u00fdch hodnoten\u00ed (napr. z minim\u00e1lne 1 hodnotenia na minim\u00e1lne 10).<\/p>\n<p>V\u0161imnite si, \u017ee sme pou\u017eili iba \u00fadaje z preh\u013eadu Mapy Google a nie z in\u00fdch webov\u00fdch str\u00e1nok tret\u00edch str\u00e1n.<\/p>\n<p>Viac miest:<\/p>\n<p><a href=\"https:\/\/moverdb.com\/sk\/zasielatelstvo\/freight-forwarding-uk\/newtownabbey-freight-forwarder\/\">Zasielate\u013estvo Newtownabbey<\/a><br \/><a href=\"https:\/\/moverdb.com\/sk\/zasielatelstvo\/freight-forwarding-uk\/preston-freight-forwarder\/\">\u0160pedit\u00e9rska spolo\u010dnos\u0165 Preston<\/a><br \/><a href=\"https:\/\/moverdb.com\/sk\/zasielatelstvo\/freight-forwarding-uk\/skelmersdale-freight-forwarder\/\">Zasielate\u013estvo Skelmersdale<\/a><br \/><a href=\"https:\/\/moverdb.com\/sk\/zasielatelstvo\/freight-forwarding-uk\/walsall-freight-forwarder\/\">Zasielate\u013estvo Walsall<\/a><br \/><a href=\"https:\/\/moverdb.com\/sk\/zasielatelstvo\/freight-forwarding-uk\/stockton-on-tees-freight-forwarder\/\">Zasielate\u013estvo Stockton-on-Tees<\/a><\/p>","protected":false},"excerpt":{"rendered":"<p>Below we look at the 3 &#8220;best&#8221; Freight Forwarding companies in Hessle out of 4. To learn more about how we chose the best please consult our FAQ section at the end. Please not the following listings are in no particular order and we are not making any recommendations for any particular company. Relay Port [&hellip;]<\/p>\n","protected":false},"author":1,"featured_media":0,"parent":13427,"menu_order":0,"comment_status":"open","ping_status":"open","template":"","meta":{"_genesis_hide_title":false,"_genesis_hide_breadcrumbs":false,"_genesis_hide_singular_image":false,"_genesis_hide_footer_widgets":false,"_genesis_custom_body_class":"","_genesis_custom_post_class":"","_genesis_layout":"","footnotes":""},"class_list":{"0":"post-14005","1":"page","2":"type-page","3":"status-publish","5":"entry"},"_links":{"self":[{"href":"https:\/\/moverdb.com\/sk\/wp-json\/wp\/v2\/pages\/14005","targetHints":{"allow":["GET"]}}],"collection":[{"href":"https:\/\/moverdb.com\/sk\/wp-json\/wp\/v2\/pages"}],"about":[{"href":"https:\/\/moverdb.com\/sk\/wp-json\/wp\/v2\/types\/page"}],"author":[{"embeddable":true,"href":"https:\/\/moverdb.com\/sk\/wp-json\/wp\/v2\/users\/1"}],"replies":[{"embeddable":true,"href":"https:\/\/moverdb.com\/sk\/wp-json\/wp\/v2\/comments?post=14005"}],"version-history":[{"count":1,"href":"https:\/\/moverdb.com\/sk\/wp-json\/wp\/v2\/pages\/14005\/revisions"}],"predecessor-version":[{"id":15766,"href":"https:\/\/moverdb.com\/sk\/wp-json\/wp\/v2\/pages\/14005\/revisions\/15766"}],"up":[{"embeddable":true,"href":"https:\/\/moverdb.com\/sk\/wp-json\/wp\/v2\/pages\/13427"}],"wp:attachment":[{"href":"https:\/\/moverdb.com\/sk\/wp-json\/wp\/v2\/media?parent=14005"}],"curies":[{"name":"wp","href":"https:\/\/api.w.org\/{rel}","templated":true}]}}