{"id":13969,"date":"2023-11-08T15:53:54","date_gmt":"2023-11-08T15:53:54","guid":{"rendered":"https:\/\/moverdb.com\/freight-forwarder\/freight-forwarding-uk\/iver-freight-forwarder\/"},"modified":"2026-01-08T13:17:35","modified_gmt":"2026-01-08T13:17:35","slug":"iver-freight-forwarder","status":"publish","type":"page","link":"https:\/\/moverdb.com\/sk\/freight-forwarder\/freight-forwarding-uk\/iver-freight-forwarder\/","title":{"rendered":"3 najlep\u0161ie \u0161pedi\u010dn\u00e9 spolo\u010dnosti v Iveri (2024)"},"content":{"rendered":"<p>Ni\u017e\u0161ie sa pozrieme na 3 <em>\"najlep\u0161ie\"<\/em> \u0160pedi\u010dn\u00e9 firmy v meste Iver z celkov\u00e9ho po\u010dtu 7.<\/p>\n<p>Ak sa chcete dozvedie\u0165 viac o tom, ako sme vybrali t\u00fdch najlep\u0161\u00edch, pozrite si na\u0161u sekciu FAQ na konci.<\/p>\n<p><em>Upozor\u0148ujeme, \u017ee nasleduj\u00face zoznamy nie s\u00fa zoraden\u00e9 pod\u013ea konkr\u00e9tneho poradia a neodpor\u00fa\u010dame \u017eiadnu konkr\u00e9tnu spolo\u010dnos\u0165.<\/em><\/p>\n<div id=\"ez-toc-container\" class=\"ez-toc-v2_0_82_2 ez-toc-wrap-left counter-hierarchy ez-toc-counter ez-toc-transparent ez-toc-container-direction\">\n<div class=\"ez-toc-title-container\">\n<p class=\"ez-toc-title\" style=\"cursor:inherit\">Sekcie<\/p>\n<span class=\"ez-toc-title-toggle\"><a href=\"#\" class=\"ez-toc-pull-right ez-toc-btn ez-toc-btn-xs ez-toc-btn-default ez-toc-toggle\" aria-label=\"Prep\u00ednanie tabu\u013eky obsahu\"><span class=\"ez-toc-js-icon-con\"><span class=\"\"><span class=\"eztoc-hide\" style=\"display:none;\">Prep\u00edna\u010d<\/span><span class=\"ez-toc-icon-toggle-span\"><svg style=\"fill: #999;color:#999\" xmlns=\"http:\/\/www.w3.org\/2000\/svg\" class=\"list-377408\" width=\"20px\" height=\"20px\" viewbox=\"0 0 24 24\" fill=\"none\"><path d=\"M6 6H4v2h2V6zm14 0H8v2h12V6zM4 11h2v2H4v-2zm16 0H8v2h12v-2zM4 16h2v2H4v-2zm16 0H8v2h12v-2z\" fill=\"currentColor\"><\/path><\/svg><svg style=\"fill: #999;color:#999\" class=\"arrow-unsorted-368013\" xmlns=\"http:\/\/www.w3.org\/2000\/svg\" width=\"10px\" height=\"10px\" viewbox=\"0 0 24 24\" version=\"1.2\" baseprofile=\"tiny\"><path d=\"M18.2 9.3l-6.2-6.3-6.2 6.3c-.2.2-.3.4-.3.7s.1.5.3.7c.2.2.4.3.7.3h11c.3 0 .5-.1.7-.3.2-.2.3-.5.3-.7s-.1-.5-.3-.7zM5.8 14.7l6.2 6.3 6.2-6.3c.2-.2.3-.5.3-.7s-.1-.5-.3-.7c-.2-.2-.4-.3-.7-.3h-11c-.3 0-.5.1-.7.3-.2.2-.3.5-.3.7s.1.5.3.7z\"\/><\/svg><\/span><\/span><\/span><\/a><\/span><\/div>\n<nav><ul class='ez-toc-list ez-toc-list-level-1 eztoc-toggle-hide-by-default' ><li class='ez-toc-page-1 ez-toc-heading-level-2'><a class=\"ez-toc-link ez-toc-heading-1\" href=\"https:\/\/moverdb.com\/sk\/freight-forwarder\/freight-forwarding-uk\/iver-freight-forwarder\/#Clarity_Cargo_Limited\" >Clarity Cargo Limited<\/a><\/li><li class='ez-toc-page-1 ez-toc-heading-level-2'><a class=\"ez-toc-link ez-toc-heading-2\" href=\"https:\/\/moverdb.com\/sk\/freight-forwarder\/freight-forwarding-uk\/iver-freight-forwarder\/#Telenet_Global_Logistics\" >Telenet Global Logistics<\/a><\/li><li class='ez-toc-page-1 ez-toc-heading-level-2'><a class=\"ez-toc-link ez-toc-heading-3\" href=\"https:\/\/moverdb.com\/sk\/freight-forwarder\/freight-forwarding-uk\/iver-freight-forwarder\/#Rhodes_Freight_Services_Ltd\" >Rhodes Freight Services Ltd<\/a><\/li><li class='ez-toc-page-1 ez-toc-heading-level-2'><a class=\"ez-toc-link ez-toc-heading-4\" href=\"https:\/\/moverdb.com\/sk\/freight-forwarder\/freight-forwarding-uk\/iver-freight-forwarder\/#How_we_picked_the_best_Iver_Freight_Forwarding_Companies\" >Ako sme vybrali najlep\u0161ie \u0161pedi\u010dn\u00e9 spolo\u010dnosti Iver<\/a><\/li><\/ul><\/nav><\/div>\n<h2><span class=\"ez-toc-section\" id=\"Clarity_Cargo_Limited\"><\/span>Clarity Cargo Limited<span class=\"ez-toc-section-end\"><\/span><\/h2>\n<p><img decoding=\"async\" src=\"https:\/\/moverdb.com\/wp-content\/uploads\/AF1QipP0oec1jy_H0NUSuZWNhSBk7JlRXh_oWLGNdgDew408-h290-k-no.jpg\" alt='Clarity Cargo Limited' class=\"aligncenter\"><\/p>\n<p><strong>Popis z podniku: <\/strong>Clarity Cargo Limited je denn\u00e1 <a href=\"https:\/\/moverdb.com\/sk\/moving-to-ireland\/\" data-internallinksmanager029f6b8e52c=\"320\" title=\"S\u0165ahujete sa do \u00cdrska? 2026 N\u00e1klady na b\u00fdvanie a tipy na pres\u0165ahovanie\">\u00cdrsko<\/a> a Eur\u00f3pska expresn\u00e1 slu\u017eba prepravy paliet v Lond\u00fdne.<\/p>\n<p> Na\u0161a logistick\u00e1 slu\u017eba pon\u00faka 24-hodinov\u00e9 dod\u00e1vky do \u00cdrska.<\/p>\n<p> V\u010faka inteligentn\u00e9mu syst\u00e9mu sledovania na\u0161ich vozidiel a najmodernej\u0161iemu vybaveniu poskytujeme bezpe\u010dn\u00e9 a pl\u00e1novan\u00e9 expresn\u00e9 doru\u010dovanie v mnoh\u00fdch eur\u00f3pskych krajin\u00e1ch.<\/p>\n<p> Spolo\u010dnos\u0165 Clarity Cargo v\u00e1m pon\u00faka najlep\u0161iu mo\u017enos\u0165, ako zabezpe\u010di\u0165 optim\u00e1lne slu\u017eby pre va\u0161ich z\u00e1kazn\u00edkov.<\/p>\n<p> Vyu\u017eite v\u00fdhody na\u0161ich kompletn\u00fdch intern\u00fdch slu\u017eieb coln\u00e9ho konania a expresn\u00fdch dod\u00e1vok paliet do ju\u017en\u00e9ho \u00cdrska a Eur\u00f3py.<\/p>\n<p> Zv\u00fd\u0161te svoj predaj na roz\u0161\u00edrenom \u00edrskom trhu v\u010faka na\u0161ej r\u00fdchlej, pohodlnej a cenovo dostupnej expresnej distrib\u00facii paliet.<\/p>\n<p> Ka\u017ed\u00e1 prepravovan\u00e1 z\u00e1sielka je v syst\u00e9me sledovania Clarity, ktor\u00fd zabezpe\u010duje dynamick\u00fd pohyb vo va\u0161om mene.<\/p>\n<p><strong>\u010eal\u0161ie slu\u017eby:<\/strong><\/p>\n<p>Dod\u00e1vate\u013esk\u00e1 spolo\u010dnos\u0165<\/p>\n<p>Dopravn\u00e9 slu\u017eby<\/p>\n<p><strong>Adresa:<\/strong> Unit 2a, 2b The Ridgeway, Iver SL0 9JQ<\/p>\n<p><a href=\"https:\/\/www.claritycargo.com\/\" target=\"_new\" rel=\"noopener\">Webov\u00e1 str\u00e1nka spolo\u010dnosti Clarity Cargo Limited<\/a><\/p>\n<p><strong>Recenzia Sk\u00f3re: <\/strong>5<br \/> <strong>Po\u010det recenzi\u00ed:<\/strong> 38<br \/><a href=\"https:\/\/www.google.co.uk\/maps?cid=10874642115702949340&#038;hl=en&#038;gl=GB\" target=\"_new\" rel=\"noopener\">Pre\u010d\u00edtajte si recenzie<\/a><\/p>\n<h2><span class=\"ez-toc-section\" id=\"Telenet_Global_Logistics\"><\/span>Telenet Global Logistics<span class=\"ez-toc-section-end\"><\/span><\/h2>\n<p><img decoding=\"async\" src=\"https:\/\/moverdb.com\/wp-content\/uploads\/AF1QipP01RnwujXm0lb4sGEMlj-Z0U8VyKPrXUu2x8Yw408-h306-k-no.jpg\" alt='Telenet Global Logistics' class=\"aligncenter\"><\/p>\n<p><strong>Popis z podniku: <\/strong>\u017diadne nie je k dispoz\u00edcii<\/p>\n<p><strong>\u010eal\u0161ie slu\u017eby:<\/strong><\/p>\n<p>Logistick\u00e9 slu\u017eby<\/p>\n<p><strong>Adresa:<\/strong> 3B Ridgeway, Iver SL0 9JQ<\/p>\n<p><a href=\"https:\/\/www.telenetlogistics.com\/\" target=\"_new\" rel=\"noopener\">Webov\u00e1 str\u00e1nka Telenet Global Logistics<\/a><\/p>\n<p><strong>Recenzia Sk\u00f3re: <\/strong>4.6<br \/> <strong>Po\u010det recenzi\u00ed:<\/strong> 11<br \/><a href=\"https:\/\/www.google.co.uk\/maps?cid=11765667240663478835&#038;hl=en&#038;gl=GB\" target=\"_new\" rel=\"noopener\">Pre\u010d\u00edtajte si recenzie<\/a><\/p>\n<h2><span class=\"ez-toc-section\" id=\"Rhodes_Freight_Services_Ltd\"><\/span>Rhodes Freight Services Ltd<span class=\"ez-toc-section-end\"><\/span><\/h2>\n<p><img decoding=\"async\" src=\"https:\/\/moverdb.com\/wp-content\/uploads\/AF1QipMm9i5CRGZADeaNZzwze_5aBudBPSQnsvLjIlzYw408-h272-k-no.jpg\" alt='Rhodes Freight Services Ltd' class=\"aligncenter\"><\/p>\n<p><strong>Popis z podniku: <\/strong>Spolo\u010dnos\u0165 Rhodes Freight Services LTD poskytuje slu\u017eby v oblasti dopravy s riadenou teplotou v <a href=\"https:\/\/moverdb.com\/sk\/moving-to-the-uk\/\" data-internallinksmanager029f6b8e52c=\"93\" title=\"S\u0165ahujete sa do Spojen\u00e9ho kr\u00e1\u013eovstva? 2022 \u017divotn\u00e9 n\u00e1klady a tipy na pres\u0165ahovanie\">UK<\/a> &amp; Europe od roku 1992.<\/p>\n<p>Sme rodinn\u00e1 firma s ve\u013ek\u00fdmi z\u00e1kladn\u00fdmi hodnotami a normami.<\/p>\n<p>Vybudovan\u00e1 zo skromn\u00fdch za\u010diatkov tvrdou pr\u00e1cou a poctivos\u0165ou.<\/p>\n<p> V\u017edy sme sa zameriavali na na\u0161ich z\u00e1kazn\u00edkov a na to, ako im a ich z\u00e1kazn\u00edkom m\u00f4\u017eeme u\u013eah\u010di\u0165 ak\u00fako\u013evek z\u00e1\u0165a\u017e poskytovan\u00edm najlep\u0161\u00edch mo\u017en\u00fdch slu\u017eieb v oblasti n\u00e1kladnej dopravy s riadenou teplotou v Spojenom kr\u00e1\u013eovstve.<\/p>\n<p>Pracujeme 24 hod\u00edn denne, 7 dn\u00ed v t\u00fd\u017edni.<\/p>\n<p> Na\u0161e najob\u013e\u00fabenej\u0161ie slu\u017eby s\u00fa:<\/p>\n<p>Vyhraden\u00e1 doprava<br \/>\nR\u00fdchlo skazite\u013en\u00e1 leteck\u00e1 preprava vo Ve\u013ekej Brit\u00e1nii a Eur\u00f3pe<br \/>\nSkladovanie a uskladnenie<br \/>\nDistrib\u00facia s riadenou teplotou vo Ve\u013ekej Brit\u00e1nii<br \/>\nDoprava na letisko Eur\u00f3pa<br \/>\nLeteck\u00e1 n\u00e1kladn\u00e1 doprava v Eur\u00f3pe a Spojenom kr\u00e1\u013eovstve<br \/>\nSkladovanie s riadenou teplotou<br \/>\nGrafy, cit\u00e1cie Spr\u00e1vy<\/p>\n<p><strong>\u010eal\u0161ie slu\u017eby:<\/strong><\/p>\n<p>\u017diadne uveden\u00e9 v zozname<\/p>\n<p><strong>Adresa:<\/strong> 3c, Ridgeway Distribution Centre, Ridgeway, Iver SL0 9JQ<\/p>\n<p><a href=\"http:\/\/www.rhodesfreightservices.co.uk\/\" target=\"_new\" rel=\"noopener\">Webov\u00e1 str\u00e1nka spolo\u010dnosti Rhodes Freight Services Ltd<\/a><\/p>\n<p><strong>Recenzia Sk\u00f3re: <\/strong>4.5<br \/> <strong>Po\u010det recenzi\u00ed:<\/strong> 21<br \/><a href=\"https:\/\/www.google.co.uk\/maps?cid=13537297874661650619&#038;hl=en&#038;gl=GB\" target=\"_new\" rel=\"noopener\">Pre\u010d\u00edtajte si recenzie<\/a><\/p>\n<h2><span class=\"ez-toc-section\" id=\"How_we_picked_the_best_Iver_Freight_Forwarding_Companies\"><\/span>Ako sme vybrali najlep\u0161ie \u0161pedi\u010dn\u00e9 spolo\u010dnosti Iver<span class=\"ez-toc-section-end\"><\/span><\/h2>\n<p>Vych\u00e1dzali sme zo s\u00faboru \u00fadajov 7 \u0161pedi\u010dn\u00fdch spolo\u010dnost\u00ed Iver, ktor\u00e9 sme na\u0161li na Map\u00e1ch Google, a z\u00fa\u017eili sme ho na 3 najlep\u0161ie.<\/p>\n<p>Na tento \u00fa\u010del sme odstr\u00e1nili v\u0161etky spolo\u010dnosti, ktor\u00e9:<\/p>\n<ul>\n<li> Nemal \u017eiadnu webov\u00fa str\u00e1nku<\/li>\n<li> Nemal \u017eiadne recenzie<\/li>\n<li> Priemern\u00e9 hodnotenie pod 2,0<\/li>\n<\/ul>\n<p>Ak sme v tomto okamihu mali 17 alebo menej odosielate\u013eov, uviedli sme ich v\u0161etk\u00fdch.<\/p>\n<p>V mest\u00e1ch, kde n\u00e1m zostalo viac ako 17 odosielate\u013eov, sme vykonali \u010fal\u0161ie rev\u00edzie bu\u010f zv\u00fd\u0161en\u00edm po\u017eadovan\u00e9ho sk\u00f3re hodnotenia (napr. z minim\u00e1lne 2,0 na 4,0) a\/alebo zv\u00fd\u0161en\u00edm minim\u00e1lneho po\u010dtu po\u017eadovan\u00fdch hodnoten\u00ed (napr. z minim\u00e1lne 1 hodnotenia na minim\u00e1lne 10).<\/p>\n<p>V\u0161imnite si, \u017ee sme pou\u017eili iba \u00fadaje z preh\u013eadu Mapy Google a nie z in\u00fdch webov\u00fdch str\u00e1nok tret\u00edch str\u00e1n.<\/p>\n<p>Viac miest:<\/p>\n<p><a href=\"https:\/\/moverdb.com\/sk\/zasielatelstvo\/freight-forwarding-uk\/nuneaton-freight-forwarder\/\">Zasielate\u013estvo Nuneaton<\/a><br \/><a href=\"https:\/\/moverdb.com\/sk\/zasielatelstvo\/freight-forwarding-uk\/belvedere-freight-forwarder\/\">Zasielate\u013estvo Belvedere<\/a><br \/><a href=\"https:\/\/moverdb.com\/sk\/zasielatelstvo\/freight-forwarding-uk\/portsmouth-freight-forwarder\/\">Zasielate\u013estvo Portsmouth<\/a><br \/><a href=\"https:\/\/moverdb.com\/sk\/zasielatelstvo\/freight-forwarding-uk\/dagenham-freight-forwarder\/\">Zasielate\u013estvo Dagenham<\/a><br \/><a href=\"https:\/\/moverdb.com\/sk\/zasielatelstvo\/freight-forwarding-uk\/renfrew-freight-forwarder\/\">Zasielate\u013estvo Renfrew<\/a><\/p>","protected":false},"excerpt":{"rendered":"<p>Below we look at the 3 &#8220;best&#8221; Freight Forwarding companies in Iver out of 7. To learn more about how we chose the best please consult our FAQ section at the end. Please not the following listings are in no particular order and we are not making any recommendations for any particular company. Clarity Cargo [&hellip;]<\/p>\n","protected":false},"author":1,"featured_media":0,"parent":13427,"menu_order":0,"comment_status":"open","ping_status":"open","template":"","meta":{"_genesis_hide_title":false,"_genesis_hide_breadcrumbs":false,"_genesis_hide_singular_image":false,"_genesis_hide_footer_widgets":false,"_genesis_custom_body_class":"","_genesis_custom_post_class":"","_genesis_layout":"","footnotes":""},"class_list":{"0":"post-13969","1":"page","2":"type-page","3":"status-publish","5":"entry"},"_links":{"self":[{"href":"https:\/\/moverdb.com\/sk\/wp-json\/wp\/v2\/pages\/13969","targetHints":{"allow":["GET"]}}],"collection":[{"href":"https:\/\/moverdb.com\/sk\/wp-json\/wp\/v2\/pages"}],"about":[{"href":"https:\/\/moverdb.com\/sk\/wp-json\/wp\/v2\/types\/page"}],"author":[{"embeddable":true,"href":"https:\/\/moverdb.com\/sk\/wp-json\/wp\/v2\/users\/1"}],"replies":[{"embeddable":true,"href":"https:\/\/moverdb.com\/sk\/wp-json\/wp\/v2\/comments?post=13969"}],"version-history":[{"count":1,"href":"https:\/\/moverdb.com\/sk\/wp-json\/wp\/v2\/pages\/13969\/revisions"}],"predecessor-version":[{"id":15769,"href":"https:\/\/moverdb.com\/sk\/wp-json\/wp\/v2\/pages\/13969\/revisions\/15769"}],"up":[{"embeddable":true,"href":"https:\/\/moverdb.com\/sk\/wp-json\/wp\/v2\/pages\/13427"}],"wp:attachment":[{"href":"https:\/\/moverdb.com\/sk\/wp-json\/wp\/v2\/media?parent=13969"}],"curies":[{"name":"wp","href":"https:\/\/api.w.org\/{rel}","templated":true}]}}