{"id":13938,"date":"2023-11-08T15:53:26","date_gmt":"2023-11-08T15:53:26","guid":{"rendered":"https:\/\/moverdb.com\/freight-forwarder\/freight-forwarding-uk\/edinburgh-freight-forwarder\/"},"modified":"2026-01-08T13:17:29","modified_gmt":"2026-01-08T13:17:29","slug":"edinburgh-freight-forwarder","status":"publish","type":"page","link":"https:\/\/moverdb.com\/sk\/freight-forwarder\/freight-forwarding-uk\/edinburgh-freight-forwarder\/","title":{"rendered":"3 najlep\u0161ie \u0161pedi\u010dn\u00e9 spolo\u010dnosti v Edinburghu (2024)"},"content":{"rendered":"<p>Ni\u017e\u0161ie sa pozrieme na 3 <em>\"najlep\u0161ie\"<\/em> \u0160pedi\u010dn\u00e9 spolo\u010dnosti v <a href=\"\" data-internallinksmanager029f6b8e52c=\"44\" title=\"Edinburgh\">Edinburgh<\/a> zo 4.<\/p>\n<p>Ak sa chcete dozvedie\u0165 viac o tom, ako sme vybrali t\u00fdch najlep\u0161\u00edch, pozrite si na\u0161u sekciu FAQ na konci.<\/p>\n<p><em>Upozor\u0148ujeme, \u017ee nasleduj\u00face zoznamy nie s\u00fa zoraden\u00e9 pod\u013ea konkr\u00e9tneho poradia a neodpor\u00fa\u010dame \u017eiadnu konkr\u00e9tnu spolo\u010dnos\u0165.<\/em><\/p>\n<div id=\"ez-toc-container\" class=\"ez-toc-v2_0_82_2 ez-toc-wrap-left counter-hierarchy ez-toc-counter ez-toc-transparent ez-toc-container-direction\">\n<div class=\"ez-toc-title-container\">\n<p class=\"ez-toc-title\" style=\"cursor:inherit\">Sekcie<\/p>\n<span class=\"ez-toc-title-toggle\"><a href=\"#\" class=\"ez-toc-pull-right ez-toc-btn ez-toc-btn-xs ez-toc-btn-default ez-toc-toggle\" aria-label=\"Prep\u00ednanie tabu\u013eky obsahu\"><span class=\"ez-toc-js-icon-con\"><span class=\"\"><span class=\"eztoc-hide\" style=\"display:none;\">Prep\u00edna\u010d<\/span><span class=\"ez-toc-icon-toggle-span\"><svg style=\"fill: #999;color:#999\" xmlns=\"http:\/\/www.w3.org\/2000\/svg\" class=\"list-377408\" width=\"20px\" height=\"20px\" viewbox=\"0 0 24 24\" fill=\"none\"><path d=\"M6 6H4v2h2V6zm14 0H8v2h12V6zM4 11h2v2H4v-2zm16 0H8v2h12v-2zM4 16h2v2H4v-2zm16 0H8v2h12v-2z\" fill=\"currentColor\"><\/path><\/svg><svg style=\"fill: #999;color:#999\" class=\"arrow-unsorted-368013\" xmlns=\"http:\/\/www.w3.org\/2000\/svg\" width=\"10px\" height=\"10px\" viewbox=\"0 0 24 24\" version=\"1.2\" baseprofile=\"tiny\"><path d=\"M18.2 9.3l-6.2-6.3-6.2 6.3c-.2.2-.3.4-.3.7s.1.5.3.7c.2.2.4.3.7.3h11c.3 0 .5-.1.7-.3.2-.2.3-.5.3-.7s-.1-.5-.3-.7zM5.8 14.7l6.2 6.3 6.2-6.3c.2-.2.3-.5.3-.7s-.1-.5-.3-.7c-.2-.2-.4-.3-.7-.3h-11c-.3 0-.5.1-.7.3-.2.2-.3.5-.3.7s.1.5.3.7z\"\/><\/svg><\/span><\/span><\/span><\/a><\/span><\/div>\n<nav><ul class='ez-toc-list ez-toc-list-level-1 eztoc-toggle-hide-by-default' ><li class='ez-toc-page-1 ez-toc-heading-level-2'><a class=\"ez-toc-link ez-toc-heading-1\" href=\"https:\/\/moverdb.com\/sk\/freight-forwarder\/freight-forwarding-uk\/edinburgh-freight-forwarder\/#SM_Globally_Sorted_Ltd\" >SM Glob\u00e1lne trieden\u00e9 Ltd<\/a><\/li><li class='ez-toc-page-1 ez-toc-heading-level-2'><a class=\"ez-toc-link ez-toc-heading-2\" href=\"https:\/\/moverdb.com\/sk\/freight-forwarder\/freight-forwarding-uk\/edinburgh-freight-forwarder\/#W_F_S_Worldwide_Flight_Services\" >W F S Celosvetov\u00e9 leteck\u00e9 slu\u017eby<\/a><\/li><li class='ez-toc-page-1 ez-toc-heading-level-2'><a class=\"ez-toc-link ez-toc-heading-3\" href=\"https:\/\/moverdb.com\/sk\/freight-forwarder\/freight-forwarding-uk\/edinburgh-freight-forwarder\/#SeaRatescom\" >SeaRates.com<\/a><\/li><li class='ez-toc-page-1 ez-toc-heading-level-2'><a class=\"ez-toc-link ez-toc-heading-4\" href=\"https:\/\/moverdb.com\/sk\/freight-forwarder\/freight-forwarding-uk\/edinburgh-freight-forwarder\/#How_we_picked_the_best_Edinburgh_Freight_Forwarding_Companies\" >Ako sme vybrali najlep\u0161ie \u0161pedi\u010dn\u00e9 spolo\u010dnosti v Edinburghu<\/a><\/li><\/ul><\/nav><\/div>\n<h2><span class=\"ez-toc-section\" id=\"SM_Globally_Sorted_Ltd\"><\/span>SM Glob\u00e1lne trieden\u00e9 Ltd<span class=\"ez-toc-section-end\"><\/span><\/h2>\n<p><img decoding=\"async\" src=\"https:\/\/moverdb.com\/wp-content\/uploads\/AF1QipOorZq_NRmHUfR9a8a0Zo8rZlJrHoPOt5J04PX9w408-h306-k-no.jpg\" alt='SM Glob\u00e1lne trieden\u00e9 Ltd' class=\"aligncenter\"><\/p>\n<p><strong>Popis z podniku: <\/strong>Pracujeme nepretr\u017eite, aby sme zabezpe\u010dili v\u010dasn\u00e9 dodanie; zaka\u017ed\u00fdm.<\/p>\n<p>Urobte prv\u00e9 kroky a my v\u00e1m uk\u00e1\u017eeme, \u010do dok\u00e1\u017eeme.<\/p>\n<p>.<\/p>\n<p>.<\/p>\n<p>.<\/p>\n<p>* Pe\u0148a\u017en\u00e9 slu\u017eby<br \/>\n* Produkcia podujat\u00ed<br \/>\n* Rezerv\u00e1cie kontajnerov\/n\u00e1kladov<br \/>\n* Zasielate\u013estvo<br \/>\n* miesto odovzdania\/zberu bal\u00edkov<\/p>\n<p><strong>\u010eal\u0161ie slu\u017eby:<\/strong><\/p>\n<p>Dod\u00e1vate\u013e kontajnerov<\/p>\n<p>Mana\u017ement a propag\u00e1cia hudby<\/p>\n<p><strong>Adresa:<\/strong> 36 Great Jct St, Leith, Edinburgh EH6 5LA<\/p>\n<p><a href=\"http:\/\/www.smgloballysorted.com\/\" target=\"_new\" rel=\"noopener\">Webov\u00e1 str\u00e1nka SM Globally Sorted Ltd<\/a><\/p>\n<p><strong>Recenzia Sk\u00f3re: <\/strong>4.9<br \/> <strong>Po\u010det recenzi\u00ed:<\/strong> 15<br \/><a href=\"https:\/\/www.google.co.uk\/maps?cid=16894534534254457382&#038;hl=en&#038;gl=GB\" target=\"_new\" rel=\"noopener\">Pre\u010d\u00edtajte si recenzie<\/a><\/p>\n<h2><span class=\"ez-toc-section\" id=\"W_F_S_Worldwide_Flight_Services\"><\/span>W F S Celosvetov\u00e9 leteck\u00e9 slu\u017eby<span class=\"ez-toc-section-end\"><\/span><\/h2>\n<p><img decoding=\"async\" src=\"https:\/\/moverdb.com\/wp-content\/uploads\/thumbnailpanoid2OkUi80ZislwqT5KAKk3HAcb_clientsearch.gws-prod.gpsw408h240yaw239.jpg\" alt='W F S Celosvetov\u00e9 leteck\u00e9 slu\u017eby' class=\"aligncenter\"><\/p>\n<p><strong>Popis z podniku: <\/strong>Slu\u017eby manipul\u00e1cie s n\u00e1kladom<\/p>\n<p><strong>\u010eal\u0161ie slu\u017eby:<\/strong><\/p>\n<p>\u017diadne uveden\u00e9 v zozname<\/p>\n<p><strong>Adresa:<\/strong> Cargo Terminal, Turnhouse Rd, Edinburgh EH12 0AL<\/p>\n<p><a href=\"http:\/\/www.wfs.aero\/\" target=\"_new\" rel=\"noopener\">Webov\u00e1 str\u00e1nka W F S Worldwide Flight Services<\/a><\/p>\n<p><strong>Recenzia Sk\u00f3re: <\/strong>4.4<br \/> <strong>Po\u010det recenzi\u00ed:<\/strong> 31<br \/><a href=\"https:\/\/www.google.co.uk\/maps?cid=9592439010681384546&#038;hl=en&#038;gl=GB\" target=\"_new\" rel=\"noopener\">Pre\u010d\u00edtajte si recenzie<\/a><\/p>\n<h2><span class=\"ez-toc-section\" id=\"SeaRatescom\"><\/span>SeaRates.com<span class=\"ez-toc-section-end\"><\/span><\/h2>\n<p><img decoding=\"async\" src=\"https:\/\/moverdb.com\/wp-content\/uploads\/thumbnailpanoidUuONa3h8VoqRKpoir87Ikgcb_clientsearch.gws-prod.gpsw408h240yaw332.jpg\" alt='SeaRates.com' class=\"aligncenter\"><\/p>\n<p><strong>Popis z podniku: <\/strong>\u017diadne nie je k dispoz\u00edcii<\/p>\n<p><strong>\u010eal\u0161ie slu\u017eby:<\/strong><\/p>\n<p>Dod\u00e1vate\u013esk\u00e1 spolo\u010dnos\u0165<\/p>\n<p><strong>Adresa:<\/strong> 101 Rose St S Ln, Edinburgh EH4 4UQ<\/p>\n<p><a href=\"https:\/\/www.searates.com\/\" target=\"_new\" rel=\"noopener\">Webov\u00e1 str\u00e1nka SeaRates.com<\/a><\/p>\n<p><strong>Recenzia Sk\u00f3re: <\/strong>4.4<br \/> <strong>Po\u010det recenzi\u00ed:<\/strong> 16<br \/><a href=\"https:\/\/www.google.co.uk\/maps?cid=1187702434461284683&#038;hl=en&#038;gl=GB\" target=\"_new\" rel=\"noopener\">Pre\u010d\u00edtajte si recenzie<\/a><\/p>\n<h2><span class=\"ez-toc-section\" id=\"How_we_picked_the_best_Edinburgh_Freight_Forwarding_Companies\"><\/span>Ako sme vybrali najlep\u0161ie \u0161pedi\u010dn\u00e9 spolo\u010dnosti v Edinburghu<span class=\"ez-toc-section-end\"><\/span><\/h2>\n<p>Za\u010dali sme so s\u00faborom \u00fadajov o 4 edinbursk\u00fdch \u0161pedi\u010dn\u00fdch spolo\u010dnostiach, ktor\u00e9 sme na\u0161li na Map\u00e1ch Google, a z\u00fa\u017eili sme ho na 3 najlep\u0161ie.<\/p>\n<p>Na tento \u00fa\u010del sme odstr\u00e1nili v\u0161etky spolo\u010dnosti, ktor\u00e9:<\/p>\n<ul>\n<li> Nemal \u017eiadnu webov\u00fa str\u00e1nku<\/li>\n<li> Nemal \u017eiadne recenzie<\/li>\n<li> Priemern\u00e9 hodnotenie pod 2,0<\/li>\n<\/ul>\n<p>Ak sme v tomto okamihu mali 17 alebo menej odosielate\u013eov, uviedli sme ich v\u0161etk\u00fdch.<\/p>\n<p>V mest\u00e1ch, kde n\u00e1m zostalo viac ako 17 odosielate\u013eov, sme vykonali \u010fal\u0161ie rev\u00edzie bu\u010f zv\u00fd\u0161en\u00edm po\u017eadovan\u00e9ho sk\u00f3re hodnotenia (napr. z minim\u00e1lne 2,0 na 4,0) a\/alebo zv\u00fd\u0161en\u00edm minim\u00e1lneho po\u010dtu po\u017eadovan\u00fdch hodnoten\u00ed (napr. z minim\u00e1lne 1 hodnotenia na minim\u00e1lne 10).<\/p>\n<p>V\u0161imnite si, \u017ee sme pou\u017eili iba \u00fadaje z preh\u013eadu Mapy Google a nie z in\u00fdch webov\u00fdch str\u00e1nok tret\u00edch str\u00e1n.<\/p>\n<p>Viac miest:<\/p>\n<p><a href=\"https:\/\/moverdb.com\/sk\/zasielatelstvo\/freight-forwarding-uk\/wakefield-freight-forwarder\/\">Zasielate\u013estvo Wakefield<\/a><br \/><a href=\"https:\/\/moverdb.com\/sk\/zasielatelstvo\/freight-forwarding-uk\/christchurch-freight-forwarder\/\">Zasielate\u013estvo Christchurch<\/a><br \/><a href=\"https:\/\/moverdb.com\/sk\/zasielatelstvo\/freight-forwarding-uk\/braintree-freight-forwarder\/\">Zasielate\u013estvo Braintree<\/a><br \/><a href=\"https:\/\/moverdb.com\/sk\/zasielatelstvo\/freight-forwarding-uk\/ilford-freight-forwarder\/\">Zasielate\u013estvo Ilford<\/a><br \/><a href=\"https:\/\/moverdb.com\/sk\/zasielatelstvo\/freight-forwarding-uk\/stockport-freight-forwarder\/\">\u0160pedi\u010dn\u00e1 spolo\u010dnos\u0165 Stockport<\/a><\/p>","protected":false},"excerpt":{"rendered":"<p>Below we look at the 3 &#8220;best&#8221; Freight Forwarding companies in Edinburgh out of 4. To learn more about how we chose the best please consult our FAQ section at the end. Please not the following listings are in no particular order and we are not making any recommendations for any particular company. SM Globally [&hellip;]<\/p>\n","protected":false},"author":1,"featured_media":0,"parent":13427,"menu_order":0,"comment_status":"open","ping_status":"open","template":"","meta":{"_genesis_hide_title":false,"_genesis_hide_breadcrumbs":false,"_genesis_hide_singular_image":false,"_genesis_hide_footer_widgets":false,"_genesis_custom_body_class":"","_genesis_custom_post_class":"","_genesis_layout":"","footnotes":""},"class_list":{"0":"post-13938","1":"page","2":"type-page","3":"status-publish","5":"entry"},"_links":{"self":[{"href":"https:\/\/moverdb.com\/sk\/wp-json\/wp\/v2\/pages\/13938","targetHints":{"allow":["GET"]}}],"collection":[{"href":"https:\/\/moverdb.com\/sk\/wp-json\/wp\/v2\/pages"}],"about":[{"href":"https:\/\/moverdb.com\/sk\/wp-json\/wp\/v2\/types\/page"}],"author":[{"embeddable":true,"href":"https:\/\/moverdb.com\/sk\/wp-json\/wp\/v2\/users\/1"}],"replies":[{"embeddable":true,"href":"https:\/\/moverdb.com\/sk\/wp-json\/wp\/v2\/comments?post=13938"}],"version-history":[{"count":1,"href":"https:\/\/moverdb.com\/sk\/wp-json\/wp\/v2\/pages\/13938\/revisions"}],"predecessor-version":[{"id":15765,"href":"https:\/\/moverdb.com\/sk\/wp-json\/wp\/v2\/pages\/13938\/revisions\/15765"}],"up":[{"embeddable":true,"href":"https:\/\/moverdb.com\/sk\/wp-json\/wp\/v2\/pages\/13427"}],"wp:attachment":[{"href":"https:\/\/moverdb.com\/sk\/wp-json\/wp\/v2\/media?parent=13938"}],"curies":[{"name":"wp","href":"https:\/\/api.w.org\/{rel}","templated":true}]}}