{"id":13902,"date":"2023-11-08T15:53:26","date_gmt":"2023-11-08T15:53:26","guid":{"rendered":"https:\/\/moverdb.com\/freight-forwarder\/freight-forwarding-uk\/crawley-freight-forwarder\/"},"modified":"2026-01-08T13:17:49","modified_gmt":"2026-01-08T13:17:49","slug":"crawley-freight-forwarder","status":"publish","type":"page","link":"https:\/\/moverdb.com\/sk\/freight-forwarder\/freight-forwarding-uk\/crawley-freight-forwarder\/","title":{"rendered":"4 najlep\u0161ie \u0161pedi\u010dn\u00e9 spolo\u010dnosti v Crawley (2024)"},"content":{"rendered":"<p>Ni\u017e\u0161ie sa pozrieme na 4 <em>\"najlep\u0161ie\"<\/em> \u0160pedi\u010dn\u00e9 firmy v meste Crawley z 9.<\/p>\n<p>Ak sa chcete dozvedie\u0165 viac o tom, ako sme vybrali t\u00fdch najlep\u0161\u00edch, pozrite si na\u0161u sekciu FAQ na konci.<\/p>\n<p><em>Upozor\u0148ujeme, \u017ee nasleduj\u00face zoznamy nie s\u00fa zoraden\u00e9 pod\u013ea konkr\u00e9tneho poradia a neodpor\u00fa\u010dame \u017eiadnu konkr\u00e9tnu spolo\u010dnos\u0165.<\/em><\/p>\n<div id=\"ez-toc-container\" class=\"ez-toc-v2_0_82_2 ez-toc-wrap-left counter-hierarchy ez-toc-counter ez-toc-transparent ez-toc-container-direction\">\n<div class=\"ez-toc-title-container\">\n<p class=\"ez-toc-title\" style=\"cursor:inherit\">Sekcie<\/p>\n<span class=\"ez-toc-title-toggle\"><a href=\"#\" class=\"ez-toc-pull-right ez-toc-btn ez-toc-btn-xs ez-toc-btn-default ez-toc-toggle\" aria-label=\"Prep\u00ednanie tabu\u013eky obsahu\"><span class=\"ez-toc-js-icon-con\"><span class=\"\"><span class=\"eztoc-hide\" style=\"display:none;\">Prep\u00edna\u010d<\/span><span class=\"ez-toc-icon-toggle-span\"><svg style=\"fill: #999;color:#999\" xmlns=\"http:\/\/www.w3.org\/2000\/svg\" class=\"list-377408\" width=\"20px\" height=\"20px\" viewbox=\"0 0 24 24\" fill=\"none\"><path d=\"M6 6H4v2h2V6zm14 0H8v2h12V6zM4 11h2v2H4v-2zm16 0H8v2h12v-2zM4 16h2v2H4v-2zm16 0H8v2h12v-2z\" fill=\"currentColor\"><\/path><\/svg><svg style=\"fill: #999;color:#999\" class=\"arrow-unsorted-368013\" xmlns=\"http:\/\/www.w3.org\/2000\/svg\" width=\"10px\" height=\"10px\" viewbox=\"0 0 24 24\" version=\"1.2\" baseprofile=\"tiny\"><path d=\"M18.2 9.3l-6.2-6.3-6.2 6.3c-.2.2-.3.4-.3.7s.1.5.3.7c.2.2.4.3.7.3h11c.3 0 .5-.1.7-.3.2-.2.3-.5.3-.7s-.1-.5-.3-.7zM5.8 14.7l6.2 6.3 6.2-6.3c.2-.2.3-.5.3-.7s-.1-.5-.3-.7c-.2-.2-.4-.3-.7-.3h-11c-.3 0-.5.1-.7.3-.2.2-.3.5-.3.7s.1.5.3.7z\"\/><\/svg><\/span><\/span><\/span><\/a><\/span><\/div>\n<nav><ul class='ez-toc-list ez-toc-list-level-1 eztoc-toggle-hide-by-default' ><li class='ez-toc-page-1 ez-toc-heading-level-2'><a class=\"ez-toc-link ez-toc-heading-1\" href=\"https:\/\/moverdb.com\/sk\/freight-forwarder\/freight-forwarding-uk\/crawley-freight-forwarder\/#MED_Freight_Services\" >N\u00e1kladn\u00e9 slu\u017eby MED<\/a><\/li><li class='ez-toc-page-1 ez-toc-heading-level-2'><a class=\"ez-toc-link ez-toc-heading-2\" href=\"https:\/\/moverdb.com\/sk\/freight-forwarder\/freight-forwarding-uk\/crawley-freight-forwarder\/#PBS_International_Freight_Limited\" >PBS International Freight Limited<\/a><\/li><li class='ez-toc-page-1 ez-toc-heading-level-2'><a class=\"ez-toc-link ez-toc-heading-3\" href=\"https:\/\/moverdb.com\/sk\/freight-forwarder\/freight-forwarding-uk\/crawley-freight-forwarder\/#Send2ChinaeEYeEa%C2%B8a%E2%80%BA%C2%BD\" >Send2China\u00e9\u20ac\u0178\u00e9\u20ac'\u00e4\u00b8\u00e5'\u00bd<\/a><\/li><li class='ez-toc-page-1 ez-toc-heading-level-2'><a class=\"ez-toc-link ez-toc-heading-4\" href=\"https:\/\/moverdb.com\/sk\/freight-forwarder\/freight-forwarding-uk\/crawley-freight-forwarder\/#Glenn_Freight_Services\" >Glenn Freight Services<\/a><\/li><li class='ez-toc-page-1 ez-toc-heading-level-2'><a class=\"ez-toc-link ez-toc-heading-5\" href=\"https:\/\/moverdb.com\/sk\/freight-forwarder\/freight-forwarding-uk\/crawley-freight-forwarder\/#How_we_picked_the_best_Crawley_Freight_Forwarding_Companies\" >Ako sme vybrali najlep\u0161ie \u0161pedi\u010dn\u00e9 spolo\u010dnosti v Crawley<\/a><\/li><\/ul><\/nav><\/div>\n<h2><span class=\"ez-toc-section\" id=\"MED_Freight_Services\"><\/span>N\u00e1kladn\u00e9 slu\u017eby MED<span class=\"ez-toc-section-end\"><\/span><\/h2>\n<p><img decoding=\"async\" src=\"https:\/\/moverdb.com\/wp-content\/uploads\/thumbnailpanoidSf2kEENNHZqnKWQ4fg1YHQcb_clientsearch.gws-prod.gpsw408h240yaw331.jpg\" alt='N\u00e1kladn\u00e9 slu\u017eby MED' class=\"aligncenter\"><\/p>\n<p><strong>Popis z podniku: <\/strong>\u017diadne nie je k dispoz\u00edcii<\/p>\n<p><strong>\u010eal\u0161ie slu\u017eby:<\/strong><\/p>\n<p>\u017diadne uveden\u00e9 v zozname<\/p>\n<p><strong>Adresa:<\/strong> 12, Forge Wood Industrial Estate, Gatwick Rd, Crawley RH10 9PG<\/p>\n<p><a href=\"https:\/\/find-and-update.company-information.service.gov.uk\/company\/08096138\" target=\"_new\" rel=\"noopener\">Webov\u00e1 str\u00e1nka spolo\u010dnosti MED Freight Services<\/a><\/p>\n<p><strong>Recenzia Sk\u00f3re: <\/strong>5<br \/> <strong>Po\u010det recenzi\u00ed:<\/strong> 1<br \/><a href=\"https:\/\/www.google.co.uk\/maps?cid=18237951817802486207&#038;hl=en&#038;gl=GB\" target=\"_new\" rel=\"noopener\">Pre\u010d\u00edtajte si recenzie<\/a><\/p>\n<h2><span class=\"ez-toc-section\" id=\"PBS_International_Freight_Limited\"><\/span>PBS International Freight Limited<span class=\"ez-toc-section-end\"><\/span><\/h2>\n<p><img decoding=\"async\" src=\"https:\/\/moverdb.com\/wp-content\/uploads\/AF1QipM70-ouQwJ7HIhjVIa_c5G281_Ui5KVbZWI2zMTw408-h254-k-no.jpg\" alt='PBS International Freight Limited' class=\"aligncenter\"><\/p>\n<p><strong>Popis z podniku: <\/strong>PBS International je glob\u00e1lna \u0161pedi\u010dn\u00e1 spolo\u010dnos\u0165 \u0161pecializuj\u00faca sa na leteck\u00fa, n\u00e1morn\u00fa, cestn\u00fa a \u0161pecializovan\u00fa n\u00e1kladn\u00fa dopravu.<\/p>\n<p>Pon\u00fakame kompletn\u00fd sortiment \u0161pedi\u010dn\u00fdch a logistick\u00fdch slu\u017eieb, ktor\u00e9 vyhovuj\u00fa v\u0161etk\u00fdm rozpo\u010dtom a \u010dasov\u00fdm r\u00e1mcom.<\/p>\n<p>Okrem toho poskytujeme skladovacie zariadenia a slu\u017eby vr\u00e1tane balenia, distrib\u00facie pick and pack a dod\u00e1vok baliaceho materi\u00e1lu.<\/p>\n<p>Spolo\u010dnos\u0165 PBS International Freight v\u00e1m m\u00f4\u017ee pom\u00f4c\u0165 aj s dovozn\u00fdmi a v\u00fdvozn\u00fdmi licenciami, prepravou nebezpe\u010dn\u00e9ho tovaru a prepravou osobn\u00fdch vec\u00ed a vec\u00ed pre dom\u00e1cnos\u0165.<\/p>\n<p>Kontaktujte n\u00e1s a dozviete sa viac.<\/p>\n<p><strong>\u010eal\u0161ie slu\u017eby:<\/strong><\/p>\n<p>Spolo\u010dnos\u0165 zaoberaj\u00faca sa dovozom a v\u00fdvozom<\/p>\n<p>Logistick\u00e9 slu\u017eby<\/p>\n<p>Dod\u00e1vate\u013esk\u00e1 spolo\u010dnos\u0165<\/p>\n<p>Dopravn\u00e9 slu\u017eby<\/p>\n<p><strong>Adresa:<\/strong> PBS House, Charlwood Rd, Lowfield Heath, Crawley RH11 0PT<\/p>\n<p><a href=\"https:\/\/www.pbs-int.co.uk\/\" target=\"_new\" rel=\"noopener\">Webov\u00e1 str\u00e1nka spolo\u010dnosti PBS International Freight Limited<\/a><\/p>\n<p><strong>Recenzia Sk\u00f3re: <\/strong>4.5<br \/> <strong>Po\u010det recenzi\u00ed:<\/strong> 11<br \/><a href=\"https:\/\/www.google.co.uk\/maps?cid=9986257421367286698&#038;hl=en&#038;gl=GB\" target=\"_new\" rel=\"noopener\">Pre\u010d\u00edtajte si recenzie<\/a><\/p>\n<h2><span class=\"ez-toc-section\" id=\"Send2ChinaeEYeEa%C2%B8a%E2%80%BA%C2%BD\"><\/span>Send2China\u00e9\u20ac\u0178\u00e9\u20ac'\u00e4\u00b8\u00e5'\u00bd<span class=\"ez-toc-section-end\"><\/span><\/h2>\n<p><img decoding=\"async\" src=\"https:\/\/moverdb.com\/wp-content\/uploads\/AF1QipN40isg5X7TM3yIj-q8UgIXbwVSBOmyw2EPzGAJw408-h306-k-no.jpg\" alt='Send2China\u00e9\u20ac\u0178\u00e9\u20ac&#039;\u00e4\u00b8\u00e5&#039;\u00bd' class=\"aligncenter\"><\/p>\n<p><strong>Popis z podniku: <\/strong>Send2China\u00e6\u02dc\u00af\u00e5\u2026\u00a8\u00e8\u2039\u00b1\u00e9\u00a2\u2020\u00e5\u2026\u02c6\u00e7\u0161\u201e\u00e8\u00b7\u00a8\u00e5\u00a2\u0192\u00e7\u2030\u00a9\u00e6\u00b5\u0081\u00e9\u00ab\u02dc\u00e7\u00a7\u2018\u00e6\u0160\u20ac\u00e5\u2026\u00ac\u00e5\u008f\u00b8\u00ef\u00bc\u0152\u00e5\u2026\u00ac\u00e5\u008f\u00b8\u00e4\u00ba\u017d2013\u00e5\u00b9\u00b4\u00e7\u201d\u00b1\u00e7\u00be\u017d\u00e5\u203a\u00bd\u00e7\u00a1\u2026\u00e8\u00b0\u00b7\u00e6\u0160\u2022\u00e8\u00b5\u201e\u00ef\u00bc\u0152\u00e6\u02c6\u0090\u00e7\u00ab\u2039\u00e4\u00ba\u017d\u00e8\u2039\u00b1\u00e5\u203a\u00bd\u00ef\u00bc\u0152\u00e4\u00b8\u201c\u00e6\u00b3\u00a8\u00e4\u00b8\u00ba\u00e6\u00b5\u00b7\u00e5\u2020\u2026\u00e5\u00a4\u2013\u00e5\u00ae\u00a2\u00e6\u02c6\u00b7\u00e6\u008f\u0090\u00e4\u00be\u203a\u00e5\u00ae\u2030\u00e5\u2026\u00a8\u00ef\u00bc\u0152\u00e5\u00bf\u00ab\u00e6\u008d\u00b7\u00ef\u00bc\u0152\u00e6\u2013\u00b9\u00e4\u00be\u00bf\u00e7\u0161\u201e\u00e7\u2030\u00a9\u00e6\u00b5\u0081\u00e8\u00a7\u00a3\u00e5\u2020\u00b3\u00e6\u2013\u00b9\u00e6\u00a1\u02c6\u00e3\u20ac\u201a<\/p>\n<p><strong>\u010eal\u0161ie slu\u017eby:<\/strong><\/p>\n<p>Kuri\u00e9rska slu\u017eba<\/p>\n<p>\u00daschov\u0148a bato\u017einy<\/p>\n<p><strong>Adresa:<\/strong> Unit 7, Gatwick Distribution Point, Church Rd, Lowfield Heath, Crawley RH11 0PJ<\/p>\n<p><a href=\"http:\/\/send2china.co.uk\/\" target=\"_new\" rel=\"noopener\">Webov\u00e1 str\u00e1nka Send2China\u00e9\u20ac\u0178\u00e9\u20ac'\u00e4\u00b8\u00e5'\u00bd<\/a><\/p>\n<p><strong>Recenzia Sk\u00f3re: <\/strong>4.4<br \/> <strong>Po\u010det recenzi\u00ed:<\/strong> 52<br \/><a href=\"https:\/\/www.google.co.uk\/maps?cid=15445262590040213531&#038;hl=en&#038;gl=GB\" target=\"_new\" rel=\"noopener\">Pre\u010d\u00edtajte si recenzie<\/a><\/p>\n<h2><span class=\"ez-toc-section\" id=\"Glenn_Freight_Services\"><\/span>Glenn Freight Services<span class=\"ez-toc-section-end\"><\/span><\/h2>\n<p><img decoding=\"async\" src=\"https:\/\/moverdb.com\/wp-content\/uploads\/thumbnailpanoidv-l43pYF8MNtWTpqKVj2Swcb_clientsearch.gws-prod.gpsw408h240yaw195.jpg\" alt='Glenn Freight Services' class=\"aligncenter\"><\/p>\n<p><strong>Popis z podniku: <\/strong>\u017diadne nie je k dispoz\u00edcii<\/p>\n<p><strong>\u010eal\u0161ie slu\u017eby:<\/strong><\/p>\n<p>\u017diadne uveden\u00e9 v zozname<\/p>\n<p><strong>Adresa:<\/strong> Global House, Manor court, Manor Royal, Crawley RH10 9PY<\/p>\n<p><a href=\"http:\/\/www.glennfreight.co.uk\/\" target=\"_new\" rel=\"noopener\">Webov\u00e1 str\u00e1nka spolo\u010dnosti Glenn Freight Services<\/a><\/p>\n<p><strong>Recenzia Sk\u00f3re: <\/strong>3<br \/> <strong>Po\u010det recenzi\u00ed:<\/strong> 2<br \/><a href=\"https:\/\/www.google.co.uk\/maps?cid=2598308117992633691&#038;hl=en&#038;gl=GB\" target=\"_new\" rel=\"noopener\">Pre\u010d\u00edtajte si recenzie<\/a><\/p>\n<h2><span class=\"ez-toc-section\" id=\"How_we_picked_the_best_Crawley_Freight_Forwarding_Companies\"><\/span>Ako sme vybrali najlep\u0161ie \u0161pedi\u010dn\u00e9 spolo\u010dnosti v Crawley<span class=\"ez-toc-section-end\"><\/span><\/h2>\n<p>Vych\u00e1dzali sme zo s\u00faboru \u00fadajov 9 \u0161pedi\u010dn\u00fdch spolo\u010dnost\u00ed z Crawley, ktor\u00e9 sme na\u0161li na Map\u00e1ch Google, a z\u00fa\u017eili sme ho na 4 najlep\u0161ie.<\/p>\n<p>Na tento \u00fa\u010del sme odstr\u00e1nili v\u0161etky spolo\u010dnosti, ktor\u00e9:<\/p>\n<ul>\n<li> Nemal \u017eiadnu webov\u00fa str\u00e1nku<\/li>\n<li> Nemal \u017eiadne recenzie<\/li>\n<li> Priemern\u00e9 hodnotenie pod 2,0<\/li>\n<\/ul>\n<p>Ak sme v tomto okamihu mali 17 alebo menej odosielate\u013eov, uviedli sme ich v\u0161etk\u00fdch.<\/p>\n<p>V mest\u00e1ch, kde n\u00e1m zostalo viac ako 17 odosielate\u013eov, sme vykonali \u010fal\u0161ie rev\u00edzie bu\u010f zv\u00fd\u0161en\u00edm po\u017eadovan\u00e9ho sk\u00f3re hodnotenia (napr. z minim\u00e1lne 2,0 na 4,0) a\/alebo zv\u00fd\u0161en\u00edm minim\u00e1lneho po\u010dtu po\u017eadovan\u00fdch hodnoten\u00ed (napr. z minim\u00e1lne 1 hodnotenia na minim\u00e1lne 10).<\/p>\n<p>V\u0161imnite si, \u017ee sme pou\u017eili iba \u00fadaje z preh\u013eadu Mapy Google a nie z in\u00fdch webov\u00fdch str\u00e1nok tret\u00edch str\u00e1n.<\/p>\n<p>Viac miest:<\/p>\n<p><a href=\"https:\/\/moverdb.com\/sk\/zasielatelstvo\/freight-forwarding-uk\/warrington-freight-forwarder\/\">Zasielate\u013estvo Warrington<\/a><br \/><a href=\"https:\/\/moverdb.com\/sk\/zasielatelstvo\/freight-forwarding-uk\/grimsby-freight-forwarder\/\">Zasielate\u013estvo Grimsby<\/a><br \/><a href=\"https:\/\/moverdb.com\/sk\/zasielatelstvo\/freight-forwarding-uk\/cardiff-freight-forwarder\/\">\u0160pedi\u010dn\u00e1 spolo\u010dnos\u0165 Cardiff<\/a><br \/><a href=\"https:\/\/moverdb.com\/sk\/zasielatelstvo\/freight-forwarding-uk\/luton-freight-forwarder\/\">Zasielate\u013estvo Luton<\/a><br \/><a href=\"https:\/\/moverdb.com\/sk\/zasielatelstvo\/freight-forwarding-uk\/milton-keynes-freight-forwarder\/\">\u0160pedit\u00e9r Milton Keynes<\/a><\/p>","protected":false},"excerpt":{"rendered":"<p>Below we look at the 4 &#8220;best&#8221; Freight Forwarding companies in Crawley out of 9. To learn more about how we chose the best please consult our FAQ section at the end. Please not the following listings are in no particular order and we are not making any recommendations for any particular company. MED Freight [&hellip;]<\/p>\n","protected":false},"author":1,"featured_media":0,"parent":13427,"menu_order":0,"comment_status":"open","ping_status":"open","template":"","meta":{"_genesis_hide_title":false,"_genesis_hide_breadcrumbs":false,"_genesis_hide_singular_image":false,"_genesis_hide_footer_widgets":false,"_genesis_custom_body_class":"","_genesis_custom_post_class":"","_genesis_layout":"","footnotes":""},"class_list":{"0":"post-13902","1":"page","2":"type-page","3":"status-publish","5":"entry"},"_links":{"self":[{"href":"https:\/\/moverdb.com\/sk\/wp-json\/wp\/v2\/pages\/13902","targetHints":{"allow":["GET"]}}],"collection":[{"href":"https:\/\/moverdb.com\/sk\/wp-json\/wp\/v2\/pages"}],"about":[{"href":"https:\/\/moverdb.com\/sk\/wp-json\/wp\/v2\/types\/page"}],"author":[{"embeddable":true,"href":"https:\/\/moverdb.com\/sk\/wp-json\/wp\/v2\/users\/1"}],"replies":[{"embeddable":true,"href":"https:\/\/moverdb.com\/sk\/wp-json\/wp\/v2\/comments?post=13902"}],"version-history":[{"count":1,"href":"https:\/\/moverdb.com\/sk\/wp-json\/wp\/v2\/pages\/13902\/revisions"}],"predecessor-version":[{"id":15782,"href":"https:\/\/moverdb.com\/sk\/wp-json\/wp\/v2\/pages\/13902\/revisions\/15782"}],"up":[{"embeddable":true,"href":"https:\/\/moverdb.com\/sk\/wp-json\/wp\/v2\/pages\/13427"}],"wp:attachment":[{"href":"https:\/\/moverdb.com\/sk\/wp-json\/wp\/v2\/media?parent=13902"}],"curies":[{"name":"wp","href":"https:\/\/api.w.org\/{rel}","templated":true}]}}