{"id":13877,"date":"2023-11-08T15:52:42","date_gmt":"2023-11-08T15:52:42","guid":{"rendered":"https:\/\/moverdb.com\/freight-forwarder\/freight-forwarding-uk\/rainham-freight-forwarder\/"},"modified":"2026-01-08T13:18:01","modified_gmt":"2026-01-08T13:18:01","slug":"rainham-freight-forwarder","status":"publish","type":"page","link":"https:\/\/moverdb.com\/sk\/freight-forwarder\/freight-forwarding-uk\/rainham-freight-forwarder\/","title":{"rendered":"5 najlep\u0161\u00edch \u0161pedi\u010dn\u00fdch spolo\u010dnost\u00ed v Rainhame (2024)"},"content":{"rendered":"<p>Ni\u017e\u0161ie sa pozrieme na 5 <em>\"najlep\u0161ie\"<\/em> \u0160pedi\u010dn\u00e9 firmy v meste Rainham z 12.<\/p>\n<p>Ak sa chcete dozvedie\u0165 viac o tom, ako sme vybrali t\u00fdch najlep\u0161\u00edch, pozrite si na\u0161u sekciu FAQ na konci.<\/p>\n<p><em>Upozor\u0148ujeme, \u017ee nasleduj\u00face zoznamy nie s\u00fa zoraden\u00e9 pod\u013ea konkr\u00e9tneho poradia a neodpor\u00fa\u010dame \u017eiadnu konkr\u00e9tnu spolo\u010dnos\u0165.<\/em><\/p>\n<div id=\"ez-toc-container\" class=\"ez-toc-v2_0_82_2 ez-toc-wrap-left counter-hierarchy ez-toc-counter ez-toc-transparent ez-toc-container-direction\">\n<div class=\"ez-toc-title-container\">\n<p class=\"ez-toc-title\" style=\"cursor:inherit\">Sekcie<\/p>\n<span class=\"ez-toc-title-toggle\"><a href=\"#\" class=\"ez-toc-pull-right ez-toc-btn ez-toc-btn-xs ez-toc-btn-default ez-toc-toggle\" aria-label=\"Prep\u00ednanie tabu\u013eky obsahu\"><span class=\"ez-toc-js-icon-con\"><span class=\"\"><span class=\"eztoc-hide\" style=\"display:none;\">Prep\u00edna\u010d<\/span><span class=\"ez-toc-icon-toggle-span\"><svg style=\"fill: #999;color:#999\" xmlns=\"http:\/\/www.w3.org\/2000\/svg\" class=\"list-377408\" width=\"20px\" height=\"20px\" viewbox=\"0 0 24 24\" fill=\"none\"><path d=\"M6 6H4v2h2V6zm14 0H8v2h12V6zM4 11h2v2H4v-2zm16 0H8v2h12v-2zM4 16h2v2H4v-2zm16 0H8v2h12v-2z\" fill=\"currentColor\"><\/path><\/svg><svg style=\"fill: #999;color:#999\" class=\"arrow-unsorted-368013\" xmlns=\"http:\/\/www.w3.org\/2000\/svg\" width=\"10px\" height=\"10px\" viewbox=\"0 0 24 24\" version=\"1.2\" baseprofile=\"tiny\"><path d=\"M18.2 9.3l-6.2-6.3-6.2 6.3c-.2.2-.3.4-.3.7s.1.5.3.7c.2.2.4.3.7.3h11c.3 0 .5-.1.7-.3.2-.2.3-.5.3-.7s-.1-.5-.3-.7zM5.8 14.7l6.2 6.3 6.2-6.3c.2-.2.3-.5.3-.7s-.1-.5-.3-.7c-.2-.2-.4-.3-.7-.3h-11c-.3 0-.5.1-.7.3-.2.2-.3.5-.3.7s.1.5.3.7z\"\/><\/svg><\/span><\/span><\/span><\/a><\/span><\/div>\n<nav><ul class='ez-toc-list ez-toc-list-level-1 eztoc-toggle-hide-by-default' ><li class='ez-toc-page-1 ez-toc-heading-level-2'><a class=\"ez-toc-link ez-toc-heading-1\" href=\"https:\/\/moverdb.com\/sk\/freight-forwarder\/freight-forwarding-uk\/rainham-freight-forwarder\/#Mds_Cargo_Freight_Services\" >Mds Cargo Freight Services<\/a><\/li><li class='ez-toc-page-1 ez-toc-heading-level-2'><a class=\"ez-toc-link ez-toc-heading-2\" href=\"https:\/\/moverdb.com\/sk\/freight-forwarder\/freight-forwarding-uk\/rainham-freight-forwarder\/#Tanganyika_Export_Services_Ltd\" >Tanganika Export Services Ltd<\/a><\/li><li class='ez-toc-page-1 ez-toc-heading-level-2'><a class=\"ez-toc-link ez-toc-heading-3\" href=\"https:\/\/moverdb.com\/sk\/freight-forwarder\/freight-forwarding-uk\/rainham-freight-forwarder\/#Delamode_Anglia\" >Delamode Anglia<\/a><\/li><li class='ez-toc-page-1 ez-toc-heading-level-2'><a class=\"ez-toc-link ez-toc-heading-4\" href=\"https:\/\/moverdb.com\/sk\/freight-forwarder\/freight-forwarding-uk\/rainham-freight-forwarder\/#Maximum_Logistics_ltd\" >Maximum Logistics ltd<\/a><\/li><li class='ez-toc-page-1 ez-toc-heading-level-2'><a class=\"ez-toc-link ez-toc-heading-5\" href=\"https:\/\/moverdb.com\/sk\/freight-forwarder\/freight-forwarding-uk\/rainham-freight-forwarder\/#Eagle_Cargo_Services_Ltd\" >Eagle Cargo Services Ltd<\/a><\/li><li class='ez-toc-page-1 ez-toc-heading-level-2'><a class=\"ez-toc-link ez-toc-heading-6\" href=\"https:\/\/moverdb.com\/sk\/freight-forwarder\/freight-forwarding-uk\/rainham-freight-forwarder\/#How_we_picked_the_best_Rainham_Freight_Forwarding_Companies\" >Ako sme vybrali najlep\u0161ie \u0161pedi\u010dn\u00e9 spolo\u010dnosti Rainham<\/a><\/li><\/ul><\/nav><\/div>\n<h2><span class=\"ez-toc-section\" id=\"Mds_Cargo_Freight_Services\"><\/span>Mds Cargo Freight Services<span class=\"ez-toc-section-end\"><\/span><\/h2>\n<p><img decoding=\"async\" src=\"https:\/\/moverdb.com\/wp-content\/uploads\/AF1QipNam006StLwo-uvfi2m6TlnqsgKrbZvBdoSX3P1w408-h544-k-no.jpg\" alt='Mds Cargo Freight Services' class=\"aligncenter\"><\/p>\n<p><strong>Popis z podniku: <\/strong>MDS Cargo je zasielate\u013esk\u00e1 slu\u017eba pre <a href=\"https:\/\/moverdb.com\/sk\/moving-companies\/moving-companies-nigeria\/\" data-internallinksmanager029f6b8e52c=\"280\" title=\"10 Najlep\u0161ie medzin\u00e1rodn\u00e9 s\u0165ahovacie spolo\u010dnosti v Nig\u00e9rii\">Nig\u00e9ria<\/a> , <a href=\"https:\/\/moverdb.com\/sk\/moving-companies\/moving-companies-ghana\/\" data-internallinksmanager029f6b8e52c=\"228\" title=\"2 Najlep\u0161ie medzin\u00e1rodn\u00e9 s\u0165ahovacie spolo\u010dnosti v Ghane\">Ghana<\/a> a \u010fal\u0161\u00edch africk\u00fdch kraj\u00edn.<\/p>\n<p> \u0160pecializujeme sa na dovoz a v\u00fdvoz tovaru z <a href=\"https:\/\/moverdb.com\/sk\/moving-to-the-uk\/\" data-internallinksmanager029f6b8e52c=\"93\" title=\"S\u0165ahujete sa do Spojen\u00e9ho kr\u00e1\u013eovstva? 2022 \u017divotn\u00e9 n\u00e1klady a tipy na pres\u0165ahovanie\">UK<\/a> , E\u00da z\u00e1padoafrick\u00fdm krajin\u00e1m.<\/p>\n<p> M\u00f4\u017eeme v\u00e1m pom\u00f4c\u0165 s t\u00fdmito slu\u017ebami;<br \/>\n1.<\/p>\n<p> Dovoz a v\u00fdvoz tovaru zo Spojen\u00e9ho kr\u00e1\u013eovstva E\u00da do Nig\u00e9rie a Ghany prostredn\u00edctvom leteckej a n\u00e1mornej prepravy.<\/p>\n<p> Na\u0161a n\u00e1morn\u00e1 preprava sa uskuto\u010d\u0148uje raz mesa\u010dne a leteck\u00e1 preprava odch\u00e1dza ka\u017ed\u00fd piatok.<\/p>\n<p>2.<\/p>\n<p> Pr\u00edjem a konsolid\u00e1cia tovaru pre z\u00e1kazn\u00edkov.<\/p>\n<p> Tovar m\u00f4\u017eeme pre z\u00e1kazn\u00edkov bezplatne skladova\u0165 a\u017e 20 dn\u00ed do odoslania.<\/p>\n<p>3.<\/p>\n<p> Poskytujeme aj slu\u017eby obstar\u00e1vania a prepravy pre mal\u00e9 a ve\u013ek\u00e9 podniky, a to v r\u00e1mci bal\u00edka<br \/>\n4.<\/p>\n<p> Poskytujeme skladovanie a v\u0161etky druhy obalov\u00fdch materi\u00e1lov na zabezpe\u010den\u00fa prepravu.<\/p>\n<p>Nav\u0161t\u00edvte str\u00e1nku <a href=\"https:\/\/moverdb.com\/sk\/moving-to-the-united-states\/\" data-internallinksmanager029f6b8e52c=\"94\" title=\"S\u0165ahujete sa do Spojen\u00fdch \u0161t\u00e1tov? 2022 \u017divotn\u00e9 n\u00e1klady a tipy na pres\u0165ahovanie\">n\u00e1s<\/a> Rainham | Orsett | Basildon<\/p>\n<p><strong>\u010eal\u0161ie slu\u017eby:<\/strong><\/p>\n<p>\u017diadne uveden\u00e9 v zozname<\/p>\n<p><strong>Adresa:<\/strong> MDS Cargo LCS LTD, 5 Lamson Rd, Rainham RM13 9YY<\/p>\n<p><a href=\"http:\/\/www.mdscargo.com\/\" target=\"_new\" rel=\"noopener\">Webov\u00e1 str\u00e1nka spolo\u010dnosti Mds Cargo Freight Services<\/a><\/p>\n<p><strong>Recenzia Sk\u00f3re: <\/strong>4.4<br \/> <strong>Po\u010det recenzi\u00ed:<\/strong> 19<br \/><a href=\"https:\/\/www.google.co.uk\/maps?cid=2770966211954205573&#038;hl=en&#038;gl=GB\" target=\"_new\" rel=\"noopener\">Pre\u010d\u00edtajte si recenzie<\/a><\/p>\n<h2><span class=\"ez-toc-section\" id=\"Tanganyika_Export_Services_Ltd\"><\/span>Tanganika Export Services Ltd<span class=\"ez-toc-section-end\"><\/span><\/h2>\n<p><img decoding=\"async\" src=\"https:\/\/moverdb.com\/wp-content\/uploads\/AF1QipOm7c1hAKSxC8qPip7BUkVOR5Ez0OBt3ImrhLtTw408-h725-k-no.jpg\" alt='Tanganika Export Services Ltd' class=\"aligncenter\"><\/p>\n<p><strong>Popis z podniku: <\/strong>\u017diadne nie je k dispoz\u00edcii<\/p>\n<p><strong>\u010eal\u0161ie slu\u017eby:<\/strong><\/p>\n<p>Skladovacie zariadenie<\/p>\n<p><strong>Adresa:<\/strong> jednotka 11, Noak Industrial Estate, New Rd, Rainham RM13 9EB<\/p>\n<p><a href=\"http:\/\/www.tanganyikaexport.com\/\" target=\"_new\" rel=\"noopener\">Webov\u00e1 str\u00e1nka spolo\u010dnosti Tanganyika Export Services Ltd<\/a><\/p>\n<p><strong>Recenzia Sk\u00f3re: <\/strong>3.8<br \/> <strong>Po\u010det recenzi\u00ed:<\/strong> 14<br \/><a href=\"https:\/\/www.google.co.uk\/maps?cid=13320201533691965430&#038;hl=en&#038;gl=GB\" target=\"_new\" rel=\"noopener\">Pre\u010d\u00edtajte si recenzie<\/a><\/p>\n<h2><span class=\"ez-toc-section\" id=\"Delamode_Anglia\"><\/span>Delamode Anglia<span class=\"ez-toc-section-end\"><\/span><\/h2>\n<p><img decoding=\"async\" src=\"\" alt=\"Delamode Anglia\" class=\"aligncenter\"><\/p>\n<p><strong>Popis z podniku: <\/strong>Spolo\u010dnos\u0165 Delamode Anglia, s\u00fa\u010das\u0165 skupiny Xpediator Plc, je \u0161pecialistom na spr\u00e1vu n\u00e1kladu.<\/p>\n<p>Bez oh\u013eadu na to, ak\u00e9 rie\u0161enie slu\u017eieb dod\u00e1vate\u013esk\u00e9ho re\u0165azca va\u0161a firma potrebuje, dostanete vysok\u00fa \u00farove\u0148 kvality a znalost\u00ed v odbore, podporen\u00fa bezkonkuren\u010dnou z\u00e1kazn\u00edckou podporou.<\/p>\n<p><strong>\u010eal\u0161ie slu\u017eby:<\/strong><\/p>\n<p>\u017diadne uveden\u00e9 v zozname<\/p>\n<p><strong>Adresa:<\/strong> Centrum Anglia, Fairview Industrial Park, Blackwater Cl, Rainham RM13 8UA<\/p>\n<p><a href=\"http:\/\/www.delamode-anglia.com\/\" target=\"_new\" rel=\"noopener\">Webov\u00e1 str\u00e1nka Delamode Anglia<\/a><\/p>\n<p><strong>Recenzia Sk\u00f3re: <\/strong>2.3<br \/> <strong>Po\u010det recenzi\u00ed:<\/strong> 3<br \/><a href=\"https:\/\/www.google.co.uk\/maps?cid=17233713952928852100&#038;hl=en&#038;gl=GB\" target=\"_new\" rel=\"noopener\">Pre\u010d\u00edtajte si recenzie<\/a><\/p>\n<h2><span class=\"ez-toc-section\" id=\"Maximum_Logistics_ltd\"><\/span>Maximum Logistics ltd<span class=\"ez-toc-section-end\"><\/span><\/h2>\n<p><img decoding=\"async\" src=\"https:\/\/moverdb.com\/wp-content\/uploads\/thumbnailpanoidUmRBfZFKQpmy4eWqKhQMZQcb_clientsearch.gws-prod.gpsw408h240yaw37.jpg\" alt='Maximum Logistics ltd' class=\"aligncenter\"><\/p>\n<p><strong>Popis z podniku: <\/strong>\u017diadne nie je k dispoz\u00edcii<\/p>\n<p><strong>\u010eal\u0161ie slu\u017eby:<\/strong><\/p>\n<p>Distribu\u010dn\u00e1 slu\u017eba<\/p>\n<p>Logistick\u00e9 slu\u017eby<\/p>\n<p><strong>Adresa:<\/strong> Unit 4 Salamons Way, Rainham RM13 9UL<\/p>\n<p><a href=\"https:\/\/www.facebook.com\/pages\/Maximum-Logistics\/271878739664967?fref=ts\" target=\"_new\" rel=\"noopener\">Webov\u00e1 str\u00e1nka spolo\u010dnosti Maximum Logistics ltd<\/a><\/p>\n<p><strong>Recenzia Sk\u00f3re: <\/strong>3.2<br \/> <strong>Po\u010det recenzi\u00ed:<\/strong> 23<br \/><a href=\"https:\/\/www.google.co.uk\/maps?cid=7463031270613870319&#038;hl=en&#038;gl=GB\" target=\"_new\" rel=\"noopener\">Pre\u010d\u00edtajte si recenzie<\/a><\/p>\n<h2><span class=\"ez-toc-section\" id=\"Eagle_Cargo_Services_Ltd\"><\/span>Eagle Cargo Services Ltd<span class=\"ez-toc-section-end\"><\/span><\/h2>\n<p><img decoding=\"async\" src=\"https:\/\/moverdb.com\/wp-content\/uploads\/AF1QipP_IKmjeYjnx5i7JUCbND_D89KNdXkrDJyVt0Esw408-h271-k-no.jpg\" alt='Eagle Cargo Services Ltd' class=\"aligncenter\"><\/p>\n<p><strong>Popis z podniku: <\/strong>\u017diadne nie je k dispoz\u00edcii<\/p>\n<p><strong>\u010eal\u0161ie slu\u017eby:<\/strong><\/p>\n<p>\u017diadne uveden\u00e9 v zozname<\/p>\n<p><strong>Adresa:<\/strong> 3B Lamson Rd, Rainham RM13 9YY<\/p>\n<p><a href=\"http:\/\/www.eaglecargoservices.com\/\" target=\"_new\" rel=\"noopener\">Webov\u00e1 str\u00e1nka spolo\u010dnosti Eagle Cargo Services Ltd<\/a><\/p>\n<p><strong>Recenzia Sk\u00f3re: <\/strong>4.8<br \/> <strong>Po\u010det recenzi\u00ed:<\/strong> 54<br \/><a href=\"https:\/\/www.google.co.uk\/maps?cid=7344038607440430613&#038;hl=en&#038;gl=GB\" target=\"_new\" rel=\"noopener\">Pre\u010d\u00edtajte si recenzie<\/a><\/p>\n<h2><span class=\"ez-toc-section\" id=\"How_we_picked_the_best_Rainham_Freight_Forwarding_Companies\"><\/span>Ako sme vybrali najlep\u0161ie \u0161pedi\u010dn\u00e9 spolo\u010dnosti Rainham<span class=\"ez-toc-section-end\"><\/span><\/h2>\n<p>Vych\u00e1dzali sme zo s\u00faboru \u00fadajov 12 \u0161pedi\u010dn\u00fdch spolo\u010dnost\u00ed Rainham, ktor\u00e9 sme na\u0161li na Map\u00e1ch Google, a z\u00fa\u017eili sme ho na 5 najlep\u0161\u00edch.<\/p>\n<p>Na tento \u00fa\u010del sme odstr\u00e1nili v\u0161etky spolo\u010dnosti, ktor\u00e9:<\/p>\n<ul>\n<li> Nemal \u017eiadnu webov\u00fa str\u00e1nku<\/li>\n<li> Nemal \u017eiadne recenzie<\/li>\n<li> Priemern\u00e9 hodnotenie pod 2,0<\/li>\n<\/ul>\n<p>Ak sme v tomto okamihu mali 17 alebo menej odosielate\u013eov, uviedli sme ich v\u0161etk\u00fdch.<\/p>\n<p>V mest\u00e1ch, kde n\u00e1m zostalo viac ako 17 odosielate\u013eov, sme vykonali \u010fal\u0161ie rev\u00edzie bu\u010f zv\u00fd\u0161en\u00edm po\u017eadovan\u00e9ho sk\u00f3re hodnotenia (napr. z minim\u00e1lne 2,0 na 4,0) a\/alebo zv\u00fd\u0161en\u00edm minim\u00e1lneho po\u010dtu po\u017eadovan\u00fdch hodnoten\u00ed (napr. z minim\u00e1lne 1 hodnotenia na minim\u00e1lne 10).<\/p>\n<p>V\u0161imnite si, \u017ee sme pou\u017eili iba \u00fadaje z preh\u013eadu Mapy Google a nie z in\u00fdch webov\u00fdch str\u00e1nok tret\u00edch str\u00e1n.<\/p>\n<p>Viac miest:<\/p>\n<p><a href=\"https:\/\/moverdb.com\/sk\/zasielatelstvo\/freight-forwarding-uk\/gravesend-freight-forwarder\/\">Zasielate\u013estvo Gravesend<\/a><br \/><a href=\"https:\/\/moverdb.com\/sk\/zasielatelstvo\/freight-forwarding-uk\/harrow-freight-forwarder\/\">Zasielate\u013estvo Harrow<\/a><br \/><a href=\"https:\/\/moverdb.com\/sk\/zasielatelstvo\/freight-forwarding-uk\/nottingham-freight-forwarder\/\">Nottinghamsk\u00fd zasielate\u013e<\/a><br \/><a href=\"https:\/\/moverdb.com\/sk\/zasielatelstvo\/freight-forwarding-uk\/rotherham-freight-forwarder\/\">Zasielate\u013estvo Rotherham<\/a><br \/><a href=\"https:\/\/moverdb.com\/sk\/zasielatelstvo\/freight-forwarding-uk\/crawley-freight-forwarder\/\">Zasielate\u013estvo Crawley<\/a><\/p>","protected":false},"excerpt":{"rendered":"<p>Below we look at the 5 &#8220;best&#8221; Freight Forwarding companies in Rainham out of 12. To learn more about how we chose the best please consult our FAQ section at the end. Please not the following listings are in no particular order and we are not making any recommendations for any particular company. Mds Cargo [&hellip;]<\/p>\n","protected":false},"author":1,"featured_media":0,"parent":13427,"menu_order":0,"comment_status":"open","ping_status":"open","template":"","meta":{"_genesis_hide_title":false,"_genesis_hide_breadcrumbs":false,"_genesis_hide_singular_image":false,"_genesis_hide_footer_widgets":false,"_genesis_custom_body_class":"","_genesis_custom_post_class":"","_genesis_layout":"","footnotes":""},"class_list":{"0":"post-13877","1":"page","2":"type-page","3":"status-publish","5":"entry"},"_links":{"self":[{"href":"https:\/\/moverdb.com\/sk\/wp-json\/wp\/v2\/pages\/13877","targetHints":{"allow":["GET"]}}],"collection":[{"href":"https:\/\/moverdb.com\/sk\/wp-json\/wp\/v2\/pages"}],"about":[{"href":"https:\/\/moverdb.com\/sk\/wp-json\/wp\/v2\/types\/page"}],"author":[{"embeddable":true,"href":"https:\/\/moverdb.com\/sk\/wp-json\/wp\/v2\/users\/1"}],"replies":[{"embeddable":true,"href":"https:\/\/moverdb.com\/sk\/wp-json\/wp\/v2\/comments?post=13877"}],"version-history":[{"count":1,"href":"https:\/\/moverdb.com\/sk\/wp-json\/wp\/v2\/pages\/13877\/revisions"}],"predecessor-version":[{"id":15792,"href":"https:\/\/moverdb.com\/sk\/wp-json\/wp\/v2\/pages\/13877\/revisions\/15792"}],"up":[{"embeddable":true,"href":"https:\/\/moverdb.com\/sk\/wp-json\/wp\/v2\/pages\/13427"}],"wp:attachment":[{"href":"https:\/\/moverdb.com\/sk\/wp-json\/wp\/v2\/media?parent=13877"}],"curies":[{"name":"wp","href":"https:\/\/api.w.org\/{rel}","templated":true}]}}