{"id":13872,"date":"2023-11-08T15:52:42","date_gmt":"2023-11-08T15:52:42","guid":{"rendered":"https:\/\/moverdb.com\/freight-forwarder\/freight-forwarding-uk\/wolverhampton-freight-forwarder\/"},"modified":"2026-01-08T13:18:06","modified_gmt":"2026-01-08T13:18:06","slug":"wolverhampton-freight-forwarder","status":"publish","type":"page","link":"https:\/\/moverdb.com\/sk\/freight-forwarder\/freight-forwarding-uk\/wolverhampton-freight-forwarder\/","title":{"rendered":"5 najlep\u0161\u00edch \u0161pedi\u010dn\u00fdch spolo\u010dnost\u00ed vo Wolverhamptone (2024)"},"content":{"rendered":"<p>Ni\u017e\u0161ie sa pozrieme na 5 <em>\"najlep\u0161ie\"<\/em> \u0160pedi\u010dn\u00e9 firmy v meste Wolverhampton z 13.<\/p>\n<p>Ak sa chcete dozvedie\u0165 viac o tom, ako sme vybrali t\u00fdch najlep\u0161\u00edch, pozrite si na\u0161u sekciu FAQ na konci.<\/p>\n<p><em>Upozor\u0148ujeme, \u017ee nasleduj\u00face zoznamy nie s\u00fa zoraden\u00e9 pod\u013ea konkr\u00e9tneho poradia a neodpor\u00fa\u010dame \u017eiadnu konkr\u00e9tnu spolo\u010dnos\u0165.<\/em><\/p>\n<div id=\"ez-toc-container\" class=\"ez-toc-v2_0_82_2 ez-toc-wrap-left counter-hierarchy ez-toc-counter ez-toc-transparent ez-toc-container-direction\">\n<div class=\"ez-toc-title-container\">\n<p class=\"ez-toc-title\" style=\"cursor:inherit\">Sekcie<\/p>\n<span class=\"ez-toc-title-toggle\"><a href=\"#\" class=\"ez-toc-pull-right ez-toc-btn ez-toc-btn-xs ez-toc-btn-default ez-toc-toggle\" aria-label=\"Prep\u00ednanie tabu\u013eky obsahu\"><span class=\"ez-toc-js-icon-con\"><span class=\"\"><span class=\"eztoc-hide\" style=\"display:none;\">Prep\u00edna\u010d<\/span><span class=\"ez-toc-icon-toggle-span\"><svg style=\"fill: #999;color:#999\" xmlns=\"http:\/\/www.w3.org\/2000\/svg\" class=\"list-377408\" width=\"20px\" height=\"20px\" viewbox=\"0 0 24 24\" fill=\"none\"><path d=\"M6 6H4v2h2V6zm14 0H8v2h12V6zM4 11h2v2H4v-2zm16 0H8v2h12v-2zM4 16h2v2H4v-2zm16 0H8v2h12v-2z\" fill=\"currentColor\"><\/path><\/svg><svg style=\"fill: #999;color:#999\" class=\"arrow-unsorted-368013\" xmlns=\"http:\/\/www.w3.org\/2000\/svg\" width=\"10px\" height=\"10px\" viewbox=\"0 0 24 24\" version=\"1.2\" baseprofile=\"tiny\"><path d=\"M18.2 9.3l-6.2-6.3-6.2 6.3c-.2.2-.3.4-.3.7s.1.5.3.7c.2.2.4.3.7.3h11c.3 0 .5-.1.7-.3.2-.2.3-.5.3-.7s-.1-.5-.3-.7zM5.8 14.7l6.2 6.3 6.2-6.3c.2-.2.3-.5.3-.7s-.1-.5-.3-.7c-.2-.2-.4-.3-.7-.3h-11c-.3 0-.5.1-.7.3-.2.2-.3.5-.3.7s.1.5.3.7z\"\/><\/svg><\/span><\/span><\/span><\/a><\/span><\/div>\n<nav><ul class='ez-toc-list ez-toc-list-level-1 eztoc-toggle-hide-by-default' ><li class='ez-toc-page-1 ez-toc-heading-level-2'><a class=\"ez-toc-link ez-toc-heading-1\" href=\"https:\/\/moverdb.com\/sk\/freight-forwarder\/freight-forwarding-uk\/wolverhampton-freight-forwarder\/#Global_Freight_Group\" >Skupina Global Freight Group<\/a><\/li><li class='ez-toc-page-1 ez-toc-heading-level-2'><a class=\"ez-toc-link ez-toc-heading-2\" href=\"https:\/\/moverdb.com\/sk\/freight-forwarder\/freight-forwarding-uk\/wolverhampton-freight-forwarder\/#Gordian_Knot_Forwarding_Ltd\" >Gordian Knot Forwarding Ltd<\/a><\/li><li class='ez-toc-page-1 ez-toc-heading-level-2'><a class=\"ez-toc-link ez-toc-heading-3\" href=\"https:\/\/moverdb.com\/sk\/freight-forwarder\/freight-forwarding-uk\/wolverhampton-freight-forwarder\/#EDS_Worldwide\" >EDS Worldwide<\/a><\/li><li class='ez-toc-page-1 ez-toc-heading-level-2'><a class=\"ez-toc-link ez-toc-heading-4\" href=\"https:\/\/moverdb.com\/sk\/freight-forwarder\/freight-forwarding-uk\/wolverhampton-freight-forwarder\/#A_W_Baxter_Ltd_Global_Logistics_Export_Packing\" >A W Baxter Ltd Glob\u00e1lna logistika a exportn\u00e9 balenie<\/a><\/li><li class='ez-toc-page-1 ez-toc-heading-level-2'><a class=\"ez-toc-link ez-toc-heading-5\" href=\"https:\/\/moverdb.com\/sk\/freight-forwarder\/freight-forwarding-uk\/wolverhampton-freight-forwarder\/#Cannon_Freight_Ltd\" >Cannon Freight Ltd<\/a><\/li><li class='ez-toc-page-1 ez-toc-heading-level-2'><a class=\"ez-toc-link ez-toc-heading-6\" href=\"https:\/\/moverdb.com\/sk\/freight-forwarder\/freight-forwarding-uk\/wolverhampton-freight-forwarder\/#How_we_picked_the_best_Wolverhampton_Freight_Forwarding_Companies\" >Ako sme vybrali najlep\u0161ie \u0161pedi\u010dn\u00e9 spolo\u010dnosti vo Wolverhamptone<\/a><\/li><\/ul><\/nav><\/div>\n<h2><span class=\"ez-toc-section\" id=\"Global_Freight_Group\"><\/span>Skupina Global Freight Group<span class=\"ez-toc-section-end\"><\/span><\/h2>\n<p><img decoding=\"async\" src=\"https:\/\/moverdb.com\/wp-content\/uploads\/thumbnailpanoidgilO1TAU5gsqNx2fZ4JQOwcb_clientsearch.gws-prod.gpsw408h240yaw28.jpg\" alt='Skupina Global Freight Group' class=\"aligncenter\"><\/p>\n<p><strong>Popis z podniku: <\/strong>\u017diadne nie je k dispoz\u00edcii<\/p>\n<p><strong>\u010eal\u0161ie slu\u017eby:<\/strong><\/p>\n<p>\u017diadne uveden\u00e9 v zozname<\/p>\n<p><strong>Adresa:<\/strong> 13 Mount Rd, Penn, Wolverhampton WV4 5SN<\/p>\n<p><a href=\"http:\/\/www.globalfreightnet.org\/\" target=\"_new\" rel=\"noopener\">Webov\u00e1 str\u00e1nka skupiny Global Freight Group<\/a><\/p>\n<p><strong>Recenzia Sk\u00f3re: <\/strong>5<br \/> <strong>Po\u010det recenzi\u00ed:<\/strong> 1<br \/><a href=\"https:\/\/www.google.co.uk\/maps?cid=10354043475015102805&#038;hl=en&#038;gl=GB\" target=\"_new\" rel=\"noopener\">Pre\u010d\u00edtajte si recenzie<\/a><\/p>\n<h2><span class=\"ez-toc-section\" id=\"Gordian_Knot_Forwarding_Ltd\"><\/span>Gordian Knot Forwarding Ltd<span class=\"ez-toc-section-end\"><\/span><\/h2>\n<p><img decoding=\"async\" src=\"https:\/\/moverdb.com\/wp-content\/uploads\/thumbnailpanoidtMkuxBVYv2GT81yzklnblAcb_clientsearch.gws-prod.gpsw408h240yaw67.jpg\" alt='Gordian Knot Forwarding Ltd' class=\"aligncenter\"><\/p>\n<p><strong>Popis z podniku: <\/strong>Medzin\u00e1rodn\u00e9 <a href=\"https:\/\/moverdb.com\/sk\/freight-forwarder\/\" data-internallinksmanager029f6b8e52c=\"17\" title=\"Sprievodca medzin\u00e1rodn\u00fdmi n\u00e1kladmi a spolo\u010dnos\u0165ami zasielate\u013estva a NVOCC\">Zasielate\u013estvo<\/a> \u0160pecialista na n\u00e1morn\u00fa prepravu a v\u0161eobecn\u00fd coln\u00fd sprostredkovate\u013e pre v\u0161etky dovozy a v\u00fdvozy prostredn\u00edctvom <a href=\"https:\/\/moverdb.com\/sk\/moving-to-the-uk\/\" data-internallinksmanager029f6b8e52c=\"93\" title=\"S\u0165ahujete sa do Spojen\u00e9ho kr\u00e1\u013eovstva? 2022 \u017divotn\u00e9 n\u00e1klady a tipy na pres\u0165ahovanie\">UK<\/a> hranice.<\/p>\n<p><strong>\u010eal\u0161ie slu\u017eby:<\/strong><\/p>\n<p>Coln\u00fd sprostredkovate\u013e<\/p>\n<p>Coln\u00fd poradca<\/p>\n<p><strong>Adresa:<\/strong> K4, The Chubb Buildings, Fryer St, Wolverhampton WV1 1HT<\/p>\n<p><a href=\"http:\/\/www.gordianknotforwarding.co.uk\/\" target=\"_new\" rel=\"noopener\">Webov\u00e1 str\u00e1nka spolo\u010dnosti Gordian Knot Forwarding Ltd<\/a><\/p>\n<p><strong>Recenzia Sk\u00f3re: <\/strong>5<br \/> <strong>Po\u010det recenzi\u00ed:<\/strong> 1<br \/><a href=\"https:\/\/www.google.co.uk\/maps?cid=13729101083555532931&#038;hl=en&#038;gl=GB\" target=\"_new\" rel=\"noopener\">Pre\u010d\u00edtajte si recenzie<\/a><\/p>\n<h2><span class=\"ez-toc-section\" id=\"EDS_Worldwide\"><\/span>EDS Worldwide<span class=\"ez-toc-section-end\"><\/span><\/h2>\n<p><img decoding=\"async\" src=\"https:\/\/moverdb.com\/wp-content\/uploads\/thumbnailpanoidSBDynZ8fOIxau-AzsEjOHwcb_clientsearch.gws-prod.gpsw408h240yaw53.jpg\" alt='EDS Worldwide' class=\"aligncenter\"><\/p>\n<p><strong>Popis z podniku: <\/strong>\u017diadne nie je k dispoz\u00edcii<\/p>\n<p><strong>\u010eal\u0161ie slu\u017eby:<\/strong><\/p>\n<p>Dod\u00e1vate\u013esk\u00e1 spolo\u010dnos\u0165<\/p>\n<p><strong>Adresa:<\/strong> Henry House, Enterprise Dr, Four Ashes, Wolverhampton WV10 7DF<\/p>\n<p><a href=\"http:\/\/www.edsworldwide.co.uk\/\" target=\"_new\" rel=\"noopener\">Webov\u00e1 str\u00e1nka EDS Worldwide<\/a><\/p>\n<p><strong>Recenzia Sk\u00f3re: <\/strong>3<br \/> <strong>Po\u010det recenzi\u00ed:<\/strong> 2<br \/><a href=\"https:\/\/www.google.co.uk\/maps?cid=16746980420673499521&#038;hl=en&#038;gl=GB\" target=\"_new\" rel=\"noopener\">Pre\u010d\u00edtajte si recenzie<\/a><\/p>\n<h2><span class=\"ez-toc-section\" id=\"A_W_Baxter_Ltd_Global_Logistics_Export_Packing\"><\/span>A W Baxter Ltd Glob\u00e1lna logistika a exportn\u00e9 balenie<span class=\"ez-toc-section-end\"><\/span><\/h2>\n<p><img decoding=\"async\" src=\"https:\/\/moverdb.com\/wp-content\/uploads\/AF1QipMxK_NhkjocyRR6Gi048ZqMxF6H-IKAt3YKkYgMw426-h240-k-no.jpg\" alt='A W Baxter Ltd Glob\u00e1lna logistika a exportn\u00e9 balenie' class=\"aligncenter\"><\/p>\n<p><strong>Popis z podniku: <\/strong>Boli sme zalo\u017een\u00ed v roku 1992 a stali sme sa kompletn\u00fdm logistick\u00fdm rie\u0161en\u00edm, \u010di u\u017e ide o poskytovanie slu\u017eieb balenia na mieru, prepravy alebo skladovania, v\u017edy spln\u00edme v\u0161etky po\u017eiadavky.<\/p>\n<p>Od svojho vzniku sme si vybudovali poves\u0165 spo\u013eahlivej a dokonalej spolo\u010dnosti v logistickom priemysle, ktor\u00e1 zabezpe\u010duje v\u00fdrobu v\u00fdvozn\u00fdch obalov, nakladanie a vykladanie kontajnerov, glob\u00e1lnu prepravu tovaru a projekty na k\u013e\u00fa\u010d.Na\u0161a pr\u00e1ca je rozmanit\u00e1 a rozsiahla, Baxters je meno, na ktor\u00e9 sa m\u00f4\u017eete spo\u013eahn\u00fa\u0165.<\/p>\n<p>Ako nez\u00e1visl\u00e1 rodinn\u00e1 spolo\u010dnos\u0165 m\u00e1me znalosti, sk\u00fasenosti a odhodlanie, aby sme ka\u017ed\u00fa pr\u00e1cu vykonali flexibilne a person\u00e1lne.<\/p>\n<p> Aj ke\u010f pokr\u00fdvame cel\u00fd svet a m\u00e1me z\u00e1kazky, ktor\u00e9 spravujeme po celom svete, st\u00e1le zost\u00e1vame pri na\u0161ich z\u00e1kladn\u00fdch hodnot\u00e1ch partnerstva a spokojnosti.<\/p>\n<p><strong>\u010eal\u0161ie slu\u017eby:<\/strong><\/p>\n<p>Dod\u00e1vatelia a slu\u017eby v oblasti balenia<\/p>\n<p>Dod\u00e1vate\u013esk\u00e1 spolo\u010dnos\u0165<\/p>\n<p>Doprovodn\u00e1 slu\u017eba v oblasti dopravy<\/p>\n<p>Dopravn\u00e9 slu\u017eby<\/p>\n<p><strong>Adresa:<\/strong> Unit 4, Dock Meadow Industrial Estate, Lanesfield Dr, Lanesfield, Wolverhampton WV4 6LE<\/p>\n<p><a href=\"http:\/\/www.baxtersgroup.com\/\" target=\"_new\" rel=\"noopener\">Webov\u00e1 str\u00e1nka spolo\u010dnosti A W Baxter Ltd Global Logistics &amp; Export Packing<\/a><\/p>\n<p><strong>Recenzia Sk\u00f3re: <\/strong>3.2<br \/> <strong>Po\u010det recenzi\u00ed:<\/strong> 5<br \/><a href=\"https:\/\/www.google.co.uk\/maps?cid=13010859982753556877&#038;hl=en&#038;gl=GB\" target=\"_new\" rel=\"noopener\">Pre\u010d\u00edtajte si recenzie<\/a><\/p>\n<h2><span class=\"ez-toc-section\" id=\"Cannon_Freight_Ltd\"><\/span>Cannon Freight Ltd<span class=\"ez-toc-section-end\"><\/span><\/h2>\n<p><img decoding=\"async\" src=\"https:\/\/moverdb.com\/wp-content\/uploads\/thumbnailpanoidfUGljhP4o_tarxv2fhVBiQcb_clientsearch.gws-prod.gpsw408h240yaw78.jpg\" alt='Cannon Freight Ltd' class=\"aligncenter\"><\/p>\n<p><strong>Popis z podniku: <\/strong>\u017diadne nie je k dispoz\u00edcii<\/p>\n<p><strong>\u010eal\u0161ie slu\u017eby:<\/strong><\/p>\n<p>\u017diadne uveden\u00e9 v zozname<\/p>\n<p><strong>Adresa:<\/strong> Wulfrun Self Storage, Cooper St, Wolverhampton WV2 2JL<\/p>\n<p><a href=\"https:\/\/www.cannonfreight.co.uk\/\" target=\"_new\" rel=\"noopener\">Webov\u00e1 str\u00e1nka spolo\u010dnosti Cannon Freight Ltd<\/a><\/p>\n<p><strong>Recenzia Sk\u00f3re: <\/strong>3<br \/> <strong>Po\u010det recenzi\u00ed:<\/strong> 3<br \/><a href=\"https:\/\/www.google.co.uk\/maps?cid=6788104322717129461&#038;hl=en&#038;gl=GB\" target=\"_new\" rel=\"noopener\">Pre\u010d\u00edtajte si recenzie<\/a><\/p>\n<h2><span class=\"ez-toc-section\" id=\"How_we_picked_the_best_Wolverhampton_Freight_Forwarding_Companies\"><\/span>Ako sme vybrali najlep\u0161ie \u0161pedi\u010dn\u00e9 spolo\u010dnosti vo Wolverhamptone<span class=\"ez-toc-section-end\"><\/span><\/h2>\n<p>Vych\u00e1dzali sme zo s\u00faboru \u00fadajov 13 \u0161pedi\u010dn\u00fdch spolo\u010dnost\u00ed z Wolverhamptonu, ktor\u00e9 sme na\u0161li na Map\u00e1ch Google, a z\u00fa\u017eili sme ho na 5 najlep\u0161\u00edch.<\/p>\n<p>Na tento \u00fa\u010del sme odstr\u00e1nili v\u0161etky spolo\u010dnosti, ktor\u00e9:<\/p>\n<ul>\n<li> Nemal \u017eiadnu webov\u00fa str\u00e1nku<\/li>\n<li> Nemal \u017eiadne recenzie<\/li>\n<li> Priemern\u00e9 hodnotenie pod 2,0<\/li>\n<\/ul>\n<p>Ak sme v tomto okamihu mali 17 alebo menej odosielate\u013eov, uviedli sme ich v\u0161etk\u00fdch.<\/p>\n<p>V mest\u00e1ch, kde n\u00e1m zostalo viac ako 17 odosielate\u013eov, sme vykonali \u010fal\u0161ie rev\u00edzie bu\u010f zv\u00fd\u0161en\u00edm po\u017eadovan\u00e9ho sk\u00f3re hodnotenia (napr. z minim\u00e1lne 2,0 na 4,0) a\/alebo zv\u00fd\u0161en\u00edm minim\u00e1lneho po\u010dtu po\u017eadovan\u00fdch hodnoten\u00ed (napr. z minim\u00e1lne 1 hodnotenia na minim\u00e1lne 10).<\/p>\n<p>V\u0161imnite si, \u017ee sme pou\u017eili iba \u00fadaje z preh\u013eadu Mapy Google a nie z in\u00fdch webov\u00fdch str\u00e1nok tret\u00edch str\u00e1n.<\/p>\n<p>Viac miest:<\/p>\n<p><a href=\"https:\/\/moverdb.com\/sk\/zasielatelstvo\/freight-forwarding-uk\/rainham-freight-forwarder\/\">\u0160pedi\u010dn\u00e1 spolo\u010dnos\u0165 Rainham<\/a><br \/><a href=\"https:\/\/moverdb.com\/sk\/zasielatelstvo\/freight-forwarding-uk\/gravesend-freight-forwarder\/\">Zasielate\u013estvo Gravesend<\/a><br \/><a href=\"https:\/\/moverdb.com\/sk\/zasielatelstvo\/freight-forwarding-uk\/harrow-freight-forwarder\/\">Zasielate\u013estvo Harrow<\/a><br \/><a href=\"https:\/\/moverdb.com\/sk\/zasielatelstvo\/freight-forwarding-uk\/nottingham-freight-forwarder\/\">Nottinghamsk\u00fd zasielate\u013e<\/a><br \/><a href=\"https:\/\/moverdb.com\/sk\/zasielatelstvo\/freight-forwarding-uk\/rotherham-freight-forwarder\/\">Zasielate\u013estvo Rotherham<\/a><\/p>","protected":false},"excerpt":{"rendered":"<p>Below we look at the 5 &#8220;best&#8221; Freight Forwarding companies in Wolverhampton out of 13. To learn more about how we chose the best please consult our FAQ section at the end. Please not the following listings are in no particular order and we are not making any recommendations for any particular company. Global Freight [&hellip;]<\/p>\n","protected":false},"author":1,"featured_media":0,"parent":13427,"menu_order":0,"comment_status":"open","ping_status":"open","template":"","meta":{"_genesis_hide_title":false,"_genesis_hide_breadcrumbs":false,"_genesis_hide_singular_image":false,"_genesis_hide_footer_widgets":false,"_genesis_custom_body_class":"","_genesis_custom_post_class":"","_genesis_layout":"","footnotes":""},"class_list":{"0":"post-13872","1":"page","2":"type-page","3":"status-publish","5":"entry"},"_links":{"self":[{"href":"https:\/\/moverdb.com\/sk\/wp-json\/wp\/v2\/pages\/13872","targetHints":{"allow":["GET"]}}],"collection":[{"href":"https:\/\/moverdb.com\/sk\/wp-json\/wp\/v2\/pages"}],"about":[{"href":"https:\/\/moverdb.com\/sk\/wp-json\/wp\/v2\/types\/page"}],"author":[{"embeddable":true,"href":"https:\/\/moverdb.com\/sk\/wp-json\/wp\/v2\/users\/1"}],"replies":[{"embeddable":true,"href":"https:\/\/moverdb.com\/sk\/wp-json\/wp\/v2\/comments?post=13872"}],"version-history":[{"count":1,"href":"https:\/\/moverdb.com\/sk\/wp-json\/wp\/v2\/pages\/13872\/revisions"}],"predecessor-version":[{"id":15796,"href":"https:\/\/moverdb.com\/sk\/wp-json\/wp\/v2\/pages\/13872\/revisions\/15796"}],"up":[{"embeddable":true,"href":"https:\/\/moverdb.com\/sk\/wp-json\/wp\/v2\/pages\/13427"}],"wp:attachment":[{"href":"https:\/\/moverdb.com\/sk\/wp-json\/wp\/v2\/media?parent=13872"}],"curies":[{"name":"wp","href":"https:\/\/api.w.org\/{rel}","templated":true}]}}