{"id":13843,"date":"2023-11-08T15:52:42","date_gmt":"2023-11-08T15:52:42","guid":{"rendered":"https:\/\/moverdb.com\/freight-forwarder\/freight-forwarding-uk\/paisley-freight-forwarder\/"},"modified":"2026-01-08T13:18:07","modified_gmt":"2026-01-08T13:18:07","slug":"paisley-freight-forwarder","status":"publish","type":"page","link":"https:\/\/moverdb.com\/sk\/freight-forwarder\/freight-forwarding-uk\/paisley-freight-forwarder\/","title":{"rendered":"6 najlep\u0161\u00edch \u0161pedi\u010dn\u00fdch spolo\u010dnost\u00ed v Paisley (2024)"},"content":{"rendered":"<p>Ni\u017e\u0161ie sa pozrieme na 6 <em>\"najlep\u0161ie\"<\/em> \u0160pedi\u010dn\u00e9 firmy v meste Paisley z 10.<\/p>\n<p>Ak sa chcete dozvedie\u0165 viac o tom, ako sme vybrali t\u00fdch najlep\u0161\u00edch, pozrite si na\u0161u sekciu FAQ na konci.<\/p>\n<p><em>Upozor\u0148ujeme, \u017ee nasleduj\u00face zoznamy nie s\u00fa zoraden\u00e9 pod\u013ea konkr\u00e9tneho poradia a neodpor\u00fa\u010dame \u017eiadnu konkr\u00e9tnu spolo\u010dnos\u0165.<\/em><\/p>\n<div id=\"ez-toc-container\" class=\"ez-toc-v2_0_82_2 ez-toc-wrap-left counter-hierarchy ez-toc-counter ez-toc-transparent ez-toc-container-direction\">\n<div class=\"ez-toc-title-container\">\n<p class=\"ez-toc-title\" style=\"cursor:inherit\">Sekcie<\/p>\n<span class=\"ez-toc-title-toggle\"><a href=\"#\" class=\"ez-toc-pull-right ez-toc-btn ez-toc-btn-xs ez-toc-btn-default ez-toc-toggle\" aria-label=\"Prep\u00ednanie tabu\u013eky obsahu\"><span class=\"ez-toc-js-icon-con\"><span class=\"\"><span class=\"eztoc-hide\" style=\"display:none;\">Prep\u00edna\u010d<\/span><span class=\"ez-toc-icon-toggle-span\"><svg style=\"fill: #999;color:#999\" xmlns=\"http:\/\/www.w3.org\/2000\/svg\" class=\"list-377408\" width=\"20px\" height=\"20px\" viewbox=\"0 0 24 24\" fill=\"none\"><path d=\"M6 6H4v2h2V6zm14 0H8v2h12V6zM4 11h2v2H4v-2zm16 0H8v2h12v-2zM4 16h2v2H4v-2zm16 0H8v2h12v-2z\" fill=\"currentColor\"><\/path><\/svg><svg style=\"fill: #999;color:#999\" class=\"arrow-unsorted-368013\" xmlns=\"http:\/\/www.w3.org\/2000\/svg\" width=\"10px\" height=\"10px\" viewbox=\"0 0 24 24\" version=\"1.2\" baseprofile=\"tiny\"><path d=\"M18.2 9.3l-6.2-6.3-6.2 6.3c-.2.2-.3.4-.3.7s.1.5.3.7c.2.2.4.3.7.3h11c.3 0 .5-.1.7-.3.2-.2.3-.5.3-.7s-.1-.5-.3-.7zM5.8 14.7l6.2 6.3 6.2-6.3c.2-.2.3-.5.3-.7s-.1-.5-.3-.7c-.2-.2-.4-.3-.7-.3h-11c-.3 0-.5.1-.7.3-.2.2-.3.5-.3.7s.1.5.3.7z\"\/><\/svg><\/span><\/span><\/span><\/a><\/span><\/div>\n<nav><ul class='ez-toc-list ez-toc-list-level-1 eztoc-toggle-hide-by-default' ><li class='ez-toc-page-1 ez-toc-heading-level-2'><a class=\"ez-toc-link ez-toc-heading-1\" href=\"https:\/\/moverdb.com\/sk\/freight-forwarder\/freight-forwarding-uk\/paisley-freight-forwarder\/#SEKO_Logistics_Glasgow_UK\" >SEKO Logistics Glasgow Ve\u013ek\u00e1 Brit\u00e1nia<\/a><\/li><li class='ez-toc-page-1 ez-toc-heading-level-2'><a class=\"ez-toc-link ez-toc-heading-2\" href=\"https:\/\/moverdb.com\/sk\/freight-forwarder\/freight-forwarding-uk\/paisley-freight-forwarder\/#Expeditors\" >Expedi\u010dn\u00e9 slu\u017eby<\/a><\/li><li class='ez-toc-page-1 ez-toc-heading-level-2'><a class=\"ez-toc-link ez-toc-heading-3\" href=\"https:\/\/moverdb.com\/sk\/freight-forwarder\/freight-forwarding-uk\/paisley-freight-forwarder\/#Pentagon_Freight_Services_PLC\" >Pentagon Freight Services PLC<\/a><\/li><li class='ez-toc-page-1 ez-toc-heading-level-2'><a class=\"ez-toc-link ez-toc-heading-4\" href=\"https:\/\/moverdb.com\/sk\/freight-forwarder\/freight-forwarding-uk\/paisley-freight-forwarder\/#Circle_Express\" >Circle Express<\/a><\/li><li class='ez-toc-page-1 ez-toc-heading-level-2'><a class=\"ez-toc-link ez-toc-heading-5\" href=\"https:\/\/moverdb.com\/sk\/freight-forwarder\/freight-forwarding-uk\/paisley-freight-forwarder\/#Kuehne_Nagel\" >Kuehne &amp; Nagel<\/a><\/li><li class='ez-toc-page-1 ez-toc-heading-level-2'><a class=\"ez-toc-link ez-toc-heading-6\" href=\"https:\/\/moverdb.com\/sk\/freight-forwarder\/freight-forwarding-uk\/paisley-freight-forwarder\/#Kerry_Logistics_UK_Limited\" >Kerry Logistics (UK) Limited<\/a><\/li><li class='ez-toc-page-1 ez-toc-heading-level-2'><a class=\"ez-toc-link ez-toc-heading-7\" href=\"https:\/\/moverdb.com\/sk\/freight-forwarder\/freight-forwarding-uk\/paisley-freight-forwarder\/#How_we_picked_the_best_Paisley_Freight_Forwarding_Companies\" >Ako sme vybrali najlep\u0161ie \u0161pedi\u010dn\u00e9 spolo\u010dnosti v Paisley<\/a><\/li><\/ul><\/nav><\/div>\n<h2><span class=\"ez-toc-section\" id=\"SEKO_Logistics_Glasgow_UK\"><\/span>SEKO Logistics Glasgow Ve\u013ek\u00e1 Brit\u00e1nia<span class=\"ez-toc-section-end\"><\/span><\/h2>\n<p><img decoding=\"async\" src=\"https:\/\/moverdb.com\/wp-content\/uploads\/thumbnailpanoidew4W_2kTy5pQEKvoL3crhwcb_clientsearch.gws-prod.gpsw408h240yaw326.jpg\" alt='SEKO Logistics Glasgow Ve\u013ek\u00e1 Brit\u00e1nia' class=\"aligncenter\"><\/p>\n<p><strong>Popis z podniku: <\/strong>\u017diadne nie je k dispoz\u00edcii<\/p>\n<p><strong>\u010eal\u0161ie slu\u017eby:<\/strong><\/p>\n<p>\u017diadne uveden\u00e9 v zozname<\/p>\n<p><strong>Adresa:<\/strong> SEKO Logistics Scotland Ltd Pavilion 1 (Lower), St James Business Park, 85 Linwood Rd, Paisley PA3 3BB<\/p>\n<p><a href=\"https:\/\/www.sekologistics.com\/us\/locations\/europe\/united-kingdom\/seko-logistics-scotland-ltd-uk\/1652\/?utm_source=GMBListing&#038;utm_medium=organic&#038;utm_campaign=glasgow&#038;vdr=md\" target=\"_new\" rel=\"noopener\">Webov\u00e1 str\u00e1nka SEKO Logistics Glasgow UK<\/a><\/p>\n<p><strong>Recenzia Sk\u00f3re: <\/strong>3.2<br \/> <strong>Po\u010det recenzi\u00ed:<\/strong> 5<br \/><a href=\"https:\/\/www.google.co.uk\/maps?cid=8417026944444642729&#038;hl=en&#038;gl=GB\" target=\"_new\" rel=\"noopener\">Pre\u010d\u00edtajte si recenzie<\/a><\/p>\n<h2><span class=\"ez-toc-section\" id=\"Expeditors\"><\/span>Expedi\u010dn\u00e9 slu\u017eby<span class=\"ez-toc-section-end\"><\/span><\/h2>\n<p><img decoding=\"async\" src=\"https:\/\/moverdb.com\/wp-content\/uploads\/thumbnailpanoid_ZDmNcROCClIvPnNTdnntQcb_clientsearch.gws-prod.gpsw408h240yaw128.jpg\" alt='Expedi\u010dn\u00e9 slu\u017eby' class=\"aligncenter\"><\/p>\n<p><strong>Popis z podniku: <\/strong>\u017diadne nie je k dispoz\u00edcii<\/p>\n<p><strong>\u010eal\u0161ie slu\u017eby:<\/strong><\/p>\n<p>\u017diadne uveden\u00e9 v zozname<\/p>\n<p><strong>Adresa:<\/strong> <a href=\"https:\/\/moverdb.com\/sk\/moving-to-phoenix\/\" data-internallinksmanager029f6b8e52c=\"62\" title=\"S\u0165ahujete sa do Phoenixu? 2022 N\u00e1klady na b\u00fdvanie a tipy na pres\u0165ahovanie\">Phoenix<\/a> Retail Park, 1 West Ave, Paisley PA1 2FB<\/p>\n<p><a href=\"http:\/\/www.expeditors.com\/\" target=\"_new\" rel=\"noopener\">Webov\u00e1 str\u00e1nka spolo\u010dnosti Expeditors<\/a><\/p>\n<p><strong>Recenzia Sk\u00f3re: <\/strong>5<br \/> <strong>Po\u010det recenzi\u00ed:<\/strong> 1<br \/><a href=\"https:\/\/www.google.co.uk\/maps?cid=3525719181229608337&#038;hl=en&#038;gl=GB\" target=\"_new\" rel=\"noopener\">Pre\u010d\u00edtajte si recenzie<\/a><\/p>\n<h2><span class=\"ez-toc-section\" id=\"Pentagon_Freight_Services_PLC\"><\/span>Pentagon Freight Services PLC<span class=\"ez-toc-section-end\"><\/span><\/h2>\n<p><img decoding=\"async\" src=\"https:\/\/moverdb.com\/wp-content\/uploads\/thumbnailpanoidXOlTdaiDgXmfGFPZoYzvOwcb_clientsearch.gws-prod.gpsw408h240yaw192.jpg\" alt='Pentagon Freight Services PLC' class=\"aligncenter\"><\/p>\n<p><strong>Popis z podniku: <\/strong>\u017diadne nie je k dispoz\u00edcii<\/p>\n<p><strong>\u010eal\u0161ie slu\u017eby:<\/strong><\/p>\n<p>\u017diadne uveden\u00e9 v zozname<\/p>\n<p><strong>Adresa:<\/strong> Wright St, Paisley PA4 8AN<\/p>\n<p><a href=\"http:\/\/www.pentagonfreight.com\/\" target=\"_new\" rel=\"noopener\">Webov\u00e1 str\u00e1nka spolo\u010dnosti Pentagon Freight Services PLC<\/a><\/p>\n<p><strong>Recenzia Sk\u00f3re: <\/strong>4<br \/> <strong>Po\u010det recenzi\u00ed:<\/strong> 3<br \/><a href=\"https:\/\/www.google.co.uk\/maps?cid=16113177966797336848&#038;hl=en&#038;gl=GB\" target=\"_new\" rel=\"noopener\">Pre\u010d\u00edtajte si recenzie<\/a><\/p>\n<h2><span class=\"ez-toc-section\" id=\"Circle_Express\"><\/span>Circle Express<span class=\"ez-toc-section-end\"><\/span><\/h2>\n<p><img decoding=\"async\" src=\"https:\/\/moverdb.com\/wp-content\/uploads\/AF1QipOb0tvEVejVRXqYkvN-cn0JzcQw5e1g2zTLqu9Dw426-h240-k-no.jpg\" alt='Circle Express' class=\"aligncenter\"><\/p>\n<p><strong>Popis z podniku: <\/strong>\u0160ped\u00edcia, Distrib\u00facia tovaru, \u0160irok\u00e1 n\u00e1kladn\u00e1 doprava, Skladovanie, \u0164a\u017ek\u00e1 n\u00e1kladn\u00e1 doprava<\/p>\n<p><strong>\u010eal\u0161ie slu\u017eby:<\/strong><\/p>\n<p>\u017diadne uveden\u00e9 v zozname<\/p>\n<p><strong>Adresa:<\/strong> Hillington Industrial Estate, 17 Mossland Rd, <a href=\"\" data-internallinksmanager029f6b8e52c=\"46\" title=\"Glasgow\">Glasgow<\/a>, Paisley G52 4XZ<\/p>\n<p><a href=\"http:\/\/www.circleexpress.co.uk\/\" target=\"_new\" rel=\"noopener\">Webov\u00e1 str\u00e1nka Circle Express<\/a><\/p>\n<p><strong>Recenzia Sk\u00f3re: <\/strong>3.8<br \/> <strong>Po\u010det recenzi\u00ed:<\/strong> 29<br \/><a href=\"https:\/\/www.google.co.uk\/maps?cid=14083219245859335478&#038;hl=en&#038;gl=GB\" target=\"_new\" rel=\"noopener\">Pre\u010d\u00edtajte si recenzie<\/a><\/p>\n<h2><span class=\"ez-toc-section\" id=\"Kuehne_Nagel\"><\/span>Kuehne &amp; Nagel<span class=\"ez-toc-section-end\"><\/span><\/h2>\n<p><img decoding=\"async\" src=\"https:\/\/moverdb.com\/wp-content\/uploads\/AF1QipP8YOnfwYvmfXsa-NwOWAiJFdQndDYSQDOWnIAw408-h306-k-no.jpg\" alt='Kuehne &amp; Nagel' class=\"aligncenter\"><\/p>\n<p><strong>Popis z podniku: <\/strong>\u017diadne nie je k dispoz\u00edcii<\/p>\n<p><strong>\u010eal\u0161ie slu\u017eby:<\/strong><\/p>\n<p>Prepravn\u00e1 slu\u017eba<\/p>\n<p><strong>Adresa:<\/strong> Unit C, Abbotsinch, Paisley PA3 2SJ<\/p>\n<p><a href=\"https:\/\/uk.kuehne-nagel.com\/\" target=\"_new\" rel=\"noopener\">Webov\u00e1 str\u00e1nka spolo\u010dnosti Kuehne &amp; Nagel<\/a><\/p>\n<p><strong>Recenzia Sk\u00f3re: <\/strong>4.4<br \/> <strong>Po\u010det recenzi\u00ed:<\/strong> 5<br \/><a href=\"https:\/\/www.google.co.uk\/maps?cid=4582969936757270349&#038;hl=en&#038;gl=GB\" target=\"_new\" rel=\"noopener\">Pre\u010d\u00edtajte si recenzie<\/a><\/p>\n<h2><span class=\"ez-toc-section\" id=\"Kerry_Logistics_UK_Limited\"><\/span>Kerry Logistics (UK) Limited<span class=\"ez-toc-section-end\"><\/span><\/h2>\n<p><img decoding=\"async\" src=\"https:\/\/moverdb.com\/wp-content\/uploads\/thumbnailpanoidOexhDs6Y01MyIWJbD9mAHAcb_clientsearch.gws-prod.gpsw408h240yaw199.jpg\" alt='Kerry Logistics (UK) Limited' class=\"aligncenter\"><\/p>\n<p><strong>Popis z podniku: <\/strong>\u017diadne nie je k dispoz\u00edcii<\/p>\n<p><strong>\u010eal\u0161ie slu\u017eby:<\/strong><\/p>\n<p>Logistick\u00e9 slu\u017eby<\/p>\n<p><strong>Adresa:<\/strong> Unit A, Air Cargo Centre, Arran Ave, Paisley PA3 2AY<\/p>\n<p><a href=\"http:\/\/www.kerrylogistics.com\/\" target=\"_new\" rel=\"noopener\">Webov\u00e1 str\u00e1nka spolo\u010dnosti Kerry Logistics (UK) Limited<\/a><\/p>\n<p><strong>Recenzia Sk\u00f3re: <\/strong>4<br \/> <strong>Po\u010det recenzi\u00ed:<\/strong> 2<br \/><a href=\"https:\/\/www.google.co.uk\/maps?cid=5541632260057716636&#038;hl=en&#038;gl=GB\" target=\"_new\" rel=\"noopener\">Pre\u010d\u00edtajte si recenzie<\/a><\/p>\n<h2><span class=\"ez-toc-section\" id=\"How_we_picked_the_best_Paisley_Freight_Forwarding_Companies\"><\/span>Ako sme vybrali najlep\u0161ie \u0161pedi\u010dn\u00e9 spolo\u010dnosti v Paisley<span class=\"ez-toc-section-end\"><\/span><\/h2>\n<p>Vych\u00e1dzali sme zo s\u00faboru \u00fadajov 10 \u0161pedi\u010dn\u00fdch spolo\u010dnost\u00ed z Paisley, ktor\u00e9 sme na\u0161li na Map\u00e1ch Google, a z\u00fa\u017eili sme ho na 6 najlep\u0161\u00edch.<\/p>\n<p>Na tento \u00fa\u010del sme odstr\u00e1nili v\u0161etky spolo\u010dnosti, ktor\u00e9:<\/p>\n<ul>\n<li> Nemal \u017eiadnu webov\u00fa str\u00e1nku<\/li>\n<li> Nemal \u017eiadne recenzie<\/li>\n<li> Priemern\u00e9 hodnotenie pod 2,0<\/li>\n<\/ul>\n<p>Ak sme v tomto okamihu mali 17 alebo menej odosielate\u013eov, uviedli sme ich v\u0161etk\u00fdch.<\/p>\n<p>V mest\u00e1ch, kde n\u00e1m zostalo viac ako 17 odosielate\u013eov, sme vykonali \u010fal\u0161ie rev\u00edzie bu\u010f zv\u00fd\u0161en\u00edm po\u017eadovan\u00e9ho sk\u00f3re hodnotenia (napr. z minim\u00e1lne 2,0 na 4,0) a\/alebo zv\u00fd\u0161en\u00edm minim\u00e1lneho po\u010dtu po\u017eadovan\u00fdch hodnoten\u00ed (napr. z minim\u00e1lne 1 hodnotenia na minim\u00e1lne 10).<\/p>\n<p>V\u0161imnite si, \u017ee sme pou\u017eili iba \u00fadaje z preh\u013eadu Mapy Google a nie z in\u00fdch webov\u00fdch str\u00e1nok tret\u00edch str\u00e1n.<\/p>\n<p>Viac miest:<\/p>\n<p><a href=\"https:\/\/moverdb.com\/sk\/zasielatelstvo\/freight-forwarding-uk\/tamworth-freight-forwarder\/\">Zasielate\u013estvo Tamworth<\/a><br \/><a href=\"https:\/\/moverdb.com\/sk\/zasielatelstvo\/freight-forwarding-uk\/exeter-freight-forwarder\/\">Exeter Zasielate\u013estvo<\/a><br \/><a href=\"https:\/\/moverdb.com\/sk\/zasielatelstvo\/freight-forwarding-uk\/tilbury-freight-forwarder\/\">Zasielate\u013estvo Tilbury<\/a><br \/><a href=\"https:\/\/moverdb.com\/sk\/zasielatelstvo\/freight-forwarding-uk\/wickford-freight-forwarder\/\">Zasielate\u013estvo Wickford<\/a><br \/><a href=\"https:\/\/moverdb.com\/sk\/zasielatelstvo\/freight-forwarding-uk\/wolverhampton-freight-forwarder\/\">\u0160pedit\u00e9r Wolverhampton<\/a><\/p>","protected":false},"excerpt":{"rendered":"<p>Below we look at the 6 &#8220;best&#8221; Freight Forwarding companies in Paisley out of 10. To learn more about how we chose the best please consult our FAQ section at the end. Please not the following listings are in no particular order and we are not making any recommendations for any particular company. SEKO Logistics [&hellip;]<\/p>\n","protected":false},"author":1,"featured_media":0,"parent":13427,"menu_order":0,"comment_status":"open","ping_status":"open","template":"","meta":{"_genesis_hide_title":false,"_genesis_hide_breadcrumbs":false,"_genesis_hide_singular_image":false,"_genesis_hide_footer_widgets":false,"_genesis_custom_body_class":"","_genesis_custom_post_class":"","_genesis_layout":"","footnotes":""},"class_list":{"0":"post-13843","1":"page","2":"type-page","3":"status-publish","5":"entry"},"_links":{"self":[{"href":"https:\/\/moverdb.com\/sk\/wp-json\/wp\/v2\/pages\/13843","targetHints":{"allow":["GET"]}}],"collection":[{"href":"https:\/\/moverdb.com\/sk\/wp-json\/wp\/v2\/pages"}],"about":[{"href":"https:\/\/moverdb.com\/sk\/wp-json\/wp\/v2\/types\/page"}],"author":[{"embeddable":true,"href":"https:\/\/moverdb.com\/sk\/wp-json\/wp\/v2\/users\/1"}],"replies":[{"embeddable":true,"href":"https:\/\/moverdb.com\/sk\/wp-json\/wp\/v2\/comments?post=13843"}],"version-history":[{"count":1,"href":"https:\/\/moverdb.com\/sk\/wp-json\/wp\/v2\/pages\/13843\/revisions"}],"predecessor-version":[{"id":15797,"href":"https:\/\/moverdb.com\/sk\/wp-json\/wp\/v2\/pages\/13843\/revisions\/15797"}],"up":[{"embeddable":true,"href":"https:\/\/moverdb.com\/sk\/wp-json\/wp\/v2\/pages\/13427"}],"wp:attachment":[{"href":"https:\/\/moverdb.com\/sk\/wp-json\/wp\/v2\/media?parent=13843"}],"curies":[{"name":"wp","href":"https:\/\/api.w.org\/{rel}","templated":true}]}}