{"id":13796,"date":"2023-11-08T15:52:42","date_gmt":"2023-11-08T15:52:42","guid":{"rendered":"https:\/\/moverdb.com\/freight-forwarder\/freight-forwarding-uk\/leicester-freight-forwarder\/"},"modified":"2026-01-08T13:18:15","modified_gmt":"2026-01-08T13:18:15","slug":"leicester-freight-forwarder","status":"publish","type":"page","link":"https:\/\/moverdb.com\/sk\/freight-forwarder\/freight-forwarding-uk\/leicester-freight-forwarder\/","title":{"rendered":"8 najlep\u0161\u00edch \u0161pedi\u010dn\u00fdch spolo\u010dnost\u00ed v Leicesteri (2024)"},"content":{"rendered":"<p>Ni\u017e\u0161ie sa pozrieme na 8 <em>\"najlep\u0161ie\"<\/em> \u0160pedi\u010dn\u00e9 spolo\u010dnosti v meste Leicester z 21.<\/p>\n<p>Ak sa chcete dozvedie\u0165 viac o tom, ako sme vybrali t\u00fdch najlep\u0161\u00edch, pozrite si na\u0161u sekciu FAQ na konci.<\/p>\n<p><em>Upozor\u0148ujeme, \u017ee nasleduj\u00face zoznamy nie s\u00fa zoraden\u00e9 pod\u013ea konkr\u00e9tneho poradia a neodpor\u00fa\u010dame \u017eiadnu konkr\u00e9tnu spolo\u010dnos\u0165.<\/em><\/p>\n<div id=\"ez-toc-container\" class=\"ez-toc-v2_0_82_2 ez-toc-wrap-left counter-hierarchy ez-toc-counter ez-toc-transparent ez-toc-container-direction\">\n<div class=\"ez-toc-title-container\">\n<p class=\"ez-toc-title\" style=\"cursor:inherit\">Sekcie<\/p>\n<span class=\"ez-toc-title-toggle\"><a href=\"#\" class=\"ez-toc-pull-right ez-toc-btn ez-toc-btn-xs ez-toc-btn-default ez-toc-toggle\" aria-label=\"Prep\u00ednanie tabu\u013eky obsahu\"><span class=\"ez-toc-js-icon-con\"><span class=\"\"><span class=\"eztoc-hide\" style=\"display:none;\">Prep\u00edna\u010d<\/span><span class=\"ez-toc-icon-toggle-span\"><svg style=\"fill: #999;color:#999\" xmlns=\"http:\/\/www.w3.org\/2000\/svg\" class=\"list-377408\" width=\"20px\" height=\"20px\" viewbox=\"0 0 24 24\" fill=\"none\"><path d=\"M6 6H4v2h2V6zm14 0H8v2h12V6zM4 11h2v2H4v-2zm16 0H8v2h12v-2zM4 16h2v2H4v-2zm16 0H8v2h12v-2z\" fill=\"currentColor\"><\/path><\/svg><svg style=\"fill: #999;color:#999\" class=\"arrow-unsorted-368013\" xmlns=\"http:\/\/www.w3.org\/2000\/svg\" width=\"10px\" height=\"10px\" viewbox=\"0 0 24 24\" version=\"1.2\" baseprofile=\"tiny\"><path d=\"M18.2 9.3l-6.2-6.3-6.2 6.3c-.2.2-.3.4-.3.7s.1.5.3.7c.2.2.4.3.7.3h11c.3 0 .5-.1.7-.3.2-.2.3-.5.3-.7s-.1-.5-.3-.7zM5.8 14.7l6.2 6.3 6.2-6.3c.2-.2.3-.5.3-.7s-.1-.5-.3-.7c-.2-.2-.4-.3-.7-.3h-11c-.3 0-.5.1-.7.3-.2.2-.3.5-.3.7s.1.5.3.7z\"\/><\/svg><\/span><\/span><\/span><\/a><\/span><\/div>\n<nav><ul class='ez-toc-list ez-toc-list-level-1 eztoc-toggle-hide-by-default' ><li class='ez-toc-page-1 ez-toc-heading-level-2'><a class=\"ez-toc-link ez-toc-heading-1\" href=\"https:\/\/moverdb.com\/sk\/freight-forwarder\/freight-forwarding-uk\/leicester-freight-forwarder\/#United_Pallet_Network\" >Spojen\u00e1 paletov\u00e1 sie\u0165<\/a><\/li><li class='ez-toc-page-1 ez-toc-heading-level-2'><a class=\"ez-toc-link ez-toc-heading-2\" href=\"https:\/\/moverdb.com\/sk\/freight-forwarder\/freight-forwarding-uk\/leicester-freight-forwarder\/#Pinnacle_International_Freight_Ltd\" >Pinnacle International Freight Ltd<\/a><\/li><li class='ez-toc-page-1 ez-toc-heading-level-2'><a class=\"ez-toc-link ez-toc-heading-3\" href=\"https:\/\/moverdb.com\/sk\/freight-forwarder\/freight-forwarding-uk\/leicester-freight-forwarder\/#Coedma_Freight_International_Ltd\" >Coedma Freight International Ltd<\/a><\/li><li class='ez-toc-page-1 ez-toc-heading-level-2'><a class=\"ez-toc-link ez-toc-heading-4\" href=\"https:\/\/moverdb.com\/sk\/freight-forwarder\/freight-forwarding-uk\/leicester-freight-forwarder\/#Al-Noor_Logistics_Ltd\" >Al-Noor Logistics Ltd<\/a><\/li><li class='ez-toc-page-1 ez-toc-heading-level-2'><a class=\"ez-toc-link ez-toc-heading-5\" href=\"https:\/\/moverdb.com\/sk\/freight-forwarder\/freight-forwarding-uk\/leicester-freight-forwarder\/#DTDC_Courier_Cargo_Ltd\" >DTDC Courier &amp; Cargo Ltd<\/a><\/li><li class='ez-toc-page-1 ez-toc-heading-level-2'><a class=\"ez-toc-link ez-toc-heading-6\" href=\"https:\/\/moverdb.com\/sk\/freight-forwarder\/freight-forwarding-uk\/leicester-freight-forwarder\/#Apex_Cargo_Office\" >Kancel\u00e1ria Apex Cargo<\/a><\/li><li class='ez-toc-page-1 ez-toc-heading-level-2'><a class=\"ez-toc-link ez-toc-heading-7\" href=\"https:\/\/moverdb.com\/sk\/freight-forwarder\/freight-forwarding-uk\/leicester-freight-forwarder\/#Apex_Cargo_Warehouse\" >N\u00e1kladn\u00fd sklad Apex<\/a><\/li><li class='ez-toc-page-1 ez-toc-heading-level-2'><a class=\"ez-toc-link ez-toc-heading-8\" href=\"https:\/\/moverdb.com\/sk\/freight-forwarder\/freight-forwarding-uk\/leicester-freight-forwarder\/#CLA_UK_Ltd\" >CLA UK Ltd<\/a><\/li><li class='ez-toc-page-1 ez-toc-heading-level-2'><a class=\"ez-toc-link ez-toc-heading-9\" href=\"https:\/\/moverdb.com\/sk\/freight-forwarder\/freight-forwarding-uk\/leicester-freight-forwarder\/#How_we_picked_the_best_Leicester_Freight_Forwarding_Companies\" >Ako sme vybrali najlep\u0161ie \u0161pedi\u010dn\u00e9 spolo\u010dnosti v Leicesteri<\/a><\/li><\/ul><\/nav><\/div>\n<h2><span class=\"ez-toc-section\" id=\"United_Pallet_Network\"><\/span>Spojen\u00e1 paletov\u00e1 sie\u0165<span class=\"ez-toc-section-end\"><\/span><\/h2>\n<p><img decoding=\"async\" src=\"https:\/\/moverdb.com\/wp-content\/uploads\/thumbnailpanoidHUForZabvUoKg1en1qa_cgcb_clientsearch.gws-prod.gpsw408h240yaw147.jpg\" alt='Spojen\u00e1 paletov\u00e1 sie\u0165' class=\"aligncenter\"><\/p>\n<p><strong>Popis z podniku: <\/strong>\u017diadne nie je k dispoz\u00edcii<\/p>\n<p><strong>\u010eal\u0161ie slu\u017eby:<\/strong><\/p>\n<p>\u017diadne uveden\u00e9 v zozname<\/p>\n<p><strong>Adresa:<\/strong> Vantage Business Park, 8 High View Cl, Leicester LE4 9LJ<\/p>\n<p><a href=\"https:\/\/www.upn.co.uk\/\" target=\"_new\" rel=\"noopener\">Webov\u00e1 str\u00e1nka United Pallet Network<\/a><\/p>\n<p><strong>Recenzia Sk\u00f3re: <\/strong>5<br \/> <strong>Po\u010det recenzi\u00ed:<\/strong> 1<br \/><a href=\"https:\/\/www.google.co.uk\/maps?cid=3603698490243004051&#038;hl=en&#038;gl=GB\" target=\"_new\" rel=\"noopener\">Pre\u010d\u00edtajte si recenzie<\/a><\/p>\n<h2><span class=\"ez-toc-section\" id=\"Pinnacle_International_Freight_Ltd\"><\/span>Pinnacle International Freight Ltd<span class=\"ez-toc-section-end\"><\/span><\/h2>\n<p><img decoding=\"async\" src=\"https:\/\/lh5.googleusercontent.com\/p\/AF1QipO-3htqxL83v2kb1oQf5MWZib2Hyc9zXU3hHXlX=w408-h297-k-no\" alt=\"Pinnacle International Freight Ltd\" class=\"aligncenter\"><\/p>\n<p><strong>Popis z podniku: <\/strong>Spolo\u010dnos\u0165 Pinnacle, ktor\u00e1 je v s\u00fakromnom vlastn\u00edctve od roku 1972, je kvalitn\u00e1 \u0161pedi\u010dn\u00e1 spolo\u010dnos\u0165 s kancel\u00e1riami a skladmi v <a href=\"https:\/\/moverdb.com\/sk\/moving-to-the-uk\/\" data-internallinksmanager029f6b8e52c=\"93\" title=\"S\u0165ahujete sa do Spojen\u00e9ho kr\u00e1\u013eovstva? 2022 \u017divotn\u00e9 n\u00e1klady a tipy na pres\u0165ahovanie\">UK<\/a> a <a href=\"https:\/\/moverdb.com\/sk\/moving-to-the-united-states\/\" data-internallinksmanager029f6b8e52c=\"94\" title=\"S\u0165ahujete sa do Spojen\u00fdch \u0161t\u00e1tov? 2022 \u017divotn\u00e9 n\u00e1klady a tipy na pres\u0165ahovanie\">USA<\/a>.<\/p>\n<p> Spolo\u010dnos\u0165 Pinnacle podporuje podniky v oblasti dovozu, v\u00fdvozu, kr\u00ed\u017eov\u00e9ho obchodu, skladovania a distrib\u00facie.<\/p>\n<p>Pon\u00fakame slu\u017eby n\u00e1kladnej dopravy pre r\u00f4zne druhy n\u00e1kladu vr\u00e1tane mimorozmern\u00e9ho a \u0165a\u017ek\u00e9ho tovaru.<\/p>\n<p> Poskytujeme tie\u017e vysokokvalitn\u00e9 slu\u017eby v oblasti exportn\u00e9ho balenia a dok\u00e1\u017eeme manipulova\u0165 s nebezpe\u010dn\u00fdm tovarom vr\u00e1tane r\u00e1dioakt\u00edvneho n\u00e1kladu.<\/p>\n<p>Na\u0161e k\u013e\u00fa\u010dov\u00e9 slu\u017eby:<br \/>\nLeteck\u00e1 n\u00e1kladn\u00e1 doprava<br \/>\nN\u00e1kladn\u00e1 n\u00e1morn\u00e1 doprava<br \/>\nSkladovanie (skladovanie, plnenie, elektronick\u00fd obchod, syst\u00e9mov\u00e1 integr\u00e1cia)<br \/>\nV\u00fdvozn\u00e9 balenie<br \/>\nTransatlantick\u00e1 lodn\u00e1 doprava<br \/>\nBalenie a preprava nebezpe\u010dn\u00e9ho tovaru<br \/>\nObrann\u00e1 a leteck\u00e1 logistika<br \/>\n\u0160peci\u00e1lne projekty<\/p>\n<p>Pre viac inform\u00e1ci\u00ed kontaktujte n\u00e1\u0161 t\u00edm.<\/p>\n<p><strong>\u010eal\u0161ie slu\u017eby:<\/strong><\/p>\n<p>Slu\u017eba elektronick\u00e9ho obchodu<\/p>\n<p>Spolo\u010dnos\u0165 zaoberaj\u00faca sa dovozom a v\u00fdvozom<\/p>\n<p>Baliace stroje<\/p>\n<p>Sklad<\/p>\n<p><strong>Adresa:<\/strong> 1 Swannington Rd, Cottage Lane Industrial Estate, Leicester LE9 6TU<\/p>\n<p><a href=\"https:\/\/www.pinnaclefreight.com\/\" target=\"_new\" rel=\"noopener\">Webov\u00e1 str\u00e1nka spolo\u010dnosti Pinnacle International Freight Ltd<\/a><\/p>\n<p><strong>Recenzia Sk\u00f3re: <\/strong>4.4<br \/> <strong>Po\u010det recenzi\u00ed:<\/strong> 22<br \/><a href=\"https:\/\/www.google.co.uk\/maps?cid=10859720116746224536&#038;hl=en&#038;gl=GB\" target=\"_new\" rel=\"noopener\">Pre\u010d\u00edtajte si recenzie<\/a><\/p>\n<h2><span class=\"ez-toc-section\" id=\"Coedma_Freight_International_Ltd\"><\/span>Coedma Freight International Ltd<span class=\"ez-toc-section-end\"><\/span><\/h2>\n<p><img decoding=\"async\" src=\"https:\/\/moverdb.com\/wp-content\/uploads\/AF1QipP8WGcbuB23ZdwnwbtBnjObo9c4oryvSdFaMR4_w408-h306-k-no.jpg\" alt='Coedma Freight International Ltd' class=\"aligncenter\"><\/p>\n<p><strong>Popis z podniku: <\/strong>\u017diadne nie je k dispoz\u00edcii<\/p>\n<p><strong>\u010eal\u0161ie slu\u017eby:<\/strong><\/p>\n<p>\u017diadne uveden\u00e9 v zozname<\/p>\n<p><strong>Adresa:<\/strong> 8 Eldon St, Leicester LE1 3QL<\/p>\n<p><a href=\"http:\/\/www.coedmafreight.com\/\" target=\"_new\" rel=\"noopener\">Webov\u00e1 str\u00e1nka spolo\u010dnosti Coedma Freight International Ltd<\/a><\/p>\n<p><strong>Recenzia Sk\u00f3re: <\/strong>4.2<br \/> <strong>Po\u010det recenzi\u00ed:<\/strong> 63<br \/><a href=\"https:\/\/www.google.co.uk\/maps?cid=2698514720895051628&#038;hl=en&#038;gl=GB\" target=\"_new\" rel=\"noopener\">Pre\u010d\u00edtajte si recenzie<\/a><\/p>\n<h2><span class=\"ez-toc-section\" id=\"Al-Noor_Logistics_Ltd\"><\/span>Al-Noor Logistics Ltd<span class=\"ez-toc-section-end\"><\/span><\/h2>\n<p><img decoding=\"async\" src=\"https:\/\/moverdb.com\/wp-content\/uploads\/AF1QipMtAEadfQ9Va3ZQAb5JymQKmlITShC_bpHp6BAbw408-h544-k-no.jpg\" alt='Al-Noor Logistics Ltd' class=\"aligncenter\"><\/p>\n<p><strong>Popis z podniku: <\/strong>Spolo\u010dnos\u0165 Al-Noor Logistics Ltd pon\u00faka n\u00e1morn\u00fa prepravu, kuri\u00e9rske slu\u017eby, prepravu tovaru a expedi\u010dn\u00e9 slu\u017eby do Gambie a v r\u00e1mci Spojen\u00e9ho kr\u00e1\u013eovstva a E\u00da, na ktor\u00e9 sa m\u00f4\u017eete v\u017edy spo\u013eahn\u00fa\u0165.<\/p>\n<p> Spo\u013eahliv\u00fd t\u00edm umo\u017e\u0148uje na\u0161ej spolo\u010dnosti zvl\u00e1dnu\u0165 ka\u017ed\u00e9ho klienta a n\u00e1klad s trpezlivos\u0165ou a starostlivos\u0165ou.<\/p>\n<p> Spolo\u010dnos\u0165 Al-Noor Logistics Ltd pon\u00faka aj individu\u00e1lne slu\u017eby pre ka\u017ed\u00e9ho klienta.<\/p>\n<p> T\u00fdm sa zabezpe\u010d\u00ed v\u010dasn\u00e9 poskytovanie inform\u00e1ci\u00ed a slu\u017eieb.<\/p>\n<p><strong>\u010eal\u0161ie slu\u017eby:<\/strong><\/p>\n<p>Kuri\u00e9rska slu\u017eba<\/p>\n<p>S\u0165ahovacie slu\u017eby<\/p>\n<p><strong>Adresa:<\/strong> 12A Navigation St, Leicester LE1 3UR<\/p>\n<p><a href=\"https:\/\/www.al-noorlogistics.com\/\" target=\"_new\" rel=\"noopener\">Webov\u00e1 str\u00e1nka spolo\u010dnosti Al-Noor Logistics Ltd<\/a><\/p>\n<p><strong>Recenzia Sk\u00f3re: <\/strong>5<br \/> <strong>Po\u010det recenzi\u00ed:<\/strong> 1<br \/><a href=\"https:\/\/www.google.co.uk\/maps?cid=13842802265785484999&#038;hl=en&#038;gl=GB\" target=\"_new\" rel=\"noopener\">Pre\u010d\u00edtajte si recenzie<\/a><\/p>\n<h2><span class=\"ez-toc-section\" id=\"DTDC_Courier_Cargo_Ltd\"><\/span>DTDC Courier &amp; Cargo Ltd<span class=\"ez-toc-section-end\"><\/span><\/h2>\n<p><img decoding=\"async\" src=\"https:\/\/moverdb.com\/wp-content\/uploads\/thumbnailpanoidvZ8q_uBB_32CgH8HAuWo9gcb_clientsearch.gws-prod.gpsw408h240yaw286.jpg\" alt='DTDC Courier &amp; Cargo Ltd' class=\"aligncenter\"><\/p>\n<p><strong>Popis z podniku: <\/strong>Posla\u0165 bal\u00edk \/ Posla\u0165 leteck\u00fd n\u00e1klad \/ Posla\u0165 kuri\u00e9ra \/ Posla\u0165 dokumenty \/ Prepravn\u00fd n\u00e1klad \/ Posla\u0165 n\u00e1morn\u00fd n\u00e1klad \/ Posla\u0165 urgentn\u00e9 dokumenty \/ Posla\u0165 ob\u00e1lku \/ Posla\u0165 list form\u00e1tu A4 <a href=\"https:\/\/moverdb.com\/sk\/moving-to-india\/\" data-internallinksmanager029f6b8e52c=\"356\" title=\"S\u0165ahovanie do Indie? 2026 N\u00e1klady na \u017eivot a tipy na pres\u0165ahovanie\">India<\/a>, Pakistan, <a href=\"https:\/\/moverdb.com\/sk\/moving-to-dubai\/\" data-internallinksmanager029f6b8e52c=\"246\" title=\"S\u0165ahovanie do Dubaja? 2026 N\u00e1klady na b\u00fdvanie a tipy na pres\u0165ahovanie\">Dubaj<\/a>, Sr\u00edlanka, <a href=\"https:\/\/moverdb.com\/sk\/moving-companies\/moving-companies-kenya\/\" data-internallinksmanager029f6b8e52c=\"305\" title=\"4 Najlep\u0161ie medzin\u00e1rodn\u00e9 s\u0165ahovacie spolo\u010dnosti v Keni\">Ke\u0148a<\/a>, Tanz\u00e1nia, Zambia, USA, <a href=\"https:\/\/moverdb.com\/sk\/moving-to-canada\/\" data-internallinksmanager029f6b8e52c=\"265\" title=\"S\u0165ahovanie do Kanady? 2026 N\u00e1klady na b\u00fdvanie a tipy na pres\u0165ahovanie\">Kanada<\/a>, <a href=\"https:\/\/moverdb.com\/sk\/moving-to-australia\/living-in-australia\/\" data-internallinksmanager029f6b8e52c=\"240\" title=\"21 tajomstiev o \u017eivote v Austr\u00e1lii, ktor\u00e9 by ste mali vedie\u0165 pred pres\u0165ahovan\u00edm\">Austr\u00e1lia<\/a>, <a href=\"https:\/\/moverdb.com\/sk\/moving-to-new-zealand\/\" data-internallinksmanager029f6b8e52c=\"324\" title=\"S\u0165ahujete sa na Nov\u00fd Z\u00e9land? 2026 N\u00e1klady na \u017eivot a tipy na pres\u0165ahovanie\">Nov\u00fd Z\u00e9land<\/a>, <a href=\"https:\/\/moverdb.com\/sk\/moving-to-germany\/\" data-internallinksmanager029f6b8e52c=\"321\" title=\"S\u0165ahovanie do Nemecka? 2026 N\u00e1klady na b\u00fdvanie a tipy na pres\u0165ahovanie\">Nemecko<\/a>, <a href=\"https:\/\/moverdb.com\/sk\/moving-to-switzerland\/\" data-internallinksmanager029f6b8e52c=\"327\" title=\"S\u0165ahovanie do \u0160vaj\u010diarska? 2026 N\u00e1klady na b\u00fdvanie a tipy na pres\u0165ahovanie\">\u0160vaj\u010diarsko<\/a>, <a href=\"https:\/\/moverdb.com\/sk\/moving-to-italy\/\" data-internallinksmanager029f6b8e52c=\"346\" title=\"S\u0165ahovanie do Talianska? 2026 N\u00e1klady na b\u00fdvanie a tipy na pres\u0165ahovanie\">Taliansko<\/a>, <a href=\"https:\/\/moverdb.com\/sk\/moving-to-spain\/\" data-internallinksmanager029f6b8e52c=\"266\" title=\"S\u0165ahovanie do \u0160panielska? 2026 N\u00e1klady na b\u00fdvanie a tipy na pres\u0165ahovanie\">\u0160panielsko<\/a>, <a href=\"https:\/\/moverdb.com\/sk\/moving-companies\/moving-companies-nigeria\/\" data-internallinksmanager029f6b8e52c=\"280\" title=\"10 Najlep\u0161ie medzin\u00e1rodn\u00e9 s\u0165ahovacie spolo\u010dnosti v Nig\u00e9rii\">Nig\u00e9ria<\/a>, <a href=\"https:\/\/moverdb.com\/sk\/moving-companies\/moving-companies-ghana\/\" data-internallinksmanager029f6b8e52c=\"228\" title=\"2 Najlep\u0161ie medzin\u00e1rodn\u00e9 s\u0165ahovacie spolo\u010dnosti v Ghane\">Ghana<\/a>, <a href=\"https:\/\/moverdb.com\/sk\/moving-to-portugal\/\" data-internallinksmanager029f6b8e52c=\"316\" title=\"S\u0165ahovanie do Portugalska? 2026 N\u00e1klady na b\u00fdvanie a tipy na pres\u0165ahovanie\">Portugalsko<\/a>, Rumunsko, <a href=\"https:\/\/moverdb.com\/sk\/moving-to-norway\/\" data-internallinksmanager029f6b8e52c=\"325\" title=\"S\u0165ahovanie do N\u00f3rska? 2026 N\u00e1klady na b\u00fdvanie a tipy na pres\u0165ahovanie\">N\u00f3rsko<\/a>, <a href=\"https:\/\/moverdb.com\/sk\/moving-to-bulgaria\/\" data-internallinksmanager029f6b8e52c=\"322\" title=\"S\u0165ahovanie do Bulharska? 2026 N\u00e1klady na b\u00fdvanie a tipy na pres\u0165ahovanie\">Bulharsko<\/a>, <a href=\"https:\/\/moverdb.com\/sk\/moving-to-belgium\/\" data-internallinksmanager029f6b8e52c=\"323\" title=\"S\u0165ahovanie do Belgicka? 2026 N\u00e1klady na b\u00fdvanie a tipy na pres\u0165ahovanie\">Belgicko<\/a>, <a href=\"https:\/\/moverdb.com\/sk\/moving-to-the-netherlands\/\" data-internallinksmanager029f6b8e52c=\"328\" title=\"S\u0165ahujete sa do Holandska? 2026 N\u00e1klady na \u017eivot a tipy na pres\u0165ahovanie\">Holandsko<\/a>, <a href=\"https:\/\/moverdb.com\/sk\/moving-to-ireland\/\" data-internallinksmanager029f6b8e52c=\"320\" title=\"S\u0165ahujete sa do \u00cdrska? 2026 N\u00e1klady na b\u00fdvanie a tipy na pres\u0165ahovanie\">\u00cdrsko<\/a>, <a href=\"https:\/\/moverdb.com\/sk\/moving-to-hong-kong\/\" data-internallinksmanager029f6b8e52c=\"350\" title=\"S\u0165ahujete sa do Hongkongu? 2026 N\u00e1klady na b\u00fdvanie a tipy na pres\u0165ahovanie\">Hongkong<\/a>.<\/p>\n<p>rob\u00edme to v\u0161etko za konkurencieschopn\u00fa cenu a s vynikaj\u00facou dodacou slu\u017ebou.<\/p>\n<p>Expresn\u00e9 doru\u010dovanie bal\u00edkov po celom svete.<\/p>\n<p>Dovozn\u00e9 coln\u00e9 konanie.<\/p>\n<p>Nadmern\u00e1 bato\u017eina.<\/p>\n<p>Leteck\u00e1 preprava Export Medzin\u00e1rodn\u00e9 s\u0165ahovanie domov.<\/p>\n<p>Eur\u00f3pska cestn\u00e1 n\u00e1kladn\u00e1 doprava.<\/p>\n<p>\u0160pecializovan\u00e1 z\u00e1sielkov\u00e1 slu\u017eba do Indie, USA, <a href=\"https:\/\/moverdb.com\/sk\/moving-to-china\/\" data-internallinksmanager029f6b8e52c=\"357\" title=\"S\u0165ahovanie do \u010c\u00edny? 2026 N\u00e1klady na \u017eivot a tipy na pres\u0165ahovanie\">\u010c\u00edna<\/a>, Hongkong, Ke\u0148a, Tanz\u00e1nia, Sr\u00ed Lanka, Dubaj, <a href=\"https:\/\/moverdb.com\/sk\/moving-to-the-uae\/\" data-internallinksmanager029f6b8e52c=\"329\" title=\"S\u0165ahujete sa do Spojen\u00fdch arabsk\u00fdch emir\u00e1tov (SAE)? 2024 N\u00e1klady na \u017eivot a tipy na pres\u0165ahovanie\">SAE<\/a>, Pakistan, <a href=\"https:\/\/moverdb.com\/sk\/moving-companies\/moving-companies-nepal\/\" data-internallinksmanager029f6b8e52c=\"283\" title=\"Najlep\u0161ie medzin\u00e1rodn\u00e9 s\u0165ahovacie spolo\u010dnosti v Nep\u00e1le\">Nep\u00e1l<\/a> a na celom svete.<\/p>\n<p><strong>\u010eal\u0161ie slu\u017eby:<\/strong><\/p>\n<p>Kuri\u00e9rska slu\u017eba<\/p>\n<p>Logistick\u00e9 slu\u017eby<\/p>\n<p>Dod\u00e1vate\u013esk\u00e1 spolo\u010dnos\u0165<\/p>\n<p><strong>Adresa:<\/strong> Ved\u013ea Domino\u00b4s Pizza, 30c Melton Rd, Leicester LE4 5EA<\/p>\n<p><a href=\"http:\/\/dtdexpress.co.uk\/\" target=\"_new\" rel=\"noopener\">Webov\u00e1 str\u00e1nka spolo\u010dnosti DTDC Courier &amp; Cargo Ltd<\/a><\/p>\n<p><strong>Recenzia Sk\u00f3re: <\/strong>4.1<br \/> <strong>Po\u010det recenzi\u00ed:<\/strong> 23<br \/><a href=\"https:\/\/www.google.co.uk\/maps?cid=76148574372916641&#038;hl=en&#038;gl=GB\" target=\"_new\" rel=\"noopener\">Pre\u010d\u00edtajte si recenzie<\/a><\/p>\n<h2><span class=\"ez-toc-section\" id=\"Apex_Cargo_Office\"><\/span>Kancel\u00e1ria Apex Cargo<span class=\"ez-toc-section-end\"><\/span><\/h2>\n<p><img decoding=\"async\" src=\"https:\/\/moverdb.com\/wp-content\/uploads\/AF1QipM8vh-2Tw_s8sO4CitLdq-oeZwgV31Jl1JTVMcyw648-h240-k-no.jpg\" alt='Kancel\u00e1ria Apex Cargo' class=\"aligncenter\"><\/p>\n<p><strong>Popis z podniku: <\/strong>Obchodn\u00ed a osobn\u00ed prepravcovia so s\u00eddlom v Leicesteri, Spojen\u00e9 kr\u00e1\u013eovstvo.<\/p>\n<p> Sme tu pre v\u0161etky va\u0161e potreby v oblasti leteckej, n\u00e1mornej, kuri\u00e9rskej, RORO a baliacej dopravy!<\/p>\n<p><strong>\u010eal\u0161ie slu\u017eby:<\/strong><\/p>\n<p>\u017diadne uveden\u00e9 v zozname<\/p>\n<p><strong>Adresa:<\/strong> 93 Evington Rd, Leicester LE2 1QH<\/p>\n<p><a href=\"http:\/\/www.apexcargo.co.uk\/\" target=\"_new\" rel=\"noopener\">Webov\u00e1 str\u00e1nka spolo\u010dnosti Apex Cargo Office<\/a><\/p>\n<p><strong>Recenzia Sk\u00f3re: <\/strong>4.7<br \/> <strong>Po\u010det recenzi\u00ed:<\/strong> 143<br \/><a href=\"https:\/\/www.google.co.uk\/maps?cid=5683667821203236023&#038;hl=en&#038;gl=GB\" target=\"_new\" rel=\"noopener\">Pre\u010d\u00edtajte si recenzie<\/a><\/p>\n<h2><span class=\"ez-toc-section\" id=\"Apex_Cargo_Warehouse\"><\/span>N\u00e1kladn\u00fd sklad Apex<span class=\"ez-toc-section-end\"><\/span><\/h2>\n<p><img decoding=\"async\" src=\"https:\/\/moverdb.com\/wp-content\/uploads\/AF1QipN5VJnTa3s9DusD7tnTtF1LdkY-oD6z8kqOS0ZGw408-h327-k-no.jpg\" alt='N\u00e1kladn\u00fd sklad Apex' class=\"aligncenter\"><\/p>\n<p><strong>Popis z podniku: <\/strong>Obchodn\u00ed a osobn\u00ed prepravcovia so s\u00eddlom v Leicesteri, Spojen\u00e9 kr\u00e1\u013eovstvo.<\/p>\n<p> Sme tu pre v\u0161etky va\u0161e potreby v oblasti leteckej, n\u00e1mornej, kuri\u00e9rskej, RORO a baliacej dopravy!<\/p>\n<p><strong>\u010eal\u0161ie slu\u017eby:<\/strong><\/p>\n<p>\u017diadne uveden\u00e9 v zozname<\/p>\n<p><strong>Adresa:<\/strong> Unit 3 Wheat St, Leicester LE1 2AG<\/p>\n<p><a href=\"https:\/\/apexcargo.co.uk\/\" target=\"_new\" rel=\"noopener\">Webov\u00e1 str\u00e1nka spolo\u010dnosti Apex Cargo Warehouse<\/a><\/p>\n<p><strong>Recenzia Sk\u00f3re: <\/strong>5<br \/> <strong>Po\u010det recenzi\u00ed:<\/strong> 6<br \/><a href=\"https:\/\/www.google.co.uk\/maps?cid=13453460755086086291&#038;hl=en&#038;gl=GB\" target=\"_new\" rel=\"noopener\">Pre\u010d\u00edtajte si recenzie<\/a><\/p>\n<h2><span class=\"ez-toc-section\" id=\"CLA_UK_Ltd\"><\/span>CLA UK Ltd<span class=\"ez-toc-section-end\"><\/span><\/h2>\n<p><img decoding=\"async\" src=\"https:\/\/moverdb.com\/wp-content\/uploads\/AF1QipPYmWVhQ4mONrV_yzKPziNFhOGqzBVZFoyv7yr_w408-h408-k-no.jpg\" alt='CLA UK Ltd' class=\"aligncenter\"><\/p>\n<p><strong>Popis z podniku: <\/strong>\u0160pecializovan\u00e9 slu\u017eby n\u00e1kladnej dopravy v paneur\u00f3pskej logistike<\/p>\n<p><strong>\u010eal\u0161ie slu\u017eby:<\/strong><\/p>\n<p>\u017diadne uveden\u00e9 v zozname<\/p>\n<p><strong>Adresa:<\/strong> 15 Nursery Ct, Kibworth Harcourt, Leicester LE8 0EX<\/p>\n<p><a href=\"http:\/\/www.cla-uk.com\/\" target=\"_new\" rel=\"noopener\">Webov\u00e1 str\u00e1nka spolo\u010dnosti CLA UK Ltd<\/a><\/p>\n<p><strong>Recenzia Sk\u00f3re: <\/strong>5<br \/> <strong>Po\u010det recenzi\u00ed:<\/strong> 1<br \/><a href=\"https:\/\/www.google.co.uk\/maps?cid=12756722996247192377&#038;hl=en&#038;gl=GB\" target=\"_new\" rel=\"noopener\">Pre\u010d\u00edtajte si recenzie<\/a><\/p>\n<h2><span class=\"ez-toc-section\" id=\"How_we_picked_the_best_Leicester_Freight_Forwarding_Companies\"><\/span>Ako sme vybrali najlep\u0161ie \u0161pedi\u010dn\u00e9 spolo\u010dnosti v Leicesteri<span class=\"ez-toc-section-end\"><\/span><\/h2>\n<p>Vych\u00e1dzali sme zo s\u00faboru \u00fadajov 21 \u0161pedi\u010dn\u00fdch spolo\u010dnost\u00ed z Leicesteru, ktor\u00e9 sme na\u0161li na Map\u00e1ch Google, a z\u00fa\u017eili sme ho na 8 najlep\u0161\u00edch.<\/p>\n<p>Na tento \u00fa\u010del sme odstr\u00e1nili v\u0161etky spolo\u010dnosti, ktor\u00e9:<\/p>\n<ul>\n<li> Nemal \u017eiadnu webov\u00fa str\u00e1nku<\/li>\n<li> Nemal \u017eiadne recenzie<\/li>\n<li> Priemern\u00e9 hodnotenie pod 2,0<\/li>\n<\/ul>\n<p>Ak sme v tomto okamihu mali 17 alebo menej odosielate\u013eov, uviedli sme ich v\u0161etk\u00fdch.<\/p>\n<p>V mest\u00e1ch, kde n\u00e1m zostalo viac ako 17 odosielate\u013eov, sme vykonali \u010fal\u0161ie rev\u00edzie bu\u010f zv\u00fd\u0161en\u00edm po\u017eadovan\u00e9ho sk\u00f3re hodnotenia (napr. z minim\u00e1lne 2,0 na 4,0) a\/alebo zv\u00fd\u0161en\u00edm minim\u00e1lneho po\u010dtu po\u017eadovan\u00fdch hodnoten\u00ed (napr. z minim\u00e1lne 1 hodnotenia na minim\u00e1lne 10).<\/p>\n<p>V\u0161imnite si, \u017ee sme pou\u017eili iba \u00fadaje z preh\u013eadu Mapy Google a nie z in\u00fdch webov\u00fdch str\u00e1nok tret\u00edch str\u00e1n.<\/p>\n<p>Viac miest:<\/p>\n<p><a href=\"https:\/\/moverdb.com\/sk\/zasielatelstvo\/freight-forwarding-uk\/dartford-freight-forwarder\/\">Dartford Freight Forwarder<\/a><br \/><a href=\"https:\/\/moverdb.com\/sk\/zasielatelstvo\/freight-forwarding-uk\/grays-freight-forwarder\/\">Zasielate\u013estvo Grays<\/a><br \/><a href=\"https:\/\/moverdb.com\/sk\/zasielatelstvo\/freight-forwarding-uk\/sunbury-on-thames-freight-forwarder\/\">Zasielate\u013estvo Sunbury-on-Thames<\/a><br \/><a href=\"https:\/\/moverdb.com\/sk\/zasielatelstvo\/freight-forwarding-uk\/hull-freight-forwarder\/\">Zasielate\u013e trupov\u00fdch z\u00e1sielok<\/a><br \/><a href=\"https:\/\/moverdb.com\/sk\/zasielatelstvo\/freight-forwarding-uk\/witham-freight-forwarder\/\">Zasielate\u013estvo Witham<\/a><\/p>","protected":false},"excerpt":{"rendered":"<p>Below we look at the 8 &#8220;best&#8221; Freight Forwarding companies in Leicester out of 21. To learn more about how we chose the best please consult our FAQ section at the end. Please not the following listings are in no particular order and we are not making any recommendations for any particular company. United Pallet [&hellip;]<\/p>\n","protected":false},"author":1,"featured_media":0,"parent":13427,"menu_order":0,"comment_status":"open","ping_status":"open","template":"","meta":{"_genesis_hide_title":false,"_genesis_hide_breadcrumbs":false,"_genesis_hide_singular_image":false,"_genesis_hide_footer_widgets":false,"_genesis_custom_body_class":"","_genesis_custom_post_class":"","_genesis_layout":"","footnotes":""},"class_list":{"0":"post-13796","1":"page","2":"type-page","3":"status-publish","5":"entry"},"_links":{"self":[{"href":"https:\/\/moverdb.com\/sk\/wp-json\/wp\/v2\/pages\/13796","targetHints":{"allow":["GET"]}}],"collection":[{"href":"https:\/\/moverdb.com\/sk\/wp-json\/wp\/v2\/pages"}],"about":[{"href":"https:\/\/moverdb.com\/sk\/wp-json\/wp\/v2\/types\/page"}],"author":[{"embeddable":true,"href":"https:\/\/moverdb.com\/sk\/wp-json\/wp\/v2\/users\/1"}],"replies":[{"embeddable":true,"href":"https:\/\/moverdb.com\/sk\/wp-json\/wp\/v2\/comments?post=13796"}],"version-history":[{"count":1,"href":"https:\/\/moverdb.com\/sk\/wp-json\/wp\/v2\/pages\/13796\/revisions"}],"predecessor-version":[{"id":15805,"href":"https:\/\/moverdb.com\/sk\/wp-json\/wp\/v2\/pages\/13796\/revisions\/15805"}],"up":[{"embeddable":true,"href":"https:\/\/moverdb.com\/sk\/wp-json\/wp\/v2\/pages\/13427"}],"wp:attachment":[{"href":"https:\/\/moverdb.com\/sk\/wp-json\/wp\/v2\/media?parent=13796"}],"curies":[{"name":"wp","href":"https:\/\/api.w.org\/{rel}","templated":true}]}}