{"id":13771,"date":"2023-11-08T15:52:42","date_gmt":"2023-11-08T15:52:42","guid":{"rendered":"https:\/\/moverdb.com\/freight-forwarder\/freight-forwarding-uk\/glasgow-freight-forwarder\/"},"modified":"2026-01-08T13:18:13","modified_gmt":"2026-01-08T13:18:13","slug":"glasgow-freight-forwarder","status":"publish","type":"page","link":"https:\/\/moverdb.com\/sk\/freight-forwarder\/freight-forwarding-uk\/glasgow-freight-forwarder\/","title":{"rendered":"8 najlep\u0161\u00edch \u0161pedi\u010dn\u00fdch spolo\u010dnost\u00ed v Glasgowe (2024)"},"content":{"rendered":"<p>Ni\u017e\u0161ie sa pozrieme na 8 <em>\"najlep\u0161ie\"<\/em> \u0160pedi\u010dn\u00e9 spolo\u010dnosti v <a href=\"\" data-internallinksmanager029f6b8e52c=\"46\" title=\"Glasgow\">Glasgow<\/a> z 27.<\/p>\n<p>Ak sa chcete dozvedie\u0165 viac o tom, ako sme vybrali t\u00fdch najlep\u0161\u00edch, pozrite si na\u0161u sekciu FAQ na konci.<\/p>\n<p><em>Upozor\u0148ujeme, \u017ee nasleduj\u00face zoznamy nie s\u00fa zoraden\u00e9 pod\u013ea konkr\u00e9tneho poradia a neodpor\u00fa\u010dame \u017eiadnu konkr\u00e9tnu spolo\u010dnos\u0165.<\/em><\/p>\n<div id=\"ez-toc-container\" class=\"ez-toc-v2_0_82_2 ez-toc-wrap-left counter-hierarchy ez-toc-counter ez-toc-transparent ez-toc-container-direction\">\n<div class=\"ez-toc-title-container\">\n<p class=\"ez-toc-title\" style=\"cursor:inherit\">Sekcie<\/p>\n<span class=\"ez-toc-title-toggle\"><a href=\"#\" class=\"ez-toc-pull-right ez-toc-btn ez-toc-btn-xs ez-toc-btn-default ez-toc-toggle\" aria-label=\"Prep\u00ednanie tabu\u013eky obsahu\"><span class=\"ez-toc-js-icon-con\"><span class=\"\"><span class=\"eztoc-hide\" style=\"display:none;\">Prep\u00edna\u010d<\/span><span class=\"ez-toc-icon-toggle-span\"><svg style=\"fill: #999;color:#999\" xmlns=\"http:\/\/www.w3.org\/2000\/svg\" class=\"list-377408\" width=\"20px\" height=\"20px\" viewbox=\"0 0 24 24\" fill=\"none\"><path d=\"M6 6H4v2h2V6zm14 0H8v2h12V6zM4 11h2v2H4v-2zm16 0H8v2h12v-2zM4 16h2v2H4v-2zm16 0H8v2h12v-2z\" fill=\"currentColor\"><\/path><\/svg><svg style=\"fill: #999;color:#999\" class=\"arrow-unsorted-368013\" xmlns=\"http:\/\/www.w3.org\/2000\/svg\" width=\"10px\" height=\"10px\" viewbox=\"0 0 24 24\" version=\"1.2\" baseprofile=\"tiny\"><path d=\"M18.2 9.3l-6.2-6.3-6.2 6.3c-.2.2-.3.4-.3.7s.1.5.3.7c.2.2.4.3.7.3h11c.3 0 .5-.1.7-.3.2-.2.3-.5.3-.7s-.1-.5-.3-.7zM5.8 14.7l6.2 6.3 6.2-6.3c.2-.2.3-.5.3-.7s-.1-.5-.3-.7c-.2-.2-.4-.3-.7-.3h-11c-.3 0-.5.1-.7.3-.2.2-.3.5-.3.7s.1.5.3.7z\"\/><\/svg><\/span><\/span><\/span><\/a><\/span><\/div>\n<nav><ul class='ez-toc-list ez-toc-list-level-1 eztoc-toggle-hide-by-default' ><li class='ez-toc-page-1 ez-toc-heading-level-2'><a class=\"ez-toc-link ez-toc-heading-1\" href=\"https:\/\/moverdb.com\/sk\/freight-forwarder\/freight-forwarding-uk\/glasgow-freight-forwarder\/#DB_Schenker\" >DB Schenker<\/a><\/li><li class='ez-toc-page-1 ez-toc-heading-level-2'><a class=\"ez-toc-link ez-toc-heading-2\" href=\"https:\/\/moverdb.com\/sk\/freight-forwarder\/freight-forwarding-uk\/glasgow-freight-forwarder\/#Accentric_Freights_Services\" >Slu\u017eby Accentric Freights<\/a><\/li><li class='ez-toc-page-1 ez-toc-heading-level-2'><a class=\"ez-toc-link ez-toc-heading-3\" href=\"https:\/\/moverdb.com\/sk\/freight-forwarder\/freight-forwarding-uk\/glasgow-freight-forwarder\/#Galaxy_Transport\" >Galaxy Transport<\/a><\/li><li class='ez-toc-page-1 ez-toc-heading-level-2'><a class=\"ez-toc-link ez-toc-heading-4\" href=\"https:\/\/moverdb.com\/sk\/freight-forwarder\/freight-forwarding-uk\/glasgow-freight-forwarder\/#JSM_Logistics_LTD\" >JSM Logistics LTD<\/a><\/li><li class='ez-toc-page-1 ez-toc-heading-level-2'><a class=\"ez-toc-link ez-toc-heading-5\" href=\"https:\/\/moverdb.com\/sk\/freight-forwarder\/freight-forwarding-uk\/glasgow-freight-forwarder\/#Customs_Clearance_Agent_UK_AAA_Freight_Services_Ltd\" >Agent pre coln\u00e9 konanie UK AAA Freight Services Ltd<\/a><\/li><li class='ez-toc-page-1 ez-toc-heading-level-2'><a class=\"ez-toc-link ez-toc-heading-6\" href=\"https:\/\/moverdb.com\/sk\/freight-forwarder\/freight-forwarding-uk\/glasgow-freight-forwarder\/#Matrix_Transport_Services_Ltd\" >Matrix Transport Services Ltd<\/a><\/li><li class='ez-toc-page-1 ez-toc-heading-level-2'><a class=\"ez-toc-link ez-toc-heading-7\" href=\"https:\/\/moverdb.com\/sk\/freight-forwarder\/freight-forwarding-uk\/glasgow-freight-forwarder\/#DHL\" >DHL<\/a><\/li><li class='ez-toc-page-1 ez-toc-heading-level-2'><a class=\"ez-toc-link ez-toc-heading-8\" href=\"https:\/\/moverdb.com\/sk\/freight-forwarder\/freight-forwarding-uk\/glasgow-freight-forwarder\/#Seabourne_Logistics_Glasgow\" >Seabourne Logistics Glasgow<\/a><\/li><li class='ez-toc-page-1 ez-toc-heading-level-2'><a class=\"ez-toc-link ez-toc-heading-9\" href=\"https:\/\/moverdb.com\/sk\/freight-forwarder\/freight-forwarding-uk\/glasgow-freight-forwarder\/#How_we_picked_the_best_Glasgow_Freight_Forwarding_Companies\" >Ako sme vybrali najlep\u0161ie \u0161pedi\u010dn\u00e9 spolo\u010dnosti v Glasgowe<\/a><\/li><\/ul><\/nav><\/div>\n<h2><span class=\"ez-toc-section\" id=\"DB_Schenker\"><\/span>DB Schenker<span class=\"ez-toc-section-end\"><\/span><\/h2>\n<p><img decoding=\"async\" src=\"https:\/\/moverdb.com\/wp-content\/uploads\/thumbnailpanoid-eEBmM7MppI0GGwkkHiVUwcb_clientsearch.gws-prod.gpsw408h240yaw287.jpg\" alt='DB Schenker' class=\"aligncenter\"><\/p>\n<p><strong>Popis z podniku: <\/strong>\u017diadne nie je k dispoz\u00edcii<\/p>\n<p><strong>\u010eal\u0161ie slu\u017eby:<\/strong><\/p>\n<p>Dopravn\u00e1 spolo\u010dnos\u0165<\/p>\n<p><strong>Adresa:<\/strong> 25 Colquhoun Ave, Hillington, Glasgow G52 4BN<\/p>\n<p><a href=\"http:\/\/www.dbschenker.com\/uk\" target=\"_new\" rel=\"noopener\">Webov\u00e1 str\u00e1nka spolo\u010dnosti DB Schenker<\/a><\/p>\n<p><strong>Recenzia Sk\u00f3re: <\/strong>5<br \/> <strong>Po\u010det recenzi\u00ed:<\/strong> 3<br \/><a href=\"https:\/\/www.google.co.uk\/maps?cid=16787027518432455449&#038;hl=en&#038;gl=GB\" target=\"_new\" rel=\"noopener\">Pre\u010d\u00edtajte si recenzie<\/a><\/p>\n<h2><span class=\"ez-toc-section\" id=\"Accentric_Freights_Services\"><\/span>Slu\u017eby Accentric Freights<span class=\"ez-toc-section-end\"><\/span><\/h2>\n<p><img decoding=\"async\" src=\"https:\/\/moverdb.com\/wp-content\/uploads\/AF1QipPFj4KIMmS-GOL2qn80ShEYKUcVVrIFIQep8qlYw408-h306-k-no.jpg\" alt='Slu\u017eby Accentric Freights' class=\"aligncenter\"><\/p>\n<p><strong>Popis z podniku: <\/strong>\u017diadne nie je k dispoz\u00edcii<\/p>\n<p><strong>\u010eal\u0161ie slu\u017eby:<\/strong><\/p>\n<p>\u017diadne uveden\u00e9 v zozname<\/p>\n<p><strong>Adresa:<\/strong> 94 David St, Glasgow G40 2UH<\/p>\n<p><a href=\"https:\/\/accentricfreights.com\/\" target=\"_new\" rel=\"noopener\">Webov\u00e1 str\u00e1nka Accentric Freights Services<\/a><\/p>\n<p><strong>Recenzia Sk\u00f3re: <\/strong>4<br \/> <strong>Po\u010det recenzi\u00ed:<\/strong> 1<br \/><a href=\"https:\/\/www.google.co.uk\/maps?cid=5672521677482953891&#038;hl=en&#038;gl=GB\" target=\"_new\" rel=\"noopener\">Pre\u010d\u00edtajte si recenzie<\/a><\/p>\n<h2><span class=\"ez-toc-section\" id=\"Galaxy_Transport\"><\/span>Galaxy Transport<span class=\"ez-toc-section-end\"><\/span><\/h2>\n<p><img decoding=\"async\" src=\"https:\/\/moverdb.com\/wp-content\/uploads\/AF1QipONXwkiZnepusc0mfLTQBaVU_o_iMjH6VFWHvbvw480-h240-k-no.png\" alt='Galaxy Transport' class=\"aligncenter\"><\/p>\n<p><strong>Popis z podniku: <\/strong>Dopravn\u00e1 a n\u00e1kladn\u00e1 spolo\u010dnos\u0165 so s\u00eddlom v \u0160k\u00f3tsku.<\/p>\n<p> N\u00e1\u0161 t\u00edm pracuje v cestnej n\u00e1kladnej doprave u\u017e 30 rokov a zbiera a doru\u010duje n\u00e1klad pre klientov v celej <a href=\"https:\/\/moverdb.com\/sk\/moving-to-the-uk\/\" data-internallinksmanager029f6b8e52c=\"93\" title=\"S\u0165ahujete sa do Spojen\u00e9ho kr\u00e1\u013eovstva? 2022 \u017divotn\u00e9 n\u00e1klady a tipy na pres\u0165ahovanie\">UK<\/a> a \u010falej<\/p>\n<p><strong>\u010eal\u0161ie slu\u017eby:<\/strong><\/p>\n<p>\u017diadne uveden\u00e9 v zozname<\/p>\n<p><strong>Adresa:<\/strong> Unit, 2b Orbital Ct, East Kilbride, Glasgow G74 5PH<\/p>\n<p><a href=\"http:\/\/www.galaxytransport.co.uk\/\" target=\"_new\" rel=\"noopener\">Webov\u00e1 str\u00e1nka spolo\u010dnosti Galaxy Transport<\/a><\/p>\n<p><strong>Recenzia Sk\u00f3re: <\/strong>4.7<br \/> <strong>Po\u010det recenzi\u00ed:<\/strong> 15<br \/><a href=\"https:\/\/www.google.co.uk\/maps?cid=7690291507517147497&#038;hl=en&#038;gl=GB\" target=\"_new\" rel=\"noopener\">Pre\u010d\u00edtajte si recenzie<\/a><\/p>\n<h2><span class=\"ez-toc-section\" id=\"JSM_Logistics_LTD\"><\/span>JSM Logistics LTD<span class=\"ez-toc-section-end\"><\/span><\/h2>\n<p><img decoding=\"async\" src=\"https:\/\/moverdb.com\/wp-content\/uploads\/AF1QipMSeWV0tOt2z4v7jbzfdajt24OGuGyHY5Kvn3b0w480-h240-k-no.png\" alt='JSM Logistics LTD' class=\"aligncenter\"><\/p>\n<p><strong>Popis z podniku: <\/strong>V spolo\u010dnosti JSM poskytujeme kvalitn\u00e9 \u0161pedi\u010dn\u00e9 slu\u017eby za v\u00fdhodn\u00e9 ceny.<\/p>\n<p> Bez oh\u013eadu na va\u0161e po\u017eiadavky na n\u00e1klad sa s nami spojte a my v\u00e1m zabezpe\u010d\u00edme tie najlep\u0161ie slu\u017eby.<\/p>\n<p><strong>\u010eal\u0161ie slu\u017eby:<\/strong><\/p>\n<p>\u017diadne uveden\u00e9 v zozname<\/p>\n<p><strong>Adresa:<\/strong> Unit C, Coalburn Rd, Bothwell, Glasgow G71 8DA<\/p>\n<p><a href=\"https:\/\/jsmglasgow.com\/\" target=\"_new\" rel=\"noopener\">Webov\u00e1 str\u00e1nka spolo\u010dnosti JSM Logistics LTD<\/a><\/p>\n<p><strong>Recenzia Sk\u00f3re: <\/strong>3<br \/> <strong>Po\u010det recenzi\u00ed:<\/strong> 2<br \/><a href=\"https:\/\/www.google.co.uk\/maps?cid=1596017489974594862&#038;hl=en&#038;gl=GB\" target=\"_new\" rel=\"noopener\">Pre\u010d\u00edtajte si recenzie<\/a><\/p>\n<h2><span class=\"ez-toc-section\" id=\"Customs_Clearance_Agent_UK_AAA_Freight_Services_Ltd\"><\/span>Agent pre coln\u00e9 konanie UK AAA Freight Services Ltd<span class=\"ez-toc-section-end\"><\/span><\/h2>\n<p><img decoding=\"async\" src=\"https:\/\/moverdb.com\/wp-content\/uploads\/AF1QipMlCQ7NHcDkXxDBT1xyvqJ0iwZZRZuXt34YJQH9w408-h271-k-no.jpg\" alt='Agent pre coln\u00e9 konanie UK AAA Freight Services Ltd' class=\"aligncenter\"><\/p>\n<p><strong>Popis z podniku: <\/strong>24 hod\u00edn denne, 7 dn\u00ed v t\u00fd\u017edni \u00daradn\u00fd coln\u00fd \u00farad Spojen\u00e9ho kr\u00e1\u013eovstva, viac ako 10 rokov.<\/p>\n<p>Dovozn\u00e9 a v\u00fdvozn\u00e9 postupy pre v\u00e1\u0161 n\u00e1klad, ktor\u00e9 sa vybavuj\u00fa vo v\u0161etk\u00fdch hlavn\u00fdch britsk\u00fdch <a href=\"https:\/\/moverdb.com\/sk\/top-49-container-ports\/\" data-internallinksmanager029f6b8e52c=\"80\" title=\"49 najv\u00e4\u010d\u0161\u00edch a najvy\u0165a\u017eenej\u0161\u00edch kontajnerov\u00fdch pr\u00edstavov v roku 2025\">porty<\/a>.<\/p>\n<p>Bezplatn\u00e1 cit\u00e1cia<br \/>\nLeteck\u00e1, n\u00e1morn\u00e1 a cestn\u00e1 n\u00e1kladn\u00e1 doprava Palety, kontajnery alebo n\u00e1kladn\u00e9 vozidl\u00e1 od 29 libier.<\/p>\n<p><strong>\u010eal\u0161ie slu\u017eby:<\/strong><\/p>\n<p>Coln\u00fd sprostredkovate\u013e<\/p>\n<p>Dod\u00e1vate\u013esk\u00e1 spolo\u010dnos\u0165<\/p>\n<p>Dopravn\u00e9 slu\u017eby<\/p>\n<p><strong>Adresa:<\/strong> Suite 2\/3, 48 W George St, Glasgow G2 1BP<\/p>\n<p><a href=\"https:\/\/customsclearance.business.site\/?utm_source=gmb&#038;utm_medium=referral\" target=\"_new\" rel=\"noopener\">Webov\u00e1 str\u00e1nka spolo\u010dnosti AAA Freight Services Ltd v Spojenom kr\u00e1\u013eovstve<\/a><\/p>\n<p><strong>Recenzia Sk\u00f3re: <\/strong>4.7<br \/> <strong>Po\u010det recenzi\u00ed:<\/strong> 159<br \/><a href=\"https:\/\/www.google.co.uk\/maps?cid=3863162467023301009&#038;hl=en&#038;gl=GB\" target=\"_new\" rel=\"noopener\">Pre\u010d\u00edtajte si recenzie<\/a><\/p>\n<h2><span class=\"ez-toc-section\" id=\"Matrix_Transport_Services_Ltd\"><\/span>Matrix Transport Services Ltd<span class=\"ez-toc-section-end\"><\/span><\/h2>\n<p><img decoding=\"async\" src=\"https:\/\/moverdb.com\/wp-content\/uploads\/thumbnailpanoidp1K188GFI2qxoOzc2WWfxgcb_clientsearch.gws-prod.gpsw408h240yaw98.jpg\" alt='Matrix Transport Services Ltd' class=\"aligncenter\"><\/p>\n<p><strong>Popis z podniku: <\/strong>\u017diadne nie je k dispoz\u00edcii<\/p>\n<p><strong>\u010eal\u0161ie slu\u017eby:<\/strong><\/p>\n<p>\u017diadne uveden\u00e9 v zozname<\/p>\n<p><strong>Adresa:<\/strong> Baltic Chambers, 50 Wellington St, Glasgow G2 6HJ<\/p>\n<p><a href=\"http:\/\/www.matrixtransport.co.uk\/\" target=\"_new\" rel=\"noopener\">Webov\u00e1 str\u00e1nka spolo\u010dnosti Matrix Transport Services Ltd<\/a><\/p>\n<p><strong>Recenzia Sk\u00f3re: <\/strong>5<br \/> <strong>Po\u010det recenzi\u00ed:<\/strong> 2<br \/><a href=\"https:\/\/www.google.co.uk\/maps?cid=9794949509380083414&#038;hl=en&#038;gl=GB\" target=\"_new\" rel=\"noopener\">Pre\u010d\u00edtajte si recenzie<\/a><\/p>\n<h2><span class=\"ez-toc-section\" id=\"DHL\"><\/span>DHL<span class=\"ez-toc-section-end\"><\/span><\/h2>\n<p><img decoding=\"async\" src=\"https:\/\/moverdb.com\/wp-content\/uploads\/thumbnailpanoidAw6RXmW2QMfnEciN3MtPnwcb_clientsearch.gws-prod.gpsw408h240yaw266.jpg\" alt='DHL' class=\"aligncenter\"><\/p>\n<p><strong>Popis z podniku: <\/strong>\u017diadne nie je k dispoz\u00edcii<\/p>\n<p><strong>\u010eal\u0161ie slu\u017eby:<\/strong><\/p>\n<p>Sklad<\/p>\n<p><strong>Adresa:<\/strong> Hurlawcrook Rd, East Kilbride, Glasgow G75 0ZZ<\/p>\n<p><a href=\"http:\/\/www.dhl.co.uk\/\" target=\"_new\" rel=\"noopener\">Webov\u00e1 str\u00e1nka DHL<\/a><\/p>\n<p><strong>Recenzia Sk\u00f3re: <\/strong>3.7<br \/> <strong>Po\u010det recenzi\u00ed:<\/strong> 10<br \/><a href=\"https:\/\/www.google.co.uk\/maps?cid=2667478489477151152&#038;hl=en&#038;gl=GB\" target=\"_new\" rel=\"noopener\">Pre\u010d\u00edtajte si recenzie<\/a><\/p>\n<h2><span class=\"ez-toc-section\" id=\"Seabourne_Logistics_Glasgow\"><\/span>Seabourne Logistics Glasgow<span class=\"ez-toc-section-end\"><\/span><\/h2>\n<p><img decoding=\"async\" src=\"https:\/\/moverdb.com\/wp-content\/uploads\/thumbnailpanoidAAIRTHEpOkAXE8_LrHU3TQcb_clientsearch.gws-prod.gpsw408h240yaw113.jpg\" alt='Seabourne Logistics Glasgow' class=\"aligncenter\"><\/p>\n<p><strong>Popis z podniku: <\/strong>Seabourne Logistics, popredn\u00fd nez\u00e1visl\u00fd logistick\u00fd oper\u00e1tor s pobo\u010dkami v Spojenom kr\u00e1\u013eovstve, v <a href=\"https:\/\/moverdb.com\/sk\/moving-to-the-netherlands\/\" data-internallinksmanager029f6b8e52c=\"328\" title=\"S\u0165ahujete sa do Holandska? 2026 N\u00e1klady na \u017eivot a tipy na pres\u0165ahovanie\">Holandsko<\/a>, <a href=\"https:\/\/moverdb.com\/sk\/moving-to-france\/\" data-internallinksmanager029f6b8e52c=\"315\" title=\"S\u0165ahovanie do Franc\u00fazska? 2026 N\u00e1klady na \u017eivot a tipy na pres\u0165ahovanie\">Franc\u00fazsko<\/a>a <a href=\"https:\/\/moverdb.com\/sk\/moving-to-south-africa\/\" data-internallinksmanager029f6b8e52c=\"347\" title=\"S\u0165ahovanie do Ju\u017enej Afriky? 2026 N\u00e1klady na \u017eivot a tipy na pres\u0165ahovanie\">Ju\u017en\u00e1 Afrika<\/a> pon\u00faka komplexn\u00e9 glob\u00e1lne rie\u0161enia prostredn\u00edctvom svojich 6 div\u00edzi\u00ed: Sklady, elektronick\u00e9 doru\u010dovanie, kuri\u00e9rske slu\u017eby, prepravn\u00e9 slu\u017eby, po\u0161tov\u00e9 rie\u0161enia a coln\u00e9 slu\u017eby.<\/p>\n<p> S\u00fa zn\u00e1mi svoj\u00edm osobn\u00fdm a praktick\u00fdm pr\u00edstupom a vybudovali si v\u00fdnimo\u010dn\u00fa poves\u0165, ke\u010f je z\u00e1kladom ich pr\u00e1ce dobr\u00e1 komunik\u00e1cia, flexibilita a odhodlanie.<\/p>\n<p> Spolo\u010dnos\u0165 Seabourne m\u00e1 sk\u00fasenosti v \u0161pecializovan\u00fdch oblastiach a poskytuje rozsiahle, na mieru \u0161it\u00e9 logistick\u00e9 rie\u0161enia pre tretie strany (3PL).<\/p>\n<p><strong>\u010eal\u0161ie slu\u017eby:<\/strong><\/p>\n<p>Kuri\u00e9rska slu\u017eba<\/p>\n<p>Logistick\u00e9 slu\u017eby<\/p>\n<p><strong>Adresa:<\/strong> Deanside Rd, Glasgow G52 4XB<\/p>\n<p><a href=\"https:\/\/uk.seabournelogistics.com\/\" target=\"_new\" rel=\"noopener\">Webov\u00e1 str\u00e1nka Seabourne Logistics Glasgow<\/a><\/p>\n<p><strong>Recenzia Sk\u00f3re: <\/strong>5<br \/> <strong>Po\u010det recenzi\u00ed:<\/strong> 2<br \/><a href=\"https:\/\/www.google.co.uk\/maps?cid=16458991865367399256&#038;hl=en&#038;gl=GB\" target=\"_new\" rel=\"noopener\">Pre\u010d\u00edtajte si recenzie<\/a><\/p>\n<h2><span class=\"ez-toc-section\" id=\"How_we_picked_the_best_Glasgow_Freight_Forwarding_Companies\"><\/span>Ako sme vybrali najlep\u0161ie \u0161pedi\u010dn\u00e9 spolo\u010dnosti v Glasgowe<span class=\"ez-toc-section-end\"><\/span><\/h2>\n<p>Vych\u00e1dzali sme zo s\u00faboru \u00fadajov 27 glasgowsk\u00fdch \u0161pedi\u010dn\u00fdch spolo\u010dnost\u00ed, ktor\u00e9 sme na\u0161li na Map\u00e1ch Google, a z\u00fa\u017eili sme ho na 8 najlep\u0161\u00edch.<\/p>\n<p>Na tento \u00fa\u010del sme odstr\u00e1nili v\u0161etky spolo\u010dnosti, ktor\u00e9:<\/p>\n<ul>\n<li> Nemal \u017eiadnu webov\u00fa str\u00e1nku<\/li>\n<li> Nemal \u017eiadne recenzie<\/li>\n<li> Priemern\u00e9 hodnotenie pod 2,0<\/li>\n<\/ul>\n<p>Ak sme v tomto okamihu mali 17 alebo menej odosielate\u013eov, uviedli sme ich v\u0161etk\u00fdch.<\/p>\n<p>V mest\u00e1ch, kde n\u00e1m zostalo viac ako 17 odosielate\u013eov, sme vykonali \u010fal\u0161ie rev\u00edzie bu\u010f zv\u00fd\u0161en\u00edm po\u017eadovan\u00e9ho sk\u00f3re hodnotenia (napr. z minim\u00e1lne 2,0 na 4,0) a\/alebo zv\u00fd\u0161en\u00edm minim\u00e1lneho po\u010dtu po\u017eadovan\u00fdch hodnoten\u00ed (napr. z minim\u00e1lne 1 hodnotenia na minim\u00e1lne 10).<\/p>\n<p>V\u0161imnite si, \u017ee sme pou\u017eili iba \u00fadaje z preh\u013eadu Mapy Google a nie z in\u00fdch webov\u00fdch str\u00e1nok tret\u00edch str\u00e1n.<\/p>\n<p>Viac miest:<\/p>\n<p><a href=\"https:\/\/moverdb.com\/sk\/zasielatelstvo\/freight-forwarding-uk\/barking-freight-forwarder\/\">Zasielate\u013estvo Barking<\/a><br \/><a href=\"https:\/\/moverdb.com\/sk\/zasielatelstvo\/freight-forwarding-uk\/staines-freight-forwarder\/\">Zasielate\u013estvo Staines<\/a><br \/><a href=\"https:\/\/moverdb.com\/sk\/zasielatelstvo\/freight-forwarding-uk\/leicester-freight-forwarder\/\">Zasielate\u013estvo Leicester<\/a><br \/><a href=\"https:\/\/moverdb.com\/sk\/zasielatelstvo\/freight-forwarding-uk\/dartford-freight-forwarder\/\">Dartford Freight Forwarder<\/a><br \/><a href=\"https:\/\/moverdb.com\/sk\/zasielatelstvo\/freight-forwarding-uk\/grays-freight-forwarder\/\">Zasielate\u013estvo Grays<\/a><\/p>","protected":false},"excerpt":{"rendered":"<p>Below we look at the 8 &#8220;best&#8221; Freight Forwarding companies in Glasgow out of 27. To learn more about how we chose the best please consult our FAQ section at the end. Please not the following listings are in no particular order and we are not making any recommendations for any particular company. DB Schenker [&hellip;]<\/p>\n","protected":false},"author":1,"featured_media":0,"parent":13427,"menu_order":0,"comment_status":"open","ping_status":"open","template":"","meta":{"_genesis_hide_title":false,"_genesis_hide_breadcrumbs":false,"_genesis_hide_singular_image":false,"_genesis_hide_footer_widgets":false,"_genesis_custom_body_class":"","_genesis_custom_post_class":"","_genesis_layout":"","footnotes":""},"class_list":{"0":"post-13771","1":"page","2":"type-page","3":"status-publish","5":"entry"},"_links":{"self":[{"href":"https:\/\/moverdb.com\/sk\/wp-json\/wp\/v2\/pages\/13771","targetHints":{"allow":["GET"]}}],"collection":[{"href":"https:\/\/moverdb.com\/sk\/wp-json\/wp\/v2\/pages"}],"about":[{"href":"https:\/\/moverdb.com\/sk\/wp-json\/wp\/v2\/types\/page"}],"author":[{"embeddable":true,"href":"https:\/\/moverdb.com\/sk\/wp-json\/wp\/v2\/users\/1"}],"replies":[{"embeddable":true,"href":"https:\/\/moverdb.com\/sk\/wp-json\/wp\/v2\/comments?post=13771"}],"version-history":[{"count":1,"href":"https:\/\/moverdb.com\/sk\/wp-json\/wp\/v2\/pages\/13771\/revisions"}],"predecessor-version":[{"id":15803,"href":"https:\/\/moverdb.com\/sk\/wp-json\/wp\/v2\/pages\/13771\/revisions\/15803"}],"up":[{"embeddable":true,"href":"https:\/\/moverdb.com\/sk\/wp-json\/wp\/v2\/pages\/13427"}],"wp:attachment":[{"href":"https:\/\/moverdb.com\/sk\/wp-json\/wp\/v2\/media?parent=13771"}],"curies":[{"name":"wp","href":"https:\/\/api.w.org\/{rel}","templated":true}]}}