{"id":13713,"date":"2023-11-08T15:51:25","date_gmt":"2023-11-08T15:51:25","guid":{"rendered":"https:\/\/moverdb.com\/freight-forwarder\/freight-forwarding-uk\/hayes-freight-forwarder\/"},"modified":"2026-01-08T14:55:30","modified_gmt":"2026-01-08T14:55:30","slug":"hayes-freight-forwarder","status":"publish","type":"page","link":"https:\/\/moverdb.com\/sk\/freight-forwarder\/freight-forwarding-uk\/hayes-freight-forwarder\/","title":{"rendered":"11 najlep\u0161\u00edch \u0161pedi\u010dn\u00fdch spolo\u010dnost\u00ed Hayes (2024)"},"content":{"rendered":"<p>Ni\u017e\u0161ie sa pozrieme na 11 <em>\"najlep\u0161ie\"<\/em> \u0160pedi\u010dn\u00e9 spolo\u010dnosti v meste Hayes z 27.<\/p>\n<p>Ak sa chcete dozvedie\u0165 viac o tom, ako sme vybrali t\u00fdch najlep\u0161\u00edch, pozrite si na\u0161u sekciu FAQ na konci.<\/p>\n<p><em>Upozor\u0148ujeme, \u017ee nasleduj\u00face zoznamy nie s\u00fa zoraden\u00e9 pod\u013ea konkr\u00e9tneho poradia a neodpor\u00fa\u010dame \u017eiadnu konkr\u00e9tnu spolo\u010dnos\u0165.<\/em><\/p>\n<div id=\"ez-toc-container\" class=\"ez-toc-v2_0_82_2 ez-toc-wrap-left counter-hierarchy ez-toc-counter ez-toc-transparent ez-toc-container-direction\">\n<div class=\"ez-toc-title-container\">\n<p class=\"ez-toc-title\" style=\"cursor:inherit\">Sekcie<\/p>\n<span class=\"ez-toc-title-toggle\"><a href=\"#\" class=\"ez-toc-pull-right ez-toc-btn ez-toc-btn-xs ez-toc-btn-default ez-toc-toggle\" aria-label=\"Prep\u00ednanie tabu\u013eky obsahu\"><span class=\"ez-toc-js-icon-con\"><span class=\"\"><span class=\"eztoc-hide\" style=\"display:none;\">Prep\u00edna\u010d<\/span><span class=\"ez-toc-icon-toggle-span\"><svg style=\"fill: #999;color:#999\" xmlns=\"http:\/\/www.w3.org\/2000\/svg\" class=\"list-377408\" width=\"20px\" height=\"20px\" viewbox=\"0 0 24 24\" fill=\"none\"><path d=\"M6 6H4v2h2V6zm14 0H8v2h12V6zM4 11h2v2H4v-2zm16 0H8v2h12v-2zM4 16h2v2H4v-2zm16 0H8v2h12v-2z\" fill=\"currentColor\"><\/path><\/svg><svg style=\"fill: #999;color:#999\" class=\"arrow-unsorted-368013\" xmlns=\"http:\/\/www.w3.org\/2000\/svg\" width=\"10px\" height=\"10px\" viewbox=\"0 0 24 24\" version=\"1.2\" baseprofile=\"tiny\"><path d=\"M18.2 9.3l-6.2-6.3-6.2 6.3c-.2.2-.3.4-.3.7s.1.5.3.7c.2.2.4.3.7.3h11c.3 0 .5-.1.7-.3.2-.2.3-.5.3-.7s-.1-.5-.3-.7zM5.8 14.7l6.2 6.3 6.2-6.3c.2-.2.3-.5.3-.7s-.1-.5-.3-.7c-.2-.2-.4-.3-.7-.3h-11c-.3 0-.5.1-.7.3-.2.2-.3.5-.3.7s.1.5.3.7z\"\/><\/svg><\/span><\/span><\/span><\/a><\/span><\/div>\n<nav><ul class='ez-toc-list ez-toc-list-level-1 eztoc-toggle-hide-by-default' ><li class='ez-toc-page-1 ez-toc-heading-level-2'><a class=\"ez-toc-link ez-toc-heading-1\" href=\"https:\/\/moverdb.com\/sk\/freight-forwarder\/freight-forwarding-uk\/hayes-freight-forwarder\/#Rolling_Cargo_United_Kingdom\" >Rolling Cargo Spojen\u00e9 kr\u00e1\u013eovstvo<\/a><\/li><li class='ez-toc-page-1 ez-toc-heading-level-2'><a class=\"ez-toc-link ez-toc-heading-2\" href=\"https:\/\/moverdb.com\/sk\/freight-forwarder\/freight-forwarding-uk\/hayes-freight-forwarder\/#Safina_International\" >Safina International<\/a><\/li><li class='ez-toc-page-1 ez-toc-heading-level-2'><a class=\"ez-toc-link ez-toc-heading-3\" href=\"https:\/\/moverdb.com\/sk\/freight-forwarder\/freight-forwarding-uk\/hayes-freight-forwarder\/#Simba_Freight_Limited\" >Simba Freight Limited<\/a><\/li><li class='ez-toc-page-1 ez-toc-heading-level-2'><a class=\"ez-toc-link ez-toc-heading-4\" href=\"https:\/\/moverdb.com\/sk\/freight-forwarder\/freight-forwarding-uk\/hayes-freight-forwarder\/#Goran_Transport_UK_Ltd\" >Goran Transport UK Ltd<\/a><\/li><li class='ez-toc-page-1 ez-toc-heading-level-2'><a class=\"ez-toc-link ez-toc-heading-5\" href=\"https:\/\/moverdb.com\/sk\/freight-forwarder\/freight-forwarding-uk\/hayes-freight-forwarder\/#African_Salihiya_Cargo_and_Clearing\" >African Salihiya Cargo and Clearing<\/a><\/li><li class='ez-toc-page-1 ez-toc-heading-level-2'><a class=\"ez-toc-link ez-toc-heading-6\" href=\"https:\/\/moverdb.com\/sk\/freight-forwarder\/freight-forwarding-uk\/hayes-freight-forwarder\/#Global_Forwarding_Ltd\" >Global Forwarding Ltd<\/a><\/li><li class='ez-toc-page-1 ez-toc-heading-level-2'><a class=\"ez-toc-link ez-toc-heading-7\" href=\"https:\/\/moverdb.com\/sk\/freight-forwarder\/freight-forwarding-uk\/hayes-freight-forwarder\/#Zumm_Cargo_Services_Ltd\" >Zumm Cargo Services Ltd<\/a><\/li><li class='ez-toc-page-1 ez-toc-heading-level-2'><a class=\"ez-toc-link ez-toc-heading-8\" href=\"https:\/\/moverdb.com\/sk\/freight-forwarder\/freight-forwarding-uk\/hayes-freight-forwarder\/#Bonito_Logistics_UK_Ltd\" >Bonito Logistics UK Ltd<\/a><\/li><li class='ez-toc-page-1 ez-toc-heading-level-2'><a class=\"ez-toc-link ez-toc-heading-9\" href=\"https:\/\/moverdb.com\/sk\/freight-forwarder\/freight-forwarding-uk\/hayes-freight-forwarder\/#Jambo_Cargo_LTD\" >Jambo Cargo LTD<\/a><\/li><li class='ez-toc-page-1 ez-toc-heading-level-2'><a class=\"ez-toc-link ez-toc-heading-10\" href=\"https:\/\/moverdb.com\/sk\/freight-forwarder\/freight-forwarding-uk\/hayes-freight-forwarder\/#Global_Motion\" >Glob\u00e1lny pohyb<\/a><\/li><li class='ez-toc-page-1 ez-toc-heading-level-2'><a class=\"ez-toc-link ez-toc-heading-11\" href=\"https:\/\/moverdb.com\/sk\/freight-forwarder\/freight-forwarding-uk\/hayes-freight-forwarder\/#Kam_Freight_Services_Ltd\" >Kam Freight Services Ltd<\/a><\/li><li class='ez-toc-page-1 ez-toc-heading-level-2'><a class=\"ez-toc-link ez-toc-heading-12\" href=\"https:\/\/moverdb.com\/sk\/freight-forwarder\/freight-forwarding-uk\/hayes-freight-forwarder\/#How_we_picked_the_best_Hayes_Freight_Forwarding_Companies\" >Ako sme vybrali najlep\u0161ie \u0161pedi\u010dn\u00e9 spolo\u010dnosti Hayes<\/a><\/li><\/ul><\/nav><\/div>\n<h2><span class=\"ez-toc-section\" id=\"Rolling_Cargo_United_Kingdom\"><\/span>Rolling Cargo Spojen\u00e9 kr\u00e1\u013eovstvo<span class=\"ez-toc-section-end\"><\/span><\/h2>\n<p><img decoding=\"async\" src=\"https:\/\/moverdb.com\/wp-content\/uploads\/AF1QipMDUa5jXhskvGnSpkrFZWvKMU9Sjv3FTvqQVU09w408-h544-k-no.jpg\" alt='Rolling Cargo Spojen\u00e9 kr\u00e1\u013eovstvo' class=\"aligncenter\"><\/p>\n<p><strong>Popis z podniku: <\/strong>\u017diadne nie je k dispoz\u00edcii<\/p>\n<p><strong>\u010eal\u0161ie slu\u017eby:<\/strong><\/p>\n<p>\u017diadne uveden\u00e9 v zozname<\/p>\n<p><strong>Adresa:<\/strong> Unit 3, Alpha Estate, Clayton Rd, Hayes UB3 1BB<\/p>\n<p><a href=\"http:\/\/www.rollingcargo.co.ke\/\" target=\"_new\" rel=\"noopener\">Webov\u00e1 str\u00e1nka Rolling Cargo Spojen\u00e9 kr\u00e1\u013eovstvo<\/a><\/p>\n<p><strong>Recenzia Sk\u00f3re: <\/strong>4.9<br \/> <strong>Po\u010det recenzi\u00ed:<\/strong> 8<br \/><a href=\"https:\/\/www.google.co.uk\/maps?cid=657233200873828662&#038;hl=en&#038;gl=GB\" target=\"_new\" rel=\"noopener\">Pre\u010d\u00edtajte si recenzie<\/a><\/p>\n<h2><span class=\"ez-toc-section\" id=\"Safina_International\"><\/span>Safina International<span class=\"ez-toc-section-end\"><\/span><\/h2>\n<p><img decoding=\"async\" src=\"https:\/\/moverdb.com\/wp-content\/uploads\/thumbnailpanoidogeblsbIiBD5uBA1J9X38Acb_clientsearch.gws-prod.gpsw408h240yaw18.jpg\" alt='Safina International' class=\"aligncenter\"><\/p>\n<p><strong>Popis z podniku: <\/strong>\u017diadne nie je k dispoz\u00edcii<\/p>\n<p><strong>\u010eal\u0161ie slu\u017eby:<\/strong><\/p>\n<p>Coln\u00e9 oddelenie<\/p>\n<p>Dod\u00e1vatelia a slu\u017eby v oblasti balenia<\/p>\n<p>Dod\u00e1vate\u013esk\u00e1 spolo\u010dnos\u0165<\/p>\n<p><strong>Adresa:<\/strong> 10 Pump Ln, Hayes UB3 3NP<\/p>\n<p><a href=\"http:\/\/www.safina.co.uk\/\" target=\"_new\" rel=\"noopener\">Webov\u00e1 str\u00e1nka Safina International<\/a><\/p>\n<p><strong>Recenzia Sk\u00f3re: <\/strong>3.7<br \/> <strong>Po\u010det recenzi\u00ed:<\/strong> 6<br \/><a href=\"https:\/\/www.google.co.uk\/maps?cid=36397636264476976&#038;hl=en&#038;gl=GB\" target=\"_new\" rel=\"noopener\">Pre\u010d\u00edtajte si recenzie<\/a><\/p>\n<h2><span class=\"ez-toc-section\" id=\"Simba_Freight_Limited\"><\/span>Simba Freight Limited<span class=\"ez-toc-section-end\"><\/span><\/h2>\n<p><img decoding=\"async\" src=\"https:\/\/moverdb.com\/wp-content\/uploads\/thumbnailpanoidLZj8pUUxIwZmaBavJ-VnsQcb_clientsearch.gws-prod.gpsw408h240yaw355.jpg\" alt='Simba Freight Limited' class=\"aligncenter\"><\/p>\n<p><strong>Popis z podniku: <\/strong>Sme \u0161pecialisti na prepravu tovaru, ktor\u00ed p\u00f4sobia od <a href=\"https:\/\/moverdb.com\/sk\/moving-to-the-uk\/\" data-internallinksmanager029f6b8e52c=\"93\" title=\"S\u0165ahujete sa do Spojen\u00e9ho kr\u00e1\u013eovstva? 2022 \u017divotn\u00e9 n\u00e1klady a tipy na pres\u0165ahovanie\">UK<\/a> do cel\u00e9ho regi\u00f3nu v\u00fdchodnej Afriky.<\/p>\n<p>Na\u0161a spolo\u010dnos\u0165 bola zalo\u017een\u00e1 na spracovanie a u\u013eah\u010denie rast\u00faceho obchodu medzi Spojen\u00fdm kr\u00e1\u013eovstvom a v\u00fdchodnou Afrikou.<\/p>\n<p> \u0160pecializujeme sa na leteck\u00fa n\u00e1kladn\u00fa dopravu od dver\u00ed k dver\u00e1m a z letiska na letisko pre v\u0161etky druhy n\u00e1kladu vr\u00e1tane nebezpe\u010dn\u00e9ho tovaru zo Spojen\u00e9ho kr\u00e1\u013eovstva do <a href=\"https:\/\/moverdb.com\/sk\/moving-companies\/moving-companies-kenya\/\" data-internallinksmanager029f6b8e52c=\"305\" title=\"4 Najlep\u0161ie medzin\u00e1rodn\u00e9 s\u0165ahovacie spolo\u010dnosti v Keni\">Ke\u0148a<\/a>, Tanz\u00e1nia, Uganda a zvy\u0161ok sveta.<\/p>\n<p><strong>\u010eal\u0161ie slu\u017eby:<\/strong><\/p>\n<p>\u017diadne uveden\u00e9 v zozname<\/p>\n<p><strong>Adresa:<\/strong> Unit 7, Adler Industrial Estate, Betam Rd, Hayes UB3 1ST<\/p>\n<p><a href=\"http:\/\/www.simbafreight.com\/\" target=\"_new\" rel=\"noopener\">Webov\u00e1 str\u00e1nka spolo\u010dnosti Simba Freight Limited<\/a><\/p>\n<p><strong>Recenzia Sk\u00f3re: <\/strong>5<br \/> <strong>Po\u010det recenzi\u00ed:<\/strong> 1<br \/><a href=\"https:\/\/www.google.co.uk\/maps?cid=10274383187957710415&#038;hl=en&#038;gl=GB\" target=\"_new\" rel=\"noopener\">Pre\u010d\u00edtajte si recenzie<\/a><\/p>\n<h2><span class=\"ez-toc-section\" id=\"Goran_Transport_UK_Ltd\"><\/span>Goran Transport UK Ltd<span class=\"ez-toc-section-end\"><\/span><\/h2>\n<p><img decoding=\"async\" src=\"https:\/\/moverdb.com\/wp-content\/uploads\/AF1QipOX_6kF8HEoYuN5vJRhrkymU1UUoGwfZr-sl-3tw408-h544-k-no.jpg\" alt='Goran Transport UK Ltd' class=\"aligncenter\"><\/p>\n<p><strong>Popis z podniku: <\/strong>\u017diadne nie je k dispoz\u00edcii<\/p>\n<p><strong>\u010eal\u0161ie slu\u017eby:<\/strong><\/p>\n<p>\u017diadne uveden\u00e9 v zozname<\/p>\n<p><strong>Adresa:<\/strong> Unit 5, Regent Business Centre, Pump Ln, Hayes UB3 3NP<\/p>\n<p><a href=\"https:\/\/www.gorantransport.nl\/english.htm\" target=\"_new\" rel=\"noopener\">Webov\u00e1 str\u00e1nka spolo\u010dnosti Goran Transport UK Ltd<\/a><\/p>\n<p><strong>Recenzia Sk\u00f3re: <\/strong>4.1<br \/> <strong>Po\u010det recenzi\u00ed:<\/strong> 25<br \/><a href=\"https:\/\/www.google.co.uk\/maps?cid=3019162477136920695&#038;hl=en&#038;gl=GB\" target=\"_new\" rel=\"noopener\">Pre\u010d\u00edtajte si recenzie<\/a><\/p>\n<h2><span class=\"ez-toc-section\" id=\"African_Salihiya_Cargo_and_Clearing\"><\/span>African Salihiya Cargo and Clearing<span class=\"ez-toc-section-end\"><\/span><\/h2>\n<p><img decoding=\"async\" src=\"https:\/\/moverdb.com\/wp-content\/uploads\/thumbnailpanoidmLbWvSXZRZ9FblJKYp0myQcb_clientsearch.gws-prod.gpsw408h240yaw217.jpg\" alt='African Salihiya Cargo and Clearing' class=\"aligncenter\"><\/p>\n<p><strong>Popis z podniku: <\/strong>\u017diadne nie je k dispoz\u00edcii<\/p>\n<p><strong>\u010eal\u0161ie slu\u017eby:<\/strong><\/p>\n<p>Prepravn\u00e1 slu\u017eba<\/p>\n<p><strong>Adresa:<\/strong> 134 Clayton Rd, Hayes UB3 1BL<\/p>\n<p><a href=\"http:\/\/www.africansalihiya.com\/\" target=\"_new\" rel=\"noopener\">Webov\u00e1 str\u00e1nka African Salihiya Cargo and Clearing<\/a><\/p>\n<p><strong>Recenzia Sk\u00f3re: <\/strong>4<br \/> <strong>Po\u010det recenzi\u00ed:<\/strong> 12<br \/><a href=\"https:\/\/www.google.co.uk\/maps?cid=15574283774093380149&#038;hl=en&#038;gl=GB\" target=\"_new\" rel=\"noopener\">Pre\u010d\u00edtajte si recenzie<\/a><\/p>\n<h2><span class=\"ez-toc-section\" id=\"Global_Forwarding_Ltd\"><\/span>Global Forwarding Ltd<span class=\"ez-toc-section-end\"><\/span><\/h2>\n<p><img decoding=\"async\" src=\"https:\/\/moverdb.com\/wp-content\/uploads\/AF1QipOXj5XgSdjoRlytWUMDeDVZPOit8bnQQYrJ-u0jw532-h240-k-no.jpg\" alt='Global Forwarding Ltd' class=\"aligncenter\"><\/p>\n<p><strong>Popis z podniku: <\/strong>Spolo\u010dnos\u0165 Global Forwarding bola zalo\u017een\u00e1 v roku 1993 a p\u00f4sob\u00ed v n\u00e1kladn\u00fdch centr\u00e1ch v Spojenom kr\u00e1\u013eovstve, <a href=\"https:\/\/moverdb.com\/sk\/moving-to-ireland\/\" data-internallinksmanager029f6b8e52c=\"320\" title=\"S\u0165ahujete sa do \u00cdrska? 2026 N\u00e1klady na b\u00fdvanie a tipy na pres\u0165ahovanie\">\u00cdrsko<\/a>a <a href=\"https:\/\/moverdb.com\/sk\/moving-to-the-united-states\/\" data-internallinksmanager029f6b8e52c=\"94\" title=\"S\u0165ahujete sa do Spojen\u00fdch \u0161t\u00e1tov? 2022 \u017divotn\u00e9 n\u00e1klady a tipy na pres\u0165ahovanie\">Spojen\u00e9 \u0161t\u00e1ty americk\u00e9<\/a> a u\u017e 10 rokov je \u010dlenom skupiny Hecny Group, jedn\u00e9ho z najv\u00e4\u010d\u0161\u00edch \u00e1zijsk\u00fdch prepravcov.<\/p>\n<p>Spolo\u010dnos\u0165 Global Forwarding, ktor\u00e1 je hrd\u00e1 na svoju nez\u00e1visl\u00fa, butikov\u00fa kult\u00faru, sa zaviazala poskytova\u0165 najvy\u0161\u0161iu \u00farove\u0148 slu\u017eieb z\u00e1kazn\u00edkom a \u0161pecializuje sa na multimod\u00e1lnu n\u00e1kladn\u00fa dopravu, logistiku a rie\u0161enia dod\u00e1vate\u013esk\u00e9ho re\u0165azca na mieru pre v\u0161etky typy n\u00e1kladu.<\/p>\n<p><strong>\u010eal\u0161ie slu\u017eby:<\/strong><\/p>\n<p>\u017diadne uveden\u00e9 v zozname<\/p>\n<p><strong>Adresa:<\/strong> Jednotka B, Crosspoint Distribution Park, Hayes UB3 1DQ<\/p>\n<p><a href=\"http:\/\/www.globalf.com\/\" target=\"_new\" rel=\"noopener\">Webov\u00e1 str\u00e1nka spolo\u010dnosti Global Forwarding Ltd<\/a><\/p>\n<p><strong>Recenzia Sk\u00f3re: <\/strong>4.3<br \/> <strong>Po\u010det recenzi\u00ed:<\/strong> 6<br \/><a href=\"https:\/\/www.google.co.uk\/maps?cid=567301662248238344&#038;hl=en&#038;gl=GB\" target=\"_new\" rel=\"noopener\">Pre\u010d\u00edtajte si recenzie<\/a><\/p>\n<h2><span class=\"ez-toc-section\" id=\"Zumm_Cargo_Services_Ltd\"><\/span>Zumm Cargo Services Ltd<span class=\"ez-toc-section-end\"><\/span><\/h2>\n<p><img decoding=\"async\" src=\"https:\/\/moverdb.com\/wp-content\/uploads\/thumbnailpanoidmLbWvSXZRZ9FblJKYp0myQcb_clientsearch.gws-prod.gpsw408h240yaw225.jpg\" alt='Zumm Cargo Services Ltd' class=\"aligncenter\"><\/p>\n<p><strong>Popis z podniku: <\/strong>\u017diadne nie je k dispoz\u00edcii<\/p>\n<p><strong>\u010eal\u0161ie slu\u017eby:<\/strong><\/p>\n<p>\u017diadne uveden\u00e9 v zozname<\/p>\n<p><strong>Adresa:<\/strong> 12, Crown Trading Centre, 203 Clayton Rd, Hayes UB3 1DU<\/p>\n<p><a href=\"https:\/\/www.zummcargo.co.uk\/\" target=\"_new\" rel=\"noopener\">Webov\u00e1 str\u00e1nka spolo\u010dnosti Zumm Cargo Services Ltd<\/a><\/p>\n<p><strong>Recenzia Sk\u00f3re: <\/strong>5<br \/> <strong>Po\u010det recenzi\u00ed:<\/strong> 1<br \/><a href=\"https:\/\/www.google.co.uk\/maps?cid=16072533922684399173&#038;hl=en&#038;gl=GB\" target=\"_new\" rel=\"noopener\">Pre\u010d\u00edtajte si recenzie<\/a><\/p>\n<h2><span class=\"ez-toc-section\" id=\"Bonito_Logistics_UK_Ltd\"><\/span>Bonito Logistics UK Ltd<span class=\"ez-toc-section-end\"><\/span><\/h2>\n<p><img decoding=\"async\" src=\"https:\/\/moverdb.com\/wp-content\/uploads\/thumbnailpanoiduqFlQnn0vH2DUMJE9cnLJQcb_clientsearch.gws-prod.gpsw408h240yaw274.jpg\" alt='Bonito Logistics UK Ltd' class=\"aligncenter\"><\/p>\n<p><strong>Popis z podniku: <\/strong>Bonito Logistics UK Ltd je <a href=\"https:\/\/moverdb.com\/sk\/freight-forwarder\/\" data-internallinksmanager029f6b8e52c=\"17\" title=\"Sprievodca medzin\u00e1rodn\u00fdmi n\u00e1kladmi a spolo\u010dnos\u0165ami zasielate\u013estva a NVOCC\">zasielate\u013e<\/a> so s\u00eddlom v Lond\u00fdne poskytujeme logistick\u00e9 slu\u017eby na z\u00e1klade va\u0161ich po\u017eiadaviek.<\/p>\n<p> Na\u0161e odborn\u00e9 znalosti, profesion\u00e1lne zru\u010dnosti a glob\u00e1lna sie\u0165 n\u00e1m umo\u017e\u0148uj\u00fa efekt\u00edvne spravova\u0165 va\u0161e n\u00e1kladn\u00e9 z\u00e1sielky.<\/p>\n<p> Na\u0161e slu\u017eby s\u00fa navrhnut\u00e9 tak, aby zabezpe\u010dili, \u017ee ka\u017ed\u00fd krok va\u0161ich logistick\u00fdch po\u017eiadaviek bude starostlivo koordinovan\u00fd a spracovan\u00fd.<\/p>\n<p> Sie\u0165 agentov a logistick\u00fdch partnerov spolo\u010dnosti Bonito po celom svete je schopn\u00e1 podpori\u0165 logistick\u00e9 po\u017eiadavky kdeko\u013evek na svete.<\/p>\n<p> Spolo\u010dnos\u0165 Bonito \u00fazko spolupracuje so svojimi klientmi, aby lep\u0161ie pochopila ich \u0161pecifick\u00e9 potreby a o\u010dak\u00e1vania, a v spolupr\u00e1ci s vami vytvor\u00ed, uplatn\u00ed a udr\u017eiava \u0161tandardn\u00e9 prev\u00e1dzkov\u00e9 postupy, ktor\u00e9 bud\u00fa vyhovova\u0165 potreb\u00e1m v\u00e1\u0161ho podniku.<\/p>\n<p><strong>\u010eal\u0161ie slu\u017eby:<\/strong><\/p>\n<p>\u017diadne uveden\u00e9 v zozname<\/p>\n<p><strong>Adresa:<\/strong> 47 Botwell Cres, Hayes UB3 2BD<\/p>\n<p><a href=\"http:\/\/www.bonitologistics-uk.com\/\" target=\"_new\" rel=\"noopener\">Webov\u00e1 str\u00e1nka spolo\u010dnosti Bonito Logistics UK Ltd<\/a><\/p>\n<p><strong>Recenzia Sk\u00f3re: <\/strong>5<br \/> <strong>Po\u010det recenzi\u00ed:<\/strong> 3<br \/><a href=\"https:\/\/www.google.co.uk\/maps?cid=14489321507001253818&#038;hl=en&#038;gl=GB\" target=\"_new\" rel=\"noopener\">Pre\u010d\u00edtajte si recenzie<\/a><\/p>\n<h2><span class=\"ez-toc-section\" id=\"Jambo_Cargo_LTD\"><\/span>Jambo Cargo LTD<span class=\"ez-toc-section-end\"><\/span><\/h2>\n<p><img decoding=\"async\" src=\"https:\/\/moverdb.com\/wp-content\/uploads\/AF1QipNWYXRLILA8RMfCaES13iG_LBSVfQZcdhsxawHUw408-h544-k-no.jpg\" alt='Jambo Cargo LTD' class=\"aligncenter\"><\/p>\n<p><strong>Popis z podniku: <\/strong>\u0160pecializujeme sa na prepravu n\u00e1kladu do Kene \u00f0\u0178\u2021\u00b0\u00f0\u0178\u2021\u00aa<br \/>\n\u017diadny n\u00e1klad nie je pr\u00edli\u0161 mal\u00fd ani pr\u00edli\u0161 ve\u013ek\u00fd, dok\u00e1\u017eeme prepravi\u0165 od dokumentu a\u017e po vozidlo.<\/p>\n<p>Pon\u00fakame tie\u017e v\u00fdhodn\u00e9 ceny do v\u0161etk\u00fdch destin\u00e1ci\u00ed na svete.<\/p>\n<p>Kontaktujte n\u00e1s pre viac inform\u00e1ci\u00ed<br \/>\nPredaj@jambocargo.<\/p>\n<p>com<br \/>\n020 8004 8661<\/p>\n<p><strong>\u010eal\u0161ie slu\u017eby:<\/strong><\/p>\n<p>Dopravn\u00e9 slu\u017eby<\/p>\n<p><strong>Adresa:<\/strong> ACCESS HOUSE, 1 Nestles Ave, Hayes UB3 4UZ<\/p>\n<p><a href=\"http:\/\/jambocargo.com\/\" target=\"_new\" rel=\"noopener\">Webov\u00e1 str\u00e1nka spolo\u010dnosti Jambo Cargo LTD<\/a><\/p>\n<p><strong>Recenzia Sk\u00f3re: <\/strong>4.5<br \/> <strong>Po\u010det recenzi\u00ed:<\/strong> 20<br \/><a href=\"https:\/\/www.google.co.uk\/maps?cid=6610410855194137063&#038;hl=en&#038;gl=GB\" target=\"_new\" rel=\"noopener\">Pre\u010d\u00edtajte si recenzie<\/a><\/p>\n<h2><span class=\"ez-toc-section\" id=\"Global_Motion\"><\/span>Glob\u00e1lny pohyb<span class=\"ez-toc-section-end\"><\/span><\/h2>\n<p><img decoding=\"async\" src=\"https:\/\/moverdb.com\/wp-content\/uploads\/AF1QipNkw2TZ8kSPrCuv0IG0MoYP7PgyvXFAFuuBmQKbw408-h272-k-no.jpg\" alt='Glob\u00e1lny pohyb' class=\"aligncenter\"><\/p>\n<p><strong>Popis z podniku: <\/strong>\u017diadne nie je k dispoz\u00edcii<\/p>\n<p><strong>\u010eal\u0161ie slu\u017eby:<\/strong><\/p>\n<p>Skladovacie zariadenie<\/p>\n<p><strong>Adresa:<\/strong> Jednotka 4 Vinyl Pl, Hayes UB3 1DA<\/p>\n<p><a href=\"http:\/\/www.globalmotion.com\/\" target=\"_new\" rel=\"noopener\">Webov\u00e1 str\u00e1nka Global Motion<\/a><\/p>\n<p><strong>Recenzia Sk\u00f3re: <\/strong>4.7<br \/> <strong>Po\u010det recenzi\u00ed:<\/strong> 11<br \/><a href=\"https:\/\/www.google.co.uk\/maps?cid=10255561171020697373&#038;hl=en&#038;gl=GB\" target=\"_new\" rel=\"noopener\">Pre\u010d\u00edtajte si recenzie<\/a><\/p>\n<h2><span class=\"ez-toc-section\" id=\"Kam_Freight_Services_Ltd\"><\/span>Kam Freight Services Ltd<span class=\"ez-toc-section-end\"><\/span><\/h2>\n<p><img decoding=\"async\" src=\"https:\/\/moverdb.com\/wp-content\/uploads\/AF1QipP3Z8TnlgNCqSIFMm2vAcibV9If0l3Vz3DpB8SAw647-h240-k-no.jpg\" alt='Kam Freight Services Ltd' class=\"aligncenter\"><\/p>\n<p><strong>Popis z podniku: <\/strong>\u017diadne nie je k dispoz\u00edcii<\/p>\n<p><strong>\u010eal\u0161ie slu\u017eby:<\/strong><\/p>\n<p>Kuri\u00e9rska slu\u017eba<\/p>\n<p>Logistick\u00e9 slu\u017eby<\/p>\n<p>Dod\u00e1vate\u013esk\u00e1 spolo\u010dnos\u0165<\/p>\n<p>Prepravn\u00e1 slu\u017eba<\/p>\n<p><a href=\"https:\/\/moverdb.com\/sk\/car-transport-shipping\/\" data-internallinksmanager029f6b8e52c=\"2\" title=\"2026 Medzin\u00e1rodn\u00e1 preprava \u00e1ut a cit\u00e1cie prepravy vozidiel\">Preprava vozidiel<\/a> agent<\/p>\n<p><strong>Adresa:<\/strong> 1 Swallowfield Way, Hayes UB3 1DQ<\/p>\n<p><a href=\"http:\/\/www.kamfreightservices.com\/\" target=\"_new\" rel=\"noopener\">Webov\u00e1 str\u00e1nka spolo\u010dnosti Kam Freight Services Ltd<\/a><\/p>\n<p><strong>Recenzia Sk\u00f3re: <\/strong>4.1<br \/> <strong>Po\u010det recenzi\u00ed:<\/strong> 15<br \/><a href=\"https:\/\/www.google.co.uk\/maps?cid=6964296461833857074&#038;hl=en&#038;gl=GB\" target=\"_new\" rel=\"noopener\">Pre\u010d\u00edtajte si recenzie<\/a><\/p>\n<h2><span class=\"ez-toc-section\" id=\"How_we_picked_the_best_Hayes_Freight_Forwarding_Companies\"><\/span>Ako sme vybrali najlep\u0161ie \u0161pedi\u010dn\u00e9 spolo\u010dnosti Hayes<span class=\"ez-toc-section-end\"><\/span><\/h2>\n<p>Vych\u00e1dzali sme zo s\u00faboru \u00fadajov 27 \u0161pedi\u010dn\u00fdch spolo\u010dnost\u00ed Hayes, ktor\u00e9 sme na\u0161li na Map\u00e1ch Google, a z\u00fa\u017eili sme ho na 11 najlep\u0161\u00edch.<\/p>\n<p>Na tento \u00fa\u010del sme odstr\u00e1nili v\u0161etky spolo\u010dnosti, ktor\u00e9:<\/p>\n<ul>\n<li> Nemal \u017eiadnu webov\u00fa str\u00e1nku<\/li>\n<li> Nemal \u017eiadne recenzie<\/li>\n<li> Priemern\u00e9 hodnotenie pod 2,0<\/li>\n<\/ul>\n<p>Ak sme v tomto okamihu mali 17 alebo menej odosielate\u013eov, uviedli sme ich v\u0161etk\u00fdch.<\/p>\n<p>V mest\u00e1ch, kde n\u00e1m zostalo viac ako 17 odosielate\u013eov, sme vykonali \u010fal\u0161ie rev\u00edzie bu\u010f zv\u00fd\u0161en\u00edm po\u017eadovan\u00e9ho sk\u00f3re hodnotenia (napr. z minim\u00e1lne 2,0 na 4,0) a\/alebo zv\u00fd\u0161en\u00edm minim\u00e1lneho po\u010dtu po\u017eadovan\u00fdch hodnoten\u00ed (napr. z minim\u00e1lne 1 hodnotenia na minim\u00e1lne 10).<\/p>\n<p>V\u0161imnite si, \u017ee sme pou\u017eili iba \u00fadaje z preh\u013eadu Mapy Google a nie z in\u00fdch webov\u00fdch str\u00e1nok tret\u00edch str\u00e1n.<\/p>\n<p>Viac miest:<\/p>\n<p><a href=\"https:\/\/moverdb.com\/sk\/zasielatelstvo\/freight-forwarding-uk\/bradford-freight-forwarder\/\">Zasielate\u013estvo Bradford<\/a><br \/><a href=\"https:\/\/moverdb.com\/sk\/zasielatelstvo\/freight-forwarding-uk\/derby-freight-forwarder\/\">Zasielate\u013estvo Derby<\/a><br \/><a href=\"https:\/\/moverdb.com\/sk\/zasielatelstvo\/freight-forwarding-uk\/southall-freight-forwarder\/\">Zasielate\u013estvo Southall<\/a><br \/><a href=\"https:\/\/moverdb.com\/sk\/zasielatelstvo\/freight-forwarding-uk\/coventry-freight-forwarder\/\">Coventry zasielate\u013estvo<\/a><br \/><a href=\"https:\/\/moverdb.com\/sk\/zasielatelstvo\/freight-forwarding-uk\/west-drayton-freight-forwarder\/\">Zasielate\u013estvo West Drayton<\/a><\/p>","protected":false},"excerpt":{"rendered":"<p>Below we look at the 11 &#8220;best&#8221; Freight Forwarding companies in Hayes out of 27. To learn more about how we chose the best please consult our FAQ section at the end. Please not the following listings are in no particular order and we are not making any recommendations for any particular company. Rolling Cargo [&hellip;]<\/p>\n","protected":false},"author":1,"featured_media":0,"parent":13427,"menu_order":0,"comment_status":"open","ping_status":"open","template":"","meta":{"_genesis_hide_title":false,"_genesis_hide_breadcrumbs":false,"_genesis_hide_singular_image":false,"_genesis_hide_footer_widgets":false,"_genesis_custom_body_class":"","_genesis_custom_post_class":"","_genesis_layout":"","footnotes":""},"class_list":{"0":"post-13713","1":"page","2":"type-page","3":"status-publish","5":"entry"},"_links":{"self":[{"href":"https:\/\/moverdb.com\/sk\/wp-json\/wp\/v2\/pages\/13713","targetHints":{"allow":["GET"]}}],"collection":[{"href":"https:\/\/moverdb.com\/sk\/wp-json\/wp\/v2\/pages"}],"about":[{"href":"https:\/\/moverdb.com\/sk\/wp-json\/wp\/v2\/types\/page"}],"author":[{"embeddable":true,"href":"https:\/\/moverdb.com\/sk\/wp-json\/wp\/v2\/users\/1"}],"replies":[{"embeddable":true,"href":"https:\/\/moverdb.com\/sk\/wp-json\/wp\/v2\/comments?post=13713"}],"version-history":[{"count":1,"href":"https:\/\/moverdb.com\/sk\/wp-json\/wp\/v2\/pages\/13713\/revisions"}],"predecessor-version":[{"id":15683,"href":"https:\/\/moverdb.com\/sk\/wp-json\/wp\/v2\/pages\/13713\/revisions\/15683"}],"up":[{"embeddable":true,"href":"https:\/\/moverdb.com\/sk\/wp-json\/wp\/v2\/pages\/13427"}],"wp:attachment":[{"href":"https:\/\/moverdb.com\/sk\/wp-json\/wp\/v2\/media?parent=13713"}],"curies":[{"name":"wp","href":"https:\/\/api.w.org\/{rel}","templated":true}]}}