{"id":13701,"date":"2023-11-08T15:51:25","date_gmt":"2023-11-08T15:51:25","guid":{"rendered":"https:\/\/moverdb.com\/freight-forwarder\/freight-forwarding-uk\/belfast-freight-forwarder\/"},"modified":"2026-01-08T14:55:26","modified_gmt":"2026-01-08T14:55:26","slug":"belfast-freight-forwarder","status":"publish","type":"page","link":"https:\/\/moverdb.com\/sk\/freight-forwarder\/freight-forwarding-uk\/belfast-freight-forwarder\/","title":{"rendered":"11 najlep\u0161\u00edch \u0161pedi\u010dn\u00fdch spolo\u010dnost\u00ed v Belfaste (2024)"},"content":{"rendered":"<p>Ni\u017e\u0161ie sa pozrieme na 11 <em>\"najlep\u0161ie\"<\/em> \u0160pedi\u010dn\u00e9 spolo\u010dnosti v <a href=\"\" data-internallinksmanager029f6b8e52c=\"33\" title=\"Belfast\">Belfast<\/a> z 21.<\/p>\n<p>Ak sa chcete dozvedie\u0165 viac o tom, ako sme vybrali t\u00fdch najlep\u0161\u00edch, pozrite si na\u0161u sekciu FAQ na konci.<\/p>\n<p><em>Upozor\u0148ujeme, \u017ee nasleduj\u00face zoznamy nie s\u00fa zoraden\u00e9 pod\u013ea konkr\u00e9tneho poradia a neodpor\u00fa\u010dame \u017eiadnu konkr\u00e9tnu spolo\u010dnos\u0165.<\/em><\/p>\n<div id=\"ez-toc-container\" class=\"ez-toc-v2_0_82_2 ez-toc-wrap-left counter-hierarchy ez-toc-counter ez-toc-transparent ez-toc-container-direction\">\n<div class=\"ez-toc-title-container\">\n<p class=\"ez-toc-title\" style=\"cursor:inherit\">Sekcie<\/p>\n<span class=\"ez-toc-title-toggle\"><a href=\"#\" class=\"ez-toc-pull-right ez-toc-btn ez-toc-btn-xs ez-toc-btn-default ez-toc-toggle\" aria-label=\"Prep\u00ednanie tabu\u013eky obsahu\"><span class=\"ez-toc-js-icon-con\"><span class=\"\"><span class=\"eztoc-hide\" style=\"display:none;\">Prep\u00edna\u010d<\/span><span class=\"ez-toc-icon-toggle-span\"><svg style=\"fill: #999;color:#999\" xmlns=\"http:\/\/www.w3.org\/2000\/svg\" class=\"list-377408\" width=\"20px\" height=\"20px\" viewbox=\"0 0 24 24\" fill=\"none\"><path d=\"M6 6H4v2h2V6zm14 0H8v2h12V6zM4 11h2v2H4v-2zm16 0H8v2h12v-2zM4 16h2v2H4v-2zm16 0H8v2h12v-2z\" fill=\"currentColor\"><\/path><\/svg><svg style=\"fill: #999;color:#999\" class=\"arrow-unsorted-368013\" xmlns=\"http:\/\/www.w3.org\/2000\/svg\" width=\"10px\" height=\"10px\" viewbox=\"0 0 24 24\" version=\"1.2\" baseprofile=\"tiny\"><path d=\"M18.2 9.3l-6.2-6.3-6.2 6.3c-.2.2-.3.4-.3.7s.1.5.3.7c.2.2.4.3.7.3h11c.3 0 .5-.1.7-.3.2-.2.3-.5.3-.7s-.1-.5-.3-.7zM5.8 14.7l6.2 6.3 6.2-6.3c.2-.2.3-.5.3-.7s-.1-.5-.3-.7c-.2-.2-.4-.3-.7-.3h-11c-.3 0-.5.1-.7.3-.2.2-.3.5-.3.7s.1.5.3.7z\"\/><\/svg><\/span><\/span><\/span><\/a><\/span><\/div>\n<nav><ul class='ez-toc-list ez-toc-list-level-1 eztoc-toggle-hide-by-default' ><li class='ez-toc-page-1 ez-toc-heading-level-2'><a class=\"ez-toc-link ez-toc-heading-1\" href=\"https:\/\/moverdb.com\/sk\/freight-forwarder\/freight-forwarding-uk\/belfast-freight-forwarder\/#TCB_Group_Ltd\" >TCB Group Ltd<\/a><\/li><li class='ez-toc-page-1 ez-toc-heading-level-2'><a class=\"ez-toc-link ez-toc-heading-2\" href=\"https:\/\/moverdb.com\/sk\/freight-forwarder\/freight-forwarding-uk\/belfast-freight-forwarder\/#Johnson_Stevens_NI\" >Johnson Stevens (NI)<\/a><\/li><li class='ez-toc-page-1 ez-toc-heading-level-2'><a class=\"ez-toc-link ez-toc-heading-3\" href=\"https:\/\/moverdb.com\/sk\/freight-forwarder\/freight-forwarding-uk\/belfast-freight-forwarder\/#Total_Cargo_Container_Depot\" >Celkov\u00e9 skladisko n\u00e1kladn\u00fdch kontajnerov<\/a><\/li><li class='ez-toc-page-1 ez-toc-heading-level-2'><a class=\"ez-toc-link ez-toc-heading-4\" href=\"https:\/\/moverdb.com\/sk\/freight-forwarder\/freight-forwarding-uk\/belfast-freight-forwarder\/#All_Cargo\" >V\u0161etok n\u00e1klad<\/a><\/li><li class='ez-toc-page-1 ez-toc-heading-level-2'><a class=\"ez-toc-link ez-toc-heading-5\" href=\"https:\/\/moverdb.com\/sk\/freight-forwarder\/freight-forwarding-uk\/belfast-freight-forwarder\/#Cargo_Forwarding\" >\u0160ped\u00edcia n\u00e1kladu<\/a><\/li><li class='ez-toc-page-1 ez-toc-heading-level-2'><a class=\"ez-toc-link ez-toc-heading-6\" href=\"https:\/\/moverdb.com\/sk\/freight-forwarder\/freight-forwarding-uk\/belfast-freight-forwarder\/#Kuehne_Nagel_Belfast\" >Kuehne + Nagel Belfast<\/a><\/li><li class='ez-toc-page-1 ez-toc-heading-level-2'><a class=\"ez-toc-link ez-toc-heading-7\" href=\"https:\/\/moverdb.com\/sk\/freight-forwarder\/freight-forwarding-uk\/belfast-freight-forwarder\/#Roadliner_International\" >Roadliner International<\/a><\/li><li class='ez-toc-page-1 ez-toc-heading-level-2'><a class=\"ez-toc-link ez-toc-heading-8\" href=\"https:\/\/moverdb.com\/sk\/freight-forwarder\/freight-forwarding-uk\/belfast-freight-forwarder\/#Swissport\" >Swissport<\/a><\/li><li class='ez-toc-page-1 ez-toc-heading-level-2'><a class=\"ez-toc-link ez-toc-heading-9\" href=\"https:\/\/moverdb.com\/sk\/freight-forwarder\/freight-forwarding-uk\/belfast-freight-forwarder\/#Swissport-2\" >Swissport<\/a><\/li><li class='ez-toc-page-1 ez-toc-heading-level-2'><a class=\"ez-toc-link ez-toc-heading-10\" href=\"https:\/\/moverdb.com\/sk\/freight-forwarder\/freight-forwarding-uk\/belfast-freight-forwarder\/#Jenkinson_Logistics\" >Jenkinson Logistics<\/a><\/li><li class='ez-toc-page-1 ez-toc-heading-level-2'><a class=\"ez-toc-link ez-toc-heading-11\" href=\"https:\/\/moverdb.com\/sk\/freight-forwarder\/freight-forwarding-uk\/belfast-freight-forwarder\/#Ceva_Freight_UK_Ltd\" >Ceva Freight UK Ltd<\/a><\/li><li class='ez-toc-page-1 ez-toc-heading-level-2'><a class=\"ez-toc-link ez-toc-heading-12\" href=\"https:\/\/moverdb.com\/sk\/freight-forwarder\/freight-forwarding-uk\/belfast-freight-forwarder\/#How_we_picked_the_best_Belfast_Freight_Forwarding_Companies\" >Ako sme vybrali najlep\u0161ie \u0161pedi\u010dn\u00e9 spolo\u010dnosti v Belfaste<\/a><\/li><\/ul><\/nav><\/div>\n<h2><span class=\"ez-toc-section\" id=\"TCB_Group_Ltd\"><\/span>TCB Group Ltd<span class=\"ez-toc-section-end\"><\/span><\/h2>\n<p><img decoding=\"async\" src=\"https:\/\/moverdb.com\/wp-content\/uploads\/AF1QipPlOhM3sy_5tWcywWrMM4cawJ8Fw9up3t68RIvpw408-h305-k-no.jpg\" alt='TCB Group Ltd' class=\"aligncenter\"><\/p>\n<p><strong>Popis z podniku: <\/strong>V spolo\u010dnosti TCB Group sa \u0161pecializujeme na rie\u0161enia v oblasti dod\u00e1vate\u013esk\u00e9ho re\u0165azca a intermod\u00e1lnej n\u00e1kladnej dopravy.<\/p>\n<p> Prostredn\u00edctvom vysokokvalifikovan\u00e9ho a sk\u00fasen\u00e9ho t\u00edmu TCB Group spolupracujeme na rie\u0161en\u00ed probl\u00e9mov, riaden\u00ed a dosahovan\u00ed pozit\u00edvnych v\u00fdsledkov pre podniky a organiz\u00e1cie na celom svete.<\/p>\n<p><strong>\u010eal\u0161ie slu\u017eby:<\/strong><\/p>\n<p>\u017diadne uveden\u00e9 v zozname<\/p>\n<p><strong>Adresa:<\/strong> 14, Pilots View, Heron Rd, Belfast BT3 9LE<\/p>\n<p><a href=\"http:\/\/tcbgroup.com\/\" target=\"_new\" rel=\"noopener\">Webov\u00e1 str\u00e1nka spolo\u010dnosti TCB Group Ltd<\/a><\/p>\n<p><strong>Recenzia Sk\u00f3re: <\/strong>4.5<br \/> <strong>Po\u010det recenzi\u00ed:<\/strong> 2<br \/><a href=\"https:\/\/www.google.co.uk\/maps?cid=9803251466445250907&#038;hl=en&#038;gl=GB\" target=\"_new\" rel=\"noopener\">Pre\u010d\u00edtajte si recenzie<\/a><\/p>\n<h2><span class=\"ez-toc-section\" id=\"Johnson_Stevens_NI\"><\/span>Johnson Stevens (NI)<span class=\"ez-toc-section-end\"><\/span><\/h2>\n<p><img decoding=\"async\" src=\"https:\/\/moverdb.com\/wp-content\/uploads\/thumbnailpanoid_stvvZ5pzE4wmIeKHDunrAcb_clientsearch.gws-prod.gpsw408h240yaw314.jpg\" alt='Johnson Stevens (NI)' class=\"aligncenter\"><\/p>\n<p><strong>Popis z podniku: <\/strong>\u017diadne nie je k dispoz\u00edcii<\/p>\n<p><strong>\u010eal\u0161ie slu\u017eby:<\/strong><\/p>\n<p>Distribu\u010dn\u00e1 slu\u017eba<\/p>\n<p>Dod\u00e1vate\u013esk\u00e1 spolo\u010dnos\u0165<\/p>\n<p><strong>Adresa:<\/strong> 7 W Bank Rd, Belfast BT3 9JL<\/p>\n<p><a href=\"http:\/\/www.johnsonstevens.co.uk\/\" target=\"_new\" rel=\"noopener\">Webov\u00e1 str\u00e1nka spolo\u010dnosti Johnson Stevens (NI)<\/a><\/p>\n<p><strong>Recenzia Sk\u00f3re: <\/strong>5<br \/> <strong>Po\u010det recenzi\u00ed:<\/strong> 1<br \/><a href=\"https:\/\/www.google.co.uk\/maps?cid=1218177584223176551&#038;hl=en&#038;gl=GB\" target=\"_new\" rel=\"noopener\">Pre\u010d\u00edtajte si recenzie<\/a><\/p>\n<h2><span class=\"ez-toc-section\" id=\"Total_Cargo_Container_Depot\"><\/span>Celkov\u00e9 skladisko n\u00e1kladn\u00fdch kontajnerov<span class=\"ez-toc-section-end\"><\/span><\/h2>\n<p><img decoding=\"async\" src=\"https:\/\/moverdb.com\/wp-content\/uploads\/AF1QipMmAH06JGHUXT-dCmBqNWon8EzGeAeHZSMkLlvnw426-h240-k-no.jpg\" alt='Celkov\u00e9 skladisko n\u00e1kladn\u00fdch kontajnerov' class=\"aligncenter\"><\/p>\n<p><strong>Popis z podniku: <\/strong>\u017diadne nie je k dispoz\u00edcii<\/p>\n<p><strong>\u010eal\u0161ie slu\u017eby:<\/strong><\/p>\n<p>\u017diadne uveden\u00e9 v zozname<\/p>\n<p><strong>Adresa:<\/strong> 4 W Bank Rd, Belfast BT3 9BY<\/p>\n<p><a href=\"https:\/\/www.totalcargoservices.co.uk\/\" target=\"_new\" rel=\"noopener\">Celkov\u00e9 webov\u00e9 str\u00e1nky Cargo Container Depot<\/a><\/p>\n<p><strong>Recenzia Sk\u00f3re: <\/strong>4.6<br \/> <strong>Po\u010det recenzi\u00ed:<\/strong> 10<br \/><a href=\"https:\/\/www.google.co.uk\/maps?cid=13553752146314056580&#038;hl=en&#038;gl=GB\" target=\"_new\" rel=\"noopener\">Pre\u010d\u00edtajte si recenzie<\/a><\/p>\n<h2><span class=\"ez-toc-section\" id=\"All_Cargo\"><\/span>V\u0161etok n\u00e1klad<span class=\"ez-toc-section-end\"><\/span><\/h2>\n<p><img decoding=\"async\" src=\"https:\/\/moverdb.com\/wp-content\/uploads\/thumbnailpanoidRLEuC01kkl9OoPMBpmtvOwcb_clientsearch.gws-prod.gpsw408h240yaw173.jpg\" alt='V\u0161etok n\u00e1klad' class=\"aligncenter\"><\/p>\n<p><strong>Popis z podniku: <\/strong>\u017diadne nie je k dispoz\u00edcii<\/p>\n<p><strong>\u010eal\u0161ie slu\u017eby:<\/strong><\/p>\n<p>\u017diadne uveden\u00e9 v zozname<\/p>\n<p><strong>Adresa:<\/strong> Ilford Rd, Crossnacreevy, Belfast BT6 9SN<\/p>\n<p><a href=\"http:\/\/www.allcargouk.com\/\" target=\"_new\" rel=\"noopener\">Webov\u00e1 lokalita All Cargo<\/a><\/p>\n<p><strong>Recenzia Sk\u00f3re: <\/strong>5<br \/> <strong>Po\u010det recenzi\u00ed:<\/strong> 1<br \/><a href=\"https:\/\/www.google.co.uk\/maps?cid=14403747898268807637&#038;hl=en&#038;gl=GB\" target=\"_new\" rel=\"noopener\">Pre\u010d\u00edtajte si recenzie<\/a><\/p>\n<h2><span class=\"ez-toc-section\" id=\"Cargo_Forwarding\"><\/span>\u0160ped\u00edcia n\u00e1kladu<span class=\"ez-toc-section-end\"><\/span><\/h2>\n<p><img decoding=\"async\" src=\"https:\/\/moverdb.com\/wp-content\/uploads\/AF1QipOwRUchJgpjPDabYKoA1PNtsAYpiAbKdCeW1ip9w532-h240-k-no.jpg\" alt='\u0160ped\u00edcia n\u00e1kladu' class=\"aligncenter\"><\/p>\n<p><strong>Popis z podniku: <\/strong>\u017diadne nie je k dispoz\u00edcii<\/p>\n<p><strong>\u010eal\u0161ie slu\u017eby:<\/strong><\/p>\n<p>Dod\u00e1vate\u013esk\u00e1 spolo\u010dnos\u0165<\/p>\n<p><strong>Adresa:<\/strong> 4 Edgewater Rd, Belfast BT3 9JQ<\/p>\n<p><a href=\"https:\/\/www.tr-logistics.com\/cargo-forwarding\/\" target=\"_new\" rel=\"noopener\">Webov\u00e1 str\u00e1nka Cargo Forwarding<\/a><\/p>\n<p><strong>Recenzia Sk\u00f3re: <\/strong>4.3<br \/> <strong>Po\u010det recenzi\u00ed:<\/strong> 18<br \/><a href=\"https:\/\/www.google.co.uk\/maps?cid=3348088672348428293&#038;hl=en&#038;gl=GB\" target=\"_new\" rel=\"noopener\">Pre\u010d\u00edtajte si recenzie<\/a><\/p>\n<h2><span class=\"ez-toc-section\" id=\"Kuehne_Nagel_Belfast\"><\/span>Kuehne + Nagel Belfast<span class=\"ez-toc-section-end\"><\/span><\/h2>\n<p><img decoding=\"async\" src=\"https:\/\/moverdb.com\/wp-content\/uploads\/thumbnailpanoidLbFNWhZ9VRHO4pooZwMVtwcb_clientsearch.gws-prod.gpsw408h240yaw174.jpg\" alt='Kuehne + Nagel Belfast' class=\"aligncenter\"><\/p>\n<p><strong>Popis z podniku: <\/strong>Kuehne + Nagel Belfast, <a href=\"https:\/\/moverdb.com\/sk\/moving-to-the-uk\/\" data-internallinksmanager029f6b8e52c=\"93\" title=\"S\u0165ahujete sa do Spojen\u00e9ho kr\u00e1\u013eovstva? 2022 \u017divotn\u00e9 n\u00e1klady a tipy na pres\u0165ahovanie\">UK<\/a><\/p>\n<p><strong>\u010eal\u0161ie slu\u017eby:<\/strong><\/p>\n<p>\u017diadne uveden\u00e9 v zozname<\/p>\n<p><strong>Adresa:<\/strong> 35 Dargan Rd, Belfast BT3 9LZ<\/p>\n<p><a href=\"https:\/\/uk.kuehne-nagel.com\/?utm_source=GMB&#038;utm_medium=GMB-UK&#038;utm_campaign=GMB-UK\" target=\"_new\" rel=\"noopener\">Webov\u00e1 str\u00e1nka spolo\u010dnosti Kuehne + Nagel Belfast<\/a><\/p>\n<p><strong>Recenzia Sk\u00f3re: <\/strong>5<br \/> <strong>Po\u010det recenzi\u00ed:<\/strong> 2<br \/><a href=\"https:\/\/www.google.co.uk\/maps?cid=11012247135486676731&#038;hl=en&#038;gl=GB\" target=\"_new\" rel=\"noopener\">Pre\u010d\u00edtajte si recenzie<\/a><\/p>\n<h2><span class=\"ez-toc-section\" id=\"Roadliner_International\"><\/span>Roadliner International<span class=\"ez-toc-section-end\"><\/span><\/h2>\n<p><img decoding=\"async\" src=\"https:\/\/moverdb.com\/wp-content\/uploads\/AF1QipMpjRjW3Skzi_qA-zxKR8M6Nh2TLg3TPsWqZtidw408-h306-k-no.jpg\" alt='Roadliner International' class=\"aligncenter\"><\/p>\n<p><strong>Popis z podniku: <\/strong>Skupinov\u00e1 a pln\u00e1 z\u00e1\u0165a\u017e<br \/>\nEur\u00f3pski \u0161pecialisti na cestn\u00fa a n\u00e1morn\u00fa prepravu<\/p>\n<p><strong>\u010eal\u0161ie slu\u017eby:<\/strong><\/p>\n<p>\u017diadne uveden\u00e9 v zozname<\/p>\n<p><strong>Adresa:<\/strong> Unit 7, Graham Industrial Park, Dargan Cres, Belfast BT3 9LP<\/p>\n<p><a href=\"http:\/\/www.roadliner.com\/\" target=\"_new\" rel=\"noopener\">Webov\u00e1 str\u00e1nka spolo\u010dnosti Roadliner International<\/a><\/p>\n<p><strong>Recenzia Sk\u00f3re: <\/strong>4<br \/> <strong>Po\u010det recenzi\u00ed:<\/strong> 7<br \/><a href=\"https:\/\/www.google.co.uk\/maps?cid=11476083937151180241&#038;hl=en&#038;gl=GB\" target=\"_new\" rel=\"noopener\">Pre\u010d\u00edtajte si recenzie<\/a><\/p>\n<h2><span class=\"ez-toc-section\" id=\"Swissport\"><\/span>Swissport<span class=\"ez-toc-section-end\"><\/span><\/h2>\n<p><img decoding=\"async\" src=\"\" alt=\"Swissport\" class=\"aligncenter\"><\/p>\n<p><strong>Popis z podniku: <\/strong>\u017diadne nie je k dispoz\u00edcii<\/p>\n<p><strong>\u010eal\u0161ie slu\u017eby:<\/strong><\/p>\n<p>\u017diadne uveden\u00e9 v zozname<\/p>\n<p><strong>Adresa:<\/strong> Airport Rd, Belfast BT29 4AB<\/p>\n<p><a href=\"http:\/\/www.swissport.com\/\" target=\"_new\" rel=\"noopener\">Webov\u00e1 str\u00e1nka spolo\u010dnosti Swissport<\/a><\/p>\n<p><strong>Recenzia Sk\u00f3re: <\/strong>2.6<br \/> <strong>Po\u010det recenzi\u00ed:<\/strong> 19<br \/><a href=\"https:\/\/www.google.co.uk\/maps?cid=14179955090858579378&#038;hl=en&#038;gl=GB\" target=\"_new\" rel=\"noopener\">Pre\u010d\u00edtajte si recenzie<\/a><\/p>\n<h2><span class=\"ez-toc-section\" id=\"Swissport-2\"><\/span>Swissport<span class=\"ez-toc-section-end\"><\/span><\/h2>\n<p><img decoding=\"async\" src=\"\" alt=\"Swissport\" class=\"aligncenter\"><\/p>\n<p><strong>Popis z podniku: <\/strong>\u017diadne nie je k dispoz\u00edcii<\/p>\n<p><strong>\u010eal\u0161ie slu\u017eby:<\/strong><\/p>\n<p>\u017diadne uveden\u00e9 v zozname<\/p>\n<p><strong>Adresa:<\/strong> Letisko Belfast City, Sydenham By-Pass, Belfast BT3 9JH<\/p>\n<p><a href=\"https:\/\/www.swissport.com\/en\/network\/europe\/united-kingdom\/bhd\" target=\"_new\" rel=\"noopener\">Webov\u00e1 str\u00e1nka spolo\u010dnosti Swissport<\/a><\/p>\n<p><strong>Recenzia Sk\u00f3re: <\/strong>2.6<br \/> <strong>Po\u010det recenzi\u00ed:<\/strong> 5<br \/><a href=\"https:\/\/www.google.co.uk\/maps?cid=1934761779884560628&#038;hl=en&#038;gl=GB\" target=\"_new\" rel=\"noopener\">Pre\u010d\u00edtajte si recenzie<\/a><\/p>\n<h2><span class=\"ez-toc-section\" id=\"Jenkinson_Logistics\"><\/span>Jenkinson Logistics<span class=\"ez-toc-section-end\"><\/span><\/h2>\n<p><img decoding=\"async\" src=\"https:\/\/moverdb.com\/wp-content\/uploads\/thumbnailpanoidpq7W0GF4c7ckp4xIgZnHDgcb_clientsearch.gws-prod.gpsw408h240yaw7.jpg\" alt='Jenkinson Logistics' class=\"aligncenter\"><\/p>\n<p><strong>Popis z podniku: <\/strong>\u017diadne nie je k dispoz\u00edcii<\/p>\n<p><strong>\u010eal\u0161ie slu\u017eby:<\/strong><\/p>\n<p>Prepravn\u00e1 slu\u017eba<\/p>\n<p><strong>Adresa:<\/strong> 5 Edgewater Rd, Belfast BT3 9JQ<\/p>\n<p><a href=\"http:\/\/www.jenkinson.ie\/\" target=\"_new\" rel=\"noopener\">Webov\u00e1 str\u00e1nka spolo\u010dnosti Jenkinson Logistics<\/a><\/p>\n<p><strong>Recenzia Sk\u00f3re: <\/strong>4.7<br \/> <strong>Po\u010det recenzi\u00ed:<\/strong> 3<br \/><a href=\"https:\/\/www.google.co.uk\/maps?cid=12084942811266835220&#038;hl=en&#038;gl=GB\" target=\"_new\" rel=\"noopener\">Pre\u010d\u00edtajte si recenzie<\/a><\/p>\n<h2><span class=\"ez-toc-section\" id=\"Ceva_Freight_UK_Ltd\"><\/span>Ceva Freight UK Ltd<span class=\"ez-toc-section-end\"><\/span><\/h2>\n<p><img decoding=\"async\" src=\"https:\/\/moverdb.com\/wp-content\/uploads\/AF1QipOBSOs0Jww_x_1PW-BMbEhacNbQHQHKcet2c-qbw408-h306-k-no.jpg\" alt='Ceva Freight UK Ltd' class=\"aligncenter\"><\/p>\n<p><strong>Popis z podniku: <\/strong>CEVA Logistics poskytuje a prev\u00e1dzkuje rie\u0161enia v oblasti dopravy a dod\u00e1vate\u013esk\u00e9ho re\u0165azca.<\/p>\n<p> Pon\u00faka \u0161irok\u00fa \u0161k\u00e1lu slu\u017eieb v oblasti zmluvnej logistiky a riadenia n\u00e1kladnej dopravy v\u010faka 78 000 zamestnancom, ktor\u00ed prev\u00e1dzkuj\u00fa viac ako 1 000 zariaden\u00ed vo viac ako 160 krajin\u00e1ch.<\/p>\n<p> Medzi z\u00e1kazn\u00edkov patria spolo\u010dnosti z oblasti leteck\u00e9ho a automobilov\u00e9ho priemyslu, spotrebn\u00e9ho tovaru, farmaceutick\u00e9ho priemyslu, elektronick\u00e9ho obchodu, zdravotn\u00edctva, n\u00e1kladnej dopravy, technol\u00f3gi\u00ed a priemyslu.<\/p>\n<p> CEVA Logistics je s\u00fa\u010das\u0165ou skupiny CMA CGM,<\/p>\n<p><strong>\u010eal\u0161ie slu\u017eby:<\/strong><\/p>\n<p>\u017diadne uveden\u00e9 v zozname<\/p>\n<p><strong>Adresa:<\/strong> 1 W Bank Rd, Belfast BT3 9JL<\/p>\n<p><a href=\"http:\/\/www.cevalogistics.com\/\" target=\"_new\" rel=\"noopener\">Webov\u00e1 str\u00e1nka spolo\u010dnosti Ceva Freight UK Ltd<\/a><\/p>\n<p><strong>Recenzia Sk\u00f3re: <\/strong>5<br \/> <strong>Po\u010det recenzi\u00ed:<\/strong> 1<br \/><a href=\"https:\/\/www.google.co.uk\/maps?cid=4191008941252728169&#038;hl=en&#038;gl=GB\" target=\"_new\" rel=\"noopener\">Pre\u010d\u00edtajte si recenzie<\/a><\/p>\n<h2><span class=\"ez-toc-section\" id=\"How_we_picked_the_best_Belfast_Freight_Forwarding_Companies\"><\/span>Ako sme vybrali najlep\u0161ie \u0161pedi\u010dn\u00e9 spolo\u010dnosti v Belfaste<span class=\"ez-toc-section-end\"><\/span><\/h2>\n<p>Vych\u00e1dzali sme zo s\u00faboru \u00fadajov 21 \u0161pedi\u010dn\u00fdch spolo\u010dnost\u00ed z Belfastu, ktor\u00e9 sme na\u0161li na Map\u00e1ch Google, a z\u00fa\u017eili sme ho na 11 najlep\u0161\u00edch.<\/p>\n<p>Na tento \u00fa\u010del sme odstr\u00e1nili v\u0161etky spolo\u010dnosti, ktor\u00e9:<\/p>\n<ul>\n<li> Nemal \u017eiadnu webov\u00fa str\u00e1nku<\/li>\n<li> Nemal \u017eiadne recenzie<\/li>\n<li> Priemern\u00e9 hodnotenie pod 2,0<\/li>\n<\/ul>\n<p>Ak sme v tomto okamihu mali 17 alebo menej odosielate\u013eov, uviedli sme ich v\u0161etk\u00fdch.<\/p>\n<p>V mest\u00e1ch, kde n\u00e1m zostalo viac ako 17 odosielate\u013eov, sme vykonali \u010fal\u0161ie rev\u00edzie bu\u010f zv\u00fd\u0161en\u00edm po\u017eadovan\u00e9ho sk\u00f3re hodnotenia (napr. z minim\u00e1lne 2,0 na 4,0) a\/alebo zv\u00fd\u0161en\u00edm minim\u00e1lneho po\u010dtu po\u017eadovan\u00fdch hodnoten\u00ed (napr. z minim\u00e1lne 1 hodnotenia na minim\u00e1lne 10).<\/p>\n<p>V\u0161imnite si, \u017ee sme pou\u017eili iba \u00fadaje z preh\u013eadu Mapy Google a nie z in\u00fdch webov\u00fdch str\u00e1nok tret\u00edch str\u00e1n.<\/p>\n<p>Viac miest:<\/p>\n<p><a href=\"https:\/\/moverdb.com\/sk\/zasielatelstvo\/freight-forwarding-uk\/hayes-freight-forwarder\/\">Zasielate\u013estvo Hayes<\/a><br \/><a href=\"https:\/\/moverdb.com\/sk\/zasielatelstvo\/freight-forwarding-uk\/bradford-freight-forwarder\/\">Zasielate\u013estvo Bradford<\/a><br \/><a href=\"https:\/\/moverdb.com\/sk\/zasielatelstvo\/freight-forwarding-uk\/derby-freight-forwarder\/\">Zasielate\u013estvo Derby<\/a><br \/><a href=\"https:\/\/moverdb.com\/sk\/zasielatelstvo\/freight-forwarding-uk\/southall-freight-forwarder\/\">Zasielate\u013estvo Southall<\/a><br \/><a href=\"https:\/\/moverdb.com\/sk\/zasielatelstvo\/freight-forwarding-uk\/coventry-freight-forwarder\/\">Coventry zasielate\u013estvo<\/a><\/p>","protected":false},"excerpt":{"rendered":"<p>Below we look at the 11 &#8220;best&#8221; Freight Forwarding companies in Belfast out of 21. To learn more about how we chose the best please consult our FAQ section at the end. Please not the following listings are in no particular order and we are not making any recommendations for any particular company. TCB Group [&hellip;]<\/p>\n","protected":false},"author":1,"featured_media":0,"parent":13427,"menu_order":0,"comment_status":"open","ping_status":"open","template":"","meta":{"_genesis_hide_title":false,"_genesis_hide_breadcrumbs":false,"_genesis_hide_singular_image":false,"_genesis_hide_footer_widgets":false,"_genesis_custom_body_class":"","_genesis_custom_post_class":"","_genesis_layout":"","footnotes":""},"class_list":{"0":"post-13701","1":"page","2":"type-page","3":"status-publish","5":"entry"},"_links":{"self":[{"href":"https:\/\/moverdb.com\/sk\/wp-json\/wp\/v2\/pages\/13701","targetHints":{"allow":["GET"]}}],"collection":[{"href":"https:\/\/moverdb.com\/sk\/wp-json\/wp\/v2\/pages"}],"about":[{"href":"https:\/\/moverdb.com\/sk\/wp-json\/wp\/v2\/types\/page"}],"author":[{"embeddable":true,"href":"https:\/\/moverdb.com\/sk\/wp-json\/wp\/v2\/users\/1"}],"replies":[{"embeddable":true,"href":"https:\/\/moverdb.com\/sk\/wp-json\/wp\/v2\/comments?post=13701"}],"version-history":[{"count":1,"href":"https:\/\/moverdb.com\/sk\/wp-json\/wp\/v2\/pages\/13701\/revisions"}],"predecessor-version":[{"id":15680,"href":"https:\/\/moverdb.com\/sk\/wp-json\/wp\/v2\/pages\/13701\/revisions\/15680"}],"up":[{"embeddable":true,"href":"https:\/\/moverdb.com\/sk\/wp-json\/wp\/v2\/pages\/13427"}],"wp:attachment":[{"href":"https:\/\/moverdb.com\/sk\/wp-json\/wp\/v2\/media?parent=13701"}],"curies":[{"name":"wp","href":"https:\/\/api.w.org\/{rel}","templated":true}]}}