{"id":11807,"date":"2023-09-11T13:19:11","date_gmt":"2023-09-11T13:19:11","guid":{"rendered":"https:\/\/moverdb.com\/?page_id=11807"},"modified":"2026-01-08T14:46:00","modified_gmt":"2026-01-08T14:46:00","slug":"money-transfer-template","status":"publish","type":"page","link":"https:\/\/moverdb.com\/sk\/international-money-transfer-services\/money-transfer-template\/","title":{"rendered":"{{mpg_company_1}} vs {{mpg_company_2}}: Porovnanie poplatkov a recenzi\u00ed"},"content":{"rendered":"<p>Obidve spolo\u010dnosti {{mpg_company_1}} a {{mpg_company_2}} s\u00fa popul\u00e1rne <a href=\"https:\/\/moverdb.com\/sk\/international-money-transfer-services\/\" data-internallinksmanager029f6b8e52c=\"239\" title=\"11 najlep\u0161\u00edch slu\u017eieb medzin\u00e1rodn\u00e9ho prevodu pe\u0148az\u00ed v roku 2026\">slu\u017eby medzin\u00e1rodn\u00e9ho prevodu pe\u0148az\u00ed<\/a>. Ale ktor\u00fd z nich je lep\u0161\u00ed?<\/p>\n\n\n\n<p>Ni\u017e\u0161ie ich porovn\u00e1vame na z\u00e1klade ich poplatkov a recenzi\u00ed.<\/p>\n\n\n\n<div id=\"ez-toc-container\" class=\"ez-toc-v2_0_82_2 ez-toc-wrap-left counter-hierarchy ez-toc-counter ez-toc-transparent ez-toc-container-direction\">\n<div class=\"ez-toc-title-container\">\n<p class=\"ez-toc-title\" style=\"cursor:inherit\">Sekcie<\/p>\n<span class=\"ez-toc-title-toggle\"><a href=\"#\" class=\"ez-toc-pull-right ez-toc-btn ez-toc-btn-xs ez-toc-btn-default ez-toc-toggle\" aria-label=\"Prep\u00ednanie tabu\u013eky obsahu\"><span class=\"ez-toc-js-icon-con\"><span class=\"\"><span class=\"eztoc-hide\" style=\"display:none;\">Prep\u00edna\u010d<\/span><span class=\"ez-toc-icon-toggle-span\"><svg style=\"fill: #999;color:#999\" xmlns=\"http:\/\/www.w3.org\/2000\/svg\" class=\"list-377408\" width=\"20px\" height=\"20px\" viewbox=\"0 0 24 24\" fill=\"none\"><path d=\"M6 6H4v2h2V6zm14 0H8v2h12V6zM4 11h2v2H4v-2zm16 0H8v2h12v-2zM4 16h2v2H4v-2zm16 0H8v2h12v-2z\" fill=\"currentColor\"><\/path><\/svg><svg style=\"fill: #999;color:#999\" class=\"arrow-unsorted-368013\" xmlns=\"http:\/\/www.w3.org\/2000\/svg\" width=\"10px\" height=\"10px\" viewbox=\"0 0 24 24\" version=\"1.2\" baseprofile=\"tiny\"><path d=\"M18.2 9.3l-6.2-6.3-6.2 6.3c-.2.2-.3.4-.3.7s.1.5.3.7c.2.2.4.3.7.3h11c.3 0 .5-.1.7-.3.2-.2.3-.5.3-.7s-.1-.5-.3-.7zM5.8 14.7l6.2 6.3 6.2-6.3c.2-.2.3-.5.3-.7s-.1-.5-.3-.7c-.2-.2-.4-.3-.7-.3h-11c-.3 0-.5.1-.7.3-.2.2-.3.5-.3.7s.1.5.3.7z\"\/><\/svg><\/span><\/span><\/span><\/a><\/span><\/div>\n<nav><ul class='ez-toc-list ez-toc-list-level-1 eztoc-toggle-hide-by-default' ><li class='ez-toc-page-1 ez-toc-heading-level-2'><a class=\"ez-toc-link ez-toc-heading-1\" href=\"https:\/\/moverdb.com\/sk\/international-money-transfer-services\/money-transfer-template\/#Fees\" >Poplatky<\/a><\/li><li class='ez-toc-page-1 ez-toc-heading-level-2'><a class=\"ez-toc-link ez-toc-heading-2\" href=\"https:\/\/moverdb.com\/sk\/international-money-transfer-services\/money-transfer-template\/#Reviews\" >Recenzie<\/a><\/li><li class='ez-toc-page-1 ez-toc-heading-level-2'><a class=\"ez-toc-link ez-toc-heading-3\" href=\"https:\/\/moverdb.com\/sk\/international-money-transfer-services\/money-transfer-template\/#Features\" >Funkcie<\/a><\/li><li class='ez-toc-page-1 ez-toc-heading-level-2'><a class=\"ez-toc-link ez-toc-heading-4\" href=\"https:\/\/moverdb.com\/sk\/international-money-transfer-services\/money-transfer-template\/#Company_Comparison\" >Porovnanie spolo\u010dnost\u00ed<\/a><\/li><li class='ez-toc-page-1 ez-toc-heading-level-2'><a class=\"ez-toc-link ez-toc-heading-5\" href=\"https:\/\/moverdb.com\/sk\/international-money-transfer-services\/money-transfer-template\/#mpg_company_1_Pros_Cons\" >{{mpg_company_1}} Klady a z\u00e1pory<\/a><ul class='ez-toc-list-level-3' ><li class='ez-toc-heading-level-3'><a class=\"ez-toc-link ez-toc-heading-6\" href=\"https:\/\/moverdb.com\/sk\/international-money-transfer-services\/money-transfer-template\/#mpg_company_1_Pros\" >{{mpg_company_1}} Klady<\/a><\/li><li class='ez-toc-page-1 ez-toc-heading-level-3'><a class=\"ez-toc-link ez-toc-heading-7\" href=\"https:\/\/moverdb.com\/sk\/international-money-transfer-services\/money-transfer-template\/#mpg_company_1_Cons\" >{{mpg_company_1}} Z\u00e1pory<\/a><\/li><\/ul><\/li><li class='ez-toc-page-1 ez-toc-heading-level-2'><a class=\"ez-toc-link ez-toc-heading-8\" href=\"https:\/\/moverdb.com\/sk\/international-money-transfer-services\/money-transfer-template\/#mpg_company_2_Pros_Cons\" >{{mpg_company_2}} Klady a z\u00e1pory<\/a><ul class='ez-toc-list-level-3' ><li class='ez-toc-heading-level-3'><a class=\"ez-toc-link ez-toc-heading-9\" href=\"https:\/\/moverdb.com\/sk\/international-money-transfer-services\/money-transfer-template\/#mpg_company_2_Pros\" >{{mpg_company_2}} Klady<\/a><\/li><li class='ez-toc-page-1 ez-toc-heading-level-3'><a class=\"ez-toc-link ez-toc-heading-10\" href=\"https:\/\/moverdb.com\/sk\/international-money-transfer-services\/money-transfer-template\/#mpg_company_2_Cons\" >{{mpg_company_2}} Z\u00e1pory<\/a><\/li><\/ul><\/li><\/ul><\/nav><\/div>\n<h2 class=\"wp-block-heading\"><span class=\"ez-toc-section\" id=\"Fees\"><\/span>Poplatky<span class=\"ez-toc-section-end\"><\/span><\/h2>\n\n\n\n<figure class=\"wp-block-table\"><table><tbody><tr><td><\/td><td><strong><a href=\"\/sk\/{{mpg_url_1}}\/\" rel=\"nofollow\">{{mpg_company_1}}<\/a><\/strong><\/td><td><strong><a href=\"\/sk\/{{mpg_url_2}}\/\" rel=\"nofollow\">{{mpg_company_2}}<\/a><\/strong><\/td><\/tr><tr><td><strong>Domovsk\u00e1 str\u00e1nka<\/strong><\/td><td><a href=\"\/sk\/{{mpg_url_1}}\/\" rel=\"nofollow\"><img decoding=\"async\" src=\"{{mpg_image_url_1}}\"><\/a><\/td><td><a href=\"\/sk\/{{mpg_url_2}}\/\" rel=\"nofollow\"><img decoding=\"async\" src=\"{{mpg_image_url_2}}\"><\/a><\/td><\/tr><tr><td><strong>Poplatok za prevod<\/strong><\/td><td>{{mpg_transfer_fee_1}}<\/td><td>{{mpg_transfer_fee_2}}<\/td><\/tr><tr><td><strong>Priemern\u00e1 kurzov\u00e1 prir\u00e1\u017eka<\/strong><\/td><td>{{mpg_average_exchange_rate_markup_1}}<\/td><td>{{mpg_average_exchange_rate_markup_2}}<\/td><\/tr><tr><td><strong>Minim\u00e1lna suma prevodu<\/strong><\/td><td>{{mpg_minimum_transfer_amount_1}}<\/td><td>{{mpg_minimum_transfer_amount_2}}<\/td><\/tr><tr><td><strong>Maxim\u00e1lna suma prevodu<\/strong><\/td><td>{{mpg_maximum_transfer_amount_1}}<\/td><td>{{mpg_maximum_transfer_amount_2}}<\/td><\/tr><\/tbody><\/table><figcaption class=\"wp-element-caption\"><em>V\u0161etky inform\u00e1cie poch\u00e1dzaj\u00fa z webov\u00fdch str\u00e1nok jednotliv\u00fdch spolo\u010dnost\u00ed, ale odvtedy sa zmenili.<\/em> <\/figcaption><\/figure>\n\n\n<div class=\"cg-box-layout-seven    cg-orange\"  data-bottom-arrow=\"true\"><div class=\"cg-our-top-pick\">Najlep\u0161ie hodnoten\u00e1 slu\u017eba prevodu pe\u0148az\u00ed<\/div><div class=\"cg-layout-row\"><div class=\"cg-layout-img\"><a href=\"https:\/\/www.currenciesdirect.com\/aff\/v1\/moverdb.php\" target=\"_blank\" rel=\"nofollow noopener\" class=\"cg-aff-link\" data-post-title=\"Currencies Direct\" data-aff-link=\"https:\/\/www.currenciesdirect.com\/aff\/v1\/moverdb.php\" data-post-type=\"box\" data-post-id=\"153684\"><img decoding=\"async\" src=\"https:\/\/moverdb.com\/wp-content\/uploads\/currencies-direct-1.png\" class=\"cg-img-1\" alt=\"Meny Direct\"><\/a><\/div><div class=\"cg-layout-content\"><div class=\"cg-text\"><p><span style=\"font-size: 14pt;\"><strong><a href=\"https:\/\/moverdb.com\/sk\/international-money-transfer-services\/currencies-direct-review\/\" data-internallinksmanager029f6b8e52c=\"237\" title=\"Medzin\u00e1rodn\u00fd prevod pe\u0148az\u00ed Currencies Direct Review 2026\">Meny Direct<\/a> <\/strong>s\u00fa najlep\u0161ie hodnotenou slu\u017ebou medzin\u00e1rodn\u00e9ho prevodu pe\u0148az\u00ed v na\u0161om zozname.<\/span><\/p><ul><li><span style=\"font-size: 14pt;\"><strong>4,9 z 5 <\/strong>na Trustpilot na z\u00e1klade viac ako 8 000 recenzi\u00ed &nbsp;<\/span><\/li><li><span style=\"font-size: 14pt;\"><strong>\u017diadne poplatky za prevod<\/strong><\/span><\/li><li><span style=\"font-size: 14pt;\">Sadzby, ktor\u00e9 prekon\u00e1vaj\u00fa bankov\u00e9 sadzby<\/span><\/li><li><span style=\"font-size: 14pt;\">Ocenen\u00e9 slu\u017eby<\/span><\/li><li><span style=\"font-size: 14pt;\"><strong>Exkluz\u00edvna ponuka dar\u010dekov\u00fdch kariet Amazon<\/strong> pre pou\u017e\u00edvate\u013eov MoverDB.com&nbsp;<\/span><\/li><\/ul><\/div><div class=\"cg-lc-button\"><span class='cta-copy'><a href=\"https:\/\/www.currenciesdirect.com\/aff\/v1\/moverdb.php\" class=\"cg-one-button cg-btn cg-red  cg-aff-link cg-btn-lg\" data-post-id=\"153684\" data-post-type=\"box\" data-aff-link=\"https:\/\/www.currenciesdirect.com\/aff\/v1\/moverdb.php\" data-style=\"default\" data-post-title=\"Currencies Direct\" data-extra=\"arrow\" style=\"\" target=\"\" rel=\"nofollow noopener\">Z\u00edskajte bezplatn\u00fa ponuku teraz!<\/a><\/span><\/span><\/div><\/div><div class=\"cg-bottom-arrow\"><\/div><\/div><\/div>\n\n\n\n\n\n<p><\/p>\n\n\n\n<h2 class=\"wp-block-heading\"><span class=\"ez-toc-section\" id=\"Reviews\"><\/span>Recenzie<span class=\"ez-toc-section-end\"><\/span><\/h2>\n\n\n\n<figure class=\"wp-block-table\"><table><tbody><tr><td><\/td><td><strong><a href=\"\/sk\/{{mpg_url_1}}\/\" rel=\"nofollow\">{{mpg_company_1}}<\/a><\/strong><\/td><td><strong><a href=\"\/sk\/{{mpg_url_2}}\/\" rel=\"nofollow\">{{mpg_company_2}}<\/a><\/strong><\/td><\/tr><tr><td><strong>Hodnotenie Trustpilot<\/strong><\/td><td><a href=\"\/sk\/{{mpg_truspilot_url_1}}\/\" target=\"_new\" rel=\"noopener\">{{mpg_trustpilot_rating_1}}<\/a><\/td><td><a href=\"\/sk\/{{mpg_truspilot_url_2}}\/\" target=\"_new\" rel=\"noopener\">{{mpg_trustpilot_rating_2}}<\/a><\/td><\/tr><tr><td><strong>Po\u010det recenzi\u00ed Trustpilot<\/strong><\/td><td>{{mpg_trustpilot_number_of_reviews_1}}<\/td><td>{{mpg_trustpilot_number_of_reviews_2}}<\/td><\/tr><tr><td><strong>Hodnotenie aplik\u00e1cie iOS<\/strong><\/td><td><a href=\"\/sk\/{{mpg_ios_app_url_1}}\/\" target=\"_new\" rel=\"noopener\">{{mpg_ios_app_rating_1}}<\/a><\/td><td><a href=\"\/sk\/{{mpg_ios_app_url_2}}\/\" target=\"_new\" rel=\"noopener\">{{mpg_ios_app_rating_2}}<\/a><\/td><\/tr><tr><td><strong>Po\u010det recenzi\u00ed aplik\u00e1ci\u00ed iOS<\/strong><\/td><td>{{mpg_ios_app_number_of_reviews_1}}<\/td><td>{{mpg_ios_app_number_of_reviews_2}}<\/td><\/tr><tr><td><strong>Hodnotenie aplik\u00e1ci\u00ed pre Android<\/strong><\/td><td><a href=\"\/sk\/{{mpg_android_app_url_1}}\/\" target=\"_new\" rel=\"noopener\">{{mpg_android_app_rating_1}}<\/a><\/td><td><a href=\"\/sk\/{{mpg_android_app_url_2}}\/\" target=\"_new\" rel=\"noopener\">{{mpg_android_app_rating_2}}<\/a><\/td><\/tr><tr><td>Po\u010det recenzi\u00ed aplik\u00e1ci\u00ed pre Android<\/td><td>{{mpg_android_app_number_of_reviews_1}}<\/td><td>{{mpg_android_app_number_of_reviews_2}}<\/td><\/tr><\/tbody><\/table><figcaption class=\"wp-element-caption\"><em>\u00dadaje prevzat\u00e9 z pr\u00edslu\u0161n\u00fdch webov\u00fdch str\u00e1nok v \u010dase uverejnenia. <\/em><\/figcaption><\/figure>\n\n\n\n<p><\/p>\n\n\n\n<h2 class=\"wp-block-heading\"><span class=\"ez-toc-section\" id=\"Features\"><\/span>Funkcie<span class=\"ez-toc-section-end\"><\/span><\/h2>\n\n\n\n<figure class=\"wp-block-table\"><table><tbody><tr><td><\/td><td><strong><a href=\"\/sk\/{{mpg_url_1}}\/\" rel=\"nofollow\">{{mpg_company_1}}<\/a><\/strong><\/td><td><strong><a href=\"\/sk\/{{mpg_url_2}}\/\" rel=\"nofollow\">{{mpg_company_2}}<\/a><\/strong><\/td><\/tr><tr><td><strong>Prenosy aplik\u00e1ci\u00ed<\/strong><\/td><td>{{mpg_app_transfers_1}}<\/td><td>{{mpg_app_transfers_2}}<\/td><\/tr><tr><td><strong>Online prevody<\/strong><\/td><td>{{mpg_online_transfers_1}}<\/td><td>{{mpg_online_transfers_2}}<\/td><\/tr><tr><td><strong>Prenosy telef\u00f3nu<\/strong><\/td><td>{{mpg_phone_transfers_1}}<\/td><td>{{mpg_phone_transfers_2}}<\/td><\/tr><tr><td><strong>Osobn\u00e9 prenosy<\/strong><\/td><td>{{mpg_in-person_transfers_1}}<\/td><td>{{mpg_in-person_transfers_2}}<\/td><\/tr><tr><td><strong>Dostupn\u00e9 krajiny<\/strong><\/td><td>{{mpg_available_countries_1}}<\/td><td>{{mpg_available_countries_2}}<\/td><\/tr><tr><td><strong>Po\u010det mien<\/strong><\/td><td>{{mpg_number_of_currencies_1}}<\/td><td>{{mpg_number_of_currencies_2}}<\/td><\/tr><tr><td><strong>Sp\u00f4soby platby<\/strong><\/td><td>{{mpg_payment_methods_1}}<\/td><td>{{mpg_payment_methods_2}}<\/td><\/tr><tr><td><strong>Met\u00f3dy prij\u00edmania<\/strong><\/td><td>{{mpg_receiving_methods_1}}<\/td><td>{{mpg_receiving_methods_2}}<\/td><\/tr><tr><td><strong>Mo\u017enos\u0165 vyzdvihnutia hotovosti<\/strong><\/td><td>{{mpg_cash_pickup_option_1}}<\/td><td>{{mpg_cash_pickup_option_2}}<\/td><\/tr><tr><td><strong>Flexibilita platieb<\/strong><\/td><td>{{mpg_payments_flexibility_1}}<\/td><td>{{mpg_payments_flexibility_2}}<\/td><\/tr><tr><td><strong>Podporovan\u00e9 jazyky<\/strong><\/td><td>{{mpg_supported_languages_1}}<\/td><td>{{mpg_supported_languages_2}}<\/td><\/tr><tr><td><strong>R\u00fdchlos\u0165 prenosu<\/strong><\/td><td>{{mpg_transfer_speed_1}}<\/td><td>{{mpg_transfer_speed_2}}<\/td><\/tr><tr><td><strong>\u0160pecializovan\u00fd predajca<\/strong><\/td><td>{{mpg_dedicated_dealer_1}}<\/td><td>{{mpg_dedicated_dealer_2}}<\/td><\/tr><tr><td><strong>Okam\u017eit\u00e1 vlastn\u00e1 ponuka<\/strong><\/td><td>{{mpg_instant_custom_quote_1}}<\/td><td>{{mpg_instant_custom_quote_2}}<\/td><\/tr><tr><td><strong>Obchodn\u00e9 funkcie<\/strong><\/td><td>{{mpg_business_features_1}}<\/td><td>{{mpg_business_features_2}}<\/td><\/tr><tr><td><strong>Debetn\u00e1 karta<\/strong><\/td><td>{{mpg_debit_card_1}}<\/td><td>{{mpg_debit_card_2}}<\/td><\/tr><tr><td><strong>Z\u00e1sady zru\u0161enia<\/strong><\/td><td>{{mpg_cancellation_policy_1}}<\/td><td>{{mpg_cancellation_policy_2}}<\/td><\/tr><tr><td><strong>Vhodnos\u0165<\/strong><\/td><td>{{mpg_suitability_1}}<\/td><td>{{mpg_suitability_2}}<\/td><\/tr><\/tbody><\/table><\/figure>\n\n\n<div class=\"cg-box-layout-seven    cg-orange\"  data-bottom-arrow=\"true\"><div class=\"cg-our-top-pick\">Najlep\u0161ie hodnoten\u00e1 slu\u017eba prevodu pe\u0148az\u00ed<\/div><div class=\"cg-layout-row\"><div class=\"cg-layout-img\"><a href=\"https:\/\/www.currenciesdirect.com\/aff\/v1\/moverdb.php\" target=\"_blank\" rel=\"nofollow noopener\" class=\"cg-aff-link\" data-post-title=\"Currencies Direct\" data-aff-link=\"https:\/\/www.currenciesdirect.com\/aff\/v1\/moverdb.php\" data-post-type=\"box\" data-post-id=\"153684\"><img decoding=\"async\" src=\"https:\/\/moverdb.com\/wp-content\/uploads\/currencies-direct-1.png\" class=\"cg-img-1\" alt=\"Meny Direct\"><\/a><\/div><div class=\"cg-layout-content\"><div class=\"cg-text\"><p><span style=\"font-size: 14pt;\"><strong>Meny Direct <\/strong>s\u00fa najlep\u0161ie hodnotenou slu\u017ebou medzin\u00e1rodn\u00e9ho prevodu pe\u0148az\u00ed v na\u0161om zozname.<\/span><\/p><ul><li><span style=\"font-size: 14pt;\"><strong>4,9 z 5 <\/strong>na Trustpilot na z\u00e1klade viac ako 8 000 recenzi\u00ed &nbsp;<\/span><\/li><li><span style=\"font-size: 14pt;\"><strong>\u017diadne poplatky za prevod<\/strong><\/span><\/li><li><span style=\"font-size: 14pt;\">Sadzby, ktor\u00e9 prekon\u00e1vaj\u00fa bankov\u00e9 sadzby<\/span><\/li><li><span style=\"font-size: 14pt;\">Ocenen\u00e9 slu\u017eby<\/span><\/li><li><span style=\"font-size: 14pt;\"><strong>Exkluz\u00edvna ponuka dar\u010dekov\u00fdch kariet Amazon<\/strong> pre pou\u017e\u00edvate\u013eov MoverDB.com&nbsp;<\/span><\/li><\/ul><\/div><div class=\"cg-lc-button\"><span class='cta-copy'><a href=\"https:\/\/www.currenciesdirect.com\/aff\/v1\/moverdb.php\" class=\"cg-one-button cg-btn cg-red  cg-aff-link cg-btn-lg\" data-post-id=\"153684\" data-post-type=\"box\" data-aff-link=\"https:\/\/www.currenciesdirect.com\/aff\/v1\/moverdb.php\" data-style=\"default\" data-post-title=\"Currencies Direct\" data-extra=\"arrow\" style=\"\" target=\"\" rel=\"nofollow noopener\">Z\u00edskajte bezplatn\u00fa ponuku teraz!<\/a><\/span><\/span><\/div><\/div><div class=\"cg-bottom-arrow\"><\/div><\/div><\/div>\n\n\n\n\n\n<h2 class=\"wp-block-heading\"><span class=\"ez-toc-section\" id=\"Company_Comparison\"><\/span>Porovnanie spolo\u010dnost\u00ed<span class=\"ez-toc-section-end\"><\/span><\/h2>\n\n\n\n<figure class=\"wp-block-table\"><table><tbody><tr><td><\/td><td><strong><a href=\"\/sk\/{{mpg_url_1}}\/\" rel=\"nofollow\">{{mpg_company_1}}<\/a><\/strong><\/td><td><strong><a href=\"https:\/\/moverdb.com\/wp-admin\/%7B%7Bmpg_url_2%7D%7D\">{{mpg_company_2}}<\/a><\/strong><\/td><\/tr><tr><td><strong>Rok zalo\u017eenia<\/strong><\/td><td>{{mpg_yead_founded_1}}<\/td><td>{{mpg_yead_founded_2}}<\/td><\/tr><tr><td><strong>\u00dastredie<\/strong><\/td><td>{{mpg_headquarters_1}}<\/td><td>{{mpg_headquarters_2}}<\/td><\/tr><tr><td><strong>In\u00e9 kancel\u00e1rske lokality<\/strong><\/td><td>{{mpg_other_office_locations_1}}<\/td><td>{{mpg_other_office_locations_2}}<\/td><\/tr><tr><td><strong>Ro\u010dn\u00fd objem obchodovania<\/strong><\/td><td>{{mpg_annual_trading_volume_1}}<\/td><td>{{mpg_annual_trading_volume_2}}<\/td><\/tr><tr><td><strong>Po\u010det zamestnancov<\/strong><\/td><td>{{mpg_number_of_employees_1}}<\/td><td>{{mpg_number_of_employees_2}}<\/td><\/tr><tr><td><strong>Po\u010det klientov<\/strong><\/td><td>{{mpg_number_of_clients_1}}<\/td><td>{{mpg_number_of_clients_2}}<\/td><\/tr><tr><td><strong>Regula\u010dn\u00e9 in\u0161tit\u00facie<\/strong><\/td><td>{{mpg_regulatory_institution_1}}<\/td><td>{{mpg_regulatory_institution_2}}<\/td><\/tr><tr><td><strong>Ocenenia<\/strong><\/td><td>{{mpg_awards_1}}<\/td><td>{{mpg_awards_2}}<\/td><\/tr><\/tbody><\/table><figcaption class=\"wp-element-caption\"><em>\u00dadaje prevzat\u00e9 z webov\u00fdch str\u00e1nok spolo\u010dnosti a in\u00fdch webov\u00fdch str\u00e1nok tret\u00edch str\u00e1n. V \u010dase uverejnenia sa pova\u017eovali za presn\u00e9, ale odvtedy sa mohli zmeni\u0165.<\/em><\/figcaption><\/figure>\n\n\n\n<h2 class=\"wp-block-heading\"><span class=\"ez-toc-section\" id=\"mpg_company_1_Pros_Cons\"><\/span>{{mpg_company_1}} Klady a z\u00e1pory<span class=\"ez-toc-section-end\"><\/span><\/h2>\n\n\n\n<p><a href=\"\/sk\/{{mpg_url_1}}\/\" rel=\"nofollow\"><img decoding=\"async\" src=\"{{mpg_image_url_1}}\"><\/a><\/p>\n\n\n\n<h3 class=\"wp-block-heading\" style=\"color: green\"><span class=\"ez-toc-section\" id=\"mpg_company_1_Pros\"><\/span>{{mpg_company_1}} Klady<span class=\"ez-toc-section-end\"><\/span><\/h3>\n\n\n\n<p>{{mpg_pros_1}}<\/p>\n\n\n\n<h3 class=\"wp-block-heading\" style=\"color: red\"><span class=\"ez-toc-section\" id=\"mpg_company_1_Cons\"><\/span>{{mpg_company_1}} Z\u00e1pory<span class=\"ez-toc-section-end\"><\/span><\/h3>\n\n\n\n<p>{{mpg_cons_1}}<\/p>\n\n\n\n<h2 class=\"wp-block-heading\"><span class=\"ez-toc-section\" id=\"mpg_company_2_Pros_Cons\"><\/span>{{mpg_company_2}} Klady a z\u00e1pory<span class=\"ez-toc-section-end\"><\/span><\/h2>\n\n\n\n<p><a href=\"\/sk\/{{mpg_url_2}}\/\" rel=\"nofollow\"><img decoding=\"async\" src=\"{{mpg_image_url_2}}\"><\/a><\/p>\n\n\n\n<h3 class=\"wp-block-heading\" style=\"color: green\"><span class=\"ez-toc-section\" id=\"mpg_company_2_Pros\"><\/span>{{mpg_company_2}} Klady<span class=\"ez-toc-section-end\"><\/span><\/h3>\n\n\n\n<p>{{mpg_pros_2}}<\/p>\n\n\n\n<h3 class=\"wp-block-heading\" style=\"color: red\"><span class=\"ez-toc-section\" id=\"mpg_company_2_Cons\"><\/span>{{mpg_company_2}} Z\u00e1pory<span class=\"ez-toc-section-end\"><\/span><\/h3>\n\n\n\n<p>{{mpg_cons_2}}<\/p>\n\n\n<div class=\"cg-box-layout-seven    cg-orange\"  data-bottom-arrow=\"true\"><div class=\"cg-our-top-pick\">Najlep\u0161ie hodnoten\u00e1 slu\u017eba prevodu pe\u0148az\u00ed<\/div><div class=\"cg-layout-row\"><div class=\"cg-layout-img\"><a href=\"https:\/\/www.currenciesdirect.com\/aff\/v1\/moverdb.php\" target=\"_blank\" rel=\"nofollow noopener\" class=\"cg-aff-link\" data-post-title=\"Currencies Direct\" data-aff-link=\"https:\/\/www.currenciesdirect.com\/aff\/v1\/moverdb.php\" data-post-type=\"box\" data-post-id=\"153684\"><img decoding=\"async\" src=\"https:\/\/moverdb.com\/wp-content\/uploads\/currencies-direct-1.png\" class=\"cg-img-1\" alt=\"Meny Direct\"><\/a><\/div><div class=\"cg-layout-content\"><div class=\"cg-text\"><p><span style=\"font-size: 14pt;\"><strong>Meny Direct <\/strong>s\u00fa najlep\u0161ie hodnotenou slu\u017ebou medzin\u00e1rodn\u00e9ho prevodu pe\u0148az\u00ed v na\u0161om zozname.<\/span><\/p><ul><li><span style=\"font-size: 14pt;\"><strong>4,9 z 5 <\/strong>na Trustpilot na z\u00e1klade viac ako 8 000 recenzi\u00ed &nbsp;<\/span><\/li><li><span style=\"font-size: 14pt;\"><strong>\u017diadne poplatky za prevod<\/strong><\/span><\/li><li><span style=\"font-size: 14pt;\">Sadzby, ktor\u00e9 prekon\u00e1vaj\u00fa bankov\u00e9 sadzby<\/span><\/li><li><span style=\"font-size: 14pt;\">Ocenen\u00e9 slu\u017eby<\/span><\/li><li><span style=\"font-size: 14pt;\"><strong>Exkluz\u00edvna ponuka dar\u010dekov\u00fdch kariet Amazon<\/strong> pre pou\u017e\u00edvate\u013eov MoverDB.com&nbsp;<\/span><\/li><\/ul><\/div><div class=\"cg-lc-button\"><span class='cta-copy'><a href=\"https:\/\/www.currenciesdirect.com\/aff\/v1\/moverdb.php\" class=\"cg-one-button cg-btn cg-red  cg-aff-link cg-btn-lg\" data-post-id=\"153684\" data-post-type=\"box\" data-aff-link=\"https:\/\/www.currenciesdirect.com\/aff\/v1\/moverdb.php\" data-style=\"default\" data-post-title=\"Currencies Direct\" data-extra=\"arrow\" style=\"\" target=\"\" rel=\"nofollow noopener\">Z\u00edskajte bezplatn\u00fa ponuku teraz!<\/a><\/span><\/span><\/div><\/div><div class=\"cg-bottom-arrow\"><\/div><\/div><\/div>\n\n\n\n\n<\/p>\n<p>Zobrazi\u0165 \u010fal\u0161ie porovnania:<\/p>\n<p>{{mpg_link}}<\/p>\n\n\n<p><\/p>","protected":false},"excerpt":{"rendered":"<p>Both {{mpg_company_1}} and {{mpg_company_2}} are popular international money transfer services. But which one is better? Below we compare them on their fees and reviews. Fees {{mpg_company_1}} {{mpg_company_2}} Homepage Transfer Fee {{mpg_transfer_fee_1}} {{mpg_transfer_fee_2}} Average Exchange Rate Markup {{mpg_average_exchange_rate_markup_1}} {{mpg_average_exchange_rate_markup_2}} Minimum Transfer Amount {{mpg_minimum_transfer_amount_1}} {{mpg_minimum_transfer_amount_2}} Maximum Transfer Amount {{mpg_maximum_transfer_amount_1}} {{mpg_maximum_transfer_amount_2}} All information taken from each company&#8217;s website, [&hellip;]<\/p>\n","protected":false},"author":1,"featured_media":0,"parent":7319,"menu_order":0,"comment_status":"closed","ping_status":"closed","template":"","meta":{"_genesis_hide_title":false,"_genesis_hide_breadcrumbs":false,"_genesis_hide_singular_image":false,"_genesis_hide_footer_widgets":false,"_genesis_custom_body_class":"","_genesis_custom_post_class":"","_genesis_layout":"","footnotes":""},"class_list":{"0":"post-11807","1":"page","2":"type-page","3":"status-publish","5":"entry"},"_links":{"self":[{"href":"https:\/\/moverdb.com\/sk\/wp-json\/wp\/v2\/pages\/11807","targetHints":{"allow":["GET"]}}],"collection":[{"href":"https:\/\/moverdb.com\/sk\/wp-json\/wp\/v2\/pages"}],"about":[{"href":"https:\/\/moverdb.com\/sk\/wp-json\/wp\/v2\/types\/page"}],"author":[{"embeddable":true,"href":"https:\/\/moverdb.com\/sk\/wp-json\/wp\/v2\/users\/1"}],"replies":[{"embeddable":true,"href":"https:\/\/moverdb.com\/sk\/wp-json\/wp\/v2\/comments?post=11807"}],"version-history":[{"count":27,"href":"https:\/\/moverdb.com\/sk\/wp-json\/wp\/v2\/pages\/11807\/revisions"}],"predecessor-version":[{"id":15503,"href":"https:\/\/moverdb.com\/sk\/wp-json\/wp\/v2\/pages\/11807\/revisions\/15503"}],"up":[{"embeddable":true,"href":"https:\/\/moverdb.com\/sk\/wp-json\/wp\/v2\/pages\/7319"}],"wp:attachment":[{"href":"https:\/\/moverdb.com\/sk\/wp-json\/wp\/v2\/media?parent=11807"}],"curies":[{"name":"wp","href":"https:\/\/api.w.org\/{rel}","templated":true}]}}